{"id":5968,"date":"2022-07-31T10:05:02","date_gmt":"2022-07-31T10:05:02","guid":{"rendered":"https:\/\/mybonnechance.de\/?page_id=5968"},"modified":"2023-01-06T11:36:48","modified_gmt":"2023-01-06T11:36:48","slug":"2022-02-neer","status":"publish","type":"page","link":"https:\/\/mybonnechance.de\/?page_id=5968","title":{"rendered":"2022-02 Neer"},"content":{"rendered":"\n<p><strong>Tag 1,  Sonntag 26.Juni<\/strong>   <strong>Herten,<\/strong> <strong>City Marina \u2013 Neer,  WSW Hanssum<\/strong><br>9,6 km \u2013 1 Schleuse \u2013 2,75 Std. Fahrzeit<br>Nach einem starken Regengu\u00df starten wir zusammen mit der Aquila aus unserem Heimathafen. Der Abschied von unseren Freunden fiel wie imer schwer &#8211; aber nat\u00fcrlich freuen wir uns auch, da\u00df es endlich losgeht. Das uns die erste Woche Marion und J\u00f6rg begleiten erleichtert den Abschied.<\/p>\n\n\n\n<figure class=\"wp-block-gallery has-nested-images columns-default is-cropped wp-block-gallery-1 is-layout-flex wp-block-gallery-is-layout-flex\">\n<figure class=\"wp-block-image size-large\"><img loading=\"lazy\" decoding=\"async\" width=\"750\" height=\"1024\" data-id=\"5199\" src=\"https:\/\/mybonnechance.de\/wp-content\/uploads\/2022\/07\/20220626_140237-1-750x1024.jpg\" alt=\"\" class=\"wp-image-5199\" srcset=\"https:\/\/mybonnechance.de\/wp-content\/uploads\/2022\/07\/20220626_140237-1-750x1024.jpg 750w, https:\/\/mybonnechance.de\/wp-content\/uploads\/2022\/07\/20220626_140237-1-220x300.jpg 220w, https:\/\/mybonnechance.de\/wp-content\/uploads\/2022\/07\/20220626_140237-1-768x1048.jpg 768w, https:\/\/mybonnechance.de\/wp-content\/uploads\/2022\/07\/20220626_140237-1-1125x1536.jpg 1125w, https:\/\/mybonnechance.de\/wp-content\/uploads\/2022\/07\/20220626_140237-1-1500x2048.jpg 1500w, https:\/\/mybonnechance.de\/wp-content\/uploads\/2022\/07\/20220626_140237-1-scaled.jpg 1875w\" sizes=\"auto, (max-width: 706px) 89vw, (max-width: 767px) 82vw, 740px\" \/><figcaption class=\"wp-element-caption\"><strong>Tsch\u00fcss Roermond<\/strong><\/figcaption><\/figure>\n\n\n\n<figure class=\"wp-block-image size-large\"><img loading=\"lazy\" decoding=\"async\" width=\"498\" height=\"1024\" data-id=\"5200\" src=\"https:\/\/mybonnechance.de\/wp-content\/uploads\/2022\/07\/20220626_144151-1-498x1024.jpg\" alt=\"\" class=\"wp-image-5200\" srcset=\"https:\/\/mybonnechance.de\/wp-content\/uploads\/2022\/07\/20220626_144151-1-498x1024.jpg 498w, https:\/\/mybonnechance.de\/wp-content\/uploads\/2022\/07\/20220626_144151-1-146x300.jpg 146w, https:\/\/mybonnechance.de\/wp-content\/uploads\/2022\/07\/20220626_144151-1-768x1580.jpg 768w, https:\/\/mybonnechance.de\/wp-content\/uploads\/2022\/07\/20220626_144151-1-747x1536.jpg 747w, https:\/\/mybonnechance.de\/wp-content\/uploads\/2022\/07\/20220626_144151-1-996x2048.jpg 996w, https:\/\/mybonnechance.de\/wp-content\/uploads\/2022\/07\/20220626_144151-1-scaled.jpg 1244w\" sizes=\"auto, (max-width: 498px) 100vw, 498px\" \/><figcaption class=\"wp-element-caption\"><strong>Schleuse Roermond<\/strong><\/figcaption><\/figure>\n<\/figure>\n\n\n\n<p><br>Wir sind heute nicht so lange unterwegs. Endziel ist <strong>WSW Hanssum in Neer<\/strong>. Wir bekommen einen wundersch\u00f6nen Platz an der Wiese<\/p>\n\n\n\n<figure class=\"wp-block-image size-large is-style-default\"><img loading=\"lazy\" decoding=\"async\" width=\"1024\" height=\"498\" src=\"https:\/\/mybonnechance.de\/wp-content\/uploads\/2022\/07\/20220626_163145-1-1024x498.jpg\" alt=\"\" class=\"wp-image-5201\" srcset=\"https:\/\/mybonnechance.de\/wp-content\/uploads\/2022\/07\/20220626_163145-1-1024x498.jpg 1024w, https:\/\/mybonnechance.de\/wp-content\/uploads\/2022\/07\/20220626_163145-1-300x146.jpg 300w, https:\/\/mybonnechance.de\/wp-content\/uploads\/2022\/07\/20220626_163145-1-768x373.jpg 768w, https:\/\/mybonnechance.de\/wp-content\/uploads\/2022\/07\/20220626_163145-1-1536x747.jpg 1536w, https:\/\/mybonnechance.de\/wp-content\/uploads\/2022\/07\/20220626_163145-1-2048x996.jpg 2048w\" sizes=\"auto, (max-width: 767px) 89vw, (max-width: 1000px) 54vw, (max-width: 1071px) 543px, 580px\" \/><\/figure>\n\n\n\n<p>Zur Feier das Tages wollen wir in <strong>Neer <\/strong>nett essen gehen. Ist uns leider nicht so ganz gegl\u00fcckt. Scheinbar gibt es nur 2 Restaurants. Wir entscheiden uns f\u00fcr den am Marktplatz und man kann nur ausdr\u00fccklich von einer Hamburger Bestellung abraten.<\/p>\n\n\n\n<div class=\"wp-block-group\"><div class=\"wp-block-group__inner-container is-layout-flow wp-block-group-is-layout-flow\">\n<div class=\"wp-block-columns is-layout-flex wp-container-core-columns-is-layout-9d6595d7 wp-block-columns-is-layout-flex\">\n<div class=\"wp-block-column is-layout-flow wp-block-column-is-layout-flow\" style=\"flex-basis:33.33%\">\n<figure class=\"wp-block-gallery has-nested-images columns-default is-cropped wp-block-gallery-2 is-layout-flex wp-block-gallery-is-layout-flex\">\n<figure class=\"wp-block-image size-large\"><img loading=\"lazy\" decoding=\"async\" width=\"498\" height=\"1024\" data-id=\"5212\" src=\"https:\/\/mybonnechance.de\/wp-content\/uploads\/2022\/07\/20220626_194903-1-498x1024.jpg\" alt=\"\" class=\"wp-image-5212\" srcset=\"https:\/\/mybonnechance.de\/wp-content\/uploads\/2022\/07\/20220626_194903-1-498x1024.jpg 498w, https:\/\/mybonnechance.de\/wp-content\/uploads\/2022\/07\/20220626_194903-1-146x300.jpg 146w, https:\/\/mybonnechance.de\/wp-content\/uploads\/2022\/07\/20220626_194903-1-768x1580.jpg 768w, https:\/\/mybonnechance.de\/wp-content\/uploads\/2022\/07\/20220626_194903-1-747x1536.jpg 747w, https:\/\/mybonnechance.de\/wp-content\/uploads\/2022\/07\/20220626_194903-1-996x2048.jpg 996w, https:\/\/mybonnechance.de\/wp-content\/uploads\/2022\/07\/20220626_194903-1-scaled.jpg 1244w\" sizes=\"auto, (max-width: 498px) 100vw, 498px\" \/><\/figure>\n<\/figure>\n<\/div>\n\n\n\n<div class=\"wp-block-column is-layout-flow wp-block-column-is-layout-flow\" style=\"flex-basis:66.66%\">\n<figure class=\"wp-block-image size-large is-style-default\"><img loading=\"lazy\" decoding=\"async\" width=\"1024\" height=\"498\" src=\"https:\/\/mybonnechance.de\/wp-content\/uploads\/2022\/07\/20220626_194841-1-1024x498.jpg\" alt=\"\" class=\"wp-image-5213\" srcset=\"https:\/\/mybonnechance.de\/wp-content\/uploads\/2022\/07\/20220626_194841-1-1024x498.jpg 1024w, https:\/\/mybonnechance.de\/wp-content\/uploads\/2022\/07\/20220626_194841-1-300x146.jpg 300w, https:\/\/mybonnechance.de\/wp-content\/uploads\/2022\/07\/20220626_194841-1-768x373.jpg 768w, https:\/\/mybonnechance.de\/wp-content\/uploads\/2022\/07\/20220626_194841-1-1536x747.jpg 1536w, https:\/\/mybonnechance.de\/wp-content\/uploads\/2022\/07\/20220626_194841-1-2048x996.jpg 2048w\" sizes=\"auto, (max-width: 767px) 89vw, (max-width: 1000px) 54vw, (max-width: 1071px) 543px, 580px\" \/><\/figure>\n<\/div>\n<\/div>\n<\/div><\/div>\n\n\n\n<p><strong>Tag 2,  Montag    27.Juni<\/strong>   <strong>Neer  <\/strong><br>Wir bleiben noch einen Tag bei sonnigem Wetter. Wir beschlie\u00dfen mit dem Fahrrad nach <strong>Kessel <\/strong>zu fahren. Zuerst geht&#8217;s mit der F\u00e4hre nach <strong>Beesel<\/strong>.<\/p>\n\n\n\n<div class=\"wp-block-group\"><div class=\"wp-block-group__inner-container is-layout-flow wp-block-group-is-layout-flow\">\n<div class=\"wp-block-columns is-layout-flex wp-container-core-columns-is-layout-9d6595d7 wp-block-columns-is-layout-flex\">\n<div class=\"wp-block-column is-layout-flow wp-block-column-is-layout-flow\" style=\"flex-basis:33.33%\">\n<figure class=\"wp-block-image size-large is-style-rounded\"><img loading=\"lazy\" decoding=\"async\" width=\"498\" height=\"1024\" src=\"https:\/\/mybonnechance.de\/wp-content\/uploads\/2022\/07\/20220627_104249-1-498x1024.jpg\" alt=\"\" class=\"wp-image-5204\" srcset=\"https:\/\/mybonnechance.de\/wp-content\/uploads\/2022\/07\/20220627_104249-1-498x1024.jpg 498w, https:\/\/mybonnechance.de\/wp-content\/uploads\/2022\/07\/20220627_104249-1-146x300.jpg 146w, https:\/\/mybonnechance.de\/wp-content\/uploads\/2022\/07\/20220627_104249-1-768x1580.jpg 768w, https:\/\/mybonnechance.de\/wp-content\/uploads\/2022\/07\/20220627_104249-1-747x1536.jpg 747w, https:\/\/mybonnechance.de\/wp-content\/uploads\/2022\/07\/20220627_104249-1-996x2048.jpg 996w, https:\/\/mybonnechance.de\/wp-content\/uploads\/2022\/07\/20220627_104249-1-scaled.jpg 1244w\" sizes=\"auto, (max-width: 498px) 100vw, 498px\" \/><\/figure>\n<\/div>\n\n\n\n<div class=\"wp-block-column is-layout-flow wp-block-column-is-layout-flow\" style=\"flex-basis:66.66%\">\n<figure class=\"wp-block-image size-large is-style-default\"><img loading=\"lazy\" decoding=\"async\" width=\"1024\" height=\"576\" src=\"https:\/\/mybonnechance.de\/wp-content\/uploads\/2022\/07\/IMG-20220627-WA0002-1-1024x576.jpg\" alt=\"\" class=\"wp-image-5205\" srcset=\"https:\/\/mybonnechance.de\/wp-content\/uploads\/2022\/07\/IMG-20220627-WA0002-1-1024x576.jpg 1024w, https:\/\/mybonnechance.de\/wp-content\/uploads\/2022\/07\/IMG-20220627-WA0002-1-300x169.jpg 300w, https:\/\/mybonnechance.de\/wp-content\/uploads\/2022\/07\/IMG-20220627-WA0002-1-768x432.jpg 768w, https:\/\/mybonnechance.de\/wp-content\/uploads\/2022\/07\/IMG-20220627-WA0002-1-1536x864.jpg 1536w, https:\/\/mybonnechance.de\/wp-content\/uploads\/2022\/07\/IMG-20220627-WA0002-1.jpg 1600w\" sizes=\"auto, (max-width: 767px) 89vw, (max-width: 1000px) 54vw, (max-width: 1071px) 543px, 580px\" \/><\/figure>\n<\/div>\n<\/div>\n<\/div><\/div>\n\n\n\n<p>Dann weiter bis Kessel. Sind noch ca. 5 km und 20 \u2013 25 min. Fahrzeit.  Im <strong>Kastel Kerverberg <\/strong>kann man auch nett sitzen, war aber leider noch geschlossen.<\/p>\n\n\n\n<div class=\"wp-block-columns is-layout-flex wp-container-core-columns-is-layout-9d6595d7 wp-block-columns-is-layout-flex\">\n<div class=\"wp-block-column is-layout-flow wp-block-column-is-layout-flow\" style=\"flex-basis:25%\">\n<figure class=\"wp-block-image size-large is-style-default\"><img loading=\"lazy\" decoding=\"async\" width=\"498\" height=\"1024\" src=\"https:\/\/mybonnechance.de\/wp-content\/uploads\/2022\/07\/20220628_105927-1-498x1024.jpg\" alt=\"\" class=\"wp-image-5217\" srcset=\"https:\/\/mybonnechance.de\/wp-content\/uploads\/2022\/07\/20220628_105927-1-498x1024.jpg 498w, https:\/\/mybonnechance.de\/wp-content\/uploads\/2022\/07\/20220628_105927-1-146x300.jpg 146w, https:\/\/mybonnechance.de\/wp-content\/uploads\/2022\/07\/20220628_105927-1-768x1580.jpg 768w, https:\/\/mybonnechance.de\/wp-content\/uploads\/2022\/07\/20220628_105927-1-747x1536.jpg 747w, https:\/\/mybonnechance.de\/wp-content\/uploads\/2022\/07\/20220628_105927-1-996x2048.jpg 996w, https:\/\/mybonnechance.de\/wp-content\/uploads\/2022\/07\/20220628_105927-1-scaled.jpg 1244w\" sizes=\"auto, (max-width: 498px) 100vw, 498px\" \/><\/figure>\n<\/div>\n\n\n\n<div class=\"wp-block-column is-layout-flow wp-block-column-is-layout-flow\" style=\"flex-basis:50%\">\n<figure class=\"wp-block-image size-large is-resized is-style-default\"><img decoding=\"async\" src=\"https:\/\/mybonnechance.de\/wp-content\/uploads\/2022\/07\/20220627_114852-1-1024x498.jpg\" alt=\"\" class=\"wp-image-5218\" height=\"270\" srcset=\"https:\/\/mybonnechance.de\/wp-content\/uploads\/2022\/07\/20220627_114852-1-1024x498.jpg 1024w, https:\/\/mybonnechance.de\/wp-content\/uploads\/2022\/07\/20220627_114852-1-300x146.jpg 300w, https:\/\/mybonnechance.de\/wp-content\/uploads\/2022\/07\/20220627_114852-1-768x373.jpg 768w, https:\/\/mybonnechance.de\/wp-content\/uploads\/2022\/07\/20220627_114852-1-1536x747.jpg 1536w, https:\/\/mybonnechance.de\/wp-content\/uploads\/2022\/07\/20220627_114852-1-2048x996.jpg 2048w\" sizes=\"(max-width: 767px) 89vw, (max-width: 1000px) 54vw, (max-width: 1071px) 543px, 580px\" \/><\/figure>\n<\/div>\n\n\n\n<div class=\"wp-block-column is-layout-flow wp-block-column-is-layout-flow\" style=\"flex-basis:25%\">\n<figure class=\"wp-block-image size-large is-style-default\"><img loading=\"lazy\" decoding=\"async\" width=\"498\" height=\"1024\" src=\"https:\/\/mybonnechance.de\/wp-content\/uploads\/2022\/07\/20220627_115637-2-498x1024.jpg\" alt=\"\" class=\"wp-image-5220\" srcset=\"https:\/\/mybonnechance.de\/wp-content\/uploads\/2022\/07\/20220627_115637-2-498x1024.jpg 498w, https:\/\/mybonnechance.de\/wp-content\/uploads\/2022\/07\/20220627_115637-2-146x300.jpg 146w, https:\/\/mybonnechance.de\/wp-content\/uploads\/2022\/07\/20220627_115637-2-768x1580.jpg 768w, https:\/\/mybonnechance.de\/wp-content\/uploads\/2022\/07\/20220627_115637-2-747x1536.jpg 747w, https:\/\/mybonnechance.de\/wp-content\/uploads\/2022\/07\/20220627_115637-2-996x2048.jpg 996w, https:\/\/mybonnechance.de\/wp-content\/uploads\/2022\/07\/20220627_115637-2-scaled.jpg 1244w\" sizes=\"auto, (max-width: 498px) 100vw, 498px\" \/><\/figure>\n<\/div>\n<\/div>\n\n\n\n<p>Nach einem Rundgang durch Kessel fanden wir einen wunderbaren Ijssalon.<\/p>\n\n\n\n<figure class=\"wp-block-image size-large is-style-rounded\"><img loading=\"lazy\" decoding=\"async\" width=\"1024\" height=\"576\" src=\"https:\/\/mybonnechance.de\/wp-content\/uploads\/2022\/07\/IMG-20220627-WA0001-1024x576.jpg\" alt=\"\" class=\"wp-image-5221\" srcset=\"https:\/\/mybonnechance.de\/wp-content\/uploads\/2022\/07\/IMG-20220627-WA0001-1024x576.jpg 1024w, https:\/\/mybonnechance.de\/wp-content\/uploads\/2022\/07\/IMG-20220627-WA0001-300x169.jpg 300w, https:\/\/mybonnechance.de\/wp-content\/uploads\/2022\/07\/IMG-20220627-WA0001-768x432.jpg 768w, https:\/\/mybonnechance.de\/wp-content\/uploads\/2022\/07\/IMG-20220627-WA0001-1536x864.jpg 1536w, https:\/\/mybonnechance.de\/wp-content\/uploads\/2022\/07\/IMG-20220627-WA0001.jpg 1600w\" sizes=\"auto, (max-width: 767px) 89vw, (max-width: 1000px) 54vw, (max-width: 1071px) 543px, 580px\" \/><figcaption class=\"wp-element-caption\"><strong>Das haben wir uns verdient<\/strong><\/figcaption><\/figure>\n\n\n\n<div class=\"wp-block-columns is-layout-flex wp-container-core-columns-is-layout-9d6595d7 wp-block-columns-is-layout-flex\">\n<div class=\"wp-block-column is-layout-flow wp-block-column-is-layout-flow\" style=\"flex-basis:25%\">\n<figure class=\"wp-block-image size-large is-style-default\"><img loading=\"lazy\" decoding=\"async\" width=\"498\" height=\"1024\" src=\"https:\/\/mybonnechance.de\/wp-content\/uploads\/2022\/07\/20220627_105024-498x1024.jpg\" alt=\"\" class=\"wp-image-5224\" srcset=\"https:\/\/mybonnechance.de\/wp-content\/uploads\/2022\/07\/20220627_105024-498x1024.jpg 498w, https:\/\/mybonnechance.de\/wp-content\/uploads\/2022\/07\/20220627_105024-146x300.jpg 146w, https:\/\/mybonnechance.de\/wp-content\/uploads\/2022\/07\/20220627_105024-768x1580.jpg 768w, https:\/\/mybonnechance.de\/wp-content\/uploads\/2022\/07\/20220627_105024-747x1536.jpg 747w, https:\/\/mybonnechance.de\/wp-content\/uploads\/2022\/07\/20220627_105024-996x2048.jpg 996w, https:\/\/mybonnechance.de\/wp-content\/uploads\/2022\/07\/20220627_105024-scaled.jpg 1244w\" sizes=\"auto, (max-width: 498px) 100vw, 498px\" \/><figcaption class=\"wp-element-caption\"><strong>Geschorenes Alpaka<\/strong><\/figcaption><\/figure>\n<\/div>\n\n\n\n<div class=\"wp-block-column is-layout-flow wp-block-column-is-layout-flow\" style=\"flex-basis:50%\">\n<figure class=\"wp-block-image size-large is-style-default\"><img loading=\"lazy\" decoding=\"async\" width=\"1024\" height=\"498\" src=\"https:\/\/mybonnechance.de\/wp-content\/uploads\/2022\/07\/20220627_104906-1-1024x498.jpg\" alt=\"\" class=\"wp-image-5227\" srcset=\"https:\/\/mybonnechance.de\/wp-content\/uploads\/2022\/07\/20220627_104906-1-1024x498.jpg 1024w, https:\/\/mybonnechance.de\/wp-content\/uploads\/2022\/07\/20220627_104906-1-300x146.jpg 300w, https:\/\/mybonnechance.de\/wp-content\/uploads\/2022\/07\/20220627_104906-1-768x373.jpg 768w, https:\/\/mybonnechance.de\/wp-content\/uploads\/2022\/07\/20220627_104906-1-1536x747.jpg 1536w, https:\/\/mybonnechance.de\/wp-content\/uploads\/2022\/07\/20220627_104906-1-2048x996.jpg 2048w\" sizes=\"auto, (max-width: 767px) 89vw, (max-width: 1000px) 54vw, (max-width: 1071px) 543px, 580px\" \/><\/figure>\n\n\n\n<p><strong>Impressionen von der Fahrradtour<\/strong><\/p>\n<\/div>\n\n\n\n<div class=\"wp-block-column is-layout-flow wp-block-column-is-layout-flow\" style=\"flex-basis:25%\">\n<figure class=\"wp-block-image size-large is-style-default\"><img loading=\"lazy\" decoding=\"async\" width=\"593\" height=\"1024\" src=\"https:\/\/mybonnechance.de\/wp-content\/uploads\/2022\/07\/20220627_144118-593x1024.jpg\" alt=\"\" class=\"wp-image-5225\" srcset=\"https:\/\/mybonnechance.de\/wp-content\/uploads\/2022\/07\/20220627_144118-593x1024.jpg 593w, https:\/\/mybonnechance.de\/wp-content\/uploads\/2022\/07\/20220627_144118-174x300.jpg 174w, https:\/\/mybonnechance.de\/wp-content\/uploads\/2022\/07\/20220627_144118-768x1327.jpg 768w, https:\/\/mybonnechance.de\/wp-content\/uploads\/2022\/07\/20220627_144118-889x1536.jpg 889w, https:\/\/mybonnechance.de\/wp-content\/uploads\/2022\/07\/20220627_144118-1185x2048.jpg 1185w, https:\/\/mybonnechance.de\/wp-content\/uploads\/2022\/07\/20220627_144118-scaled.jpg 1481w\" sizes=\"auto, (max-width: 593px) 100vw, 593px\" \/><figcaption class=\"wp-element-caption\"><strong>Beesel &#8211; Stadt der Drachen<\/strong><\/figcaption><\/figure>\n<\/div>\n<\/div>\n\n\n\n<figure class=\"wp-block-gallery has-nested-images columns-0 is-cropped wp-block-gallery-3 is-layout-flex wp-block-gallery-is-layout-flex\">\n<figure class=\"wp-block-image size-large\"><img loading=\"lazy\" decoding=\"async\" width=\"1024\" height=\"498\" data-id=\"5234\" src=\"https:\/\/mybonnechance.de\/wp-content\/uploads\/2022\/07\/20220626_202535-1-1024x498.jpg\" alt=\"\" class=\"wp-image-5234\" srcset=\"https:\/\/mybonnechance.de\/wp-content\/uploads\/2022\/07\/20220626_202535-1-1024x498.jpg 1024w, https:\/\/mybonnechance.de\/wp-content\/uploads\/2022\/07\/20220626_202535-1-300x146.jpg 300w, https:\/\/mybonnechance.de\/wp-content\/uploads\/2022\/07\/20220626_202535-1-768x373.jpg 768w, https:\/\/mybonnechance.de\/wp-content\/uploads\/2022\/07\/20220626_202535-1-1536x747.jpg 1536w, https:\/\/mybonnechance.de\/wp-content\/uploads\/2022\/07\/20220626_202535-1-2048x996.jpg 2048w\" sizes=\"auto, (max-width: 767px) 89vw, (max-width: 1000px) 54vw, (max-width: 1071px) 543px, 580px\" \/><\/figure>\n\n\n\n<figure class=\"wp-block-image size-large\"><img loading=\"lazy\" decoding=\"async\" width=\"1024\" height=\"498\" data-id=\"5235\" src=\"https:\/\/mybonnechance.de\/wp-content\/uploads\/2022\/07\/20220626_202604-1-1024x498.jpg\" alt=\"\" class=\"wp-image-5235\" srcset=\"https:\/\/mybonnechance.de\/wp-content\/uploads\/2022\/07\/20220626_202604-1-1024x498.jpg 1024w, https:\/\/mybonnechance.de\/wp-content\/uploads\/2022\/07\/20220626_202604-1-300x146.jpg 300w, https:\/\/mybonnechance.de\/wp-content\/uploads\/2022\/07\/20220626_202604-1-768x373.jpg 768w, https:\/\/mybonnechance.de\/wp-content\/uploads\/2022\/07\/20220626_202604-1-1536x747.jpg 1536w, https:\/\/mybonnechance.de\/wp-content\/uploads\/2022\/07\/20220626_202604-1-2048x996.jpg 2048w\" sizes=\"auto, (max-width: 767px) 89vw, (max-width: 1000px) 54vw, (max-width: 1071px) 543px, 580px\" \/><\/figure>\n<\/figure>\n\n\n\n<figure class=\"wp-block-gallery has-nested-images columns-default is-cropped wp-block-gallery-4 is-layout-flex wp-block-gallery-is-layout-flex\">\n<figure class=\"wp-block-image size-large\"><img loading=\"lazy\" decoding=\"async\" width=\"1024\" height=\"771\" data-id=\"5236\" src=\"https:\/\/mybonnechance.de\/wp-content\/uploads\/2022\/07\/IMG-20220626-WA0021-1-1024x771.jpg\" alt=\"\" class=\"wp-image-5236\" srcset=\"https:\/\/mybonnechance.de\/wp-content\/uploads\/2022\/07\/IMG-20220626-WA0021-1-1024x771.jpg 1024w, https:\/\/mybonnechance.de\/wp-content\/uploads\/2022\/07\/IMG-20220626-WA0021-1-300x226.jpg 300w, https:\/\/mybonnechance.de\/wp-content\/uploads\/2022\/07\/IMG-20220626-WA0021-1-768x578.jpg 768w, https:\/\/mybonnechance.de\/wp-content\/uploads\/2022\/07\/IMG-20220626-WA0021-1-1536x1156.jpg 1536w, https:\/\/mybonnechance.de\/wp-content\/uploads\/2022\/07\/IMG-20220626-WA0021-1.jpg 1600w\" sizes=\"auto, (max-width: 767px) 89vw, (max-width: 1000px) 54vw, (max-width: 1071px) 543px, 580px\" \/><\/figure>\n\n\n\n<figure class=\"wp-block-image size-large\"><img loading=\"lazy\" decoding=\"async\" width=\"771\" height=\"1024\" data-id=\"5237\" src=\"https:\/\/mybonnechance.de\/wp-content\/uploads\/2022\/07\/IMG-20220627-WA0033-1-771x1024.jpg\" alt=\"\" class=\"wp-image-5237\" srcset=\"https:\/\/mybonnechance.de\/wp-content\/uploads\/2022\/07\/IMG-20220627-WA0033-1-771x1024.jpg 771w, https:\/\/mybonnechance.de\/wp-content\/uploads\/2022\/07\/IMG-20220627-WA0033-1-226x300.jpg 226w, https:\/\/mybonnechance.de\/wp-content\/uploads\/2022\/07\/IMG-20220627-WA0033-1-768x1021.jpg 768w, https:\/\/mybonnechance.de\/wp-content\/uploads\/2022\/07\/IMG-20220627-WA0033-1-1156x1536.jpg 1156w, https:\/\/mybonnechance.de\/wp-content\/uploads\/2022\/07\/IMG-20220627-WA0033-1.jpg 1204w\" sizes=\"auto, (max-width: 767px) 89vw, (max-width: 1000px) 54vw, (max-width: 1071px) 543px, 580px\" \/><\/figure>\n<\/figure>\n\n\n\n<p>Wir waren kaum zur\u00fcck, da gab es dann doch noch den angek\u00fcndigten Regenschauer. Abends kam aber noch mal ganz leicht die Sonne raus und wir haben herrliches Gem\u00fcse  und W\u00fcrstchen gegrillt.<\/p>\n\n\n\n<figure class=\"wp-block-gallery has-nested-images columns-default is-cropped wp-block-gallery-5 is-layout-flex wp-block-gallery-is-layout-flex\">\n<figure class=\"wp-block-image size-large\"><img loading=\"lazy\" decoding=\"async\" width=\"498\" height=\"1024\" data-id=\"5239\" src=\"https:\/\/mybonnechance.de\/wp-content\/uploads\/2022\/07\/20220627_184455-498x1024.jpg\" alt=\"\" class=\"wp-image-5239\" srcset=\"https:\/\/mybonnechance.de\/wp-content\/uploads\/2022\/07\/20220627_184455-498x1024.jpg 498w, https:\/\/mybonnechance.de\/wp-content\/uploads\/2022\/07\/20220627_184455-146x300.jpg 146w, https:\/\/mybonnechance.de\/wp-content\/uploads\/2022\/07\/20220627_184455-768x1580.jpg 768w, https:\/\/mybonnechance.de\/wp-content\/uploads\/2022\/07\/20220627_184455-747x1536.jpg 747w, https:\/\/mybonnechance.de\/wp-content\/uploads\/2022\/07\/20220627_184455-996x2048.jpg 996w, https:\/\/mybonnechance.de\/wp-content\/uploads\/2022\/07\/20220627_184455-scaled.jpg 1244w\" sizes=\"auto, (max-width: 498px) 100vw, 498px\" \/><\/figure>\n\n\n\n<figure class=\"wp-block-image size-large\"><img loading=\"lazy\" decoding=\"async\" width=\"563\" height=\"1024\" data-id=\"5238\" src=\"https:\/\/mybonnechance.de\/wp-content\/uploads\/2022\/07\/20220626_220333-563x1024.jpg\" alt=\"\" class=\"wp-image-5238\" srcset=\"https:\/\/mybonnechance.de\/wp-content\/uploads\/2022\/07\/20220626_220333-563x1024.jpg 563w, https:\/\/mybonnechance.de\/wp-content\/uploads\/2022\/07\/20220626_220333-165x300.jpg 165w, https:\/\/mybonnechance.de\/wp-content\/uploads\/2022\/07\/20220626_220333-768x1397.jpg 768w, https:\/\/mybonnechance.de\/wp-content\/uploads\/2022\/07\/20220626_220333-844x1536.jpg 844w, https:\/\/mybonnechance.de\/wp-content\/uploads\/2022\/07\/20220626_220333-1126x2048.jpg 1126w, https:\/\/mybonnechance.de\/wp-content\/uploads\/2022\/07\/20220626_220333-scaled.jpg 1407w\" sizes=\"auto, (max-width: 563px) 100vw, 563px\" \/><\/figure>\n<\/figure>\n\n\n","protected":false},"excerpt":{"rendered":"<p>Tag 1, Sonntag 26.Juni Herten, City Marina \u2013 Neer, WSW Hanssum9,6 km \u2013 1 Schleuse \u2013 2,75 Std. FahrzeitNach einem starken Regengu\u00df starten wir zusammen mit der Aquila aus unserem Heimathafen. Der Abschied von unseren Freunden fiel wie imer schwer &#8211; aber nat\u00fcrlich freuen wir uns auch, da\u00df es endlich losgeht. Das uns die erste &hellip; <\/p>\n<p class=\"link-more\"><a href=\"https:\/\/mybonnechance.de\/?page_id=5968\" class=\"more-link\"><span class=\"screen-reader-text\">\u201e2022-02 Neer\u201c<\/span> weiterlesen<\/a><\/p>\n","protected":false},"author":1,"featured_media":0,"parent":0,"menu_order":0,"comment_status":"closed","ping_status":"closed","template":"","meta":{"ngg_post_thumbnail":0,"footnotes":""},"class_list":["post-5968","page","type-page","status-publish","hentry"],"_links":{"self":[{"href":"https:\/\/mybonnechance.de\/index.php?rest_route=\/wp\/v2\/pages\/5968","targetHints":{"allow":["GET"]}}],"collection":[{"href":"https:\/\/mybonnechance.de\/index.php?rest_route=\/wp\/v2\/pages"}],"about":[{"href":"https:\/\/mybonnechance.de\/index.php?rest_route=\/wp\/v2\/types\/page"}],"author":[{"embeddable":true,"href":"https:\/\/mybonnechance.de\/index.php?rest_route=\/wp\/v2\/users\/1"}],"replies":[{"embeddable":true,"href":"https:\/\/mybonnechance.de\/index.php?rest_route=%2Fwp%2Fv2%2Fcomments&post=5968"}],"version-history":[{"count":5,"href":"https:\/\/mybonnechance.de\/index.php?rest_route=\/wp\/v2\/pages\/5968\/revisions"}],"predecessor-version":[{"id":6936,"href":"https:\/\/mybonnechance.de\/index.php?rest_route=\/wp\/v2\/pages\/5968\/revisions\/6936"}],"wp:attachment":[{"href":"https:\/\/mybonnechance.de\/index.php?rest_route=%2Fwp%2Fv2%2Fmedia&parent=5968"}],"curies":[{"name":"wp","href":"https:\/\/api.w.org\/{rel}","templated":true}]}}