{"id":5970,"date":"2022-07-31T10:05:40","date_gmt":"2022-07-31T10:05:40","guid":{"rendered":"https:\/\/mybonnechance.de\/?page_id=5970"},"modified":"2023-01-06T11:45:26","modified_gmt":"2023-01-06T11:45:26","slug":"2022-03-leukermeer","status":"publish","type":"page","link":"https:\/\/mybonnechance.de\/?page_id=5970","title":{"rendered":"2022-03 Leukermeer"},"content":{"rendered":"\n<p><strong>Tag 3,  Dienstag 28. Juni<\/strong>   <strong> Neer <\/strong> <strong>&#8211;  Leukermeer T&#8217;Loo<\/strong><br>47,3 km \u2013 1 Schleuse \u2013 5,25 Std. Fahrzeit <br>Herrlich, wir k\u00f6nnen sofort in die <strong>Schleuse Belfelt<\/strong> reinfahren. Die beiden Berufsschiffe sind ganz vorsichtig bei ihren An-und Ablegeman\u00f6ver. Wir kennen die Maas inzwischen so gut, aber ich mache trotzdem immer wieder gerne Photos unterwegs \ud83d\ude42<\/p>\n\n\n\n<figure class=\"wp-block-gallery has-nested-images columns-default is-cropped wp-block-gallery-1 is-layout-flex wp-block-gallery-is-layout-flex\">\n<figure class=\"wp-block-image size-large\"><img loading=\"lazy\" decoding=\"async\" width=\"938\" height=\"1024\" data-id=\"5247\" src=\"https:\/\/mybonnechance.de\/wp-content\/uploads\/2022\/07\/20220628_111600-938x1024.jpg\" alt=\"\" class=\"wp-image-5247\" srcset=\"https:\/\/mybonnechance.de\/wp-content\/uploads\/2022\/07\/20220628_111600-938x1024.jpg 938w, https:\/\/mybonnechance.de\/wp-content\/uploads\/2022\/07\/20220628_111600-275x300.jpg 275w, https:\/\/mybonnechance.de\/wp-content\/uploads\/2022\/07\/20220628_111600-768x838.jpg 768w, https:\/\/mybonnechance.de\/wp-content\/uploads\/2022\/07\/20220628_111600-1407x1536.jpg 1407w, https:\/\/mybonnechance.de\/wp-content\/uploads\/2022\/07\/20220628_111600.jpg 1870w\" sizes=\"auto, (max-width: 767px) 89vw, (max-width: 1000px) 54vw, (max-width: 1071px) 543px, 580px\" \/><figcaption class=\"wp-element-caption\"><strong>Einer meiner Lieblingsh\u00e4user<\/strong><\/figcaption><\/figure>\n\n\n\n<figure class=\"wp-block-image size-large\"><img loading=\"lazy\" decoding=\"async\" width=\"1024\" height=\"576\" data-id=\"5250\" src=\"https:\/\/mybonnechance.de\/wp-content\/uploads\/2022\/07\/IMG-20220628-WA0002-1024x576.jpg\" alt=\"\" class=\"wp-image-5250\" srcset=\"https:\/\/mybonnechance.de\/wp-content\/uploads\/2022\/07\/IMG-20220628-WA0002-1024x576.jpg 1024w, https:\/\/mybonnechance.de\/wp-content\/uploads\/2022\/07\/IMG-20220628-WA0002-300x169.jpg 300w, https:\/\/mybonnechance.de\/wp-content\/uploads\/2022\/07\/IMG-20220628-WA0002-768x432.jpg 768w, https:\/\/mybonnechance.de\/wp-content\/uploads\/2022\/07\/IMG-20220628-WA0002-1536x864.jpg 1536w, https:\/\/mybonnechance.de\/wp-content\/uploads\/2022\/07\/IMG-20220628-WA0002.jpg 1600w\" sizes=\"auto, (max-width: 767px) 89vw, (max-width: 1000px) 54vw, (max-width: 1071px) 543px, 580px\" \/><\/figure>\n<\/figure>\n\n\n\n<p> <\/p>\n\n\n\n<figure class=\"wp-block-gallery has-nested-images columns-default is-cropped wp-block-gallery-2 is-layout-flex wp-block-gallery-is-layout-flex\">\n<figure class=\"wp-block-image size-large\"><img loading=\"lazy\" decoding=\"async\" width=\"1024\" height=\"498\" data-id=\"5251\" src=\"https:\/\/mybonnechance.de\/wp-content\/uploads\/2022\/07\/20220628_133013-1024x498.jpg\" alt=\"\" class=\"wp-image-5251\" srcset=\"https:\/\/mybonnechance.de\/wp-content\/uploads\/2022\/07\/20220628_133013-1024x498.jpg 1024w, https:\/\/mybonnechance.de\/wp-content\/uploads\/2022\/07\/20220628_133013-300x146.jpg 300w, https:\/\/mybonnechance.de\/wp-content\/uploads\/2022\/07\/20220628_133013-768x373.jpg 768w, https:\/\/mybonnechance.de\/wp-content\/uploads\/2022\/07\/20220628_133013-1536x747.jpg 1536w, https:\/\/mybonnechance.de\/wp-content\/uploads\/2022\/07\/20220628_133013-2048x996.jpg 2048w\" sizes=\"auto, (max-width: 767px) 89vw, (max-width: 1000px) 54vw, (max-width: 1071px) 543px, 580px\" \/><figcaption class=\"wp-element-caption\"><strong>Aquila vor uns<\/strong><\/figcaption><\/figure>\n<\/figure>\n\n\n\n<p>Wir bekommen in <strong>T&#8217;Leuk<\/strong> zwar noch die letzten beiden freien Boxen, aber unterwegs haben wir kaum Sportschiffer gesehen. Wo sind Alle &#8211; in NRW sind seit dem WE doch Sommerferien. Gegen\u00fcber ist in den letzten Jahren ein <strong>&#8222;Marina Resort Leukermeer&#8220; <\/strong>entstanden. Jede Menge Luxusvillen und Wohnungen. Sogar mit eigenem Teich und Beach.<\/p>\n\n\n\n<figure class=\"wp-block-gallery has-nested-images columns-default is-cropped wp-block-gallery-3 is-layout-flex wp-block-gallery-is-layout-flex\">\n<figure class=\"wp-block-image size-large\"><img loading=\"lazy\" decoding=\"async\" width=\"1024\" height=\"498\" data-id=\"5255\" src=\"https:\/\/mybonnechance.de\/wp-content\/uploads\/2022\/07\/20220629_135637-1024x498.jpg\" alt=\"\" class=\"wp-image-5255\" srcset=\"https:\/\/mybonnechance.de\/wp-content\/uploads\/2022\/07\/20220629_135637-1024x498.jpg 1024w, https:\/\/mybonnechance.de\/wp-content\/uploads\/2022\/07\/20220629_135637-300x146.jpg 300w, https:\/\/mybonnechance.de\/wp-content\/uploads\/2022\/07\/20220629_135637-768x373.jpg 768w, https:\/\/mybonnechance.de\/wp-content\/uploads\/2022\/07\/20220629_135637-1536x747.jpg 1536w, https:\/\/mybonnechance.de\/wp-content\/uploads\/2022\/07\/20220629_135637-2048x996.jpg 2048w\" sizes=\"auto, (max-width: 767px) 89vw, (max-width: 1000px) 54vw, (max-width: 1071px) 543px, 580px\" \/><\/figure>\n<\/figure>\n\n\n\n<p><strong>Tag 4,  Mittwoch 29. Juni<\/strong>    <strong>Leukermeer <\/strong><br>Die Sonne scheint herrlich und jetzt schnell noch alle Fenster putzen, bevor wir uns wieder sportlich mit den R\u00e4dern bet\u00e4tigen.  Wir unternehmen eine sch\u00f6ne Fahrradtour, \u00fcber <strong>Reindersmeer, Nationalpark Maasduinen, Bergsche Heide bis nach Nieuw Bergen. <\/strong>Unterwegs benutzten wir eine Selbstholf\u00e4hre, was sehr viel Spa\u00df macht.<\/p>\n\n\n\n<div class=\"wp-block-columns is-layout-flex wp-container-core-columns-is-layout-9d6595d7 wp-block-columns-is-layout-flex\">\n<div class=\"wp-block-column is-layout-flow wp-block-column-is-layout-flow\" style=\"flex-basis:66.66%\">\n<figure class=\"wp-block-image size-large is-style-default\"><img loading=\"lazy\" decoding=\"async\" width=\"1024\" height=\"498\" src=\"https:\/\/mybonnechance.de\/wp-content\/uploads\/2022\/07\/20220629_112456-2-1024x498.jpg\" alt=\"\" class=\"wp-image-5259\" srcset=\"https:\/\/mybonnechance.de\/wp-content\/uploads\/2022\/07\/20220629_112456-2-1024x498.jpg 1024w, https:\/\/mybonnechance.de\/wp-content\/uploads\/2022\/07\/20220629_112456-2-300x146.jpg 300w, https:\/\/mybonnechance.de\/wp-content\/uploads\/2022\/07\/20220629_112456-2-768x373.jpg 768w, https:\/\/mybonnechance.de\/wp-content\/uploads\/2022\/07\/20220629_112456-2-1536x747.jpg 1536w, https:\/\/mybonnechance.de\/wp-content\/uploads\/2022\/07\/20220629_112456-2-2048x996.jpg 2048w\" sizes=\"auto, (max-width: 767px) 89vw, (max-width: 1000px) 54vw, (max-width: 1071px) 543px, 580px\" \/><figcaption class=\"wp-element-caption\"><strong>Reindersmeer<\/strong><\/figcaption><\/figure>\n\n\n\n<figure class=\"wp-block-image size-large is-style-default\"><img loading=\"lazy\" decoding=\"async\" width=\"1024\" height=\"498\" src=\"https:\/\/mybonnechance.de\/wp-content\/uploads\/2022\/07\/20220629_113329-1024x498.jpg\" alt=\"\" class=\"wp-image-5261\" srcset=\"https:\/\/mybonnechance.de\/wp-content\/uploads\/2022\/07\/20220629_113329-1024x498.jpg 1024w, https:\/\/mybonnechance.de\/wp-content\/uploads\/2022\/07\/20220629_113329-300x146.jpg 300w, https:\/\/mybonnechance.de\/wp-content\/uploads\/2022\/07\/20220629_113329-768x373.jpg 768w, https:\/\/mybonnechance.de\/wp-content\/uploads\/2022\/07\/20220629_113329-1536x747.jpg 1536w, https:\/\/mybonnechance.de\/wp-content\/uploads\/2022\/07\/20220629_113329-2048x996.jpg 2048w\" sizes=\"auto, (max-width: 767px) 89vw, (max-width: 1000px) 54vw, (max-width: 1071px) 543px, 580px\" \/><figcaption class=\"wp-element-caption\"><strong>F\u00e4hrmann &#8211; Hol r\u00fcber<\/strong><\/figcaption><\/figure>\n<\/div>\n\n\n\n<div class=\"wp-block-column is-layout-flow wp-block-column-is-layout-flow\" style=\"flex-basis:33.33%\">\n<figure class=\"wp-block-image size-large is-style-default\"><img loading=\"lazy\" decoding=\"async\" width=\"498\" height=\"1024\" src=\"https:\/\/mybonnechance.de\/wp-content\/uploads\/2022\/07\/20220629_110739-2-498x1024.jpg\" alt=\"\" class=\"wp-image-5260\" srcset=\"https:\/\/mybonnechance.de\/wp-content\/uploads\/2022\/07\/20220629_110739-2-498x1024.jpg 498w, https:\/\/mybonnechance.de\/wp-content\/uploads\/2022\/07\/20220629_110739-2-146x300.jpg 146w, https:\/\/mybonnechance.de\/wp-content\/uploads\/2022\/07\/20220629_110739-2-768x1580.jpg 768w, https:\/\/mybonnechance.de\/wp-content\/uploads\/2022\/07\/20220629_110739-2-747x1536.jpg 747w, https:\/\/mybonnechance.de\/wp-content\/uploads\/2022\/07\/20220629_110739-2-996x2048.jpg 996w, https:\/\/mybonnechance.de\/wp-content\/uploads\/2022\/07\/20220629_110739-2-scaled.jpg 1244w\" sizes=\"auto, (max-width: 498px) 100vw, 498px\" \/><figcaption class=\"wp-element-caption\"><strong>Leukermeer<\/strong><\/figcaption><\/figure>\n<\/div>\n<\/div>\n\n\n\n<div class=\"wp-block-columns is-layout-flex wp-container-core-columns-is-layout-9d6595d7 wp-block-columns-is-layout-flex\">\n<div class=\"wp-block-column is-layout-flow wp-block-column-is-layout-flow\">\n<figure class=\"wp-block-image size-large is-style-default\"><img loading=\"lazy\" decoding=\"async\" width=\"498\" height=\"1024\" src=\"https:\/\/mybonnechance.de\/wp-content\/uploads\/2022\/07\/20220629_111820-498x1024.jpg\" alt=\"\" class=\"wp-image-5266\" srcset=\"https:\/\/mybonnechance.de\/wp-content\/uploads\/2022\/07\/20220629_111820-498x1024.jpg 498w, https:\/\/mybonnechance.de\/wp-content\/uploads\/2022\/07\/20220629_111820-146x300.jpg 146w, https:\/\/mybonnechance.de\/wp-content\/uploads\/2022\/07\/20220629_111820-768x1580.jpg 768w, https:\/\/mybonnechance.de\/wp-content\/uploads\/2022\/07\/20220629_111820-747x1536.jpg 747w, https:\/\/mybonnechance.de\/wp-content\/uploads\/2022\/07\/20220629_111820-996x2048.jpg 996w, https:\/\/mybonnechance.de\/wp-content\/uploads\/2022\/07\/20220629_111820-scaled.jpg 1244w\" sizes=\"auto, (max-width: 498px) 100vw, 498px\" \/><figcaption class=\"wp-element-caption\"><strong>Die alte Schleuse zum Reindersmeer<\/strong><\/figcaption><\/figure>\n<\/div>\n\n\n\n<div class=\"wp-block-column is-layout-flow wp-block-column-is-layout-flow\">\n<figure class=\"wp-block-image size-large is-style-default\"><img loading=\"lazy\" decoding=\"async\" width=\"498\" height=\"1024\" src=\"https:\/\/mybonnechance.de\/wp-content\/uploads\/2022\/07\/20220629_111746-498x1024.jpg\" alt=\"\" class=\"wp-image-5268\" srcset=\"https:\/\/mybonnechance.de\/wp-content\/uploads\/2022\/07\/20220629_111746-498x1024.jpg 498w, https:\/\/mybonnechance.de\/wp-content\/uploads\/2022\/07\/20220629_111746-146x300.jpg 146w, https:\/\/mybonnechance.de\/wp-content\/uploads\/2022\/07\/20220629_111746-768x1580.jpg 768w, https:\/\/mybonnechance.de\/wp-content\/uploads\/2022\/07\/20220629_111746-747x1536.jpg 747w, https:\/\/mybonnechance.de\/wp-content\/uploads\/2022\/07\/20220629_111746-996x2048.jpg 996w, https:\/\/mybonnechance.de\/wp-content\/uploads\/2022\/07\/20220629_111746-scaled.jpg 1244w\" sizes=\"auto, (max-width: 498px) 100vw, 498px\" \/><figcaption class=\"wp-element-caption\"><strong>Wird jetzt nur noch als Restaurant betrieben<\/strong><\/figcaption><\/figure>\n<\/div>\n<\/div>\n\n\n\n<figure class=\"wp-block-gallery has-nested-images columns-default is-cropped wp-block-gallery-4 is-layout-flex wp-block-gallery-is-layout-flex\">\n<figure class=\"wp-block-image size-large\"><img loading=\"lazy\" decoding=\"async\" width=\"498\" height=\"1024\" data-id=\"5269\" src=\"https:\/\/mybonnechance.de\/wp-content\/uploads\/2022\/07\/20220629_112644-4-498x1024.jpg\" alt=\"\" class=\"wp-image-5269\" srcset=\"https:\/\/mybonnechance.de\/wp-content\/uploads\/2022\/07\/20220629_112644-4-498x1024.jpg 498w, https:\/\/mybonnechance.de\/wp-content\/uploads\/2022\/07\/20220629_112644-4-146x300.jpg 146w, https:\/\/mybonnechance.de\/wp-content\/uploads\/2022\/07\/20220629_112644-4-768x1580.jpg 768w, https:\/\/mybonnechance.de\/wp-content\/uploads\/2022\/07\/20220629_112644-4-747x1536.jpg 747w, https:\/\/mybonnechance.de\/wp-content\/uploads\/2022\/07\/20220629_112644-4-996x2048.jpg 996w, https:\/\/mybonnechance.de\/wp-content\/uploads\/2022\/07\/20220629_112644-4-scaled.jpg 1244w\" sizes=\"auto, (max-width: 498px) 100vw, 498px\" \/><\/figure>\n\n\n\n<figure class=\"wp-block-image size-large\"><img loading=\"lazy\" decoding=\"async\" width=\"361\" height=\"602\" data-id=\"5270\" src=\"https:\/\/mybonnechance.de\/wp-content\/uploads\/2022\/07\/20220629_163849.jpg\" alt=\"\" class=\"wp-image-5270\" srcset=\"https:\/\/mybonnechance.de\/wp-content\/uploads\/2022\/07\/20220629_163849.jpg 361w, https:\/\/mybonnechance.de\/wp-content\/uploads\/2022\/07\/20220629_163849-180x300.jpg 180w\" sizes=\"auto, (max-width: 361px) 100vw, 361px\" \/><figcaption class=\"wp-element-caption\"><strong>Nach der Anstrengung folgt die Belohnung \ud83d\ude42<\/strong><\/figcaption><\/figure>\n<\/figure>\n\n\n\n<div class=\"wp-block-columns is-layout-flex wp-container-core-columns-is-layout-9d6595d7 wp-block-columns-is-layout-flex\">\n<div class=\"wp-block-column is-layout-flow wp-block-column-is-layout-flow\" style=\"flex-basis:25%\">\n<figure class=\"wp-block-image size-large is-style-default\"><img loading=\"lazy\" decoding=\"async\" width=\"498\" height=\"1024\" src=\"https:\/\/mybonnechance.de\/wp-content\/uploads\/2022\/07\/20220629_204701-498x1024.jpg\" alt=\"\" class=\"wp-image-5273\" srcset=\"https:\/\/mybonnechance.de\/wp-content\/uploads\/2022\/07\/20220629_204701-498x1024.jpg 498w, https:\/\/mybonnechance.de\/wp-content\/uploads\/2022\/07\/20220629_204701-146x300.jpg 146w, https:\/\/mybonnechance.de\/wp-content\/uploads\/2022\/07\/20220629_204701-768x1580.jpg 768w, https:\/\/mybonnechance.de\/wp-content\/uploads\/2022\/07\/20220629_204701-747x1536.jpg 747w, https:\/\/mybonnechance.de\/wp-content\/uploads\/2022\/07\/20220629_204701-996x2048.jpg 996w, https:\/\/mybonnechance.de\/wp-content\/uploads\/2022\/07\/20220629_204701-scaled.jpg 1244w\" sizes=\"auto, (max-width: 498px) 100vw, 498px\" \/><\/figure>\n<\/div>\n\n\n\n<div class=\"wp-block-column is-layout-flow wp-block-column-is-layout-flow\" style=\"flex-basis:50%\">\n<figure class=\"wp-block-image size-large is-style-default\"><img loading=\"lazy\" decoding=\"async\" width=\"1024\" height=\"498\" src=\"https:\/\/mybonnechance.de\/wp-content\/uploads\/2022\/07\/20220629_204646-1024x498.jpg\" alt=\"\" class=\"wp-image-5275\" srcset=\"https:\/\/mybonnechance.de\/wp-content\/uploads\/2022\/07\/20220629_204646-1024x498.jpg 1024w, https:\/\/mybonnechance.de\/wp-content\/uploads\/2022\/07\/20220629_204646-300x146.jpg 300w, https:\/\/mybonnechance.de\/wp-content\/uploads\/2022\/07\/20220629_204646-768x373.jpg 768w, https:\/\/mybonnechance.de\/wp-content\/uploads\/2022\/07\/20220629_204646-1536x747.jpg 1536w, https:\/\/mybonnechance.de\/wp-content\/uploads\/2022\/07\/20220629_204646-2048x996.jpg 2048w\" sizes=\"auto, (max-width: 767px) 89vw, (max-width: 1000px) 54vw, (max-width: 1071px) 543px, 580px\" \/><figcaption class=\"wp-element-caption\"><strong>Na wer hat denn da noch was vor?<\/strong><\/figcaption><\/figure>\n<\/div>\n\n\n\n<div class=\"wp-block-column is-layout-flow wp-block-column-is-layout-flow\" style=\"flex-basis:25%\">\n<figure class=\"wp-block-image size-large is-style-default\"><img loading=\"lazy\" decoding=\"async\" width=\"498\" height=\"1024\" src=\"https:\/\/mybonnechance.de\/wp-content\/uploads\/2022\/07\/20220629_211253-498x1024.jpg\" alt=\"\" class=\"wp-image-5272\" srcset=\"https:\/\/mybonnechance.de\/wp-content\/uploads\/2022\/07\/20220629_211253-498x1024.jpg 498w, https:\/\/mybonnechance.de\/wp-content\/uploads\/2022\/07\/20220629_211253-146x300.jpg 146w, https:\/\/mybonnechance.de\/wp-content\/uploads\/2022\/07\/20220629_211253-768x1580.jpg 768w, https:\/\/mybonnechance.de\/wp-content\/uploads\/2022\/07\/20220629_211253-747x1536.jpg 747w, https:\/\/mybonnechance.de\/wp-content\/uploads\/2022\/07\/20220629_211253-996x2048.jpg 996w, https:\/\/mybonnechance.de\/wp-content\/uploads\/2022\/07\/20220629_211253-scaled.jpg 1244w\" sizes=\"auto, (max-width: 498px) 100vw, 498px\" \/><\/figure>\n<\/div>\n<\/div>\n\n\n","protected":false},"excerpt":{"rendered":"<p>Tag 3, Dienstag 28. Juni Neer &#8211; Leukermeer T&#8217;Loo47,3 km \u2013 1 Schleuse \u2013 5,25 Std. Fahrzeit Herrlich, wir k\u00f6nnen sofort in die Schleuse Belfelt reinfahren. Die beiden Berufsschiffe sind ganz vorsichtig bei ihren An-und Ablegeman\u00f6ver. Wir kennen die Maas inzwischen so gut, aber ich mache trotzdem immer wieder gerne Photos unterwegs \ud83d\ude42 Wir bekommen &hellip; <\/p>\n<p class=\"link-more\"><a href=\"https:\/\/mybonnechance.de\/?page_id=5970\" class=\"more-link\"><span class=\"screen-reader-text\">\u201e2022-03 Leukermeer\u201c<\/span> weiterlesen<\/a><\/p>\n","protected":false},"author":1,"featured_media":0,"parent":0,"menu_order":0,"comment_status":"closed","ping_status":"closed","template":"","meta":{"ngg_post_thumbnail":0,"footnotes":""},"class_list":["post-5970","page","type-page","status-publish","hentry"],"_links":{"self":[{"href":"https:\/\/mybonnechance.de\/index.php?rest_route=\/wp\/v2\/pages\/5970","targetHints":{"allow":["GET"]}}],"collection":[{"href":"https:\/\/mybonnechance.de\/index.php?rest_route=\/wp\/v2\/pages"}],"about":[{"href":"https:\/\/mybonnechance.de\/index.php?rest_route=\/wp\/v2\/types\/page"}],"author":[{"embeddable":true,"href":"https:\/\/mybonnechance.de\/index.php?rest_route=\/wp\/v2\/users\/1"}],"replies":[{"embeddable":true,"href":"https:\/\/mybonnechance.de\/index.php?rest_route=%2Fwp%2Fv2%2Fcomments&post=5970"}],"version-history":[{"count":5,"href":"https:\/\/mybonnechance.de\/index.php?rest_route=\/wp\/v2\/pages\/5970\/revisions"}],"predecessor-version":[{"id":6938,"href":"https:\/\/mybonnechance.de\/index.php?rest_route=\/wp\/v2\/pages\/5970\/revisions\/6938"}],"wp:attachment":[{"href":"https:\/\/mybonnechance.de\/index.php?rest_route=%2Fwp%2Fv2%2Fmedia&parent=5970"}],"curies":[{"name":"wp","href":"https:\/\/api.w.org\/{rel}","templated":true}]}}