{"id":6108,"date":"2022-08-13T09:19:57","date_gmt":"2022-08-13T09:19:57","guid":{"rendered":"https:\/\/mybonnechance.de\/?page_id=6108"},"modified":"2023-01-06T11:51:30","modified_gmt":"2023-01-06T11:51:30","slug":"2022-06-arnheim","status":"publish","type":"page","link":"https:\/\/mybonnechance.de\/?page_id=6108","title":{"rendered":"2022-06 Arnheim"},"content":{"rendered":"\n<p><strong>Tag 9,  Montag 04.Juli<\/strong>   <strong>  Nijmwegen <\/strong> &#8211; <strong>Arnheim,  WSW Janson<\/strong><br>30,6 km \u2013 3,75 Std. Fahrzeit <br>Es geht wieder auf den <strong>Waal<\/strong>, aber auch die Strecke schaffen wir ohne gro\u00dfe M\u00fche. Nat\u00fcrlich sind jede Menge Berufer unterwegs, aber es ist zu keiner Zeit zu einer brenzelige Situation gekommen. Es hat auch nicht gro\u00dfartig geschaukelt. Wir haben auch Gl\u00fcck mit dem Wetter. Es ist sonnig, wenig Wind und Wellen. Landschaftlich auch sch\u00f6ner als die Maas.  Wir k\u00f6nnen immer rechtzeitig das Fahrwasser f\u00fcr die Betonnung queren. Wir biegen ab in den <strong>Panerdennsche Kana<\/strong>l. Der ist ebenfalls ruhig und easy und wir fahren jetzt 4 km\/h mit der Str\u00f6mung bis nach<strong> Arnheim<\/strong>.<\/p>\n\n\n\n<figure class=\"wp-block-gallery has-nested-images columns-1 is-cropped wp-block-gallery-1 is-layout-flex wp-block-gallery-is-layout-flex\">\n<figure class=\"wp-block-image size-large\"><img loading=\"lazy\" decoding=\"async\" width=\"1024\" height=\"498\" data-id=\"5387\" src=\"https:\/\/mybonnechance.de\/wp-content\/uploads\/2022\/07\/20220704_091609-1024x498.jpg\" alt=\"\" class=\"wp-image-5387\" srcset=\"https:\/\/mybonnechance.de\/wp-content\/uploads\/2022\/07\/20220704_091609-1024x498.jpg 1024w, https:\/\/mybonnechance.de\/wp-content\/uploads\/2022\/07\/20220704_091609-300x146.jpg 300w, https:\/\/mybonnechance.de\/wp-content\/uploads\/2022\/07\/20220704_091609-768x373.jpg 768w, https:\/\/mybonnechance.de\/wp-content\/uploads\/2022\/07\/20220704_091609-1536x747.jpg 1536w, https:\/\/mybonnechance.de\/wp-content\/uploads\/2022\/07\/20220704_091609-2048x996.jpg 2048w\" sizes=\"auto, (max-width: 767px) 89vw, (max-width: 1000px) 54vw, (max-width: 1071px) 543px, 580px\" \/><figcaption class=\"wp-element-caption\"><strong>Dicke P\u00f6tte<\/strong><\/figcaption><\/figure>\n\n\n\n<figure class=\"wp-block-image size-large\"><img loading=\"lazy\" decoding=\"async\" width=\"1024\" height=\"498\" data-id=\"5388\" src=\"https:\/\/mybonnechance.de\/wp-content\/uploads\/2022\/07\/20220704_102357-1024x498.jpg\" alt=\"\" class=\"wp-image-5388\" srcset=\"https:\/\/mybonnechance.de\/wp-content\/uploads\/2022\/07\/20220704_102357-1024x498.jpg 1024w, https:\/\/mybonnechance.de\/wp-content\/uploads\/2022\/07\/20220704_102357-300x146.jpg 300w, https:\/\/mybonnechance.de\/wp-content\/uploads\/2022\/07\/20220704_102357-768x373.jpg 768w, https:\/\/mybonnechance.de\/wp-content\/uploads\/2022\/07\/20220704_102357-1536x747.jpg 1536w, https:\/\/mybonnechance.de\/wp-content\/uploads\/2022\/07\/20220704_102357-2048x996.jpg 2048w\" sizes=\"auto, (max-width: 767px) 89vw, (max-width: 1000px) 54vw, (max-width: 1071px) 543px, 580px\" \/><figcaption class=\"wp-element-caption\"><strong>Dicke Rinder<\/strong><\/figcaption><\/figure>\n<\/figure>\n\n\n\n<div class=\"wp-block-columns is-layout-flex wp-container-core-columns-is-layout-9d6595d7 wp-block-columns-is-layout-flex\">\n<div class=\"wp-block-column is-layout-flow wp-block-column-is-layout-flow\" style=\"flex-basis:25%\">\n<figure class=\"wp-block-image size-large is-style-default\"><img loading=\"lazy\" decoding=\"async\" width=\"498\" height=\"1024\" src=\"https:\/\/mybonnechance.de\/wp-content\/uploads\/2022\/07\/20220704_103614-1-498x1024.jpg\" alt=\"\" class=\"wp-image-5390\" srcset=\"https:\/\/mybonnechance.de\/wp-content\/uploads\/2022\/07\/20220704_103614-1-498x1024.jpg 498w, https:\/\/mybonnechance.de\/wp-content\/uploads\/2022\/07\/20220704_103614-1-146x300.jpg 146w, https:\/\/mybonnechance.de\/wp-content\/uploads\/2022\/07\/20220704_103614-1-768x1580.jpg 768w, https:\/\/mybonnechance.de\/wp-content\/uploads\/2022\/07\/20220704_103614-1-747x1536.jpg 747w, https:\/\/mybonnechance.de\/wp-content\/uploads\/2022\/07\/20220704_103614-1-996x2048.jpg 996w, https:\/\/mybonnechance.de\/wp-content\/uploads\/2022\/07\/20220704_103614-1-scaled.jpg 1244w\" sizes=\"auto, (max-width: 498px) 100vw, 498px\" \/><figcaption class=\"wp-element-caption\"><strong>Ab in den Kanal<\/strong><\/figcaption><\/figure>\n<\/div>\n\n\n\n<div class=\"wp-block-column is-layout-flow wp-block-column-is-layout-flow\" style=\"flex-basis:50%\">\n<figure class=\"wp-block-image size-large is-style-default\"><img loading=\"lazy\" decoding=\"async\" width=\"1024\" height=\"498\" src=\"https:\/\/mybonnechance.de\/wp-content\/uploads\/2022\/07\/20220704_110333-1024x498.jpg\" alt=\"\" class=\"wp-image-5391\" srcset=\"https:\/\/mybonnechance.de\/wp-content\/uploads\/2022\/07\/20220704_110333-1024x498.jpg 1024w, https:\/\/mybonnechance.de\/wp-content\/uploads\/2022\/07\/20220704_110333-300x146.jpg 300w, https:\/\/mybonnechance.de\/wp-content\/uploads\/2022\/07\/20220704_110333-768x373.jpg 768w, https:\/\/mybonnechance.de\/wp-content\/uploads\/2022\/07\/20220704_110333-1536x747.jpg 1536w, https:\/\/mybonnechance.de\/wp-content\/uploads\/2022\/07\/20220704_110333-2048x996.jpg 2048w\" sizes=\"auto, (max-width: 767px) 89vw, (max-width: 1000px) 54vw, (max-width: 1071px) 543px, 580px\" \/><\/figure>\n\n\n\n<figure class=\"wp-block-image size-large is-style-default\"><img loading=\"lazy\" decoding=\"async\" width=\"1024\" height=\"498\" src=\"https:\/\/mybonnechance.de\/wp-content\/uploads\/2022\/07\/20220704_110949-1024x498.jpg\" alt=\"\" class=\"wp-image-5393\" srcset=\"https:\/\/mybonnechance.de\/wp-content\/uploads\/2022\/07\/20220704_110949-1024x498.jpg 1024w, https:\/\/mybonnechance.de\/wp-content\/uploads\/2022\/07\/20220704_110949-300x146.jpg 300w, https:\/\/mybonnechance.de\/wp-content\/uploads\/2022\/07\/20220704_110949-768x373.jpg 768w, https:\/\/mybonnechance.de\/wp-content\/uploads\/2022\/07\/20220704_110949-1536x747.jpg 1536w, https:\/\/mybonnechance.de\/wp-content\/uploads\/2022\/07\/20220704_110949-2048x996.jpg 2048w\" sizes=\"auto, (max-width: 767px) 89vw, (max-width: 1000px) 54vw, (max-width: 1071px) 543px, 580px\" \/><\/figure>\n<\/div>\n\n\n\n<div class=\"wp-block-column is-layout-flow wp-block-column-is-layout-flow\" style=\"flex-basis:25%\">\n<figure class=\"wp-block-image size-large is-style-default\"><img loading=\"lazy\" decoding=\"async\" width=\"498\" height=\"1024\" src=\"https:\/\/mybonnechance.de\/wp-content\/uploads\/2022\/07\/20220704_113509-498x1024.jpg\" alt=\"\" class=\"wp-image-5394\" srcset=\"https:\/\/mybonnechance.de\/wp-content\/uploads\/2022\/07\/20220704_113509-498x1024.jpg 498w, https:\/\/mybonnechance.de\/wp-content\/uploads\/2022\/07\/20220704_113509-146x300.jpg 146w, https:\/\/mybonnechance.de\/wp-content\/uploads\/2022\/07\/20220704_113509-768x1580.jpg 768w, https:\/\/mybonnechance.de\/wp-content\/uploads\/2022\/07\/20220704_113509-747x1536.jpg 747w, https:\/\/mybonnechance.de\/wp-content\/uploads\/2022\/07\/20220704_113509-996x2048.jpg 996w, https:\/\/mybonnechance.de\/wp-content\/uploads\/2022\/07\/20220704_113509-scaled.jpg 1244w\" sizes=\"auto, (max-width: 498px) 100vw, 498px\" \/><figcaption class=\"wp-element-caption\"><strong>Und dann geht&#8217;s erst mal zum Neder Rijn<\/strong><\/figcaption><\/figure>\n<\/div>\n<\/div>\n\n\n\n<figure class=\"wp-block-image size-large is-style-default\"><img loading=\"lazy\" decoding=\"async\" width=\"1024\" height=\"498\" src=\"https:\/\/mybonnechance.de\/wp-content\/uploads\/2022\/07\/20220704_162705-1024x498.jpg\" alt=\"\" class=\"wp-image-5399\" srcset=\"https:\/\/mybonnechance.de\/wp-content\/uploads\/2022\/07\/20220704_162705-1024x498.jpg 1024w, https:\/\/mybonnechance.de\/wp-content\/uploads\/2022\/07\/20220704_162705-300x146.jpg 300w, https:\/\/mybonnechance.de\/wp-content\/uploads\/2022\/07\/20220704_162705-768x373.jpg 768w, https:\/\/mybonnechance.de\/wp-content\/uploads\/2022\/07\/20220704_162705-1536x747.jpg 1536w, https:\/\/mybonnechance.de\/wp-content\/uploads\/2022\/07\/20220704_162705-2048x996.jpg 2048w\" sizes=\"auto, (max-width: 767px) 89vw, (max-width: 1000px) 54vw, (max-width: 1071px) 543px, 580px\" \/><figcaption class=\"wp-element-caption\"><strong>WSW Janson in Arnheim<\/strong><\/figcaption><\/figure>\n\n\n\n<p>Dann R\u00e4der runter und ab in die Stadt. In 10 min. sind wir an der <strong>Eusebiuskirche<\/strong>. Es ist die protestantische Hauptkirche Arnheims. Der Bau um 1522 dauerte 100 Jahre. Weitere interessante Bauten an denen wir vorbeikommen sind das ehemalige <strong>Stadhuis,<\/strong> die ehemalige  <strong>Post<\/strong>, in der sich heute ein Restaurant befindet und die <strong>Kuppelkirche <\/strong>( ist leider nicht ge\u00f6ffnet).<\/p>\n\n\n\n<figure class=\"wp-block-gallery has-nested-images columns-default is-cropped wp-block-gallery-2 is-layout-flex wp-block-gallery-is-layout-flex\">\n<figure class=\"wp-block-image size-large\"><img loading=\"lazy\" decoding=\"async\" width=\"498\" height=\"1024\" data-id=\"5404\" src=\"https:\/\/mybonnechance.de\/wp-content\/uploads\/2022\/07\/Euseb_4-498x1024.jpg\" alt=\"\" class=\"wp-image-5404\" srcset=\"https:\/\/mybonnechance.de\/wp-content\/uploads\/2022\/07\/Euseb_4-498x1024.jpg 498w, https:\/\/mybonnechance.de\/wp-content\/uploads\/2022\/07\/Euseb_4-146x300.jpg 146w, https:\/\/mybonnechance.de\/wp-content\/uploads\/2022\/07\/Euseb_4-768x1580.jpg 768w, https:\/\/mybonnechance.de\/wp-content\/uploads\/2022\/07\/Euseb_4-747x1536.jpg 747w, https:\/\/mybonnechance.de\/wp-content\/uploads\/2022\/07\/Euseb_4-996x2048.jpg 996w, https:\/\/mybonnechance.de\/wp-content\/uploads\/2022\/07\/Euseb_4-scaled.jpg 1244w\" sizes=\"auto, (max-width: 498px) 100vw, 498px\" \/><\/figure>\n\n\n\n<figure class=\"wp-block-image size-large\"><img loading=\"lazy\" decoding=\"async\" width=\"498\" height=\"1024\" data-id=\"5403\" src=\"https:\/\/mybonnechance.de\/wp-content\/uploads\/2022\/07\/Euseb_2-498x1024.jpg\" alt=\"\" class=\"wp-image-5403\" srcset=\"https:\/\/mybonnechance.de\/wp-content\/uploads\/2022\/07\/Euseb_2-498x1024.jpg 498w, https:\/\/mybonnechance.de\/wp-content\/uploads\/2022\/07\/Euseb_2-146x300.jpg 146w, https:\/\/mybonnechance.de\/wp-content\/uploads\/2022\/07\/Euseb_2-768x1580.jpg 768w, https:\/\/mybonnechance.de\/wp-content\/uploads\/2022\/07\/Euseb_2-747x1536.jpg 747w, https:\/\/mybonnechance.de\/wp-content\/uploads\/2022\/07\/Euseb_2-996x2048.jpg 996w, https:\/\/mybonnechance.de\/wp-content\/uploads\/2022\/07\/Euseb_2-scaled.jpg 1244w\" sizes=\"auto, (max-width: 498px) 100vw, 498px\" \/><\/figure>\n<\/figure>\n\n\n\n<figure class=\"wp-block-image size-large is-resized is-style-default\"><img loading=\"lazy\" decoding=\"async\" src=\"https:\/\/mybonnechance.de\/wp-content\/uploads\/2022\/07\/Euseb_8-1-1024x498.jpg\" alt=\"\" class=\"wp-image-5411\" width=\"736\" height=\"357\" srcset=\"https:\/\/mybonnechance.de\/wp-content\/uploads\/2022\/07\/Euseb_8-1-1024x498.jpg 1024w, https:\/\/mybonnechance.de\/wp-content\/uploads\/2022\/07\/Euseb_8-1-300x146.jpg 300w, https:\/\/mybonnechance.de\/wp-content\/uploads\/2022\/07\/Euseb_8-1-768x373.jpg 768w, https:\/\/mybonnechance.de\/wp-content\/uploads\/2022\/07\/Euseb_8-1-1536x747.jpg 1536w, https:\/\/mybonnechance.de\/wp-content\/uploads\/2022\/07\/Euseb_8-1-2048x996.jpg 2048w\" sizes=\"auto, (max-width: 736px) 100vw, 736px\" \/><\/figure>\n\n\n\n<figure class=\"wp-block-gallery has-nested-images columns-default is-cropped wp-block-gallery-3 is-layout-flex wp-block-gallery-is-layout-flex\">\n<figure class=\"wp-block-image size-large\"><img loading=\"lazy\" decoding=\"async\" width=\"498\" height=\"1024\" data-id=\"5419\" src=\"https:\/\/mybonnechance.de\/wp-content\/uploads\/2022\/07\/20220704_142242-498x1024.jpg\" alt=\"\" class=\"wp-image-5419\" srcset=\"https:\/\/mybonnechance.de\/wp-content\/uploads\/2022\/07\/20220704_142242-498x1024.jpg 498w, https:\/\/mybonnechance.de\/wp-content\/uploads\/2022\/07\/20220704_142242-146x300.jpg 146w, https:\/\/mybonnechance.de\/wp-content\/uploads\/2022\/07\/20220704_142242-768x1580.jpg 768w, https:\/\/mybonnechance.de\/wp-content\/uploads\/2022\/07\/20220704_142242-747x1536.jpg 747w, https:\/\/mybonnechance.de\/wp-content\/uploads\/2022\/07\/20220704_142242-996x2048.jpg 996w, https:\/\/mybonnechance.de\/wp-content\/uploads\/2022\/07\/20220704_142242-scaled.jpg 1244w\" sizes=\"auto, (max-width: 498px) 100vw, 498px\" \/><figcaption class=\"wp-element-caption\"><strong>Das alte Stadthuis<\/strong><\/figcaption><\/figure>\n\n\n\n<figure class=\"wp-block-image size-large\"><img loading=\"lazy\" decoding=\"async\" width=\"498\" height=\"1024\" data-id=\"5420\" src=\"https:\/\/mybonnechance.de\/wp-content\/uploads\/2022\/07\/20220704_142357-498x1024.jpg\" alt=\"\" class=\"wp-image-5420\" srcset=\"https:\/\/mybonnechance.de\/wp-content\/uploads\/2022\/07\/20220704_142357-498x1024.jpg 498w, https:\/\/mybonnechance.de\/wp-content\/uploads\/2022\/07\/20220704_142357-146x300.jpg 146w, https:\/\/mybonnechance.de\/wp-content\/uploads\/2022\/07\/20220704_142357-768x1580.jpg 768w, https:\/\/mybonnechance.de\/wp-content\/uploads\/2022\/07\/20220704_142357-747x1536.jpg 747w, https:\/\/mybonnechance.de\/wp-content\/uploads\/2022\/07\/20220704_142357-996x2048.jpg 996w, https:\/\/mybonnechance.de\/wp-content\/uploads\/2022\/07\/20220704_142357-scaled.jpg 1244w\" sizes=\"auto, (max-width: 498px) 100vw, 498px\" \/><\/figure>\n<\/figure>\n\n\n\n<figure class=\"wp-block-image size-large is-style-default\"><img loading=\"lazy\" decoding=\"async\" width=\"1024\" height=\"498\" src=\"https:\/\/mybonnechance.de\/wp-content\/uploads\/2022\/07\/20220704_140351-1024x498.jpg\" alt=\"\" class=\"wp-image-5414\" srcset=\"https:\/\/mybonnechance.de\/wp-content\/uploads\/2022\/07\/20220704_140351-1024x498.jpg 1024w, https:\/\/mybonnechance.de\/wp-content\/uploads\/2022\/07\/20220704_140351-300x146.jpg 300w, https:\/\/mybonnechance.de\/wp-content\/uploads\/2022\/07\/20220704_140351-768x373.jpg 768w, https:\/\/mybonnechance.de\/wp-content\/uploads\/2022\/07\/20220704_140351-1536x747.jpg 1536w, https:\/\/mybonnechance.de\/wp-content\/uploads\/2022\/07\/20220704_140351-2048x996.jpg 2048w\" sizes=\"auto, (max-width: 767px) 89vw, (max-width: 1000px) 54vw, (max-width: 1071px) 543px, 580px\" \/><figcaption class=\"wp-element-caption\"><strong>Die alte Post<\/strong><\/figcaption><\/figure>\n\n\n\n<figure class=\"wp-block-gallery has-nested-images columns-default is-cropped wp-block-gallery-4 is-layout-flex wp-block-gallery-is-layout-flex\">\n<figure class=\"wp-block-image size-large\"><img loading=\"lazy\" decoding=\"async\" width=\"498\" height=\"1024\" data-id=\"5415\" src=\"https:\/\/mybonnechance.de\/wp-content\/uploads\/2022\/07\/20220704_140646-498x1024.jpg\" alt=\"\" class=\"wp-image-5415\" srcset=\"https:\/\/mybonnechance.de\/wp-content\/uploads\/2022\/07\/20220704_140646-498x1024.jpg 498w, https:\/\/mybonnechance.de\/wp-content\/uploads\/2022\/07\/20220704_140646-146x300.jpg 146w, https:\/\/mybonnechance.de\/wp-content\/uploads\/2022\/07\/20220704_140646-768x1580.jpg 768w, https:\/\/mybonnechance.de\/wp-content\/uploads\/2022\/07\/20220704_140646-747x1536.jpg 747w, https:\/\/mybonnechance.de\/wp-content\/uploads\/2022\/07\/20220704_140646-996x2048.jpg 996w, https:\/\/mybonnechance.de\/wp-content\/uploads\/2022\/07\/20220704_140646-scaled.jpg 1244w\" sizes=\"auto, (max-width: 498px) 100vw, 498px\" \/><figcaption class=\"wp-element-caption\"><strong>Koepelkerk<\/strong><\/figcaption><\/figure>\n\n\n\n<figure class=\"wp-block-image size-large\"><img loading=\"lazy\" decoding=\"async\" width=\"498\" height=\"1024\" data-id=\"5416\" src=\"https:\/\/mybonnechance.de\/wp-content\/uploads\/2022\/07\/20220704_140831-498x1024.jpg\" alt=\"\" class=\"wp-image-5416\" srcset=\"https:\/\/mybonnechance.de\/wp-content\/uploads\/2022\/07\/20220704_140831-498x1024.jpg 498w, https:\/\/mybonnechance.de\/wp-content\/uploads\/2022\/07\/20220704_140831-146x300.jpg 146w, https:\/\/mybonnechance.de\/wp-content\/uploads\/2022\/07\/20220704_140831-768x1580.jpg 768w, https:\/\/mybonnechance.de\/wp-content\/uploads\/2022\/07\/20220704_140831-747x1536.jpg 747w, https:\/\/mybonnechance.de\/wp-content\/uploads\/2022\/07\/20220704_140831-996x2048.jpg 996w, https:\/\/mybonnechance.de\/wp-content\/uploads\/2022\/07\/20220704_140831-scaled.jpg 1244w\" sizes=\"auto, (max-width: 498px) 100vw, 498px\" \/><\/figure>\n<\/figure>\n\n\n\n<figure class=\"wp-block-gallery has-nested-images columns-default is-cropped wp-block-gallery-5 is-layout-flex wp-block-gallery-is-layout-flex\">\n<figure class=\"wp-block-image size-large\"><img loading=\"lazy\" decoding=\"async\" width=\"498\" height=\"1024\" data-id=\"5417\" src=\"https:\/\/mybonnechance.de\/wp-content\/uploads\/2022\/07\/20220704_141012-498x1024.jpg\" alt=\"\" class=\"wp-image-5417\" srcset=\"https:\/\/mybonnechance.de\/wp-content\/uploads\/2022\/07\/20220704_141012-498x1024.jpg 498w, https:\/\/mybonnechance.de\/wp-content\/uploads\/2022\/07\/20220704_141012-146x300.jpg 146w, https:\/\/mybonnechance.de\/wp-content\/uploads\/2022\/07\/20220704_141012-768x1580.jpg 768w, https:\/\/mybonnechance.de\/wp-content\/uploads\/2022\/07\/20220704_141012-747x1536.jpg 747w, https:\/\/mybonnechance.de\/wp-content\/uploads\/2022\/07\/20220704_141012-996x2048.jpg 996w, https:\/\/mybonnechance.de\/wp-content\/uploads\/2022\/07\/20220704_141012-scaled.jpg 1244w\" sizes=\"auto, (max-width: 498px) 100vw, 498px\" \/><\/figure>\n\n\n\n<figure class=\"wp-block-image size-large\"><img loading=\"lazy\" decoding=\"async\" width=\"498\" height=\"1024\" data-id=\"5418\" src=\"https:\/\/mybonnechance.de\/wp-content\/uploads\/2022\/07\/20220704_141254-498x1024.jpg\" alt=\"\" class=\"wp-image-5418\" srcset=\"https:\/\/mybonnechance.de\/wp-content\/uploads\/2022\/07\/20220704_141254-498x1024.jpg 498w, https:\/\/mybonnechance.de\/wp-content\/uploads\/2022\/07\/20220704_141254-146x300.jpg 146w, https:\/\/mybonnechance.de\/wp-content\/uploads\/2022\/07\/20220704_141254-768x1580.jpg 768w, https:\/\/mybonnechance.de\/wp-content\/uploads\/2022\/07\/20220704_141254-747x1536.jpg 747w, https:\/\/mybonnechance.de\/wp-content\/uploads\/2022\/07\/20220704_141254-996x2048.jpg 996w, https:\/\/mybonnechance.de\/wp-content\/uploads\/2022\/07\/20220704_141254-scaled.jpg 1244w\" sizes=\"auto, (max-width: 498px) 100vw, 498px\" \/><figcaption class=\"wp-element-caption\"><strong>Sch\u00f6ne moderne Innenstadt<\/strong><\/figcaption><\/figure>\n<\/figure>\n\n\n\n<p>Noch zur ber\u00fchmten<strong> Br\u00fccke von Arnheim<\/strong> geradelt. Es handelt sich dabei schon um den 2. Br\u00fcckenbau, nachdem die erste Br\u00fccke bei der <strong>Operation Market Garden<\/strong> von den Nazis zerst\u00f6rt wurde.<\/p>\n\n\n\n<figure class=\"wp-block-image size-large is-style-default\"><img loading=\"lazy\" decoding=\"async\" width=\"1024\" height=\"498\" src=\"https:\/\/mybonnechance.de\/wp-content\/uploads\/2022\/07\/20220704_154557-1024x498.jpg\" alt=\"\" class=\"wp-image-5421\" srcset=\"https:\/\/mybonnechance.de\/wp-content\/uploads\/2022\/07\/20220704_154557-1024x498.jpg 1024w, https:\/\/mybonnechance.de\/wp-content\/uploads\/2022\/07\/20220704_154557-300x146.jpg 300w, https:\/\/mybonnechance.de\/wp-content\/uploads\/2022\/07\/20220704_154557-768x373.jpg 768w, https:\/\/mybonnechance.de\/wp-content\/uploads\/2022\/07\/20220704_154557-1536x747.jpg 1536w, https:\/\/mybonnechance.de\/wp-content\/uploads\/2022\/07\/20220704_154557-2048x996.jpg 2048w\" sizes=\"auto, (max-width: 767px) 89vw, (max-width: 1000px) 54vw, (max-width: 1071px) 543px, 580px\" \/><figcaption class=\"wp-element-caption\"><strong>Br\u00fccke von Arnheim<\/strong><\/figcaption><\/figure>\n\n\n\n<p>Oh, bekommen wir einen neuen Bootsnachbarn \ud83d\ude42<\/p>\n\n\n\n<figure class=\"wp-block-image size-large is-style-default\"><img loading=\"lazy\" decoding=\"async\" width=\"1024\" height=\"498\" src=\"https:\/\/mybonnechance.de\/wp-content\/uploads\/2022\/07\/20220704_195146-1024x498.jpg\" alt=\"\" class=\"wp-image-5422\" srcset=\"https:\/\/mybonnechance.de\/wp-content\/uploads\/2022\/07\/20220704_195146-1024x498.jpg 1024w, https:\/\/mybonnechance.de\/wp-content\/uploads\/2022\/07\/20220704_195146-300x146.jpg 300w, https:\/\/mybonnechance.de\/wp-content\/uploads\/2022\/07\/20220704_195146-768x373.jpg 768w, https:\/\/mybonnechance.de\/wp-content\/uploads\/2022\/07\/20220704_195146-1536x747.jpg 1536w, https:\/\/mybonnechance.de\/wp-content\/uploads\/2022\/07\/20220704_195146-2048x996.jpg 2048w\" sizes=\"auto, (max-width: 767px) 89vw, (max-width: 1000px) 54vw, (max-width: 1071px) 543px, 580px\" \/><\/figure>\n\n\n","protected":false},"excerpt":{"rendered":"<p>Tag 9, Montag 04.Juli Nijmwegen &#8211; Arnheim, WSW Janson30,6 km \u2013 3,75 Std. Fahrzeit Es geht wieder auf den Waal, aber auch die Strecke schaffen wir ohne gro\u00dfe M\u00fche. Nat\u00fcrlich sind jede Menge Berufer unterwegs, aber es ist zu keiner Zeit zu einer brenzelige Situation gekommen. Es hat auch nicht gro\u00dfartig geschaukelt. Wir haben auch &hellip; <\/p>\n<p class=\"link-more\"><a href=\"https:\/\/mybonnechance.de\/?page_id=6108\" class=\"more-link\"><span class=\"screen-reader-text\">\u201e2022-06 Arnheim\u201c<\/span> weiterlesen<\/a><\/p>\n","protected":false},"author":1,"featured_media":0,"parent":0,"menu_order":0,"comment_status":"closed","ping_status":"closed","template":"","meta":{"ngg_post_thumbnail":0,"footnotes":""},"class_list":["post-6108","page","type-page","status-publish","hentry"],"_links":{"self":[{"href":"https:\/\/mybonnechance.de\/index.php?rest_route=\/wp\/v2\/pages\/6108","targetHints":{"allow":["GET"]}}],"collection":[{"href":"https:\/\/mybonnechance.de\/index.php?rest_route=\/wp\/v2\/pages"}],"about":[{"href":"https:\/\/mybonnechance.de\/index.php?rest_route=\/wp\/v2\/types\/page"}],"author":[{"embeddable":true,"href":"https:\/\/mybonnechance.de\/index.php?rest_route=\/wp\/v2\/users\/1"}],"replies":[{"embeddable":true,"href":"https:\/\/mybonnechance.de\/index.php?rest_route=%2Fwp%2Fv2%2Fcomments&post=6108"}],"version-history":[{"count":5,"href":"https:\/\/mybonnechance.de\/index.php?rest_route=\/wp\/v2\/pages\/6108\/revisions"}],"predecessor-version":[{"id":6943,"href":"https:\/\/mybonnechance.de\/index.php?rest_route=\/wp\/v2\/pages\/6108\/revisions\/6943"}],"wp:attachment":[{"href":"https:\/\/mybonnechance.de\/index.php?rest_route=%2Fwp%2Fv2%2Fmedia&parent=6108"}],"curies":[{"name":"wp","href":"https:\/\/api.w.org\/{rel}","templated":true}]}}