{"id":6112,"date":"2022-08-13T09:21:55","date_gmt":"2022-08-13T09:21:55","guid":{"rendered":"https:\/\/mybonnechance.de\/?page_id=6112"},"modified":"2023-01-06T11:51:53","modified_gmt":"2023-01-06T11:51:53","slug":"2022-07-rhederlaage","status":"publish","type":"page","link":"https:\/\/mybonnechance.de\/?page_id=6112","title":{"rendered":"2022-07 Rhederlaage"},"content":{"rendered":"\n<p><strong>Tag 10,  Dienstag 05.Juli<\/strong>   <strong>  Arnheim  &#8211;  Rhederlaage,   Jachthaven T&#8217;Eiland<\/strong><br>24,4 km \u2013 2,25 Std. Fahrzeit <br>Wir m\u00fcssen den <strong>Neder Rijn<\/strong> wieder ein St\u00fcck zur\u00fcck und biegen auf die <strong>Geldersche Ijssel <\/strong>ab.<\/p>\n\n\n\n<figure class=\"wp-block-image size-large is-style-rounded\"><img loading=\"lazy\" decoding=\"async\" width=\"498\" height=\"1024\" src=\"https:\/\/mybonnechance.de\/wp-content\/uploads\/2022\/07\/20220704_113509-1-498x1024.jpg\" alt=\"\" class=\"wp-image-5458\" srcset=\"https:\/\/mybonnechance.de\/wp-content\/uploads\/2022\/07\/20220704_113509-1-498x1024.jpg 498w, https:\/\/mybonnechance.de\/wp-content\/uploads\/2022\/07\/20220704_113509-1-146x300.jpg 146w, https:\/\/mybonnechance.de\/wp-content\/uploads\/2022\/07\/20220704_113509-1-768x1580.jpg 768w, https:\/\/mybonnechance.de\/wp-content\/uploads\/2022\/07\/20220704_113509-1-747x1536.jpg 747w, https:\/\/mybonnechance.de\/wp-content\/uploads\/2022\/07\/20220704_113509-1-996x2048.jpg 996w, https:\/\/mybonnechance.de\/wp-content\/uploads\/2022\/07\/20220704_113509-1-scaled.jpg 1244w\" sizes=\"auto, (max-width: 498px) 100vw, 498px\" \/><\/figure>\n\n\n\n<p>Auf der Ijssel fahren wir wieder mit der Str\u00f6mung und kommen auf 12,5 km\/h bei nur 1100 U. Die Ijssel ist sch\u00f6n zu fahren und uns begegnen wieder kaum Sportboote. Allerdings meinte eines mit viel Power einem dicken Dampfer zuvor kommen zu m\u00fcssen.<\/p>\n\n\n\n<figure class=\"wp-block-gallery has-nested-images columns-2 is-cropped wp-block-gallery-1 is-layout-flex wp-block-gallery-is-layout-flex\">\n<figure class=\"wp-block-image size-large\"><img loading=\"lazy\" decoding=\"async\" width=\"793\" height=\"1024\" data-id=\"5436\" src=\"https:\/\/mybonnechance.de\/wp-content\/uploads\/2022\/07\/20220705_094013-793x1024.jpg\" alt=\"\" class=\"wp-image-5436\" srcset=\"https:\/\/mybonnechance.de\/wp-content\/uploads\/2022\/07\/20220705_094013-793x1024.jpg 793w, https:\/\/mybonnechance.de\/wp-content\/uploads\/2022\/07\/20220705_094013-232x300.jpg 232w, https:\/\/mybonnechance.de\/wp-content\/uploads\/2022\/07\/20220705_094013-768x991.jpg 768w, https:\/\/mybonnechance.de\/wp-content\/uploads\/2022\/07\/20220705_094013-1190x1536.jpg 1190w, https:\/\/mybonnechance.de\/wp-content\/uploads\/2022\/07\/20220705_094013-1587x2048.jpg 1587w, https:\/\/mybonnechance.de\/wp-content\/uploads\/2022\/07\/20220705_094013.jpg 1937w\" sizes=\"auto, (max-width: 767px) 89vw, (max-width: 1000px) 54vw, (max-width: 1071px) 543px, 580px\" \/><\/figure>\n\n\n\n<figure class=\"wp-block-image size-large\"><img loading=\"lazy\" decoding=\"async\" width=\"498\" height=\"1024\" data-id=\"5434\" src=\"https:\/\/mybonnechance.de\/wp-content\/uploads\/2022\/07\/20220705_091007-498x1024.jpg\" alt=\"\" class=\"wp-image-5434\" srcset=\"https:\/\/mybonnechance.de\/wp-content\/uploads\/2022\/07\/20220705_091007-498x1024.jpg 498w, https:\/\/mybonnechance.de\/wp-content\/uploads\/2022\/07\/20220705_091007-146x300.jpg 146w, https:\/\/mybonnechance.de\/wp-content\/uploads\/2022\/07\/20220705_091007-768x1580.jpg 768w, https:\/\/mybonnechance.de\/wp-content\/uploads\/2022\/07\/20220705_091007-747x1536.jpg 747w, https:\/\/mybonnechance.de\/wp-content\/uploads\/2022\/07\/20220705_091007-996x2048.jpg 996w, https:\/\/mybonnechance.de\/wp-content\/uploads\/2022\/07\/20220705_091007-scaled.jpg 1244w\" sizes=\"auto, (max-width: 498px) 100vw, 498px\" \/><\/figure>\n\n\n\n<figure class=\"wp-block-image size-large\"><img loading=\"lazy\" decoding=\"async\" width=\"498\" height=\"1024\" data-id=\"5435\" src=\"https:\/\/mybonnechance.de\/wp-content\/uploads\/2022\/07\/20220705_091027-498x1024.jpg\" alt=\"\" class=\"wp-image-5435\" srcset=\"https:\/\/mybonnechance.de\/wp-content\/uploads\/2022\/07\/20220705_091027-498x1024.jpg 498w, https:\/\/mybonnechance.de\/wp-content\/uploads\/2022\/07\/20220705_091027-146x300.jpg 146w, https:\/\/mybonnechance.de\/wp-content\/uploads\/2022\/07\/20220705_091027-768x1580.jpg 768w, https:\/\/mybonnechance.de\/wp-content\/uploads\/2022\/07\/20220705_091027-747x1536.jpg 747w, https:\/\/mybonnechance.de\/wp-content\/uploads\/2022\/07\/20220705_091027-996x2048.jpg 996w, https:\/\/mybonnechance.de\/wp-content\/uploads\/2022\/07\/20220705_091027-scaled.jpg 1244w\" sizes=\"auto, (max-width: 498px) 100vw, 498px\" \/><\/figure>\n\n\n\n<figure class=\"wp-block-image size-large\"><img loading=\"lazy\" decoding=\"async\" width=\"680\" height=\"1024\" data-id=\"5437\" src=\"https:\/\/mybonnechance.de\/wp-content\/uploads\/2022\/07\/20220705_094136-680x1024.jpg\" alt=\"\" class=\"wp-image-5437\" srcset=\"https:\/\/mybonnechance.de\/wp-content\/uploads\/2022\/07\/20220705_094136-680x1024.jpg 680w, https:\/\/mybonnechance.de\/wp-content\/uploads\/2022\/07\/20220705_094136-199x300.jpg 199w, https:\/\/mybonnechance.de\/wp-content\/uploads\/2022\/07\/20220705_094136-768x1157.jpg 768w, https:\/\/mybonnechance.de\/wp-content\/uploads\/2022\/07\/20220705_094136-1019x1536.jpg 1019w, https:\/\/mybonnechance.de\/wp-content\/uploads\/2022\/07\/20220705_094136-1359x2048.jpg 1359w, https:\/\/mybonnechance.de\/wp-content\/uploads\/2022\/07\/20220705_094136-scaled.jpg 1699w\" sizes=\"auto, (max-width: 680px) 100vw, 680px\" \/><figcaption class=\"wp-element-caption\"><strong>So schnell gefahren und dann doch verloren \ud83d\ude42<\/strong><\/figcaption><\/figure>\n<\/figure>\n\n\n\n<p>Auch bei unserem heutigen Stopp in <strong>Rhederlaage<\/strong> ist es ziemlich leer. Man k\u00f6nnte meinen, wir sind noch in der Vorsaison<\/p>\n\n\n\n<figure class=\"wp-block-gallery has-nested-images columns-default is-cropped wp-block-gallery-2 is-layout-flex wp-block-gallery-is-layout-flex\">\n<figure class=\"wp-block-image size-large\"><img loading=\"lazy\" decoding=\"async\" width=\"1024\" height=\"498\" data-id=\"5440\" src=\"https:\/\/mybonnechance.de\/wp-content\/uploads\/2022\/07\/20220705_102454-1024x498.jpg\" alt=\"\" class=\"wp-image-5440\" srcset=\"https:\/\/mybonnechance.de\/wp-content\/uploads\/2022\/07\/20220705_102454-1024x498.jpg 1024w, https:\/\/mybonnechance.de\/wp-content\/uploads\/2022\/07\/20220705_102454-300x146.jpg 300w, https:\/\/mybonnechance.de\/wp-content\/uploads\/2022\/07\/20220705_102454-768x373.jpg 768w, https:\/\/mybonnechance.de\/wp-content\/uploads\/2022\/07\/20220705_102454-1536x747.jpg 1536w, https:\/\/mybonnechance.de\/wp-content\/uploads\/2022\/07\/20220705_102454-2048x996.jpg 2048w\" sizes=\"auto, (max-width: 767px) 89vw, (max-width: 1000px) 54vw, (max-width: 1071px) 543px, 580px\" \/><figcaption class=\"wp-element-caption\"><strong>Leerer Sandstrand<\/strong><\/figcaption><\/figure>\n\n\n\n<figure class=\"wp-block-image size-large\"><img loading=\"lazy\" decoding=\"async\" width=\"1024\" height=\"498\" data-id=\"5441\" src=\"https:\/\/mybonnechance.de\/wp-content\/uploads\/2022\/07\/20220705_102623-1024x498.jpg\" alt=\"\" class=\"wp-image-5441\" srcset=\"https:\/\/mybonnechance.de\/wp-content\/uploads\/2022\/07\/20220705_102623-1024x498.jpg 1024w, https:\/\/mybonnechance.de\/wp-content\/uploads\/2022\/07\/20220705_102623-300x146.jpg 300w, https:\/\/mybonnechance.de\/wp-content\/uploads\/2022\/07\/20220705_102623-768x373.jpg 768w, https:\/\/mybonnechance.de\/wp-content\/uploads\/2022\/07\/20220705_102623-1536x747.jpg 1536w, https:\/\/mybonnechance.de\/wp-content\/uploads\/2022\/07\/20220705_102623-2048x996.jpg 2048w\" sizes=\"auto, (max-width: 767px) 89vw, (max-width: 1000px) 54vw, (max-width: 1071px) 543px, 580px\" \/><\/figure>\n<\/figure>\n\n\n\n<figure class=\"wp-block-image size-large is-style-default\"><img loading=\"lazy\" decoding=\"async\" width=\"1024\" height=\"498\" src=\"https:\/\/mybonnechance.de\/wp-content\/uploads\/2022\/07\/20220705_105854-1024x498.jpg\" alt=\"\" class=\"wp-image-5443\" srcset=\"https:\/\/mybonnechance.de\/wp-content\/uploads\/2022\/07\/20220705_105854-1024x498.jpg 1024w, https:\/\/mybonnechance.de\/wp-content\/uploads\/2022\/07\/20220705_105854-300x146.jpg 300w, https:\/\/mybonnechance.de\/wp-content\/uploads\/2022\/07\/20220705_105854-768x373.jpg 768w, https:\/\/mybonnechance.de\/wp-content\/uploads\/2022\/07\/20220705_105854-1536x747.jpg 1536w, https:\/\/mybonnechance.de\/wp-content\/uploads\/2022\/07\/20220705_105854-2048x996.jpg 2048w\" sizes=\"auto, (max-width: 767px) 89vw, (max-width: 1000px) 54vw, (max-width: 1071px) 543px, 580px\" \/><\/figure>\n\n\n","protected":false},"excerpt":{"rendered":"<p>Tag 10, Dienstag 05.Juli Arnheim &#8211; Rhederlaage, Jachthaven T&#8217;Eiland24,4 km \u2013 2,25 Std. Fahrzeit Wir m\u00fcssen den Neder Rijn wieder ein St\u00fcck zur\u00fcck und biegen auf die Geldersche Ijssel ab. Auf der Ijssel fahren wir wieder mit der Str\u00f6mung und kommen auf 12,5 km\/h bei nur 1100 U. Die Ijssel ist sch\u00f6n zu fahren und &hellip; <\/p>\n<p class=\"link-more\"><a href=\"https:\/\/mybonnechance.de\/?page_id=6112\" class=\"more-link\"><span class=\"screen-reader-text\">\u201e2022-07 Rhederlaage\u201c<\/span> weiterlesen<\/a><\/p>\n","protected":false},"author":1,"featured_media":0,"parent":0,"menu_order":0,"comment_status":"closed","ping_status":"closed","template":"","meta":{"ngg_post_thumbnail":0,"footnotes":""},"class_list":["post-6112","page","type-page","status-publish","hentry"],"_links":{"self":[{"href":"https:\/\/mybonnechance.de\/index.php?rest_route=\/wp\/v2\/pages\/6112","targetHints":{"allow":["GET"]}}],"collection":[{"href":"https:\/\/mybonnechance.de\/index.php?rest_route=\/wp\/v2\/pages"}],"about":[{"href":"https:\/\/mybonnechance.de\/index.php?rest_route=\/wp\/v2\/types\/page"}],"author":[{"embeddable":true,"href":"https:\/\/mybonnechance.de\/index.php?rest_route=\/wp\/v2\/users\/1"}],"replies":[{"embeddable":true,"href":"https:\/\/mybonnechance.de\/index.php?rest_route=%2Fwp%2Fv2%2Fcomments&post=6112"}],"version-history":[{"count":4,"href":"https:\/\/mybonnechance.de\/index.php?rest_route=\/wp\/v2\/pages\/6112\/revisions"}],"predecessor-version":[{"id":6944,"href":"https:\/\/mybonnechance.de\/index.php?rest_route=\/wp\/v2\/pages\/6112\/revisions\/6944"}],"wp:attachment":[{"href":"https:\/\/mybonnechance.de\/index.php?rest_route=%2Fwp%2Fv2%2Fmedia&parent=6112"}],"curies":[{"name":"wp","href":"https:\/\/api.w.org\/{rel}","templated":true}]}}