{"id":6114,"date":"2022-08-13T09:24:25","date_gmt":"2022-08-13T09:24:25","guid":{"rendered":"https:\/\/mybonnechance.de\/?page_id=6114"},"modified":"2023-01-06T11:53:17","modified_gmt":"2023-01-06T11:53:17","slug":"2022-08-doesburg","status":"publish","type":"page","link":"https:\/\/mybonnechance.de\/?page_id=6114","title":{"rendered":"2022-08 Doesburg"},"content":{"rendered":"\n<p><strong>Tag 11, Mittwoch 06.Juli<\/strong>      <strong>Rhederlaage &#8211; Doesburg,   Passantenhaven<\/strong><br>10,2 km \u2013 1 Std. Fahrzeit  <br>Mein Geburtstag ohne die Freunde ist schon komisch. Das Telefon und die WhatsApps gehen zwar den ganzen Tag, aber es ist nicht wirklich ein Ersatz \ud83d\ude41<br>Wir rauschen die<strong> Ijssel<\/strong> wieder mit  fast 13 km\/h bei 1200 U runter. Echt der Wahnsinn. Wir ben\u00f6tigen die gleiche Zeit auf dem <strong>Kanal nach Doesburg<\/strong>, wie wir durch die &#8222;Teich\u00fcberquerung&#8220; brauchen:  jeweils 1\/2 Std., so da\u00df wir Doesburg bereits nach 1 h erreichen. Die Fahrt hat mir wieder sehr gut gefallen.<\/p>\n\n\n\n<figure class=\"wp-block-gallery has-nested-images columns-default is-cropped wp-block-gallery-1 is-layout-flex wp-block-gallery-is-layout-flex\">\n<figure class=\"wp-block-image size-large\"><img loading=\"lazy\" decoding=\"async\" width=\"498\" height=\"1024\" data-id=\"5456\" src=\"https:\/\/mybonnechance.de\/wp-content\/uploads\/2022\/07\/20220706_104523-498x1024.jpg\" alt=\"\" class=\"wp-image-5456\" srcset=\"https:\/\/mybonnechance.de\/wp-content\/uploads\/2022\/07\/20220706_104523-498x1024.jpg 498w, https:\/\/mybonnechance.de\/wp-content\/uploads\/2022\/07\/20220706_104523-146x300.jpg 146w, https:\/\/mybonnechance.de\/wp-content\/uploads\/2022\/07\/20220706_104523-768x1580.jpg 768w, https:\/\/mybonnechance.de\/wp-content\/uploads\/2022\/07\/20220706_104523-747x1536.jpg 747w, https:\/\/mybonnechance.de\/wp-content\/uploads\/2022\/07\/20220706_104523-996x2048.jpg 996w, https:\/\/mybonnechance.de\/wp-content\/uploads\/2022\/07\/20220706_104523-scaled.jpg 1244w\" sizes=\"auto, (max-width: 498px) 100vw, 498px\" \/><\/figure>\n\n\n\n<figure class=\"wp-block-image size-large\"><img loading=\"lazy\" decoding=\"async\" width=\"498\" height=\"1024\" data-id=\"5457\" src=\"https:\/\/mybonnechance.de\/wp-content\/uploads\/2022\/07\/20220706_110004-498x1024.jpg\" alt=\"\" class=\"wp-image-5457\" srcset=\"https:\/\/mybonnechance.de\/wp-content\/uploads\/2022\/07\/20220706_110004-498x1024.jpg 498w, https:\/\/mybonnechance.de\/wp-content\/uploads\/2022\/07\/20220706_110004-146x300.jpg 146w, https:\/\/mybonnechance.de\/wp-content\/uploads\/2022\/07\/20220706_110004-768x1580.jpg 768w, https:\/\/mybonnechance.de\/wp-content\/uploads\/2022\/07\/20220706_110004-747x1536.jpg 747w, https:\/\/mybonnechance.de\/wp-content\/uploads\/2022\/07\/20220706_110004-996x2048.jpg 996w, https:\/\/mybonnechance.de\/wp-content\/uploads\/2022\/07\/20220706_110004-scaled.jpg 1244w\" sizes=\"auto, (max-width: 498px) 100vw, 498px\" \/><figcaption class=\"wp-element-caption\">Doesburg<\/figcaption><\/figure>\n\n\n\n<figure class=\"wp-block-image size-large\"><img loading=\"lazy\" decoding=\"async\" width=\"498\" height=\"1024\" data-id=\"5459\" src=\"https:\/\/mybonnechance.de\/wp-content\/uploads\/2022\/07\/20220706_110012-498x1024.jpg\" alt=\"\" class=\"wp-image-5459\" srcset=\"https:\/\/mybonnechance.de\/wp-content\/uploads\/2022\/07\/20220706_110012-498x1024.jpg 498w, https:\/\/mybonnechance.de\/wp-content\/uploads\/2022\/07\/20220706_110012-146x300.jpg 146w, https:\/\/mybonnechance.de\/wp-content\/uploads\/2022\/07\/20220706_110012-768x1580.jpg 768w, https:\/\/mybonnechance.de\/wp-content\/uploads\/2022\/07\/20220706_110012-747x1536.jpg 747w, https:\/\/mybonnechance.de\/wp-content\/uploads\/2022\/07\/20220706_110012-996x2048.jpg 996w, https:\/\/mybonnechance.de\/wp-content\/uploads\/2022\/07\/20220706_110012-scaled.jpg 1244w\" sizes=\"auto, (max-width: 498px) 100vw, 498px\" \/><figcaption class=\"wp-element-caption\">Martinikerk<\/figcaption><\/figure>\n<\/figure>\n\n\n\n<p>Der Passantenhaven ist um diese Zeit noch nicht wirklich voll belegt, was sich aber im Laufe des heutigen und auch morgigen Tages \u00e4ndert. <\/p>\n\n\n\n<div class=\"wp-block-columns is-layout-flex wp-container-core-columns-is-layout-9d6595d7 wp-block-columns-is-layout-flex\">\n<div class=\"wp-block-column is-layout-flow wp-block-column-is-layout-flow\" style=\"flex-basis:33.33%\">\n<figure class=\"wp-block-image size-large is-style-default\"><img loading=\"lazy\" decoding=\"async\" width=\"498\" height=\"1024\" src=\"https:\/\/mybonnechance.de\/wp-content\/uploads\/2022\/07\/20220706_133951-1-498x1024.jpg\" alt=\"\" class=\"wp-image-5462\" srcset=\"https:\/\/mybonnechance.de\/wp-content\/uploads\/2022\/07\/20220706_133951-1-498x1024.jpg 498w, https:\/\/mybonnechance.de\/wp-content\/uploads\/2022\/07\/20220706_133951-1-146x300.jpg 146w, https:\/\/mybonnechance.de\/wp-content\/uploads\/2022\/07\/20220706_133951-1-768x1580.jpg 768w, https:\/\/mybonnechance.de\/wp-content\/uploads\/2022\/07\/20220706_133951-1-747x1536.jpg 747w, https:\/\/mybonnechance.de\/wp-content\/uploads\/2022\/07\/20220706_133951-1-996x2048.jpg 996w, https:\/\/mybonnechance.de\/wp-content\/uploads\/2022\/07\/20220706_133951-1-scaled.jpg 1244w\" sizes=\"auto, (max-width: 498px) 100vw, 498px\" \/><\/figure>\n<\/div>\n\n\n\n<div class=\"wp-block-column is-layout-flow wp-block-column-is-layout-flow\" style=\"flex-basis:66.66%\">\n<figure class=\"wp-block-image size-large is-style-default\"><img loading=\"lazy\" decoding=\"async\" width=\"1024\" height=\"498\" src=\"https:\/\/mybonnechance.de\/wp-content\/uploads\/2022\/07\/20220706_160645-1-1024x498.jpg\" alt=\"\" class=\"wp-image-5463\" srcset=\"https:\/\/mybonnechance.de\/wp-content\/uploads\/2022\/07\/20220706_160645-1-1024x498.jpg 1024w, https:\/\/mybonnechance.de\/wp-content\/uploads\/2022\/07\/20220706_160645-1-300x146.jpg 300w, https:\/\/mybonnechance.de\/wp-content\/uploads\/2022\/07\/20220706_160645-1-768x373.jpg 768w, https:\/\/mybonnechance.de\/wp-content\/uploads\/2022\/07\/20220706_160645-1-1536x747.jpg 1536w, https:\/\/mybonnechance.de\/wp-content\/uploads\/2022\/07\/20220706_160645-1-2048x996.jpg 2048w\" sizes=\"auto, (max-width: 767px) 89vw, (max-width: 1000px) 54vw, (max-width: 1071px) 543px, 580px\" \/><\/figure>\n<\/div>\n<\/div>\n\n\n\n<p>Der Hafen liegt zentral zur Stadt, und <strong>AH + CooP <\/strong>erreicht man fu\u00dfl\u00e4ufig in 5 min. Das einzig st\u00f6rende an dem Hafen ist, das gegen\u00fcber, im Wald versteckt, eine Schuttabladehalde sein muss. Zumindest lassen die metallischen Ger\u00e4usche darauf schlie\u00dfen. So, nach dem Anlegen gibt es dann erstmal ein Geburtstagssektfr\u00fchst\u00fcck mit meinem hei\u00df ersehnten Geschenk f\u00fcr unterwegs<\/p>\n\n\n\n<figure class=\"wp-block-image size-large is-style-rounded\"><img loading=\"lazy\" decoding=\"async\" width=\"498\" height=\"1024\" src=\"https:\/\/mybonnechance.de\/wp-content\/uploads\/2022\/07\/20220706_123142-498x1024.jpg\" alt=\"\" class=\"wp-image-5466\" srcset=\"https:\/\/mybonnechance.de\/wp-content\/uploads\/2022\/07\/20220706_123142-498x1024.jpg 498w, https:\/\/mybonnechance.de\/wp-content\/uploads\/2022\/07\/20220706_123142-146x300.jpg 146w, https:\/\/mybonnechance.de\/wp-content\/uploads\/2022\/07\/20220706_123142-768x1580.jpg 768w, https:\/\/mybonnechance.de\/wp-content\/uploads\/2022\/07\/20220706_123142-747x1536.jpg 747w, https:\/\/mybonnechance.de\/wp-content\/uploads\/2022\/07\/20220706_123142-996x2048.jpg 996w, https:\/\/mybonnechance.de\/wp-content\/uploads\/2022\/07\/20220706_123142-scaled.jpg 1244w\" sizes=\"auto, (max-width: 498px) 100vw, 498px\" \/><figcaption class=\"wp-element-caption\"><strong>Mein Geschenk:   die JBL Box<\/strong><\/figcaption><\/figure>\n\n\n\n<p><br>Das St\u00e4dtchen ist wieder mal typisch holl\u00e4ndisch: klein, aber fein. <strong>Doesburg <\/strong>ist seit 1447 eine Hansestadt und bekam die Stadtrechte sogar 60 Jahre eher als Amsterdam, n\u00e4mlich im Jahr 1237.  Die historische Altstadt z\u00e4hlt zu den best erhaltesten in den Niederlanden. Noch heute ist das mittelalterliche Stra\u00dfennetzt fast vollst\u00e4ndig erhalten.<\/p>\n\n\n\n<div class=\"wp-block-columns is-layout-flex wp-container-core-columns-is-layout-9d6595d7 wp-block-columns-is-layout-flex\">\n<div class=\"wp-block-column is-layout-flow wp-block-column-is-layout-flow\">\n<figure class=\"wp-block-image size-large is-style-default\"><img loading=\"lazy\" decoding=\"async\" width=\"498\" height=\"1024\" src=\"https:\/\/mybonnechance.de\/wp-content\/uploads\/2022\/07\/20220706_134740-498x1024.jpg\" alt=\"\" class=\"wp-image-5469\" srcset=\"https:\/\/mybonnechance.de\/wp-content\/uploads\/2022\/07\/20220706_134740-498x1024.jpg 498w, https:\/\/mybonnechance.de\/wp-content\/uploads\/2022\/07\/20220706_134740-146x300.jpg 146w, https:\/\/mybonnechance.de\/wp-content\/uploads\/2022\/07\/20220706_134740-768x1580.jpg 768w, https:\/\/mybonnechance.de\/wp-content\/uploads\/2022\/07\/20220706_134740-747x1536.jpg 747w, https:\/\/mybonnechance.de\/wp-content\/uploads\/2022\/07\/20220706_134740-996x2048.jpg 996w, https:\/\/mybonnechance.de\/wp-content\/uploads\/2022\/07\/20220706_134740-scaled.jpg 1244w\" sizes=\"auto, (max-width: 498px) 100vw, 498px\" \/><figcaption class=\"wp-element-caption\"><strong>Martinikerk<\/strong><\/figcaption><\/figure>\n<\/div>\n\n\n\n<div class=\"wp-block-column is-layout-flow wp-block-column-is-layout-flow\">\n<figure class=\"wp-block-image size-large is-style-default\"><img loading=\"lazy\" decoding=\"async\" width=\"498\" height=\"1024\" src=\"https:\/\/mybonnechance.de\/wp-content\/uploads\/2022\/07\/20220706_135703-498x1024.jpg\" alt=\"\" class=\"wp-image-5464\" srcset=\"https:\/\/mybonnechance.de\/wp-content\/uploads\/2022\/07\/20220706_135703-498x1024.jpg 498w, https:\/\/mybonnechance.de\/wp-content\/uploads\/2022\/07\/20220706_135703-146x300.jpg 146w, https:\/\/mybonnechance.de\/wp-content\/uploads\/2022\/07\/20220706_135703-768x1580.jpg 768w, https:\/\/mybonnechance.de\/wp-content\/uploads\/2022\/07\/20220706_135703-747x1536.jpg 747w, https:\/\/mybonnechance.de\/wp-content\/uploads\/2022\/07\/20220706_135703-996x2048.jpg 996w, https:\/\/mybonnechance.de\/wp-content\/uploads\/2022\/07\/20220706_135703-scaled.jpg 1244w\" sizes=\"auto, (max-width: 498px) 100vw, 498px\" \/><\/figure>\n<\/div>\n\n\n\n<div class=\"wp-block-column is-layout-flow wp-block-column-is-layout-flow\">\n<figure class=\"wp-block-image size-large is-style-default\"><img loading=\"lazy\" decoding=\"async\" width=\"498\" height=\"1024\" src=\"https:\/\/mybonnechance.de\/wp-content\/uploads\/2022\/07\/20220706_140540-498x1024.jpg\" alt=\"\" class=\"wp-image-5465\" srcset=\"https:\/\/mybonnechance.de\/wp-content\/uploads\/2022\/07\/20220706_140540-498x1024.jpg 498w, https:\/\/mybonnechance.de\/wp-content\/uploads\/2022\/07\/20220706_140540-146x300.jpg 146w, https:\/\/mybonnechance.de\/wp-content\/uploads\/2022\/07\/20220706_140540-768x1580.jpg 768w, https:\/\/mybonnechance.de\/wp-content\/uploads\/2022\/07\/20220706_140540-747x1536.jpg 747w, https:\/\/mybonnechance.de\/wp-content\/uploads\/2022\/07\/20220706_140540-996x2048.jpg 996w, https:\/\/mybonnechance.de\/wp-content\/uploads\/2022\/07\/20220706_140540-scaled.jpg 1244w\" sizes=\"auto, (max-width: 498px) 100vw, 498px\" \/><\/figure>\n<\/div>\n<\/div>\n\n\n\n<div class=\"wp-block-columns is-layout-flex wp-container-core-columns-is-layout-9d6595d7 wp-block-columns-is-layout-flex\">\n<div class=\"wp-block-column is-layout-flow wp-block-column-is-layout-flow\">\n<figure class=\"wp-block-image size-large is-style-default\"><img loading=\"lazy\" decoding=\"async\" width=\"498\" height=\"1024\" src=\"https:\/\/mybonnechance.de\/wp-content\/uploads\/2022\/07\/20220707_142120-498x1024.jpg\" alt=\"\" class=\"wp-image-5472\" srcset=\"https:\/\/mybonnechance.de\/wp-content\/uploads\/2022\/07\/20220707_142120-498x1024.jpg 498w, https:\/\/mybonnechance.de\/wp-content\/uploads\/2022\/07\/20220707_142120-146x300.jpg 146w, https:\/\/mybonnechance.de\/wp-content\/uploads\/2022\/07\/20220707_142120-768x1580.jpg 768w, https:\/\/mybonnechance.de\/wp-content\/uploads\/2022\/07\/20220707_142120-747x1536.jpg 747w, https:\/\/mybonnechance.de\/wp-content\/uploads\/2022\/07\/20220707_142120-996x2048.jpg 996w, https:\/\/mybonnechance.de\/wp-content\/uploads\/2022\/07\/20220707_142120-scaled.jpg 1244w\" sizes=\"auto, (max-width: 498px) 100vw, 498px\" \/><\/figure>\n<\/div>\n\n\n\n<div class=\"wp-block-column is-layout-flow wp-block-column-is-layout-flow\">\n<figure class=\"wp-block-image size-large is-style-default\"><img loading=\"lazy\" decoding=\"async\" width=\"498\" height=\"1024\" src=\"https:\/\/mybonnechance.de\/wp-content\/uploads\/2022\/07\/20220707_135339-498x1024.jpg\" alt=\"\" class=\"wp-image-5473\" srcset=\"https:\/\/mybonnechance.de\/wp-content\/uploads\/2022\/07\/20220707_135339-498x1024.jpg 498w, https:\/\/mybonnechance.de\/wp-content\/uploads\/2022\/07\/20220707_135339-146x300.jpg 146w, https:\/\/mybonnechance.de\/wp-content\/uploads\/2022\/07\/20220707_135339-768x1580.jpg 768w, https:\/\/mybonnechance.de\/wp-content\/uploads\/2022\/07\/20220707_135339-747x1536.jpg 747w, https:\/\/mybonnechance.de\/wp-content\/uploads\/2022\/07\/20220707_135339-996x2048.jpg 996w, https:\/\/mybonnechance.de\/wp-content\/uploads\/2022\/07\/20220707_135339-scaled.jpg 1244w\" sizes=\"auto, (max-width: 498px) 100vw, 498px\" \/><figcaption class=\"wp-element-caption\"><strong>Martinikerk<\/strong><\/figcaption><\/figure>\n<\/div>\n\n\n\n<div class=\"wp-block-column is-layout-flow wp-block-column-is-layout-flow\">\n<figure class=\"wp-block-image size-large is-style-default\"><img loading=\"lazy\" decoding=\"async\" width=\"498\" height=\"1024\" src=\"https:\/\/mybonnechance.de\/wp-content\/uploads\/2022\/07\/20220706_153414-498x1024.jpg\" alt=\"\" class=\"wp-image-5474\" srcset=\"https:\/\/mybonnechance.de\/wp-content\/uploads\/2022\/07\/20220706_153414-498x1024.jpg 498w, https:\/\/mybonnechance.de\/wp-content\/uploads\/2022\/07\/20220706_153414-146x300.jpg 146w, https:\/\/mybonnechance.de\/wp-content\/uploads\/2022\/07\/20220706_153414-768x1580.jpg 768w, https:\/\/mybonnechance.de\/wp-content\/uploads\/2022\/07\/20220706_153414-747x1536.jpg 747w, https:\/\/mybonnechance.de\/wp-content\/uploads\/2022\/07\/20220706_153414-996x2048.jpg 996w, https:\/\/mybonnechance.de\/wp-content\/uploads\/2022\/07\/20220706_153414-scaled.jpg 1244w\" sizes=\"auto, (max-width: 498px) 100vw, 498px\" \/><figcaption class=\"wp-element-caption\"><strong>Stadtbierhaus De Waag<\/strong><\/figcaption><\/figure>\n<\/div>\n<\/div>\n\n\n\n<p>Abends hatte ich mir f\u00fcr mein Geburtstagsessen die Nr. 1 der Restaurants ausgeguckt:   <strong>De Liefde<\/strong>. Aber ausgerechnet heute ist geschlossen. Deshalb reservieren wir beim Restaurant um die Ecke von De Liefde = <strong>Restaurant Bruut<\/strong>. Geschmacklich hervorragend, nur mein Lachs ist f\u00fcr meinen Geschmack etwas zu klein geraten<\/p>\n\n\n\n<p><strong>T<strong>ag 12,  Donnerstag 07. Juli<\/strong>  <strong> Doesburg <\/strong><\/strong> <br>Wir bleiben noch einen Tag, da der Wetterbericht Regen und starken Wind verk\u00fcndet. Also legen wir einen Hausfrauentag ein. Stephan putzt das Deck und ich backe Brot im Omnia. <br>Nachmittags kommt dann aber doch mal die Sonne raus und wir beschlie\u00dfen uns das <strong>Senfmuseum<\/strong> anzusehen. Schlie\u00dflich produziert Doesburg seit Jahrhunderten Senf. Leider bekommen wir keine Gelegenheit diese besondere Senfsuppe mal zu probieren.<\/p>\n\n\n\n<div class=\"wp-block-columns is-layout-flex wp-container-core-columns-is-layout-9d6595d7 wp-block-columns-is-layout-flex\">\n<div class=\"wp-block-column is-layout-flow wp-block-column-is-layout-flow\" style=\"flex-basis:66.66%\">\n<figure class=\"wp-block-image size-large is-style-default\"><img loading=\"lazy\" decoding=\"async\" width=\"1024\" height=\"498\" src=\"https:\/\/mybonnechance.de\/wp-content\/uploads\/2022\/07\/20220707_142641-1024x498.jpg\" alt=\"\" class=\"wp-image-5477\" srcset=\"https:\/\/mybonnechance.de\/wp-content\/uploads\/2022\/07\/20220707_142641-1024x498.jpg 1024w, https:\/\/mybonnechance.de\/wp-content\/uploads\/2022\/07\/20220707_142641-300x146.jpg 300w, https:\/\/mybonnechance.de\/wp-content\/uploads\/2022\/07\/20220707_142641-768x373.jpg 768w, https:\/\/mybonnechance.de\/wp-content\/uploads\/2022\/07\/20220707_142641-1536x747.jpg 1536w, https:\/\/mybonnechance.de\/wp-content\/uploads\/2022\/07\/20220707_142641-2048x996.jpg 2048w\" sizes=\"auto, (max-width: 767px) 89vw, (max-width: 1000px) 54vw, (max-width: 1071px) 543px, 580px\" \/><\/figure>\n\n\n\n<figure class=\"wp-block-image size-large is-style-default\"><img loading=\"lazy\" decoding=\"async\" width=\"1024\" height=\"498\" src=\"https:\/\/mybonnechance.de\/wp-content\/uploads\/2022\/07\/20220707_142746-1024x498.jpg\" alt=\"\" class=\"wp-image-5479\" srcset=\"https:\/\/mybonnechance.de\/wp-content\/uploads\/2022\/07\/20220707_142746-1024x498.jpg 1024w, https:\/\/mybonnechance.de\/wp-content\/uploads\/2022\/07\/20220707_142746-300x146.jpg 300w, https:\/\/mybonnechance.de\/wp-content\/uploads\/2022\/07\/20220707_142746-768x373.jpg 768w, https:\/\/mybonnechance.de\/wp-content\/uploads\/2022\/07\/20220707_142746-1536x747.jpg 1536w, https:\/\/mybonnechance.de\/wp-content\/uploads\/2022\/07\/20220707_142746-2048x996.jpg 2048w\" sizes=\"auto, (max-width: 767px) 89vw, (max-width: 1000px) 54vw, (max-width: 1071px) 543px, 580px\" \/><figcaption class=\"wp-element-caption\"><strong>Senfm\u00fchle<\/strong><\/figcaption><\/figure>\n<\/div>\n\n\n\n<div class=\"wp-block-column is-layout-flow wp-block-column-is-layout-flow\" style=\"flex-basis:33.33%\">\n<figure class=\"wp-block-image size-large is-style-default\"><img loading=\"lazy\" decoding=\"async\" width=\"498\" height=\"1024\" src=\"https:\/\/mybonnechance.de\/wp-content\/uploads\/2022\/07\/20220707_142822-498x1024.jpg\" alt=\"\" class=\"wp-image-5478\" srcset=\"https:\/\/mybonnechance.de\/wp-content\/uploads\/2022\/07\/20220707_142822-498x1024.jpg 498w, https:\/\/mybonnechance.de\/wp-content\/uploads\/2022\/07\/20220707_142822-146x300.jpg 146w, https:\/\/mybonnechance.de\/wp-content\/uploads\/2022\/07\/20220707_142822-768x1580.jpg 768w, https:\/\/mybonnechance.de\/wp-content\/uploads\/2022\/07\/20220707_142822-747x1536.jpg 747w, https:\/\/mybonnechance.de\/wp-content\/uploads\/2022\/07\/20220707_142822-996x2048.jpg 996w, https:\/\/mybonnechance.de\/wp-content\/uploads\/2022\/07\/20220707_142822-scaled.jpg 1244w\" sizes=\"auto, (max-width: 498px) 100vw, 498px\" \/><\/figure>\n<\/div>\n<\/div>\n\n\n\n<figure class=\"wp-block-gallery has-nested-images columns-2 is-cropped wp-block-gallery-2 is-layout-flex wp-block-gallery-is-layout-flex\">\n<figure class=\"wp-block-image size-large\"><img loading=\"lazy\" decoding=\"async\" width=\"498\" height=\"1024\" data-id=\"5494\" src=\"https:\/\/mybonnechance.de\/wp-content\/uploads\/2022\/07\/20220707_141045-2-498x1024.jpg\" alt=\"\" class=\"wp-image-5494\" srcset=\"https:\/\/mybonnechance.de\/wp-content\/uploads\/2022\/07\/20220707_141045-2-498x1024.jpg 498w, https:\/\/mybonnechance.de\/wp-content\/uploads\/2022\/07\/20220707_141045-2-146x300.jpg 146w, https:\/\/mybonnechance.de\/wp-content\/uploads\/2022\/07\/20220707_141045-2-768x1580.jpg 768w, https:\/\/mybonnechance.de\/wp-content\/uploads\/2022\/07\/20220707_141045-2-747x1536.jpg 747w, https:\/\/mybonnechance.de\/wp-content\/uploads\/2022\/07\/20220707_141045-2-996x2048.jpg 996w, https:\/\/mybonnechance.de\/wp-content\/uploads\/2022\/07\/20220707_141045-2-scaled.jpg 1244w\" sizes=\"auto, (max-width: 498px) 100vw, 498px\" \/><figcaption class=\"wp-element-caption\"><strong>Essigfass<\/strong><\/figcaption><\/figure>\n\n\n\n<figure class=\"wp-block-image size-large\"><img loading=\"lazy\" decoding=\"async\" width=\"498\" height=\"1024\" data-id=\"5496\" src=\"https:\/\/mybonnechance.de\/wp-content\/uploads\/2022\/07\/20220707_142834-3-498x1024.jpg\" alt=\"\" class=\"wp-image-5496\" srcset=\"https:\/\/mybonnechance.de\/wp-content\/uploads\/2022\/07\/20220707_142834-3-498x1024.jpg 498w, https:\/\/mybonnechance.de\/wp-content\/uploads\/2022\/07\/20220707_142834-3-146x300.jpg 146w, https:\/\/mybonnechance.de\/wp-content\/uploads\/2022\/07\/20220707_142834-3-768x1580.jpg 768w, https:\/\/mybonnechance.de\/wp-content\/uploads\/2022\/07\/20220707_142834-3-747x1536.jpg 747w, https:\/\/mybonnechance.de\/wp-content\/uploads\/2022\/07\/20220707_142834-3-996x2048.jpg 996w, https:\/\/mybonnechance.de\/wp-content\/uploads\/2022\/07\/20220707_142834-3-scaled.jpg 1244w\" sizes=\"auto, (max-width: 498px) 100vw, 498px\" \/><\/figure>\n\n\n\n<figure class=\"wp-block-image size-large\"><img loading=\"lazy\" decoding=\"async\" width=\"498\" height=\"1024\" data-id=\"5495\" src=\"https:\/\/mybonnechance.de\/wp-content\/uploads\/2022\/07\/20220707_142720-5-498x1024.jpg\" alt=\"\" class=\"wp-image-5495\" srcset=\"https:\/\/mybonnechance.de\/wp-content\/uploads\/2022\/07\/20220707_142720-5-498x1024.jpg 498w, https:\/\/mybonnechance.de\/wp-content\/uploads\/2022\/07\/20220707_142720-5-146x300.jpg 146w, https:\/\/mybonnechance.de\/wp-content\/uploads\/2022\/07\/20220707_142720-5-768x1580.jpg 768w, https:\/\/mybonnechance.de\/wp-content\/uploads\/2022\/07\/20220707_142720-5-747x1536.jpg 747w, https:\/\/mybonnechance.de\/wp-content\/uploads\/2022\/07\/20220707_142720-5-996x2048.jpg 996w, https:\/\/mybonnechance.de\/wp-content\/uploads\/2022\/07\/20220707_142720-5-scaled.jpg 1244w\" sizes=\"auto, (max-width: 498px) 100vw, 498px\" \/><figcaption class=\"wp-element-caption\"><strong>Senfd\u00f6schen aus allen L\u00e4ndern<\/strong><\/figcaption><\/figure>\n\n\n\n<figure class=\"wp-block-image size-large\"><img loading=\"lazy\" decoding=\"async\" width=\"498\" height=\"1024\" data-id=\"5497\" src=\"https:\/\/mybonnechance.de\/wp-content\/uploads\/2022\/07\/20220707_142904-4-498x1024.jpg\" alt=\"\" class=\"wp-image-5497\" srcset=\"https:\/\/mybonnechance.de\/wp-content\/uploads\/2022\/07\/20220707_142904-4-498x1024.jpg 498w, https:\/\/mybonnechance.de\/wp-content\/uploads\/2022\/07\/20220707_142904-4-146x300.jpg 146w, https:\/\/mybonnechance.de\/wp-content\/uploads\/2022\/07\/20220707_142904-4-768x1580.jpg 768w, https:\/\/mybonnechance.de\/wp-content\/uploads\/2022\/07\/20220707_142904-4-747x1536.jpg 747w, https:\/\/mybonnechance.de\/wp-content\/uploads\/2022\/07\/20220707_142904-4-996x2048.jpg 996w, https:\/\/mybonnechance.de\/wp-content\/uploads\/2022\/07\/20220707_142904-4-scaled.jpg 1244w\" sizes=\"auto, (max-width: 498px) 100vw, 498px\" \/><\/figure>\n<\/figure>\n\n\n\n<p>So, und zum Abschlu\u00df leckeren Ice Cappuciono<\/p>\n\n\n\n<figure class=\"wp-block-gallery has-nested-images columns-default is-cropped wp-block-gallery-3 is-layout-flex wp-block-gallery-is-layout-flex\">\n<figure class=\"wp-block-image size-large\"><img loading=\"lazy\" decoding=\"async\" width=\"498\" height=\"1024\" data-id=\"5499\" src=\"https:\/\/mybonnechance.de\/wp-content\/uploads\/2022\/07\/20220706_144157-498x1024.jpg\" alt=\"\" class=\"wp-image-5499\" srcset=\"https:\/\/mybonnechance.de\/wp-content\/uploads\/2022\/07\/20220706_144157-498x1024.jpg 498w, https:\/\/mybonnechance.de\/wp-content\/uploads\/2022\/07\/20220706_144157-146x300.jpg 146w, https:\/\/mybonnechance.de\/wp-content\/uploads\/2022\/07\/20220706_144157-768x1580.jpg 768w, https:\/\/mybonnechance.de\/wp-content\/uploads\/2022\/07\/20220706_144157-747x1536.jpg 747w, https:\/\/mybonnechance.de\/wp-content\/uploads\/2022\/07\/20220706_144157-996x2048.jpg 996w, https:\/\/mybonnechance.de\/wp-content\/uploads\/2022\/07\/20220706_144157-scaled.jpg 1244w\" sizes=\"auto, (max-width: 498px) 100vw, 498px\" \/><\/figure>\n\n\n\n<figure class=\"wp-block-image size-large\"><img loading=\"lazy\" decoding=\"async\" width=\"498\" height=\"1024\" data-id=\"5498\" src=\"https:\/\/mybonnechance.de\/wp-content\/uploads\/2022\/07\/20220706_144143-498x1024.jpg\" alt=\"\" class=\"wp-image-5498\" srcset=\"https:\/\/mybonnechance.de\/wp-content\/uploads\/2022\/07\/20220706_144143-498x1024.jpg 498w, https:\/\/mybonnechance.de\/wp-content\/uploads\/2022\/07\/20220706_144143-146x300.jpg 146w, https:\/\/mybonnechance.de\/wp-content\/uploads\/2022\/07\/20220706_144143-768x1580.jpg 768w, https:\/\/mybonnechance.de\/wp-content\/uploads\/2022\/07\/20220706_144143-747x1536.jpg 747w, https:\/\/mybonnechance.de\/wp-content\/uploads\/2022\/07\/20220706_144143-996x2048.jpg 996w, https:\/\/mybonnechance.de\/wp-content\/uploads\/2022\/07\/20220706_144143-scaled.jpg 1244w\" sizes=\"auto, (max-width: 498px) 100vw, 498px\" \/><\/figure>\n<\/figure>\n\n\n","protected":false},"excerpt":{"rendered":"<p>Tag 11, Mittwoch 06.Juli Rhederlaage &#8211; Doesburg, Passantenhaven10,2 km \u2013 1 Std. Fahrzeit Mein Geburtstag ohne die Freunde ist schon komisch. Das Telefon und die WhatsApps gehen zwar den ganzen Tag, aber es ist nicht wirklich ein Ersatz \ud83d\ude41Wir rauschen die Ijssel wieder mit fast 13 km\/h bei 1200 U runter. Echt der Wahnsinn. Wir &hellip; <\/p>\n<p class=\"link-more\"><a href=\"https:\/\/mybonnechance.de\/?page_id=6114\" class=\"more-link\"><span class=\"screen-reader-text\">\u201e2022-08 Doesburg\u201c<\/span> weiterlesen<\/a><\/p>\n","protected":false},"author":1,"featured_media":0,"parent":0,"menu_order":0,"comment_status":"closed","ping_status":"closed","template":"","meta":{"ngg_post_thumbnail":0,"footnotes":""},"class_list":["post-6114","page","type-page","status-publish","hentry"],"_links":{"self":[{"href":"https:\/\/mybonnechance.de\/index.php?rest_route=\/wp\/v2\/pages\/6114","targetHints":{"allow":["GET"]}}],"collection":[{"href":"https:\/\/mybonnechance.de\/index.php?rest_route=\/wp\/v2\/pages"}],"about":[{"href":"https:\/\/mybonnechance.de\/index.php?rest_route=\/wp\/v2\/types\/page"}],"author":[{"embeddable":true,"href":"https:\/\/mybonnechance.de\/index.php?rest_route=\/wp\/v2\/users\/1"}],"replies":[{"embeddable":true,"href":"https:\/\/mybonnechance.de\/index.php?rest_route=%2Fwp%2Fv2%2Fcomments&post=6114"}],"version-history":[{"count":5,"href":"https:\/\/mybonnechance.de\/index.php?rest_route=\/wp\/v2\/pages\/6114\/revisions"}],"predecessor-version":[{"id":6945,"href":"https:\/\/mybonnechance.de\/index.php?rest_route=\/wp\/v2\/pages\/6114\/revisions\/6945"}],"wp:attachment":[{"href":"https:\/\/mybonnechance.de\/index.php?rest_route=%2Fwp%2Fv2%2Fmedia&parent=6114"}],"curies":[{"name":"wp","href":"https:\/\/api.w.org\/{rel}","templated":true}]}}