{"id":6137,"date":"2022-08-13T10:05:04","date_gmt":"2022-08-13T10:05:04","guid":{"rendered":"https:\/\/mybonnechance.de\/?page_id=6137"},"modified":"2023-01-06T12:03:54","modified_gmt":"2023-01-06T12:03:54","slug":"2022-11-lochem","status":"publish","type":"page","link":"https:\/\/mybonnechance.de\/?page_id=6137","title":{"rendered":"2022-11 Lochem"},"content":{"rendered":"\n<p><strong>Tag 17, Dienstag 12.Juli<\/strong>      <strong>Deventer <\/strong> &#8211;<strong> Lochem,   Passantenhaven<\/strong><br>32,3 km \u2013 1 Schleuse &#8211; 4,3 Std. Fahrzeit  <br>Heute fr\u00fch um sechs ist es sehr nebelig und ich  bef\u00fcrchte schon, es gibt nichts mit dem angek\u00fcndigten sch\u00f6nen Tag. Aber ab 08:00 Uhr setzt sich, zwar bei noch frischen Temperaturen, die Sonne durch. Wir fahren zur\u00fcck zum <strong>Twentekanal <\/strong>und brauchen daf\u00fcr ca. \u00bd Std. l\u00e4nger als auf der Hinfahrt. Wir m\u00fcssen gegen die Str\u00f6mung fahren und daf\u00fcr finde ich die Zeit gar nicht so schlecht.<\/p>\n\n\n\n<div class=\"wp-block-columns is-layout-flex wp-container-core-columns-is-layout-9d6595d7 wp-block-columns-is-layout-flex\">\n<div class=\"wp-block-column is-layout-flow wp-block-column-is-layout-flow\" style=\"flex-basis:66.66%\">\n<figure class=\"wp-block-image size-large is-style-default\"><img loading=\"lazy\" decoding=\"async\" width=\"1024\" height=\"498\" src=\"https:\/\/mybonnechance.de\/wp-content\/uploads\/2022\/07\/20220712_103439-1-1024x498.jpg\" alt=\"\" class=\"wp-image-5616\" srcset=\"https:\/\/mybonnechance.de\/wp-content\/uploads\/2022\/07\/20220712_103439-1-1024x498.jpg 1024w, https:\/\/mybonnechance.de\/wp-content\/uploads\/2022\/07\/20220712_103439-1-300x146.jpg 300w, https:\/\/mybonnechance.de\/wp-content\/uploads\/2022\/07\/20220712_103439-1-768x373.jpg 768w, https:\/\/mybonnechance.de\/wp-content\/uploads\/2022\/07\/20220712_103439-1-1536x747.jpg 1536w, https:\/\/mybonnechance.de\/wp-content\/uploads\/2022\/07\/20220712_103439-1-2048x996.jpg 2048w\" sizes=\"auto, (max-width: 767px) 89vw, (max-width: 1000px) 54vw, (max-width: 1071px) 543px, 580px\" \/><\/figure>\n\n\n\n<p>Der Kanal ist auch wieder sehr sch\u00f6n, rechts und links bewaldet. Heute ist schon etwas mehr los bei den Sportschiffern. Man merkt jetzt doch den Ferienstart in den Niederlanden.<\/p>\n<\/div>\n\n\n\n<div class=\"wp-block-column is-layout-flow wp-block-column-is-layout-flow\" style=\"flex-basis:33.33%\">\n<figure class=\"wp-block-image size-large is-style-rounded\"><img loading=\"lazy\" decoding=\"async\" width=\"498\" height=\"1024\" src=\"https:\/\/mybonnechance.de\/wp-content\/uploads\/2022\/07\/20220712_104603-1-498x1024.jpg\" alt=\"\" class=\"wp-image-5617\" srcset=\"https:\/\/mybonnechance.de\/wp-content\/uploads\/2022\/07\/20220712_104603-1-498x1024.jpg 498w, https:\/\/mybonnechance.de\/wp-content\/uploads\/2022\/07\/20220712_104603-1-146x300.jpg 146w, https:\/\/mybonnechance.de\/wp-content\/uploads\/2022\/07\/20220712_104603-1-768x1580.jpg 768w, https:\/\/mybonnechance.de\/wp-content\/uploads\/2022\/07\/20220712_104603-1-747x1536.jpg 747w, https:\/\/mybonnechance.de\/wp-content\/uploads\/2022\/07\/20220712_104603-1-996x2048.jpg 996w, https:\/\/mybonnechance.de\/wp-content\/uploads\/2022\/07\/20220712_104603-1-scaled.jpg 1244w\" sizes=\"auto, (max-width: 498px) 100vw, 498px\" \/><\/figure>\n<\/div>\n<\/div>\n\n\n\n<p>Angekommen bei der<strong> Schleuse Eelfde<\/strong> k\u00f6nnen wir sofort mit! Es ist ein gro\u00dfer H\u00f6henunterschied von 5 m, aber die Schleuse ist wunderbar mit Schwimmpoller ausgestattet. Vor lauter Schleusen vergesse ich die steile Wand zu knipsen. Auf den Photos sind wir schon halb oben.<\/p>\n\n\n\n<div class=\"wp-block-columns is-layout-flex wp-container-core-columns-is-layout-9d6595d7 wp-block-columns-is-layout-flex\">\n<div class=\"wp-block-column is-layout-flow wp-block-column-is-layout-flow\">\n<figure class=\"wp-block-image size-large is-style-default\"><img loading=\"lazy\" decoding=\"async\" width=\"498\" height=\"1024\" src=\"https:\/\/mybonnechance.de\/wp-content\/uploads\/2022\/07\/20220712_111931-498x1024.jpg\" alt=\"\" class=\"wp-image-5618\" srcset=\"https:\/\/mybonnechance.de\/wp-content\/uploads\/2022\/07\/20220712_111931-498x1024.jpg 498w, https:\/\/mybonnechance.de\/wp-content\/uploads\/2022\/07\/20220712_111931-146x300.jpg 146w, https:\/\/mybonnechance.de\/wp-content\/uploads\/2022\/07\/20220712_111931-768x1580.jpg 768w, https:\/\/mybonnechance.de\/wp-content\/uploads\/2022\/07\/20220712_111931-747x1536.jpg 747w, https:\/\/mybonnechance.de\/wp-content\/uploads\/2022\/07\/20220712_111931-996x2048.jpg 996w, https:\/\/mybonnechance.de\/wp-content\/uploads\/2022\/07\/20220712_111931-scaled.jpg 1244w\" sizes=\"auto, (max-width: 498px) 100vw, 498px\" \/><\/figure>\n<\/div>\n\n\n\n<div class=\"wp-block-column is-layout-flow wp-block-column-is-layout-flow\">\n<figure class=\"wp-block-image size-large is-style-default\"><img loading=\"lazy\" decoding=\"async\" width=\"498\" height=\"1024\" src=\"https:\/\/mybonnechance.de\/wp-content\/uploads\/2022\/07\/20220712_112121-498x1024.jpg\" alt=\"\" class=\"wp-image-5619\" srcset=\"https:\/\/mybonnechance.de\/wp-content\/uploads\/2022\/07\/20220712_112121-498x1024.jpg 498w, https:\/\/mybonnechance.de\/wp-content\/uploads\/2022\/07\/20220712_112121-146x300.jpg 146w, https:\/\/mybonnechance.de\/wp-content\/uploads\/2022\/07\/20220712_112121-768x1580.jpg 768w, https:\/\/mybonnechance.de\/wp-content\/uploads\/2022\/07\/20220712_112121-747x1536.jpg 747w, https:\/\/mybonnechance.de\/wp-content\/uploads\/2022\/07\/20220712_112121-996x2048.jpg 996w, https:\/\/mybonnechance.de\/wp-content\/uploads\/2022\/07\/20220712_112121-scaled.jpg 1244w\" sizes=\"auto, (max-width: 498px) 100vw, 498px\" \/><figcaption class=\"wp-element-caption\"><strong>Guckuck, da bin ich<\/strong><\/figcaption><\/figure>\n<\/div>\n\n\n\n<div class=\"wp-block-column is-layout-flow wp-block-column-is-layout-flow\">\n<figure class=\"wp-block-image size-large is-style-default\"><img loading=\"lazy\" decoding=\"async\" width=\"498\" height=\"1024\" src=\"https:\/\/mybonnechance.de\/wp-content\/uploads\/2022\/07\/20220712_112437-498x1024.jpg\" alt=\"\" class=\"wp-image-5620\" srcset=\"https:\/\/mybonnechance.de\/wp-content\/uploads\/2022\/07\/20220712_112437-498x1024.jpg 498w, https:\/\/mybonnechance.de\/wp-content\/uploads\/2022\/07\/20220712_112437-146x300.jpg 146w, https:\/\/mybonnechance.de\/wp-content\/uploads\/2022\/07\/20220712_112437-768x1580.jpg 768w, https:\/\/mybonnechance.de\/wp-content\/uploads\/2022\/07\/20220712_112437-747x1536.jpg 747w, https:\/\/mybonnechance.de\/wp-content\/uploads\/2022\/07\/20220712_112437-996x2048.jpg 996w, https:\/\/mybonnechance.de\/wp-content\/uploads\/2022\/07\/20220712_112437-scaled.jpg 1244w\" sizes=\"auto, (max-width: 498px) 100vw, 498px\" \/><figcaption class=\"wp-element-caption\"><strong>Und jetzt auf einer Ebene<\/strong><\/figcaption><\/figure>\n<\/div>\n<\/div>\n\n\n\n<div class=\"wp-block-columns is-layout-flex wp-container-core-columns-is-layout-9d6595d7 wp-block-columns-is-layout-flex\">\n<div class=\"wp-block-column is-layout-flow wp-block-column-is-layout-flow\">\n<figure class=\"wp-block-image size-large is-style-default\"><img loading=\"lazy\" decoding=\"async\" width=\"498\" height=\"1024\" src=\"https:\/\/mybonnechance.de\/wp-content\/uploads\/2022\/07\/20220712_112245-498x1024.jpg\" alt=\"\" class=\"wp-image-5621\" srcset=\"https:\/\/mybonnechance.de\/wp-content\/uploads\/2022\/07\/20220712_112245-498x1024.jpg 498w, https:\/\/mybonnechance.de\/wp-content\/uploads\/2022\/07\/20220712_112245-146x300.jpg 146w, https:\/\/mybonnechance.de\/wp-content\/uploads\/2022\/07\/20220712_112245-768x1580.jpg 768w, https:\/\/mybonnechance.de\/wp-content\/uploads\/2022\/07\/20220712_112245-747x1536.jpg 747w, https:\/\/mybonnechance.de\/wp-content\/uploads\/2022\/07\/20220712_112245-996x2048.jpg 996w, https:\/\/mybonnechance.de\/wp-content\/uploads\/2022\/07\/20220712_112245-scaled.jpg 1244w\" sizes=\"auto, (max-width: 498px) 100vw, 498px\" \/><figcaption class=\"wp-element-caption\"><strong>Hinter uns ist der Kanal 5 m tiefer<\/strong><\/figcaption><\/figure>\n<\/div>\n\n\n\n<div class=\"wp-block-column is-layout-flow wp-block-column-is-layout-flow\">\n<figure class=\"wp-block-image size-large is-style-default\"><img loading=\"lazy\" decoding=\"async\" width=\"498\" height=\"1024\" src=\"https:\/\/mybonnechance.de\/wp-content\/uploads\/2022\/07\/20220712_113220-498x1024.jpg\" alt=\"\" class=\"wp-image-5622\" srcset=\"https:\/\/mybonnechance.de\/wp-content\/uploads\/2022\/07\/20220712_113220-498x1024.jpg 498w, https:\/\/mybonnechance.de\/wp-content\/uploads\/2022\/07\/20220712_113220-146x300.jpg 146w, https:\/\/mybonnechance.de\/wp-content\/uploads\/2022\/07\/20220712_113220-768x1580.jpg 768w, https:\/\/mybonnechance.de\/wp-content\/uploads\/2022\/07\/20220712_113220-747x1536.jpg 747w, https:\/\/mybonnechance.de\/wp-content\/uploads\/2022\/07\/20220712_113220-996x2048.jpg 996w, https:\/\/mybonnechance.de\/wp-content\/uploads\/2022\/07\/20220712_113220-scaled.jpg 1244w\" sizes=\"auto, (max-width: 498px) 100vw, 498px\" \/><\/figure>\n<\/div>\n<\/div>\n\n\n\n<p>Um 13:00 Uhr haben wir es geschafft und biegen in den <strong>Passantehaven von Lochem<\/strong> ein. Im ersten Moment haben wir gedacht, die Karte spinnt, als wir den sogenannten Passantenhaven erreichen. Ich w\u00fcrde sagen, es ist ein kleiner Anlegeplatz, der eigentlich immer noch zum Kanal geh\u00f6rt. Jedenfalls brausen die gro\u00dfen P\u00f6tte nur 20 m hinter uns vorbei. Es sind ca. 4-5 Stege vorhanden, mit Platz f\u00fcr 8-10 Schiffe. Bei den Stegen muss man allerdings eher von Holzbrettern sprechen. Beide Sportschiffe, die mit uns geschleust sind, legen auch hier an. Es w\u00e4re sogar lauschig dort, wenn die Stra\u00dfe nicht direkt hinter dem W\u00e4ldchen vorbei f\u00fchren w\u00fcrde. Hinter uns ist auch noch eine Br\u00fccke mit viel Verker. Daf\u00fcr sieht es so aus, als k\u00f6nnte man hier umsonst liegen.<br>Leider f\u00e4ngt der Flu\u00df zunehmend an zu stinken, so da\u00df ich mich irgendwann von drau\u00dfen nach drinnen verziehe.<\/p>\n\n\n\n<figure class=\"wp-block-image size-large is-style-default\"><img loading=\"lazy\" decoding=\"async\" width=\"1024\" height=\"498\" src=\"https:\/\/mybonnechance.de\/wp-content\/uploads\/2022\/07\/Hafen-2-2-1024x498.jpg\" alt=\"\" class=\"wp-image-5625\" srcset=\"https:\/\/mybonnechance.de\/wp-content\/uploads\/2022\/07\/Hafen-2-2-1024x498.jpg 1024w, https:\/\/mybonnechance.de\/wp-content\/uploads\/2022\/07\/Hafen-2-2-300x146.jpg 300w, https:\/\/mybonnechance.de\/wp-content\/uploads\/2022\/07\/Hafen-2-2-768x373.jpg 768w, https:\/\/mybonnechance.de\/wp-content\/uploads\/2022\/07\/Hafen-2-2-1536x747.jpg 1536w, https:\/\/mybonnechance.de\/wp-content\/uploads\/2022\/07\/Hafen-2-2-2048x996.jpg 2048w\" sizes=\"auto, (max-width: 767px) 89vw, (max-width: 1000px) 54vw, (max-width: 1071px) 543px, 580px\" \/><\/figure>\n\n\n\n<figure class=\"wp-block-gallery has-nested-images columns-default is-cropped wp-block-gallery-1 is-layout-flex wp-block-gallery-is-layout-flex\">\n<figure class=\"wp-block-image size-large\"><img loading=\"lazy\" decoding=\"async\" width=\"498\" height=\"1024\" data-id=\"5628\" src=\"https:\/\/mybonnechance.de\/wp-content\/uploads\/2022\/07\/Hafen-6-498x1024.jpg\" alt=\"\" class=\"wp-image-5628\" srcset=\"https:\/\/mybonnechance.de\/wp-content\/uploads\/2022\/07\/Hafen-6-498x1024.jpg 498w, https:\/\/mybonnechance.de\/wp-content\/uploads\/2022\/07\/Hafen-6-146x300.jpg 146w, https:\/\/mybonnechance.de\/wp-content\/uploads\/2022\/07\/Hafen-6-768x1580.jpg 768w, https:\/\/mybonnechance.de\/wp-content\/uploads\/2022\/07\/Hafen-6-747x1536.jpg 747w, https:\/\/mybonnechance.de\/wp-content\/uploads\/2022\/07\/Hafen-6-996x2048.jpg 996w, https:\/\/mybonnechance.de\/wp-content\/uploads\/2022\/07\/Hafen-6-scaled.jpg 1244w\" sizes=\"auto, (max-width: 498px) 100vw, 498px\" \/><figcaption class=\"wp-element-caption\"><strong>Man kann dem Frachter  ins Fenster gucken<\/strong><\/figcaption><\/figure>\n\n\n\n<figure class=\"wp-block-image size-large\"><img loading=\"lazy\" decoding=\"async\" width=\"498\" height=\"1024\" data-id=\"5626\" src=\"https:\/\/mybonnechance.de\/wp-content\/uploads\/2022\/07\/Hafen-1-3-498x1024.jpg\" alt=\"\" class=\"wp-image-5626\" srcset=\"https:\/\/mybonnechance.de\/wp-content\/uploads\/2022\/07\/Hafen-1-3-498x1024.jpg 498w, https:\/\/mybonnechance.de\/wp-content\/uploads\/2022\/07\/Hafen-1-3-146x300.jpg 146w, https:\/\/mybonnechance.de\/wp-content\/uploads\/2022\/07\/Hafen-1-3-768x1580.jpg 768w, https:\/\/mybonnechance.de\/wp-content\/uploads\/2022\/07\/Hafen-1-3-747x1536.jpg 747w, https:\/\/mybonnechance.de\/wp-content\/uploads\/2022\/07\/Hafen-1-3-996x2048.jpg 996w, https:\/\/mybonnechance.de\/wp-content\/uploads\/2022\/07\/Hafen-1-3-scaled.jpg 1244w\" sizes=\"auto, (max-width: 498px) 100vw, 498px\" \/><figcaption class=\"wp-element-caption\"><strong>Blick vom Vorderdeck<\/strong><\/figcaption><\/figure>\n\n\n\n<figure class=\"wp-block-image size-large\"><img loading=\"lazy\" decoding=\"async\" width=\"615\" height=\"1024\" data-id=\"5627\" src=\"https:\/\/mybonnechance.de\/wp-content\/uploads\/2022\/07\/Hafen-5-615x1024.jpg\" alt=\"\" class=\"wp-image-5627\" srcset=\"https:\/\/mybonnechance.de\/wp-content\/uploads\/2022\/07\/Hafen-5-615x1024.jpg 615w, https:\/\/mybonnechance.de\/wp-content\/uploads\/2022\/07\/Hafen-5-180x300.jpg 180w, https:\/\/mybonnechance.de\/wp-content\/uploads\/2022\/07\/Hafen-5-768x1279.jpg 768w, https:\/\/mybonnechance.de\/wp-content\/uploads\/2022\/07\/Hafen-5-923x1536.jpg 923w, https:\/\/mybonnechance.de\/wp-content\/uploads\/2022\/07\/Hafen-5-1230x2048.jpg 1230w, https:\/\/mybonnechance.de\/wp-content\/uploads\/2022\/07\/Hafen-5-scaled.jpg 1538w\" sizes=\"auto, (max-width: 615px) 100vw, 615px\" \/><\/figure>\n<\/figure>\n\n\n\n<p>Vom Hafen erreicht man<strong> Lochem<\/strong> in ca. 5 min. Zu Beginn der Stadt befinden sich <strong>AH &amp; Jumbo<\/strong>. Lochem hat nicht sehr viel zu bieten, wenn auch wieder niedlich gelegen mit 2 gro\u00dfen Pl\u00e4tzen und jede Menge Lokale drumherum. <\/p>\n\n\n\n<div class=\"wp-block-columns is-layout-flex wp-container-core-columns-is-layout-9d6595d7 wp-block-columns-is-layout-flex\">\n<div class=\"wp-block-column is-layout-flow wp-block-column-is-layout-flow\" style=\"flex-basis:33.33%\">\n<figure class=\"wp-block-image size-large is-style-default\"><img loading=\"lazy\" decoding=\"async\" width=\"498\" height=\"1024\" src=\"https:\/\/mybonnechance.de\/wp-content\/uploads\/2022\/07\/20220712_150746-498x1024.jpg\" alt=\"\" class=\"wp-image-5635\" srcset=\"https:\/\/mybonnechance.de\/wp-content\/uploads\/2022\/07\/20220712_150746-498x1024.jpg 498w, https:\/\/mybonnechance.de\/wp-content\/uploads\/2022\/07\/20220712_150746-146x300.jpg 146w, https:\/\/mybonnechance.de\/wp-content\/uploads\/2022\/07\/20220712_150746-768x1580.jpg 768w, https:\/\/mybonnechance.de\/wp-content\/uploads\/2022\/07\/20220712_150746-747x1536.jpg 747w, https:\/\/mybonnechance.de\/wp-content\/uploads\/2022\/07\/20220712_150746-996x2048.jpg 996w, https:\/\/mybonnechance.de\/wp-content\/uploads\/2022\/07\/20220712_150746-scaled.jpg 1244w\" sizes=\"auto, (max-width: 498px) 100vw, 498px\" \/><figcaption class=\"wp-element-caption\"><strong>Marktplatz von Lochem<\/strong><\/figcaption><\/figure>\n<\/div>\n\n\n\n<div class=\"wp-block-column is-layout-flow wp-block-column-is-layout-flow\" style=\"flex-basis:66.66%\">\n<figure class=\"wp-block-image size-large is-style-default\"><img loading=\"lazy\" decoding=\"async\" width=\"1024\" height=\"498\" src=\"https:\/\/mybonnechance.de\/wp-content\/uploads\/2022\/07\/20220712_151052-1024x498.jpg\" alt=\"\" class=\"wp-image-5636\" srcset=\"https:\/\/mybonnechance.de\/wp-content\/uploads\/2022\/07\/20220712_151052-1024x498.jpg 1024w, https:\/\/mybonnechance.de\/wp-content\/uploads\/2022\/07\/20220712_151052-300x146.jpg 300w, https:\/\/mybonnechance.de\/wp-content\/uploads\/2022\/07\/20220712_151052-768x373.jpg 768w, https:\/\/mybonnechance.de\/wp-content\/uploads\/2022\/07\/20220712_151052-1536x747.jpg 1536w, https:\/\/mybonnechance.de\/wp-content\/uploads\/2022\/07\/20220712_151052-2048x996.jpg 2048w\" sizes=\"auto, (max-width: 767px) 89vw, (max-width: 1000px) 54vw, (max-width: 1071px) 543px, 580px\" \/><figcaption class=\"wp-element-caption\"><strong>H\u00e4userstra\u00dfe, fr\u00fcher von Beginen bewohnt<\/strong><\/figcaption><\/figure>\n\n\n\n<figure class=\"wp-block-image size-large is-style-default\"><img loading=\"lazy\" decoding=\"async\" width=\"1024\" height=\"498\" src=\"https:\/\/mybonnechance.de\/wp-content\/uploads\/2022\/07\/20220712_143802-1024x498.jpg\" alt=\"\" class=\"wp-image-5637\" srcset=\"https:\/\/mybonnechance.de\/wp-content\/uploads\/2022\/07\/20220712_143802-1024x498.jpg 1024w, https:\/\/mybonnechance.de\/wp-content\/uploads\/2022\/07\/20220712_143802-300x146.jpg 300w, https:\/\/mybonnechance.de\/wp-content\/uploads\/2022\/07\/20220712_143802-768x373.jpg 768w, https:\/\/mybonnechance.de\/wp-content\/uploads\/2022\/07\/20220712_143802-1536x747.jpg 1536w, https:\/\/mybonnechance.de\/wp-content\/uploads\/2022\/07\/20220712_143802-2048x996.jpg 2048w\" sizes=\"auto, (max-width: 767px) 89vw, (max-width: 1000px) 54vw, (max-width: 1071px) 543px, 580px\" \/><figcaption class=\"wp-element-caption\"><strong>Fischtreppe<\/strong><\/figcaption><\/figure>\n<\/div>\n<\/div>\n\n\n\n<p>Abends machen wir dann noch einen Spaziergang zum <strong>Schloss Ampsen<\/strong>. Das besondere an diesem Haus: es hat noch nie durch Verkauf seinen Besitze gewechselt, sondern immer durch Vererbung. Der Weg dahin f\u00fchrt durch eine Allee mit jahrhundert altem Baumbestand.<\/p>\n\n\n\n<figure class=\"wp-block-gallery has-nested-images columns-default is-cropped wp-block-gallery-2 is-layout-flex wp-block-gallery-is-layout-flex\">\n<figure class=\"wp-block-image size-large\"><img loading=\"lazy\" decoding=\"async\" width=\"498\" height=\"1024\" data-id=\"5638\" src=\"https:\/\/mybonnechance.de\/wp-content\/uploads\/2022\/07\/20220712_154816-498x1024.jpg\" alt=\"\" class=\"wp-image-5638\" srcset=\"https:\/\/mybonnechance.de\/wp-content\/uploads\/2022\/07\/20220712_154816-498x1024.jpg 498w, https:\/\/mybonnechance.de\/wp-content\/uploads\/2022\/07\/20220712_154816-146x300.jpg 146w, https:\/\/mybonnechance.de\/wp-content\/uploads\/2022\/07\/20220712_154816-768x1580.jpg 768w, https:\/\/mybonnechance.de\/wp-content\/uploads\/2022\/07\/20220712_154816-747x1536.jpg 747w, https:\/\/mybonnechance.de\/wp-content\/uploads\/2022\/07\/20220712_154816-996x2048.jpg 996w, https:\/\/mybonnechance.de\/wp-content\/uploads\/2022\/07\/20220712_154816-scaled.jpg 1244w\" sizes=\"auto, (max-width: 498px) 100vw, 498px\" \/><\/figure>\n\n\n\n<figure class=\"wp-block-image size-large\"><img loading=\"lazy\" decoding=\"async\" width=\"498\" height=\"1024\" data-id=\"5639\" src=\"https:\/\/mybonnechance.de\/wp-content\/uploads\/2022\/07\/20220712_154913-498x1024.jpg\" alt=\"\" class=\"wp-image-5639\" srcset=\"https:\/\/mybonnechance.de\/wp-content\/uploads\/2022\/07\/20220712_154913-498x1024.jpg 498w, https:\/\/mybonnechance.de\/wp-content\/uploads\/2022\/07\/20220712_154913-146x300.jpg 146w, https:\/\/mybonnechance.de\/wp-content\/uploads\/2022\/07\/20220712_154913-768x1580.jpg 768w, https:\/\/mybonnechance.de\/wp-content\/uploads\/2022\/07\/20220712_154913-747x1536.jpg 747w, https:\/\/mybonnechance.de\/wp-content\/uploads\/2022\/07\/20220712_154913-996x2048.jpg 996w, https:\/\/mybonnechance.de\/wp-content\/uploads\/2022\/07\/20220712_154913-scaled.jpg 1244w\" sizes=\"auto, (max-width: 498px) 100vw, 498px\" \/><\/figure>\n<\/figure>\n\n\n\n<figure class=\"wp-block-gallery has-nested-images columns-1 is-cropped wp-block-gallery-3 is-layout-flex wp-block-gallery-is-layout-flex\">\n<figure class=\"wp-block-image size-large\"><img loading=\"lazy\" decoding=\"async\" width=\"1024\" height=\"498\" data-id=\"5643\" src=\"https:\/\/mybonnechance.de\/wp-content\/uploads\/2022\/07\/20220712_155018-2-1024x498.jpg\" alt=\"\" class=\"wp-image-5643\" srcset=\"https:\/\/mybonnechance.de\/wp-content\/uploads\/2022\/07\/20220712_155018-2-1024x498.jpg 1024w, https:\/\/mybonnechance.de\/wp-content\/uploads\/2022\/07\/20220712_155018-2-300x146.jpg 300w, https:\/\/mybonnechance.de\/wp-content\/uploads\/2022\/07\/20220712_155018-2-768x373.jpg 768w, https:\/\/mybonnechance.de\/wp-content\/uploads\/2022\/07\/20220712_155018-2-1536x747.jpg 1536w, https:\/\/mybonnechance.de\/wp-content\/uploads\/2022\/07\/20220712_155018-2-2048x996.jpg 2048w\" sizes=\"auto, (max-width: 767px) 89vw, (max-width: 1000px) 54vw, (max-width: 1071px) 543px, 580px\" \/><\/figure>\n\n\n\n<figure class=\"wp-block-image size-large\"><img loading=\"lazy\" decoding=\"async\" width=\"1024\" height=\"498\" data-id=\"5644\" src=\"https:\/\/mybonnechance.de\/wp-content\/uploads\/2022\/07\/20220712_155207-1-1024x498.jpg\" alt=\"\" class=\"wp-image-5644\" srcset=\"https:\/\/mybonnechance.de\/wp-content\/uploads\/2022\/07\/20220712_155207-1-1024x498.jpg 1024w, https:\/\/mybonnechance.de\/wp-content\/uploads\/2022\/07\/20220712_155207-1-300x146.jpg 300w, https:\/\/mybonnechance.de\/wp-content\/uploads\/2022\/07\/20220712_155207-1-768x373.jpg 768w, https:\/\/mybonnechance.de\/wp-content\/uploads\/2022\/07\/20220712_155207-1-1536x747.jpg 1536w, https:\/\/mybonnechance.de\/wp-content\/uploads\/2022\/07\/20220712_155207-1-2048x996.jpg 2048w\" sizes=\"auto, (max-width: 767px) 89vw, (max-width: 1000px) 54vw, (max-width: 1071px) 543px, 580px\" \/><\/figure>\n<\/figure>\n\n\n","protected":false},"excerpt":{"rendered":"<p>Tag 17, Dienstag 12.Juli Deventer &#8211; Lochem, Passantenhaven32,3 km \u2013 1 Schleuse &#8211; 4,3 Std. Fahrzeit Heute fr\u00fch um sechs ist es sehr nebelig und ich bef\u00fcrchte schon, es gibt nichts mit dem angek\u00fcndigten sch\u00f6nen Tag. Aber ab 08:00 Uhr setzt sich, zwar bei noch frischen Temperaturen, die Sonne durch. Wir fahren zur\u00fcck zum Twentekanal &hellip; <\/p>\n<p class=\"link-more\"><a href=\"https:\/\/mybonnechance.de\/?page_id=6137\" class=\"more-link\"><span class=\"screen-reader-text\">\u201e2022-11 Lochem\u201c<\/span> weiterlesen<\/a><\/p>\n","protected":false},"author":1,"featured_media":0,"parent":0,"menu_order":0,"comment_status":"closed","ping_status":"closed","template":"","meta":{"ngg_post_thumbnail":0,"footnotes":""},"class_list":["post-6137","page","type-page","status-publish","hentry"],"_links":{"self":[{"href":"https:\/\/mybonnechance.de\/index.php?rest_route=\/wp\/v2\/pages\/6137","targetHints":{"allow":["GET"]}}],"collection":[{"href":"https:\/\/mybonnechance.de\/index.php?rest_route=\/wp\/v2\/pages"}],"about":[{"href":"https:\/\/mybonnechance.de\/index.php?rest_route=\/wp\/v2\/types\/page"}],"author":[{"embeddable":true,"href":"https:\/\/mybonnechance.de\/index.php?rest_route=\/wp\/v2\/users\/1"}],"replies":[{"embeddable":true,"href":"https:\/\/mybonnechance.de\/index.php?rest_route=%2Fwp%2Fv2%2Fcomments&post=6137"}],"version-history":[{"count":3,"href":"https:\/\/mybonnechance.de\/index.php?rest_route=\/wp\/v2\/pages\/6137\/revisions"}],"predecessor-version":[{"id":6953,"href":"https:\/\/mybonnechance.de\/index.php?rest_route=\/wp\/v2\/pages\/6137\/revisions\/6953"}],"wp:attachment":[{"href":"https:\/\/mybonnechance.de\/index.php?rest_route=%2Fwp%2Fv2%2Fmedia&parent=6137"}],"curies":[{"name":"wp","href":"https:\/\/api.w.org\/{rel}","templated":true}]}}