{"id":6139,"date":"2022-08-13T10:06:36","date_gmt":"2022-08-13T10:06:36","guid":{"rendered":"https:\/\/mybonnechance.de\/?page_id=6139"},"modified":"2023-01-06T12:06:18","modified_gmt":"2023-01-06T12:06:18","slug":"2022-12-almelo","status":"publish","type":"page","link":"https:\/\/mybonnechance.de\/?page_id=6139","title":{"rendered":"2022-12 Almelo"},"content":{"rendered":"\n<p><strong>Tag 18, Mittwoch  13.Juli<\/strong>   <strong>   Lochem <\/strong> <strong>&#8211;    Almelo<\/strong>,  <strong>AWV<\/strong><br>30,7 km \u2013 3,4  Std. Fahrzeit   <br>Nach dem Abzweig zum <strong>Twentekanal<\/strong>, der nach Almelo f\u00fchrt, haben wir mehr oder weniger einen Hindernissparkur von gro\u00dfen Werkbooten. An beiden Uferseiten wird gebaggert was das Zeug h\u00e4lt. Wahrscheinlich f\u00fcr verbesserte Uferzonen.  <\/p>\n\n\n\n<figure class=\"wp-block-gallery has-nested-images columns-default is-cropped wp-block-gallery-1 is-layout-flex wp-block-gallery-is-layout-flex\">\n<figure class=\"wp-block-image size-large\"><img loading=\"lazy\" decoding=\"async\" width=\"822\" height=\"1024\" data-id=\"5659\" src=\"https:\/\/mybonnechance.de\/wp-content\/uploads\/2022\/07\/20220713_181103-822x1024.jpg\" alt=\"\" class=\"wp-image-5659\" srcset=\"https:\/\/mybonnechance.de\/wp-content\/uploads\/2022\/07\/20220713_181103-822x1024.jpg 822w, https:\/\/mybonnechance.de\/wp-content\/uploads\/2022\/07\/20220713_181103-241x300.jpg 241w, https:\/\/mybonnechance.de\/wp-content\/uploads\/2022\/07\/20220713_181103-768x957.jpg 768w, https:\/\/mybonnechance.de\/wp-content\/uploads\/2022\/07\/20220713_181103-1232x1536.jpg 1232w, https:\/\/mybonnechance.de\/wp-content\/uploads\/2022\/07\/20220713_181103-1643x2048.jpg 1643w, https:\/\/mybonnechance.de\/wp-content\/uploads\/2022\/07\/20220713_181103.jpg 1952w\" sizes=\"auto, (max-width: 767px) 89vw, (max-width: 1000px) 54vw, (max-width: 1071px) 543px, 580px\" \/><\/figure>\n\n\n\n<figure class=\"wp-block-image size-large\"><img loading=\"lazy\" decoding=\"async\" width=\"1024\" height=\"498\" data-id=\"5658\" src=\"https:\/\/mybonnechance.de\/wp-content\/uploads\/2022\/07\/20220713_104418-1024x498.jpg\" alt=\"\" class=\"wp-image-5658\" srcset=\"https:\/\/mybonnechance.de\/wp-content\/uploads\/2022\/07\/20220713_104418-1024x498.jpg 1024w, https:\/\/mybonnechance.de\/wp-content\/uploads\/2022\/07\/20220713_104418-300x146.jpg 300w, https:\/\/mybonnechance.de\/wp-content\/uploads\/2022\/07\/20220713_104418-768x373.jpg 768w, https:\/\/mybonnechance.de\/wp-content\/uploads\/2022\/07\/20220713_104418-1536x747.jpg 1536w, https:\/\/mybonnechance.de\/wp-content\/uploads\/2022\/07\/20220713_104418-2048x996.jpg 2048w\" sizes=\"auto, (max-width: 767px) 89vw, (max-width: 1000px) 54vw, (max-width: 1071px) 543px, 580px\" \/><\/figure>\n<\/figure>\n\n\n\n<div class=\"wp-block-columns is-layout-flex wp-container-core-columns-is-layout-9d6595d7 wp-block-columns-is-layout-flex\">\n<div class=\"wp-block-column is-layout-flow wp-block-column-is-layout-flow\" style=\"flex-basis:25%\">\n<figure class=\"wp-block-image size-large is-style-default\"><img loading=\"lazy\" decoding=\"async\" width=\"498\" height=\"1024\" src=\"https:\/\/mybonnechance.de\/wp-content\/uploads\/2022\/07\/20220713_113711-498x1024.jpg\" alt=\"\" class=\"wp-image-5660\" srcset=\"https:\/\/mybonnechance.de\/wp-content\/uploads\/2022\/07\/20220713_113711-498x1024.jpg 498w, https:\/\/mybonnechance.de\/wp-content\/uploads\/2022\/07\/20220713_113711-146x300.jpg 146w, https:\/\/mybonnechance.de\/wp-content\/uploads\/2022\/07\/20220713_113711-768x1580.jpg 768w, https:\/\/mybonnechance.de\/wp-content\/uploads\/2022\/07\/20220713_113711-747x1536.jpg 747w, https:\/\/mybonnechance.de\/wp-content\/uploads\/2022\/07\/20220713_113711-996x2048.jpg 996w, https:\/\/mybonnechance.de\/wp-content\/uploads\/2022\/07\/20220713_113711-scaled.jpg 1244w\" sizes=\"auto, (max-width: 498px) 100vw, 498px\" \/><\/figure>\n<\/div>\n\n\n\n<div class=\"wp-block-column is-layout-flow wp-block-column-is-layout-flow\" style=\"flex-basis:50%\">\n<figure class=\"wp-block-image size-large is-style-default\"><img loading=\"lazy\" decoding=\"async\" width=\"1024\" height=\"498\" src=\"https:\/\/mybonnechance.de\/wp-content\/uploads\/2022\/07\/20220713_113827-1024x498.jpg\" alt=\"\" class=\"wp-image-5661\" srcset=\"https:\/\/mybonnechance.de\/wp-content\/uploads\/2022\/07\/20220713_113827-1024x498.jpg 1024w, https:\/\/mybonnechance.de\/wp-content\/uploads\/2022\/07\/20220713_113827-300x146.jpg 300w, https:\/\/mybonnechance.de\/wp-content\/uploads\/2022\/07\/20220713_113827-768x373.jpg 768w, https:\/\/mybonnechance.de\/wp-content\/uploads\/2022\/07\/20220713_113827-1536x747.jpg 1536w, https:\/\/mybonnechance.de\/wp-content\/uploads\/2022\/07\/20220713_113827-2048x996.jpg 2048w\" sizes=\"auto, (max-width: 767px) 89vw, (max-width: 1000px) 54vw, (max-width: 1071px) 543px, 580px\" \/><\/figure>\n\n\n\n<p>Zum Gl\u00fcck kommt uns so gut wie nie ein Berufer entgegen, sonst w\u00e4re es stellenweise sehr eng geworden. Oben auf der Br\u00fccke gibt&#8217;s Protest der Landwirte gegen die neuen Umweltverordnungen.<\/p>\n<\/div>\n\n\n\n<div class=\"wp-block-column is-layout-flow wp-block-column-is-layout-flow\" style=\"flex-basis:25%\">\n<figure class=\"wp-block-image size-large is-style-default\"><img loading=\"lazy\" decoding=\"async\" width=\"498\" height=\"1024\" src=\"https:\/\/mybonnechance.de\/wp-content\/uploads\/2022\/07\/20220713_114145-498x1024.jpg\" alt=\"\" class=\"wp-image-5662\" srcset=\"https:\/\/mybonnechance.de\/wp-content\/uploads\/2022\/07\/20220713_114145-498x1024.jpg 498w, https:\/\/mybonnechance.de\/wp-content\/uploads\/2022\/07\/20220713_114145-146x300.jpg 146w, https:\/\/mybonnechance.de\/wp-content\/uploads\/2022\/07\/20220713_114145-768x1580.jpg 768w, https:\/\/mybonnechance.de\/wp-content\/uploads\/2022\/07\/20220713_114145-747x1536.jpg 747w, https:\/\/mybonnechance.de\/wp-content\/uploads\/2022\/07\/20220713_114145-996x2048.jpg 996w, https:\/\/mybonnechance.de\/wp-content\/uploads\/2022\/07\/20220713_114145-scaled.jpg 1244w\" sizes=\"auto, (max-width: 498px) 100vw, 498px\" \/><\/figure>\n<\/div>\n<\/div>\n\n\n\n<p>Nach guten 3 1\/2 Std. legen wir im<strong> AWV Almelo<\/strong> an. Eigentlich wollen wir zum WSW Jachthaven Almelo Centrum, aber da h\u00e4tten wir durch eine Br\u00fccke gemusst und die macht gerade Pause. Zudem ist uns unterwegs dieser Hafen w\u00e4rmstens empfohlen worden wegen dem sehr netten Hafenmeister und auch dem netten Koch vom Hafenrestaurant. Leider liegt der <strong>AWV ca. 6 km von der Stadt entfernt<\/strong>. <strong>AH + Jumbo ca. 4,5 km<\/strong>. Der WSW Hafen liegt nur ca. 1 km vom Centrum entfernt. Aber wir haben ja unsere Fahrr\u00e4der. Der Hafen stellt im \u00dcbrigen kostenlos Fahrr\u00e4der zur Verf\u00fcgung.<br>Wir liegen quasi am Anlegekai vom Hafen, aber sehr nett. Leider ist 200 m hinter uns wieder ein gro\u00dfer Schrottplatz wie in Doesburg, der nat\u00fcrlich auch wieder Krach macht.<\/p>\n\n\n\n<figure class=\"wp-block-image size-large is-style-default\"><img loading=\"lazy\" decoding=\"async\" width=\"1024\" height=\"498\" src=\"https:\/\/mybonnechance.de\/wp-content\/uploads\/2022\/07\/Hafen-1-4-1024x498.jpg\" alt=\"\" class=\"wp-image-5655\" srcset=\"https:\/\/mybonnechance.de\/wp-content\/uploads\/2022\/07\/Hafen-1-4-1024x498.jpg 1024w, https:\/\/mybonnechance.de\/wp-content\/uploads\/2022\/07\/Hafen-1-4-300x146.jpg 300w, https:\/\/mybonnechance.de\/wp-content\/uploads\/2022\/07\/Hafen-1-4-768x373.jpg 768w, https:\/\/mybonnechance.de\/wp-content\/uploads\/2022\/07\/Hafen-1-4-1536x747.jpg 1536w, https:\/\/mybonnechance.de\/wp-content\/uploads\/2022\/07\/Hafen-1-4-2048x996.jpg 2048w\" sizes=\"auto, (max-width: 767px) 89vw, (max-width: 1000px) 54vw, (max-width: 1071px) 543px, 580px\" \/><figcaption class=\"wp-element-caption\"><strong>Hafen AWV Almelo<\/strong><\/figcaption><\/figure>\n\n\n\n<p>Heute, bei fast 30\u00b0, haben wir keine Lust noch gro\u00df was zu unternehmen. Also chillen und Eis essen<\/p>\n\n\n\n<div class=\"wp-block-columns is-layout-flex wp-container-core-columns-is-layout-9d6595d7 wp-block-columns-is-layout-flex\">\n<div class=\"wp-block-column is-layout-flow wp-block-column-is-layout-flow\">\n<figure class=\"wp-block-image size-large is-style-default\"><img loading=\"lazy\" decoding=\"async\" width=\"498\" height=\"1024\" src=\"https:\/\/mybonnechance.de\/wp-content\/uploads\/2022\/07\/20220713_192909-498x1024.jpg\" alt=\"\" class=\"wp-image-5657\" srcset=\"https:\/\/mybonnechance.de\/wp-content\/uploads\/2022\/07\/20220713_192909-498x1024.jpg 498w, https:\/\/mybonnechance.de\/wp-content\/uploads\/2022\/07\/20220713_192909-146x300.jpg 146w, https:\/\/mybonnechance.de\/wp-content\/uploads\/2022\/07\/20220713_192909-768x1580.jpg 768w, https:\/\/mybonnechance.de\/wp-content\/uploads\/2022\/07\/20220713_192909-747x1536.jpg 747w, https:\/\/mybonnechance.de\/wp-content\/uploads\/2022\/07\/20220713_192909-996x2048.jpg 996w, https:\/\/mybonnechance.de\/wp-content\/uploads\/2022\/07\/20220713_192909-scaled.jpg 1244w\" sizes=\"auto, (max-width: 498px) 100vw, 498px\" \/><\/figure>\n<\/div>\n\n\n\n<div class=\"wp-block-column is-layout-flow wp-block-column-is-layout-flow\">\n<figure class=\"wp-block-image size-large is-style-default\"><img loading=\"lazy\" decoding=\"async\" width=\"498\" height=\"1024\" src=\"https:\/\/mybonnechance.de\/wp-content\/uploads\/2022\/07\/20220713_190330-498x1024.jpg\" alt=\"\" class=\"wp-image-5656\" srcset=\"https:\/\/mybonnechance.de\/wp-content\/uploads\/2022\/07\/20220713_190330-498x1024.jpg 498w, https:\/\/mybonnechance.de\/wp-content\/uploads\/2022\/07\/20220713_190330-146x300.jpg 146w, https:\/\/mybonnechance.de\/wp-content\/uploads\/2022\/07\/20220713_190330-768x1580.jpg 768w, https:\/\/mybonnechance.de\/wp-content\/uploads\/2022\/07\/20220713_190330-747x1536.jpg 747w, https:\/\/mybonnechance.de\/wp-content\/uploads\/2022\/07\/20220713_190330-996x2048.jpg 996w, https:\/\/mybonnechance.de\/wp-content\/uploads\/2022\/07\/20220713_190330-scaled.jpg 1244w\" sizes=\"auto, (max-width: 498px) 100vw, 498px\" \/><\/figure>\n<\/div>\n<\/div>\n\n\n\n<p><strong>Tag 19, <\/strong>  <strong>Donnerstag  14.Juli<\/strong>    <strong>Almelo<\/strong><br>Heute ist es sich tats\u00e4chlich angenehm k\u00fchl, so da\u00df wir dann nach Almelo radeln. Der Ort ist ca. 6 km entfernt und eine ziemliche gro\u00dfe Stadt. Dann suchen wir \u00fcber  \u00bd Std. den VVV \u2013 ohne Erfolg. Man schickt uns immer hin und her. Schade, da\u00df die eigenen Leute nicht wissen, ob und wo es eine Touristeninfo gibt. In jedem D\u00f6rfchen gab es bisher eine, aber in so einer gro\u00dfen Stadt nicht? Also sind wir ein bisschen rumgeschlendert, haben nicht wirklich viel historisches oder Interessantes entdecken k\u00f6nnen. Almelo ist trotzdem einen Besuch wert, vor Allem wenn man gerne shoppen m\u00f6chte.<\/p>\n\n\n\n<div class=\"wp-block-columns is-layout-flex wp-container-core-columns-is-layout-9d6595d7 wp-block-columns-is-layout-flex\">\n<div class=\"wp-block-column is-layout-flow wp-block-column-is-layout-flow\">\n<figure class=\"wp-block-image size-large is-style-default\"><img loading=\"lazy\" decoding=\"async\" width=\"498\" height=\"1024\" src=\"https:\/\/mybonnechance.de\/wp-content\/uploads\/2022\/07\/20220714_110307-498x1024.jpg\" alt=\"\" class=\"wp-image-5673\" srcset=\"https:\/\/mybonnechance.de\/wp-content\/uploads\/2022\/07\/20220714_110307-498x1024.jpg 498w, https:\/\/mybonnechance.de\/wp-content\/uploads\/2022\/07\/20220714_110307-146x300.jpg 146w, https:\/\/mybonnechance.de\/wp-content\/uploads\/2022\/07\/20220714_110307-768x1580.jpg 768w, https:\/\/mybonnechance.de\/wp-content\/uploads\/2022\/07\/20220714_110307-747x1536.jpg 747w, https:\/\/mybonnechance.de\/wp-content\/uploads\/2022\/07\/20220714_110307-996x2048.jpg 996w, https:\/\/mybonnechance.de\/wp-content\/uploads\/2022\/07\/20220714_110307-scaled.jpg 1244w\" sizes=\"auto, (max-width: 498px) 100vw, 498px\" \/><\/figure>\n\n\n\n<figure class=\"wp-block-image size-large is-style-default\"><img loading=\"lazy\" decoding=\"async\" width=\"498\" height=\"1024\" src=\"https:\/\/mybonnechance.de\/wp-content\/uploads\/2022\/07\/20220714_113142-498x1024.jpg\" alt=\"\" class=\"wp-image-5674\" srcset=\"https:\/\/mybonnechance.de\/wp-content\/uploads\/2022\/07\/20220714_113142-498x1024.jpg 498w, https:\/\/mybonnechance.de\/wp-content\/uploads\/2022\/07\/20220714_113142-146x300.jpg 146w, https:\/\/mybonnechance.de\/wp-content\/uploads\/2022\/07\/20220714_113142-768x1580.jpg 768w, https:\/\/mybonnechance.de\/wp-content\/uploads\/2022\/07\/20220714_113142-747x1536.jpg 747w, https:\/\/mybonnechance.de\/wp-content\/uploads\/2022\/07\/20220714_113142-996x2048.jpg 996w, https:\/\/mybonnechance.de\/wp-content\/uploads\/2022\/07\/20220714_113142-scaled.jpg 1244w\" sizes=\"auto, (max-width: 498px) 100vw, 498px\" \/><\/figure>\n<\/div>\n\n\n\n<div class=\"wp-block-column is-layout-flow wp-block-column-is-layout-flow\">\n<figure class=\"wp-block-image size-large is-style-default\"><img loading=\"lazy\" decoding=\"async\" width=\"498\" height=\"1024\" src=\"https:\/\/mybonnechance.de\/wp-content\/uploads\/2022\/07\/20220714_111633-498x1024.jpg\" alt=\"\" class=\"wp-image-5676\" srcset=\"https:\/\/mybonnechance.de\/wp-content\/uploads\/2022\/07\/20220714_111633-498x1024.jpg 498w, https:\/\/mybonnechance.de\/wp-content\/uploads\/2022\/07\/20220714_111633-146x300.jpg 146w, https:\/\/mybonnechance.de\/wp-content\/uploads\/2022\/07\/20220714_111633-768x1580.jpg 768w, https:\/\/mybonnechance.de\/wp-content\/uploads\/2022\/07\/20220714_111633-747x1536.jpg 747w, https:\/\/mybonnechance.de\/wp-content\/uploads\/2022\/07\/20220714_111633-996x2048.jpg 996w, https:\/\/mybonnechance.de\/wp-content\/uploads\/2022\/07\/20220714_111633-scaled.jpg 1244w\" sizes=\"auto, (max-width: 498px) 100vw, 498px\" \/><\/figure>\n\n\n\n<figure class=\"wp-block-image size-large is-resized is-style-default\"><img loading=\"lazy\" decoding=\"async\" src=\"https:\/\/mybonnechance.de\/wp-content\/uploads\/2022\/07\/20220714_113819-498x1024.jpg\" alt=\"\" class=\"wp-image-5667\" width=\"203\" height=\"417\" srcset=\"https:\/\/mybonnechance.de\/wp-content\/uploads\/2022\/07\/20220714_113819-498x1024.jpg 498w, https:\/\/mybonnechance.de\/wp-content\/uploads\/2022\/07\/20220714_113819-146x300.jpg 146w, https:\/\/mybonnechance.de\/wp-content\/uploads\/2022\/07\/20220714_113819-768x1580.jpg 768w, https:\/\/mybonnechance.de\/wp-content\/uploads\/2022\/07\/20220714_113819-747x1536.jpg 747w, https:\/\/mybonnechance.de\/wp-content\/uploads\/2022\/07\/20220714_113819-996x2048.jpg 996w, https:\/\/mybonnechance.de\/wp-content\/uploads\/2022\/07\/20220714_113819-scaled.jpg 1244w\" sizes=\"auto, (max-width: 203px) 100vw, 203px\" \/><figcaption class=\"wp-element-caption\"><strong>St. Georgsbasilika<\/strong><\/figcaption><\/figure>\n<\/div>\n\n\n\n<div class=\"wp-block-column is-layout-flow wp-block-column-is-layout-flow\">\n<figure class=\"wp-block-image size-large is-style-default\"><img loading=\"lazy\" decoding=\"async\" width=\"498\" height=\"1024\" src=\"https:\/\/mybonnechance.de\/wp-content\/uploads\/2022\/07\/Altes-Webhaus-498x1024.jpg\" alt=\"\" class=\"wp-image-5677\" srcset=\"https:\/\/mybonnechance.de\/wp-content\/uploads\/2022\/07\/Altes-Webhaus-498x1024.jpg 498w, https:\/\/mybonnechance.de\/wp-content\/uploads\/2022\/07\/Altes-Webhaus-146x300.jpg 146w, https:\/\/mybonnechance.de\/wp-content\/uploads\/2022\/07\/Altes-Webhaus-768x1580.jpg 768w, https:\/\/mybonnechance.de\/wp-content\/uploads\/2022\/07\/Altes-Webhaus-747x1536.jpg 747w, https:\/\/mybonnechance.de\/wp-content\/uploads\/2022\/07\/Altes-Webhaus-996x2048.jpg 996w, https:\/\/mybonnechance.de\/wp-content\/uploads\/2022\/07\/Altes-Webhaus-scaled.jpg 1244w\" sizes=\"auto, (max-width: 498px) 100vw, 498px\" \/><figcaption class=\"wp-element-caption\"><strong>Altes Weberhaus<\/strong><\/figcaption><\/figure>\n\n\n\n<figure class=\"wp-block-image size-large is-style-default\"><img loading=\"lazy\" decoding=\"async\" width=\"498\" height=\"1024\" src=\"https:\/\/mybonnechance.de\/wp-content\/uploads\/2022\/07\/20220714_113636-498x1024.jpg\" alt=\"\" class=\"wp-image-5675\" srcset=\"https:\/\/mybonnechance.de\/wp-content\/uploads\/2022\/07\/20220714_113636-498x1024.jpg 498w, https:\/\/mybonnechance.de\/wp-content\/uploads\/2022\/07\/20220714_113636-146x300.jpg 146w, https:\/\/mybonnechance.de\/wp-content\/uploads\/2022\/07\/20220714_113636-768x1580.jpg 768w, https:\/\/mybonnechance.de\/wp-content\/uploads\/2022\/07\/20220714_113636-747x1536.jpg 747w, https:\/\/mybonnechance.de\/wp-content\/uploads\/2022\/07\/20220714_113636-996x2048.jpg 996w, https:\/\/mybonnechance.de\/wp-content\/uploads\/2022\/07\/20220714_113636-scaled.jpg 1244w\" sizes=\"auto, (max-width: 498px) 100vw, 498px\" \/><\/figure>\n<\/div>\n<\/div>\n\n\n\n<figure class=\"wp-block-gallery has-nested-images columns-2 is-cropped wp-block-gallery-2 is-layout-flex wp-block-gallery-is-layout-flex\">\n<figure class=\"wp-block-image size-large\"><img loading=\"lazy\" decoding=\"async\" width=\"498\" height=\"1024\" data-id=\"5668\" src=\"https:\/\/mybonnechance.de\/wp-content\/uploads\/2022\/07\/20220714_104709-1-498x1024.jpg\" alt=\"\" class=\"wp-image-5668\" srcset=\"https:\/\/mybonnechance.de\/wp-content\/uploads\/2022\/07\/20220714_104709-1-498x1024.jpg 498w, https:\/\/mybonnechance.de\/wp-content\/uploads\/2022\/07\/20220714_104709-1-146x300.jpg 146w, https:\/\/mybonnechance.de\/wp-content\/uploads\/2022\/07\/20220714_104709-1-768x1580.jpg 768w, https:\/\/mybonnechance.de\/wp-content\/uploads\/2022\/07\/20220714_104709-1-747x1536.jpg 747w, https:\/\/mybonnechance.de\/wp-content\/uploads\/2022\/07\/20220714_104709-1-996x2048.jpg 996w, https:\/\/mybonnechance.de\/wp-content\/uploads\/2022\/07\/20220714_104709-1-scaled.jpg 1244w\" sizes=\"auto, (max-width: 498px) 100vw, 498px\" \/><\/figure>\n\n\n\n<figure class=\"wp-block-image size-large\"><img loading=\"lazy\" decoding=\"async\" width=\"498\" height=\"1024\" data-id=\"5671\" src=\"https:\/\/mybonnechance.de\/wp-content\/uploads\/2022\/07\/20220714_104735-1-498x1024.jpg\" alt=\"\" class=\"wp-image-5671\" srcset=\"https:\/\/mybonnechance.de\/wp-content\/uploads\/2022\/07\/20220714_104735-1-498x1024.jpg 498w, https:\/\/mybonnechance.de\/wp-content\/uploads\/2022\/07\/20220714_104735-1-146x300.jpg 146w, https:\/\/mybonnechance.de\/wp-content\/uploads\/2022\/07\/20220714_104735-1-768x1580.jpg 768w, https:\/\/mybonnechance.de\/wp-content\/uploads\/2022\/07\/20220714_104735-1-747x1536.jpg 747w, https:\/\/mybonnechance.de\/wp-content\/uploads\/2022\/07\/20220714_104735-1-996x2048.jpg 996w, https:\/\/mybonnechance.de\/wp-content\/uploads\/2022\/07\/20220714_104735-1-scaled.jpg 1244w\" sizes=\"auto, (max-width: 498px) 100vw, 498px\" \/><\/figure>\n\n\n\n<figure class=\"wp-block-image size-large\"><img loading=\"lazy\" decoding=\"async\" width=\"1024\" height=\"498\" data-id=\"5678\" src=\"https:\/\/mybonnechance.de\/wp-content\/uploads\/2022\/07\/20220714_123007-1-1024x498.jpg\" alt=\"\" class=\"wp-image-5678\" srcset=\"https:\/\/mybonnechance.de\/wp-content\/uploads\/2022\/07\/20220714_123007-1-1024x498.jpg 1024w, https:\/\/mybonnechance.de\/wp-content\/uploads\/2022\/07\/20220714_123007-1-300x146.jpg 300w, https:\/\/mybonnechance.de\/wp-content\/uploads\/2022\/07\/20220714_123007-1-768x373.jpg 768w, https:\/\/mybonnechance.de\/wp-content\/uploads\/2022\/07\/20220714_123007-1-1536x747.jpg 1536w, https:\/\/mybonnechance.de\/wp-content\/uploads\/2022\/07\/20220714_123007-1-2048x996.jpg 2048w\" sizes=\"auto, (max-width: 767px) 89vw, (max-width: 1000px) 54vw, (max-width: 1071px) 543px, 580px\" \/><figcaption class=\"wp-element-caption\"><strong>Adelssitz Haus Almelo<\/strong><\/figcaption><\/figure>\n<\/figure>\n\n\n\n<div class=\"wp-block-columns is-layout-flex wp-container-core-columns-is-layout-9d6595d7 wp-block-columns-is-layout-flex\">\n<div class=\"wp-block-column is-layout-flow wp-block-column-is-layout-flow\" style=\"flex-basis:66.66%\">\n<figure class=\"wp-block-image size-large is-style-default\"><img loading=\"lazy\" decoding=\"async\" width=\"1024\" height=\"498\" src=\"https:\/\/mybonnechance.de\/wp-content\/uploads\/2022\/07\/Hafen-2-4-1024x498.jpg\" alt=\"\" class=\"wp-image-5683\" srcset=\"https:\/\/mybonnechance.de\/wp-content\/uploads\/2022\/07\/Hafen-2-4-1024x498.jpg 1024w, https:\/\/mybonnechance.de\/wp-content\/uploads\/2022\/07\/Hafen-2-4-300x146.jpg 300w, https:\/\/mybonnechance.de\/wp-content\/uploads\/2022\/07\/Hafen-2-4-768x373.jpg 768w, https:\/\/mybonnechance.de\/wp-content\/uploads\/2022\/07\/Hafen-2-4-1536x747.jpg 1536w, https:\/\/mybonnechance.de\/wp-content\/uploads\/2022\/07\/Hafen-2-4-2048x996.jpg 2048w\" sizes=\"auto, (max-width: 767px) 89vw, (max-width: 1000px) 54vw, (max-width: 1071px) 543px, 580px\" \/><\/figure>\n\n\n\n<p>Gestern noch voll belegt &#8211; heute sind wir alleine<\/p>\n<\/div>\n\n\n\n<div class=\"wp-block-column is-layout-flow wp-block-column-is-layout-flow\" style=\"flex-basis:33.33%\">\n<figure class=\"wp-block-image size-large is-style-default\"><img loading=\"lazy\" decoding=\"async\" width=\"498\" height=\"1024\" src=\"https:\/\/mybonnechance.de\/wp-content\/uploads\/2022\/07\/Hafen-5-2-498x1024.jpg\" alt=\"\" class=\"wp-image-5684\" srcset=\"https:\/\/mybonnechance.de\/wp-content\/uploads\/2022\/07\/Hafen-5-2-498x1024.jpg 498w, https:\/\/mybonnechance.de\/wp-content\/uploads\/2022\/07\/Hafen-5-2-146x300.jpg 146w, https:\/\/mybonnechance.de\/wp-content\/uploads\/2022\/07\/Hafen-5-2-768x1580.jpg 768w, https:\/\/mybonnechance.de\/wp-content\/uploads\/2022\/07\/Hafen-5-2-747x1536.jpg 747w, https:\/\/mybonnechance.de\/wp-content\/uploads\/2022\/07\/Hafen-5-2-996x2048.jpg 996w, https:\/\/mybonnechance.de\/wp-content\/uploads\/2022\/07\/Hafen-5-2-scaled.jpg 1244w\" sizes=\"auto, (max-width: 498px) 100vw, 498px\" \/><\/figure>\n<\/div>\n<\/div>\n\n\n","protected":false},"excerpt":{"rendered":"<p>Tag 18, Mittwoch 13.Juli Lochem &#8211; Almelo, AWV30,7 km \u2013 3,4 Std. Fahrzeit Nach dem Abzweig zum Twentekanal, der nach Almelo f\u00fchrt, haben wir mehr oder weniger einen Hindernissparkur von gro\u00dfen Werkbooten. An beiden Uferseiten wird gebaggert was das Zeug h\u00e4lt. Wahrscheinlich f\u00fcr verbesserte Uferzonen. Zum Gl\u00fcck kommt uns so gut wie nie ein Berufer &hellip; <\/p>\n<p class=\"link-more\"><a href=\"https:\/\/mybonnechance.de\/?page_id=6139\" class=\"more-link\"><span class=\"screen-reader-text\">\u201e2022-12 Almelo\u201c<\/span> weiterlesen<\/a><\/p>\n","protected":false},"author":1,"featured_media":0,"parent":0,"menu_order":0,"comment_status":"closed","ping_status":"closed","template":"","meta":{"ngg_post_thumbnail":0,"footnotes":""},"class_list":["post-6139","page","type-page","status-publish","hentry"],"_links":{"self":[{"href":"https:\/\/mybonnechance.de\/index.php?rest_route=\/wp\/v2\/pages\/6139","targetHints":{"allow":["GET"]}}],"collection":[{"href":"https:\/\/mybonnechance.de\/index.php?rest_route=\/wp\/v2\/pages"}],"about":[{"href":"https:\/\/mybonnechance.de\/index.php?rest_route=\/wp\/v2\/types\/page"}],"author":[{"embeddable":true,"href":"https:\/\/mybonnechance.de\/index.php?rest_route=\/wp\/v2\/users\/1"}],"replies":[{"embeddable":true,"href":"https:\/\/mybonnechance.de\/index.php?rest_route=%2Fwp%2Fv2%2Fcomments&post=6139"}],"version-history":[{"count":3,"href":"https:\/\/mybonnechance.de\/index.php?rest_route=\/wp\/v2\/pages\/6139\/revisions"}],"predecessor-version":[{"id":6955,"href":"https:\/\/mybonnechance.de\/index.php?rest_route=\/wp\/v2\/pages\/6139\/revisions\/6955"}],"wp:attachment":[{"href":"https:\/\/mybonnechance.de\/index.php?rest_route=%2Fwp%2Fv2%2Fmedia&parent=6139"}],"curies":[{"name":"wp","href":"https:\/\/api.w.org\/{rel}","templated":true}]}}