{"id":6141,"date":"2022-08-13T10:07:38","date_gmt":"2022-08-13T10:07:38","guid":{"rendered":"https:\/\/mybonnechance.de\/?page_id=6141"},"modified":"2023-01-06T12:09:54","modified_gmt":"2023-01-06T12:09:54","slug":"2022-13-t-hooge-holt","status":"publish","type":"page","link":"https:\/\/mybonnechance.de\/?page_id=6141","title":{"rendered":"2022-13 \u00b4t Hooge Holt"},"content":{"rendered":"\n<p><strong>Tag 20, Freitag 15.Juli<\/strong> <strong>    Almelo<\/strong> &#8211; <strong>Hafen &#8218;t Hooge Holt<\/strong><br>32,4 km \u2013  1 Schleuse &#8211; 11 bewegl. Br\u00fccken &#8211; 6 Std. Fahrzeit <br>Heute morgen haben wir Ablegeprobleme. Starker auflandiger Wind und wahrscheinlich Str\u00f6mung, so da\u00df wir in die Vorspring eindampfen m\u00fcssen. Dann klappt es und nach 20 min. erreichen wir die <strong>Schleuse Aadorp<\/strong>. Die regelt ab jetzt den gesamten Br\u00fccken- und Schleusenverkehr bis hinter Coevorden. Wir m\u00fcssen 45 min. warten bis wir schleusen d\u00fcrfen. Die Schleusenw\u00e4rterin erkl\u00e4rt, da\u00df sie so lange warten musste in der Hoffnung, da\u00df noch ein Schiff mitschleust. Es herrscht Wassermangel und so soll so wenig hin-und hergeschleust werden wie m\u00f6glich.  Der <strong>Almelo de Haandrikanal <\/strong>ist wundersch\u00f6n und wir sind in unserer Richtung allein unterwegs. Wir sind mit den Autos fast auf Du und Du \ud83d\ude42<br>Einmal kam uns ein Berufer entgegen und da wurde es ein bisschen eng. Bis <strong>Gramsbergen<\/strong> passieren wir 11 Br\u00fccken.<\/p>\n\n\n\n<figure class=\"wp-block-gallery has-nested-images columns-default is-cropped wp-block-gallery-1 is-layout-flex wp-block-gallery-is-layout-flex\">\n<figure class=\"wp-block-image size-large\"><img loading=\"lazy\" decoding=\"async\" width=\"498\" height=\"1024\" data-id=\"5692\" src=\"https:\/\/mybonnechance.de\/wp-content\/uploads\/2022\/07\/20220715_130140-498x1024.jpg\" alt=\"\" class=\"wp-image-5692\" srcset=\"https:\/\/mybonnechance.de\/wp-content\/uploads\/2022\/07\/20220715_130140-498x1024.jpg 498w, https:\/\/mybonnechance.de\/wp-content\/uploads\/2022\/07\/20220715_130140-146x300.jpg 146w, https:\/\/mybonnechance.de\/wp-content\/uploads\/2022\/07\/20220715_130140-768x1580.jpg 768w, https:\/\/mybonnechance.de\/wp-content\/uploads\/2022\/07\/20220715_130140-747x1536.jpg 747w, https:\/\/mybonnechance.de\/wp-content\/uploads\/2022\/07\/20220715_130140-996x2048.jpg 996w, https:\/\/mybonnechance.de\/wp-content\/uploads\/2022\/07\/20220715_130140-scaled.jpg 1244w\" sizes=\"auto, (max-width: 498px) 100vw, 498px\" \/><\/figure>\n\n\n\n<figure class=\"wp-block-image size-large\"><img loading=\"lazy\" decoding=\"async\" width=\"498\" height=\"1024\" data-id=\"5693\" src=\"https:\/\/mybonnechance.de\/wp-content\/uploads\/2022\/07\/20220715_130426-498x1024.jpg\" alt=\"\" class=\"wp-image-5693\" srcset=\"https:\/\/mybonnechance.de\/wp-content\/uploads\/2022\/07\/20220715_130426-498x1024.jpg 498w, https:\/\/mybonnechance.de\/wp-content\/uploads\/2022\/07\/20220715_130426-146x300.jpg 146w, https:\/\/mybonnechance.de\/wp-content\/uploads\/2022\/07\/20220715_130426-768x1580.jpg 768w, https:\/\/mybonnechance.de\/wp-content\/uploads\/2022\/07\/20220715_130426-747x1536.jpg 747w, https:\/\/mybonnechance.de\/wp-content\/uploads\/2022\/07\/20220715_130426-996x2048.jpg 996w, https:\/\/mybonnechance.de\/wp-content\/uploads\/2022\/07\/20220715_130426-scaled.jpg 1244w\" sizes=\"auto, (max-width: 498px) 100vw, 498px\" \/><\/figure>\n\n\n\n<figure class=\"wp-block-image size-large\"><img loading=\"lazy\" decoding=\"async\" width=\"498\" height=\"1024\" data-id=\"5694\" src=\"https:\/\/mybonnechance.de\/wp-content\/uploads\/2022\/07\/20220715_130538-498x1024.jpg\" alt=\"\" class=\"wp-image-5694\" srcset=\"https:\/\/mybonnechance.de\/wp-content\/uploads\/2022\/07\/20220715_130538-498x1024.jpg 498w, https:\/\/mybonnechance.de\/wp-content\/uploads\/2022\/07\/20220715_130538-146x300.jpg 146w, https:\/\/mybonnechance.de\/wp-content\/uploads\/2022\/07\/20220715_130538-768x1580.jpg 768w, https:\/\/mybonnechance.de\/wp-content\/uploads\/2022\/07\/20220715_130538-747x1536.jpg 747w, https:\/\/mybonnechance.de\/wp-content\/uploads\/2022\/07\/20220715_130538-996x2048.jpg 996w, https:\/\/mybonnechance.de\/wp-content\/uploads\/2022\/07\/20220715_130538-scaled.jpg 1244w\" sizes=\"auto, (max-width: 498px) 100vw, 498px\" \/><\/figure>\n<\/figure>\n\n\n\n<p>Ein Br\u00fcckenw\u00e4rter ist immer mit uns per Auto unterwegs und \u00f6ffnet die Br\u00fccken. Klappt wunderbar bis um halb zw\u00f6lf. Dann Ist Mittagspause &#8211; eigentlich. Heute macht der Br\u00fcckenw\u00e4rter schon um halb zw\u00f6lf Pause.  Unterwegs wieder eine Menge sch\u00f6ner H\u00e4user.<\/p>\n\n\n\n<div class=\"wp-block-columns is-layout-flex wp-container-core-columns-is-layout-9d6595d7 wp-block-columns-is-layout-flex\">\n<div class=\"wp-block-column is-layout-flow wp-block-column-is-layout-flow\">\n<figure class=\"wp-block-gallery has-nested-images columns-default is-cropped wp-block-gallery-2 is-layout-flex wp-block-gallery-is-layout-flex\">\n<figure class=\"wp-block-image size-large\"><img loading=\"lazy\" decoding=\"async\" width=\"498\" height=\"1024\" data-id=\"5695\" src=\"https:\/\/mybonnechance.de\/wp-content\/uploads\/2022\/07\/Haeuser-3-498x1024.jpg\" alt=\"\" class=\"wp-image-5695\" srcset=\"https:\/\/mybonnechance.de\/wp-content\/uploads\/2022\/07\/Haeuser-3-498x1024.jpg 498w, https:\/\/mybonnechance.de\/wp-content\/uploads\/2022\/07\/Haeuser-3-146x300.jpg 146w, https:\/\/mybonnechance.de\/wp-content\/uploads\/2022\/07\/Haeuser-3-768x1580.jpg 768w, https:\/\/mybonnechance.de\/wp-content\/uploads\/2022\/07\/Haeuser-3-747x1536.jpg 747w, https:\/\/mybonnechance.de\/wp-content\/uploads\/2022\/07\/Haeuser-3-996x2048.jpg 996w, https:\/\/mybonnechance.de\/wp-content\/uploads\/2022\/07\/Haeuser-3-scaled.jpg 1244w\" sizes=\"auto, (max-width: 498px) 100vw, 498px\" \/><\/figure>\n\n\n\n<figure class=\"wp-block-image size-large\"><img loading=\"lazy\" decoding=\"async\" width=\"498\" height=\"1024\" data-id=\"5697\" src=\"https:\/\/mybonnechance.de\/wp-content\/uploads\/2022\/07\/Haeuser-4-498x1024.jpg\" alt=\"\" class=\"wp-image-5697\" srcset=\"https:\/\/mybonnechance.de\/wp-content\/uploads\/2022\/07\/Haeuser-4-498x1024.jpg 498w, https:\/\/mybonnechance.de\/wp-content\/uploads\/2022\/07\/Haeuser-4-146x300.jpg 146w, https:\/\/mybonnechance.de\/wp-content\/uploads\/2022\/07\/Haeuser-4-768x1580.jpg 768w, https:\/\/mybonnechance.de\/wp-content\/uploads\/2022\/07\/Haeuser-4-747x1536.jpg 747w, https:\/\/mybonnechance.de\/wp-content\/uploads\/2022\/07\/Haeuser-4-996x2048.jpg 996w, https:\/\/mybonnechance.de\/wp-content\/uploads\/2022\/07\/Haeuser-4-scaled.jpg 1244w\" sizes=\"auto, (max-width: 498px) 100vw, 498px\" \/><\/figure>\n<\/figure>\n<\/div>\n\n\n\n<div class=\"wp-block-column is-layout-flow wp-block-column-is-layout-flow\">\n<figure class=\"wp-block-gallery has-nested-images columns-default is-cropped wp-block-gallery-3 is-layout-flex wp-block-gallery-is-layout-flex\">\n<figure class=\"wp-block-image size-large\"><img loading=\"lazy\" decoding=\"async\" width=\"498\" height=\"1024\" data-id=\"5696\" src=\"https:\/\/mybonnechance.de\/wp-content\/uploads\/2022\/07\/Haeuser-5-498x1024.jpg\" alt=\"\" class=\"wp-image-5696\" srcset=\"https:\/\/mybonnechance.de\/wp-content\/uploads\/2022\/07\/Haeuser-5-498x1024.jpg 498w, https:\/\/mybonnechance.de\/wp-content\/uploads\/2022\/07\/Haeuser-5-146x300.jpg 146w, https:\/\/mybonnechance.de\/wp-content\/uploads\/2022\/07\/Haeuser-5-768x1580.jpg 768w, https:\/\/mybonnechance.de\/wp-content\/uploads\/2022\/07\/Haeuser-5-747x1536.jpg 747w, https:\/\/mybonnechance.de\/wp-content\/uploads\/2022\/07\/Haeuser-5-996x2048.jpg 996w, https:\/\/mybonnechance.de\/wp-content\/uploads\/2022\/07\/Haeuser-5-scaled.jpg 1244w\" sizes=\"auto, (max-width: 498px) 100vw, 498px\" \/><\/figure>\n\n\n\n<figure class=\"wp-block-image size-large\"><img loading=\"lazy\" decoding=\"async\" width=\"498\" height=\"1024\" data-id=\"5698\" src=\"https:\/\/mybonnechance.de\/wp-content\/uploads\/2022\/07\/Haeuser-7-498x1024.jpg\" alt=\"\" class=\"wp-image-5698\" srcset=\"https:\/\/mybonnechance.de\/wp-content\/uploads\/2022\/07\/Haeuser-7-498x1024.jpg 498w, https:\/\/mybonnechance.de\/wp-content\/uploads\/2022\/07\/Haeuser-7-146x300.jpg 146w, https:\/\/mybonnechance.de\/wp-content\/uploads\/2022\/07\/Haeuser-7-768x1580.jpg 768w, https:\/\/mybonnechance.de\/wp-content\/uploads\/2022\/07\/Haeuser-7-747x1536.jpg 747w, https:\/\/mybonnechance.de\/wp-content\/uploads\/2022\/07\/Haeuser-7-996x2048.jpg 996w, https:\/\/mybonnechance.de\/wp-content\/uploads\/2022\/07\/Haeuser-7-scaled.jpg 1244w\" sizes=\"auto, (max-width: 498px) 100vw, 498px\" \/><\/figure>\n<\/figure>\n<\/div>\n<\/div>\n\n\n\n<p>Da der <strong>Hafen &#8218;t Hooge Holt <\/strong>eine lange Kade vor dem eigentlich Hafen hat, haben wir uns keine Gedanken um einen freien Liegeplatz gemacht, zumal ja eigentlich schon die ganzen Tagen nichts los ist. Aber diesmal haben wir Pech, denn an der Kaded ist bereits alles belegt, obwohl Platz f\u00fcr ca.15 Schiffe ist. Sp\u00e4ter stellen wir fest, da\u00df da kaum Bewegung ist. M\u00f6glicherweise sind die meisten auch Hafenlieger, nur liegen eben auf den Au\u00dfenpl\u00e4tzen. Auch im Hafen gibt es Probleme, da es sich um einen kleinen Hafen handelt und eigentlich auch dort kein Platz mehr ist. Mit einigem Hin und Her und 2 gescheiterten Anlegeversuchen an ungeeigneten Pl\u00e4tzen, schaffen wir es dann r\u00fcckw\u00e4rts in eine Box zu kommen. Schlauchboot musste daf\u00fcr mitten im engen Hafen abgemacht und nach vorne bugsiert werden. Ganz sch\u00f6n viel Stress und Aufregung, aber Stephan hat es souver\u00e4n gemeistert. Wir haben auch sehr nette Nachbarn mit einer ziemlich aristrokatisch wirkenden Perserkatze.<\/p>\n\n\n\n<figure class=\"wp-block-gallery has-nested-images columns-default is-cropped wp-block-gallery-4 is-layout-flex wp-block-gallery-is-layout-flex\">\n<figure class=\"wp-block-image size-large\"><img loading=\"lazy\" decoding=\"async\" width=\"498\" height=\"1024\" data-id=\"5699\" src=\"https:\/\/mybonnechance.de\/wp-content\/uploads\/2022\/07\/Katze-1-498x1024.jpg\" alt=\"\" class=\"wp-image-5699\" srcset=\"https:\/\/mybonnechance.de\/wp-content\/uploads\/2022\/07\/Katze-1-498x1024.jpg 498w, https:\/\/mybonnechance.de\/wp-content\/uploads\/2022\/07\/Katze-1-146x300.jpg 146w, https:\/\/mybonnechance.de\/wp-content\/uploads\/2022\/07\/Katze-1-768x1580.jpg 768w, https:\/\/mybonnechance.de\/wp-content\/uploads\/2022\/07\/Katze-1-747x1536.jpg 747w, https:\/\/mybonnechance.de\/wp-content\/uploads\/2022\/07\/Katze-1-996x2048.jpg 996w, https:\/\/mybonnechance.de\/wp-content\/uploads\/2022\/07\/Katze-1-scaled.jpg 1244w\" sizes=\"auto, (max-width: 498px) 100vw, 498px\" \/><\/figure>\n\n\n\n<figure class=\"wp-block-image size-large\"><img loading=\"lazy\" decoding=\"async\" width=\"498\" height=\"1024\" data-id=\"5700\" src=\"https:\/\/mybonnechance.de\/wp-content\/uploads\/2022\/07\/Katze-2-498x1024.jpg\" alt=\"\" class=\"wp-image-5700\" srcset=\"https:\/\/mybonnechance.de\/wp-content\/uploads\/2022\/07\/Katze-2-498x1024.jpg 498w, https:\/\/mybonnechance.de\/wp-content\/uploads\/2022\/07\/Katze-2-146x300.jpg 146w, https:\/\/mybonnechance.de\/wp-content\/uploads\/2022\/07\/Katze-2-768x1580.jpg 768w, https:\/\/mybonnechance.de\/wp-content\/uploads\/2022\/07\/Katze-2-747x1536.jpg 747w, https:\/\/mybonnechance.de\/wp-content\/uploads\/2022\/07\/Katze-2-996x2048.jpg 996w, https:\/\/mybonnechance.de\/wp-content\/uploads\/2022\/07\/Katze-2-scaled.jpg 1244w\" sizes=\"auto, (max-width: 498px) 100vw, 498px\" \/><\/figure>\n<\/figure>\n\n\n\n<figure class=\"wp-block-gallery has-nested-images columns-2 is-cropped wp-block-gallery-5 is-layout-flex wp-block-gallery-is-layout-flex\">\n<figure class=\"wp-block-image size-large\"><img loading=\"lazy\" decoding=\"async\" width=\"1024\" height=\"498\" data-id=\"5701\" src=\"https:\/\/mybonnechance.de\/wp-content\/uploads\/2022\/07\/Hafen-1-5-1024x498.jpg\" alt=\"\" class=\"wp-image-5701\" srcset=\"https:\/\/mybonnechance.de\/wp-content\/uploads\/2022\/07\/Hafen-1-5-1024x498.jpg 1024w, https:\/\/mybonnechance.de\/wp-content\/uploads\/2022\/07\/Hafen-1-5-300x146.jpg 300w, https:\/\/mybonnechance.de\/wp-content\/uploads\/2022\/07\/Hafen-1-5-768x373.jpg 768w, https:\/\/mybonnechance.de\/wp-content\/uploads\/2022\/07\/Hafen-1-5-1536x747.jpg 1536w, https:\/\/mybonnechance.de\/wp-content\/uploads\/2022\/07\/Hafen-1-5-2048x996.jpg 2048w\" sizes=\"auto, (max-width: 767px) 89vw, (max-width: 1000px) 54vw, (max-width: 1071px) 543px, 580px\" \/><\/figure>\n\n\n\n<figure class=\"wp-block-image size-large\"><img loading=\"lazy\" decoding=\"async\" width=\"1024\" height=\"498\" data-id=\"5702\" src=\"https:\/\/mybonnechance.de\/wp-content\/uploads\/2022\/07\/Hafen-2-5-1024x498.jpg\" alt=\"\" class=\"wp-image-5702\" srcset=\"https:\/\/mybonnechance.de\/wp-content\/uploads\/2022\/07\/Hafen-2-5-1024x498.jpg 1024w, https:\/\/mybonnechance.de\/wp-content\/uploads\/2022\/07\/Hafen-2-5-300x146.jpg 300w, https:\/\/mybonnechance.de\/wp-content\/uploads\/2022\/07\/Hafen-2-5-768x373.jpg 768w, https:\/\/mybonnechance.de\/wp-content\/uploads\/2022\/07\/Hafen-2-5-1536x747.jpg 1536w, https:\/\/mybonnechance.de\/wp-content\/uploads\/2022\/07\/Hafen-2-5-2048x996.jpg 2048w\" sizes=\"auto, (max-width: 767px) 89vw, (max-width: 1000px) 54vw, (max-width: 1071px) 543px, 580px\" \/><figcaption class=\"wp-element-caption\"><strong>Au\u00dfenkade<\/strong><\/figcaption><\/figure>\n\n\n\n<figure class=\"wp-block-image size-large\"><img loading=\"lazy\" decoding=\"async\" width=\"1024\" height=\"498\" data-id=\"5703\" src=\"https:\/\/mybonnechance.de\/wp-content\/uploads\/2022\/07\/Hafen-4-2-1024x498.jpg\" alt=\"\" class=\"wp-image-5703\" srcset=\"https:\/\/mybonnechance.de\/wp-content\/uploads\/2022\/07\/Hafen-4-2-1024x498.jpg 1024w, https:\/\/mybonnechance.de\/wp-content\/uploads\/2022\/07\/Hafen-4-2-300x146.jpg 300w, https:\/\/mybonnechance.de\/wp-content\/uploads\/2022\/07\/Hafen-4-2-768x373.jpg 768w, https:\/\/mybonnechance.de\/wp-content\/uploads\/2022\/07\/Hafen-4-2-1536x747.jpg 1536w, https:\/\/mybonnechance.de\/wp-content\/uploads\/2022\/07\/Hafen-4-2-2048x996.jpg 2048w\" sizes=\"auto, (max-width: 767px) 89vw, (max-width: 1000px) 54vw, (max-width: 1071px) 543px, 580px\" \/><\/figure>\n<\/figure>\n\n\n\n<p><strong>Tag 21 &#8211; Tag 23,  Samstag 16.Juli<\/strong> <strong> &#8211; Montag 18. Juli<\/strong><br>Wir sind doch etwas l\u00e4nger geblieben als geplant, da das Wetter immer w\u00e4rmer wird. Gegen\u00fcber gibt es den <strong>Recreatiepark &#8218;t Hooge Holt<\/strong> und die Hafenlieger d\u00fcrfen das Schwimmbad dort mitbenutzen. Das finde ich eine super Sache. Einziger Wermutstropfen: Der Hafen besitz kein Internet mehr. <\/p>\n\n\n\n<figure class=\"wp-block-gallery has-nested-images columns-default is-cropped wp-block-gallery-6 is-layout-flex wp-block-gallery-is-layout-flex\">\n<figure class=\"wp-block-image size-large\"><img loading=\"lazy\" decoding=\"async\" width=\"498\" height=\"1024\" data-id=\"5706\" src=\"https:\/\/mybonnechance.de\/wp-content\/uploads\/2022\/07\/20220718_151626-498x1024.jpg\" alt=\"\" class=\"wp-image-5706\" srcset=\"https:\/\/mybonnechance.de\/wp-content\/uploads\/2022\/07\/20220718_151626-498x1024.jpg 498w, https:\/\/mybonnechance.de\/wp-content\/uploads\/2022\/07\/20220718_151626-146x300.jpg 146w, https:\/\/mybonnechance.de\/wp-content\/uploads\/2022\/07\/20220718_151626-768x1580.jpg 768w, https:\/\/mybonnechance.de\/wp-content\/uploads\/2022\/07\/20220718_151626-747x1536.jpg 747w, https:\/\/mybonnechance.de\/wp-content\/uploads\/2022\/07\/20220718_151626-996x2048.jpg 996w, https:\/\/mybonnechance.de\/wp-content\/uploads\/2022\/07\/20220718_151626-scaled.jpg 1244w\" sizes=\"auto, (max-width: 498px) 100vw, 498px\" \/><\/figure>\n\n\n\n<figure class=\"wp-block-image size-large\"><img loading=\"lazy\" decoding=\"async\" width=\"498\" height=\"1024\" data-id=\"5707\" src=\"https:\/\/mybonnechance.de\/wp-content\/uploads\/2022\/07\/20220718_152409-498x1024.jpg\" alt=\"\" class=\"wp-image-5707\" srcset=\"https:\/\/mybonnechance.de\/wp-content\/uploads\/2022\/07\/20220718_152409-498x1024.jpg 498w, https:\/\/mybonnechance.de\/wp-content\/uploads\/2022\/07\/20220718_152409-146x300.jpg 146w, https:\/\/mybonnechance.de\/wp-content\/uploads\/2022\/07\/20220718_152409-768x1580.jpg 768w, https:\/\/mybonnechance.de\/wp-content\/uploads\/2022\/07\/20220718_152409-747x1536.jpg 747w, https:\/\/mybonnechance.de\/wp-content\/uploads\/2022\/07\/20220718_152409-996x2048.jpg 996w, https:\/\/mybonnechance.de\/wp-content\/uploads\/2022\/07\/20220718_152409-scaled.jpg 1244w\" sizes=\"auto, (max-width: 498px) 100vw, 498px\" \/><figcaption class=\"wp-element-caption\"><strong>Restaurant<\/strong><\/figcaption><\/figure>\n<\/figure>\n\n\n\n<p>Nat\u00fcrlich machen wir auch Fahrradtouren. Samstag war es angenehm k\u00fchl und so ging es nach <strong>Coevorden<\/strong>. Da war wohl gerade &#8222;Seemanstag&#8220;. Jedenfalls trat an jeder Ecke ein Shanty Chor auf. <strong>Sehr sch\u00f6ner Liegeplatz befindet sich hinter der George Vancouverbr\u00fccke<\/strong><\/p>\n\n\n\n<div class=\"wp-block-columns is-layout-flex wp-container-core-columns-is-layout-9d6595d7 wp-block-columns-is-layout-flex\">\n<div class=\"wp-block-column is-layout-flow wp-block-column-is-layout-flow\">\n<figure class=\"wp-block-gallery has-nested-images columns-default is-cropped wp-block-gallery-7 is-layout-flex wp-block-gallery-is-layout-flex\">\n<figure class=\"wp-block-image size-large\"><img loading=\"lazy\" decoding=\"async\" width=\"498\" height=\"1024\" data-id=\"5708\" src=\"https:\/\/mybonnechance.de\/wp-content\/uploads\/2022\/07\/20220716_120005-498x1024.jpg\" alt=\"\" class=\"wp-image-5708\" srcset=\"https:\/\/mybonnechance.de\/wp-content\/uploads\/2022\/07\/20220716_120005-498x1024.jpg 498w, https:\/\/mybonnechance.de\/wp-content\/uploads\/2022\/07\/20220716_120005-146x300.jpg 146w, https:\/\/mybonnechance.de\/wp-content\/uploads\/2022\/07\/20220716_120005-768x1580.jpg 768w, https:\/\/mybonnechance.de\/wp-content\/uploads\/2022\/07\/20220716_120005-747x1536.jpg 747w, https:\/\/mybonnechance.de\/wp-content\/uploads\/2022\/07\/20220716_120005-996x2048.jpg 996w, https:\/\/mybonnechance.de\/wp-content\/uploads\/2022\/07\/20220716_120005-scaled.jpg 1244w\" sizes=\"auto, (max-width: 498px) 100vw, 498px\" \/><\/figure>\n\n\n\n<figure class=\"wp-block-image size-large\"><img loading=\"lazy\" decoding=\"async\" width=\"498\" height=\"1024\" data-id=\"5709\" src=\"https:\/\/mybonnechance.de\/wp-content\/uploads\/2022\/07\/20220716_131002-498x1024.jpg\" alt=\"\" class=\"wp-image-5709\" srcset=\"https:\/\/mybonnechance.de\/wp-content\/uploads\/2022\/07\/20220716_131002-498x1024.jpg 498w, https:\/\/mybonnechance.de\/wp-content\/uploads\/2022\/07\/20220716_131002-146x300.jpg 146w, https:\/\/mybonnechance.de\/wp-content\/uploads\/2022\/07\/20220716_131002-768x1580.jpg 768w, https:\/\/mybonnechance.de\/wp-content\/uploads\/2022\/07\/20220716_131002-747x1536.jpg 747w, https:\/\/mybonnechance.de\/wp-content\/uploads\/2022\/07\/20220716_131002-996x2048.jpg 996w, https:\/\/mybonnechance.de\/wp-content\/uploads\/2022\/07\/20220716_131002-scaled.jpg 1244w\" sizes=\"auto, (max-width: 498px) 100vw, 498px\" \/><\/figure>\n<\/figure>\n<\/div>\n\n\n\n<div class=\"wp-block-column is-layout-flow wp-block-column-is-layout-flow\">\n<figure class=\"wp-block-gallery has-nested-images columns-default is-cropped wp-block-gallery-8 is-layout-flex wp-block-gallery-is-layout-flex\">\n<figure class=\"wp-block-image size-large\"><img loading=\"lazy\" decoding=\"async\" width=\"498\" height=\"1024\" data-id=\"5711\" src=\"https:\/\/mybonnechance.de\/wp-content\/uploads\/2022\/07\/20220716_124535-498x1024.jpg\" alt=\"\" class=\"wp-image-5711\" srcset=\"https:\/\/mybonnechance.de\/wp-content\/uploads\/2022\/07\/20220716_124535-498x1024.jpg 498w, https:\/\/mybonnechance.de\/wp-content\/uploads\/2022\/07\/20220716_124535-146x300.jpg 146w, https:\/\/mybonnechance.de\/wp-content\/uploads\/2022\/07\/20220716_124535-768x1580.jpg 768w, https:\/\/mybonnechance.de\/wp-content\/uploads\/2022\/07\/20220716_124535-747x1536.jpg 747w, https:\/\/mybonnechance.de\/wp-content\/uploads\/2022\/07\/20220716_124535-996x2048.jpg 996w, https:\/\/mybonnechance.de\/wp-content\/uploads\/2022\/07\/20220716_124535-scaled.jpg 1244w\" sizes=\"auto, (max-width: 498px) 100vw, 498px\" \/><\/figure>\n\n\n\n<figure class=\"wp-block-image size-large\"><img loading=\"lazy\" decoding=\"async\" width=\"498\" height=\"1024\" data-id=\"5710\" src=\"https:\/\/mybonnechance.de\/wp-content\/uploads\/2022\/07\/20220716_121150-498x1024.jpg\" alt=\"\" class=\"wp-image-5710\" srcset=\"https:\/\/mybonnechance.de\/wp-content\/uploads\/2022\/07\/20220716_121150-498x1024.jpg 498w, https:\/\/mybonnechance.de\/wp-content\/uploads\/2022\/07\/20220716_121150-146x300.jpg 146w, https:\/\/mybonnechance.de\/wp-content\/uploads\/2022\/07\/20220716_121150-768x1580.jpg 768w, https:\/\/mybonnechance.de\/wp-content\/uploads\/2022\/07\/20220716_121150-747x1536.jpg 747w, https:\/\/mybonnechance.de\/wp-content\/uploads\/2022\/07\/20220716_121150-996x2048.jpg 996w, https:\/\/mybonnechance.de\/wp-content\/uploads\/2022\/07\/20220716_121150-scaled.jpg 1244w\" sizes=\"auto, (max-width: 498px) 100vw, 498px\" \/><figcaption class=\"wp-element-caption\"><strong>Jonny Depp der Niederlande<\/strong><\/figcaption><\/figure>\n<\/figure>\n<\/div>\n<\/div>\n\n\n\n<p>Covoerden hat eine mittlere Gr\u00f6\u00dfe und ist relativ modern, viel Shoppingm\u00f6glichkeiten. Einzig historisches ist das Kastell, welches aber jetzt ein Hotel und Restaurant ist.<\/p>\n\n\n\n<figure class=\"wp-block-gallery has-nested-images columns-default is-cropped wp-block-gallery-9 is-layout-flex wp-block-gallery-is-layout-flex\">\n<figure class=\"wp-block-image size-large\"><img loading=\"lazy\" decoding=\"async\" width=\"498\" height=\"1024\" data-id=\"5712\" src=\"https:\/\/mybonnechance.de\/wp-content\/uploads\/2022\/07\/20220716_113322-498x1024.jpg\" alt=\"\" class=\"wp-image-5712\" srcset=\"https:\/\/mybonnechance.de\/wp-content\/uploads\/2022\/07\/20220716_113322-498x1024.jpg 498w, https:\/\/mybonnechance.de\/wp-content\/uploads\/2022\/07\/20220716_113322-146x300.jpg 146w, https:\/\/mybonnechance.de\/wp-content\/uploads\/2022\/07\/20220716_113322-768x1580.jpg 768w, https:\/\/mybonnechance.de\/wp-content\/uploads\/2022\/07\/20220716_113322-747x1536.jpg 747w, https:\/\/mybonnechance.de\/wp-content\/uploads\/2022\/07\/20220716_113322-996x2048.jpg 996w, https:\/\/mybonnechance.de\/wp-content\/uploads\/2022\/07\/20220716_113322-scaled.jpg 1244w\" sizes=\"auto, (max-width: 498px) 100vw, 498px\" \/><\/figure>\n\n\n\n<figure class=\"wp-block-image size-large\"><img loading=\"lazy\" decoding=\"async\" width=\"498\" height=\"1024\" data-id=\"5714\" src=\"https:\/\/mybonnechance.de\/wp-content\/uploads\/2022\/07\/20220716_131744-498x1024.jpg\" alt=\"\" class=\"wp-image-5714\" srcset=\"https:\/\/mybonnechance.de\/wp-content\/uploads\/2022\/07\/20220716_131744-498x1024.jpg 498w, https:\/\/mybonnechance.de\/wp-content\/uploads\/2022\/07\/20220716_131744-146x300.jpg 146w, https:\/\/mybonnechance.de\/wp-content\/uploads\/2022\/07\/20220716_131744-768x1580.jpg 768w, https:\/\/mybonnechance.de\/wp-content\/uploads\/2022\/07\/20220716_131744-747x1536.jpg 747w, https:\/\/mybonnechance.de\/wp-content\/uploads\/2022\/07\/20220716_131744-996x2048.jpg 996w, https:\/\/mybonnechance.de\/wp-content\/uploads\/2022\/07\/20220716_131744-scaled.jpg 1244w\" sizes=\"auto, (max-width: 498px) 100vw, 498px\" \/><\/figure>\n\n\n\n<figure class=\"wp-block-image size-large\"><img loading=\"lazy\" decoding=\"async\" width=\"498\" height=\"1024\" data-id=\"5713\" src=\"https:\/\/mybonnechance.de\/wp-content\/uploads\/2022\/07\/20220716_113402-498x1024.jpg\" alt=\"\" class=\"wp-image-5713\" srcset=\"https:\/\/mybonnechance.de\/wp-content\/uploads\/2022\/07\/20220716_113402-498x1024.jpg 498w, https:\/\/mybonnechance.de\/wp-content\/uploads\/2022\/07\/20220716_113402-146x300.jpg 146w, https:\/\/mybonnechance.de\/wp-content\/uploads\/2022\/07\/20220716_113402-768x1580.jpg 768w, https:\/\/mybonnechance.de\/wp-content\/uploads\/2022\/07\/20220716_113402-747x1536.jpg 747w, https:\/\/mybonnechance.de\/wp-content\/uploads\/2022\/07\/20220716_113402-996x2048.jpg 996w, https:\/\/mybonnechance.de\/wp-content\/uploads\/2022\/07\/20220716_113402-scaled.jpg 1244w\" sizes=\"auto, (max-width: 498px) 100vw, 498px\" \/><\/figure>\n<\/figure>\n\n\n\n<p>Montag Morgen haben wir noch eine Tour nach <strong>Hardenberg<\/strong> gemacht, welches aber auch nur eine Shoppingstadt ist. Aber die Radtour am Kanal entlang war sehr h\u00fcbsch. Nachmittags dann ab ins Schwimmbad.<\/p>\n\n\n","protected":false},"excerpt":{"rendered":"<p>Tag 20, Freitag 15.Juli Almelo &#8211; Hafen &#8218;t Hooge Holt32,4 km \u2013 1 Schleuse &#8211; 11 bewegl. Br\u00fccken &#8211; 6 Std. Fahrzeit Heute morgen haben wir Ablegeprobleme. Starker auflandiger Wind und wahrscheinlich Str\u00f6mung, so da\u00df wir in die Vorspring eindampfen m\u00fcssen. Dann klappt es und nach 20 min. erreichen wir die Schleuse Aadorp. Die regelt &hellip; <\/p>\n<p class=\"link-more\"><a href=\"https:\/\/mybonnechance.de\/?page_id=6141\" class=\"more-link\"><span class=\"screen-reader-text\">\u201e2022-13 \u00b4t Hooge Holt\u201c<\/span> weiterlesen<\/a><\/p>\n","protected":false},"author":1,"featured_media":0,"parent":0,"menu_order":0,"comment_status":"closed","ping_status":"closed","template":"","meta":{"ngg_post_thumbnail":0,"footnotes":""},"class_list":["post-6141","page","type-page","status-publish","hentry"],"_links":{"self":[{"href":"https:\/\/mybonnechance.de\/index.php?rest_route=\/wp\/v2\/pages\/6141","targetHints":{"allow":["GET"]}}],"collection":[{"href":"https:\/\/mybonnechance.de\/index.php?rest_route=\/wp\/v2\/pages"}],"about":[{"href":"https:\/\/mybonnechance.de\/index.php?rest_route=\/wp\/v2\/types\/page"}],"author":[{"embeddable":true,"href":"https:\/\/mybonnechance.de\/index.php?rest_route=\/wp\/v2\/users\/1"}],"replies":[{"embeddable":true,"href":"https:\/\/mybonnechance.de\/index.php?rest_route=%2Fwp%2Fv2%2Fcomments&post=6141"}],"version-history":[{"count":6,"href":"https:\/\/mybonnechance.de\/index.php?rest_route=\/wp\/v2\/pages\/6141\/revisions"}],"predecessor-version":[{"id":6957,"href":"https:\/\/mybonnechance.de\/index.php?rest_route=\/wp\/v2\/pages\/6141\/revisions\/6957"}],"wp:attachment":[{"href":"https:\/\/mybonnechance.de\/index.php?rest_route=%2Fwp%2Fv2%2Fmedia&parent=6141"}],"curies":[{"name":"wp","href":"https:\/\/api.w.org\/{rel}","templated":true}]}}