{"id":6145,"date":"2022-08-13T10:10:32","date_gmt":"2022-08-13T10:10:32","guid":{"rendered":"https:\/\/mybonnechance.de\/?page_id=6145"},"modified":"2023-01-07T19:12:44","modified_gmt":"2023-01-07T19:12:44","slug":"2022-15-ter-apel","status":"publish","type":"page","link":"https:\/\/mybonnechance.de\/?page_id=6145","title":{"rendered":"2022-15 Ter Apel"},"content":{"rendered":"\n<p id=\"block-377e9e44-1233-493d-9a86-a5a7b8b6feed\"><strong>Tag 26, Donnerstag 21.Juli<\/strong> <strong>   Veenpark<\/strong> <strong>&#8211; Ter Apel<\/strong>, <strong>Passantenhaven<\/strong><br>15,8 km \u2013 4 Schleuse &#8211; 13 bewegliche Br\u00fccken &#8211; 5,25 Std. Fahrzeit<br>Die Nacht hat es ein ziemlich heftiges Gewitter gegeben und wir m\u00fcssen erst mal die Scheiben trocken wischen, da heute wieder Cabriofahrt angesagt ist. Zum Gl\u00fcck ist die Temperatur angenehmer als gedacht und so k\u00f6nnen wir endlich auch die sch\u00f6ne Landschaft genie\u00dfen. Bei den Br\u00fccken und Schleusen l\u00e4uft alles gut, auch wenn es mitunter etwas eng ist. Leider schaffen wir die letzte Schleuse <strong>(7e Verlaatsluis) <\/strong>nicht mehr vor 12 Uhr und haben dadurch ungewollt 1 Std. Mittagspause. Die Br\u00fccken sind teilweise ziemlich schmal und wir sind auch das gr\u00f6\u00dfte Boot, was so herumf\u00e4hrt. Aber alles klappt bisher prima. In dem <strong>Jachthafen von<\/strong> <strong>Ter Apel<\/strong> k\u00f6nnen wir aufgrund der zu niedrigen feststehenden Br\u00fccke nicht rein. Deshalb legen wir mitten in der City an einer gro\u00dfen Kade an und sind dort das einzige Schiff. Stromboxen sind zwar vorhanden, aber es ist kein Strom drauf. Wir warten auf den Hafenmeister &#8211; es kommt aber keiner. Also haben wir zwar kein Strom, liegen aber daf\u00fcr umsonst. Die Stadt ist nichts besonderes, aber die <strong>Superm\u00e4rkte <\/strong>sind fu\u00dfl\u00e4ufig zu erreichen.<\/p>\n\n\n\n<figure class=\"wp-block-gallery has-nested-images columns-default is-cropped wp-block-gallery-1 is-layout-flex wp-block-gallery-is-layout-flex\">\n<figure class=\"wp-block-image size-large\"><img loading=\"lazy\" decoding=\"async\" width=\"498\" height=\"1024\" data-id=\"5778\" src=\"https:\/\/mybonnechance.de\/wp-content\/uploads\/2022\/07\/20220721_192638-498x1024.jpg\" alt=\"\" class=\"wp-image-5778\" srcset=\"https:\/\/mybonnechance.de\/wp-content\/uploads\/2022\/07\/20220721_192638-498x1024.jpg 498w, https:\/\/mybonnechance.de\/wp-content\/uploads\/2022\/07\/20220721_192638-146x300.jpg 146w, https:\/\/mybonnechance.de\/wp-content\/uploads\/2022\/07\/20220721_192638-768x1580.jpg 768w, https:\/\/mybonnechance.de\/wp-content\/uploads\/2022\/07\/20220721_192638-747x1536.jpg 747w, https:\/\/mybonnechance.de\/wp-content\/uploads\/2022\/07\/20220721_192638-996x2048.jpg 996w, https:\/\/mybonnechance.de\/wp-content\/uploads\/2022\/07\/20220721_192638-scaled.jpg 1244w\" sizes=\"auto, (max-width: 498px) 100vw, 498px\" \/><\/figure>\n\n\n\n<figure class=\"wp-block-image size-large\"><img loading=\"lazy\" decoding=\"async\" width=\"498\" height=\"1024\" data-id=\"5779\" src=\"https:\/\/mybonnechance.de\/wp-content\/uploads\/2022\/07\/20220721_192647-498x1024.jpg\" alt=\"\" class=\"wp-image-5779\" srcset=\"https:\/\/mybonnechance.de\/wp-content\/uploads\/2022\/07\/20220721_192647-498x1024.jpg 498w, https:\/\/mybonnechance.de\/wp-content\/uploads\/2022\/07\/20220721_192647-146x300.jpg 146w, https:\/\/mybonnechance.de\/wp-content\/uploads\/2022\/07\/20220721_192647-768x1580.jpg 768w, https:\/\/mybonnechance.de\/wp-content\/uploads\/2022\/07\/20220721_192647-747x1536.jpg 747w, https:\/\/mybonnechance.de\/wp-content\/uploads\/2022\/07\/20220721_192647-996x2048.jpg 996w, https:\/\/mybonnechance.de\/wp-content\/uploads\/2022\/07\/20220721_192647-scaled.jpg 1244w\" sizes=\"auto, (max-width: 498px) 100vw, 498px\" \/><\/figure>\n\n\n\n<figure class=\"wp-block-image size-large\"><img loading=\"lazy\" decoding=\"async\" width=\"498\" height=\"1024\" data-id=\"5780\" src=\"https:\/\/mybonnechance.de\/wp-content\/uploads\/2022\/07\/20220721_192723-498x1024.jpg\" alt=\"\" class=\"wp-image-5780\" srcset=\"https:\/\/mybonnechance.de\/wp-content\/uploads\/2022\/07\/20220721_192723-498x1024.jpg 498w, https:\/\/mybonnechance.de\/wp-content\/uploads\/2022\/07\/20220721_192723-146x300.jpg 146w, https:\/\/mybonnechance.de\/wp-content\/uploads\/2022\/07\/20220721_192723-768x1580.jpg 768w, https:\/\/mybonnechance.de\/wp-content\/uploads\/2022\/07\/20220721_192723-747x1536.jpg 747w, https:\/\/mybonnechance.de\/wp-content\/uploads\/2022\/07\/20220721_192723-996x2048.jpg 996w, https:\/\/mybonnechance.de\/wp-content\/uploads\/2022\/07\/20220721_192723-scaled.jpg 1244w\" sizes=\"auto, (max-width: 498px) 100vw, 498px\" \/><\/figure>\n<\/figure>\n\n\n","protected":false},"excerpt":{"rendered":"<p>Tag 26, Donnerstag 21.Juli Veenpark &#8211; Ter Apel, Passantenhaven15,8 km \u2013 4 Schleuse &#8211; 13 bewegliche Br\u00fccken &#8211; 5,25 Std. FahrzeitDie Nacht hat es ein ziemlich heftiges Gewitter gegeben und wir m\u00fcssen erst mal die Scheiben trocken wischen, da heute wieder Cabriofahrt angesagt ist. Zum Gl\u00fcck ist die Temperatur angenehmer als gedacht und so k\u00f6nnen &hellip; <\/p>\n<p class=\"link-more\"><a href=\"https:\/\/mybonnechance.de\/?page_id=6145\" class=\"more-link\"><span class=\"screen-reader-text\">\u201e2022-15 Ter Apel\u201c<\/span> weiterlesen<\/a><\/p>\n","protected":false},"author":1,"featured_media":0,"parent":0,"menu_order":0,"comment_status":"closed","ping_status":"closed","template":"","meta":{"ngg_post_thumbnail":0,"footnotes":""},"class_list":["post-6145","page","type-page","status-publish","hentry"],"_links":{"self":[{"href":"https:\/\/mybonnechance.de\/index.php?rest_route=\/wp\/v2\/pages\/6145","targetHints":{"allow":["GET"]}}],"collection":[{"href":"https:\/\/mybonnechance.de\/index.php?rest_route=\/wp\/v2\/pages"}],"about":[{"href":"https:\/\/mybonnechance.de\/index.php?rest_route=\/wp\/v2\/types\/page"}],"author":[{"embeddable":true,"href":"https:\/\/mybonnechance.de\/index.php?rest_route=\/wp\/v2\/users\/1"}],"replies":[{"embeddable":true,"href":"https:\/\/mybonnechance.de\/index.php?rest_route=%2Fwp%2Fv2%2Fcomments&post=6145"}],"version-history":[{"count":5,"href":"https:\/\/mybonnechance.de\/index.php?rest_route=\/wp\/v2\/pages\/6145\/revisions"}],"predecessor-version":[{"id":6963,"href":"https:\/\/mybonnechance.de\/index.php?rest_route=\/wp\/v2\/pages\/6145\/revisions\/6963"}],"wp:attachment":[{"href":"https:\/\/mybonnechance.de\/index.php?rest_route=%2Fwp%2Fv2%2Fmedia&parent=6145"}],"curies":[{"name":"wp","href":"https:\/\/api.w.org\/{rel}","templated":true}]}}