{"id":6150,"date":"2022-08-13T10:40:28","date_gmt":"2022-08-13T10:40:28","guid":{"rendered":"https:\/\/mybonnechance.de\/?page_id=6150"},"modified":"2023-01-07T19:15:51","modified_gmt":"2023-01-07T19:15:51","slug":"2022-16-stadkanaal","status":"publish","type":"page","link":"https:\/\/mybonnechance.de\/?page_id=6150","title":{"rendered":"2022-16 Stadkanaal"},"content":{"rendered":"\n<p><strong>Tag 27,  Freitag  22.Juli<\/strong>   <strong>   <\/strong> <strong> Ter Apel<\/strong> <strong>&#8211; Stadkanaal<\/strong>,  <strong>Passantenhaven<\/strong><br>16,6 km \u2013  4 Schleuse &#8211; 17 bewegliche Br\u00fccken &#8211; 5 Std. Fahrzeit<br>Heute ist es ziemlich k\u00fchl und es ist gut, da\u00df wir heute geschlossen fahren k\u00f6nnen. Die Fahrt ist wieder sehr sch\u00f6n, aber f\u00fcr Stephan auch ziemlich anstrengend. Die Br\u00fccken und Schleusen sind wieder ganz sch\u00f6n eng und Stephan muss schon h\u00e4ufig genau zirkeln. Wir kommen nur mit 5 km\/h voran, da es sehr viele bewegliche Br\u00fccken gibt, die von den Br\u00fcckenw\u00e4rter alle manuell auf &#8211; und zugemacht werden. Dann geht&#8217;s, meist per Fahrrad weiter zur n\u00e4chsten Br\u00fccke. Das ist auch f\u00fcr die Jungs ganz sch\u00f6ne Knochenarbeit.<\/p>\n\n\n\n<div class=\"wp-block-columns is-layout-flex wp-container-core-columns-is-layout-9d6595d7 wp-block-columns-is-layout-flex\">\n<div class=\"wp-block-column is-layout-flow wp-block-column-is-layout-flow\" style=\"flex-basis:33.33%\">\n<figure class=\"wp-block-image size-large is-style-default\"><img loading=\"lazy\" decoding=\"async\" width=\"498\" height=\"1024\" src=\"https:\/\/mybonnechance.de\/wp-content\/uploads\/2022\/07\/20220722_094412-498x1024.jpg\" alt=\"\" class=\"wp-image-5784\" srcset=\"https:\/\/mybonnechance.de\/wp-content\/uploads\/2022\/07\/20220722_094412-498x1024.jpg 498w, https:\/\/mybonnechance.de\/wp-content\/uploads\/2022\/07\/20220722_094412-146x300.jpg 146w, https:\/\/mybonnechance.de\/wp-content\/uploads\/2022\/07\/20220722_094412-768x1580.jpg 768w, https:\/\/mybonnechance.de\/wp-content\/uploads\/2022\/07\/20220722_094412-747x1536.jpg 747w, https:\/\/mybonnechance.de\/wp-content\/uploads\/2022\/07\/20220722_094412-996x2048.jpg 996w, https:\/\/mybonnechance.de\/wp-content\/uploads\/2022\/07\/20220722_094412-scaled.jpg 1244w\" sizes=\"auto, (max-width: 498px) 100vw, 498px\" \/><\/figure>\n<\/div>\n\n\n\n<div class=\"wp-block-column is-layout-flow wp-block-column-is-layout-flow\" style=\"flex-basis:66.66%\">\n<figure class=\"wp-block-image size-large is-style-default\"><img loading=\"lazy\" decoding=\"async\" width=\"1024\" height=\"498\" src=\"https:\/\/mybonnechance.de\/wp-content\/uploads\/2022\/07\/20220722_095427-1024x498.jpg\" alt=\"\" class=\"wp-image-5785\" srcset=\"https:\/\/mybonnechance.de\/wp-content\/uploads\/2022\/07\/20220722_095427-1024x498.jpg 1024w, https:\/\/mybonnechance.de\/wp-content\/uploads\/2022\/07\/20220722_095427-300x146.jpg 300w, https:\/\/mybonnechance.de\/wp-content\/uploads\/2022\/07\/20220722_095427-768x373.jpg 768w, https:\/\/mybonnechance.de\/wp-content\/uploads\/2022\/07\/20220722_095427-1536x747.jpg 1536w, https:\/\/mybonnechance.de\/wp-content\/uploads\/2022\/07\/20220722_095427-2048x996.jpg 2048w\" sizes=\"auto, (max-width: 767px) 89vw, (max-width: 1000px) 54vw, (max-width: 1071px) 543px, 580px\" \/><\/figure>\n\n\n\n<figure class=\"wp-block-image size-large is-style-default\"><img loading=\"lazy\" decoding=\"async\" width=\"1024\" height=\"498\" src=\"https:\/\/mybonnechance.de\/wp-content\/uploads\/2022\/07\/20220722_132929-1024x498.jpg\" alt=\"\" class=\"wp-image-5787\" srcset=\"https:\/\/mybonnechance.de\/wp-content\/uploads\/2022\/07\/20220722_132929-1024x498.jpg 1024w, https:\/\/mybonnechance.de\/wp-content\/uploads\/2022\/07\/20220722_132929-300x146.jpg 300w, https:\/\/mybonnechance.de\/wp-content\/uploads\/2022\/07\/20220722_132929-768x373.jpg 768w, https:\/\/mybonnechance.de\/wp-content\/uploads\/2022\/07\/20220722_132929-1536x747.jpg 1536w, https:\/\/mybonnechance.de\/wp-content\/uploads\/2022\/07\/20220722_132929-2048x996.jpg 2048w\" sizes=\"auto, (max-width: 767px) 89vw, (max-width: 1000px) 54vw, (max-width: 1071px) 543px, 580px\" \/><\/figure>\n<\/div>\n<\/div>\n\n\n\n<figure class=\"wp-block-gallery has-nested-images columns-default is-cropped wp-block-gallery-1 is-layout-flex wp-block-gallery-is-layout-flex\">\n<figure class=\"wp-block-image size-large\"><img loading=\"lazy\" decoding=\"async\" width=\"498\" height=\"1024\" data-id=\"5790\" src=\"https:\/\/mybonnechance.de\/wp-content\/uploads\/2022\/07\/20220722_132917-1-498x1024.jpg\" alt=\"\" class=\"wp-image-5790\" srcset=\"https:\/\/mybonnechance.de\/wp-content\/uploads\/2022\/07\/20220722_132917-1-498x1024.jpg 498w, https:\/\/mybonnechance.de\/wp-content\/uploads\/2022\/07\/20220722_132917-1-146x300.jpg 146w, https:\/\/mybonnechance.de\/wp-content\/uploads\/2022\/07\/20220722_132917-1-768x1580.jpg 768w, https:\/\/mybonnechance.de\/wp-content\/uploads\/2022\/07\/20220722_132917-1-747x1536.jpg 747w, https:\/\/mybonnechance.de\/wp-content\/uploads\/2022\/07\/20220722_132917-1-996x2048.jpg 996w, https:\/\/mybonnechance.de\/wp-content\/uploads\/2022\/07\/20220722_132917-1-scaled.jpg 1244w\" sizes=\"auto, (max-width: 498px) 100vw, 498px\" \/><\/figure>\n\n\n\n<figure class=\"wp-block-image size-large\"><img loading=\"lazy\" decoding=\"async\" width=\"498\" height=\"1024\" data-id=\"5789\" src=\"https:\/\/mybonnechance.de\/wp-content\/uploads\/2022\/07\/20220722_104425-498x1024.jpg\" alt=\"\" class=\"wp-image-5789\" srcset=\"https:\/\/mybonnechance.de\/wp-content\/uploads\/2022\/07\/20220722_104425-498x1024.jpg 498w, https:\/\/mybonnechance.de\/wp-content\/uploads\/2022\/07\/20220722_104425-146x300.jpg 146w, https:\/\/mybonnechance.de\/wp-content\/uploads\/2022\/07\/20220722_104425-768x1580.jpg 768w, https:\/\/mybonnechance.de\/wp-content\/uploads\/2022\/07\/20220722_104425-747x1536.jpg 747w, https:\/\/mybonnechance.de\/wp-content\/uploads\/2022\/07\/20220722_104425-996x2048.jpg 996w, https:\/\/mybonnechance.de\/wp-content\/uploads\/2022\/07\/20220722_104425-scaled.jpg 1244w\" sizes=\"auto, (max-width: 498px) 100vw, 498px\" \/><figcaption class=\"wp-element-caption\"><strong>Heute war unterwegs schon mehr los als sonst<\/strong><\/figcaption><\/figure>\n<\/figure>\n\n\n\n<p> Eigentliches Ziel war <strong>Wildervank bzw. Veendam<\/strong>. Aber nach der \u00fcblichen Mittagspause hat man uns geraten in <strong>Stadskanaal<\/strong> zu halten, da wir es wahrscheinlich nicht mehr bis Wildervank schaffen. Also legen wir an der Kade im Passantenhaven an. Anders als in Ter Apel ist es hier voll und wir bekommen gerade noch den letzten Platz mit Strom hinter der Eurobrug. Auch hier sind die <strong>Superm\u00e4rkte fu\u00dfl\u00e4ufig <\/strong>zu erreichen, aber ansonsten ist auch die Stadt nicht unbedingt interessant.<\/p>\n\n\n","protected":false},"excerpt":{"rendered":"<p>Tag 27, Freitag 22.Juli Ter Apel &#8211; Stadkanaal, Passantenhaven16,6 km \u2013 4 Schleuse &#8211; 17 bewegliche Br\u00fccken &#8211; 5 Std. FahrzeitHeute ist es ziemlich k\u00fchl und es ist gut, da\u00df wir heute geschlossen fahren k\u00f6nnen. Die Fahrt ist wieder sehr sch\u00f6n, aber f\u00fcr Stephan auch ziemlich anstrengend. Die Br\u00fccken und Schleusen sind wieder ganz sch\u00f6n &hellip; <\/p>\n<p class=\"link-more\"><a href=\"https:\/\/mybonnechance.de\/?page_id=6150\" class=\"more-link\"><span class=\"screen-reader-text\">\u201e2022-16 Stadkanaal\u201c<\/span> weiterlesen<\/a><\/p>\n","protected":false},"author":1,"featured_media":0,"parent":0,"menu_order":0,"comment_status":"closed","ping_status":"closed","template":"","meta":{"ngg_post_thumbnail":0,"footnotes":""},"class_list":["post-6150","page","type-page","status-publish","hentry"],"_links":{"self":[{"href":"https:\/\/mybonnechance.de\/index.php?rest_route=\/wp\/v2\/pages\/6150","targetHints":{"allow":["GET"]}}],"collection":[{"href":"https:\/\/mybonnechance.de\/index.php?rest_route=\/wp\/v2\/pages"}],"about":[{"href":"https:\/\/mybonnechance.de\/index.php?rest_route=\/wp\/v2\/types\/page"}],"author":[{"embeddable":true,"href":"https:\/\/mybonnechance.de\/index.php?rest_route=\/wp\/v2\/users\/1"}],"replies":[{"embeddable":true,"href":"https:\/\/mybonnechance.de\/index.php?rest_route=%2Fwp%2Fv2%2Fcomments&post=6150"}],"version-history":[{"count":4,"href":"https:\/\/mybonnechance.de\/index.php?rest_route=\/wp\/v2\/pages\/6150\/revisions"}],"predecessor-version":[{"id":6964,"href":"https:\/\/mybonnechance.de\/index.php?rest_route=\/wp\/v2\/pages\/6150\/revisions\/6964"}],"wp:attachment":[{"href":"https:\/\/mybonnechance.de\/index.php?rest_route=%2Fwp%2Fv2%2Fmedia&parent=6150"}],"curies":[{"name":"wp","href":"https:\/\/api.w.org\/{rel}","templated":true}]}}