{"id":6152,"date":"2022-08-13T10:42:01","date_gmt":"2022-08-13T10:42:01","guid":{"rendered":"https:\/\/mybonnechance.de\/?page_id=6152"},"modified":"2023-01-07T19:19:29","modified_gmt":"2023-01-07T19:19:29","slug":"2022-17-veendam","status":"publish","type":"page","link":"https:\/\/mybonnechance.de\/?page_id=6152","title":{"rendered":"2022-17 Veendam"},"content":{"rendered":"\n<p><strong>Tag 28,  Samstag  23.Juli<\/strong>   <strong>   <\/strong> <strong>  Stadkanaal<\/strong> <strong>&#8211;  Veendam<\/strong>,  <strong>Passantenhaven<\/strong><br>15,7 km \u2013  4 Schleuse &#8211; 38 bewegliche Br\u00fccken &#8211; 3,5 Std. Fahrzeit<br>Um halb neun kommt der Schleusenw\u00e4rter und meint wir k\u00f6nnen uns fertig machen, das der Kollege die Br\u00fccke gleich aufmacht. Heute wieder als Cabrio unterwegs und das Wetter spielt mit. Wir sind mit 3 Schiffen im Konvoi. Es l\u00e4uft wieder alles wie am Schn\u00fcrchen. Die anderen beiden sind Richtung Barenveld abgebogen und wir sind nun allein im <strong>Kanal Oosterdiep nach Veendam<\/strong> unterwegs, Jetzt wird es lustig: Der Br\u00fcckenw\u00e4rter bittet uns tats\u00e4chlich so schnell wie m\u00f6glich durchzufahren, damit wir noch vor der Mittagspause durch sind. Ab jetzt sind 4 Br\u00fcckenw\u00e4rter nur f\u00fcr uns unterwegs und wir k\u00f6nnen durch alle Br\u00fccken ohne anzuhalten mit 8-9 km\/h durchfahren. Das klappt in den letzten Tagen auf jeden Fall viel besser als letztes Jahr in Nordholland. Da mussten wir beinahe an jeder Br\u00fccke warten. <br>Auch der<strong> Kanal Oosterdiep<\/strong> ist wieder sehr sch\u00f6n.<\/p>\n\n\n\n<figure class=\"wp-block-gallery has-nested-images columns-3 is-cropped wp-block-gallery-1 is-layout-flex wp-block-gallery-is-layout-flex\">\n<figure class=\"wp-block-image size-large\"><img loading=\"lazy\" decoding=\"async\" width=\"498\" height=\"1024\" data-id=\"5799\" src=\"https:\/\/mybonnechance.de\/wp-content\/uploads\/2022\/07\/20220723_111630-498x1024.jpg\" alt=\"\" class=\"wp-image-5799\" srcset=\"https:\/\/mybonnechance.de\/wp-content\/uploads\/2022\/07\/20220723_111630-498x1024.jpg 498w, https:\/\/mybonnechance.de\/wp-content\/uploads\/2022\/07\/20220723_111630-146x300.jpg 146w, https:\/\/mybonnechance.de\/wp-content\/uploads\/2022\/07\/20220723_111630-768x1580.jpg 768w, https:\/\/mybonnechance.de\/wp-content\/uploads\/2022\/07\/20220723_111630-747x1536.jpg 747w, https:\/\/mybonnechance.de\/wp-content\/uploads\/2022\/07\/20220723_111630-996x2048.jpg 996w, https:\/\/mybonnechance.de\/wp-content\/uploads\/2022\/07\/20220723_111630-scaled.jpg 1244w\" sizes=\"auto, (max-width: 498px) 100vw, 498px\" \/><\/figure>\n\n\n\n<figure class=\"wp-block-image size-large\"><img loading=\"lazy\" decoding=\"async\" width=\"498\" height=\"1024\" data-id=\"5800\" src=\"https:\/\/mybonnechance.de\/wp-content\/uploads\/2022\/07\/20220723_111649-498x1024.jpg\" alt=\"\" class=\"wp-image-5800\" srcset=\"https:\/\/mybonnechance.de\/wp-content\/uploads\/2022\/07\/20220723_111649-498x1024.jpg 498w, https:\/\/mybonnechance.de\/wp-content\/uploads\/2022\/07\/20220723_111649-146x300.jpg 146w, https:\/\/mybonnechance.de\/wp-content\/uploads\/2022\/07\/20220723_111649-768x1580.jpg 768w, https:\/\/mybonnechance.de\/wp-content\/uploads\/2022\/07\/20220723_111649-747x1536.jpg 747w, https:\/\/mybonnechance.de\/wp-content\/uploads\/2022\/07\/20220723_111649-996x2048.jpg 996w, https:\/\/mybonnechance.de\/wp-content\/uploads\/2022\/07\/20220723_111649-scaled.jpg 1244w\" sizes=\"auto, (max-width: 498px) 100vw, 498px\" \/><\/figure>\n\n\n\n<figure class=\"wp-block-image size-large\"><img loading=\"lazy\" decoding=\"async\" width=\"498\" height=\"1024\" data-id=\"5801\" src=\"https:\/\/mybonnechance.de\/wp-content\/uploads\/2022\/07\/20220723_111715-498x1024.jpg\" alt=\"\" class=\"wp-image-5801\" srcset=\"https:\/\/mybonnechance.de\/wp-content\/uploads\/2022\/07\/20220723_111715-498x1024.jpg 498w, https:\/\/mybonnechance.de\/wp-content\/uploads\/2022\/07\/20220723_111715-146x300.jpg 146w, https:\/\/mybonnechance.de\/wp-content\/uploads\/2022\/07\/20220723_111715-768x1580.jpg 768w, https:\/\/mybonnechance.de\/wp-content\/uploads\/2022\/07\/20220723_111715-747x1536.jpg 747w, https:\/\/mybonnechance.de\/wp-content\/uploads\/2022\/07\/20220723_111715-996x2048.jpg 996w, https:\/\/mybonnechance.de\/wp-content\/uploads\/2022\/07\/20220723_111715-scaled.jpg 1244w\" sizes=\"auto, (max-width: 498px) 100vw, 498px\" \/><\/figure>\n\n\n\n<figure class=\"wp-block-image size-large\"><img loading=\"lazy\" decoding=\"async\" width=\"990\" height=\"1024\" data-id=\"5802\" src=\"https:\/\/mybonnechance.de\/wp-content\/uploads\/2022\/07\/20220723_134710-990x1024.jpg\" alt=\"\" class=\"wp-image-5802\" srcset=\"https:\/\/mybonnechance.de\/wp-content\/uploads\/2022\/07\/20220723_134710-990x1024.jpg 990w, https:\/\/mybonnechance.de\/wp-content\/uploads\/2022\/07\/20220723_134710-290x300.jpg 290w, https:\/\/mybonnechance.de\/wp-content\/uploads\/2022\/07\/20220723_134710-768x794.jpg 768w, https:\/\/mybonnechance.de\/wp-content\/uploads\/2022\/07\/20220723_134710-1486x1536.jpg 1486w, https:\/\/mybonnechance.de\/wp-content\/uploads\/2022\/07\/20220723_134710.jpg 1915w\" sizes=\"auto, (max-width: 767px) 89vw, (max-width: 1000px) 54vw, (max-width: 1071px) 543px, 580px\" \/><\/figure>\n<\/figure>\n\n\n\n<p>Wir schaffen die Strecke mit 2 Schleusen und 25 Br\u00fccken in 1 h 15min und sind kurz nach 12 Uhr schon in <strong>Veendam<\/strong>. Der Passantenhaven befindet sicht direkt hinter der<strong> Hazepadbrug<\/strong> und ist sehr preiswert. 8.- incl. Strom.  Der Br\u00fcckenw\u00e4rter kassiert das am n\u00e4chsten morgen, bevor wir weiterfahren. Leider habe ich mir von der Stadt mehr versprochen. Lohnt echt nicht und die <strong>Superm\u00e4rkte sind au\u00dferhalb<\/strong>.<\/p>\n\n\n\n<div class=\"wp-block-columns is-layout-flex wp-container-core-columns-is-layout-9d6595d7 wp-block-columns-is-layout-flex\">\n<div class=\"wp-block-column is-layout-flow wp-block-column-is-layout-flow\">\n<figure class=\"wp-block-gallery has-nested-images columns-default is-cropped wp-block-gallery-2 is-layout-flex wp-block-gallery-is-layout-flex\">\n<figure class=\"wp-block-image size-large\"><img loading=\"lazy\" decoding=\"async\" width=\"498\" height=\"1024\" data-id=\"5804\" src=\"https:\/\/mybonnechance.de\/wp-content\/uploads\/2022\/07\/20220723_1454350-498x1024.jpg\" alt=\"\" class=\"wp-image-5804\" srcset=\"https:\/\/mybonnechance.de\/wp-content\/uploads\/2022\/07\/20220723_1454350-498x1024.jpg 498w, https:\/\/mybonnechance.de\/wp-content\/uploads\/2022\/07\/20220723_1454350-146x300.jpg 146w, https:\/\/mybonnechance.de\/wp-content\/uploads\/2022\/07\/20220723_1454350-768x1580.jpg 768w, https:\/\/mybonnechance.de\/wp-content\/uploads\/2022\/07\/20220723_1454350-747x1536.jpg 747w, https:\/\/mybonnechance.de\/wp-content\/uploads\/2022\/07\/20220723_1454350-996x2048.jpg 996w, https:\/\/mybonnechance.de\/wp-content\/uploads\/2022\/07\/20220723_1454350-scaled.jpg 1244w\" sizes=\"auto, (max-width: 498px) 100vw, 498px\" \/><\/figure>\n\n\n\n<figure class=\"wp-block-image size-large\"><img loading=\"lazy\" decoding=\"async\" width=\"498\" height=\"1024\" data-id=\"5805\" src=\"https:\/\/mybonnechance.de\/wp-content\/uploads\/2022\/07\/20220723_145525-1-498x1024.jpg\" alt=\"\" class=\"wp-image-5805\" srcset=\"https:\/\/mybonnechance.de\/wp-content\/uploads\/2022\/07\/20220723_145525-1-498x1024.jpg 498w, https:\/\/mybonnechance.de\/wp-content\/uploads\/2022\/07\/20220723_145525-1-146x300.jpg 146w, https:\/\/mybonnechance.de\/wp-content\/uploads\/2022\/07\/20220723_145525-1-768x1580.jpg 768w, https:\/\/mybonnechance.de\/wp-content\/uploads\/2022\/07\/20220723_145525-1-747x1536.jpg 747w, https:\/\/mybonnechance.de\/wp-content\/uploads\/2022\/07\/20220723_145525-1-996x2048.jpg 996w, https:\/\/mybonnechance.de\/wp-content\/uploads\/2022\/07\/20220723_145525-1-scaled.jpg 1244w\" sizes=\"auto, (max-width: 498px) 100vw, 498px\" \/><\/figure>\n<\/figure>\n<\/div>\n\n\n\n<div class=\"wp-block-column is-layout-flow wp-block-column-is-layout-flow\">\n<figure class=\"wp-block-gallery has-nested-images columns-default is-cropped wp-block-gallery-3 is-layout-flex wp-block-gallery-is-layout-flex\">\n<figure class=\"wp-block-image size-large\"><img loading=\"lazy\" decoding=\"async\" width=\"498\" height=\"1024\" data-id=\"5806\" src=\"https:\/\/mybonnechance.de\/wp-content\/uploads\/2022\/07\/20220723_145607-498x1024.jpg\" alt=\"\" class=\"wp-image-5806\" srcset=\"https:\/\/mybonnechance.de\/wp-content\/uploads\/2022\/07\/20220723_145607-498x1024.jpg 498w, https:\/\/mybonnechance.de\/wp-content\/uploads\/2022\/07\/20220723_145607-146x300.jpg 146w, https:\/\/mybonnechance.de\/wp-content\/uploads\/2022\/07\/20220723_145607-768x1580.jpg 768w, https:\/\/mybonnechance.de\/wp-content\/uploads\/2022\/07\/20220723_145607-747x1536.jpg 747w, https:\/\/mybonnechance.de\/wp-content\/uploads\/2022\/07\/20220723_145607-996x2048.jpg 996w, https:\/\/mybonnechance.de\/wp-content\/uploads\/2022\/07\/20220723_145607-scaled.jpg 1244w\" sizes=\"auto, (max-width: 498px) 100vw, 498px\" \/><figcaption class=\"wp-element-caption\"><strong>Stadhuis Veendam<\/strong><\/figcaption><\/figure>\n\n\n\n<figure class=\"wp-block-image size-large\"><img loading=\"lazy\" decoding=\"async\" width=\"498\" height=\"1024\" data-id=\"5807\" src=\"https:\/\/mybonnechance.de\/wp-content\/uploads\/2022\/07\/20220723_145833-498x1024.jpg\" alt=\"\" class=\"wp-image-5807\" srcset=\"https:\/\/mybonnechance.de\/wp-content\/uploads\/2022\/07\/20220723_145833-498x1024.jpg 498w, https:\/\/mybonnechance.de\/wp-content\/uploads\/2022\/07\/20220723_145833-146x300.jpg 146w, https:\/\/mybonnechance.de\/wp-content\/uploads\/2022\/07\/20220723_145833-768x1580.jpg 768w, https:\/\/mybonnechance.de\/wp-content\/uploads\/2022\/07\/20220723_145833-747x1536.jpg 747w, https:\/\/mybonnechance.de\/wp-content\/uploads\/2022\/07\/20220723_145833-996x2048.jpg 996w, https:\/\/mybonnechance.de\/wp-content\/uploads\/2022\/07\/20220723_145833-scaled.jpg 1244w\" sizes=\"auto, (max-width: 498px) 100vw, 498px\" \/><figcaption class=\"wp-element-caption\"><strong>Passantenhaven<\/strong><\/figcaption><\/figure>\n<\/figure>\n<\/div>\n<\/div>\n\n\n","protected":false},"excerpt":{"rendered":"<p>Tag 28, Samstag 23.Juli Stadkanaal &#8211; Veendam, Passantenhaven15,7 km \u2013 4 Schleuse &#8211; 38 bewegliche Br\u00fccken &#8211; 3,5 Std. FahrzeitUm halb neun kommt der Schleusenw\u00e4rter und meint wir k\u00f6nnen uns fertig machen, das der Kollege die Br\u00fccke gleich aufmacht. Heute wieder als Cabrio unterwegs und das Wetter spielt mit. Wir sind mit 3 Schiffen im &hellip; <\/p>\n<p class=\"link-more\"><a href=\"https:\/\/mybonnechance.de\/?page_id=6152\" class=\"more-link\"><span class=\"screen-reader-text\">\u201e2022-17 Veendam\u201c<\/span> weiterlesen<\/a><\/p>\n","protected":false},"author":1,"featured_media":0,"parent":0,"menu_order":0,"comment_status":"closed","ping_status":"closed","template":"","meta":{"ngg_post_thumbnail":0,"footnotes":""},"class_list":["post-6152","page","type-page","status-publish","hentry"],"_links":{"self":[{"href":"https:\/\/mybonnechance.de\/index.php?rest_route=\/wp\/v2\/pages\/6152","targetHints":{"allow":["GET"]}}],"collection":[{"href":"https:\/\/mybonnechance.de\/index.php?rest_route=\/wp\/v2\/pages"}],"about":[{"href":"https:\/\/mybonnechance.de\/index.php?rest_route=\/wp\/v2\/types\/page"}],"author":[{"embeddable":true,"href":"https:\/\/mybonnechance.de\/index.php?rest_route=\/wp\/v2\/users\/1"}],"replies":[{"embeddable":true,"href":"https:\/\/mybonnechance.de\/index.php?rest_route=%2Fwp%2Fv2%2Fcomments&post=6152"}],"version-history":[{"count":4,"href":"https:\/\/mybonnechance.de\/index.php?rest_route=\/wp\/v2\/pages\/6152\/revisions"}],"predecessor-version":[{"id":6966,"href":"https:\/\/mybonnechance.de\/index.php?rest_route=\/wp\/v2\/pages\/6152\/revisions\/6966"}],"wp:attachment":[{"href":"https:\/\/mybonnechance.de\/index.php?rest_route=%2Fwp%2Fv2%2Fmedia&parent=6152"}],"curies":[{"name":"wp","href":"https:\/\/api.w.org\/{rel}","templated":true}]}}