{"id":6157,"date":"2022-08-13T10:44:04","date_gmt":"2022-08-13T10:44:04","guid":{"rendered":"https:\/\/mybonnechance.de\/?page_id=6157"},"modified":"2023-01-07T19:24:28","modified_gmt":"2023-01-07T19:24:28","slug":"2022-19-delfzijl","status":"publish","type":"page","link":"https:\/\/mybonnechance.de\/?page_id=6157","title":{"rendered":"2022-19 Delfzijl"},"content":{"rendered":"\n<p><strong>Tag 32, Mittwoch 27.Juli<\/strong> <strong>Groninger Motorbootclub<\/strong> &#8211; <strong>Delfzijl<\/strong>, <strong>WSW Abdel Tasman<\/strong><br>24,8 km &#8211; 4 bewegliche Br\u00fccken &#8211; 3 Std. Fahrzeit<br>Heute Morgen ist ein Schietwetter, viel schlechter als angesagt. Die n\u00e4chsten Tage sind auch wieder k\u00fchl und bew\u00f6lk angesagt. Wir \u00fcberlegen, ob wir Delfzijl und Emden machen sollen oder es aufgrund der Wettervorhersage aufgeben. Allerdings ist die Prognose f\u00fcr morgen eigentlich recht gut, so da\u00df wir es schlie\u00dflich riskieren. F\u00fcr die morgige \u00dcberfahrt w\u00e4re nat\u00fcrlich der Seehafen g\u00fcnstiger, da wir dann schon mal die kleine Seeschleuse hinter uns h\u00e4tten. Da es immer windiger wird, entscheiden wir uns dann doch f\u00fcr den <strong>Binnenhafen Abel Tasman<\/strong>.  Liegt recht sch\u00f6n und hat auch einen sehr netten Hafenmeister.<br>Mit dem Fahrrad fahren wir zum Strand von <strong>Delfzijl<\/strong> und k\u00f6nnen auch den Seehafen sehen. . Vor dem Hafen sind riesige Geb\u00e4ude, so da\u00df man wahrscheinlich gar keinen Blick auf dei See hat. Essieht auch nicht so aus, als ob von dort direkt zum Wasser. gelangt.  Also Abel Tasman war die bessere Wahl. <strong>Am Strand gibt es einen AH<\/strong>.<\/p>\n\n\n\n<div class=\"wp-block-columns is-layout-flex wp-container-core-columns-is-layout-9d6595d7 wp-block-columns-is-layout-flex\">\n<div class=\"wp-block-column is-layout-flow wp-block-column-is-layout-flow\">\n<figure class=\"wp-block-image size-large is-style-default\"><img loading=\"lazy\" decoding=\"async\" width=\"498\" height=\"1024\" src=\"https:\/\/mybonnechance.de\/wp-content\/uploads\/2022\/07\/20220727_120421-498x1024.jpg\" alt=\"\" class=\"wp-image-5918\" srcset=\"https:\/\/mybonnechance.de\/wp-content\/uploads\/2022\/07\/20220727_120421-498x1024.jpg 498w, https:\/\/mybonnechance.de\/wp-content\/uploads\/2022\/07\/20220727_120421-146x300.jpg 146w, https:\/\/mybonnechance.de\/wp-content\/uploads\/2022\/07\/20220727_120421-768x1580.jpg 768w, https:\/\/mybonnechance.de\/wp-content\/uploads\/2022\/07\/20220727_120421-747x1536.jpg 747w, https:\/\/mybonnechance.de\/wp-content\/uploads\/2022\/07\/20220727_120421-996x2048.jpg 996w, https:\/\/mybonnechance.de\/wp-content\/uploads\/2022\/07\/20220727_120421-scaled.jpg 1244w\" sizes=\"auto, (max-width: 498px) 100vw, 498px\" \/><\/figure>\n<\/div>\n\n\n\n<div class=\"wp-block-column is-layout-flow wp-block-column-is-layout-flow\">\n<figure class=\"wp-block-image size-large is-style-default\"><img loading=\"lazy\" decoding=\"async\" width=\"498\" height=\"1024\" src=\"https:\/\/mybonnechance.de\/wp-content\/uploads\/2022\/07\/20220727_115803-498x1024.jpg\" alt=\"\" class=\"wp-image-5919\" srcset=\"https:\/\/mybonnechance.de\/wp-content\/uploads\/2022\/07\/20220727_115803-498x1024.jpg 498w, https:\/\/mybonnechance.de\/wp-content\/uploads\/2022\/07\/20220727_115803-146x300.jpg 146w, https:\/\/mybonnechance.de\/wp-content\/uploads\/2022\/07\/20220727_115803-768x1580.jpg 768w, https:\/\/mybonnechance.de\/wp-content\/uploads\/2022\/07\/20220727_115803-747x1536.jpg 747w, https:\/\/mybonnechance.de\/wp-content\/uploads\/2022\/07\/20220727_115803-996x2048.jpg 996w, https:\/\/mybonnechance.de\/wp-content\/uploads\/2022\/07\/20220727_115803-scaled.jpg 1244w\" sizes=\"auto, (max-width: 498px) 100vw, 498px\" \/><\/figure>\n<\/div>\n\n\n\n<div class=\"wp-block-column is-layout-flow wp-block-column-is-layout-flow\">\n<figure class=\"wp-block-image size-large is-style-default\"><img loading=\"lazy\" decoding=\"async\" width=\"498\" height=\"1024\" src=\"https:\/\/mybonnechance.de\/wp-content\/uploads\/2022\/07\/20220727_115817-498x1024.jpg\" alt=\"\" class=\"wp-image-5920\" srcset=\"https:\/\/mybonnechance.de\/wp-content\/uploads\/2022\/07\/20220727_115817-498x1024.jpg 498w, https:\/\/mybonnechance.de\/wp-content\/uploads\/2022\/07\/20220727_115817-146x300.jpg 146w, https:\/\/mybonnechance.de\/wp-content\/uploads\/2022\/07\/20220727_115817-768x1580.jpg 768w, https:\/\/mybonnechance.de\/wp-content\/uploads\/2022\/07\/20220727_115817-747x1536.jpg 747w, https:\/\/mybonnechance.de\/wp-content\/uploads\/2022\/07\/20220727_115817-996x2048.jpg 996w, https:\/\/mybonnechance.de\/wp-content\/uploads\/2022\/07\/20220727_115817-scaled.jpg 1244w\" sizes=\"auto, (max-width: 498px) 100vw, 498px\" \/><\/figure>\n<\/div>\n<\/div>\n\n\n\n<p>Da es f\u00fcr den Strand zu kalt ist fahren wir nach <strong>Appingerdam<\/strong>. <strong>Delfzijl <\/strong>hat eigentlich gar nichts zu bieten, Appingerdam hat wenigstens ein paar nette Ecken. Aber beide St\u00e4dtchen lohnen sich f\u00fcr meine Begriffe nicht.<\/p>\n\n\n\n<div class=\"wp-block-columns is-layout-flex wp-container-core-columns-is-layout-9d6595d7 wp-block-columns-is-layout-flex\">\n<div class=\"wp-block-column is-layout-flow wp-block-column-is-layout-flow\">\n<figure class=\"wp-block-gallery has-nested-images columns-default is-cropped wp-block-gallery-1 is-layout-flex wp-block-gallery-is-layout-flex\">\n<figure class=\"wp-block-image size-large is-style-default\"><img loading=\"lazy\" decoding=\"async\" width=\"498\" height=\"1024\" data-id=\"5921\" src=\"https:\/\/mybonnechance.de\/wp-content\/uploads\/2022\/07\/20220727_125124-498x1024.jpg\" alt=\"\" class=\"wp-image-5921\" srcset=\"https:\/\/mybonnechance.de\/wp-content\/uploads\/2022\/07\/20220727_125124-498x1024.jpg 498w, https:\/\/mybonnechance.de\/wp-content\/uploads\/2022\/07\/20220727_125124-146x300.jpg 146w, https:\/\/mybonnechance.de\/wp-content\/uploads\/2022\/07\/20220727_125124-768x1580.jpg 768w, https:\/\/mybonnechance.de\/wp-content\/uploads\/2022\/07\/20220727_125124-747x1536.jpg 747w, https:\/\/mybonnechance.de\/wp-content\/uploads\/2022\/07\/20220727_125124-996x2048.jpg 996w, https:\/\/mybonnechance.de\/wp-content\/uploads\/2022\/07\/20220727_125124-scaled.jpg 1244w\" sizes=\"auto, (max-width: 498px) 100vw, 498px\" \/><\/figure>\n\n\n\n<figure class=\"wp-block-image size-large is-style-default\"><img loading=\"lazy\" decoding=\"async\" width=\"498\" height=\"1024\" data-id=\"5922\" src=\"https:\/\/mybonnechance.de\/wp-content\/uploads\/2022\/07\/Haus-2-498x1024.jpg\" alt=\"\" class=\"wp-image-5922\" srcset=\"https:\/\/mybonnechance.de\/wp-content\/uploads\/2022\/07\/Haus-2-498x1024.jpg 498w, https:\/\/mybonnechance.de\/wp-content\/uploads\/2022\/07\/Haus-2-146x300.jpg 146w, https:\/\/mybonnechance.de\/wp-content\/uploads\/2022\/07\/Haus-2-768x1580.jpg 768w, https:\/\/mybonnechance.de\/wp-content\/uploads\/2022\/07\/Haus-2-747x1536.jpg 747w, https:\/\/mybonnechance.de\/wp-content\/uploads\/2022\/07\/Haus-2-996x2048.jpg 996w, https:\/\/mybonnechance.de\/wp-content\/uploads\/2022\/07\/Haus-2-scaled.jpg 1244w\" sizes=\"auto, (max-width: 498px) 100vw, 498px\" \/><\/figure>\n<\/figure>\n<\/div>\n\n\n\n<div class=\"wp-block-column is-layout-flow wp-block-column-is-layout-flow\">\n<figure class=\"wp-block-gallery has-nested-images columns-default is-cropped wp-block-gallery-2 is-layout-flex wp-block-gallery-is-layout-flex\">\n<figure class=\"wp-block-image size-large is-style-default\"><img loading=\"lazy\" decoding=\"async\" width=\"498\" height=\"1024\" data-id=\"5924\" src=\"https:\/\/mybonnechance.de\/wp-content\/uploads\/2022\/07\/20220727_125052-498x1024.jpg\" alt=\"\" class=\"wp-image-5924\" srcset=\"https:\/\/mybonnechance.de\/wp-content\/uploads\/2022\/07\/20220727_125052-498x1024.jpg 498w, https:\/\/mybonnechance.de\/wp-content\/uploads\/2022\/07\/20220727_125052-146x300.jpg 146w, https:\/\/mybonnechance.de\/wp-content\/uploads\/2022\/07\/20220727_125052-768x1580.jpg 768w, https:\/\/mybonnechance.de\/wp-content\/uploads\/2022\/07\/20220727_125052-747x1536.jpg 747w, https:\/\/mybonnechance.de\/wp-content\/uploads\/2022\/07\/20220727_125052-996x2048.jpg 996w, https:\/\/mybonnechance.de\/wp-content\/uploads\/2022\/07\/20220727_125052-scaled.jpg 1244w\" sizes=\"auto, (max-width: 498px) 100vw, 498px\" \/><\/figure>\n\n\n\n<figure class=\"wp-block-image size-large is-style-default\"><img loading=\"lazy\" decoding=\"async\" width=\"498\" height=\"1024\" data-id=\"5923\" src=\"https:\/\/mybonnechance.de\/wp-content\/uploads\/2022\/07\/Kueche-2-498x1024.jpg\" alt=\"\" class=\"wp-image-5923\" srcset=\"https:\/\/mybonnechance.de\/wp-content\/uploads\/2022\/07\/Kueche-2-498x1024.jpg 498w, https:\/\/mybonnechance.de\/wp-content\/uploads\/2022\/07\/Kueche-2-146x300.jpg 146w, https:\/\/mybonnechance.de\/wp-content\/uploads\/2022\/07\/Kueche-2-768x1580.jpg 768w, https:\/\/mybonnechance.de\/wp-content\/uploads\/2022\/07\/Kueche-2-747x1536.jpg 747w, https:\/\/mybonnechance.de\/wp-content\/uploads\/2022\/07\/Kueche-2-996x2048.jpg 996w, https:\/\/mybonnechance.de\/wp-content\/uploads\/2022\/07\/Kueche-2-scaled.jpg 1244w\" sizes=\"auto, (max-width: 498px) 100vw, 498px\" \/><\/figure>\n<\/figure>\n<\/div>\n<\/div>\n\n\n\n<figure class=\"wp-block-gallery has-nested-images columns-default is-cropped wp-block-gallery-3 is-layout-flex wp-block-gallery-is-layout-flex\">\n<figure class=\"wp-block-image size-large is-style-default\"><img loading=\"lazy\" decoding=\"async\" width=\"498\" height=\"1024\" data-id=\"5926\" src=\"https:\/\/mybonnechance.de\/wp-content\/uploads\/2022\/07\/Kueche-6-498x1024.jpg\" alt=\"\" class=\"wp-image-5926\" srcset=\"https:\/\/mybonnechance.de\/wp-content\/uploads\/2022\/07\/Kueche-6-498x1024.jpg 498w, https:\/\/mybonnechance.de\/wp-content\/uploads\/2022\/07\/Kueche-6-146x300.jpg 146w, https:\/\/mybonnechance.de\/wp-content\/uploads\/2022\/07\/Kueche-6-768x1580.jpg 768w, https:\/\/mybonnechance.de\/wp-content\/uploads\/2022\/07\/Kueche-6-747x1536.jpg 747w, https:\/\/mybonnechance.de\/wp-content\/uploads\/2022\/07\/Kueche-6-996x2048.jpg 996w, https:\/\/mybonnechance.de\/wp-content\/uploads\/2022\/07\/Kueche-6-scaled.jpg 1244w\" sizes=\"auto, (max-width: 498px) 100vw, 498px\" \/><\/figure>\n\n\n\n<figure class=\"wp-block-image size-large is-style-default\"><img loading=\"lazy\" decoding=\"async\" width=\"498\" height=\"1024\" data-id=\"5925\" src=\"https:\/\/mybonnechance.de\/wp-content\/uploads\/2022\/07\/Kueche-7-498x1024.jpg\" alt=\"\" class=\"wp-image-5925\" srcset=\"https:\/\/mybonnechance.de\/wp-content\/uploads\/2022\/07\/Kueche-7-498x1024.jpg 498w, https:\/\/mybonnechance.de\/wp-content\/uploads\/2022\/07\/Kueche-7-146x300.jpg 146w, https:\/\/mybonnechance.de\/wp-content\/uploads\/2022\/07\/Kueche-7-768x1580.jpg 768w, https:\/\/mybonnechance.de\/wp-content\/uploads\/2022\/07\/Kueche-7-747x1536.jpg 747w, https:\/\/mybonnechance.de\/wp-content\/uploads\/2022\/07\/Kueche-7-996x2048.jpg 996w, https:\/\/mybonnechance.de\/wp-content\/uploads\/2022\/07\/Kueche-7-scaled.jpg 1244w\" sizes=\"auto, (max-width: 498px) 100vw, 498px\" \/><\/figure>\n<\/figure>\n\n\n\n<p>Das waren fr\u00fcher <strong>Speicherh\u00e4user<\/strong> und als diese in Wohnungen umgebaut wurden, gab es keinen Platz f\u00fcr die K\u00fcche. Also hat man au\u00dfen an der Fassade einfach einfach einen wei\u00dfen Anbau gemacht um dort Platz f\u00fcr die K\u00fcche zu schaffen. Dies ist an 3 H\u00e4usern passiert.<\/p>\n\n\n","protected":false},"excerpt":{"rendered":"<p>Tag 32, Mittwoch 27.Juli Groninger Motorbootclub &#8211; Delfzijl, WSW Abdel Tasman24,8 km &#8211; 4 bewegliche Br\u00fccken &#8211; 3 Std. FahrzeitHeute Morgen ist ein Schietwetter, viel schlechter als angesagt. Die n\u00e4chsten Tage sind auch wieder k\u00fchl und bew\u00f6lk angesagt. Wir \u00fcberlegen, ob wir Delfzijl und Emden machen sollen oder es aufgrund der Wettervorhersage aufgeben. Allerdings ist &hellip; <\/p>\n<p class=\"link-more\"><a href=\"https:\/\/mybonnechance.de\/?page_id=6157\" class=\"more-link\"><span class=\"screen-reader-text\">\u201e2022-19 Delfzijl\u201c<\/span> weiterlesen<\/a><\/p>\n","protected":false},"author":1,"featured_media":0,"parent":0,"menu_order":0,"comment_status":"closed","ping_status":"closed","template":"","meta":{"ngg_post_thumbnail":0,"footnotes":""},"class_list":["post-6157","page","type-page","status-publish","hentry"],"_links":{"self":[{"href":"https:\/\/mybonnechance.de\/index.php?rest_route=\/wp\/v2\/pages\/6157","targetHints":{"allow":["GET"]}}],"collection":[{"href":"https:\/\/mybonnechance.de\/index.php?rest_route=\/wp\/v2\/pages"}],"about":[{"href":"https:\/\/mybonnechance.de\/index.php?rest_route=\/wp\/v2\/types\/page"}],"author":[{"embeddable":true,"href":"https:\/\/mybonnechance.de\/index.php?rest_route=\/wp\/v2\/users\/1"}],"replies":[{"embeddable":true,"href":"https:\/\/mybonnechance.de\/index.php?rest_route=%2Fwp%2Fv2%2Fcomments&post=6157"}],"version-history":[{"count":4,"href":"https:\/\/mybonnechance.de\/index.php?rest_route=\/wp\/v2\/pages\/6157\/revisions"}],"predecessor-version":[{"id":6970,"href":"https:\/\/mybonnechance.de\/index.php?rest_route=\/wp\/v2\/pages\/6157\/revisions\/6970"}],"wp:attachment":[{"href":"https:\/\/mybonnechance.de\/index.php?rest_route=%2Fwp%2Fv2%2Fmedia&parent=6157"}],"curies":[{"name":"wp","href":"https:\/\/api.w.org\/{rel}","templated":true}]}}