{"id":6174,"date":"2022-08-14T13:20:48","date_gmt":"2022-08-14T13:20:48","guid":{"rendered":"https:\/\/mybonnechance.de\/?page_id=6174"},"modified":"2023-01-07T19:26:44","modified_gmt":"2023-01-07T19:26:44","slug":"2022-21-delfzijl","status":"publish","type":"page","link":"https:\/\/mybonnechance.de\/?page_id=6174","title":{"rendered":"2022-21 Delfzijl"},"content":{"rendered":"\n<p><strong>Tag 36, Sonntag 31.Juli   Emden &#8211; Delfzijl,   Jachthafen KV Neptunus<\/strong><br>22,3 km \u2013 1 Schleusen \u2013 1 bewegl. Br\u00fccken \u2013 Fahrzeit 3 h<br>Diesmal ist die \u00dcberfahrt nicht so sch\u00f6n. Wir warten wegen der Tide bis kurz vor zwei und fahren dann im Regen los. Die Br\u00fccke \u00f6ffnet p\u00fcnktlich, aber leider hat uns ein Berufer, der von au\u00dfen kommt, die offizielle Schleusung um 14:15 gekappt. Wir m\u00fcssen eine halbe Stunde warten und sind deshalb erst nach 15 Uhr drau\u00dfen. Damit kommt unser angedachtes Ziel, nochmal in den Hafen Abel Tasman zu fahren, nicht mehr in Frage.  Die Br\u00fccke vor dem Hafen Abel Tasman schlie\u00dft um 16:30 und macht dann 2 Std. Pause. Darauf habe ich bei dem Schietwetter keine Lust. Ich will unter die warme Dusche. Ansonsten ist die \u00dcberfahrt stressfrei. Keine Berufer, keine Schiffe bis auf ein kleine Mobo und einem Segler, die auch mit uns in der Schleuse waren. Nur der Regen und die Feuchtigkeit sind halt unangenehm.<\/p>\n\n\n\n<div class=\"wp-block-columns is-layout-flex wp-container-core-columns-is-layout-9d6595d7 wp-block-columns-is-layout-flex\">\n<div class=\"wp-block-column is-layout-flow wp-block-column-is-layout-flow\">\n<figure class=\"wp-block-image size-large is-style-default\"><img loading=\"lazy\" decoding=\"async\" width=\"768\" height=\"1024\" src=\"https:\/\/mybonnechance.de\/wp-content\/uploads\/2022\/08\/20220731_134414-1-768x1024.jpg\" alt=\"\" class=\"wp-image-6219\" srcset=\"https:\/\/mybonnechance.de\/wp-content\/uploads\/2022\/08\/20220731_134414-1-768x1024.jpg 768w, https:\/\/mybonnechance.de\/wp-content\/uploads\/2022\/08\/20220731_134414-1-225x300.jpg 225w, https:\/\/mybonnechance.de\/wp-content\/uploads\/2022\/08\/20220731_134414-1-1152x1536.jpg 1152w, https:\/\/mybonnechance.de\/wp-content\/uploads\/2022\/08\/20220731_134414-1-1536x2048.jpg 1536w, https:\/\/mybonnechance.de\/wp-content\/uploads\/2022\/08\/20220731_134414-1-scaled.jpg 1920w\" sizes=\"auto, (max-width: 767px) 89vw, (max-width: 1000px) 54vw, (max-width: 1071px) 543px, 580px\" \/><figcaption class=\"wp-element-caption\"><strong>Das Wetter kann uns mal<\/strong><\/figcaption><\/figure>\n<\/div>\n\n\n\n<div class=\"wp-block-column is-layout-flow wp-block-column-is-layout-flow\">\n<figure class=\"wp-block-image size-large is-style-default\"><img loading=\"lazy\" decoding=\"async\" width=\"498\" height=\"1024\" src=\"https:\/\/mybonnechance.de\/wp-content\/uploads\/2022\/08\/20220731_134828-1-498x1024.jpg\" alt=\"\" class=\"wp-image-6220\" srcset=\"https:\/\/mybonnechance.de\/wp-content\/uploads\/2022\/08\/20220731_134828-1-498x1024.jpg 498w, https:\/\/mybonnechance.de\/wp-content\/uploads\/2022\/08\/20220731_134828-1-146x300.jpg 146w, https:\/\/mybonnechance.de\/wp-content\/uploads\/2022\/08\/20220731_134828-1-768x1580.jpg 768w, https:\/\/mybonnechance.de\/wp-content\/uploads\/2022\/08\/20220731_134828-1-747x1536.jpg 747w, https:\/\/mybonnechance.de\/wp-content\/uploads\/2022\/08\/20220731_134828-1-996x2048.jpg 996w, https:\/\/mybonnechance.de\/wp-content\/uploads\/2022\/08\/20220731_134828-1-scaled.jpg 1244w\" sizes=\"auto, (max-width: 498px) 100vw, 498px\" \/><figcaption class=\"wp-element-caption\"><strong>Tsch\u00fcss Emden<\/strong><\/figcaption><\/figure>\n<\/div>\n\n\n\n<div class=\"wp-block-column is-layout-flow wp-block-column-is-layout-flow\">\n<figure class=\"wp-block-image size-large is-style-default\"><img loading=\"lazy\" decoding=\"async\" width=\"498\" height=\"1024\" src=\"https:\/\/mybonnechance.de\/wp-content\/uploads\/2022\/08\/20220731_152713-2-498x1024.jpg\" alt=\"\" class=\"wp-image-6222\" srcset=\"https:\/\/mybonnechance.de\/wp-content\/uploads\/2022\/08\/20220731_152713-2-498x1024.jpg 498w, https:\/\/mybonnechance.de\/wp-content\/uploads\/2022\/08\/20220731_152713-2-146x300.jpg 146w, https:\/\/mybonnechance.de\/wp-content\/uploads\/2022\/08\/20220731_152713-2-768x1580.jpg 768w, https:\/\/mybonnechance.de\/wp-content\/uploads\/2022\/08\/20220731_152713-2-747x1536.jpg 747w, https:\/\/mybonnechance.de\/wp-content\/uploads\/2022\/08\/20220731_152713-2-996x2048.jpg 996w, https:\/\/mybonnechance.de\/wp-content\/uploads\/2022\/08\/20220731_152713-2-scaled.jpg 1244w\" sizes=\"auto, (max-width: 498px) 100vw, 498px\" \/><figcaption class=\"wp-element-caption\"><strong>Das kleine MoBo schwankt ganz sch\u00f6n in den Wellen<\/strong><\/figcaption><\/figure>\n<\/div>\n<\/div>\n\n\n\n<p>Vom <strong>Seehafen<\/strong> bin ich etwas entt\u00e4iuscht. Wir haben Gl\u00fcck und erwischen quasi den letzten Platz unterm Hafenb\u00fcro. Es ist recht laut, da nicht weit von uns die gro\u00dfen Containerschiffe liegen. Aber auch im Hafeninnenberereich ist es nicht sehr viel besser.  Man schaut entweder auf eine Spuntwand oder auf Containerschiffe. Ganz wenige Pl\u00e4tze haben einen freien Ausblick auf den Zeehavenkanaal. Zu 90 % liegen hier Segler. Auch die Vermutung, da\u00df man von hier aus nicht mal eben zum Strand kommt, best\u00e4tigt sich. Man ist allerdings  <strong>direkt in der Stadt.<\/strong><br><\/p>\n\n\n\n<div class=\"wp-block-columns is-layout-flex wp-container-core-columns-is-layout-9d6595d7 wp-block-columns-is-layout-flex\">\n<div class=\"wp-block-column is-layout-flow wp-block-column-is-layout-flow\" style=\"flex-basis:66.66%\">\n<figure class=\"wp-block-image size-large is-style-default\"><img loading=\"lazy\" decoding=\"async\" width=\"1024\" height=\"498\" src=\"https:\/\/mybonnechance.de\/wp-content\/uploads\/2022\/08\/20220801_094213-2-1024x498.jpg\" alt=\"\" class=\"wp-image-6223\" srcset=\"https:\/\/mybonnechance.de\/wp-content\/uploads\/2022\/08\/20220801_094213-2-1024x498.jpg 1024w, https:\/\/mybonnechance.de\/wp-content\/uploads\/2022\/08\/20220801_094213-2-300x146.jpg 300w, https:\/\/mybonnechance.de\/wp-content\/uploads\/2022\/08\/20220801_094213-2-768x373.jpg 768w, https:\/\/mybonnechance.de\/wp-content\/uploads\/2022\/08\/20220801_094213-2-1536x747.jpg 1536w, https:\/\/mybonnechance.de\/wp-content\/uploads\/2022\/08\/20220801_094213-2-2048x996.jpg 2048w\" sizes=\"auto, (max-width: 767px) 89vw, (max-width: 1000px) 54vw, (max-width: 1071px) 543px, 580px\" \/><\/figure>\n<\/div>\n\n\n\n<div class=\"wp-block-column is-layout-flow wp-block-column-is-layout-flow\" style=\"flex-basis:33.33%\">\n<figure class=\"wp-block-image size-large is-style-default\"><img loading=\"lazy\" decoding=\"async\" width=\"498\" height=\"1024\" src=\"https:\/\/mybonnechance.de\/wp-content\/uploads\/2022\/08\/20220801_094306-1-498x1024.jpg\" alt=\"\" class=\"wp-image-6224\" srcset=\"https:\/\/mybonnechance.de\/wp-content\/uploads\/2022\/08\/20220801_094306-1-498x1024.jpg 498w, https:\/\/mybonnechance.de\/wp-content\/uploads\/2022\/08\/20220801_094306-1-146x300.jpg 146w, https:\/\/mybonnechance.de\/wp-content\/uploads\/2022\/08\/20220801_094306-1-768x1580.jpg 768w, https:\/\/mybonnechance.de\/wp-content\/uploads\/2022\/08\/20220801_094306-1-747x1536.jpg 747w, https:\/\/mybonnechance.de\/wp-content\/uploads\/2022\/08\/20220801_094306-1-996x2048.jpg 996w, https:\/\/mybonnechance.de\/wp-content\/uploads\/2022\/08\/20220801_094306-1-scaled.jpg 1244w\" sizes=\"auto, (max-width: 498px) 100vw, 498px\" \/><\/figure>\n<\/div>\n<\/div>\n\n\n\n<p><strong><br><br><\/strong><\/p>\n\n\n","protected":false},"excerpt":{"rendered":"<p>Tag 36, Sonntag 31.Juli Emden &#8211; Delfzijl, Jachthafen KV Neptunus22,3 km \u2013 1 Schleusen \u2013 1 bewegl. Br\u00fccken \u2013 Fahrzeit 3 hDiesmal ist die \u00dcberfahrt nicht so sch\u00f6n. Wir warten wegen der Tide bis kurz vor zwei und fahren dann im Regen los. Die Br\u00fccke \u00f6ffnet p\u00fcnktlich, aber leider hat uns ein Berufer, der von &hellip; <\/p>\n<p class=\"link-more\"><a href=\"https:\/\/mybonnechance.de\/?page_id=6174\" class=\"more-link\"><span class=\"screen-reader-text\">\u201e2022-21 Delfzijl\u201c<\/span> weiterlesen<\/a><\/p>\n","protected":false},"author":1,"featured_media":0,"parent":0,"menu_order":0,"comment_status":"closed","ping_status":"closed","template":"","meta":{"ngg_post_thumbnail":0,"footnotes":""},"class_list":["post-6174","page","type-page","status-publish","hentry"],"_links":{"self":[{"href":"https:\/\/mybonnechance.de\/index.php?rest_route=\/wp\/v2\/pages\/6174","targetHints":{"allow":["GET"]}}],"collection":[{"href":"https:\/\/mybonnechance.de\/index.php?rest_route=\/wp\/v2\/pages"}],"about":[{"href":"https:\/\/mybonnechance.de\/index.php?rest_route=\/wp\/v2\/types\/page"}],"author":[{"embeddable":true,"href":"https:\/\/mybonnechance.de\/index.php?rest_route=\/wp\/v2\/users\/1"}],"replies":[{"embeddable":true,"href":"https:\/\/mybonnechance.de\/index.php?rest_route=%2Fwp%2Fv2%2Fcomments&post=6174"}],"version-history":[{"count":6,"href":"https:\/\/mybonnechance.de\/index.php?rest_route=\/wp\/v2\/pages\/6174\/revisions"}],"predecessor-version":[{"id":6972,"href":"https:\/\/mybonnechance.de\/index.php?rest_route=\/wp\/v2\/pages\/6174\/revisions\/6972"}],"wp:attachment":[{"href":"https:\/\/mybonnechance.de\/index.php?rest_route=%2Fwp%2Fv2%2Fmedia&parent=6174"}],"curies":[{"name":"wp","href":"https:\/\/api.w.org\/{rel}","templated":true}]}}