{"id":6177,"date":"2022-08-14T13:22:41","date_gmt":"2022-08-14T13:22:41","guid":{"rendered":"https:\/\/mybonnechance.de\/?page_id=6177"},"modified":"2023-01-07T19:27:32","modified_gmt":"2023-01-07T19:27:32","slug":"2022-22-garnwerder-an-zee","status":"publish","type":"page","link":"https:\/\/mybonnechance.de\/?page_id=6177","title":{"rendered":"2022-22 Garnwerder an Zee"},"content":{"rendered":"\n<p><strong>Tag 37,   Montag  01. August<\/strong>            <strong>Delfzijl <\/strong> <strong>&#8211; Garnwerder an Zee<\/strong><br>40,3 km &#8211; 2 Schleusen &#8211; 7 bewegliche Br\u00fccken &#8211; 4,8 Std. Fahrzeit<br>Weiter geht&#8217;s durch den <strong>Eemskanaal<\/strong>, der immer noch recht langweilig ist. Das \u00e4ndert sich dann im <strong>van Starkenbroghkanaal <\/strong>und im <strong>Reitdiep<\/strong>. Der Starkenborghkanaal ist bds. sehr sch\u00f6n bewaldet bis zum Reitdiep. Da wird es dann friesisch:  Felder so weit das Auge reicht.<\/p>\n\n\n\n<figure class=\"wp-block-gallery has-nested-images columns-default is-cropped wp-block-gallery-1 is-layout-flex wp-block-gallery-is-layout-flex\">\n<figure class=\"wp-block-image size-large is-style-rounded\"><img loading=\"lazy\" decoding=\"async\" width=\"498\" height=\"1024\" data-id=\"6006\" src=\"https:\/\/mybonnechance.de\/wp-content\/uploads\/2022\/08\/20220801_131307-498x1024.jpg\" alt=\"\" class=\"wp-image-6006\" srcset=\"https:\/\/mybonnechance.de\/wp-content\/uploads\/2022\/08\/20220801_131307-498x1024.jpg 498w, https:\/\/mybonnechance.de\/wp-content\/uploads\/2022\/08\/20220801_131307-146x300.jpg 146w, https:\/\/mybonnechance.de\/wp-content\/uploads\/2022\/08\/20220801_131307-768x1580.jpg 768w, https:\/\/mybonnechance.de\/wp-content\/uploads\/2022\/08\/20220801_131307-747x1536.jpg 747w, https:\/\/mybonnechance.de\/wp-content\/uploads\/2022\/08\/20220801_131307-996x2048.jpg 996w, https:\/\/mybonnechance.de\/wp-content\/uploads\/2022\/08\/20220801_131307-scaled.jpg 1244w\" sizes=\"auto, (max-width: 498px) 100vw, 498px\" \/><figcaption class=\"wp-element-caption\"><strong>Vorbei an Groningen<\/strong><\/figcaption><\/figure>\n\n\n\n<figure class=\"wp-block-image size-large is-style-rounded\"><img loading=\"lazy\" decoding=\"async\" width=\"498\" height=\"1024\" data-id=\"6007\" src=\"https:\/\/mybonnechance.de\/wp-content\/uploads\/2022\/08\/20220801_144824-498x1024.jpg\" alt=\"\" class=\"wp-image-6007\" srcset=\"https:\/\/mybonnechance.de\/wp-content\/uploads\/2022\/08\/20220801_144824-498x1024.jpg 498w, https:\/\/mybonnechance.de\/wp-content\/uploads\/2022\/08\/20220801_144824-146x300.jpg 146w, https:\/\/mybonnechance.de\/wp-content\/uploads\/2022\/08\/20220801_144824-768x1580.jpg 768w, https:\/\/mybonnechance.de\/wp-content\/uploads\/2022\/08\/20220801_144824-747x1536.jpg 747w, https:\/\/mybonnechance.de\/wp-content\/uploads\/2022\/08\/20220801_144824-996x2048.jpg 996w, https:\/\/mybonnechance.de\/wp-content\/uploads\/2022\/08\/20220801_144824-scaled.jpg 1244w\" sizes=\"auto, (max-width: 498px) 100vw, 498px\" \/><figcaption class=\"wp-element-caption\"><strong>Im Reitdiep<\/strong><\/figcaption><\/figure>\n<\/figure>\n\n\n\n<p>Die i.d. Karte verzeichneten Liegepl\u00e4tze haben wir zum erstenmal vor und hinter der <strong>Wetsingersluis<\/strong> gesehen (war fr\u00fcher mal eine Schleuse). Ist ganz ok, sogar mit M\u00fclleimer \u2013 aber wir fahren dann doch lieber 10\u2018 weiter zum <strong>Garnwerder Hafen.<\/strong> Liegt sehr idyllisch. Leider ist das Restaurant erst ab Dienstag wieder ge\u00f6ffnet. Der Montag ist sowohl f\u00fcr Sightseeing als auch f\u00fcr Restaurantbesuche  ein ganz schlechter Tag.<\/p>\n\n\n\n<figure class=\"wp-block-gallery has-nested-images columns-default is-cropped wp-block-gallery-2 is-layout-flex wp-block-gallery-is-layout-flex\">\n<figure class=\"wp-block-image size-large is-style-rounded\"><img loading=\"lazy\" decoding=\"async\" width=\"498\" height=\"1024\" data-id=\"6011\" src=\"https:\/\/mybonnechance.de\/wp-content\/uploads\/2022\/08\/Hafen-2-1-498x1024.jpg\" alt=\"\" class=\"wp-image-6011\" srcset=\"https:\/\/mybonnechance.de\/wp-content\/uploads\/2022\/08\/Hafen-2-1-498x1024.jpg 498w, https:\/\/mybonnechance.de\/wp-content\/uploads\/2022\/08\/Hafen-2-1-146x300.jpg 146w, https:\/\/mybonnechance.de\/wp-content\/uploads\/2022\/08\/Hafen-2-1-768x1580.jpg 768w, https:\/\/mybonnechance.de\/wp-content\/uploads\/2022\/08\/Hafen-2-1-747x1536.jpg 747w, https:\/\/mybonnechance.de\/wp-content\/uploads\/2022\/08\/Hafen-2-1-996x2048.jpg 996w, https:\/\/mybonnechance.de\/wp-content\/uploads\/2022\/08\/Hafen-2-1-scaled.jpg 1244w\" sizes=\"auto, (max-width: 498px) 100vw, 498px\" \/><\/figure>\n\n\n\n<figure class=\"wp-block-image size-large is-style-rounded\"><img loading=\"lazy\" decoding=\"async\" width=\"498\" height=\"1024\" data-id=\"6012\" src=\"https:\/\/mybonnechance.de\/wp-content\/uploads\/2022\/08\/Hafen-3-1-498x1024.jpg\" alt=\"\" class=\"wp-image-6012\" srcset=\"https:\/\/mybonnechance.de\/wp-content\/uploads\/2022\/08\/Hafen-3-1-498x1024.jpg 498w, https:\/\/mybonnechance.de\/wp-content\/uploads\/2022\/08\/Hafen-3-1-146x300.jpg 146w, https:\/\/mybonnechance.de\/wp-content\/uploads\/2022\/08\/Hafen-3-1-768x1580.jpg 768w, https:\/\/mybonnechance.de\/wp-content\/uploads\/2022\/08\/Hafen-3-1-747x1536.jpg 747w, https:\/\/mybonnechance.de\/wp-content\/uploads\/2022\/08\/Hafen-3-1-996x2048.jpg 996w, https:\/\/mybonnechance.de\/wp-content\/uploads\/2022\/08\/Hafen-3-1-scaled.jpg 1244w\" sizes=\"auto, (max-width: 498px) 100vw, 498px\" \/><figcaption class=\"wp-element-caption\"><strong>Hafen Restaurant<\/strong><\/figcaption><\/figure>\n<\/figure>\n\n\n","protected":false},"excerpt":{"rendered":"<p>Tag 37, Montag 01. August Delfzijl &#8211; Garnwerder an Zee40,3 km &#8211; 2 Schleusen &#8211; 7 bewegliche Br\u00fccken &#8211; 4,8 Std. FahrzeitWeiter geht&#8217;s durch den Eemskanaal, der immer noch recht langweilig ist. Das \u00e4ndert sich dann im van Starkenbroghkanaal und im Reitdiep. Der Starkenborghkanaal ist bds. sehr sch\u00f6n bewaldet bis zum Reitdiep. Da wird es &hellip; <\/p>\n<p class=\"link-more\"><a href=\"https:\/\/mybonnechance.de\/?page_id=6177\" class=\"more-link\"><span class=\"screen-reader-text\">\u201e2022-22 Garnwerder an Zee\u201c<\/span> weiterlesen<\/a><\/p>\n","protected":false},"author":1,"featured_media":0,"parent":0,"menu_order":0,"comment_status":"closed","ping_status":"closed","template":"","meta":{"ngg_post_thumbnail":0,"footnotes":""},"class_list":["post-6177","page","type-page","status-publish","hentry"],"_links":{"self":[{"href":"https:\/\/mybonnechance.de\/index.php?rest_route=\/wp\/v2\/pages\/6177","targetHints":{"allow":["GET"]}}],"collection":[{"href":"https:\/\/mybonnechance.de\/index.php?rest_route=\/wp\/v2\/pages"}],"about":[{"href":"https:\/\/mybonnechance.de\/index.php?rest_route=\/wp\/v2\/types\/page"}],"author":[{"embeddable":true,"href":"https:\/\/mybonnechance.de\/index.php?rest_route=\/wp\/v2\/users\/1"}],"replies":[{"embeddable":true,"href":"https:\/\/mybonnechance.de\/index.php?rest_route=%2Fwp%2Fv2%2Fcomments&post=6177"}],"version-history":[{"count":2,"href":"https:\/\/mybonnechance.de\/index.php?rest_route=\/wp\/v2\/pages\/6177\/revisions"}],"predecessor-version":[{"id":6869,"href":"https:\/\/mybonnechance.de\/index.php?rest_route=\/wp\/v2\/pages\/6177\/revisions\/6869"}],"wp:attachment":[{"href":"https:\/\/mybonnechance.de\/index.php?rest_route=%2Fwp%2Fv2%2Fmedia&parent=6177"}],"curies":[{"name":"wp","href":"https:\/\/api.w.org\/{rel}","templated":true}]}}