{"id":6179,"date":"2022-08-14T13:24:23","date_gmt":"2022-08-14T13:24:23","guid":{"rendered":"https:\/\/mybonnechance.de\/?page_id=6179"},"modified":"2023-01-07T19:29:18","modified_gmt":"2023-01-07T19:29:18","slug":"2022-23-oostmahorn","status":"publish","type":"page","link":"https:\/\/mybonnechance.de\/?page_id=6179","title":{"rendered":"2022-23 Oostmahorn"},"content":{"rendered":"\n<p><strong>Tag 38,  Dienstag<\/strong>  <strong>02.  August<\/strong>        <strong> Garnwerder an Zee<\/strong> <strong>&#8211; Oostmahorn, Jachthafen Leuwersmeer<\/strong><br>31,7 km  &#8211; 3 bewegliche Br\u00fccken &#8211; 3,9 Std. Fahrzeit<br>Leider h\u00e4lt sich die Sonne am Morgen nicht sehr lange. Es wird zunehmend windiger und bew\u00f6lkter. Die Fahrt weiter durch das <strong>Reitdiep<\/strong> ist wieder sehr idyllisch. Es kommen uns schon einige Jachten und vor allem Segler entgegen. Mit uns f\u00e4hrt kaum jemand. Die Br\u00fccken \u00f6ffnen sich sofort und es ist wieder ein entspanntes Fahren. <\/p>\n\n\n\n<figure class=\"wp-block-gallery has-nested-images columns-default is-cropped wp-block-gallery-1 is-layout-flex wp-block-gallery-is-layout-flex\">\n<figure class=\"wp-block-image size-large is-style-default\"><img loading=\"lazy\" decoding=\"async\" width=\"498\" height=\"1024\" data-id=\"6013\" src=\"https:\/\/mybonnechance.de\/wp-content\/uploads\/2022\/08\/Reitdiep-1-498x1024.jpg\" alt=\"\" class=\"wp-image-6013\" srcset=\"https:\/\/mybonnechance.de\/wp-content\/uploads\/2022\/08\/Reitdiep-1-498x1024.jpg 498w, https:\/\/mybonnechance.de\/wp-content\/uploads\/2022\/08\/Reitdiep-1-146x300.jpg 146w, https:\/\/mybonnechance.de\/wp-content\/uploads\/2022\/08\/Reitdiep-1-768x1580.jpg 768w, https:\/\/mybonnechance.de\/wp-content\/uploads\/2022\/08\/Reitdiep-1-747x1536.jpg 747w, https:\/\/mybonnechance.de\/wp-content\/uploads\/2022\/08\/Reitdiep-1-996x2048.jpg 996w, https:\/\/mybonnechance.de\/wp-content\/uploads\/2022\/08\/Reitdiep-1-scaled.jpg 1244w\" sizes=\"auto, (max-width: 498px) 100vw, 498px\" \/><\/figure>\n\n\n\n<figure class=\"wp-block-image size-large is-style-default\"><img loading=\"lazy\" decoding=\"async\" width=\"498\" height=\"1024\" data-id=\"6015\" src=\"https:\/\/mybonnechance.de\/wp-content\/uploads\/2022\/08\/Reitdiep-2-498x1024.jpg\" alt=\"\" class=\"wp-image-6015\" srcset=\"https:\/\/mybonnechance.de\/wp-content\/uploads\/2022\/08\/Reitdiep-2-498x1024.jpg 498w, https:\/\/mybonnechance.de\/wp-content\/uploads\/2022\/08\/Reitdiep-2-146x300.jpg 146w, https:\/\/mybonnechance.de\/wp-content\/uploads\/2022\/08\/Reitdiep-2-768x1580.jpg 768w, https:\/\/mybonnechance.de\/wp-content\/uploads\/2022\/08\/Reitdiep-2-747x1536.jpg 747w, https:\/\/mybonnechance.de\/wp-content\/uploads\/2022\/08\/Reitdiep-2-996x2048.jpg 996w, https:\/\/mybonnechance.de\/wp-content\/uploads\/2022\/08\/Reitdiep-2-scaled.jpg 1244w\" sizes=\"auto, (max-width: 498px) 100vw, 498px\" \/><\/figure>\n\n\n\n<figure class=\"wp-block-image size-large is-style-default\"><img loading=\"lazy\" decoding=\"async\" width=\"498\" height=\"1024\" data-id=\"6014\" src=\"https:\/\/mybonnechance.de\/wp-content\/uploads\/2022\/08\/Reitdiep-5-498x1024.jpg\" alt=\"\" class=\"wp-image-6014\" srcset=\"https:\/\/mybonnechance.de\/wp-content\/uploads\/2022\/08\/Reitdiep-5-498x1024.jpg 498w, https:\/\/mybonnechance.de\/wp-content\/uploads\/2022\/08\/Reitdiep-5-146x300.jpg 146w, https:\/\/mybonnechance.de\/wp-content\/uploads\/2022\/08\/Reitdiep-5-768x1580.jpg 768w, https:\/\/mybonnechance.de\/wp-content\/uploads\/2022\/08\/Reitdiep-5-747x1536.jpg 747w, https:\/\/mybonnechance.de\/wp-content\/uploads\/2022\/08\/Reitdiep-5-996x2048.jpg 996w, https:\/\/mybonnechance.de\/wp-content\/uploads\/2022\/08\/Reitdiep-5-scaled.jpg 1244w\" sizes=\"auto, (max-width: 498px) 100vw, 498px\" \/><\/figure>\n<\/figure>\n\n\n\n<p>In <strong>Zoutekamp<\/strong> kommen wir an malerischen Fischerbooten vorbei.<\/p>\n\n\n\n<figure class=\"wp-block-gallery has-nested-images columns-default is-cropped wp-block-gallery-2 is-layout-flex wp-block-gallery-is-layout-flex\">\n<figure class=\"wp-block-image size-large is-style-default\"><img loading=\"lazy\" decoding=\"async\" width=\"498\" height=\"1024\" data-id=\"6016\" src=\"https:\/\/mybonnechance.de\/wp-content\/uploads\/2022\/08\/20220802_112348-498x1024.jpg\" alt=\"\" class=\"wp-image-6016\" srcset=\"https:\/\/mybonnechance.de\/wp-content\/uploads\/2022\/08\/20220802_112348-498x1024.jpg 498w, https:\/\/mybonnechance.de\/wp-content\/uploads\/2022\/08\/20220802_112348-146x300.jpg 146w, https:\/\/mybonnechance.de\/wp-content\/uploads\/2022\/08\/20220802_112348-768x1580.jpg 768w, https:\/\/mybonnechance.de\/wp-content\/uploads\/2022\/08\/20220802_112348-747x1536.jpg 747w, https:\/\/mybonnechance.de\/wp-content\/uploads\/2022\/08\/20220802_112348-996x2048.jpg 996w, https:\/\/mybonnechance.de\/wp-content\/uploads\/2022\/08\/20220802_112348-scaled.jpg 1244w\" sizes=\"auto, (max-width: 498px) 100vw, 498px\" \/><\/figure>\n\n\n\n<figure class=\"wp-block-image size-large is-style-default\"><img loading=\"lazy\" decoding=\"async\" width=\"498\" height=\"1024\" data-id=\"6017\" src=\"https:\/\/mybonnechance.de\/wp-content\/uploads\/2022\/08\/20220802_112436-498x1024.jpg\" alt=\"\" class=\"wp-image-6017\" srcset=\"https:\/\/mybonnechance.de\/wp-content\/uploads\/2022\/08\/20220802_112436-498x1024.jpg 498w, https:\/\/mybonnechance.de\/wp-content\/uploads\/2022\/08\/20220802_112436-146x300.jpg 146w, https:\/\/mybonnechance.de\/wp-content\/uploads\/2022\/08\/20220802_112436-768x1580.jpg 768w, https:\/\/mybonnechance.de\/wp-content\/uploads\/2022\/08\/20220802_112436-747x1536.jpg 747w, https:\/\/mybonnechance.de\/wp-content\/uploads\/2022\/08\/20220802_112436-996x2048.jpg 996w, https:\/\/mybonnechance.de\/wp-content\/uploads\/2022\/08\/20220802_112436-scaled.jpg 1244w\" sizes=\"auto, (max-width: 498px) 100vw, 498px\" \/><\/figure>\n\n\n\n<figure class=\"wp-block-image size-large is-style-default\"><img loading=\"lazy\" decoding=\"async\" width=\"734\" height=\"1024\" data-id=\"6018\" src=\"https:\/\/mybonnechance.de\/wp-content\/uploads\/2022\/08\/20220802_115833-734x1024.jpg\" alt=\"\" class=\"wp-image-6018\" srcset=\"https:\/\/mybonnechance.de\/wp-content\/uploads\/2022\/08\/20220802_115833-734x1024.jpg 734w, https:\/\/mybonnechance.de\/wp-content\/uploads\/2022\/08\/20220802_115833-215x300.jpg 215w, https:\/\/mybonnechance.de\/wp-content\/uploads\/2022\/08\/20220802_115833-768x1071.jpg 768w, https:\/\/mybonnechance.de\/wp-content\/uploads\/2022\/08\/20220802_115833-1102x1536.jpg 1102w, https:\/\/mybonnechance.de\/wp-content\/uploads\/2022\/08\/20220802_115833-1469x2048.jpg 1469w, https:\/\/mybonnechance.de\/wp-content\/uploads\/2022\/08\/20220802_115833-scaled.jpg 1836w\" sizes=\"auto, (max-width: 734px) 100vw, 734px\" \/><\/figure>\n<\/figure>\n\n\n\n<p>Im <strong>Reitdiep<\/strong> k\u00f6nnen wir schon viele Anlegem\u00f6glichkeiten an den Ufern ausmachen und im <strong>Lauwersmee<\/strong>r sind auch die ersten <strong>Marrikrits<\/strong> ausgewiesen. Aber es ist uns daf\u00fcr etwas zu windig und wir wollen lieber in einen gesch\u00fctzten Hafen. Wir finden gerade noch so ein Pl\u00e4tzchen am L\u00e4ngssteg vom . Der Wind ist gerade auflandig und so  brauchen wir eine ganze Weile bis das Schiff endlich am Steg festliegt.<\/p>\n\n\n\n<figure class=\"wp-block-gallery has-nested-images columns-default is-cropped wp-block-gallery-3 is-layout-flex wp-block-gallery-is-layout-flex\">\n<figure class=\"wp-block-image size-large is-style-default\"><img loading=\"lazy\" decoding=\"async\" width=\"1024\" height=\"498\" data-id=\"6021\" src=\"https:\/\/mybonnechance.de\/wp-content\/uploads\/2022\/08\/Hafen-Lauwersmeer-2-1024x498.jpg\" alt=\"\" class=\"wp-image-6021\" srcset=\"https:\/\/mybonnechance.de\/wp-content\/uploads\/2022\/08\/Hafen-Lauwersmeer-2-1024x498.jpg 1024w, https:\/\/mybonnechance.de\/wp-content\/uploads\/2022\/08\/Hafen-Lauwersmeer-2-300x146.jpg 300w, https:\/\/mybonnechance.de\/wp-content\/uploads\/2022\/08\/Hafen-Lauwersmeer-2-768x373.jpg 768w, https:\/\/mybonnechance.de\/wp-content\/uploads\/2022\/08\/Hafen-Lauwersmeer-2-1536x747.jpg 1536w, https:\/\/mybonnechance.de\/wp-content\/uploads\/2022\/08\/Hafen-Lauwersmeer-2-2048x996.jpg 2048w\" sizes=\"auto, (max-width: 767px) 89vw, (max-width: 1000px) 54vw, (max-width: 1071px) 543px, 580px\" \/><figcaption class=\"wp-element-caption\"><strong>Jachthaven Lauwersmeer in Oostmahorn<\/strong><\/figcaption><\/figure>\n<\/figure>\n\n\n\n<p>Abends dann noch einen Bummel gemacht und da kommt dann auch die Sonne endlich raus<\/p>\n\n\n\n<figure class=\"wp-block-gallery has-nested-images columns-default is-cropped is-style-default wp-block-gallery-4 is-layout-flex wp-block-gallery-is-layout-flex\">\n<figure class=\"wp-block-image size-large is-style-default\"><img loading=\"lazy\" decoding=\"async\" width=\"870\" height=\"1024\" data-id=\"6872\" src=\"https:\/\/mybonnechance.de\/wp-content\/uploads\/2023\/01\/Lauwersmeer-6a-1-870x1024.jpg\" alt=\"\" class=\"wp-image-6872\" srcset=\"https:\/\/mybonnechance.de\/wp-content\/uploads\/2023\/01\/Lauwersmeer-6a-1-870x1024.jpg 870w, https:\/\/mybonnechance.de\/wp-content\/uploads\/2023\/01\/Lauwersmeer-6a-1-255x300.jpg 255w, https:\/\/mybonnechance.de\/wp-content\/uploads\/2023\/01\/Lauwersmeer-6a-1-768x904.jpg 768w, https:\/\/mybonnechance.de\/wp-content\/uploads\/2023\/01\/Lauwersmeer-6a-1-1305x1536.jpg 1305w, https:\/\/mybonnechance.de\/wp-content\/uploads\/2023\/01\/Lauwersmeer-6a-1-1740x2048.jpg 1740w, https:\/\/mybonnechance.de\/wp-content\/uploads\/2023\/01\/Lauwersmeer-6a-1.jpg 1760w\" sizes=\"auto, (max-width: 767px) 89vw, (max-width: 1000px) 54vw, (max-width: 1071px) 543px, 580px\" \/><\/figure>\n<\/figure>\n\n\n\n<p><strong>Tag 39, Mittwoch <\/strong> <strong>03. August<\/strong><br>Wir machen eine Fahradtour durch den <strong>Nationalpark Lauwersmeer<\/strong>. Eigentlich \u00e4hnelt sich aber alles. Winzig kleine D\u00f6rfchen und weite Ebene mit Feldern &#8211; Friesland halt. Der starke Wind h\u00e4lt uns ab \u00fcber den Deich nach<strong> Lauwersoog<\/strong> zu radeln. Zumindest am Rand vom Deich k\u00f6nnen wir an die Waddenzee bzw. Nordsee und ich schnuppere ziemlich fischige und salzhaltige Luft. Jetzt habe ich zumindest das Meer gesehen.<\/p>\n\n\n\n<div class=\"wp-block-columns is-layout-flex wp-container-core-columns-is-layout-9d6595d7 wp-block-columns-is-layout-flex\">\n<div class=\"wp-block-column is-layout-flow wp-block-column-is-layout-flow\">\n<figure class=\"wp-block-gallery has-nested-images columns-default is-cropped wp-block-gallery-5 is-layout-flex wp-block-gallery-is-layout-flex\">\n<figure class=\"wp-block-image size-large is-style-default\"><img loading=\"lazy\" decoding=\"async\" width=\"498\" height=\"1024\" data-id=\"6030\" src=\"https:\/\/mybonnechance.de\/wp-content\/uploads\/2022\/08\/20220803_152304-498x1024.jpg\" alt=\"\" class=\"wp-image-6030\" srcset=\"https:\/\/mybonnechance.de\/wp-content\/uploads\/2022\/08\/20220803_152304-498x1024.jpg 498w, https:\/\/mybonnechance.de\/wp-content\/uploads\/2022\/08\/20220803_152304-146x300.jpg 146w, https:\/\/mybonnechance.de\/wp-content\/uploads\/2022\/08\/20220803_152304-768x1580.jpg 768w, https:\/\/mybonnechance.de\/wp-content\/uploads\/2022\/08\/20220803_152304-747x1536.jpg 747w, https:\/\/mybonnechance.de\/wp-content\/uploads\/2022\/08\/20220803_152304-996x2048.jpg 996w, https:\/\/mybonnechance.de\/wp-content\/uploads\/2022\/08\/20220803_152304-scaled.jpg 1244w\" sizes=\"auto, (max-width: 498px) 100vw, 498px\" \/><\/figure>\n\n\n\n<figure class=\"wp-block-image size-large is-style-default\"><img loading=\"lazy\" decoding=\"async\" width=\"498\" height=\"1024\" data-id=\"6031\" src=\"https:\/\/mybonnechance.de\/wp-content\/uploads\/2022\/08\/20220803_152511-498x1024.jpg\" alt=\"\" class=\"wp-image-6031\" srcset=\"https:\/\/mybonnechance.de\/wp-content\/uploads\/2022\/08\/20220803_152511-498x1024.jpg 498w, https:\/\/mybonnechance.de\/wp-content\/uploads\/2022\/08\/20220803_152511-146x300.jpg 146w, https:\/\/mybonnechance.de\/wp-content\/uploads\/2022\/08\/20220803_152511-768x1580.jpg 768w, https:\/\/mybonnechance.de\/wp-content\/uploads\/2022\/08\/20220803_152511-747x1536.jpg 747w, https:\/\/mybonnechance.de\/wp-content\/uploads\/2022\/08\/20220803_152511-996x2048.jpg 996w, https:\/\/mybonnechance.de\/wp-content\/uploads\/2022\/08\/20220803_152511-scaled.jpg 1244w\" sizes=\"auto, (max-width: 498px) 100vw, 498px\" \/><\/figure>\n<\/figure>\n\n\n\n<figure class=\"wp-block-gallery has-nested-images columns-default is-cropped wp-block-gallery-6 is-layout-flex wp-block-gallery-is-layout-flex\">\n<figure class=\"wp-block-image size-large is-style-default\"><img loading=\"lazy\" decoding=\"async\" width=\"498\" height=\"1024\" data-id=\"6034\" src=\"https:\/\/mybonnechance.de\/wp-content\/uploads\/2022\/08\/Haeuser-1-498x1024.jpg\" alt=\"\" class=\"wp-image-6034\" srcset=\"https:\/\/mybonnechance.de\/wp-content\/uploads\/2022\/08\/Haeuser-1-498x1024.jpg 498w, https:\/\/mybonnechance.de\/wp-content\/uploads\/2022\/08\/Haeuser-1-146x300.jpg 146w, https:\/\/mybonnechance.de\/wp-content\/uploads\/2022\/08\/Haeuser-1-768x1580.jpg 768w, https:\/\/mybonnechance.de\/wp-content\/uploads\/2022\/08\/Haeuser-1-747x1536.jpg 747w, https:\/\/mybonnechance.de\/wp-content\/uploads\/2022\/08\/Haeuser-1-996x2048.jpg 996w, https:\/\/mybonnechance.de\/wp-content\/uploads\/2022\/08\/Haeuser-1-scaled.jpg 1244w\" sizes=\"auto, (max-width: 498px) 100vw, 498px\" \/><\/figure>\n\n\n\n<figure class=\"wp-block-image size-large is-style-default\"><img loading=\"lazy\" decoding=\"async\" width=\"633\" height=\"1024\" data-id=\"6035\" src=\"https:\/\/mybonnechance.de\/wp-content\/uploads\/2022\/08\/Haeuser-5-633x1024.jpg\" alt=\"\" class=\"wp-image-6035\" srcset=\"https:\/\/mybonnechance.de\/wp-content\/uploads\/2022\/08\/Haeuser-5-633x1024.jpg 633w, https:\/\/mybonnechance.de\/wp-content\/uploads\/2022\/08\/Haeuser-5-185x300.jpg 185w, https:\/\/mybonnechance.de\/wp-content\/uploads\/2022\/08\/Haeuser-5-768x1243.jpg 768w, https:\/\/mybonnechance.de\/wp-content\/uploads\/2022\/08\/Haeuser-5-949x1536.jpg 949w, https:\/\/mybonnechance.de\/wp-content\/uploads\/2022\/08\/Haeuser-5-1266x2048.jpg 1266w, https:\/\/mybonnechance.de\/wp-content\/uploads\/2022\/08\/Haeuser-5-scaled.jpg 1582w\" sizes=\"auto, (max-width: 633px) 100vw, 633px\" \/><\/figure>\n<\/figure>\n<\/div>\n\n\n\n<div class=\"wp-block-column is-layout-flow wp-block-column-is-layout-flow\">\n<figure class=\"wp-block-gallery has-nested-images columns-default is-cropped wp-block-gallery-7 is-layout-flex wp-block-gallery-is-layout-flex\">\n<figure class=\"wp-block-image size-large is-style-default\"><img loading=\"lazy\" decoding=\"async\" width=\"498\" height=\"1024\" data-id=\"6033\" src=\"https:\/\/mybonnechance.de\/wp-content\/uploads\/2022\/08\/20220803_144336-498x1024.jpg\" alt=\"\" class=\"wp-image-6033\" srcset=\"https:\/\/mybonnechance.de\/wp-content\/uploads\/2022\/08\/20220803_144336-498x1024.jpg 498w, https:\/\/mybonnechance.de\/wp-content\/uploads\/2022\/08\/20220803_144336-146x300.jpg 146w, https:\/\/mybonnechance.de\/wp-content\/uploads\/2022\/08\/20220803_144336-768x1580.jpg 768w, https:\/\/mybonnechance.de\/wp-content\/uploads\/2022\/08\/20220803_144336-747x1536.jpg 747w, https:\/\/mybonnechance.de\/wp-content\/uploads\/2022\/08\/20220803_144336-996x2048.jpg 996w, https:\/\/mybonnechance.de\/wp-content\/uploads\/2022\/08\/20220803_144336-scaled.jpg 1244w\" sizes=\"auto, (max-width: 498px) 100vw, 498px\" \/><\/figure>\n\n\n\n<figure class=\"wp-block-image size-large is-style-default\"><img loading=\"lazy\" decoding=\"async\" width=\"1024\" height=\"981\" data-id=\"6032\" src=\"https:\/\/mybonnechance.de\/wp-content\/uploads\/2022\/08\/20220803_182941-1024x981.jpg\" alt=\"\" class=\"wp-image-6032\" srcset=\"https:\/\/mybonnechance.de\/wp-content\/uploads\/2022\/08\/20220803_182941-1024x981.jpg 1024w, https:\/\/mybonnechance.de\/wp-content\/uploads\/2022\/08\/20220803_182941-300x287.jpg 300w, https:\/\/mybonnechance.de\/wp-content\/uploads\/2022\/08\/20220803_182941-768x736.jpg 768w, https:\/\/mybonnechance.de\/wp-content\/uploads\/2022\/08\/20220803_182941-1536x1472.jpg 1536w, https:\/\/mybonnechance.de\/wp-content\/uploads\/2022\/08\/20220803_182941.jpg 1914w\" sizes=\"auto, (max-width: 767px) 89vw, (max-width: 1000px) 54vw, (max-width: 1071px) 543px, 580px\" \/><figcaption class=\"wp-element-caption\"><strong>Jede Menge Schafe<\/strong><\/figcaption><\/figure>\n<\/figure>\n\n\n\n<figure class=\"wp-block-gallery has-nested-images columns-default is-cropped wp-block-gallery-8 is-layout-flex wp-block-gallery-is-layout-flex\">\n<figure class=\"wp-block-image size-large is-style-default\"><img loading=\"lazy\" decoding=\"async\" width=\"498\" height=\"1024\" data-id=\"6036\" src=\"https:\/\/mybonnechance.de\/wp-content\/uploads\/2022\/08\/20220803_142456-498x1024.jpg\" alt=\"\" class=\"wp-image-6036\" srcset=\"https:\/\/mybonnechance.de\/wp-content\/uploads\/2022\/08\/20220803_142456-498x1024.jpg 498w, https:\/\/mybonnechance.de\/wp-content\/uploads\/2022\/08\/20220803_142456-146x300.jpg 146w, https:\/\/mybonnechance.de\/wp-content\/uploads\/2022\/08\/20220803_142456-768x1580.jpg 768w, https:\/\/mybonnechance.de\/wp-content\/uploads\/2022\/08\/20220803_142456-747x1536.jpg 747w, https:\/\/mybonnechance.de\/wp-content\/uploads\/2022\/08\/20220803_142456-996x2048.jpg 996w, https:\/\/mybonnechance.de\/wp-content\/uploads\/2022\/08\/20220803_142456-scaled.jpg 1244w\" sizes=\"auto, (max-width: 498px) 100vw, 498px\" \/><\/figure>\n\n\n\n<figure class=\"wp-block-image size-large is-style-default\"><img loading=\"lazy\" decoding=\"async\" width=\"498\" height=\"1024\" data-id=\"6037\" src=\"https:\/\/mybonnechance.de\/wp-content\/uploads\/2022\/08\/20220803_143512-498x1024.jpg\" alt=\"\" class=\"wp-image-6037\" srcset=\"https:\/\/mybonnechance.de\/wp-content\/uploads\/2022\/08\/20220803_143512-498x1024.jpg 498w, https:\/\/mybonnechance.de\/wp-content\/uploads\/2022\/08\/20220803_143512-146x300.jpg 146w, https:\/\/mybonnechance.de\/wp-content\/uploads\/2022\/08\/20220803_143512-768x1580.jpg 768w, https:\/\/mybonnechance.de\/wp-content\/uploads\/2022\/08\/20220803_143512-747x1536.jpg 747w, https:\/\/mybonnechance.de\/wp-content\/uploads\/2022\/08\/20220803_143512-996x2048.jpg 996w, https:\/\/mybonnechance.de\/wp-content\/uploads\/2022\/08\/20220803_143512-scaled.jpg 1244w\" sizes=\"auto, (max-width: 498px) 100vw, 498px\" \/><\/figure>\n<\/figure>\n<\/div>\n<\/div>\n\n\n\n<figure class=\"wp-block-gallery has-nested-images columns-default is-cropped wp-block-gallery-9 is-layout-flex wp-block-gallery-is-layout-flex\">\n<figure class=\"wp-block-image size-large is-style-default\"><img loading=\"lazy\" decoding=\"async\" width=\"498\" height=\"1024\" data-id=\"6039\" src=\"https:\/\/mybonnechance.de\/wp-content\/uploads\/2022\/08\/20220803_144104-498x1024.jpg\" alt=\"\" class=\"wp-image-6039\" srcset=\"https:\/\/mybonnechance.de\/wp-content\/uploads\/2022\/08\/20220803_144104-498x1024.jpg 498w, https:\/\/mybonnechance.de\/wp-content\/uploads\/2022\/08\/20220803_144104-146x300.jpg 146w, https:\/\/mybonnechance.de\/wp-content\/uploads\/2022\/08\/20220803_144104-768x1580.jpg 768w, https:\/\/mybonnechance.de\/wp-content\/uploads\/2022\/08\/20220803_144104-747x1536.jpg 747w, https:\/\/mybonnechance.de\/wp-content\/uploads\/2022\/08\/20220803_144104-996x2048.jpg 996w, https:\/\/mybonnechance.de\/wp-content\/uploads\/2022\/08\/20220803_144104-scaled.jpg 1244w\" sizes=\"auto, (max-width: 498px) 100vw, 498px\" \/><figcaption class=\"wp-element-caption\"><strong>Und da ist sie:<\/strong><\/figcaption><\/figure>\n\n\n\n<figure class=\"wp-block-image size-large is-style-default\"><img loading=\"lazy\" decoding=\"async\" width=\"498\" height=\"1024\" data-id=\"6038\" src=\"https:\/\/mybonnechance.de\/wp-content\/uploads\/2022\/08\/20220803_144100-498x1024.jpg\" alt=\"\" class=\"wp-image-6038\" srcset=\"https:\/\/mybonnechance.de\/wp-content\/uploads\/2022\/08\/20220803_144100-498x1024.jpg 498w, https:\/\/mybonnechance.de\/wp-content\/uploads\/2022\/08\/20220803_144100-146x300.jpg 146w, https:\/\/mybonnechance.de\/wp-content\/uploads\/2022\/08\/20220803_144100-768x1580.jpg 768w, https:\/\/mybonnechance.de\/wp-content\/uploads\/2022\/08\/20220803_144100-747x1536.jpg 747w, https:\/\/mybonnechance.de\/wp-content\/uploads\/2022\/08\/20220803_144100-996x2048.jpg 996w, https:\/\/mybonnechance.de\/wp-content\/uploads\/2022\/08\/20220803_144100-scaled.jpg 1244w\" sizes=\"auto, (max-width: 498px) 100vw, 498px\" \/><figcaption class=\"wp-element-caption\"><strong>die Nordsee<\/strong><\/figcaption><\/figure>\n<\/figure>\n\n\n\n<p><strong>N\u00e4chster Supermark CooP in Anjum, ca. 3 km entfernt. In Anjum gibt es auch ein Med. Center.<\/strong><\/p>\n\n\n","protected":false},"excerpt":{"rendered":"<p>Tag 38, Dienstag 02. August Garnwerder an Zee &#8211; Oostmahorn, Jachthafen Leuwersmeer31,7 km &#8211; 3 bewegliche Br\u00fccken &#8211; 3,9 Std. FahrzeitLeider h\u00e4lt sich die Sonne am Morgen nicht sehr lange. Es wird zunehmend windiger und bew\u00f6lkter. Die Fahrt weiter durch das Reitdiep ist wieder sehr idyllisch. Es kommen uns schon einige Jachten und vor allem &hellip; <\/p>\n<p class=\"link-more\"><a href=\"https:\/\/mybonnechance.de\/?page_id=6179\" class=\"more-link\"><span class=\"screen-reader-text\">\u201e2022-23 Oostmahorn\u201c<\/span> weiterlesen<\/a><\/p>\n","protected":false},"author":1,"featured_media":0,"parent":0,"menu_order":0,"comment_status":"closed","ping_status":"closed","template":"","meta":{"ngg_post_thumbnail":0,"footnotes":""},"class_list":["post-6179","page","type-page","status-publish","hentry"],"_links":{"self":[{"href":"https:\/\/mybonnechance.de\/index.php?rest_route=\/wp\/v2\/pages\/6179","targetHints":{"allow":["GET"]}}],"collection":[{"href":"https:\/\/mybonnechance.de\/index.php?rest_route=\/wp\/v2\/pages"}],"about":[{"href":"https:\/\/mybonnechance.de\/index.php?rest_route=\/wp\/v2\/types\/page"}],"author":[{"embeddable":true,"href":"https:\/\/mybonnechance.de\/index.php?rest_route=\/wp\/v2\/users\/1"}],"replies":[{"embeddable":true,"href":"https:\/\/mybonnechance.de\/index.php?rest_route=%2Fwp%2Fv2%2Fcomments&post=6179"}],"version-history":[{"count":5,"href":"https:\/\/mybonnechance.de\/index.php?rest_route=\/wp\/v2\/pages\/6179\/revisions"}],"predecessor-version":[{"id":6974,"href":"https:\/\/mybonnechance.de\/index.php?rest_route=\/wp\/v2\/pages\/6179\/revisions\/6974"}],"wp:attachment":[{"href":"https:\/\/mybonnechance.de\/index.php?rest_route=%2Fwp%2Fv2%2Fmedia&parent=6179"}],"curies":[{"name":"wp","href":"https:\/\/api.w.org\/{rel}","templated":true}]}}