{"id":6183,"date":"2022-08-14T13:27:25","date_gmt":"2022-08-14T13:27:25","guid":{"rendered":"https:\/\/mybonnechance.de\/?page_id=6183"},"modified":"2023-01-07T19:31:22","modified_gmt":"2023-01-07T19:31:22","slug":"2022-25-dokkum","status":"publish","type":"page","link":"https:\/\/mybonnechance.de\/?page_id=6183","title":{"rendered":"2022-25 Dokkum"},"content":{"rendered":"\n<p><strong>Tag 41,  Freitag<\/strong>  <strong>05.  August<\/strong>        <strong> Marrekrit Liegeplatz Ee<\/strong> <strong>&#8211; Dokkum<\/strong>,  <strong>Passantenhaven<\/strong><br>8 km  &#8211; 4 bewegliche Br\u00fccken &#8211; 1 Std. Fahrzeit<br>Wir k\u00f6nnen wegen unseres Tiefganges von 1,10 m am Eingang des <strong>Passantenhavens von Dokkum<\/strong> nur links herum fahren und kommen zur <strong>Woudpoortbrug<\/strong>. Davor ist auf der rechten Seite nur f\u00fcr Segler reserviert und auf der linken Seite kein Platz mehr f\u00fcr uns. Also m\u00fcssen wir es hinter der Br\u00fccke versuchen und werden auch kurz dahinter f\u00fcndig. Wir riskieren es nicht weiter zu fahren, da wir die \u00d6rtlichkeiten noch nicht kennen. Strom ist \u00fcberall, aber die einzige <strong>Wasserstelle <\/strong>ist kurz vor der Woudpoortbrug auf der rechen Seite und kurz hinter der Br\u00fccke, ebenfalls rechts. Eigentlich liegen wir ganz gut da, Hafenkino ist uns durch den Blick auf die Br\u00fccke gewiss. Die B\u00e4ume werfen nur leider schon recht fr\u00fch am Nachmittag Schatten. Sp\u00e4ter stellen wir fest, wenn man weiter durchf\u00e4hrt gelangt man noch zu einem gro\u00dfes Becken mit jede Menge Anlegem\u00f6glichkeiten. Man liegt sehr sch\u00f6n zwischen 2 Windm\u00fchlen.  Besser da auf Stb. Seite festmachen. Wasserschlauch befindet sich oben an der Stra\u00dfe i.d. Mitte von den Anleger.<\/p>\n\n\n\n<figure class=\"wp-block-image size-large\"><img loading=\"lazy\" decoding=\"async\" width=\"1024\" height=\"498\" src=\"https:\/\/mybonnechance.de\/wp-content\/uploads\/2022\/08\/Hafen-1-3-1024x498.jpg\" alt=\"\" class=\"wp-image-6055\" srcset=\"https:\/\/mybonnechance.de\/wp-content\/uploads\/2022\/08\/Hafen-1-3-1024x498.jpg 1024w, https:\/\/mybonnechance.de\/wp-content\/uploads\/2022\/08\/Hafen-1-3-300x146.jpg 300w, https:\/\/mybonnechance.de\/wp-content\/uploads\/2022\/08\/Hafen-1-3-768x373.jpg 768w, https:\/\/mybonnechance.de\/wp-content\/uploads\/2022\/08\/Hafen-1-3-1536x747.jpg 1536w, https:\/\/mybonnechance.de\/wp-content\/uploads\/2022\/08\/Hafen-1-3-2048x996.jpg 2048w\" sizes=\"auto, (max-width: 767px) 89vw, (max-width: 1000px) 54vw, (max-width: 1071px) 543px, 580px\" \/><figcaption class=\"wp-element-caption\"><strong>Woudpoortbrug<\/strong><\/figcaption><\/figure>\n\n\n\n<div class=\"wp-block-columns is-layout-flex wp-container-core-columns-is-layout-9d6595d7 wp-block-columns-is-layout-flex\">\n<div class=\"wp-block-column is-layout-flow wp-block-column-is-layout-flow\" style=\"flex-basis:25%\">\n<figure class=\"wp-block-image size-large\"><img loading=\"lazy\" decoding=\"async\" width=\"498\" height=\"1024\" src=\"https:\/\/mybonnechance.de\/wp-content\/uploads\/2022\/08\/Hafen-4-498x1024.jpg\" alt=\"\" class=\"wp-image-6051\" srcset=\"https:\/\/mybonnechance.de\/wp-content\/uploads\/2022\/08\/Hafen-4-498x1024.jpg 498w, https:\/\/mybonnechance.de\/wp-content\/uploads\/2022\/08\/Hafen-4-146x300.jpg 146w, https:\/\/mybonnechance.de\/wp-content\/uploads\/2022\/08\/Hafen-4-768x1580.jpg 768w, https:\/\/mybonnechance.de\/wp-content\/uploads\/2022\/08\/Hafen-4-747x1536.jpg 747w, https:\/\/mybonnechance.de\/wp-content\/uploads\/2022\/08\/Hafen-4-996x2048.jpg 996w, https:\/\/mybonnechance.de\/wp-content\/uploads\/2022\/08\/Hafen-4-scaled.jpg 1244w\" sizes=\"auto, (max-width: 498px) 100vw, 498px\" \/><\/figure>\n<\/div>\n\n\n\n<div class=\"wp-block-column is-layout-flow wp-block-column-is-layout-flow\" style=\"flex-basis:50%\">\n<figure class=\"wp-block-image size-large\"><img loading=\"lazy\" decoding=\"async\" width=\"1024\" height=\"498\" src=\"https:\/\/mybonnechance.de\/wp-content\/uploads\/2022\/08\/Hafen-6-1024x498.jpg\" alt=\"\" class=\"wp-image-6054\" srcset=\"https:\/\/mybonnechance.de\/wp-content\/uploads\/2022\/08\/Hafen-6-1024x498.jpg 1024w, https:\/\/mybonnechance.de\/wp-content\/uploads\/2022\/08\/Hafen-6-300x146.jpg 300w, https:\/\/mybonnechance.de\/wp-content\/uploads\/2022\/08\/Hafen-6-768x373.jpg 768w, https:\/\/mybonnechance.de\/wp-content\/uploads\/2022\/08\/Hafen-6-1536x747.jpg 1536w, https:\/\/mybonnechance.de\/wp-content\/uploads\/2022\/08\/Hafen-6-2048x996.jpg 2048w\" sizes=\"auto, (max-width: 767px) 89vw, (max-width: 1000px) 54vw, (max-width: 1071px) 543px, 580px\" \/><\/figure>\n<\/div>\n\n\n\n<div class=\"wp-block-column is-layout-flow wp-block-column-is-layout-flow\" style=\"flex-basis:25%\">\n<figure class=\"wp-block-image size-large\"><img loading=\"lazy\" decoding=\"async\" width=\"498\" height=\"1024\" src=\"https:\/\/mybonnechance.de\/wp-content\/uploads\/2022\/08\/Hafen-2-3-498x1024.jpg\" alt=\"\" class=\"wp-image-6056\" srcset=\"https:\/\/mybonnechance.de\/wp-content\/uploads\/2022\/08\/Hafen-2-3-498x1024.jpg 498w, https:\/\/mybonnechance.de\/wp-content\/uploads\/2022\/08\/Hafen-2-3-146x300.jpg 146w, https:\/\/mybonnechance.de\/wp-content\/uploads\/2022\/08\/Hafen-2-3-768x1580.jpg 768w, https:\/\/mybonnechance.de\/wp-content\/uploads\/2022\/08\/Hafen-2-3-747x1536.jpg 747w, https:\/\/mybonnechance.de\/wp-content\/uploads\/2022\/08\/Hafen-2-3-996x2048.jpg 996w, https:\/\/mybonnechance.de\/wp-content\/uploads\/2022\/08\/Hafen-2-3-scaled.jpg 1244w\" sizes=\"auto, (max-width: 498px) 100vw, 498px\" \/><figcaption class=\"wp-element-caption\"><strong>Liegepl\u00e4tze a.d. Windm\u00fchle<\/strong><\/figcaption><\/figure>\n<\/div>\n<\/div>\n\n\n\n<p>Heute ist gro\u00dfer Markt, der sich durch das ganze \u00d6rtchen zieht.<\/p>\n\n\n\n<div class=\"wp-block-columns is-layout-flex wp-container-core-columns-is-layout-9d6595d7 wp-block-columns-is-layout-flex\">\n<div class=\"wp-block-column is-layout-flow wp-block-column-is-layout-flow\">\n<figure class=\"wp-block-image size-large\"><img loading=\"lazy\" decoding=\"async\" width=\"544\" height=\"1024\" src=\"https:\/\/mybonnechance.de\/wp-content\/uploads\/2022\/08\/Dokkum-7-544x1024.jpg\" alt=\"\" class=\"wp-image-6061\" srcset=\"https:\/\/mybonnechance.de\/wp-content\/uploads\/2022\/08\/Dokkum-7-544x1024.jpg 544w, https:\/\/mybonnechance.de\/wp-content\/uploads\/2022\/08\/Dokkum-7-159x300.jpg 159w, https:\/\/mybonnechance.de\/wp-content\/uploads\/2022\/08\/Dokkum-7-768x1446.jpg 768w, https:\/\/mybonnechance.de\/wp-content\/uploads\/2022\/08\/Dokkum-7-816x1536.jpg 816w, https:\/\/mybonnechance.de\/wp-content\/uploads\/2022\/08\/Dokkum-7-1088x2048.jpg 1088w, https:\/\/mybonnechance.de\/wp-content\/uploads\/2022\/08\/Dokkum-7-scaled.jpg 1359w\" sizes=\"auto, (max-width: 544px) 100vw, 544px\" \/><\/figure>\n<\/div>\n\n\n\n<div class=\"wp-block-column is-layout-flow wp-block-column-is-layout-flow\">\n<figure class=\"wp-block-image size-large\"><img loading=\"lazy\" decoding=\"async\" width=\"498\" height=\"1024\" src=\"https:\/\/mybonnechance.de\/wp-content\/uploads\/2022\/08\/Dokkum-12-498x1024.jpg\" alt=\"\" class=\"wp-image-6060\" srcset=\"https:\/\/mybonnechance.de\/wp-content\/uploads\/2022\/08\/Dokkum-12-498x1024.jpg 498w, https:\/\/mybonnechance.de\/wp-content\/uploads\/2022\/08\/Dokkum-12-146x300.jpg 146w, https:\/\/mybonnechance.de\/wp-content\/uploads\/2022\/08\/Dokkum-12-768x1580.jpg 768w, https:\/\/mybonnechance.de\/wp-content\/uploads\/2022\/08\/Dokkum-12-747x1536.jpg 747w, https:\/\/mybonnechance.de\/wp-content\/uploads\/2022\/08\/Dokkum-12-996x2048.jpg 996w, https:\/\/mybonnechance.de\/wp-content\/uploads\/2022\/08\/Dokkum-12-scaled.jpg 1244w\" sizes=\"auto, (max-width: 498px) 100vw, 498px\" \/><\/figure>\n<\/div>\n\n\n\n<div class=\"wp-block-column is-layout-flow wp-block-column-is-layout-flow\">\n<figure class=\"wp-block-image size-large\"><img loading=\"lazy\" decoding=\"async\" width=\"498\" height=\"1024\" src=\"https:\/\/mybonnechance.de\/wp-content\/uploads\/2022\/08\/Dokkum-13-498x1024.jpg\" alt=\"\" class=\"wp-image-6062\" srcset=\"https:\/\/mybonnechance.de\/wp-content\/uploads\/2022\/08\/Dokkum-13-498x1024.jpg 498w, https:\/\/mybonnechance.de\/wp-content\/uploads\/2022\/08\/Dokkum-13-146x300.jpg 146w, https:\/\/mybonnechance.de\/wp-content\/uploads\/2022\/08\/Dokkum-13-768x1580.jpg 768w, https:\/\/mybonnechance.de\/wp-content\/uploads\/2022\/08\/Dokkum-13-747x1536.jpg 747w, https:\/\/mybonnechance.de\/wp-content\/uploads\/2022\/08\/Dokkum-13-996x2048.jpg 996w, https:\/\/mybonnechance.de\/wp-content\/uploads\/2022\/08\/Dokkum-13-scaled.jpg 1244w\" sizes=\"auto, (max-width: 498px) 100vw, 498px\" \/><\/figure>\n<\/div>\n<\/div>\n\n\n\n<p><strong>Tag 42,  Samstag<\/strong>  <strong>06.  Augus<\/strong>t<br>Morgens eingekauft \u2013 geht gut zu Fu\u00df. In 10\u2018 ist man bei einem gro\u00dfen <strong>AH und Aldi,<\/strong> der <strong>Spar <\/strong>ist sogar nur 5\u2018 entfernt. Das Wetter macht wieder Kapriolen. Entweder hei\u00df oder durch den Wind direkt k\u00fchl. Dokkum ist ein echt h\u00fcbsches \u00d6rtchen.<\/p>\n\n\n\n<div class=\"wp-block-columns is-layout-flex wp-container-core-columns-is-layout-9d6595d7 wp-block-columns-is-layout-flex\">\n<div class=\"wp-block-column is-layout-flow wp-block-column-is-layout-flow\">\n<figure class=\"wp-block-image size-large\"><img loading=\"lazy\" decoding=\"async\" width=\"498\" height=\"1024\" src=\"https:\/\/mybonnechance.de\/wp-content\/uploads\/2022\/08\/Dokkum-1-498x1024.jpg\" alt=\"\" class=\"wp-image-6065\" srcset=\"https:\/\/mybonnechance.de\/wp-content\/uploads\/2022\/08\/Dokkum-1-498x1024.jpg 498w, https:\/\/mybonnechance.de\/wp-content\/uploads\/2022\/08\/Dokkum-1-146x300.jpg 146w, https:\/\/mybonnechance.de\/wp-content\/uploads\/2022\/08\/Dokkum-1-768x1580.jpg 768w, https:\/\/mybonnechance.de\/wp-content\/uploads\/2022\/08\/Dokkum-1-747x1536.jpg 747w, https:\/\/mybonnechance.de\/wp-content\/uploads\/2022\/08\/Dokkum-1-996x2048.jpg 996w, https:\/\/mybonnechance.de\/wp-content\/uploads\/2022\/08\/Dokkum-1-scaled.jpg 1244w\" sizes=\"auto, (max-width: 498px) 100vw, 498px\" \/><\/figure>\n<\/div>\n\n\n\n<div class=\"wp-block-column is-layout-flow wp-block-column-is-layout-flow\">\n<figure class=\"wp-block-image size-large\"><img loading=\"lazy\" decoding=\"async\" width=\"498\" height=\"1024\" src=\"https:\/\/mybonnechance.de\/wp-content\/uploads\/2022\/08\/Dokkum-23-498x1024.jpg\" alt=\"\" class=\"wp-image-6066\" srcset=\"https:\/\/mybonnechance.de\/wp-content\/uploads\/2022\/08\/Dokkum-23-498x1024.jpg 498w, https:\/\/mybonnechance.de\/wp-content\/uploads\/2022\/08\/Dokkum-23-146x300.jpg 146w, https:\/\/mybonnechance.de\/wp-content\/uploads\/2022\/08\/Dokkum-23-768x1580.jpg 768w, https:\/\/mybonnechance.de\/wp-content\/uploads\/2022\/08\/Dokkum-23-747x1536.jpg 747w, https:\/\/mybonnechance.de\/wp-content\/uploads\/2022\/08\/Dokkum-23-996x2048.jpg 996w, https:\/\/mybonnechance.de\/wp-content\/uploads\/2022\/08\/Dokkum-23-scaled.jpg 1244w\" sizes=\"auto, (max-width: 498px) 100vw, 498px\" \/><\/figure>\n<\/div>\n\n\n\n<div class=\"wp-block-column is-layout-flow wp-block-column-is-layout-flow\">\n<figure class=\"wp-block-image size-large\"><img loading=\"lazy\" decoding=\"async\" width=\"498\" height=\"1024\" src=\"https:\/\/mybonnechance.de\/wp-content\/uploads\/2022\/08\/Dokkum-20-498x1024.jpg\" alt=\"\" class=\"wp-image-6067\" srcset=\"https:\/\/mybonnechance.de\/wp-content\/uploads\/2022\/08\/Dokkum-20-498x1024.jpg 498w, https:\/\/mybonnechance.de\/wp-content\/uploads\/2022\/08\/Dokkum-20-146x300.jpg 146w, https:\/\/mybonnechance.de\/wp-content\/uploads\/2022\/08\/Dokkum-20-768x1580.jpg 768w, https:\/\/mybonnechance.de\/wp-content\/uploads\/2022\/08\/Dokkum-20-747x1536.jpg 747w, https:\/\/mybonnechance.de\/wp-content\/uploads\/2022\/08\/Dokkum-20-996x2048.jpg 996w, https:\/\/mybonnechance.de\/wp-content\/uploads\/2022\/08\/Dokkum-20-scaled.jpg 1244w\" sizes=\"auto, (max-width: 498px) 100vw, 498px\" \/><figcaption class=\"wp-element-caption\"><strong>War mal eine Festungsstadt<\/strong><\/figcaption><\/figure>\n<\/div>\n<\/div>\n\n\n\n<div class=\"wp-block-columns is-layout-flex wp-container-core-columns-is-layout-9d6595d7 wp-block-columns-is-layout-flex\">\n<div class=\"wp-block-column is-layout-flow wp-block-column-is-layout-flow\">\n<figure class=\"wp-block-image size-large\"><img loading=\"lazy\" decoding=\"async\" width=\"498\" height=\"1024\" src=\"https:\/\/mybonnechance.de\/wp-content\/uploads\/2022\/08\/Stadhuis-1-498x1024.jpg\" alt=\"\" class=\"wp-image-6079\" srcset=\"https:\/\/mybonnechance.de\/wp-content\/uploads\/2022\/08\/Stadhuis-1-498x1024.jpg 498w, https:\/\/mybonnechance.de\/wp-content\/uploads\/2022\/08\/Stadhuis-1-146x300.jpg 146w, https:\/\/mybonnechance.de\/wp-content\/uploads\/2022\/08\/Stadhuis-1-768x1580.jpg 768w, https:\/\/mybonnechance.de\/wp-content\/uploads\/2022\/08\/Stadhuis-1-747x1536.jpg 747w, https:\/\/mybonnechance.de\/wp-content\/uploads\/2022\/08\/Stadhuis-1-996x2048.jpg 996w, https:\/\/mybonnechance.de\/wp-content\/uploads\/2022\/08\/Stadhuis-1-scaled.jpg 1244w\" sizes=\"auto, (max-width: 498px) 100vw, 498px\" \/><figcaption class=\"wp-element-caption\"><strong>Stadthuis<\/strong><\/figcaption><\/figure>\n<\/div>\n\n\n\n<div class=\"wp-block-column is-layout-flow wp-block-column-is-layout-flow\">\n<figure class=\"wp-block-image size-large\"><img loading=\"lazy\" decoding=\"async\" width=\"498\" height=\"1024\" src=\"https:\/\/mybonnechance.de\/wp-content\/uploads\/2022\/08\/Stadhuis-2-498x1024.jpg\" alt=\"\" class=\"wp-image-6080\" srcset=\"https:\/\/mybonnechance.de\/wp-content\/uploads\/2022\/08\/Stadhuis-2-498x1024.jpg 498w, https:\/\/mybonnechance.de\/wp-content\/uploads\/2022\/08\/Stadhuis-2-146x300.jpg 146w, https:\/\/mybonnechance.de\/wp-content\/uploads\/2022\/08\/Stadhuis-2-768x1580.jpg 768w, https:\/\/mybonnechance.de\/wp-content\/uploads\/2022\/08\/Stadhuis-2-747x1536.jpg 747w, https:\/\/mybonnechance.de\/wp-content\/uploads\/2022\/08\/Stadhuis-2-996x2048.jpg 996w, https:\/\/mybonnechance.de\/wp-content\/uploads\/2022\/08\/Stadhuis-2-scaled.jpg 1244w\" sizes=\"auto, (max-width: 498px) 100vw, 498px\" \/><\/figure>\n<\/div>\n\n\n\n<div class=\"wp-block-column is-layout-flow wp-block-column-is-layout-flow\">\n<figure class=\"wp-block-image size-large\"><img loading=\"lazy\" decoding=\"async\" width=\"498\" height=\"1024\" src=\"https:\/\/mybonnechance.de\/wp-content\/uploads\/2022\/08\/Dokkum-17-498x1024.jpg\" alt=\"\" class=\"wp-image-6081\" srcset=\"https:\/\/mybonnechance.de\/wp-content\/uploads\/2022\/08\/Dokkum-17-498x1024.jpg 498w, https:\/\/mybonnechance.de\/wp-content\/uploads\/2022\/08\/Dokkum-17-146x300.jpg 146w, https:\/\/mybonnechance.de\/wp-content\/uploads\/2022\/08\/Dokkum-17-768x1580.jpg 768w, https:\/\/mybonnechance.de\/wp-content\/uploads\/2022\/08\/Dokkum-17-747x1536.jpg 747w, https:\/\/mybonnechance.de\/wp-content\/uploads\/2022\/08\/Dokkum-17-996x2048.jpg 996w, https:\/\/mybonnechance.de\/wp-content\/uploads\/2022\/08\/Dokkum-17-scaled.jpg 1244w\" sizes=\"auto, (max-width: 498px) 100vw, 498px\" \/><figcaption class=\"wp-element-caption\"><strong>Privathuis \ud83d\ude42<\/strong><\/figcaption><\/figure>\n<\/div>\n<\/div>\n\n\n\n<p>Weiter geht es zur<strong> St. Bonifatiuskapelle<\/strong>. Dabei handelt es sich um  eine offene Kapelle mit Platz f\u00fcr ca. 2000 Besuchern und ist heute ein Wallfahrtsort. Eine 2,50&nbsp;Meter hohe <strong>Bonifatius-Statue <\/strong>neben der <strong>Bonifatiusquelle<\/strong> markiert den Sterbeort des Heiligen Bonifatius. <\/p>\n\n\n\n<div class=\"wp-block-columns is-layout-flex wp-container-core-columns-is-layout-9d6595d7 wp-block-columns-is-layout-flex\">\n<div class=\"wp-block-column is-layout-flow wp-block-column-is-layout-flow\">\n<figure class=\"wp-block-image size-large\"><img loading=\"lazy\" decoding=\"async\" width=\"498\" height=\"1024\" src=\"https:\/\/mybonnechance.de\/wp-content\/uploads\/2022\/08\/St.-Bonifatiuskapelle-1-2-498x1024.jpg\" alt=\"\" class=\"wp-image-6075\" srcset=\"https:\/\/mybonnechance.de\/wp-content\/uploads\/2022\/08\/St.-Bonifatiuskapelle-1-2-498x1024.jpg 498w, https:\/\/mybonnechance.de\/wp-content\/uploads\/2022\/08\/St.-Bonifatiuskapelle-1-2-146x300.jpg 146w, https:\/\/mybonnechance.de\/wp-content\/uploads\/2022\/08\/St.-Bonifatiuskapelle-1-2-768x1580.jpg 768w, https:\/\/mybonnechance.de\/wp-content\/uploads\/2022\/08\/St.-Bonifatiuskapelle-1-2-747x1536.jpg 747w, https:\/\/mybonnechance.de\/wp-content\/uploads\/2022\/08\/St.-Bonifatiuskapelle-1-2-996x2048.jpg 996w, https:\/\/mybonnechance.de\/wp-content\/uploads\/2022\/08\/St.-Bonifatiuskapelle-1-2-scaled.jpg 1244w\" sizes=\"auto, (max-width: 498px) 100vw, 498px\" \/><\/figure>\n<\/div>\n\n\n\n<div class=\"wp-block-column is-layout-flow wp-block-column-is-layout-flow\">\n<figure class=\"wp-block-image size-large\"><img loading=\"lazy\" decoding=\"async\" width=\"498\" height=\"1024\" src=\"https:\/\/mybonnechance.de\/wp-content\/uploads\/2022\/08\/St.-Bonifatiuskapelle-2-1-498x1024.jpg\" alt=\"\" class=\"wp-image-6074\" srcset=\"https:\/\/mybonnechance.de\/wp-content\/uploads\/2022\/08\/St.-Bonifatiuskapelle-2-1-498x1024.jpg 498w, https:\/\/mybonnechance.de\/wp-content\/uploads\/2022\/08\/St.-Bonifatiuskapelle-2-1-146x300.jpg 146w, https:\/\/mybonnechance.de\/wp-content\/uploads\/2022\/08\/St.-Bonifatiuskapelle-2-1-768x1580.jpg 768w, https:\/\/mybonnechance.de\/wp-content\/uploads\/2022\/08\/St.-Bonifatiuskapelle-2-1-747x1536.jpg 747w, https:\/\/mybonnechance.de\/wp-content\/uploads\/2022\/08\/St.-Bonifatiuskapelle-2-1-996x2048.jpg 996w, https:\/\/mybonnechance.de\/wp-content\/uploads\/2022\/08\/St.-Bonifatiuskapelle-2-1-scaled.jpg 1244w\" sizes=\"auto, (max-width: 498px) 100vw, 498px\" \/><\/figure>\n<\/div>\n\n\n\n<div class=\"wp-block-column is-layout-flow wp-block-column-is-layout-flow\">\n<figure class=\"wp-block-image size-large\"><img loading=\"lazy\" decoding=\"async\" width=\"498\" height=\"1024\" src=\"https:\/\/mybonnechance.de\/wp-content\/uploads\/2022\/08\/St.-Bonifatiuskapelle-4-498x1024.jpg\" alt=\"\" class=\"wp-image-6073\" srcset=\"https:\/\/mybonnechance.de\/wp-content\/uploads\/2022\/08\/St.-Bonifatiuskapelle-4-498x1024.jpg 498w, https:\/\/mybonnechance.de\/wp-content\/uploads\/2022\/08\/St.-Bonifatiuskapelle-4-146x300.jpg 146w, https:\/\/mybonnechance.de\/wp-content\/uploads\/2022\/08\/St.-Bonifatiuskapelle-4-768x1580.jpg 768w, https:\/\/mybonnechance.de\/wp-content\/uploads\/2022\/08\/St.-Bonifatiuskapelle-4-747x1536.jpg 747w, https:\/\/mybonnechance.de\/wp-content\/uploads\/2022\/08\/St.-Bonifatiuskapelle-4-996x2048.jpg 996w, https:\/\/mybonnechance.de\/wp-content\/uploads\/2022\/08\/St.-Bonifatiuskapelle-4-scaled.jpg 1244w\" sizes=\"auto, (max-width: 498px) 100vw, 498px\" \/><\/figure>\n<\/div>\n<\/div>\n\n\n\n<div class=\"wp-block-columns is-layout-flex wp-container-core-columns-is-layout-9d6595d7 wp-block-columns-is-layout-flex\">\n<div class=\"wp-block-column is-layout-flow wp-block-column-is-layout-flow\">\n<figure class=\"wp-block-image size-large\"><img loading=\"lazy\" decoding=\"async\" width=\"498\" height=\"1024\" src=\"https:\/\/mybonnechance.de\/wp-content\/uploads\/2022\/08\/St.-Bonifatiuskapelle-5-1-498x1024.jpg\" alt=\"\" class=\"wp-image-6076\" srcset=\"https:\/\/mybonnechance.de\/wp-content\/uploads\/2022\/08\/St.-Bonifatiuskapelle-5-1-498x1024.jpg 498w, https:\/\/mybonnechance.de\/wp-content\/uploads\/2022\/08\/St.-Bonifatiuskapelle-5-1-146x300.jpg 146w, https:\/\/mybonnechance.de\/wp-content\/uploads\/2022\/08\/St.-Bonifatiuskapelle-5-1-768x1580.jpg 768w, https:\/\/mybonnechance.de\/wp-content\/uploads\/2022\/08\/St.-Bonifatiuskapelle-5-1-747x1536.jpg 747w, https:\/\/mybonnechance.de\/wp-content\/uploads\/2022\/08\/St.-Bonifatiuskapelle-5-1-996x2048.jpg 996w, https:\/\/mybonnechance.de\/wp-content\/uploads\/2022\/08\/St.-Bonifatiuskapelle-5-1-scaled.jpg 1244w\" sizes=\"auto, (max-width: 498px) 100vw, 498px\" \/><\/figure>\n<\/div>\n\n\n\n<div class=\"wp-block-column is-layout-flow wp-block-column-is-layout-flow\">\n<figure class=\"wp-block-image size-large\"><img loading=\"lazy\" decoding=\"async\" width=\"498\" height=\"1024\" src=\"https:\/\/mybonnechance.de\/wp-content\/uploads\/2022\/08\/St.-Bonifatiuskapelle-7-498x1024.jpg\" alt=\"\" class=\"wp-image-6077\" srcset=\"https:\/\/mybonnechance.de\/wp-content\/uploads\/2022\/08\/St.-Bonifatiuskapelle-7-498x1024.jpg 498w, https:\/\/mybonnechance.de\/wp-content\/uploads\/2022\/08\/St.-Bonifatiuskapelle-7-146x300.jpg 146w, https:\/\/mybonnechance.de\/wp-content\/uploads\/2022\/08\/St.-Bonifatiuskapelle-7-768x1580.jpg 768w, https:\/\/mybonnechance.de\/wp-content\/uploads\/2022\/08\/St.-Bonifatiuskapelle-7-747x1536.jpg 747w, https:\/\/mybonnechance.de\/wp-content\/uploads\/2022\/08\/St.-Bonifatiuskapelle-7-996x2048.jpg 996w, https:\/\/mybonnechance.de\/wp-content\/uploads\/2022\/08\/St.-Bonifatiuskapelle-7-scaled.jpg 1244w\" sizes=\"auto, (max-width: 498px) 100vw, 498px\" \/><\/figure>\n<\/div>\n\n\n\n<div class=\"wp-block-column is-layout-flow wp-block-column-is-layout-flow\">\n<figure class=\"wp-block-image size-large\"><img loading=\"lazy\" decoding=\"async\" width=\"498\" height=\"1024\" src=\"https:\/\/mybonnechance.de\/wp-content\/uploads\/2022\/08\/St.-Bonifatiuskapelle-8-498x1024.jpg\" alt=\"\" class=\"wp-image-6078\" srcset=\"https:\/\/mybonnechance.de\/wp-content\/uploads\/2022\/08\/St.-Bonifatiuskapelle-8-498x1024.jpg 498w, https:\/\/mybonnechance.de\/wp-content\/uploads\/2022\/08\/St.-Bonifatiuskapelle-8-146x300.jpg 146w, https:\/\/mybonnechance.de\/wp-content\/uploads\/2022\/08\/St.-Bonifatiuskapelle-8-768x1580.jpg 768w, https:\/\/mybonnechance.de\/wp-content\/uploads\/2022\/08\/St.-Bonifatiuskapelle-8-747x1536.jpg 747w, https:\/\/mybonnechance.de\/wp-content\/uploads\/2022\/08\/St.-Bonifatiuskapelle-8-996x2048.jpg 996w, https:\/\/mybonnechance.de\/wp-content\/uploads\/2022\/08\/St.-Bonifatiuskapelle-8-scaled.jpg 1244w\" sizes=\"auto, (max-width: 498px) 100vw, 498px\" \/><\/figure>\n<\/div>\n<\/div>\n\n\n","protected":false},"excerpt":{"rendered":"<p>Tag 41, Freitag 05. August Marrekrit Liegeplatz Ee &#8211; Dokkum, Passantenhaven8 km &#8211; 4 bewegliche Br\u00fccken &#8211; 1 Std. FahrzeitWir k\u00f6nnen wegen unseres Tiefganges von 1,10 m am Eingang des Passantenhavens von Dokkum nur links herum fahren und kommen zur Woudpoortbrug. Davor ist auf der rechten Seite nur f\u00fcr Segler reserviert und auf der linken &hellip; <\/p>\n<p class=\"link-more\"><a href=\"https:\/\/mybonnechance.de\/?page_id=6183\" class=\"more-link\"><span class=\"screen-reader-text\">\u201e2022-25 Dokkum\u201c<\/span> weiterlesen<\/a><\/p>\n","protected":false},"author":1,"featured_media":0,"parent":0,"menu_order":0,"comment_status":"closed","ping_status":"closed","template":"","meta":{"ngg_post_thumbnail":0,"footnotes":""},"class_list":["post-6183","page","type-page","status-publish","hentry"],"_links":{"self":[{"href":"https:\/\/mybonnechance.de\/index.php?rest_route=\/wp\/v2\/pages\/6183","targetHints":{"allow":["GET"]}}],"collection":[{"href":"https:\/\/mybonnechance.de\/index.php?rest_route=\/wp\/v2\/pages"}],"about":[{"href":"https:\/\/mybonnechance.de\/index.php?rest_route=\/wp\/v2\/types\/page"}],"author":[{"embeddable":true,"href":"https:\/\/mybonnechance.de\/index.php?rest_route=\/wp\/v2\/users\/1"}],"replies":[{"embeddable":true,"href":"https:\/\/mybonnechance.de\/index.php?rest_route=%2Fwp%2Fv2%2Fcomments&post=6183"}],"version-history":[{"count":4,"href":"https:\/\/mybonnechance.de\/index.php?rest_route=\/wp\/v2\/pages\/6183\/revisions"}],"predecessor-version":[{"id":6975,"href":"https:\/\/mybonnechance.de\/index.php?rest_route=\/wp\/v2\/pages\/6183\/revisions\/6975"}],"wp:attachment":[{"href":"https:\/\/mybonnechance.de\/index.php?rest_route=%2Fwp%2Fv2%2Fmedia&parent=6183"}],"curies":[{"name":"wp","href":"https:\/\/api.w.org\/{rel}","templated":true}]}}