{"id":6185,"date":"2022-08-14T13:28:46","date_gmt":"2022-08-14T13:28:46","guid":{"rendered":"https:\/\/mybonnechance.de\/?page_id=6185"},"modified":"2023-01-07T19:32:39","modified_gmt":"2023-01-07T19:32:39","slug":"2022-26-leeuwarden","status":"publish","type":"page","link":"https:\/\/mybonnechance.de\/?page_id=6185","title":{"rendered":"2022-26 Leeuwarden"},"content":{"rendered":"\n<p><strong>Tag 43,  Sonntag<\/strong>  <strong>07.  August<\/strong>    <strong>   Dokkum<\/strong> <strong>&#8211; Leeuwarden<\/strong>, <strong>Passantenhaven<\/strong><br>22 km  &#8211; 7 bewegliche Br\u00fccken &#8211; 3 Std. Fahrzeit<br>P\u00fcnktlich um 09:00 Uhr gehen die Br\u00fccken auf und wir starten. Unterwegs sehen wir wieder jede Menge Marrekrits. Kurz vor Br\u00fcckenpause passieren wir die <strong>Noorderbrug <\/strong>und finden kurz dahinter ein Platz auf der rechten Seite.<br>Zum Stadtbummel kommen wir erstmal nicht, da wir im <strong>Park Prinsentuin<\/strong> quasi durch das Prinsentuinconcert \u201eaufgehalten\u201c werden. 2 Jungs, die richtig gute Songs spielen. Wir sitzen im Gras, singen mit und f\u00fchlen uns wie mit 18 \ud83d\ude42 <\/p>\n\n\n\n<div class=\"wp-block-columns is-layout-flex wp-container-core-columns-is-layout-9d6595d7 wp-block-columns-is-layout-flex\">\n<div class=\"wp-block-column is-layout-flow wp-block-column-is-layout-flow\">\n<figure class=\"wp-block-image size-large\"><img loading=\"lazy\" decoding=\"async\" width=\"498\" height=\"1024\" src=\"https:\/\/mybonnechance.de\/wp-content\/uploads\/2022\/08\/Prinsentuin-3-498x1024.jpg\" alt=\"\" class=\"wp-image-6086\" srcset=\"https:\/\/mybonnechance.de\/wp-content\/uploads\/2022\/08\/Prinsentuin-3-498x1024.jpg 498w, https:\/\/mybonnechance.de\/wp-content\/uploads\/2022\/08\/Prinsentuin-3-146x300.jpg 146w, https:\/\/mybonnechance.de\/wp-content\/uploads\/2022\/08\/Prinsentuin-3-768x1580.jpg 768w, https:\/\/mybonnechance.de\/wp-content\/uploads\/2022\/08\/Prinsentuin-3-747x1536.jpg 747w, https:\/\/mybonnechance.de\/wp-content\/uploads\/2022\/08\/Prinsentuin-3-996x2048.jpg 996w, https:\/\/mybonnechance.de\/wp-content\/uploads\/2022\/08\/Prinsentuin-3-scaled.jpg 1244w\" sizes=\"auto, (max-width: 498px) 100vw, 498px\" \/><\/figure>\n<\/div>\n\n\n\n<div class=\"wp-block-column is-layout-flow wp-block-column-is-layout-flow\">\n<figure class=\"wp-block-image size-large\"><img loading=\"lazy\" decoding=\"async\" width=\"498\" height=\"1024\" src=\"https:\/\/mybonnechance.de\/wp-content\/uploads\/2022\/08\/Prinsentuin-2-498x1024.jpg\" alt=\"\" class=\"wp-image-6088\" srcset=\"https:\/\/mybonnechance.de\/wp-content\/uploads\/2022\/08\/Prinsentuin-2-498x1024.jpg 498w, https:\/\/mybonnechance.de\/wp-content\/uploads\/2022\/08\/Prinsentuin-2-146x300.jpg 146w, https:\/\/mybonnechance.de\/wp-content\/uploads\/2022\/08\/Prinsentuin-2-768x1580.jpg 768w, https:\/\/mybonnechance.de\/wp-content\/uploads\/2022\/08\/Prinsentuin-2-747x1536.jpg 747w, https:\/\/mybonnechance.de\/wp-content\/uploads\/2022\/08\/Prinsentuin-2-996x2048.jpg 996w, https:\/\/mybonnechance.de\/wp-content\/uploads\/2022\/08\/Prinsentuin-2-scaled.jpg 1244w\" sizes=\"auto, (max-width: 498px) 100vw, 498px\" \/><\/figure>\n<\/div>\n\n\n\n<div class=\"wp-block-column is-layout-flow wp-block-column-is-layout-flow\">\n<figure class=\"wp-block-image size-large\"><img loading=\"lazy\" decoding=\"async\" width=\"768\" height=\"1024\" src=\"https:\/\/mybonnechance.de\/wp-content\/uploads\/2022\/08\/Prinsentuin-5-768x1024.jpg\" alt=\"\" class=\"wp-image-6087\" srcset=\"https:\/\/mybonnechance.de\/wp-content\/uploads\/2022\/08\/Prinsentuin-5-768x1024.jpg 768w, https:\/\/mybonnechance.de\/wp-content\/uploads\/2022\/08\/Prinsentuin-5-225x300.jpg 225w, https:\/\/mybonnechance.de\/wp-content\/uploads\/2022\/08\/Prinsentuin-5-1152x1536.jpg 1152w, https:\/\/mybonnechance.de\/wp-content\/uploads\/2022\/08\/Prinsentuin-5-1536x2048.jpg 1536w, https:\/\/mybonnechance.de\/wp-content\/uploads\/2022\/08\/Prinsentuin-5-scaled.jpg 1920w\" sizes=\"auto, (max-width: 767px) 89vw, (max-width: 1000px) 54vw, (max-width: 1071px) 543px, 580px\" \/><\/figure>\n<\/div>\n<\/div>\n\n\n\n<p><strong>Tag 44,  Montag<\/strong>  <strong>08.  August<\/strong><\/p>\n\n\n\n<div class=\"wp-block-columns is-layout-flex wp-container-core-columns-is-layout-9d6595d7 wp-block-columns-is-layout-flex\">\n<div class=\"wp-block-column is-layout-flow wp-block-column-is-layout-flow\">\n<figure class=\"wp-block-gallery has-nested-images columns-default is-cropped wp-block-gallery-1 is-layout-flex wp-block-gallery-is-layout-flex\">\n<figure class=\"wp-block-image size-large\"><img loading=\"lazy\" decoding=\"async\" width=\"498\" height=\"1024\" data-id=\"6091\" src=\"https:\/\/mybonnechance.de\/wp-content\/uploads\/2022\/08\/Altstadt-3-498x1024.jpg\" alt=\"\" class=\"wp-image-6091\" srcset=\"https:\/\/mybonnechance.de\/wp-content\/uploads\/2022\/08\/Altstadt-3-498x1024.jpg 498w, https:\/\/mybonnechance.de\/wp-content\/uploads\/2022\/08\/Altstadt-3-146x300.jpg 146w, https:\/\/mybonnechance.de\/wp-content\/uploads\/2022\/08\/Altstadt-3-768x1580.jpg 768w, https:\/\/mybonnechance.de\/wp-content\/uploads\/2022\/08\/Altstadt-3-747x1536.jpg 747w, https:\/\/mybonnechance.de\/wp-content\/uploads\/2022\/08\/Altstadt-3-996x2048.jpg 996w, https:\/\/mybonnechance.de\/wp-content\/uploads\/2022\/08\/Altstadt-3-scaled.jpg 1244w\" sizes=\"auto, (max-width: 498px) 100vw, 498px\" \/><\/figure>\n<\/figure>\n<\/div>\n\n\n\n<div class=\"wp-block-column is-layout-flow wp-block-column-is-layout-flow\">\n<figure class=\"wp-block-image size-large\"><img loading=\"lazy\" decoding=\"async\" width=\"702\" height=\"1024\" src=\"https:\/\/mybonnechance.de\/wp-content\/uploads\/2022\/08\/Altstadt-4-1-702x1024.jpg\" alt=\"\" class=\"wp-image-6093\" srcset=\"https:\/\/mybonnechance.de\/wp-content\/uploads\/2022\/08\/Altstadt-4-1-702x1024.jpg 702w, https:\/\/mybonnechance.de\/wp-content\/uploads\/2022\/08\/Altstadt-4-1-206x300.jpg 206w, https:\/\/mybonnechance.de\/wp-content\/uploads\/2022\/08\/Altstadt-4-1-768x1120.jpg 768w, https:\/\/mybonnechance.de\/wp-content\/uploads\/2022\/08\/Altstadt-4-1-1053x1536.jpg 1053w, https:\/\/mybonnechance.de\/wp-content\/uploads\/2022\/08\/Altstadt-4-1-1404x2048.jpg 1404w, https:\/\/mybonnechance.de\/wp-content\/uploads\/2022\/08\/Altstadt-4-1-scaled.jpg 1755w\" sizes=\"auto, (max-width: 702px) 100vw, 702px\" \/><figcaption class=\"wp-element-caption\"><strong>Alte Apotheke<\/strong><\/figcaption><\/figure>\n<\/div>\n\n\n\n<div class=\"wp-block-column is-layout-flow wp-block-column-is-layout-flow\">\n<figure class=\"wp-block-image size-large\"><img loading=\"lazy\" decoding=\"async\" width=\"685\" height=\"1024\" src=\"https:\/\/mybonnechance.de\/wp-content\/uploads\/2022\/08\/Blokhuispoort-685x1024.jpg\" alt=\"\" class=\"wp-image-6094\" srcset=\"https:\/\/mybonnechance.de\/wp-content\/uploads\/2022\/08\/Blokhuispoort-685x1024.jpg 685w, https:\/\/mybonnechance.de\/wp-content\/uploads\/2022\/08\/Blokhuispoort-201x300.jpg 201w, https:\/\/mybonnechance.de\/wp-content\/uploads\/2022\/08\/Blokhuispoort-768x1148.jpg 768w, https:\/\/mybonnechance.de\/wp-content\/uploads\/2022\/08\/Blokhuispoort-1027x1536.jpg 1027w, https:\/\/mybonnechance.de\/wp-content\/uploads\/2022\/08\/Blokhuispoort-1370x2048.jpg 1370w, https:\/\/mybonnechance.de\/wp-content\/uploads\/2022\/08\/Blokhuispoort-scaled.jpg 1712w\" sizes=\"auto, (max-width: 685px) 100vw, 685px\" \/><figcaption class=\"wp-element-caption\"><strong>Blokhuispoort &#8211; ehemaliges Gef\u00e4ngniss<\/strong> &#8211; <strong>heute Restaurant + Hotel<\/strong><\/figcaption><\/figure>\n<\/div>\n<\/div>\n\n\n\n<p><strong>De Oldehove<\/strong> ist ein unvollendeter Kirchturm \u00a0der sich weiterhin kontinuierlich neigt, \u00e4hnlich wie der schiefe Turm von Pisa.\u00a0<\/p>\n\n\n\n<div class=\"wp-block-columns is-layout-flex wp-container-core-columns-is-layout-9d6595d7 wp-block-columns-is-layout-flex\">\n<div class=\"wp-block-column is-layout-flow wp-block-column-is-layout-flow\">\n<figure class=\"wp-block-image size-large\"><img loading=\"lazy\" decoding=\"async\" width=\"498\" height=\"1024\" src=\"https:\/\/mybonnechance.de\/wp-content\/uploads\/2022\/08\/de-Oldehoeve-1-1-498x1024.jpg\" alt=\"\" class=\"wp-image-6098\" srcset=\"https:\/\/mybonnechance.de\/wp-content\/uploads\/2022\/08\/de-Oldehoeve-1-1-498x1024.jpg 498w, https:\/\/mybonnechance.de\/wp-content\/uploads\/2022\/08\/de-Oldehoeve-1-1-146x300.jpg 146w, https:\/\/mybonnechance.de\/wp-content\/uploads\/2022\/08\/de-Oldehoeve-1-1-768x1580.jpg 768w, https:\/\/mybonnechance.de\/wp-content\/uploads\/2022\/08\/de-Oldehoeve-1-1-747x1536.jpg 747w, https:\/\/mybonnechance.de\/wp-content\/uploads\/2022\/08\/de-Oldehoeve-1-1-996x2048.jpg 996w, https:\/\/mybonnechance.de\/wp-content\/uploads\/2022\/08\/de-Oldehoeve-1-1-scaled.jpg 1244w\" sizes=\"auto, (max-width: 498px) 100vw, 498px\" \/><\/figure>\n<\/div>\n\n\n\n<div class=\"wp-block-column is-layout-flow wp-block-column-is-layout-flow\">\n<figure class=\"wp-block-image size-large\"><img loading=\"lazy\" decoding=\"async\" width=\"498\" height=\"1024\" src=\"https:\/\/mybonnechance.de\/wp-content\/uploads\/2022\/08\/de-Oldehoeve-2-1-498x1024.jpg\" alt=\"\" class=\"wp-image-6099\" srcset=\"https:\/\/mybonnechance.de\/wp-content\/uploads\/2022\/08\/de-Oldehoeve-2-1-498x1024.jpg 498w, https:\/\/mybonnechance.de\/wp-content\/uploads\/2022\/08\/de-Oldehoeve-2-1-146x300.jpg 146w, https:\/\/mybonnechance.de\/wp-content\/uploads\/2022\/08\/de-Oldehoeve-2-1-768x1580.jpg 768w, https:\/\/mybonnechance.de\/wp-content\/uploads\/2022\/08\/de-Oldehoeve-2-1-747x1536.jpg 747w, https:\/\/mybonnechance.de\/wp-content\/uploads\/2022\/08\/de-Oldehoeve-2-1-996x2048.jpg 996w, https:\/\/mybonnechance.de\/wp-content\/uploads\/2022\/08\/de-Oldehoeve-2-1-scaled.jpg 1244w\" sizes=\"auto, (max-width: 498px) 100vw, 498px\" \/><\/figure>\n<\/div>\n<\/div>\n\n\n\n<p>Ich \u00fcberrede Stephan zu einer Stadtrundfahrt mit einer kleinen blauen Bimmelbahn. H\u00e4tte man sich schenken k\u00f6nnen, da es in dem Audioguid fast nur um unbekannte Pers\u00f6nlichkeiten aus Leuuwarden geht \ud83d\ude42 Au\u00dferdem hatten wir fast alles schon zu Fu\u00df abgeklappert. <br><strong>Ein Jumbo ist ca.  5 min. vom Hafen entfernt und es gibt ein sehr nettes Restaurant vor der Vrouwespoortbrug.<\/strong><\/p>\n\n\n","protected":false},"excerpt":{"rendered":"<p>Tag 43, Sonntag 07. August Dokkum &#8211; Leeuwarden, Passantenhaven22 km &#8211; 7 bewegliche Br\u00fccken &#8211; 3 Std. FahrzeitP\u00fcnktlich um 09:00 Uhr gehen die Br\u00fccken auf und wir starten. Unterwegs sehen wir wieder jede Menge Marrekrits. Kurz vor Br\u00fcckenpause passieren wir die Noorderbrug und finden kurz dahinter ein Platz auf der rechten Seite.Zum Stadtbummel kommen wir &hellip; <\/p>\n<p class=\"link-more\"><a href=\"https:\/\/mybonnechance.de\/?page_id=6185\" class=\"more-link\"><span class=\"screen-reader-text\">\u201e2022-26 Leeuwarden\u201c<\/span> weiterlesen<\/a><\/p>\n","protected":false},"author":1,"featured_media":0,"parent":0,"menu_order":0,"comment_status":"closed","ping_status":"closed","template":"","meta":{"ngg_post_thumbnail":0,"footnotes":""},"class_list":["post-6185","page","type-page","status-publish","hentry"],"_links":{"self":[{"href":"https:\/\/mybonnechance.de\/index.php?rest_route=\/wp\/v2\/pages\/6185","targetHints":{"allow":["GET"]}}],"collection":[{"href":"https:\/\/mybonnechance.de\/index.php?rest_route=\/wp\/v2\/pages"}],"about":[{"href":"https:\/\/mybonnechance.de\/index.php?rest_route=\/wp\/v2\/types\/page"}],"author":[{"embeddable":true,"href":"https:\/\/mybonnechance.de\/index.php?rest_route=\/wp\/v2\/users\/1"}],"replies":[{"embeddable":true,"href":"https:\/\/mybonnechance.de\/index.php?rest_route=%2Fwp%2Fv2%2Fcomments&post=6185"}],"version-history":[{"count":4,"href":"https:\/\/mybonnechance.de\/index.php?rest_route=\/wp\/v2\/pages\/6185\/revisions"}],"predecessor-version":[{"id":6977,"href":"https:\/\/mybonnechance.de\/index.php?rest_route=\/wp\/v2\/pages\/6185\/revisions\/6977"}],"wp:attachment":[{"href":"https:\/\/mybonnechance.de\/index.php?rest_route=%2Fwp%2Fv2%2Fmedia&parent=6185"}],"curies":[{"name":"wp","href":"https:\/\/api.w.org\/{rel}","templated":true}]}}