{"id":6187,"date":"2022-08-14T13:29:33","date_gmt":"2022-08-14T13:29:33","guid":{"rendered":"https:\/\/mybonnechance.de\/?page_id=6187"},"modified":"2023-01-07T19:33:23","modified_gmt":"2023-01-07T19:33:23","slug":"2022-27-marrekrit-kop-van-wiegersma","status":"publish","type":"page","link":"https:\/\/mybonnechance.de\/?page_id=6187","title":{"rendered":"2022-27 Marrekrit Kop van Wiegersma"},"content":{"rendered":"\n<p><strong>Tag 45, Dienstag<\/strong> <strong>09. August<\/strong>     <strong> Leeuwarden<\/strong> <strong>&#8211; Marrekrit Kop van Wiegersma<\/strong><br>22 km &#8211; 6 bewegliche Br\u00fccken &#8211; 3,5 Std. Fahrzeit      (mit tanken im Jachthafen Wartena)<br>Wir kommen nach 2 Std. in den <strong>Teich Himpenser Wielen<\/strong>. Sind 3 Stege mit Marrekrits und sehr nett, aber alle belegt. Es gibt auch lange Stege mit Platz f\u00fcr sicher 30 Schiffe mit Landzugang &#8211; ebenfalls voll. Es wird echt schwierig einen freien Platz zu finden. Schlie\u00dflich k\u00f6nnen wir an einem Marrekrit an einer Insel festmachen. Damit k\u00f6nnen wir zwar eine Radtour vergessen, aber wir sind froh \u00fcberhaupt noch etwas bekommen zu habe.<\/p>\n\n\n\n<div class=\"wp-block-columns is-layout-flex wp-container-core-columns-is-layout-9d6595d7 wp-block-columns-is-layout-flex\">\n<div class=\"wp-block-column is-layout-flow wp-block-column-is-layout-flow\">\n<figure class=\"wp-block-image size-large is-style-default\"><img loading=\"lazy\" decoding=\"async\" width=\"498\" height=\"1024\" src=\"https:\/\/mybonnechance.de\/wp-content\/uploads\/2022\/08\/20220809_140016-498x1024.jpg\" alt=\"\" class=\"wp-image-6229\" srcset=\"https:\/\/mybonnechance.de\/wp-content\/uploads\/2022\/08\/20220809_140016-498x1024.jpg 498w, https:\/\/mybonnechance.de\/wp-content\/uploads\/2022\/08\/20220809_140016-146x300.jpg 146w, https:\/\/mybonnechance.de\/wp-content\/uploads\/2022\/08\/20220809_140016-768x1580.jpg 768w, https:\/\/mybonnechance.de\/wp-content\/uploads\/2022\/08\/20220809_140016-747x1536.jpg 747w, https:\/\/mybonnechance.de\/wp-content\/uploads\/2022\/08\/20220809_140016-996x2048.jpg 996w, https:\/\/mybonnechance.de\/wp-content\/uploads\/2022\/08\/20220809_140016-scaled.jpg 1244w\" sizes=\"auto, (max-width: 498px) 100vw, 498px\" \/><\/figure>\n<\/div>\n\n\n\n<div class=\"wp-block-column is-layout-flow wp-block-column-is-layout-flow\">\n<figure class=\"wp-block-image size-large is-style-default\"><img loading=\"lazy\" decoding=\"async\" width=\"498\" height=\"1024\" src=\"https:\/\/mybonnechance.de\/wp-content\/uploads\/2022\/08\/20220809_194721-498x1024.jpg\" alt=\"\" class=\"wp-image-6230\" srcset=\"https:\/\/mybonnechance.de\/wp-content\/uploads\/2022\/08\/20220809_194721-498x1024.jpg 498w, https:\/\/mybonnechance.de\/wp-content\/uploads\/2022\/08\/20220809_194721-146x300.jpg 146w, https:\/\/mybonnechance.de\/wp-content\/uploads\/2022\/08\/20220809_194721-768x1580.jpg 768w, https:\/\/mybonnechance.de\/wp-content\/uploads\/2022\/08\/20220809_194721-747x1536.jpg 747w, https:\/\/mybonnechance.de\/wp-content\/uploads\/2022\/08\/20220809_194721-996x2048.jpg 996w, https:\/\/mybonnechance.de\/wp-content\/uploads\/2022\/08\/20220809_194721-scaled.jpg 1244w\" sizes=\"auto, (max-width: 498px) 100vw, 498px\" \/><\/figure>\n<\/div>\n\n\n\n<div class=\"wp-block-column is-layout-flow wp-block-column-is-layout-flow\">\n<figure class=\"wp-block-image size-large is-style-default\"><img loading=\"lazy\" decoding=\"async\" width=\"498\" height=\"1024\" src=\"https:\/\/mybonnechance.de\/wp-content\/uploads\/2022\/08\/20220809_194758-498x1024.jpg\" alt=\"\" class=\"wp-image-6231\" srcset=\"https:\/\/mybonnechance.de\/wp-content\/uploads\/2022\/08\/20220809_194758-498x1024.jpg 498w, https:\/\/mybonnechance.de\/wp-content\/uploads\/2022\/08\/20220809_194758-146x300.jpg 146w, https:\/\/mybonnechance.de\/wp-content\/uploads\/2022\/08\/20220809_194758-768x1580.jpg 768w, https:\/\/mybonnechance.de\/wp-content\/uploads\/2022\/08\/20220809_194758-747x1536.jpg 747w, https:\/\/mybonnechance.de\/wp-content\/uploads\/2022\/08\/20220809_194758-996x2048.jpg 996w, https:\/\/mybonnechance.de\/wp-content\/uploads\/2022\/08\/20220809_194758-scaled.jpg 1244w\" sizes=\"auto, (max-width: 498px) 100vw, 498px\" \/><\/figure>\n<\/div>\n<\/div>\n\n\n\n<p><strong>Tag 46 + 47, Mittwoch + Donnerstag<\/strong> <strong>10 + 11. August<\/strong>      <br>Die Temperaturen steigen unaufhaltsam und wenn nicht wenigstens der Wind mit 2 Bf wehen w\u00fcrde, k\u00f6nnte man es kaum aushalten. Wir unternehmen zur Abwechselung mal eine Tour mit dem Schlauchboot und stellen fest, da\u00df es weiter durch noch jede Menge Liegepl\u00e4tze in diesem Kanal gibt und auch in einem weiteren gro\u00dfen See, der sich daran anschlie\u00dft.<\/p>\n\n\n\n<div class=\"wp-block-columns is-layout-flex wp-container-core-columns-is-layout-9d6595d7 wp-block-columns-is-layout-flex\">\n<div class=\"wp-block-column is-layout-flow wp-block-column-is-layout-flow\">\n<figure class=\"wp-block-image size-large is-style-default\"><img loading=\"lazy\" decoding=\"async\" width=\"768\" height=\"1024\" src=\"https:\/\/mybonnechance.de\/wp-content\/uploads\/2022\/08\/20220810_121524-768x1024.jpg\" alt=\"\" class=\"wp-image-6232\" srcset=\"https:\/\/mybonnechance.de\/wp-content\/uploads\/2022\/08\/20220810_121524-768x1024.jpg 768w, https:\/\/mybonnechance.de\/wp-content\/uploads\/2022\/08\/20220810_121524-225x300.jpg 225w, https:\/\/mybonnechance.de\/wp-content\/uploads\/2022\/08\/20220810_121524-1152x1536.jpg 1152w, https:\/\/mybonnechance.de\/wp-content\/uploads\/2022\/08\/20220810_121524-1536x2048.jpg 1536w, https:\/\/mybonnechance.de\/wp-content\/uploads\/2022\/08\/20220810_121524-scaled.jpg 1920w\" sizes=\"auto, (max-width: 767px) 89vw, (max-width: 1000px) 54vw, (max-width: 1071px) 543px, 580px\" \/><\/figure>\n\n\n\n<figure class=\"wp-block-image size-large is-style-default\"><img loading=\"lazy\" decoding=\"async\" width=\"498\" height=\"1024\" src=\"https:\/\/mybonnechance.de\/wp-content\/uploads\/2022\/08\/20220810_123434-498x1024.jpg\" alt=\"\" class=\"wp-image-6236\" srcset=\"https:\/\/mybonnechance.de\/wp-content\/uploads\/2022\/08\/20220810_123434-498x1024.jpg 498w, https:\/\/mybonnechance.de\/wp-content\/uploads\/2022\/08\/20220810_123434-146x300.jpg 146w, https:\/\/mybonnechance.de\/wp-content\/uploads\/2022\/08\/20220810_123434-768x1580.jpg 768w, https:\/\/mybonnechance.de\/wp-content\/uploads\/2022\/08\/20220810_123434-747x1536.jpg 747w, https:\/\/mybonnechance.de\/wp-content\/uploads\/2022\/08\/20220810_123434-996x2048.jpg 996w, https:\/\/mybonnechance.de\/wp-content\/uploads\/2022\/08\/20220810_123434-scaled.jpg 1244w\" sizes=\"auto, (max-width: 498px) 100vw, 498px\" \/><\/figure>\n<\/div>\n\n\n\n<div class=\"wp-block-column is-layout-flow wp-block-column-is-layout-flow\">\n<figure class=\"wp-block-image size-large is-style-default\"><img loading=\"lazy\" decoding=\"async\" width=\"498\" height=\"1024\" src=\"https:\/\/mybonnechance.de\/wp-content\/uploads\/2022\/08\/20220810_122122-498x1024.jpg\" alt=\"\" class=\"wp-image-6233\" srcset=\"https:\/\/mybonnechance.de\/wp-content\/uploads\/2022\/08\/20220810_122122-498x1024.jpg 498w, https:\/\/mybonnechance.de\/wp-content\/uploads\/2022\/08\/20220810_122122-146x300.jpg 146w, https:\/\/mybonnechance.de\/wp-content\/uploads\/2022\/08\/20220810_122122-768x1580.jpg 768w, https:\/\/mybonnechance.de\/wp-content\/uploads\/2022\/08\/20220810_122122-747x1536.jpg 747w, https:\/\/mybonnechance.de\/wp-content\/uploads\/2022\/08\/20220810_122122-996x2048.jpg 996w, https:\/\/mybonnechance.de\/wp-content\/uploads\/2022\/08\/20220810_122122-scaled.jpg 1244w\" sizes=\"auto, (max-width: 498px) 100vw, 498px\" \/><\/figure>\n\n\n\n<figure class=\"wp-block-image size-large is-style-default\"><img loading=\"lazy\" decoding=\"async\" width=\"498\" height=\"1024\" src=\"https:\/\/mybonnechance.de\/wp-content\/uploads\/2022\/08\/20220810_123636-498x1024.jpg\" alt=\"\" class=\"wp-image-6239\" srcset=\"https:\/\/mybonnechance.de\/wp-content\/uploads\/2022\/08\/20220810_123636-498x1024.jpg 498w, https:\/\/mybonnechance.de\/wp-content\/uploads\/2022\/08\/20220810_123636-146x300.jpg 146w, https:\/\/mybonnechance.de\/wp-content\/uploads\/2022\/08\/20220810_123636-768x1580.jpg 768w, https:\/\/mybonnechance.de\/wp-content\/uploads\/2022\/08\/20220810_123636-747x1536.jpg 747w, https:\/\/mybonnechance.de\/wp-content\/uploads\/2022\/08\/20220810_123636-996x2048.jpg 996w, https:\/\/mybonnechance.de\/wp-content\/uploads\/2022\/08\/20220810_123636-scaled.jpg 1244w\" sizes=\"auto, (max-width: 498px) 100vw, 498px\" \/><\/figure>\n<\/div>\n\n\n\n<div class=\"wp-block-column is-layout-flow wp-block-column-is-layout-flow\">\n<figure class=\"wp-block-image size-large is-style-default\"><img loading=\"lazy\" decoding=\"async\" width=\"498\" height=\"1024\" src=\"https:\/\/mybonnechance.de\/wp-content\/uploads\/2022\/08\/20220810_092116-498x1024.jpg\" alt=\"\" class=\"wp-image-6235\" srcset=\"https:\/\/mybonnechance.de\/wp-content\/uploads\/2022\/08\/20220810_092116-498x1024.jpg 498w, https:\/\/mybonnechance.de\/wp-content\/uploads\/2022\/08\/20220810_092116-146x300.jpg 146w, https:\/\/mybonnechance.de\/wp-content\/uploads\/2022\/08\/20220810_092116-768x1580.jpg 768w, https:\/\/mybonnechance.de\/wp-content\/uploads\/2022\/08\/20220810_092116-747x1536.jpg 747w, https:\/\/mybonnechance.de\/wp-content\/uploads\/2022\/08\/20220810_092116-996x2048.jpg 996w, https:\/\/mybonnechance.de\/wp-content\/uploads\/2022\/08\/20220810_092116-scaled.jpg 1244w\" sizes=\"auto, (max-width: 498px) 100vw, 498px\" \/><\/figure>\n\n\n\n<figure class=\"wp-block-image size-large is-style-default\"><img loading=\"lazy\" decoding=\"async\" width=\"498\" height=\"1024\" src=\"https:\/\/mybonnechance.de\/wp-content\/uploads\/2022\/08\/20220810_124652-498x1024.jpg\" alt=\"\" class=\"wp-image-6238\" srcset=\"https:\/\/mybonnechance.de\/wp-content\/uploads\/2022\/08\/20220810_124652-498x1024.jpg 498w, https:\/\/mybonnechance.de\/wp-content\/uploads\/2022\/08\/20220810_124652-146x300.jpg 146w, https:\/\/mybonnechance.de\/wp-content\/uploads\/2022\/08\/20220810_124652-768x1580.jpg 768w, https:\/\/mybonnechance.de\/wp-content\/uploads\/2022\/08\/20220810_124652-747x1536.jpg 747w, https:\/\/mybonnechance.de\/wp-content\/uploads\/2022\/08\/20220810_124652-996x2048.jpg 996w, https:\/\/mybonnechance.de\/wp-content\/uploads\/2022\/08\/20220810_124652-scaled.jpg 1244w\" sizes=\"auto, (max-width: 498px) 100vw, 498px\" \/><\/figure>\n<\/div>\n<\/div>\n\n\n","protected":false},"excerpt":{"rendered":"<p>Tag 45, Dienstag 09. August Leeuwarden &#8211; Marrekrit Kop van Wiegersma22 km &#8211; 6 bewegliche Br\u00fccken &#8211; 3,5 Std. Fahrzeit (mit tanken im Jachthafen Wartena)Wir kommen nach 2 Std. in den Teich Himpenser Wielen. Sind 3 Stege mit Marrekrits und sehr nett, aber alle belegt. Es gibt auch lange Stege mit Platz f\u00fcr sicher 30 &hellip; <\/p>\n<p class=\"link-more\"><a href=\"https:\/\/mybonnechance.de\/?page_id=6187\" class=\"more-link\"><span class=\"screen-reader-text\">\u201e2022-27 Marrekrit Kop van Wiegersma\u201c<\/span> weiterlesen<\/a><\/p>\n","protected":false},"author":1,"featured_media":0,"parent":0,"menu_order":0,"comment_status":"closed","ping_status":"closed","template":"","meta":{"ngg_post_thumbnail":0,"footnotes":""},"class_list":["post-6187","page","type-page","status-publish","hentry"],"_links":{"self":[{"href":"https:\/\/mybonnechance.de\/index.php?rest_route=\/wp\/v2\/pages\/6187","targetHints":{"allow":["GET"]}}],"collection":[{"href":"https:\/\/mybonnechance.de\/index.php?rest_route=\/wp\/v2\/pages"}],"about":[{"href":"https:\/\/mybonnechance.de\/index.php?rest_route=\/wp\/v2\/types\/page"}],"author":[{"embeddable":true,"href":"https:\/\/mybonnechance.de\/index.php?rest_route=\/wp\/v2\/users\/1"}],"replies":[{"embeddable":true,"href":"https:\/\/mybonnechance.de\/index.php?rest_route=%2Fwp%2Fv2%2Fcomments&post=6187"}],"version-history":[{"count":6,"href":"https:\/\/mybonnechance.de\/index.php?rest_route=\/wp\/v2\/pages\/6187\/revisions"}],"predecessor-version":[{"id":6880,"href":"https:\/\/mybonnechance.de\/index.php?rest_route=\/wp\/v2\/pages\/6187\/revisions\/6880"}],"wp:attachment":[{"href":"https:\/\/mybonnechance.de\/index.php?rest_route=%2Fwp%2Fv2%2Fmedia&parent=6187"}],"curies":[{"name":"wp","href":"https:\/\/api.w.org\/{rel}","templated":true}]}}