{"id":6189,"date":"2022-08-14T13:30:13","date_gmt":"2022-08-14T13:30:13","guid":{"rendered":"https:\/\/mybonnechance.de\/?page_id=6189"},"modified":"2023-01-07T19:35:26","modified_gmt":"2023-01-07T19:35:26","slug":"2022-28-earnewould-earnewald","status":"publish","type":"page","link":"https:\/\/mybonnechance.de\/?page_id=6189","title":{"rendered":"2022-28 Earnewould \/ Earnewald"},"content":{"rendered":"\n<p><strong>Tag 48, Freitag<\/strong> <strong>12. August<\/strong> <strong> Marrekrit Kop van Wiegersma<\/strong> <strong>&#8211;  Earnewald<\/strong>, <strong>Passantenhaven<\/strong><br>1,3 km  &#8211; 0,20 Std. Fahrzeit<br>Sind nach der unglaublichen Strecken von 1,3 km und 20 min. in den Passantenhaven von <strong>Earnewald <\/strong>eingelaufen:-)  Die Boxen sind von A-C gekennzeichnet, wobei man nach den Buchstaben bezahlt, egal wie gro\u00df man wirklich ist. Bei uns passt es in der Box B <br>Man liegt in Au\u00dfenboxen, das bedeutet wir liegen mitten in der Fahrrinne und es schaukelt schon ein wenig. Aber im inneren Hafenbecken war es uns zu riskant zu suchen. Da liegen wohl eher die kleineren Boot. <br>Von dem St\u00e4dtchen h\u00e4tte ich mich sehr viel mehr versprochen.  Es gibt 1 Kerk, 3 Lokale, 2 Souvenirl\u00e4den, eine Fischbude und einen <strong>kleinen CooP<\/strong>. Einen Stadtkern gibt es nicht. Eigentlich ist nur die lange Stra\u00dfe am Passantenhaven von Interesse, allerdings eher Essenstechnisch. Im Hafen ist ein stetiges Kommen und Gehen der Schiffe. \u00dcberhaupt ist hier ziemlich unruhig, aber daf\u00fcr hat man auch immer was zu gucken.<\/p>\n\n\n\n<figure class=\"wp-block-image size-large is-style-default\"><img loading=\"lazy\" decoding=\"async\" width=\"1024\" height=\"498\" src=\"https:\/\/mybonnechance.de\/wp-content\/uploads\/2022\/08\/20220815_091930-3-1024x498.jpg\" alt=\"\" class=\"wp-image-6306\" srcset=\"https:\/\/mybonnechance.de\/wp-content\/uploads\/2022\/08\/20220815_091930-3-1024x498.jpg 1024w, https:\/\/mybonnechance.de\/wp-content\/uploads\/2022\/08\/20220815_091930-3-300x146.jpg 300w, https:\/\/mybonnechance.de\/wp-content\/uploads\/2022\/08\/20220815_091930-3-768x373.jpg 768w, https:\/\/mybonnechance.de\/wp-content\/uploads\/2022\/08\/20220815_091930-3-1536x747.jpg 1536w, https:\/\/mybonnechance.de\/wp-content\/uploads\/2022\/08\/20220815_091930-3-2048x996.jpg 2048w\" sizes=\"auto, (max-width: 767px) 89vw, (max-width: 1000px) 54vw, (max-width: 1071px) 543px, 580px\" \/><\/figure>\n\n\n\n<div class=\"wp-block-columns is-layout-flex wp-container-core-columns-is-layout-9d6595d7 wp-block-columns-is-layout-flex\">\n<div class=\"wp-block-column is-layout-flow wp-block-column-is-layout-flow\" style=\"flex-basis:66.66%\">\n<figure class=\"wp-block-image size-large is-style-default\"><img loading=\"lazy\" decoding=\"async\" width=\"1024\" height=\"498\" src=\"https:\/\/mybonnechance.de\/wp-content\/uploads\/2022\/08\/20220815_092006-1024x498.jpg\" alt=\"\" class=\"wp-image-6307\" srcset=\"https:\/\/mybonnechance.de\/wp-content\/uploads\/2022\/08\/20220815_092006-1024x498.jpg 1024w, https:\/\/mybonnechance.de\/wp-content\/uploads\/2022\/08\/20220815_092006-300x146.jpg 300w, https:\/\/mybonnechance.de\/wp-content\/uploads\/2022\/08\/20220815_092006-768x373.jpg 768w, https:\/\/mybonnechance.de\/wp-content\/uploads\/2022\/08\/20220815_092006-1536x747.jpg 1536w, https:\/\/mybonnechance.de\/wp-content\/uploads\/2022\/08\/20220815_092006-2048x996.jpg 2048w\" sizes=\"auto, (max-width: 767px) 89vw, (max-width: 1000px) 54vw, (max-width: 1071px) 543px, 580px\" \/><\/figure>\n<\/div>\n\n\n\n<div class=\"wp-block-column is-layout-flow wp-block-column-is-layout-flow\" style=\"flex-basis:33.33%\">\n<figure class=\"wp-block-image size-large is-style-default\"><img loading=\"lazy\" decoding=\"async\" width=\"498\" height=\"1024\" src=\"https:\/\/mybonnechance.de\/wp-content\/uploads\/2022\/08\/20220812_121338-1-498x1024.jpg\" alt=\"\" class=\"wp-image-6305\" srcset=\"https:\/\/mybonnechance.de\/wp-content\/uploads\/2022\/08\/20220812_121338-1-498x1024.jpg 498w, https:\/\/mybonnechance.de\/wp-content\/uploads\/2022\/08\/20220812_121338-1-146x300.jpg 146w, https:\/\/mybonnechance.de\/wp-content\/uploads\/2022\/08\/20220812_121338-1-768x1580.jpg 768w, https:\/\/mybonnechance.de\/wp-content\/uploads\/2022\/08\/20220812_121338-1-747x1536.jpg 747w, https:\/\/mybonnechance.de\/wp-content\/uploads\/2022\/08\/20220812_121338-1-996x2048.jpg 996w, https:\/\/mybonnechance.de\/wp-content\/uploads\/2022\/08\/20220812_121338-1-scaled.jpg 1244w\" sizes=\"auto, (max-width: 498px) 100vw, 498px\" \/><\/figure>\n<\/div>\n<\/div>\n\n\n\n<div class=\"wp-block-columns is-layout-flex wp-container-core-columns-is-layout-9d6595d7 wp-block-columns-is-layout-flex\">\n<div class=\"wp-block-column is-layout-flow wp-block-column-is-layout-flow\">\n<figure class=\"wp-block-image size-large is-style-default\"><img loading=\"lazy\" decoding=\"async\" width=\"498\" height=\"1024\" src=\"https:\/\/mybonnechance.de\/wp-content\/uploads\/2022\/08\/20220812_123318-1-498x1024.jpg\" alt=\"\" class=\"wp-image-6250\" srcset=\"https:\/\/mybonnechance.de\/wp-content\/uploads\/2022\/08\/20220812_123318-1-498x1024.jpg 498w, https:\/\/mybonnechance.de\/wp-content\/uploads\/2022\/08\/20220812_123318-1-146x300.jpg 146w, https:\/\/mybonnechance.de\/wp-content\/uploads\/2022\/08\/20220812_123318-1-768x1580.jpg 768w, https:\/\/mybonnechance.de\/wp-content\/uploads\/2022\/08\/20220812_123318-1-747x1536.jpg 747w, https:\/\/mybonnechance.de\/wp-content\/uploads\/2022\/08\/20220812_123318-1-996x2048.jpg 996w, https:\/\/mybonnechance.de\/wp-content\/uploads\/2022\/08\/20220812_123318-1-scaled.jpg 1244w\" sizes=\"auto, (max-width: 498px) 100vw, 498px\" \/><figcaption class=\"wp-element-caption\"><strong>Nur die beiden sind ziemlich entspannt<\/strong><\/figcaption><\/figure>\n<\/div>\n\n\n\n<div class=\"wp-block-column is-layout-flow wp-block-column-is-layout-flow\">\n<figure class=\"wp-block-image size-large is-style-default\"><img loading=\"lazy\" decoding=\"async\" width=\"498\" height=\"1024\" src=\"https:\/\/mybonnechance.de\/wp-content\/uploads\/2022\/08\/20220812_123330-1-498x1024.jpg\" alt=\"\" class=\"wp-image-6251\" srcset=\"https:\/\/mybonnechance.de\/wp-content\/uploads\/2022\/08\/20220812_123330-1-498x1024.jpg 498w, https:\/\/mybonnechance.de\/wp-content\/uploads\/2022\/08\/20220812_123330-1-146x300.jpg 146w, https:\/\/mybonnechance.de\/wp-content\/uploads\/2022\/08\/20220812_123330-1-768x1580.jpg 768w, https:\/\/mybonnechance.de\/wp-content\/uploads\/2022\/08\/20220812_123330-1-747x1536.jpg 747w, https:\/\/mybonnechance.de\/wp-content\/uploads\/2022\/08\/20220812_123330-1-996x2048.jpg 996w, https:\/\/mybonnechance.de\/wp-content\/uploads\/2022\/08\/20220812_123330-1-scaled.jpg 1244w\" sizes=\"auto, (max-width: 498px) 100vw, 498px\" \/><\/figure>\n<\/div>\n<\/div>\n\n\n\n<p><strong>Tag 49 + 50,   Samstag + Sonntag<\/strong>  <strong>13. + 14. August<\/strong> <br>Am Freitag wird immer hei\u00dfer. Die Temperatur erreicht nun die 30\u00b0 Marke. Aber ich m\u00f6chte ungern ins Wasser, zuviel Verkehr und damit auch sicher Verunreinigungen? Also einfach auf der Couch bleiben und sich nicht viel Bewegen au\u00dfer zum Eis holen \ud83d\ude42<br>Am Samstag schwingen wir uns dann doch mal relativ fr\u00fch auf die R\u00e4der. Heute soll es nicht so warm werden und am Nachmittag sogar Regnen. Also auf zur Erkundungsfahrt durch die <strong>Alde Feanen Richtung Drachten<\/strong>. Dabei stellen wir fest, da\u00df wir damals von Grou auch schon an der einen oder anderen Stelle mit dem Rad waren. Ich erkenne auch die Anlegestelle von damals wieder. Dabei handelt es sich um Pl\u00e4tze an der <strong>Hooidambrug<\/strong>, die landschaftlich auch sehr sch\u00f6n sind. <\/p>\n\n\n\n<div class=\"wp-block-columns is-layout-flex wp-container-core-columns-is-layout-9d6595d7 wp-block-columns-is-layout-flex\">\n<div class=\"wp-block-column is-layout-flow wp-block-column-is-layout-flow\" style=\"flex-basis:66.66%\">\n<figure class=\"wp-block-image size-large is-style-default\"><img loading=\"lazy\" decoding=\"async\" width=\"1024\" height=\"498\" src=\"https:\/\/mybonnechance.de\/wp-content\/uploads\/2022\/08\/20220814_102217-1024x498.jpg\" alt=\"\" class=\"wp-image-6254\" srcset=\"https:\/\/mybonnechance.de\/wp-content\/uploads\/2022\/08\/20220814_102217-1024x498.jpg 1024w, https:\/\/mybonnechance.de\/wp-content\/uploads\/2022\/08\/20220814_102217-300x146.jpg 300w, https:\/\/mybonnechance.de\/wp-content\/uploads\/2022\/08\/20220814_102217-768x373.jpg 768w, https:\/\/mybonnechance.de\/wp-content\/uploads\/2022\/08\/20220814_102217-1536x747.jpg 1536w, https:\/\/mybonnechance.de\/wp-content\/uploads\/2022\/08\/20220814_102217-2048x996.jpg 2048w\" sizes=\"auto, (max-width: 767px) 89vw, (max-width: 1000px) 54vw, (max-width: 1071px) 543px, 580px\" \/><\/figure>\n\n\n\n<figure class=\"wp-block-image size-large is-style-default\"><img loading=\"lazy\" decoding=\"async\" width=\"1024\" height=\"498\" src=\"https:\/\/mybonnechance.de\/wp-content\/uploads\/2022\/08\/20220814_102331-1024x498.jpg\" alt=\"\" class=\"wp-image-6256\" srcset=\"https:\/\/mybonnechance.de\/wp-content\/uploads\/2022\/08\/20220814_102331-1024x498.jpg 1024w, https:\/\/mybonnechance.de\/wp-content\/uploads\/2022\/08\/20220814_102331-300x146.jpg 300w, https:\/\/mybonnechance.de\/wp-content\/uploads\/2022\/08\/20220814_102331-768x373.jpg 768w, https:\/\/mybonnechance.de\/wp-content\/uploads\/2022\/08\/20220814_102331-1536x747.jpg 1536w, https:\/\/mybonnechance.de\/wp-content\/uploads\/2022\/08\/20220814_102331-2048x996.jpg 2048w\" sizes=\"auto, (max-width: 767px) 89vw, (max-width: 1000px) 54vw, (max-width: 1071px) 543px, 580px\" \/><\/figure>\n<\/div>\n\n\n\n<div class=\"wp-block-column is-layout-flow wp-block-column-is-layout-flow\" style=\"flex-basis:33.33%\">\n<figure class=\"wp-block-image size-large is-style-default\"><img loading=\"lazy\" decoding=\"async\" width=\"498\" height=\"1024\" src=\"https:\/\/mybonnechance.de\/wp-content\/uploads\/2022\/08\/20220814_102212-498x1024.jpg\" alt=\"\" class=\"wp-image-6255\" srcset=\"https:\/\/mybonnechance.de\/wp-content\/uploads\/2022\/08\/20220814_102212-498x1024.jpg 498w, https:\/\/mybonnechance.de\/wp-content\/uploads\/2022\/08\/20220814_102212-146x300.jpg 146w, https:\/\/mybonnechance.de\/wp-content\/uploads\/2022\/08\/20220814_102212-768x1580.jpg 768w, https:\/\/mybonnechance.de\/wp-content\/uploads\/2022\/08\/20220814_102212-747x1536.jpg 747w, https:\/\/mybonnechance.de\/wp-content\/uploads\/2022\/08\/20220814_102212-996x2048.jpg 996w, https:\/\/mybonnechance.de\/wp-content\/uploads\/2022\/08\/20220814_102212-scaled.jpg 1244w\" sizes=\"auto, (max-width: 498px) 100vw, 498px\" \/><\/figure>\n<\/div>\n<\/div>\n\n\n\n<div class=\"wp-block-columns is-layout-flex wp-container-core-columns-is-layout-9d6595d7 wp-block-columns-is-layout-flex\">\n<div class=\"wp-block-column is-layout-flow wp-block-column-is-layout-flow\">\n<figure class=\"wp-block-image size-large is-style-default\"><img loading=\"lazy\" decoding=\"async\" width=\"498\" height=\"1024\" src=\"https:\/\/mybonnechance.de\/wp-content\/uploads\/2022\/08\/20220814_093937-498x1024.jpg\" alt=\"\" class=\"wp-image-6257\" srcset=\"https:\/\/mybonnechance.de\/wp-content\/uploads\/2022\/08\/20220814_093937-498x1024.jpg 498w, https:\/\/mybonnechance.de\/wp-content\/uploads\/2022\/08\/20220814_093937-146x300.jpg 146w, https:\/\/mybonnechance.de\/wp-content\/uploads\/2022\/08\/20220814_093937-768x1580.jpg 768w, https:\/\/mybonnechance.de\/wp-content\/uploads\/2022\/08\/20220814_093937-747x1536.jpg 747w, https:\/\/mybonnechance.de\/wp-content\/uploads\/2022\/08\/20220814_093937-996x2048.jpg 996w, https:\/\/mybonnechance.de\/wp-content\/uploads\/2022\/08\/20220814_093937-scaled.jpg 1244w\" sizes=\"auto, (max-width: 498px) 100vw, 498px\" \/><\/figure>\n<\/div>\n\n\n\n<div class=\"wp-block-column is-layout-flow wp-block-column-is-layout-flow\">\n<figure class=\"wp-block-image size-large is-style-default\"><img loading=\"lazy\" decoding=\"async\" width=\"498\" height=\"1024\" src=\"https:\/\/mybonnechance.de\/wp-content\/uploads\/2022\/08\/20220814_105107-498x1024.jpg\" alt=\"\" class=\"wp-image-6258\" srcset=\"https:\/\/mybonnechance.de\/wp-content\/uploads\/2022\/08\/20220814_105107-498x1024.jpg 498w, https:\/\/mybonnechance.de\/wp-content\/uploads\/2022\/08\/20220814_105107-146x300.jpg 146w, https:\/\/mybonnechance.de\/wp-content\/uploads\/2022\/08\/20220814_105107-768x1580.jpg 768w, https:\/\/mybonnechance.de\/wp-content\/uploads\/2022\/08\/20220814_105107-747x1536.jpg 747w, https:\/\/mybonnechance.de\/wp-content\/uploads\/2022\/08\/20220814_105107-996x2048.jpg 996w, https:\/\/mybonnechance.de\/wp-content\/uploads\/2022\/08\/20220814_105107-scaled.jpg 1244w\" sizes=\"auto, (max-width: 498px) 100vw, 498px\" \/><figcaption class=\"wp-element-caption\"><strong>Wohnboote<\/strong><\/figcaption><\/figure>\n<\/div>\n\n\n\n<div class=\"wp-block-column is-layout-flow wp-block-column-is-layout-flow\">\n<figure class=\"wp-block-image size-large is-style-default\"><img loading=\"lazy\" decoding=\"async\" width=\"498\" height=\"1024\" src=\"https:\/\/mybonnechance.de\/wp-content\/uploads\/2022\/08\/20220814_105457-498x1024.jpg\" alt=\"\" class=\"wp-image-6259\" srcset=\"https:\/\/mybonnechance.de\/wp-content\/uploads\/2022\/08\/20220814_105457-498x1024.jpg 498w, https:\/\/mybonnechance.de\/wp-content\/uploads\/2022\/08\/20220814_105457-146x300.jpg 146w, https:\/\/mybonnechance.de\/wp-content\/uploads\/2022\/08\/20220814_105457-768x1580.jpg 768w, https:\/\/mybonnechance.de\/wp-content\/uploads\/2022\/08\/20220814_105457-747x1536.jpg 747w, https:\/\/mybonnechance.de\/wp-content\/uploads\/2022\/08\/20220814_105457-996x2048.jpg 996w, https:\/\/mybonnechance.de\/wp-content\/uploads\/2022\/08\/20220814_105457-scaled.jpg 1244w\" sizes=\"auto, (max-width: 498px) 100vw, 498px\" \/><figcaption class=\"wp-element-caption\"><strong>Lange &#8222;Strasse&#8220; mit H\u00e4usern und vorne liegen die Schiffe<\/strong><\/figcaption><\/figure>\n<\/div>\n<\/div>\n\n\n\n<div class=\"wp-block-columns is-layout-flex wp-container-core-columns-is-layout-9d6595d7 wp-block-columns-is-layout-flex\">\n<div class=\"wp-block-column is-layout-flow wp-block-column-is-layout-flow\" style=\"flex-basis:25%\">\n<figure class=\"wp-block-image size-large is-style-default\"><img loading=\"lazy\" decoding=\"async\" width=\"498\" height=\"1024\" src=\"https:\/\/mybonnechance.de\/wp-content\/uploads\/2022\/08\/20220814_113224-498x1024.jpg\" alt=\"\" class=\"wp-image-6260\" srcset=\"https:\/\/mybonnechance.de\/wp-content\/uploads\/2022\/08\/20220814_113224-498x1024.jpg 498w, https:\/\/mybonnechance.de\/wp-content\/uploads\/2022\/08\/20220814_113224-146x300.jpg 146w, https:\/\/mybonnechance.de\/wp-content\/uploads\/2022\/08\/20220814_113224-768x1580.jpg 768w, https:\/\/mybonnechance.de\/wp-content\/uploads\/2022\/08\/20220814_113224-747x1536.jpg 747w, https:\/\/mybonnechance.de\/wp-content\/uploads\/2022\/08\/20220814_113224-996x2048.jpg 996w, https:\/\/mybonnechance.de\/wp-content\/uploads\/2022\/08\/20220814_113224-scaled.jpg 1244w\" sizes=\"auto, (max-width: 498px) 100vw, 498px\" \/><\/figure>\n<\/div>\n\n\n\n<div class=\"wp-block-column is-layout-flow wp-block-column-is-layout-flow\" style=\"flex-basis:50%\">\n<figure class=\"wp-block-image size-large is-style-default\"><img loading=\"lazy\" decoding=\"async\" width=\"1024\" height=\"498\" src=\"https:\/\/mybonnechance.de\/wp-content\/uploads\/2022\/08\/20220814_114111-1024x498.jpg\" alt=\"\" class=\"wp-image-6262\" srcset=\"https:\/\/mybonnechance.de\/wp-content\/uploads\/2022\/08\/20220814_114111-1024x498.jpg 1024w, https:\/\/mybonnechance.de\/wp-content\/uploads\/2022\/08\/20220814_114111-300x146.jpg 300w, https:\/\/mybonnechance.de\/wp-content\/uploads\/2022\/08\/20220814_114111-768x373.jpg 768w, https:\/\/mybonnechance.de\/wp-content\/uploads\/2022\/08\/20220814_114111-1536x747.jpg 1536w, https:\/\/mybonnechance.de\/wp-content\/uploads\/2022\/08\/20220814_114111-2048x996.jpg 2048w\" sizes=\"auto, (max-width: 767px) 89vw, (max-width: 1000px) 54vw, (max-width: 1071px) 543px, 580px\" \/><figcaption class=\"wp-element-caption\"><strong>Drachten<\/strong><\/figcaption><\/figure>\n<\/div>\n\n\n\n<div class=\"wp-block-column is-layout-flow wp-block-column-is-layout-flow\" style=\"flex-basis:25%\">\n<figure class=\"wp-block-image size-large is-style-default\"><img loading=\"lazy\" decoding=\"async\" width=\"498\" height=\"1024\" src=\"https:\/\/mybonnechance.de\/wp-content\/uploads\/2022\/08\/20220814_113344-498x1024.jpg\" alt=\"\" class=\"wp-image-6261\" srcset=\"https:\/\/mybonnechance.de\/wp-content\/uploads\/2022\/08\/20220814_113344-498x1024.jpg 498w, https:\/\/mybonnechance.de\/wp-content\/uploads\/2022\/08\/20220814_113344-146x300.jpg 146w, https:\/\/mybonnechance.de\/wp-content\/uploads\/2022\/08\/20220814_113344-768x1580.jpg 768w, https:\/\/mybonnechance.de\/wp-content\/uploads\/2022\/08\/20220814_113344-747x1536.jpg 747w, https:\/\/mybonnechance.de\/wp-content\/uploads\/2022\/08\/20220814_113344-996x2048.jpg 996w, https:\/\/mybonnechance.de\/wp-content\/uploads\/2022\/08\/20220814_113344-scaled.jpg 1244w\" sizes=\"auto, (max-width: 498px) 100vw, 498px\" \/><\/figure>\n<\/div>\n<\/div>\n\n\n\n<div class=\"wp-block-columns is-layout-flex wp-container-core-columns-is-layout-9d6595d7 wp-block-columns-is-layout-flex\">\n<div class=\"wp-block-column is-layout-flow wp-block-column-is-layout-flow\">\n<figure class=\"wp-block-image size-large is-style-default\"><img loading=\"lazy\" decoding=\"async\" width=\"553\" height=\"1024\" src=\"https:\/\/mybonnechance.de\/wp-content\/uploads\/2022\/08\/20220813_205024-553x1024.jpg\" alt=\"\" class=\"wp-image-6263\" srcset=\"https:\/\/mybonnechance.de\/wp-content\/uploads\/2022\/08\/20220813_205024-553x1024.jpg 553w, https:\/\/mybonnechance.de\/wp-content\/uploads\/2022\/08\/20220813_205024-162x300.jpg 162w, https:\/\/mybonnechance.de\/wp-content\/uploads\/2022\/08\/20220813_205024-768x1422.jpg 768w, https:\/\/mybonnechance.de\/wp-content\/uploads\/2022\/08\/20220813_205024-830x1536.jpg 830w, https:\/\/mybonnechance.de\/wp-content\/uploads\/2022\/08\/20220813_205024-1106x2048.jpg 1106w, https:\/\/mybonnechance.de\/wp-content\/uploads\/2022\/08\/20220813_205024-scaled.jpg 1383w\" sizes=\"auto, (max-width: 553px) 100vw, 553px\" \/><\/figure>\n<\/div>\n\n\n\n<div class=\"wp-block-column is-layout-flow wp-block-column-is-layout-flow\">\n<figure class=\"wp-block-image size-large is-style-default\"><img loading=\"lazy\" decoding=\"async\" width=\"616\" height=\"1024\" src=\"https:\/\/mybonnechance.de\/wp-content\/uploads\/2022\/08\/20220813_204510-616x1024.jpg\" alt=\"\" class=\"wp-image-6264\" srcset=\"https:\/\/mybonnechance.de\/wp-content\/uploads\/2022\/08\/20220813_204510-616x1024.jpg 616w, https:\/\/mybonnechance.de\/wp-content\/uploads\/2022\/08\/20220813_204510-180x300.jpg 180w, https:\/\/mybonnechance.de\/wp-content\/uploads\/2022\/08\/20220813_204510-768x1277.jpg 768w, https:\/\/mybonnechance.de\/wp-content\/uploads\/2022\/08\/20220813_204510-923x1536.jpg 923w, https:\/\/mybonnechance.de\/wp-content\/uploads\/2022\/08\/20220813_204510-1231x2048.jpg 1231w, https:\/\/mybonnechance.de\/wp-content\/uploads\/2022\/08\/20220813_204510-scaled.jpg 1539w\" sizes=\"auto, (max-width: 616px) 100vw, 616px\" \/><\/figure>\n<\/div>\n\n\n\n<div class=\"wp-block-column is-layout-flow wp-block-column-is-layout-flow\">\n<figure class=\"wp-block-image size-large is-style-default\"><img loading=\"lazy\" decoding=\"async\" width=\"498\" height=\"1024\" src=\"https:\/\/mybonnechance.de\/wp-content\/uploads\/2022\/08\/20220813_204707-498x1024.jpg\" alt=\"\" class=\"wp-image-6265\" srcset=\"https:\/\/mybonnechance.de\/wp-content\/uploads\/2022\/08\/20220813_204707-498x1024.jpg 498w, https:\/\/mybonnechance.de\/wp-content\/uploads\/2022\/08\/20220813_204707-146x300.jpg 146w, https:\/\/mybonnechance.de\/wp-content\/uploads\/2022\/08\/20220813_204707-768x1580.jpg 768w, https:\/\/mybonnechance.de\/wp-content\/uploads\/2022\/08\/20220813_204707-747x1536.jpg 747w, https:\/\/mybonnechance.de\/wp-content\/uploads\/2022\/08\/20220813_204707-996x2048.jpg 996w, https:\/\/mybonnechance.de\/wp-content\/uploads\/2022\/08\/20220813_204707-scaled.jpg 1244w\" sizes=\"auto, (max-width: 498px) 100vw, 498px\" \/><\/figure>\n<\/div>\n<\/div>\n\n\n\n<p><br><br><\/p>\n\n\n","protected":false},"excerpt":{"rendered":"<p>Tag 48, Freitag 12. August Marrekrit Kop van Wiegersma &#8211; Earnewald, Passantenhaven1,3 km &#8211; 0,20 Std. FahrzeitSind nach der unglaublichen Strecken von 1,3 km und 20 min. in den Passantenhaven von Earnewald eingelaufen:-) Die Boxen sind von A-C gekennzeichnet, wobei man nach den Buchstaben bezahlt, egal wie gro\u00df man wirklich ist. Bei uns passt es &hellip; <\/p>\n<p class=\"link-more\"><a href=\"https:\/\/mybonnechance.de\/?page_id=6189\" class=\"more-link\"><span class=\"screen-reader-text\">\u201e2022-28 Earnewould \/ Earnewald\u201c<\/span> weiterlesen<\/a><\/p>\n","protected":false},"author":1,"featured_media":0,"parent":0,"menu_order":0,"comment_status":"closed","ping_status":"closed","template":"","meta":{"ngg_post_thumbnail":0,"footnotes":""},"class_list":["post-6189","page","type-page","status-publish","hentry"],"_links":{"self":[{"href":"https:\/\/mybonnechance.de\/index.php?rest_route=\/wp\/v2\/pages\/6189","targetHints":{"allow":["GET"]}}],"collection":[{"href":"https:\/\/mybonnechance.de\/index.php?rest_route=\/wp\/v2\/pages"}],"about":[{"href":"https:\/\/mybonnechance.de\/index.php?rest_route=\/wp\/v2\/types\/page"}],"author":[{"embeddable":true,"href":"https:\/\/mybonnechance.de\/index.php?rest_route=\/wp\/v2\/users\/1"}],"replies":[{"embeddable":true,"href":"https:\/\/mybonnechance.de\/index.php?rest_route=%2Fwp%2Fv2%2Fcomments&post=6189"}],"version-history":[{"count":10,"href":"https:\/\/mybonnechance.de\/index.php?rest_route=\/wp\/v2\/pages\/6189\/revisions"}],"predecessor-version":[{"id":6979,"href":"https:\/\/mybonnechance.de\/index.php?rest_route=\/wp\/v2\/pages\/6189\/revisions\/6979"}],"wp:attachment":[{"href":"https:\/\/mybonnechance.de\/index.php?rest_route=%2Fwp%2Fv2%2Fmedia&parent=6189"}],"curies":[{"name":"wp","href":"https:\/\/api.w.org\/{rel}","templated":true}]}}