{"id":6281,"date":"2022-08-19T12:05:45","date_gmt":"2022-08-19T12:05:45","guid":{"rendered":"https:\/\/mybonnechance.de\/?page_id=6281"},"modified":"2023-01-07T19:37:50","modified_gmt":"2023-01-07T19:37:50","slug":"2022-31-marrekrit-terherner-diep","status":"publish","type":"page","link":"https:\/\/mybonnechance.de\/?page_id=6281","title":{"rendered":"2022-31 Marrekrit Terherner Diep"},"content":{"rendered":"\n<p><strong>Tag 54, Donnerstag, 18.August     Jirnsum &#8211; Marrekrit Terherner Diep<\/strong>,<strong> Insel K\u00e4lde Maagen<\/strong><br>6,2 km  &#8211;&nbsp; 0,9 Fahrzeit<br>Nichts wie weg aus Jirnsum Richtung <strong>Terherner Diep<\/strong>. Das Wetter ist zwar bew\u00f6lkt, aber es regnet nicht, der Wind ist kaum sp\u00fcrbar und dadurch f\u00fchlt es sich auch etwas w\u00e4rmer an als gestern. Wir haben einen wundersch\u00f6nen Einzel Marrekritplatz im Terherner Diep gefunden. Dort gibt es Landzugang und auch einen Container<\/p>\n\n\n\n<div class=\"wp-block-columns is-layout-flex wp-container-core-columns-is-layout-9d6595d7 wp-block-columns-is-layout-flex\">\n<div class=\"wp-block-column is-layout-flow wp-block-column-is-layout-flow\">\n<figure class=\"wp-block-image size-large is-style-default\"><img loading=\"lazy\" decoding=\"async\" width=\"498\" height=\"1024\" src=\"https:\/\/mybonnechance.de\/wp-content\/uploads\/2022\/08\/20220818_145316-498x1024.jpg\" alt=\"\" class=\"wp-image-6317\" srcset=\"https:\/\/mybonnechance.de\/wp-content\/uploads\/2022\/08\/20220818_145316-498x1024.jpg 498w, https:\/\/mybonnechance.de\/wp-content\/uploads\/2022\/08\/20220818_145316-146x300.jpg 146w, https:\/\/mybonnechance.de\/wp-content\/uploads\/2022\/08\/20220818_145316-768x1580.jpg 768w, https:\/\/mybonnechance.de\/wp-content\/uploads\/2022\/08\/20220818_145316-747x1536.jpg 747w, https:\/\/mybonnechance.de\/wp-content\/uploads\/2022\/08\/20220818_145316-996x2048.jpg 996w, https:\/\/mybonnechance.de\/wp-content\/uploads\/2022\/08\/20220818_145316-scaled.jpg 1244w\" sizes=\"auto, (max-width: 498px) 100vw, 498px\" \/><\/figure>\n<\/div>\n\n\n\n<div class=\"wp-block-column is-layout-flow wp-block-column-is-layout-flow\">\n<figure class=\"wp-block-image size-large is-style-default\"><img loading=\"lazy\" decoding=\"async\" width=\"498\" height=\"1024\" src=\"https:\/\/mybonnechance.de\/wp-content\/uploads\/2022\/08\/20220818_145321-1-498x1024.jpg\" alt=\"\" class=\"wp-image-6320\" srcset=\"https:\/\/mybonnechance.de\/wp-content\/uploads\/2022\/08\/20220818_145321-1-498x1024.jpg 498w, https:\/\/mybonnechance.de\/wp-content\/uploads\/2022\/08\/20220818_145321-1-146x300.jpg 146w, https:\/\/mybonnechance.de\/wp-content\/uploads\/2022\/08\/20220818_145321-1-768x1580.jpg 768w, https:\/\/mybonnechance.de\/wp-content\/uploads\/2022\/08\/20220818_145321-1-747x1536.jpg 747w, https:\/\/mybonnechance.de\/wp-content\/uploads\/2022\/08\/20220818_145321-1-996x2048.jpg 996w, https:\/\/mybonnechance.de\/wp-content\/uploads\/2022\/08\/20220818_145321-1-scaled.jpg 1244w\" sizes=\"auto, (max-width: 498px) 100vw, 498px\" \/><\/figure>\n<\/div>\n\n\n\n<div class=\"wp-block-column is-layout-flow wp-block-column-is-layout-flow\">\n<figure class=\"wp-block-image size-large is-style-default\"><img loading=\"lazy\" decoding=\"async\" width=\"596\" height=\"1024\" src=\"https:\/\/mybonnechance.de\/wp-content\/uploads\/2022\/08\/20220818_150428-596x1024.jpg\" alt=\"\" class=\"wp-image-6319\" srcset=\"https:\/\/mybonnechance.de\/wp-content\/uploads\/2022\/08\/20220818_150428-596x1024.jpg 596w, https:\/\/mybonnechance.de\/wp-content\/uploads\/2022\/08\/20220818_150428-175x300.jpg 175w, https:\/\/mybonnechance.de\/wp-content\/uploads\/2022\/08\/20220818_150428-768x1319.jpg 768w, https:\/\/mybonnechance.de\/wp-content\/uploads\/2022\/08\/20220818_150428-894x1536.jpg 894w, https:\/\/mybonnechance.de\/wp-content\/uploads\/2022\/08\/20220818_150428-1192x2048.jpg 1192w, https:\/\/mybonnechance.de\/wp-content\/uploads\/2022\/08\/20220818_150428-scaled.jpg 1491w\" sizes=\"auto, (max-width: 596px) 100vw, 596px\" \/><\/figure>\n<\/div>\n<\/div>\n\n\n\n<div class=\"wp-block-columns is-layout-flex wp-container-core-columns-is-layout-9d6595d7 wp-block-columns-is-layout-flex\">\n<div class=\"wp-block-column is-layout-flow wp-block-column-is-layout-flow\">\n<figure class=\"wp-block-image size-large is-style-default\"><img loading=\"lazy\" decoding=\"async\" width=\"498\" height=\"1024\" src=\"https:\/\/mybonnechance.de\/wp-content\/uploads\/2022\/08\/20220818_202841-498x1024.jpg\" alt=\"\" class=\"wp-image-6321\" srcset=\"https:\/\/mybonnechance.de\/wp-content\/uploads\/2022\/08\/20220818_202841-498x1024.jpg 498w, https:\/\/mybonnechance.de\/wp-content\/uploads\/2022\/08\/20220818_202841-146x300.jpg 146w, https:\/\/mybonnechance.de\/wp-content\/uploads\/2022\/08\/20220818_202841-768x1580.jpg 768w, https:\/\/mybonnechance.de\/wp-content\/uploads\/2022\/08\/20220818_202841-747x1536.jpg 747w, https:\/\/mybonnechance.de\/wp-content\/uploads\/2022\/08\/20220818_202841-996x2048.jpg 996w, https:\/\/mybonnechance.de\/wp-content\/uploads\/2022\/08\/20220818_202841-scaled.jpg 1244w\" sizes=\"auto, (max-width: 498px) 100vw, 498px\" \/><\/figure>\n<\/div>\n\n\n\n<div class=\"wp-block-column is-layout-flow wp-block-column-is-layout-flow\">\n<figure class=\"wp-block-image size-large is-style-default\"><img loading=\"lazy\" decoding=\"async\" width=\"498\" height=\"1024\" src=\"https:\/\/mybonnechance.de\/wp-content\/uploads\/2022\/08\/20220818_203559-498x1024.jpg\" alt=\"\" class=\"wp-image-6323\" srcset=\"https:\/\/mybonnechance.de\/wp-content\/uploads\/2022\/08\/20220818_203559-498x1024.jpg 498w, https:\/\/mybonnechance.de\/wp-content\/uploads\/2022\/08\/20220818_203559-146x300.jpg 146w, https:\/\/mybonnechance.de\/wp-content\/uploads\/2022\/08\/20220818_203559-768x1580.jpg 768w, https:\/\/mybonnechance.de\/wp-content\/uploads\/2022\/08\/20220818_203559-747x1536.jpg 747w, https:\/\/mybonnechance.de\/wp-content\/uploads\/2022\/08\/20220818_203559-996x2048.jpg 996w, https:\/\/mybonnechance.de\/wp-content\/uploads\/2022\/08\/20220818_203559-scaled.jpg 1244w\" sizes=\"auto, (max-width: 498px) 100vw, 498px\" \/><\/figure>\n<\/div>\n\n\n\n<div class=\"wp-block-column is-layout-flow wp-block-column-is-layout-flow\">\n<figure class=\"wp-block-image size-large is-style-default\"><img loading=\"lazy\" decoding=\"async\" width=\"498\" height=\"1024\" src=\"https:\/\/mybonnechance.de\/wp-content\/uploads\/2022\/08\/20220818_204337_002-498x1024.jpg\" alt=\"\" class=\"wp-image-6322\" srcset=\"https:\/\/mybonnechance.de\/wp-content\/uploads\/2022\/08\/20220818_204337_002-498x1024.jpg 498w, https:\/\/mybonnechance.de\/wp-content\/uploads\/2022\/08\/20220818_204337_002-146x300.jpg 146w, https:\/\/mybonnechance.de\/wp-content\/uploads\/2022\/08\/20220818_204337_002-768x1580.jpg 768w, https:\/\/mybonnechance.de\/wp-content\/uploads\/2022\/08\/20220818_204337_002-747x1536.jpg 747w, https:\/\/mybonnechance.de\/wp-content\/uploads\/2022\/08\/20220818_204337_002-996x2048.jpg 996w, https:\/\/mybonnechance.de\/wp-content\/uploads\/2022\/08\/20220818_204337_002-scaled.jpg 1244w\" sizes=\"auto, (max-width: 498px) 100vw, 498px\" \/><\/figure>\n<\/div>\n<\/div>\n\n\n\n<p><strong>Tag 55, Freitag, 19.August<\/strong><br>Grad noch geschafft mich in die Fluten zu st\u00fcrzen, bevor der gro\u00dfe Regen kam. Der war zwar angesagt, aber dann doch nicht in der Heftigkeit und L\u00e4nge. Na gut, die Natur braucht es.<\/p>\n\n\n\n<p><strong>Tag 56, Samstag, 20.August<\/strong><br>Es ziehen zwar immer mal wieder Wolken durch, aber es bleibt trocken und sonnig. Obwohl sich das Wasser auch abgek\u00fchlt hat, muss ich die Gelegenheit nochmal nutzen um zu schwimmen. Es ist einfach herrlich hier und ich will gar nicht mehr weg.<\/p>\n\n\n\n<pre class=\"wp-block-code\"><code><a href=\"https:\/\/mybonnechance.de\/?page_id=6420\" data-type=\"URL\" data-id=\"https:\/\/mybonnechance.de\/?page_id=6420\">Vorw\u00e4rts<\/a>\n<\/code><\/pre>\n","protected":false},"excerpt":{"rendered":"<p>Tag 54, Donnerstag, 18.August Jirnsum &#8211; Marrekrit Terherner Diep, Insel K\u00e4lde Maagen6,2 km &#8211;&nbsp; 0,9 FahrzeitNichts wie weg aus Jirnsum Richtung Terherner Diep. Das Wetter ist zwar bew\u00f6lkt, aber es regnet nicht, der Wind ist kaum sp\u00fcrbar und dadurch f\u00fchlt es sich auch etwas w\u00e4rmer an als gestern. Wir haben einen wundersch\u00f6nen Einzel Marrekritplatz im &hellip; <\/p>\n<p class=\"link-more\"><a href=\"https:\/\/mybonnechance.de\/?page_id=6281\" class=\"more-link\"><span class=\"screen-reader-text\">\u201e2022-31 Marrekrit Terherner Diep\u201c<\/span> weiterlesen<\/a><\/p>\n","protected":false},"author":2,"featured_media":0,"parent":0,"menu_order":0,"comment_status":"closed","ping_status":"closed","template":"","meta":{"ngg_post_thumbnail":0,"footnotes":""},"class_list":["post-6281","page","type-page","status-publish","hentry"],"_links":{"self":[{"href":"https:\/\/mybonnechance.de\/index.php?rest_route=\/wp\/v2\/pages\/6281","targetHints":{"allow":["GET"]}}],"collection":[{"href":"https:\/\/mybonnechance.de\/index.php?rest_route=\/wp\/v2\/pages"}],"about":[{"href":"https:\/\/mybonnechance.de\/index.php?rest_route=\/wp\/v2\/types\/page"}],"author":[{"embeddable":true,"href":"https:\/\/mybonnechance.de\/index.php?rest_route=\/wp\/v2\/users\/2"}],"replies":[{"embeddable":true,"href":"https:\/\/mybonnechance.de\/index.php?rest_route=%2Fwp%2Fv2%2Fcomments&post=6281"}],"version-history":[{"count":11,"href":"https:\/\/mybonnechance.de\/index.php?rest_route=\/wp\/v2\/pages\/6281\/revisions"}],"predecessor-version":[{"id":6982,"href":"https:\/\/mybonnechance.de\/index.php?rest_route=\/wp\/v2\/pages\/6281\/revisions\/6982"}],"wp:attachment":[{"href":"https:\/\/mybonnechance.de\/index.php?rest_route=%2Fwp%2Fv2%2Fmedia&parent=6281"}],"curies":[{"name":"wp","href":"https:\/\/api.w.org\/{rel}","templated":true}]}}