{"id":6335,"date":"2022-09-03T07:15:08","date_gmt":"2022-09-03T07:15:08","guid":{"rendered":"https:\/\/mybonnechance.de\/?page_id=6335"},"modified":"2023-01-07T19:43:51","modified_gmt":"2023-01-07T19:43:51","slug":"2022-33-langehoekse-polle","status":"publish","type":"page","link":"https:\/\/mybonnechance.de\/?page_id=6335","title":{"rendered":"2022-35 Langehoekse Polle"},"content":{"rendered":"\n<p><strong>Tag 65,  Montag, 29.August, <\/strong> <strong>  Joure<\/strong> <strong>&#8211; Langhoekse Poller (Fluezsee<\/strong>)<br>18,9 km &#8211;\u00a0 2 Br\u00fccken &#8211; 2,5 Fahrzeit<br>Wir liegen im Flueszee am<strong> Langerhoekse Poller<\/strong> am Au\u00dfensteg.  Man merkt das Feriende \u2013 es ist relativ leer. <\/p>\n\n\n\n<div class=\"wp-block-columns is-layout-flex wp-container-core-columns-is-layout-9d6595d7 wp-block-columns-is-layout-flex\">\n<div class=\"wp-block-column is-layout-flow wp-block-column-is-layout-flow\" style=\"flex-basis:66.66%\">\n<figure class=\"wp-block-image size-large is-style-default\"><img loading=\"lazy\" decoding=\"async\" width=\"1024\" height=\"498\" src=\"https:\/\/mybonnechance.de\/wp-content\/uploads\/2022\/12\/20220830_131841-1024x498.jpg\" alt=\"\" class=\"wp-image-6561\" srcset=\"https:\/\/mybonnechance.de\/wp-content\/uploads\/2022\/12\/20220830_131841-1024x498.jpg 1024w, https:\/\/mybonnechance.de\/wp-content\/uploads\/2022\/12\/20220830_131841-300x146.jpg 300w, https:\/\/mybonnechance.de\/wp-content\/uploads\/2022\/12\/20220830_131841-768x373.jpg 768w, https:\/\/mybonnechance.de\/wp-content\/uploads\/2022\/12\/20220830_131841-1536x747.jpg 1536w, https:\/\/mybonnechance.de\/wp-content\/uploads\/2022\/12\/20220830_131841-2048x996.jpg 2048w\" sizes=\"auto, (max-width: 767px) 89vw, (max-width: 1000px) 54vw, (max-width: 1071px) 543px, 580px\" \/><\/figure>\n\n\n\n<p>Leider warten wir am Abend vergeblich auf das Pommesboot. Wahrscheinlich wird der Service, genau wie der Br\u00f6tchenservice, nur in der Hochsaison angeboten.<\/p>\n<\/div>\n\n\n\n<div class=\"wp-block-column is-layout-flow wp-block-column-is-layout-flow\" style=\"flex-basis:33.33%\">\n<figure class=\"wp-block-image size-large is-style-default\"><img loading=\"lazy\" decoding=\"async\" width=\"498\" height=\"1024\" src=\"https:\/\/mybonnechance.de\/wp-content\/uploads\/2022\/12\/20220830_131050-498x1024.jpg\" alt=\"\" class=\"wp-image-6562\" srcset=\"https:\/\/mybonnechance.de\/wp-content\/uploads\/2022\/12\/20220830_131050-498x1024.jpg 498w, https:\/\/mybonnechance.de\/wp-content\/uploads\/2022\/12\/20220830_131050-146x300.jpg 146w, https:\/\/mybonnechance.de\/wp-content\/uploads\/2022\/12\/20220830_131050-768x1580.jpg 768w, https:\/\/mybonnechance.de\/wp-content\/uploads\/2022\/12\/20220830_131050-747x1536.jpg 747w, https:\/\/mybonnechance.de\/wp-content\/uploads\/2022\/12\/20220830_131050-996x2048.jpg 996w, https:\/\/mybonnechance.de\/wp-content\/uploads\/2022\/12\/20220830_131050-scaled.jpg 1244w\" sizes=\"auto, (max-width: 498px) 100vw, 498px\" \/><\/figure>\n<\/div>\n<\/div>\n\n\n\n<p><strong>Tag 66,  Dienstag, 30.August<\/strong><br>Machen einen Spaziergang \u00fcber die Insel und stellen fest, da\u00df es jetzt sogar einen Sandstrand gibt. <\/p>\n\n\n\n<div class=\"wp-block-columns is-layout-flex wp-container-core-columns-is-layout-9d6595d7 wp-block-columns-is-layout-flex\">\n<div class=\"wp-block-column is-layout-flow wp-block-column-is-layout-flow\">\n<figure class=\"wp-block-image size-large is-style-default\"><img loading=\"lazy\" decoding=\"async\" width=\"498\" height=\"1024\" src=\"https:\/\/mybonnechance.de\/wp-content\/uploads\/2022\/12\/20220830_131501-498x1024.jpg\" alt=\"\" class=\"wp-image-6564\" srcset=\"https:\/\/mybonnechance.de\/wp-content\/uploads\/2022\/12\/20220830_131501-498x1024.jpg 498w, https:\/\/mybonnechance.de\/wp-content\/uploads\/2022\/12\/20220830_131501-146x300.jpg 146w, https:\/\/mybonnechance.de\/wp-content\/uploads\/2022\/12\/20220830_131501-768x1580.jpg 768w, https:\/\/mybonnechance.de\/wp-content\/uploads\/2022\/12\/20220830_131501-747x1536.jpg 747w, https:\/\/mybonnechance.de\/wp-content\/uploads\/2022\/12\/20220830_131501-996x2048.jpg 996w, https:\/\/mybonnechance.de\/wp-content\/uploads\/2022\/12\/20220830_131501-scaled.jpg 1244w\" sizes=\"auto, (max-width: 498px) 100vw, 498px\" \/><\/figure>\n<\/div>\n\n\n\n<div class=\"wp-block-column is-layout-flow wp-block-column-is-layout-flow\">\n<figure class=\"wp-block-image size-large is-style-default\"><img loading=\"lazy\" decoding=\"async\" width=\"498\" height=\"1024\" src=\"https:\/\/mybonnechance.de\/wp-content\/uploads\/2022\/12\/20220830_131506-498x1024.jpg\" alt=\"\" class=\"wp-image-6566\" srcset=\"https:\/\/mybonnechance.de\/wp-content\/uploads\/2022\/12\/20220830_131506-498x1024.jpg 498w, https:\/\/mybonnechance.de\/wp-content\/uploads\/2022\/12\/20220830_131506-146x300.jpg 146w, https:\/\/mybonnechance.de\/wp-content\/uploads\/2022\/12\/20220830_131506-768x1580.jpg 768w, https:\/\/mybonnechance.de\/wp-content\/uploads\/2022\/12\/20220830_131506-747x1536.jpg 747w, https:\/\/mybonnechance.de\/wp-content\/uploads\/2022\/12\/20220830_131506-996x2048.jpg 996w, https:\/\/mybonnechance.de\/wp-content\/uploads\/2022\/12\/20220830_131506-scaled.jpg 1244w\" sizes=\"auto, (max-width: 498px) 100vw, 498px\" \/><\/figure>\n<\/div>\n\n\n\n<div class=\"wp-block-column is-layout-flow wp-block-column-is-layout-flow\">\n<figure class=\"wp-block-image size-large is-style-default\"><img loading=\"lazy\" decoding=\"async\" width=\"498\" height=\"1024\" src=\"https:\/\/mybonnechance.de\/wp-content\/uploads\/2022\/12\/20220831_133157-498x1024.jpg\" alt=\"\" class=\"wp-image-6565\" srcset=\"https:\/\/mybonnechance.de\/wp-content\/uploads\/2022\/12\/20220831_133157-498x1024.jpg 498w, https:\/\/mybonnechance.de\/wp-content\/uploads\/2022\/12\/20220831_133157-146x300.jpg 146w, https:\/\/mybonnechance.de\/wp-content\/uploads\/2022\/12\/20220831_133157-768x1580.jpg 768w, https:\/\/mybonnechance.de\/wp-content\/uploads\/2022\/12\/20220831_133157-747x1536.jpg 747w, https:\/\/mybonnechance.de\/wp-content\/uploads\/2022\/12\/20220831_133157-996x2048.jpg 996w, https:\/\/mybonnechance.de\/wp-content\/uploads\/2022\/12\/20220831_133157-scaled.jpg 1244w\" sizes=\"auto, (max-width: 498px) 100vw, 498px\" \/><\/figure>\n<\/div>\n<\/div>\n\n\n\n<div class=\"wp-block-columns is-layout-flex wp-container-core-columns-is-layout-9d6595d7 wp-block-columns-is-layout-flex\">\n<div class=\"wp-block-column is-layout-flow wp-block-column-is-layout-flow\">\n<figure class=\"wp-block-image size-large is-style-default\"><img loading=\"lazy\" decoding=\"async\" width=\"498\" height=\"1024\" src=\"https:\/\/mybonnechance.de\/wp-content\/uploads\/2022\/12\/20220831_133157-1-498x1024.jpg\" alt=\"\" class=\"wp-image-6574\" srcset=\"https:\/\/mybonnechance.de\/wp-content\/uploads\/2022\/12\/20220831_133157-1-498x1024.jpg 498w, https:\/\/mybonnechance.de\/wp-content\/uploads\/2022\/12\/20220831_133157-1-146x300.jpg 146w, https:\/\/mybonnechance.de\/wp-content\/uploads\/2022\/12\/20220831_133157-1-768x1580.jpg 768w, https:\/\/mybonnechance.de\/wp-content\/uploads\/2022\/12\/20220831_133157-1-747x1536.jpg 747w, https:\/\/mybonnechance.de\/wp-content\/uploads\/2022\/12\/20220831_133157-1-996x2048.jpg 996w, https:\/\/mybonnechance.de\/wp-content\/uploads\/2022\/12\/20220831_133157-1-scaled.jpg 1244w\" sizes=\"auto, (max-width: 498px) 100vw, 498px\" \/><\/figure>\n<\/div>\n\n\n\n<div class=\"wp-block-column is-layout-flow wp-block-column-is-layout-flow\">\n<figure class=\"wp-block-image size-large is-style-default\"><img loading=\"lazy\" decoding=\"async\" width=\"498\" height=\"1024\" src=\"https:\/\/mybonnechance.de\/wp-content\/uploads\/2022\/12\/20220831_110834-1-498x1024.jpg\" alt=\"\" class=\"wp-image-6575\" srcset=\"https:\/\/mybonnechance.de\/wp-content\/uploads\/2022\/12\/20220831_110834-1-498x1024.jpg 498w, https:\/\/mybonnechance.de\/wp-content\/uploads\/2022\/12\/20220831_110834-1-146x300.jpg 146w, https:\/\/mybonnechance.de\/wp-content\/uploads\/2022\/12\/20220831_110834-1-768x1580.jpg 768w, https:\/\/mybonnechance.de\/wp-content\/uploads\/2022\/12\/20220831_110834-1-747x1536.jpg 747w, https:\/\/mybonnechance.de\/wp-content\/uploads\/2022\/12\/20220831_110834-1-996x2048.jpg 996w, https:\/\/mybonnechance.de\/wp-content\/uploads\/2022\/12\/20220831_110834-1-scaled.jpg 1244w\" sizes=\"auto, (max-width: 498px) 100vw, 498px\" \/><\/figure>\n<\/div>\n\n\n\n<div class=\"wp-block-column is-layout-flow wp-block-column-is-layout-flow\">\n<figure class=\"wp-block-image size-large is-style-default\"><img loading=\"lazy\" decoding=\"async\" width=\"498\" height=\"1024\" src=\"https:\/\/mybonnechance.de\/wp-content\/uploads\/2022\/12\/20220830_103623-498x1024.jpg\" alt=\"\" class=\"wp-image-6576\" srcset=\"https:\/\/mybonnechance.de\/wp-content\/uploads\/2022\/12\/20220830_103623-498x1024.jpg 498w, https:\/\/mybonnechance.de\/wp-content\/uploads\/2022\/12\/20220830_103623-146x300.jpg 146w, https:\/\/mybonnechance.de\/wp-content\/uploads\/2022\/12\/20220830_103623-768x1580.jpg 768w, https:\/\/mybonnechance.de\/wp-content\/uploads\/2022\/12\/20220830_103623-747x1536.jpg 747w, https:\/\/mybonnechance.de\/wp-content\/uploads\/2022\/12\/20220830_103623-996x2048.jpg 996w, https:\/\/mybonnechance.de\/wp-content\/uploads\/2022\/12\/20220830_103623-scaled.jpg 1244w\" sizes=\"auto, (max-width: 498px) 100vw, 498px\" \/><\/figure>\n<\/div>\n<\/div>\n\n\n\n<p>Leider l\u00e4\u00dft das windige Wetter kein Baden oder Sonnen zu. Wir \u00fcberlegen nach innen zu fahren \u2013 ist doch etwas gesch\u00fctzter. Gesagt \u2013 getan.  Es ist noch genug Platz dort, am Abend gibt es einen sch\u00f6nen Sonnenuntergang.<\/p>\n\n\n\n<figure class=\"wp-block-gallery has-nested-images columns-default is-cropped wp-block-gallery-1 is-layout-flex wp-block-gallery-is-layout-flex\">\n<figure class=\"wp-block-image size-large is-style-default\"><img loading=\"lazy\" decoding=\"async\" width=\"1024\" height=\"498\" data-id=\"6578\" src=\"https:\/\/mybonnechance.de\/wp-content\/uploads\/2022\/12\/20220830_105808-1024x498.jpg\" alt=\"\" class=\"wp-image-6578\" srcset=\"https:\/\/mybonnechance.de\/wp-content\/uploads\/2022\/12\/20220830_105808-1024x498.jpg 1024w, https:\/\/mybonnechance.de\/wp-content\/uploads\/2022\/12\/20220830_105808-300x146.jpg 300w, https:\/\/mybonnechance.de\/wp-content\/uploads\/2022\/12\/20220830_105808-768x373.jpg 768w, https:\/\/mybonnechance.de\/wp-content\/uploads\/2022\/12\/20220830_105808-1536x747.jpg 1536w, https:\/\/mybonnechance.de\/wp-content\/uploads\/2022\/12\/20220830_105808-2048x996.jpg 2048w\" sizes=\"auto, (max-width: 767px) 89vw, (max-width: 1000px) 54vw, (max-width: 1071px) 543px, 580px\" \/><\/figure>\n<\/figure>\n\n\n\n<div class=\"wp-block-columns is-layout-flex wp-container-core-columns-is-layout-9d6595d7 wp-block-columns-is-layout-flex\">\n<div class=\"wp-block-column is-layout-flow wp-block-column-is-layout-flow\">\n<figure class=\"wp-block-image size-large is-style-default\"><img loading=\"lazy\" decoding=\"async\" width=\"498\" height=\"1024\" src=\"https:\/\/mybonnechance.de\/wp-content\/uploads\/2022\/12\/20220830_071025-498x1024.jpg\" alt=\"\" class=\"wp-image-6584\" srcset=\"https:\/\/mybonnechance.de\/wp-content\/uploads\/2022\/12\/20220830_071025-498x1024.jpg 498w, https:\/\/mybonnechance.de\/wp-content\/uploads\/2022\/12\/20220830_071025-146x300.jpg 146w, https:\/\/mybonnechance.de\/wp-content\/uploads\/2022\/12\/20220830_071025-768x1580.jpg 768w, https:\/\/mybonnechance.de\/wp-content\/uploads\/2022\/12\/20220830_071025-747x1536.jpg 747w, https:\/\/mybonnechance.de\/wp-content\/uploads\/2022\/12\/20220830_071025-996x2048.jpg 996w, https:\/\/mybonnechance.de\/wp-content\/uploads\/2022\/12\/20220830_071025-scaled.jpg 1244w\" sizes=\"auto, (max-width: 498px) 100vw, 498px\" \/><\/figure>\n<\/div>\n\n\n\n<div class=\"wp-block-column is-layout-flow wp-block-column-is-layout-flow\">\n<figure class=\"wp-block-image size-large is-style-default\"><img loading=\"lazy\" decoding=\"async\" width=\"498\" height=\"1024\" src=\"https:\/\/mybonnechance.de\/wp-content\/uploads\/2022\/12\/20220830_202112-498x1024.jpg\" alt=\"\" class=\"wp-image-6583\" srcset=\"https:\/\/mybonnechance.de\/wp-content\/uploads\/2022\/12\/20220830_202112-498x1024.jpg 498w, https:\/\/mybonnechance.de\/wp-content\/uploads\/2022\/12\/20220830_202112-146x300.jpg 146w, https:\/\/mybonnechance.de\/wp-content\/uploads\/2022\/12\/20220830_202112-768x1580.jpg 768w, https:\/\/mybonnechance.de\/wp-content\/uploads\/2022\/12\/20220830_202112-747x1536.jpg 747w, https:\/\/mybonnechance.de\/wp-content\/uploads\/2022\/12\/20220830_202112-996x2048.jpg 996w, https:\/\/mybonnechance.de\/wp-content\/uploads\/2022\/12\/20220830_202112-scaled.jpg 1244w\" sizes=\"auto, (max-width: 498px) 100vw, 498px\" \/><\/figure>\n<\/div>\n\n\n\n<div class=\"wp-block-column is-layout-flow wp-block-column-is-layout-flow\">\n<figure class=\"wp-block-image size-large is-style-default\"><img loading=\"lazy\" decoding=\"async\" width=\"498\" height=\"1024\" src=\"https:\/\/mybonnechance.de\/wp-content\/uploads\/2022\/12\/20220830_204944-498x1024.jpg\" alt=\"\" class=\"wp-image-6585\" srcset=\"https:\/\/mybonnechance.de\/wp-content\/uploads\/2022\/12\/20220830_204944-498x1024.jpg 498w, https:\/\/mybonnechance.de\/wp-content\/uploads\/2022\/12\/20220830_204944-146x300.jpg 146w, https:\/\/mybonnechance.de\/wp-content\/uploads\/2022\/12\/20220830_204944-768x1580.jpg 768w, https:\/\/mybonnechance.de\/wp-content\/uploads\/2022\/12\/20220830_204944-747x1536.jpg 747w, https:\/\/mybonnechance.de\/wp-content\/uploads\/2022\/12\/20220830_204944-996x2048.jpg 996w, https:\/\/mybonnechance.de\/wp-content\/uploads\/2022\/12\/20220830_204944-scaled.jpg 1244w\" sizes=\"auto, (max-width: 498px) 100vw, 498px\" \/><\/figure>\n<\/div>\n<\/div>\n\n\n\n<p><strong><strong>Tag 67, Mittwoch, 31.August<\/strong><\/strong><br>Der Wind nimmt weiter zu, inzwischen Windst\u00e4rke 5-6 BF. Immer mehr Schiffe suchen Zuflucht in der gesch\u00fctzteren Bucht. Stephan geht es nicht besonders gut, ziemlicher Schwindel wie bei Seekrank, aber das glauben wir nicht wirklich. Wahrscheinlich eher hervorgerufen durch massive Verspannung im Nacken.  <\/p>\n\n\n\n\n\n<p><br><\/p>\n","protected":false},"excerpt":{"rendered":"<p>Tag 65, Montag, 29.August, Joure &#8211; Langhoekse Poller (Fluezsee)18,9 km &#8211;\u00a0 2 Br\u00fccken &#8211; 2,5 FahrzeitWir liegen im Flueszee am Langerhoekse Poller am Au\u00dfensteg. Man merkt das Feriende \u2013 es ist relativ leer. Leider warten wir am Abend vergeblich auf das Pommesboot. Wahrscheinlich wird der Service, genau wie der Br\u00f6tchenservice, nur in der Hochsaison angeboten. &hellip; <\/p>\n<p class=\"link-more\"><a href=\"https:\/\/mybonnechance.de\/?page_id=6335\" class=\"more-link\"><span class=\"screen-reader-text\">\u201e2022-35 Langehoekse Polle\u201c<\/span> weiterlesen<\/a><\/p>\n","protected":false},"author":2,"featured_media":0,"parent":0,"menu_order":0,"comment_status":"closed","ping_status":"closed","template":"","meta":{"ngg_post_thumbnail":0,"footnotes":""},"class_list":["post-6335","page","type-page","status-publish","hentry"],"_links":{"self":[{"href":"https:\/\/mybonnechance.de\/index.php?rest_route=\/wp\/v2\/pages\/6335","targetHints":{"allow":["GET"]}}],"collection":[{"href":"https:\/\/mybonnechance.de\/index.php?rest_route=\/wp\/v2\/pages"}],"about":[{"href":"https:\/\/mybonnechance.de\/index.php?rest_route=\/wp\/v2\/types\/page"}],"author":[{"embeddable":true,"href":"https:\/\/mybonnechance.de\/index.php?rest_route=\/wp\/v2\/users\/2"}],"replies":[{"embeddable":true,"href":"https:\/\/mybonnechance.de\/index.php?rest_route=%2Fwp%2Fv2%2Fcomments&post=6335"}],"version-history":[{"count":6,"href":"https:\/\/mybonnechance.de\/index.php?rest_route=\/wp\/v2\/pages\/6335\/revisions"}],"predecessor-version":[{"id":6989,"href":"https:\/\/mybonnechance.de\/index.php?rest_route=\/wp\/v2\/pages\/6335\/revisions\/6989"}],"wp:attachment":[{"href":"https:\/\/mybonnechance.de\/index.php?rest_route=%2Fwp%2Fv2%2Fmedia&parent=6335"}],"curies":[{"name":"wp","href":"https:\/\/api.w.org\/{rel}","templated":true}]}}