{"id":6340,"date":"2022-09-03T07:18:59","date_gmt":"2022-09-03T07:18:59","guid":{"rendered":"https:\/\/mybonnechance.de\/?page_id=6340"},"modified":"2023-01-07T19:46:25","modified_gmt":"2023-01-07T19:46:25","slug":"2022-35-echtenerbrug","status":"publish","type":"page","link":"https:\/\/mybonnechance.de\/?page_id=6340","title":{"rendered":"2022-37 Echtenerbrug"},"content":{"rendered":"\n<p><strong>Tag 69, Freitag, 02. September,<\/strong>   <strong>Insel<\/strong> <strong>Marchepole<\/strong> <strong>&#8211; Echternerbrug<\/strong>, <strong>Hafen de Meerenpoort<\/strong><br>2,8 km \u2013\u00a0 0,5 Fahrzeit<br>Leider wird nichts aus einem weiteren Inseltag. Stephan hat wieder Schwindel und m\u00f6chte lieber an Land. Er meint, es w\u00e4re vielleicht doch etwas Seekrankheit. Ich denke nicht, aber in <strong>Echternbrug <\/strong>gibt es auch einen Arzt, falls es schlimmer wird. Vor der Einfahrt in die Stadt m\u00fcssen wir wieder den in Friesland obligatorischen Holzschuh &#8222;bedienen&#8220;. Wir machen im <strong>Hafen Merenpoort<\/strong> fest. Es gibt dort h\u00fcbsche Dekosachen im Hafenb\u00fcro, es gibt auch <strong>Werft und Schiffsausr\u00fcster.<\/strong><\/p>\n\n\n\n<div class=\"wp-block-columns is-layout-flex wp-container-core-columns-is-layout-9d6595d7 wp-block-columns-is-layout-flex\">\n<div class=\"wp-block-column is-layout-flow wp-block-column-is-layout-flow\">\n<figure class=\"wp-block-image size-large is-style-default\"><img loading=\"lazy\" decoding=\"async\" width=\"616\" height=\"1024\" src=\"https:\/\/mybonnechance.de\/wp-content\/uploads\/2023\/01\/20220903_095958-616x1024.jpg\" alt=\"\" class=\"wp-image-6898\" srcset=\"https:\/\/mybonnechance.de\/wp-content\/uploads\/2023\/01\/20220903_095958-616x1024.jpg 616w, https:\/\/mybonnechance.de\/wp-content\/uploads\/2023\/01\/20220903_095958-181x300.jpg 181w, https:\/\/mybonnechance.de\/wp-content\/uploads\/2023\/01\/20220903_095958-768x1276.jpg 768w, https:\/\/mybonnechance.de\/wp-content\/uploads\/2023\/01\/20220903_095958-925x1536.jpg 925w, https:\/\/mybonnechance.de\/wp-content\/uploads\/2023\/01\/20220903_095958-1233x2048.jpg 1233w, https:\/\/mybonnechance.de\/wp-content\/uploads\/2023\/01\/20220903_095958-scaled.jpg 1541w\" sizes=\"auto, (max-width: 616px) 100vw, 616px\" \/><\/figure>\n<\/div>\n\n\n\n<div class=\"wp-block-column is-layout-flow wp-block-column-is-layout-flow\">\n<figure class=\"wp-block-image size-large is-style-default\"><img loading=\"lazy\" decoding=\"async\" width=\"498\" height=\"1024\" src=\"https:\/\/mybonnechance.de\/wp-content\/uploads\/2022\/12\/20220903_093240-498x1024.jpg\" alt=\"\" class=\"wp-image-6613\" srcset=\"https:\/\/mybonnechance.de\/wp-content\/uploads\/2022\/12\/20220903_093240-498x1024.jpg 498w, https:\/\/mybonnechance.de\/wp-content\/uploads\/2022\/12\/20220903_093240-146x300.jpg 146w, https:\/\/mybonnechance.de\/wp-content\/uploads\/2022\/12\/20220903_093240-768x1580.jpg 768w, https:\/\/mybonnechance.de\/wp-content\/uploads\/2022\/12\/20220903_093240-747x1536.jpg 747w, https:\/\/mybonnechance.de\/wp-content\/uploads\/2022\/12\/20220903_093240-996x2048.jpg 996w, https:\/\/mybonnechance.de\/wp-content\/uploads\/2022\/12\/20220903_093240-scaled.jpg 1244w\" sizes=\"auto, (max-width: 498px) 100vw, 498px\" \/><\/figure>\n<\/div>\n\n\n\n<div class=\"wp-block-column is-layout-flow wp-block-column-is-layout-flow\">\n<figure class=\"wp-block-image size-large is-style-default\"><img loading=\"lazy\" decoding=\"async\" width=\"498\" height=\"1024\" src=\"https:\/\/mybonnechance.de\/wp-content\/uploads\/2022\/12\/20220902_195008-498x1024.jpg\" alt=\"\" class=\"wp-image-6614\" srcset=\"https:\/\/mybonnechance.de\/wp-content\/uploads\/2022\/12\/20220902_195008-498x1024.jpg 498w, https:\/\/mybonnechance.de\/wp-content\/uploads\/2022\/12\/20220902_195008-146x300.jpg 146w, https:\/\/mybonnechance.de\/wp-content\/uploads\/2022\/12\/20220902_195008-768x1580.jpg 768w, https:\/\/mybonnechance.de\/wp-content\/uploads\/2022\/12\/20220902_195008-747x1536.jpg 747w, https:\/\/mybonnechance.de\/wp-content\/uploads\/2022\/12\/20220902_195008-996x2048.jpg 996w, https:\/\/mybonnechance.de\/wp-content\/uploads\/2022\/12\/20220902_195008-scaled.jpg 1244w\" sizes=\"auto, (max-width: 498px) 100vw, 498px\" \/><\/figure>\n<\/div>\n<\/div>\n\n\n\n<p><br>Danach Rundgang durchs das St\u00e4dtchen bzw. es sind eigentlich zwei, getrennt durch einen Kanal. Beide haben nicht viel zu bieten au\u00dfer einer langen Stra\u00dfe. Ein Modegesch\u00e4ft und allgemeiner Einkaufsladen m. <strong>Dekol\u00e4dchen in Delfstrahlhuizen und ein Spar in Echternerbrug.<\/strong>  Nett ist ein Restaurant mit kleiner Wiese und Enten drauf.<\/p>\n\n\n\n<div class=\"wp-block-columns is-layout-flex wp-container-core-columns-is-layout-9d6595d7 wp-block-columns-is-layout-flex\">\n<div class=\"wp-block-column is-layout-flow wp-block-column-is-layout-flow\">\n<figure class=\"wp-block-image size-large is-style-default\"><img loading=\"lazy\" decoding=\"async\" width=\"498\" height=\"1024\" src=\"https:\/\/mybonnechance.de\/wp-content\/uploads\/2022\/12\/20220902_122838-498x1024.jpg\" alt=\"\" class=\"wp-image-6615\" srcset=\"https:\/\/mybonnechance.de\/wp-content\/uploads\/2022\/12\/20220902_122838-498x1024.jpg 498w, https:\/\/mybonnechance.de\/wp-content\/uploads\/2022\/12\/20220902_122838-146x300.jpg 146w, https:\/\/mybonnechance.de\/wp-content\/uploads\/2022\/12\/20220902_122838-768x1580.jpg 768w, https:\/\/mybonnechance.de\/wp-content\/uploads\/2022\/12\/20220902_122838-747x1536.jpg 747w, https:\/\/mybonnechance.de\/wp-content\/uploads\/2022\/12\/20220902_122838-996x2048.jpg 996w, https:\/\/mybonnechance.de\/wp-content\/uploads\/2022\/12\/20220902_122838-scaled.jpg 1244w\" sizes=\"auto, (max-width: 498px) 100vw, 498px\" \/><\/figure>\n<\/div>\n\n\n\n<div class=\"wp-block-column is-layout-flow wp-block-column-is-layout-flow\">\n<figure class=\"wp-block-image size-large is-style-default\"><img loading=\"lazy\" decoding=\"async\" width=\"498\" height=\"1024\" src=\"https:\/\/mybonnechance.de\/wp-content\/uploads\/2022\/12\/20220902_122913-498x1024.jpg\" alt=\"\" class=\"wp-image-6616\" srcset=\"https:\/\/mybonnechance.de\/wp-content\/uploads\/2022\/12\/20220902_122913-498x1024.jpg 498w, https:\/\/mybonnechance.de\/wp-content\/uploads\/2022\/12\/20220902_122913-146x300.jpg 146w, https:\/\/mybonnechance.de\/wp-content\/uploads\/2022\/12\/20220902_122913-768x1580.jpg 768w, https:\/\/mybonnechance.de\/wp-content\/uploads\/2022\/12\/20220902_122913-747x1536.jpg 747w, https:\/\/mybonnechance.de\/wp-content\/uploads\/2022\/12\/20220902_122913-996x2048.jpg 996w, https:\/\/mybonnechance.de\/wp-content\/uploads\/2022\/12\/20220902_122913-scaled.jpg 1244w\" sizes=\"auto, (max-width: 498px) 100vw, 498px\" \/><\/figure>\n<\/div>\n\n\n\n<div class=\"wp-block-column is-layout-flow wp-block-column-is-layout-flow\">\n<figure class=\"wp-block-image size-large is-style-default\"><img loading=\"lazy\" decoding=\"async\" width=\"498\" height=\"1024\" src=\"https:\/\/mybonnechance.de\/wp-content\/uploads\/2022\/12\/20220902_122925-498x1024.jpg\" alt=\"\" class=\"wp-image-6617\" srcset=\"https:\/\/mybonnechance.de\/wp-content\/uploads\/2022\/12\/20220902_122925-498x1024.jpg 498w, https:\/\/mybonnechance.de\/wp-content\/uploads\/2022\/12\/20220902_122925-146x300.jpg 146w, https:\/\/mybonnechance.de\/wp-content\/uploads\/2022\/12\/20220902_122925-768x1580.jpg 768w, https:\/\/mybonnechance.de\/wp-content\/uploads\/2022\/12\/20220902_122925-747x1536.jpg 747w, https:\/\/mybonnechance.de\/wp-content\/uploads\/2022\/12\/20220902_122925-996x2048.jpg 996w, https:\/\/mybonnechance.de\/wp-content\/uploads\/2022\/12\/20220902_122925-scaled.jpg 1244w\" sizes=\"auto, (max-width: 498px) 100vw, 498px\" \/><\/figure>\n<\/div>\n<\/div>\n\n\n","protected":false},"excerpt":{"rendered":"<p>Tag 69, Freitag, 02. September, Insel Marchepole &#8211; Echternerbrug, Hafen de Meerenpoort2,8 km \u2013\u00a0 0,5 FahrzeitLeider wird nichts aus einem weiteren Inseltag. Stephan hat wieder Schwindel und m\u00f6chte lieber an Land. Er meint, es w\u00e4re vielleicht doch etwas Seekrankheit. Ich denke nicht, aber in Echternbrug gibt es auch einen Arzt, falls es schlimmer wird. Vor &hellip; <\/p>\n<p class=\"link-more\"><a href=\"https:\/\/mybonnechance.de\/?page_id=6340\" class=\"more-link\"><span class=\"screen-reader-text\">\u201e2022-37 Echtenerbrug\u201c<\/span> weiterlesen<\/a><\/p>\n","protected":false},"author":2,"featured_media":0,"parent":0,"menu_order":0,"comment_status":"closed","ping_status":"closed","template":"","meta":{"ngg_post_thumbnail":0,"footnotes":""},"class_list":["post-6340","page","type-page","status-publish","hentry"],"_links":{"self":[{"href":"https:\/\/mybonnechance.de\/index.php?rest_route=\/wp\/v2\/pages\/6340","targetHints":{"allow":["GET"]}}],"collection":[{"href":"https:\/\/mybonnechance.de\/index.php?rest_route=\/wp\/v2\/pages"}],"about":[{"href":"https:\/\/mybonnechance.de\/index.php?rest_route=\/wp\/v2\/types\/page"}],"author":[{"embeddable":true,"href":"https:\/\/mybonnechance.de\/index.php?rest_route=\/wp\/v2\/users\/2"}],"replies":[{"embeddable":true,"href":"https:\/\/mybonnechance.de\/index.php?rest_route=%2Fwp%2Fv2%2Fcomments&post=6340"}],"version-history":[{"count":5,"href":"https:\/\/mybonnechance.de\/index.php?rest_route=\/wp\/v2\/pages\/6340\/revisions"}],"predecessor-version":[{"id":6991,"href":"https:\/\/mybonnechance.de\/index.php?rest_route=\/wp\/v2\/pages\/6340\/revisions\/6991"}],"wp:attachment":[{"href":"https:\/\/mybonnechance.de\/index.php?rest_route=%2Fwp%2Fv2%2Fmedia&parent=6340"}],"curies":[{"name":"wp","href":"https:\/\/api.w.org\/{rel}","templated":true}]}}