{"id":6358,"date":"2022-10-14T12:25:59","date_gmt":"2022-10-14T12:25:59","guid":{"rendered":"https:\/\/mybonnechance.de\/?page_id=6358"},"modified":"2023-01-07T19:47:03","modified_gmt":"2023-01-07T19:47:03","slug":"2022-36-marrekrit-weerribben","status":"publish","type":"page","link":"https:\/\/mybonnechance.de\/?page_id=6358","title":{"rendered":"2022-38 Marrekrit Weerribben"},"content":{"rendered":"\n<p><strong>Tag 70, Samstag, 03. September,<\/strong> <strong>  Echternerbrug<\/strong> &#8211;  <strong>Marrekrit Weerribben<\/strong><br>16 km \u2013&nbsp; 1 Schleusen &#8211; 4 Br\u00fccken &#8211; 2,3 Fahrzeit<br>Heute fahren wir eine sehr sch\u00f6ne Strecke durch Kan\u00e4le bis zum <strong>Liegeplatz Weerribben.  <\/strong>Mit der <strong>Hohmansluis<\/strong> haben wir unser geliebtes Friesland verlassen und befinden uns jetzt in der <strong>Provinz Overijsse<\/strong>l.<\/p>\n\n\n\n<div class=\"wp-block-columns is-layout-flex wp-container-core-columns-is-layout-9d6595d7 wp-block-columns-is-layout-flex\">\n<div class=\"wp-block-column is-layout-flow wp-block-column-is-layout-flow\">\n<figure class=\"wp-block-image size-large is-style-default\"><img loading=\"lazy\" decoding=\"async\" width=\"498\" height=\"1024\" src=\"https:\/\/mybonnechance.de\/wp-content\/uploads\/2022\/12\/20220903_094813-498x1024.jpg\" alt=\"\" class=\"wp-image-6620\" srcset=\"https:\/\/mybonnechance.de\/wp-content\/uploads\/2022\/12\/20220903_094813-498x1024.jpg 498w, https:\/\/mybonnechance.de\/wp-content\/uploads\/2022\/12\/20220903_094813-146x300.jpg 146w, https:\/\/mybonnechance.de\/wp-content\/uploads\/2022\/12\/20220903_094813-768x1580.jpg 768w, https:\/\/mybonnechance.de\/wp-content\/uploads\/2022\/12\/20220903_094813-747x1536.jpg 747w, https:\/\/mybonnechance.de\/wp-content\/uploads\/2022\/12\/20220903_094813-996x2048.jpg 996w, https:\/\/mybonnechance.de\/wp-content\/uploads\/2022\/12\/20220903_094813-scaled.jpg 1244w\" sizes=\"auto, (max-width: 498px) 100vw, 498px\" \/><\/figure>\n<\/div>\n\n\n\n<div class=\"wp-block-column is-layout-flow wp-block-column-is-layout-flow\">\n<figure class=\"wp-block-image size-large is-style-default\"><img loading=\"lazy\" decoding=\"async\" width=\"498\" height=\"1024\" src=\"https:\/\/mybonnechance.de\/wp-content\/uploads\/2022\/12\/20220903_095505-498x1024.jpg\" alt=\"\" class=\"wp-image-6621\" srcset=\"https:\/\/mybonnechance.de\/wp-content\/uploads\/2022\/12\/20220903_095505-498x1024.jpg 498w, https:\/\/mybonnechance.de\/wp-content\/uploads\/2022\/12\/20220903_095505-146x300.jpg 146w, https:\/\/mybonnechance.de\/wp-content\/uploads\/2022\/12\/20220903_095505-768x1580.jpg 768w, https:\/\/mybonnechance.de\/wp-content\/uploads\/2022\/12\/20220903_095505-747x1536.jpg 747w, https:\/\/mybonnechance.de\/wp-content\/uploads\/2022\/12\/20220903_095505-996x2048.jpg 996w, https:\/\/mybonnechance.de\/wp-content\/uploads\/2022\/12\/20220903_095505-scaled.jpg 1244w\" sizes=\"auto, (max-width: 498px) 100vw, 498px\" \/><\/figure>\n<\/div>\n\n\n\n<div class=\"wp-block-column is-layout-flow wp-block-column-is-layout-flow\">\n<figure class=\"wp-block-image size-large is-style-default\"><img loading=\"lazy\" decoding=\"async\" width=\"498\" height=\"1024\" src=\"https:\/\/mybonnechance.de\/wp-content\/uploads\/2022\/12\/20220903_105122-498x1024.jpg\" alt=\"\" class=\"wp-image-6622\" srcset=\"https:\/\/mybonnechance.de\/wp-content\/uploads\/2022\/12\/20220903_105122-498x1024.jpg 498w, https:\/\/mybonnechance.de\/wp-content\/uploads\/2022\/12\/20220903_105122-146x300.jpg 146w, https:\/\/mybonnechance.de\/wp-content\/uploads\/2022\/12\/20220903_105122-768x1580.jpg 768w, https:\/\/mybonnechance.de\/wp-content\/uploads\/2022\/12\/20220903_105122-747x1536.jpg 747w, https:\/\/mybonnechance.de\/wp-content\/uploads\/2022\/12\/20220903_105122-996x2048.jpg 996w, https:\/\/mybonnechance.de\/wp-content\/uploads\/2022\/12\/20220903_105122-scaled.jpg 1244w\" sizes=\"auto, (max-width: 498px) 100vw, 498px\" \/><\/figure>\n<\/div>\n<\/div>\n\n\n\n<div class=\"wp-block-columns is-layout-flex wp-container-core-columns-is-layout-9d6595d7 wp-block-columns-is-layout-flex\">\n<div class=\"wp-block-column is-layout-flow wp-block-column-is-layout-flow\">\n<figure class=\"wp-block-image size-large is-style-default\"><img loading=\"lazy\" decoding=\"async\" width=\"498\" height=\"1024\" src=\"https:\/\/mybonnechance.de\/wp-content\/uploads\/2022\/12\/20220903_112125-498x1024.jpg\" alt=\"\" class=\"wp-image-6623\" srcset=\"https:\/\/mybonnechance.de\/wp-content\/uploads\/2022\/12\/20220903_112125-498x1024.jpg 498w, https:\/\/mybonnechance.de\/wp-content\/uploads\/2022\/12\/20220903_112125-146x300.jpg 146w, https:\/\/mybonnechance.de\/wp-content\/uploads\/2022\/12\/20220903_112125-768x1580.jpg 768w, https:\/\/mybonnechance.de\/wp-content\/uploads\/2022\/12\/20220903_112125-747x1536.jpg 747w, https:\/\/mybonnechance.de\/wp-content\/uploads\/2022\/12\/20220903_112125-996x2048.jpg 996w, https:\/\/mybonnechance.de\/wp-content\/uploads\/2022\/12\/20220903_112125-scaled.jpg 1244w\" sizes=\"auto, (max-width: 498px) 100vw, 498px\" \/><\/figure>\n<\/div>\n\n\n\n<div class=\"wp-block-column is-layout-flow wp-block-column-is-layout-flow\">\n<figure class=\"wp-block-image size-large is-style-default\"><img loading=\"lazy\" decoding=\"async\" width=\"498\" height=\"1024\" src=\"https:\/\/mybonnechance.de\/wp-content\/uploads\/2022\/12\/20220903_113236-498x1024.jpg\" alt=\"\" class=\"wp-image-6624\" srcset=\"https:\/\/mybonnechance.de\/wp-content\/uploads\/2022\/12\/20220903_113236-498x1024.jpg 498w, https:\/\/mybonnechance.de\/wp-content\/uploads\/2022\/12\/20220903_113236-146x300.jpg 146w, https:\/\/mybonnechance.de\/wp-content\/uploads\/2022\/12\/20220903_113236-768x1580.jpg 768w, https:\/\/mybonnechance.de\/wp-content\/uploads\/2022\/12\/20220903_113236-747x1536.jpg 747w, https:\/\/mybonnechance.de\/wp-content\/uploads\/2022\/12\/20220903_113236-996x2048.jpg 996w, https:\/\/mybonnechance.de\/wp-content\/uploads\/2022\/12\/20220903_113236-scaled.jpg 1244w\" sizes=\"auto, (max-width: 498px) 100vw, 498px\" \/><\/figure>\n<\/div>\n\n\n\n<div class=\"wp-block-column is-layout-flow wp-block-column-is-layout-flow\">\n<figure class=\"wp-block-image size-large is-style-default\"><img loading=\"lazy\" decoding=\"async\" width=\"498\" height=\"1024\" src=\"https:\/\/mybonnechance.de\/wp-content\/uploads\/2022\/12\/20220903_113328-498x1024.jpg\" alt=\"\" class=\"wp-image-6625\" srcset=\"https:\/\/mybonnechance.de\/wp-content\/uploads\/2022\/12\/20220903_113328-498x1024.jpg 498w, https:\/\/mybonnechance.de\/wp-content\/uploads\/2022\/12\/20220903_113328-146x300.jpg 146w, https:\/\/mybonnechance.de\/wp-content\/uploads\/2022\/12\/20220903_113328-768x1580.jpg 768w, https:\/\/mybonnechance.de\/wp-content\/uploads\/2022\/12\/20220903_113328-747x1536.jpg 747w, https:\/\/mybonnechance.de\/wp-content\/uploads\/2022\/12\/20220903_113328-996x2048.jpg 996w, https:\/\/mybonnechance.de\/wp-content\/uploads\/2022\/12\/20220903_113328-scaled.jpg 1244w\" sizes=\"auto, (max-width: 498px) 100vw, 498px\" \/><\/figure>\n<\/div>\n<\/div>\n\n\n\n<div class=\"wp-block-columns is-layout-flex wp-container-core-columns-is-layout-9d6595d7 wp-block-columns-is-layout-flex\">\n<div class=\"wp-block-column is-layout-flow wp-block-column-is-layout-flow\">\n<figure class=\"wp-block-image size-large is-style-default\"><img loading=\"lazy\" decoding=\"async\" width=\"1024\" height=\"498\" src=\"https:\/\/mybonnechance.de\/wp-content\/uploads\/2022\/12\/20220903_114258-1-1024x498.jpg\" alt=\"\" class=\"wp-image-6630\" srcset=\"https:\/\/mybonnechance.de\/wp-content\/uploads\/2022\/12\/20220903_114258-1-1024x498.jpg 1024w, https:\/\/mybonnechance.de\/wp-content\/uploads\/2022\/12\/20220903_114258-1-300x146.jpg 300w, https:\/\/mybonnechance.de\/wp-content\/uploads\/2022\/12\/20220903_114258-1-768x373.jpg 768w, https:\/\/mybonnechance.de\/wp-content\/uploads\/2022\/12\/20220903_114258-1-1536x747.jpg 1536w, https:\/\/mybonnechance.de\/wp-content\/uploads\/2022\/12\/20220903_114258-1-2048x996.jpg 2048w\" sizes=\"auto, (max-width: 767px) 89vw, (max-width: 1000px) 54vw, (max-width: 1071px) 543px, 580px\" \/><\/figure>\n<\/div>\n<\/div>\n\n\n\n<div class=\"wp-block-columns is-layout-flex wp-container-core-columns-is-layout-9d6595d7 wp-block-columns-is-layout-flex\">\n<div class=\"wp-block-column is-layout-flow wp-block-column-is-layout-flow\">\n<figure class=\"wp-block-image size-large is-style-default\"><img loading=\"lazy\" decoding=\"async\" width=\"823\" height=\"1024\" src=\"https:\/\/mybonnechance.de\/wp-content\/uploads\/2022\/12\/20220903_202503-1-823x1024.jpg\" alt=\"\" class=\"wp-image-6631\" srcset=\"https:\/\/mybonnechance.de\/wp-content\/uploads\/2022\/12\/20220903_202503-1-823x1024.jpg 823w, https:\/\/mybonnechance.de\/wp-content\/uploads\/2022\/12\/20220903_202503-1-241x300.jpg 241w, https:\/\/mybonnechance.de\/wp-content\/uploads\/2022\/12\/20220903_202503-1-768x955.jpg 768w, https:\/\/mybonnechance.de\/wp-content\/uploads\/2022\/12\/20220903_202503-1-1235x1536.jpg 1235w, https:\/\/mybonnechance.de\/wp-content\/uploads\/2022\/12\/20220903_202503-1-1646x2048.jpg 1646w, https:\/\/mybonnechance.de\/wp-content\/uploads\/2022\/12\/20220903_202503-1.jpg 1770w\" sizes=\"auto, (max-width: 767px) 89vw, (max-width: 1000px) 54vw, (max-width: 1071px) 543px, 580px\" \/><figcaption class=\"wp-element-caption\"><strong>Unser Liegeplatz<\/strong><\/figcaption><\/figure>\n\n\n\n<p>Wir m\u00f6chten uns morgen den <strong>Nationalpark<\/strong> <strong>Weerribben <\/strong>per Rad ansehen. Das haben wir vor 3 Jahren nicht geschafft. Liegen hier nett im Kanal und es ist noch jede Menge Platz, obwohl es schon Mittag ist.<\/p>\n\n\n\n<p>Einziger Wermutstropfen: Ich habe einen Wespenstich am Arm, der leider immer dicker wird<\/p>\n<\/div>\n\n\n\n<div class=\"wp-block-column is-layout-flow wp-block-column-is-layout-flow\">\n<figure class=\"wp-block-image size-large is-style-default\"><img loading=\"lazy\" decoding=\"async\" width=\"498\" height=\"1024\" src=\"https:\/\/mybonnechance.de\/wp-content\/uploads\/2022\/12\/20220903_202614-498x1024.jpg\" alt=\"\" class=\"wp-image-6632\" srcset=\"https:\/\/mybonnechance.de\/wp-content\/uploads\/2022\/12\/20220903_202614-498x1024.jpg 498w, https:\/\/mybonnechance.de\/wp-content\/uploads\/2022\/12\/20220903_202614-146x300.jpg 146w, https:\/\/mybonnechance.de\/wp-content\/uploads\/2022\/12\/20220903_202614-768x1580.jpg 768w, https:\/\/mybonnechance.de\/wp-content\/uploads\/2022\/12\/20220903_202614-747x1536.jpg 747w, https:\/\/mybonnechance.de\/wp-content\/uploads\/2022\/12\/20220903_202614-996x2048.jpg 996w, https:\/\/mybonnechance.de\/wp-content\/uploads\/2022\/12\/20220903_202614-scaled.jpg 1244w\" sizes=\"auto, (max-width: 498px) 100vw, 498px\" \/><\/figure>\n<\/div>\n<\/div>\n\n\n\n<p>  <strong>Tag 71, Sonntag, 04. September,<\/strong><\/p>\n\n\n\n<div class=\"wp-block-columns is-layout-flex wp-container-core-columns-is-layout-9d6595d7 wp-block-columns-is-layout-flex\">\n<div class=\"wp-block-column is-layout-flow wp-block-column-is-layout-flow\">\n<figure class=\"wp-block-image size-large is-style-default\"><img loading=\"lazy\" decoding=\"async\" width=\"498\" height=\"1024\" src=\"https:\/\/mybonnechance.de\/wp-content\/uploads\/2022\/12\/20220904_143224-498x1024.jpg\" alt=\"\" class=\"wp-image-6633\" srcset=\"https:\/\/mybonnechance.de\/wp-content\/uploads\/2022\/12\/20220904_143224-498x1024.jpg 498w, https:\/\/mybonnechance.de\/wp-content\/uploads\/2022\/12\/20220904_143224-146x300.jpg 146w, https:\/\/mybonnechance.de\/wp-content\/uploads\/2022\/12\/20220904_143224-768x1580.jpg 768w, https:\/\/mybonnechance.de\/wp-content\/uploads\/2022\/12\/20220904_143224-747x1536.jpg 747w, https:\/\/mybonnechance.de\/wp-content\/uploads\/2022\/12\/20220904_143224-996x2048.jpg 996w, https:\/\/mybonnechance.de\/wp-content\/uploads\/2022\/12\/20220904_143224-scaled.jpg 1244w\" sizes=\"auto, (max-width: 498px) 100vw, 498px\" \/><\/figure>\n<\/div>\n\n\n\n<div class=\"wp-block-column is-layout-flow wp-block-column-is-layout-flow\">\n<figure class=\"wp-block-image size-large is-style-default\"><img loading=\"lazy\" decoding=\"async\" width=\"498\" height=\"1024\" src=\"https:\/\/mybonnechance.de\/wp-content\/uploads\/2022\/12\/20220904_114608-498x1024.jpg\" alt=\"\" class=\"wp-image-6634\" srcset=\"https:\/\/mybonnechance.de\/wp-content\/uploads\/2022\/12\/20220904_114608-498x1024.jpg 498w, https:\/\/mybonnechance.de\/wp-content\/uploads\/2022\/12\/20220904_114608-146x300.jpg 146w, https:\/\/mybonnechance.de\/wp-content\/uploads\/2022\/12\/20220904_114608-768x1580.jpg 768w, https:\/\/mybonnechance.de\/wp-content\/uploads\/2022\/12\/20220904_114608-747x1536.jpg 747w, https:\/\/mybonnechance.de\/wp-content\/uploads\/2022\/12\/20220904_114608-996x2048.jpg 996w, https:\/\/mybonnechance.de\/wp-content\/uploads\/2022\/12\/20220904_114608-scaled.jpg 1244w\" sizes=\"auto, (max-width: 498px) 100vw, 498px\" \/><\/figure>\n<\/div>\n\n\n\n<div class=\"wp-block-column is-layout-flow wp-block-column-is-layout-flow\">\n<figure class=\"wp-block-image size-large is-style-default\"><img loading=\"lazy\" decoding=\"async\" width=\"768\" height=\"1024\" src=\"https:\/\/mybonnechance.de\/wp-content\/uploads\/2022\/12\/20220904_114841-768x1024.jpg\" alt=\"\" class=\"wp-image-6635\" srcset=\"https:\/\/mybonnechance.de\/wp-content\/uploads\/2022\/12\/20220904_114841-768x1024.jpg 768w, https:\/\/mybonnechance.de\/wp-content\/uploads\/2022\/12\/20220904_114841-225x300.jpg 225w, https:\/\/mybonnechance.de\/wp-content\/uploads\/2022\/12\/20220904_114841-1152x1536.jpg 1152w, https:\/\/mybonnechance.de\/wp-content\/uploads\/2022\/12\/20220904_114841-1536x2048.jpg 1536w, https:\/\/mybonnechance.de\/wp-content\/uploads\/2022\/12\/20220904_114841-scaled.jpg 1920w\" sizes=\"auto, (max-width: 767px) 89vw, (max-width: 1000px) 54vw, (max-width: 1071px) 543px, 580px\" \/><\/figure>\n\n\n\n<p>Ist eine sch\u00f6ne Tour durch den Nationalpark, viel weite Felder und zum Schluss durch die <strong>Kahlenberger Grachten<\/strong>. Wundersch\u00f6n. Ich freue mich schon auf morgen, wenn wir mit dem Schiff dadurch fahren.<\/p>\n<\/div>\n<\/div>\n\n\n\n<div class=\"wp-block-columns is-layout-flex wp-container-core-columns-is-layout-9d6595d7 wp-block-columns-is-layout-flex\">\n<div class=\"wp-block-column is-layout-flow wp-block-column-is-layout-flow\">\n<figure class=\"wp-block-image size-large is-style-default\"><img loading=\"lazy\" decoding=\"async\" width=\"498\" height=\"1024\" src=\"https:\/\/mybonnechance.de\/wp-content\/uploads\/2022\/12\/20220904_124144-498x1024.jpg\" alt=\"\" class=\"wp-image-6636\" srcset=\"https:\/\/mybonnechance.de\/wp-content\/uploads\/2022\/12\/20220904_124144-498x1024.jpg 498w, https:\/\/mybonnechance.de\/wp-content\/uploads\/2022\/12\/20220904_124144-146x300.jpg 146w, https:\/\/mybonnechance.de\/wp-content\/uploads\/2022\/12\/20220904_124144-768x1580.jpg 768w, https:\/\/mybonnechance.de\/wp-content\/uploads\/2022\/12\/20220904_124144-747x1536.jpg 747w, https:\/\/mybonnechance.de\/wp-content\/uploads\/2022\/12\/20220904_124144-996x2048.jpg 996w, https:\/\/mybonnechance.de\/wp-content\/uploads\/2022\/12\/20220904_124144-scaled.jpg 1244w\" sizes=\"auto, (max-width: 498px) 100vw, 498px\" \/><\/figure>\n<\/div>\n\n\n\n<div class=\"wp-block-column is-layout-flow wp-block-column-is-layout-flow\">\n<figure class=\"wp-block-image size-large is-style-default\"><img loading=\"lazy\" decoding=\"async\" width=\"498\" height=\"1024\" src=\"https:\/\/mybonnechance.de\/wp-content\/uploads\/2022\/12\/20220904_124459-498x1024.jpg\" alt=\"\" class=\"wp-image-6637\" srcset=\"https:\/\/mybonnechance.de\/wp-content\/uploads\/2022\/12\/20220904_124459-498x1024.jpg 498w, https:\/\/mybonnechance.de\/wp-content\/uploads\/2022\/12\/20220904_124459-146x300.jpg 146w, https:\/\/mybonnechance.de\/wp-content\/uploads\/2022\/12\/20220904_124459-768x1580.jpg 768w, https:\/\/mybonnechance.de\/wp-content\/uploads\/2022\/12\/20220904_124459-747x1536.jpg 747w, https:\/\/mybonnechance.de\/wp-content\/uploads\/2022\/12\/20220904_124459-996x2048.jpg 996w, https:\/\/mybonnechance.de\/wp-content\/uploads\/2022\/12\/20220904_124459-scaled.jpg 1244w\" sizes=\"auto, (max-width: 498px) 100vw, 498px\" \/><\/figure>\n<\/div>\n\n\n\n<div class=\"wp-block-column is-layout-flow wp-block-column-is-layout-flow\">\n<figure class=\"wp-block-image size-large is-style-default\"><img loading=\"lazy\" decoding=\"async\" width=\"498\" height=\"1024\" src=\"https:\/\/mybonnechance.de\/wp-content\/uploads\/2022\/12\/20220904_124127-498x1024.jpg\" alt=\"\" class=\"wp-image-6638\" srcset=\"https:\/\/mybonnechance.de\/wp-content\/uploads\/2022\/12\/20220904_124127-498x1024.jpg 498w, https:\/\/mybonnechance.de\/wp-content\/uploads\/2022\/12\/20220904_124127-146x300.jpg 146w, https:\/\/mybonnechance.de\/wp-content\/uploads\/2022\/12\/20220904_124127-768x1580.jpg 768w, https:\/\/mybonnechance.de\/wp-content\/uploads\/2022\/12\/20220904_124127-747x1536.jpg 747w, https:\/\/mybonnechance.de\/wp-content\/uploads\/2022\/12\/20220904_124127-996x2048.jpg 996w, https:\/\/mybonnechance.de\/wp-content\/uploads\/2022\/12\/20220904_124127-scaled.jpg 1244w\" sizes=\"auto, (max-width: 498px) 100vw, 498px\" \/><\/figure>\n<\/div>\n<\/div>\n\n\n\n<div class=\"wp-block-columns is-layout-flex wp-container-core-columns-is-layout-9d6595d7 wp-block-columns-is-layout-flex\">\n<div class=\"wp-block-column is-layout-flow wp-block-column-is-layout-flow\" style=\"flex-basis:66.66%\">\n<figure class=\"wp-block-image size-large is-resized is-style-default\"><img loading=\"lazy\" decoding=\"async\" src=\"https:\/\/mybonnechance.de\/wp-content\/uploads\/2022\/12\/20220904_122708-1024x498.jpg\" alt=\"\" class=\"wp-image-6639\" width=\"808\" height=\"393\" srcset=\"https:\/\/mybonnechance.de\/wp-content\/uploads\/2022\/12\/20220904_122708-1024x498.jpg 1024w, https:\/\/mybonnechance.de\/wp-content\/uploads\/2022\/12\/20220904_122708-300x146.jpg 300w, https:\/\/mybonnechance.de\/wp-content\/uploads\/2022\/12\/20220904_122708-768x373.jpg 768w, https:\/\/mybonnechance.de\/wp-content\/uploads\/2022\/12\/20220904_122708-1536x747.jpg 1536w, https:\/\/mybonnechance.de\/wp-content\/uploads\/2022\/12\/20220904_122708-2048x996.jpg 2048w\" sizes=\"auto, (max-width: 767px) 89vw, (max-width: 1000px) 54vw, (max-width: 1071px) 543px, 580px\" \/><\/figure>\n<\/div>\n\n\n\n<div class=\"wp-block-column is-layout-flow wp-block-column-is-layout-flow\" style=\"flex-basis:33.33%\">\n<figure class=\"wp-block-image size-large is-style-default\"><img loading=\"lazy\" decoding=\"async\" width=\"498\" height=\"1024\" src=\"https:\/\/mybonnechance.de\/wp-content\/uploads\/2022\/12\/20220904_122747-498x1024.jpg\" alt=\"\" class=\"wp-image-6640\" srcset=\"https:\/\/mybonnechance.de\/wp-content\/uploads\/2022\/12\/20220904_122747-498x1024.jpg 498w, https:\/\/mybonnechance.de\/wp-content\/uploads\/2022\/12\/20220904_122747-146x300.jpg 146w, https:\/\/mybonnechance.de\/wp-content\/uploads\/2022\/12\/20220904_122747-768x1580.jpg 768w, https:\/\/mybonnechance.de\/wp-content\/uploads\/2022\/12\/20220904_122747-747x1536.jpg 747w, https:\/\/mybonnechance.de\/wp-content\/uploads\/2022\/12\/20220904_122747-996x2048.jpg 996w, https:\/\/mybonnechance.de\/wp-content\/uploads\/2022\/12\/20220904_122747-scaled.jpg 1244w\" sizes=\"auto, (max-width: 498px) 100vw, 498px\" \/><\/figure>\n<\/div>\n<\/div>\n\n\n\n<p><a href=\"https:\/\/mybonnechance.de\/?page_id=6376\" data-type=\"URL\" data-id=\"https:\/\/mybonnechance.de\/?page_id=6376\">Vorw\u00e4rts<\/a><\/p>\n","protected":false},"excerpt":{"rendered":"<p>Tag 70, Samstag, 03. September, Echternerbrug &#8211; Marrekrit Weerribben16 km \u2013&nbsp; 1 Schleusen &#8211; 4 Br\u00fccken &#8211; 2,3 FahrzeitHeute fahren wir eine sehr sch\u00f6ne Strecke durch Kan\u00e4le bis zum Liegeplatz Weerribben. Mit der Hohmansluis haben wir unser geliebtes Friesland verlassen und befinden uns jetzt in der Provinz Overijssel. Wir m\u00f6chten uns morgen den Nationalpark Weerribben &hellip; <\/p>\n<p class=\"link-more\"><a href=\"https:\/\/mybonnechance.de\/?page_id=6358\" class=\"more-link\"><span class=\"screen-reader-text\">\u201e2022-38 Marrekrit Weerribben\u201c<\/span> weiterlesen<\/a><\/p>\n","protected":false},"author":2,"featured_media":0,"parent":0,"menu_order":0,"comment_status":"closed","ping_status":"closed","template":"","meta":{"ngg_post_thumbnail":0,"footnotes":""},"class_list":["post-6358","page","type-page","status-publish","hentry"],"_links":{"self":[{"href":"https:\/\/mybonnechance.de\/index.php?rest_route=\/wp\/v2\/pages\/6358","targetHints":{"allow":["GET"]}}],"collection":[{"href":"https:\/\/mybonnechance.de\/index.php?rest_route=\/wp\/v2\/pages"}],"about":[{"href":"https:\/\/mybonnechance.de\/index.php?rest_route=\/wp\/v2\/types\/page"}],"author":[{"embeddable":true,"href":"https:\/\/mybonnechance.de\/index.php?rest_route=\/wp\/v2\/users\/2"}],"replies":[{"embeddable":true,"href":"https:\/\/mybonnechance.de\/index.php?rest_route=%2Fwp%2Fv2%2Fcomments&post=6358"}],"version-history":[{"count":7,"href":"https:\/\/mybonnechance.de\/index.php?rest_route=\/wp\/v2\/pages\/6358\/revisions"}],"predecessor-version":[{"id":6926,"href":"https:\/\/mybonnechance.de\/index.php?rest_route=\/wp\/v2\/pages\/6358\/revisions\/6926"}],"wp:attachment":[{"href":"https:\/\/mybonnechance.de\/index.php?rest_route=%2Fwp%2Fv2%2Fmedia&parent=6358"}],"curies":[{"name":"wp","href":"https:\/\/api.w.org\/{rel}","templated":true}]}}