{"id":6364,"date":"2022-10-14T12:26:53","date_gmt":"2022-10-14T12:26:53","guid":{"rendered":"https:\/\/mybonnechance.de\/?page_id=6364"},"modified":"2023-01-07T19:49:33","modified_gmt":"2023-01-07T19:49:33","slug":"2022-39-strand-horst","status":"publish","type":"page","link":"https:\/\/mybonnechance.de\/?page_id=6364","title":{"rendered":"2022-41 Strand Horst"},"content":{"rendered":"\n<p><strong>Tag 74, Mittwoch, 07. September,  Ketelhaven &#8211; Ermelo, Strand Horst<\/strong><br>43,4 km \u2013\u00a0 2 Schleusen \u2013 5 h Fahrzeit<br>Meine G\u00fcte hat das gestern Nacht gescheppert.  Im Grevelinger Meer war das Gewitter schon gegen Abend. Sind schon fr\u00fch vom Ketelhaven gestartet, da wir bis Strand Horst,<strong> <\/strong>statt Elburg, durchfahren wollen. Morgen soll es den ganzen Tag regnen und wir wollen einen Tag einholen. Wie sich sp\u00e4ter raustellen sollte, war Strand Horst ein Fehler. Da ist nichts los, au\u00dfer einem netten Hafen. Mit dem Fahrrad h\u00e4tten wir vielleicht mal nach <strong>Ermelo<\/strong> fahren k\u00f6nnen &#8211; keine Ahnung ob sich das lohnt. <strong>Nicht mal eine nahe M\u00f6glichkeit<\/strong> <strong>einzukaufen<\/strong>. Der Hafenmeister meinte, am schnellsten ginge es mit dem Schlauchboot gegen\u00fcber nach <strong>Zeewolde<\/strong>.  <strong>Also beim n\u00e4chsten Mal Zeewolde,  Elburg oder Harderwijk<\/strong>!<\/p>\n\n\n\n<div class=\"wp-block-columns is-layout-flex wp-container-core-columns-is-layout-9d6595d7 wp-block-columns-is-layout-flex\">\n<div class=\"wp-block-column is-layout-flow wp-block-column-is-layout-flow\">\n<figure class=\"wp-block-image size-large is-style-default\"><img loading=\"lazy\" decoding=\"async\" width=\"498\" height=\"1024\" src=\"https:\/\/mybonnechance.de\/wp-content\/uploads\/2022\/12\/20220907_084248-498x1024.jpg\" alt=\"\" class=\"wp-image-6680\" srcset=\"https:\/\/mybonnechance.de\/wp-content\/uploads\/2022\/12\/20220907_084248-498x1024.jpg 498w, https:\/\/mybonnechance.de\/wp-content\/uploads\/2022\/12\/20220907_084248-146x300.jpg 146w, https:\/\/mybonnechance.de\/wp-content\/uploads\/2022\/12\/20220907_084248-768x1580.jpg 768w, https:\/\/mybonnechance.de\/wp-content\/uploads\/2022\/12\/20220907_084248-747x1536.jpg 747w, https:\/\/mybonnechance.de\/wp-content\/uploads\/2022\/12\/20220907_084248-996x2048.jpg 996w, https:\/\/mybonnechance.de\/wp-content\/uploads\/2022\/12\/20220907_084248-scaled.jpg 1244w\" sizes=\"auto, (max-width: 498px) 100vw, 498px\" \/><\/figure>\n<\/div>\n\n\n\n<div class=\"wp-block-column is-layout-flow wp-block-column-is-layout-flow\">\n<figure class=\"wp-block-image size-large is-style-default\"><img loading=\"lazy\" decoding=\"async\" width=\"498\" height=\"1024\" src=\"https:\/\/mybonnechance.de\/wp-content\/uploads\/2022\/12\/20220907_084439-498x1024.jpg\" alt=\"\" class=\"wp-image-6682\" srcset=\"https:\/\/mybonnechance.de\/wp-content\/uploads\/2022\/12\/20220907_084439-498x1024.jpg 498w, https:\/\/mybonnechance.de\/wp-content\/uploads\/2022\/12\/20220907_084439-146x300.jpg 146w, https:\/\/mybonnechance.de\/wp-content\/uploads\/2022\/12\/20220907_084439-768x1580.jpg 768w, https:\/\/mybonnechance.de\/wp-content\/uploads\/2022\/12\/20220907_084439-747x1536.jpg 747w, https:\/\/mybonnechance.de\/wp-content\/uploads\/2022\/12\/20220907_084439-996x2048.jpg 996w, https:\/\/mybonnechance.de\/wp-content\/uploads\/2022\/12\/20220907_084439-scaled.jpg 1244w\" sizes=\"auto, (max-width: 498px) 100vw, 498px\" \/><\/figure>\n<\/div>\n\n\n\n<div class=\"wp-block-column is-layout-flow wp-block-column-is-layout-flow\">\n<figure class=\"wp-block-image size-large is-style-default\"><img loading=\"lazy\" decoding=\"async\" width=\"498\" height=\"1024\" src=\"https:\/\/mybonnechance.de\/wp-content\/uploads\/2022\/12\/20220907_091912-498x1024.jpg\" alt=\"\" class=\"wp-image-6681\" srcset=\"https:\/\/mybonnechance.de\/wp-content\/uploads\/2022\/12\/20220907_091912-498x1024.jpg 498w, https:\/\/mybonnechance.de\/wp-content\/uploads\/2022\/12\/20220907_091912-146x300.jpg 146w, https:\/\/mybonnechance.de\/wp-content\/uploads\/2022\/12\/20220907_091912-768x1580.jpg 768w, https:\/\/mybonnechance.de\/wp-content\/uploads\/2022\/12\/20220907_091912-747x1536.jpg 747w, https:\/\/mybonnechance.de\/wp-content\/uploads\/2022\/12\/20220907_091912-996x2048.jpg 996w, https:\/\/mybonnechance.de\/wp-content\/uploads\/2022\/12\/20220907_091912-scaled.jpg 1244w\" sizes=\"auto, (max-width: 498px) 100vw, 498px\" \/><figcaption class=\"wp-element-caption\"><strong>Empfangskomitee<\/strong><\/figcaption><\/figure>\n<\/div>\n<\/div>\n\n\n\n<figure class=\"wp-block-image size-large is-style-default\"><img loading=\"lazy\" decoding=\"async\" width=\"1024\" height=\"498\" src=\"https:\/\/mybonnechance.de\/wp-content\/uploads\/2022\/12\/20220907_092100-1024x498.jpg\" alt=\"\" class=\"wp-image-6683\" srcset=\"https:\/\/mybonnechance.de\/wp-content\/uploads\/2022\/12\/20220907_092100-1024x498.jpg 1024w, https:\/\/mybonnechance.de\/wp-content\/uploads\/2022\/12\/20220907_092100-300x146.jpg 300w, https:\/\/mybonnechance.de\/wp-content\/uploads\/2022\/12\/20220907_092100-768x373.jpg 768w, https:\/\/mybonnechance.de\/wp-content\/uploads\/2022\/12\/20220907_092100-1536x747.jpg 1536w, https:\/\/mybonnechance.de\/wp-content\/uploads\/2022\/12\/20220907_092100-2048x996.jpg 2048w\" sizes=\"auto, (max-width: 767px) 89vw, (max-width: 1000px) 54vw, (max-width: 1071px) 543px, 580px\" \/><figcaption class=\"wp-element-caption\"><strong>Sehr stylisch<\/strong><\/figcaption><\/figure>\n\n\n\n<div class=\"wp-block-columns is-layout-flex wp-container-core-columns-is-layout-9d6595d7 wp-block-columns-is-layout-flex\">\n<div class=\"wp-block-column is-layout-flow wp-block-column-is-layout-flow\">\n<figure class=\"wp-block-image size-large is-style-default\"><img loading=\"lazy\" decoding=\"async\" width=\"498\" height=\"1024\" src=\"https:\/\/mybonnechance.de\/wp-content\/uploads\/2022\/12\/20220908_103031-498x1024.jpg\" alt=\"\" class=\"wp-image-6684\" srcset=\"https:\/\/mybonnechance.de\/wp-content\/uploads\/2022\/12\/20220908_103031-498x1024.jpg 498w, https:\/\/mybonnechance.de\/wp-content\/uploads\/2022\/12\/20220908_103031-146x300.jpg 146w, https:\/\/mybonnechance.de\/wp-content\/uploads\/2022\/12\/20220908_103031-768x1580.jpg 768w, https:\/\/mybonnechance.de\/wp-content\/uploads\/2022\/12\/20220908_103031-747x1536.jpg 747w, https:\/\/mybonnechance.de\/wp-content\/uploads\/2022\/12\/20220908_103031-996x2048.jpg 996w, https:\/\/mybonnechance.de\/wp-content\/uploads\/2022\/12\/20220908_103031-scaled.jpg 1244w\" sizes=\"auto, (max-width: 498px) 100vw, 498px\" \/><figcaption class=\"wp-element-caption\"><strong>Hafeneinfahrt<\/strong><\/figcaption><\/figure>\n<\/div>\n\n\n\n<div class=\"wp-block-column is-layout-flow wp-block-column-is-layout-flow\">\n<figure class=\"wp-block-image size-large is-style-default\"><img loading=\"lazy\" decoding=\"async\" width=\"498\" height=\"1024\" src=\"https:\/\/mybonnechance.de\/wp-content\/uploads\/2022\/12\/20220907_131540-498x1024.jpg\" alt=\"\" class=\"wp-image-6685\" srcset=\"https:\/\/mybonnechance.de\/wp-content\/uploads\/2022\/12\/20220907_131540-498x1024.jpg 498w, https:\/\/mybonnechance.de\/wp-content\/uploads\/2022\/12\/20220907_131540-146x300.jpg 146w, https:\/\/mybonnechance.de\/wp-content\/uploads\/2022\/12\/20220907_131540-768x1580.jpg 768w, https:\/\/mybonnechance.de\/wp-content\/uploads\/2022\/12\/20220907_131540-747x1536.jpg 747w, https:\/\/mybonnechance.de\/wp-content\/uploads\/2022\/12\/20220907_131540-996x2048.jpg 996w, https:\/\/mybonnechance.de\/wp-content\/uploads\/2022\/12\/20220907_131540-scaled.jpg 1244w\" sizes=\"auto, (max-width: 498px) 100vw, 498px\" \/><\/figure>\n<\/div>\n\n\n\n<div class=\"wp-block-column is-layout-flow wp-block-column-is-layout-flow\">\n<figure class=\"wp-block-image size-large is-style-default\"><img loading=\"lazy\" decoding=\"async\" width=\"498\" height=\"1024\" src=\"https:\/\/mybonnechance.de\/wp-content\/uploads\/2022\/12\/20220907_200641-498x1024.jpg\" alt=\"\" class=\"wp-image-6686\" srcset=\"https:\/\/mybonnechance.de\/wp-content\/uploads\/2022\/12\/20220907_200641-498x1024.jpg 498w, https:\/\/mybonnechance.de\/wp-content\/uploads\/2022\/12\/20220907_200641-146x300.jpg 146w, https:\/\/mybonnechance.de\/wp-content\/uploads\/2022\/12\/20220907_200641-768x1580.jpg 768w, https:\/\/mybonnechance.de\/wp-content\/uploads\/2022\/12\/20220907_200641-747x1536.jpg 747w, https:\/\/mybonnechance.de\/wp-content\/uploads\/2022\/12\/20220907_200641-996x2048.jpg 996w, https:\/\/mybonnechance.de\/wp-content\/uploads\/2022\/12\/20220907_200641-scaled.jpg 1244w\" sizes=\"auto, (max-width: 498px) 100vw, 498px\" \/><\/figure>\n<\/div>\n<\/div>\n\n\n","protected":false},"excerpt":{"rendered":"<p>Tag 74, Mittwoch, 07. September, Ketelhaven &#8211; Ermelo, Strand Horst43,4 km \u2013\u00a0 2 Schleusen \u2013 5 h FahrzeitMeine G\u00fcte hat das gestern Nacht gescheppert. Im Grevelinger Meer war das Gewitter schon gegen Abend. Sind schon fr\u00fch vom Ketelhaven gestartet, da wir bis Strand Horst, statt Elburg, durchfahren wollen. Morgen soll es den ganzen Tag regnen &hellip; <\/p>\n<p class=\"link-more\"><a href=\"https:\/\/mybonnechance.de\/?page_id=6364\" class=\"more-link\"><span class=\"screen-reader-text\">\u201e2022-41 Strand Horst\u201c<\/span> weiterlesen<\/a><\/p>\n","protected":false},"author":2,"featured_media":0,"parent":0,"menu_order":0,"comment_status":"closed","ping_status":"closed","template":"","meta":{"ngg_post_thumbnail":0,"footnotes":""},"class_list":["post-6364","page","type-page","status-publish","hentry"],"_links":{"self":[{"href":"https:\/\/mybonnechance.de\/index.php?rest_route=\/wp\/v2\/pages\/6364","targetHints":{"allow":["GET"]}}],"collection":[{"href":"https:\/\/mybonnechance.de\/index.php?rest_route=\/wp\/v2\/pages"}],"about":[{"href":"https:\/\/mybonnechance.de\/index.php?rest_route=\/wp\/v2\/types\/page"}],"author":[{"embeddable":true,"href":"https:\/\/mybonnechance.de\/index.php?rest_route=\/wp\/v2\/users\/2"}],"replies":[{"embeddable":true,"href":"https:\/\/mybonnechance.de\/index.php?rest_route=%2Fwp%2Fv2%2Fcomments&post=6364"}],"version-history":[{"count":7,"href":"https:\/\/mybonnechance.de\/index.php?rest_route=\/wp\/v2\/pages\/6364\/revisions"}],"predecessor-version":[{"id":6993,"href":"https:\/\/mybonnechance.de\/index.php?rest_route=\/wp\/v2\/pages\/6364\/revisions\/6993"}],"wp:attachment":[{"href":"https:\/\/mybonnechance.de\/index.php?rest_route=%2Fwp%2Fv2%2Fmedia&parent=6364"}],"curies":[{"name":"wp","href":"https:\/\/api.w.org\/{rel}","templated":true}]}}