{"id":6376,"date":"2022-10-14T12:38:17","date_gmt":"2022-10-14T12:38:17","guid":{"rendered":"https:\/\/mybonnechance.de\/?page_id=6376"},"modified":"2023-01-07T19:48:01","modified_gmt":"2023-01-07T19:48:01","slug":"2022-37-blokzijl","status":"publish","type":"page","link":"https:\/\/mybonnechance.de\/?page_id=6376","title":{"rendered":"2022-39 Blokzijl"},"content":{"rendered":"\n<p><strong>Tag 72, Montag, 05. September,<\/strong> <strong>  <\/strong> <strong>Marrekrit Weerribben<\/strong> <strong>&#8211; Blockzijl<\/strong>, <strong>Passantenhafen<\/strong><br>16,8 km \u2013&nbsp; 1 Schleusen &#8211; 3 bewegliche Br\u00fccken &#8211; 2,5 Fahrzeit<br>Die Fahrt durch die<strong> Kahlenbergergrachten<\/strong> und auch durch die anderen Kan\u00e4le, die eigentlich nur den Namen wechseln, ist wundersch\u00f6n. Wir starten kurz nach acht und eine herrliche, ruhige Stimmung umgibt uns. Wie sind die n\u00e4chsten 1 \u00bd Std. relativ allein. An dem Kanal sind einfach umwerfend tolle H\u00e4user und man denkt, man ist echt irgendwo in einem 50iger Jahre Heimatfilm gelandet. <\/p>\n\n\n\n<div class=\"wp-block-columns is-layout-flex wp-container-core-columns-is-layout-9d6595d7 wp-block-columns-is-layout-flex\">\n<div class=\"wp-block-column is-layout-flow wp-block-column-is-layout-flow\">\n<figure class=\"wp-block-image size-large is-style-default\"><img loading=\"lazy\" decoding=\"async\" width=\"498\" height=\"1024\" src=\"https:\/\/mybonnechance.de\/wp-content\/uploads\/2022\/12\/20220905_080123-498x1024.jpg\" alt=\"\" class=\"wp-image-6644\" srcset=\"https:\/\/mybonnechance.de\/wp-content\/uploads\/2022\/12\/20220905_080123-498x1024.jpg 498w, https:\/\/mybonnechance.de\/wp-content\/uploads\/2022\/12\/20220905_080123-146x300.jpg 146w, https:\/\/mybonnechance.de\/wp-content\/uploads\/2022\/12\/20220905_080123-768x1580.jpg 768w, https:\/\/mybonnechance.de\/wp-content\/uploads\/2022\/12\/20220905_080123-747x1536.jpg 747w, https:\/\/mybonnechance.de\/wp-content\/uploads\/2022\/12\/20220905_080123-996x2048.jpg 996w, https:\/\/mybonnechance.de\/wp-content\/uploads\/2022\/12\/20220905_080123-scaled.jpg 1244w\" sizes=\"auto, (max-width: 498px) 100vw, 498px\" \/><\/figure>\n<\/div>\n\n\n\n<div class=\"wp-block-column is-layout-flow wp-block-column-is-layout-flow\">\n<figure class=\"wp-block-image size-large is-style-default\"><img loading=\"lazy\" decoding=\"async\" width=\"498\" height=\"1024\" src=\"https:\/\/mybonnechance.de\/wp-content\/uploads\/2022\/12\/20220905_084652-2-498x1024.jpg\" alt=\"\" class=\"wp-image-6649\" srcset=\"https:\/\/mybonnechance.de\/wp-content\/uploads\/2022\/12\/20220905_084652-2-498x1024.jpg 498w, https:\/\/mybonnechance.de\/wp-content\/uploads\/2022\/12\/20220905_084652-2-146x300.jpg 146w, https:\/\/mybonnechance.de\/wp-content\/uploads\/2022\/12\/20220905_084652-2-768x1580.jpg 768w, https:\/\/mybonnechance.de\/wp-content\/uploads\/2022\/12\/20220905_084652-2-747x1536.jpg 747w, https:\/\/mybonnechance.de\/wp-content\/uploads\/2022\/12\/20220905_084652-2-996x2048.jpg 996w, https:\/\/mybonnechance.de\/wp-content\/uploads\/2022\/12\/20220905_084652-2-scaled.jpg 1244w\" sizes=\"auto, (max-width: 498px) 100vw, 498px\" \/><\/figure>\n<\/div>\n\n\n\n<div class=\"wp-block-column is-layout-flow wp-block-column-is-layout-flow\">\n<figure class=\"wp-block-image size-large is-style-default\"><img loading=\"lazy\" decoding=\"async\" width=\"498\" height=\"1024\" src=\"https:\/\/mybonnechance.de\/wp-content\/uploads\/2022\/12\/20220905_082023-498x1024.jpg\" alt=\"\" class=\"wp-image-6646\" srcset=\"https:\/\/mybonnechance.de\/wp-content\/uploads\/2022\/12\/20220905_082023-498x1024.jpg 498w, https:\/\/mybonnechance.de\/wp-content\/uploads\/2022\/12\/20220905_082023-146x300.jpg 146w, https:\/\/mybonnechance.de\/wp-content\/uploads\/2022\/12\/20220905_082023-768x1580.jpg 768w, https:\/\/mybonnechance.de\/wp-content\/uploads\/2022\/12\/20220905_082023-747x1536.jpg 747w, https:\/\/mybonnechance.de\/wp-content\/uploads\/2022\/12\/20220905_082023-996x2048.jpg 996w, https:\/\/mybonnechance.de\/wp-content\/uploads\/2022\/12\/20220905_082023-scaled.jpg 1244w\" sizes=\"auto, (max-width: 498px) 100vw, 498px\" \/><\/figure>\n<\/div>\n<\/div>\n\n\n\n<div class=\"wp-block-columns is-layout-flex wp-container-core-columns-is-layout-9d6595d7 wp-block-columns-is-layout-flex\">\n<div class=\"wp-block-column is-layout-flow wp-block-column-is-layout-flow\">\n<figure class=\"wp-block-image size-large is-style-default\"><img loading=\"lazy\" decoding=\"async\" width=\"498\" height=\"1024\" src=\"https:\/\/mybonnechance.de\/wp-content\/uploads\/2022\/12\/20220905_085619-498x1024.jpg\" alt=\"\" class=\"wp-image-6652\" srcset=\"https:\/\/mybonnechance.de\/wp-content\/uploads\/2022\/12\/20220905_085619-498x1024.jpg 498w, https:\/\/mybonnechance.de\/wp-content\/uploads\/2022\/12\/20220905_085619-146x300.jpg 146w, https:\/\/mybonnechance.de\/wp-content\/uploads\/2022\/12\/20220905_085619-768x1580.jpg 768w, https:\/\/mybonnechance.de\/wp-content\/uploads\/2022\/12\/20220905_085619-747x1536.jpg 747w, https:\/\/mybonnechance.de\/wp-content\/uploads\/2022\/12\/20220905_085619-996x2048.jpg 996w, https:\/\/mybonnechance.de\/wp-content\/uploads\/2022\/12\/20220905_085619-scaled.jpg 1244w\" sizes=\"auto, (max-width: 498px) 100vw, 498px\" \/><\/figure>\n<\/div>\n\n\n\n<div class=\"wp-block-column is-layout-flow wp-block-column-is-layout-flow\">\n<figure class=\"wp-block-image size-large is-style-default\"><img loading=\"lazy\" decoding=\"async\" width=\"498\" height=\"1024\" src=\"https:\/\/mybonnechance.de\/wp-content\/uploads\/2022\/12\/20220905_085403-498x1024.jpg\" alt=\"\" class=\"wp-image-6651\" srcset=\"https:\/\/mybonnechance.de\/wp-content\/uploads\/2022\/12\/20220905_085403-498x1024.jpg 498w, https:\/\/mybonnechance.de\/wp-content\/uploads\/2022\/12\/20220905_085403-146x300.jpg 146w, https:\/\/mybonnechance.de\/wp-content\/uploads\/2022\/12\/20220905_085403-768x1580.jpg 768w, https:\/\/mybonnechance.de\/wp-content\/uploads\/2022\/12\/20220905_085403-747x1536.jpg 747w, https:\/\/mybonnechance.de\/wp-content\/uploads\/2022\/12\/20220905_085403-996x2048.jpg 996w, https:\/\/mybonnechance.de\/wp-content\/uploads\/2022\/12\/20220905_085403-scaled.jpg 1244w\" sizes=\"auto, (max-width: 498px) 100vw, 498px\" \/><\/figure>\n<\/div>\n\n\n\n<div class=\"wp-block-column is-layout-flow wp-block-column-is-layout-flow\">\n<figure class=\"wp-block-image size-large is-style-default\"><img loading=\"lazy\" decoding=\"async\" width=\"498\" height=\"1024\" src=\"https:\/\/mybonnechance.de\/wp-content\/uploads\/2022\/12\/20220905_095238-498x1024.jpg\" alt=\"\" class=\"wp-image-6654\" srcset=\"https:\/\/mybonnechance.de\/wp-content\/uploads\/2022\/12\/20220905_095238-498x1024.jpg 498w, https:\/\/mybonnechance.de\/wp-content\/uploads\/2022\/12\/20220905_095238-146x300.jpg 146w, https:\/\/mybonnechance.de\/wp-content\/uploads\/2022\/12\/20220905_095238-768x1580.jpg 768w, https:\/\/mybonnechance.de\/wp-content\/uploads\/2022\/12\/20220905_095238-747x1536.jpg 747w, https:\/\/mybonnechance.de\/wp-content\/uploads\/2022\/12\/20220905_095238-996x2048.jpg 996w, https:\/\/mybonnechance.de\/wp-content\/uploads\/2022\/12\/20220905_095238-scaled.jpg 1244w\" sizes=\"auto, (max-width: 498px) 100vw, 498px\" \/><\/figure>\n<\/div>\n<\/div>\n\n\n\n<div class=\"wp-block-columns is-layout-flex wp-container-core-columns-is-layout-9d6595d7 wp-block-columns-is-layout-flex\">\n<div class=\"wp-block-column is-layout-flow wp-block-column-is-layout-flow\">\n<figure class=\"wp-block-image size-large is-style-default\"><img loading=\"lazy\" decoding=\"async\" width=\"498\" height=\"1024\" src=\"https:\/\/mybonnechance.de\/wp-content\/uploads\/2022\/12\/20220905_085922-1-498x1024.jpg\" alt=\"\" class=\"wp-image-6658\" srcset=\"https:\/\/mybonnechance.de\/wp-content\/uploads\/2022\/12\/20220905_085922-1-498x1024.jpg 498w, https:\/\/mybonnechance.de\/wp-content\/uploads\/2022\/12\/20220905_085922-1-146x300.jpg 146w, https:\/\/mybonnechance.de\/wp-content\/uploads\/2022\/12\/20220905_085922-1-768x1580.jpg 768w, https:\/\/mybonnechance.de\/wp-content\/uploads\/2022\/12\/20220905_085922-1-747x1536.jpg 747w, https:\/\/mybonnechance.de\/wp-content\/uploads\/2022\/12\/20220905_085922-1-996x2048.jpg 996w, https:\/\/mybonnechance.de\/wp-content\/uploads\/2022\/12\/20220905_085922-1-scaled.jpg 1244w\" sizes=\"auto, (max-width: 498px) 100vw, 498px\" \/><\/figure>\n<\/div>\n\n\n\n<div class=\"wp-block-column is-layout-flow wp-block-column-is-layout-flow\">\n<figure class=\"wp-block-image size-large is-resized is-style-default\"><img loading=\"lazy\" decoding=\"async\" src=\"https:\/\/mybonnechance.de\/wp-content\/uploads\/2022\/12\/20220905_132522-826x1024.jpg\" alt=\"\" class=\"wp-image-6656\" width=\"212\" height=\"262\" srcset=\"https:\/\/mybonnechance.de\/wp-content\/uploads\/2022\/12\/20220905_132522-826x1024.jpg 826w, https:\/\/mybonnechance.de\/wp-content\/uploads\/2022\/12\/20220905_132522-242x300.jpg 242w, https:\/\/mybonnechance.de\/wp-content\/uploads\/2022\/12\/20220905_132522-768x952.jpg 768w, https:\/\/mybonnechance.de\/wp-content\/uploads\/2022\/12\/20220905_132522-1239x1536.jpg 1239w, https:\/\/mybonnechance.de\/wp-content\/uploads\/2022\/12\/20220905_132522-1652x2048.jpg 1652w, https:\/\/mybonnechance.de\/wp-content\/uploads\/2022\/12\/20220905_132522.jpg 1886w\" sizes=\"auto, (max-width: 212px) 100vw, 212px\" \/><\/figure>\n<\/div>\n\n\n\n<div class=\"wp-block-column is-layout-flow wp-block-column-is-layout-flow\">\n<figure class=\"wp-block-image size-large is-style-default\"><img loading=\"lazy\" decoding=\"async\" width=\"498\" height=\"1024\" src=\"https:\/\/mybonnechance.de\/wp-content\/uploads\/2022\/12\/Blokzijl-2-498x1024.jpg\" alt=\"\" class=\"wp-image-6657\" srcset=\"https:\/\/mybonnechance.de\/wp-content\/uploads\/2022\/12\/Blokzijl-2-498x1024.jpg 498w, https:\/\/mybonnechance.de\/wp-content\/uploads\/2022\/12\/Blokzijl-2-146x300.jpg 146w, https:\/\/mybonnechance.de\/wp-content\/uploads\/2022\/12\/Blokzijl-2-768x1580.jpg 768w, https:\/\/mybonnechance.de\/wp-content\/uploads\/2022\/12\/Blokzijl-2-747x1536.jpg 747w, https:\/\/mybonnechance.de\/wp-content\/uploads\/2022\/12\/Blokzijl-2-996x2048.jpg 996w, https:\/\/mybonnechance.de\/wp-content\/uploads\/2022\/12\/Blokzijl-2-scaled.jpg 1244w\" sizes=\"auto, (max-width: 498px) 100vw, 498px\" \/><figcaption class=\"wp-element-caption\"><strong>Einfahrt nach Blockzijl<\/strong><\/figcaption><\/figure>\n<\/div>\n<\/div>\n\n\n\n<p>Ansonsten klappt alles wie immer reibungslos und 2,75 h sp\u00e4ter erreichen wir den Passantenhafen von <strong>Blockzijl<\/strong>.<\/p>\n\n\n\n<div class=\"wp-block-columns is-layout-flex wp-container-core-columns-is-layout-9d6595d7 wp-block-columns-is-layout-flex\">\n<div class=\"wp-block-column is-layout-flow wp-block-column-is-layout-flow\">\n<figure class=\"wp-block-image size-large is-style-default\"><img loading=\"lazy\" decoding=\"async\" width=\"498\" height=\"1024\" src=\"https:\/\/mybonnechance.de\/wp-content\/uploads\/2022\/12\/Hafen-4-1-498x1024.jpg\" alt=\"\" class=\"wp-image-6668\" srcset=\"https:\/\/mybonnechance.de\/wp-content\/uploads\/2022\/12\/Hafen-4-1-498x1024.jpg 498w, https:\/\/mybonnechance.de\/wp-content\/uploads\/2022\/12\/Hafen-4-1-146x300.jpg 146w, https:\/\/mybonnechance.de\/wp-content\/uploads\/2022\/12\/Hafen-4-1-768x1580.jpg 768w, https:\/\/mybonnechance.de\/wp-content\/uploads\/2022\/12\/Hafen-4-1-747x1536.jpg 747w, https:\/\/mybonnechance.de\/wp-content\/uploads\/2022\/12\/Hafen-4-1-996x2048.jpg 996w, https:\/\/mybonnechance.de\/wp-content\/uploads\/2022\/12\/Hafen-4-1-scaled.jpg 1244w\" sizes=\"auto, (max-width: 498px) 100vw, 498px\" \/><\/figure>\n<\/div>\n\n\n\n<div class=\"wp-block-column is-layout-flow wp-block-column-is-layout-flow\">\n<figure class=\"wp-block-image size-large is-style-default\"><img loading=\"lazy\" decoding=\"async\" width=\"498\" height=\"1024\" src=\"https:\/\/mybonnechance.de\/wp-content\/uploads\/2022\/12\/Hafen-2-1-498x1024.jpg\" alt=\"\" class=\"wp-image-6669\" srcset=\"https:\/\/mybonnechance.de\/wp-content\/uploads\/2022\/12\/Hafen-2-1-498x1024.jpg 498w, https:\/\/mybonnechance.de\/wp-content\/uploads\/2022\/12\/Hafen-2-1-146x300.jpg 146w, https:\/\/mybonnechance.de\/wp-content\/uploads\/2022\/12\/Hafen-2-1-768x1580.jpg 768w, https:\/\/mybonnechance.de\/wp-content\/uploads\/2022\/12\/Hafen-2-1-747x1536.jpg 747w, https:\/\/mybonnechance.de\/wp-content\/uploads\/2022\/12\/Hafen-2-1-996x2048.jpg 996w, https:\/\/mybonnechance.de\/wp-content\/uploads\/2022\/12\/Hafen-2-1-scaled.jpg 1244w\" sizes=\"auto, (max-width: 498px) 100vw, 498px\" \/><\/figure>\n<\/div>\n\n\n\n<div class=\"wp-block-column is-layout-flow wp-block-column-is-layout-flow\">\n<figure class=\"wp-block-image size-large is-style-default\"><img loading=\"lazy\" decoding=\"async\" width=\"498\" height=\"1024\" src=\"https:\/\/mybonnechance.de\/wp-content\/uploads\/2022\/12\/Blokzijl-7-1-498x1024.jpg\" alt=\"\" class=\"wp-image-6670\" srcset=\"https:\/\/mybonnechance.de\/wp-content\/uploads\/2022\/12\/Blokzijl-7-1-498x1024.jpg 498w, https:\/\/mybonnechance.de\/wp-content\/uploads\/2022\/12\/Blokzijl-7-1-146x300.jpg 146w, https:\/\/mybonnechance.de\/wp-content\/uploads\/2022\/12\/Blokzijl-7-1-768x1580.jpg 768w, https:\/\/mybonnechance.de\/wp-content\/uploads\/2022\/12\/Blokzijl-7-1-747x1536.jpg 747w, https:\/\/mybonnechance.de\/wp-content\/uploads\/2022\/12\/Blokzijl-7-1-996x2048.jpg 996w, https:\/\/mybonnechance.de\/wp-content\/uploads\/2022\/12\/Blokzijl-7-1-scaled.jpg 1244w\" sizes=\"auto, (max-width: 498px) 100vw, 498px\" \/><\/figure>\n<\/div>\n<\/div>\n\n\n\n<p>Als Erstes gehen wir zum Arzt bzw. zur Apotheke, da mein Arm durch den Wespenstich inzwischen sehr dick geworden ist. Man hilft mir netterweise mit einem Histaminika. Dann geht es zur Stadtbesichtigung. Blockzijl ist nicht sehr gro\u00df, aber nett.<\/p>\n\n\n\n<div class=\"wp-block-columns is-layout-flex wp-container-core-columns-is-layout-9d6595d7 wp-block-columns-is-layout-flex\">\n<div class=\"wp-block-column is-layout-flow wp-block-column-is-layout-flow\">\n<figure class=\"wp-block-image size-large is-style-default\"><img loading=\"lazy\" decoding=\"async\" width=\"498\" height=\"1024\" src=\"https:\/\/mybonnechance.de\/wp-content\/uploads\/2022\/12\/Blokzijl-8-498x1024.jpg\" alt=\"\" class=\"wp-image-6665\" srcset=\"https:\/\/mybonnechance.de\/wp-content\/uploads\/2022\/12\/Blokzijl-8-498x1024.jpg 498w, https:\/\/mybonnechance.de\/wp-content\/uploads\/2022\/12\/Blokzijl-8-146x300.jpg 146w, https:\/\/mybonnechance.de\/wp-content\/uploads\/2022\/12\/Blokzijl-8-768x1580.jpg 768w, https:\/\/mybonnechance.de\/wp-content\/uploads\/2022\/12\/Blokzijl-8-747x1536.jpg 747w, https:\/\/mybonnechance.de\/wp-content\/uploads\/2022\/12\/Blokzijl-8-996x2048.jpg 996w, https:\/\/mybonnechance.de\/wp-content\/uploads\/2022\/12\/Blokzijl-8-scaled.jpg 1244w\" sizes=\"auto, (max-width: 498px) 100vw, 498px\" \/><\/figure>\n<\/div>\n\n\n\n<div class=\"wp-block-column is-layout-flow wp-block-column-is-layout-flow\">\n<figure class=\"wp-block-image size-large is-style-default\"><img loading=\"lazy\" decoding=\"async\" width=\"498\" height=\"1024\" src=\"https:\/\/mybonnechance.de\/wp-content\/uploads\/2022\/12\/Blokzijl-9-498x1024.jpg\" alt=\"\" class=\"wp-image-6666\" srcset=\"https:\/\/mybonnechance.de\/wp-content\/uploads\/2022\/12\/Blokzijl-9-498x1024.jpg 498w, https:\/\/mybonnechance.de\/wp-content\/uploads\/2022\/12\/Blokzijl-9-146x300.jpg 146w, https:\/\/mybonnechance.de\/wp-content\/uploads\/2022\/12\/Blokzijl-9-768x1580.jpg 768w, https:\/\/mybonnechance.de\/wp-content\/uploads\/2022\/12\/Blokzijl-9-747x1536.jpg 747w, https:\/\/mybonnechance.de\/wp-content\/uploads\/2022\/12\/Blokzijl-9-996x2048.jpg 996w, https:\/\/mybonnechance.de\/wp-content\/uploads\/2022\/12\/Blokzijl-9-scaled.jpg 1244w\" sizes=\"auto, (max-width: 498px) 100vw, 498px\" \/><\/figure>\n<\/div>\n\n\n\n<div class=\"wp-block-column is-layout-flow wp-block-column-is-layout-flow\">\n<figure class=\"wp-block-image size-large is-style-default\"><img loading=\"lazy\" decoding=\"async\" width=\"498\" height=\"1024\" src=\"https:\/\/mybonnechance.de\/wp-content\/uploads\/2022\/12\/Blokzijl-10-498x1024.jpg\" alt=\"\" class=\"wp-image-6667\" srcset=\"https:\/\/mybonnechance.de\/wp-content\/uploads\/2022\/12\/Blokzijl-10-498x1024.jpg 498w, https:\/\/mybonnechance.de\/wp-content\/uploads\/2022\/12\/Blokzijl-10-146x300.jpg 146w, https:\/\/mybonnechance.de\/wp-content\/uploads\/2022\/12\/Blokzijl-10-768x1580.jpg 768w, https:\/\/mybonnechance.de\/wp-content\/uploads\/2022\/12\/Blokzijl-10-747x1536.jpg 747w, https:\/\/mybonnechance.de\/wp-content\/uploads\/2022\/12\/Blokzijl-10-996x2048.jpg 996w, https:\/\/mybonnechance.de\/wp-content\/uploads\/2022\/12\/Blokzijl-10-scaled.jpg 1244w\" sizes=\"auto, (max-width: 498px) 100vw, 498px\" \/><\/figure>\n<\/div>\n<\/div>\n\n\n\n<p>Abends mal wieder essen gewesen. Spareribs im <strong>Cafe Prins Mauritshuis<\/strong>. War bei weitem nicht so eine gro\u00dfe Portion wie sonst, aber ausreichend und lecker.<\/p>\n\n\n\n<p><a href=\"https:\/\/mybonnechance.de\/?page_id=6362\" data-type=\"URL\" data-id=\"https:\/\/mybonnechance.de\/?page_id=6362\">Vorw\u00e4rts<\/a><\/p>\n","protected":false},"excerpt":{"rendered":"<p>Tag 72, Montag, 05. September, Marrekrit Weerribben &#8211; Blockzijl, Passantenhafen16,8 km \u2013&nbsp; 1 Schleusen &#8211; 3 bewegliche Br\u00fccken &#8211; 2,5 FahrzeitDie Fahrt durch die Kahlenbergergrachten und auch durch die anderen Kan\u00e4le, die eigentlich nur den Namen wechseln, ist wundersch\u00f6n. Wir starten kurz nach acht und eine herrliche, ruhige Stimmung umgibt uns. Wie sind die n\u00e4chsten &hellip; <\/p>\n<p class=\"link-more\"><a href=\"https:\/\/mybonnechance.de\/?page_id=6376\" class=\"more-link\"><span class=\"screen-reader-text\">\u201e2022-39 Blokzijl\u201c<\/span> weiterlesen<\/a><\/p>\n","protected":false},"author":2,"featured_media":0,"parent":0,"menu_order":0,"comment_status":"closed","ping_status":"closed","template":"","meta":{"ngg_post_thumbnail":0,"footnotes":""},"class_list":["post-6376","page","type-page","status-publish","hentry"],"_links":{"self":[{"href":"https:\/\/mybonnechance.de\/index.php?rest_route=\/wp\/v2\/pages\/6376","targetHints":{"allow":["GET"]}}],"collection":[{"href":"https:\/\/mybonnechance.de\/index.php?rest_route=\/wp\/v2\/pages"}],"about":[{"href":"https:\/\/mybonnechance.de\/index.php?rest_route=\/wp\/v2\/types\/page"}],"author":[{"embeddable":true,"href":"https:\/\/mybonnechance.de\/index.php?rest_route=\/wp\/v2\/users\/2"}],"replies":[{"embeddable":true,"href":"https:\/\/mybonnechance.de\/index.php?rest_route=%2Fwp%2Fv2%2Fcomments&post=6376"}],"version-history":[{"count":8,"href":"https:\/\/mybonnechance.de\/index.php?rest_route=\/wp\/v2\/pages\/6376\/revisions"}],"predecessor-version":[{"id":6927,"href":"https:\/\/mybonnechance.de\/index.php?rest_route=\/wp\/v2\/pages\/6376\/revisions\/6927"}],"wp:attachment":[{"href":"https:\/\/mybonnechance.de\/index.php?rest_route=%2Fwp%2Fv2%2Fmedia&parent=6376"}],"curies":[{"name":"wp","href":"https:\/\/api.w.org\/{rel}","templated":true}]}}