{"id":6383,"date":"2022-10-14T12:44:21","date_gmt":"2022-10-14T12:44:21","guid":{"rendered":"https:\/\/mybonnechance.de\/?page_id=6383"},"modified":"2023-01-07T19:56:46","modified_gmt":"2023-01-07T19:56:46","slug":"2022-42-vianen","status":"publish","type":"page","link":"https:\/\/mybonnechance.de\/?page_id=6383","title":{"rendered":"2022-44 Vianen"},"content":{"rendered":"\n<p><strong>Tag 77, Samstag, 10. September,   Nederhors<\/strong><strong>t<\/strong> <strong>&#8211; Vianen, Passantenhaven<\/strong><br>43,9 km \u2013\u00a0 1 Schleusen \u2013 5,5 h Fahrzeit<br>Na das nenne ich mal echt Verfahren. Wir sind siegessicher den <strong>AR Kanal<\/strong> runter bis wir auf einmal ein Schild Weesp sehen \u2013 definitv falsche Richtung. Also drehen und insgesamt 30 min. verloren, aber wir haben ja Zeit. Der Verkehr ist heute wesentlich st\u00e4rker, auch von Berufsschiffern, als noch vor 3 Jahren. Aber da sind wir auch Sonntags gefahren. <\/p>\n\n\n\n<div class=\"wp-block-columns is-layout-flex wp-container-core-columns-is-layout-9d6595d7 wp-block-columns-is-layout-flex\">\n<div class=\"wp-block-column is-layout-flow wp-block-column-is-layout-flow\">\n<figure class=\"wp-block-image size-large is-style-default\"><img loading=\"lazy\" decoding=\"async\" width=\"498\" height=\"1024\" src=\"https:\/\/mybonnechance.de\/wp-content\/uploads\/2022\/12\/20220910_083503-498x1024.jpg\" alt=\"\" class=\"wp-image-6730\" srcset=\"https:\/\/mybonnechance.de\/wp-content\/uploads\/2022\/12\/20220910_083503-498x1024.jpg 498w, https:\/\/mybonnechance.de\/wp-content\/uploads\/2022\/12\/20220910_083503-146x300.jpg 146w, https:\/\/mybonnechance.de\/wp-content\/uploads\/2022\/12\/20220910_083503-768x1580.jpg 768w, https:\/\/mybonnechance.de\/wp-content\/uploads\/2022\/12\/20220910_083503-747x1536.jpg 747w, https:\/\/mybonnechance.de\/wp-content\/uploads\/2022\/12\/20220910_083503-996x2048.jpg 996w, https:\/\/mybonnechance.de\/wp-content\/uploads\/2022\/12\/20220910_083503-scaled.jpg 1244w\" sizes=\"auto, (max-width: 498px) 100vw, 498px\" \/><\/figure>\n<\/div>\n\n\n\n<div class=\"wp-block-column is-layout-flow wp-block-column-is-layout-flow\">\n<figure class=\"wp-block-image size-large is-style-default\"><img loading=\"lazy\" decoding=\"async\" width=\"498\" height=\"1024\" src=\"https:\/\/mybonnechance.de\/wp-content\/uploads\/2022\/12\/20220910_1142580-498x1024.jpg\" alt=\"\" class=\"wp-image-6731\" srcset=\"https:\/\/mybonnechance.de\/wp-content\/uploads\/2022\/12\/20220910_1142580-498x1024.jpg 498w, https:\/\/mybonnechance.de\/wp-content\/uploads\/2022\/12\/20220910_1142580-146x300.jpg 146w, https:\/\/mybonnechance.de\/wp-content\/uploads\/2022\/12\/20220910_1142580-768x1580.jpg 768w, https:\/\/mybonnechance.de\/wp-content\/uploads\/2022\/12\/20220910_1142580-747x1536.jpg 747w, https:\/\/mybonnechance.de\/wp-content\/uploads\/2022\/12\/20220910_1142580-996x2048.jpg 996w, https:\/\/mybonnechance.de\/wp-content\/uploads\/2022\/12\/20220910_1142580-scaled.jpg 1244w\" sizes=\"auto, (max-width: 498px) 100vw, 498px\" \/><\/figure>\n<\/div>\n<\/div>\n\n\n\n<figure class=\"wp-block-image size-large is-style-default\"><img loading=\"lazy\" decoding=\"async\" width=\"1024\" height=\"498\" src=\"https:\/\/mybonnechance.de\/wp-content\/uploads\/2022\/12\/20220910_095812-1-1024x498.jpg\" alt=\"\" class=\"wp-image-6733\" srcset=\"https:\/\/mybonnechance.de\/wp-content\/uploads\/2022\/12\/20220910_095812-1-1024x498.jpg 1024w, https:\/\/mybonnechance.de\/wp-content\/uploads\/2022\/12\/20220910_095812-1-300x146.jpg 300w, https:\/\/mybonnechance.de\/wp-content\/uploads\/2022\/12\/20220910_095812-1-768x373.jpg 768w, https:\/\/mybonnechance.de\/wp-content\/uploads\/2022\/12\/20220910_095812-1-1536x747.jpg 1536w, https:\/\/mybonnechance.de\/wp-content\/uploads\/2022\/12\/20220910_095812-1-2048x996.jpg 2048w\" sizes=\"auto, (max-width: 767px) 89vw, (max-width: 1000px) 54vw, (max-width: 1071px) 543px, 580px\" \/><figcaption class=\"wp-element-caption\"><strong>Sch\u00f6nes Hotelschiff<\/strong><\/figcaption><\/figure>\n\n\n\n<div class=\"wp-block-columns is-layout-flex wp-container-core-columns-is-layout-9d6595d7 wp-block-columns-is-layout-flex\">\n<div class=\"wp-block-column is-layout-flow wp-block-column-is-layout-flow\">\n<figure class=\"wp-block-image size-large is-style-default\"><img loading=\"lazy\" decoding=\"async\" width=\"498\" height=\"1024\" src=\"https:\/\/mybonnechance.de\/wp-content\/uploads\/2022\/12\/20220910_122416-498x1024.jpg\" alt=\"\" class=\"wp-image-6734\" srcset=\"https:\/\/mybonnechance.de\/wp-content\/uploads\/2022\/12\/20220910_122416-498x1024.jpg 498w, https:\/\/mybonnechance.de\/wp-content\/uploads\/2022\/12\/20220910_122416-146x300.jpg 146w, https:\/\/mybonnechance.de\/wp-content\/uploads\/2022\/12\/20220910_122416-768x1580.jpg 768w, https:\/\/mybonnechance.de\/wp-content\/uploads\/2022\/12\/20220910_122416-747x1536.jpg 747w, https:\/\/mybonnechance.de\/wp-content\/uploads\/2022\/12\/20220910_122416-996x2048.jpg 996w, https:\/\/mybonnechance.de\/wp-content\/uploads\/2022\/12\/20220910_122416-scaled.jpg 1244w\" sizes=\"auto, (max-width: 498px) 100vw, 498px\" \/><figcaption class=\"wp-element-caption\"><strong>Amsterdam Rhein Kanal<\/strong><\/figcaption><\/figure>\n<\/div>\n\n\n\n<div class=\"wp-block-column is-layout-flow wp-block-column-is-layout-flow\">\n<figure class=\"wp-block-image size-large is-style-default\"><img loading=\"lazy\" decoding=\"async\" width=\"498\" height=\"1024\" src=\"https:\/\/mybonnechance.de\/wp-content\/uploads\/2022\/12\/20220910_122752-498x1024.jpg\" alt=\"\" class=\"wp-image-6735\" srcset=\"https:\/\/mybonnechance.de\/wp-content\/uploads\/2022\/12\/20220910_122752-498x1024.jpg 498w, https:\/\/mybonnechance.de\/wp-content\/uploads\/2022\/12\/20220910_122752-146x300.jpg 146w, https:\/\/mybonnechance.de\/wp-content\/uploads\/2022\/12\/20220910_122752-768x1580.jpg 768w, https:\/\/mybonnechance.de\/wp-content\/uploads\/2022\/12\/20220910_122752-747x1536.jpg 747w, https:\/\/mybonnechance.de\/wp-content\/uploads\/2022\/12\/20220910_122752-996x2048.jpg 996w, https:\/\/mybonnechance.de\/wp-content\/uploads\/2022\/12\/20220910_122752-scaled.jpg 1244w\" sizes=\"auto, (max-width: 498px) 100vw, 498px\" \/><\/figure>\n<\/div>\n<\/div>\n\n\n\n<p>Ich muss auch meine Erinnerung an <strong>Vianen<\/strong> zum positiven revidieren. Sehr nette Einkaufsstra\u00dfe mit vielen Restaurants und kleinen Gesch\u00e4ften. Aber vor 3 Jahren war das Wetter nicht so sch\u00f6n, wahrscheinlich keine Au\u00dfengastronomie und keiner war gro\u00df auf der Stra\u00dfe. Bei Sonnenschein macht es gleich ein anderes Bild. <strong>AH + Jumbo direkt hintem Hafen.<\/strong><\/p>\n\n\n\n<div class=\"wp-block-columns is-layout-flex wp-container-core-columns-is-layout-9d6595d7 wp-block-columns-is-layout-flex\">\n<div class=\"wp-block-column is-layout-flow wp-block-column-is-layout-flow\">\n<figure class=\"wp-block-image size-large is-style-default\"><img loading=\"lazy\" decoding=\"async\" width=\"498\" height=\"1024\" src=\"https:\/\/mybonnechance.de\/wp-content\/uploads\/2022\/12\/20220910_161534-1-498x1024.jpg\" alt=\"\" class=\"wp-image-6740\" srcset=\"https:\/\/mybonnechance.de\/wp-content\/uploads\/2022\/12\/20220910_161534-1-498x1024.jpg 498w, https:\/\/mybonnechance.de\/wp-content\/uploads\/2022\/12\/20220910_161534-1-146x300.jpg 146w, https:\/\/mybonnechance.de\/wp-content\/uploads\/2022\/12\/20220910_161534-1-768x1580.jpg 768w, https:\/\/mybonnechance.de\/wp-content\/uploads\/2022\/12\/20220910_161534-1-747x1536.jpg 747w, https:\/\/mybonnechance.de\/wp-content\/uploads\/2022\/12\/20220910_161534-1-996x2048.jpg 996w, https:\/\/mybonnechance.de\/wp-content\/uploads\/2022\/12\/20220910_161534-1-scaled.jpg 1244w\" sizes=\"auto, (max-width: 498px) 100vw, 498px\" \/><\/figure>\n<\/div>\n\n\n\n<div class=\"wp-block-column is-layout-flow wp-block-column-is-layout-flow\">\n<figure class=\"wp-block-image size-large is-style-default\"><img loading=\"lazy\" decoding=\"async\" width=\"498\" height=\"1024\" src=\"https:\/\/mybonnechance.de\/wp-content\/uploads\/2022\/12\/20220910_161540-1-498x1024.jpg\" alt=\"\" class=\"wp-image-6738\" srcset=\"https:\/\/mybonnechance.de\/wp-content\/uploads\/2022\/12\/20220910_161540-1-498x1024.jpg 498w, https:\/\/mybonnechance.de\/wp-content\/uploads\/2022\/12\/20220910_161540-1-146x300.jpg 146w, https:\/\/mybonnechance.de\/wp-content\/uploads\/2022\/12\/20220910_161540-1-768x1580.jpg 768w, https:\/\/mybonnechance.de\/wp-content\/uploads\/2022\/12\/20220910_161540-1-747x1536.jpg 747w, https:\/\/mybonnechance.de\/wp-content\/uploads\/2022\/12\/20220910_161540-1-996x2048.jpg 996w, https:\/\/mybonnechance.de\/wp-content\/uploads\/2022\/12\/20220910_161540-1-scaled.jpg 1244w\" sizes=\"auto, (max-width: 498px) 100vw, 498px\" \/><\/figure>\n<\/div>\n\n\n\n<div class=\"wp-block-column is-layout-flow wp-block-column-is-layout-flow\">\n<figure class=\"wp-block-image size-large is-style-default\"><img loading=\"lazy\" decoding=\"async\" width=\"498\" height=\"1024\" src=\"https:\/\/mybonnechance.de\/wp-content\/uploads\/2022\/12\/20220910_162636-498x1024.jpg\" alt=\"\" class=\"wp-image-6739\" srcset=\"https:\/\/mybonnechance.de\/wp-content\/uploads\/2022\/12\/20220910_162636-498x1024.jpg 498w, https:\/\/mybonnechance.de\/wp-content\/uploads\/2022\/12\/20220910_162636-146x300.jpg 146w, https:\/\/mybonnechance.de\/wp-content\/uploads\/2022\/12\/20220910_162636-768x1580.jpg 768w, https:\/\/mybonnechance.de\/wp-content\/uploads\/2022\/12\/20220910_162636-747x1536.jpg 747w, https:\/\/mybonnechance.de\/wp-content\/uploads\/2022\/12\/20220910_162636-996x2048.jpg 996w, https:\/\/mybonnechance.de\/wp-content\/uploads\/2022\/12\/20220910_162636-scaled.jpg 1244w\" sizes=\"auto, (max-width: 498px) 100vw, 498px\" \/><\/figure>\n<\/div>\n<\/div>\n\n\n\n<p>Da an dem Merwedekanal w\u00e4hrend der Woche gearbeitet wird und es nur eingeschr\u00e4nkte \u00d6ffnungszeiten gibt, haben wir extra so geplant, da\u00df wir morgen, also am Sonntag, durchfahren. Schade eigentlich, denn heute ist in Vianen ein Theaterfest mit Musik. Die Baustelle bleibt noch bis Oktober 2023.  <br><strong>Beim n\u00e4chsten Besuch unbedingt 1 Tag mehr einplanen, da Utrecht nur 11 km entfernt ist \u2013 prima Radtour.<\/strong><\/p>\n\n\n","protected":false},"excerpt":{"rendered":"<p>Tag 77, Samstag, 10. September, Nederhorst &#8211; Vianen, Passantenhaven43,9 km \u2013\u00a0 1 Schleusen \u2013 5,5 h FahrzeitNa das nenne ich mal echt Verfahren. Wir sind siegessicher den AR Kanal runter bis wir auf einmal ein Schild Weesp sehen \u2013 definitv falsche Richtung. Also drehen und insgesamt 30 min. verloren, aber wir haben ja Zeit. Der &hellip; <\/p>\n<p class=\"link-more\"><a href=\"https:\/\/mybonnechance.de\/?page_id=6383\" class=\"more-link\"><span class=\"screen-reader-text\">\u201e2022-44 Vianen\u201c<\/span> weiterlesen<\/a><\/p>\n","protected":false},"author":2,"featured_media":0,"parent":0,"menu_order":0,"comment_status":"closed","ping_status":"closed","template":"","meta":{"ngg_post_thumbnail":0,"footnotes":""},"class_list":["post-6383","page","type-page","status-publish","hentry"],"_links":{"self":[{"href":"https:\/\/mybonnechance.de\/index.php?rest_route=\/wp\/v2\/pages\/6383","targetHints":{"allow":["GET"]}}],"collection":[{"href":"https:\/\/mybonnechance.de\/index.php?rest_route=\/wp\/v2\/pages"}],"about":[{"href":"https:\/\/mybonnechance.de\/index.php?rest_route=\/wp\/v2\/types\/page"}],"author":[{"embeddable":true,"href":"https:\/\/mybonnechance.de\/index.php?rest_route=\/wp\/v2\/users\/2"}],"replies":[{"embeddable":true,"href":"https:\/\/mybonnechance.de\/index.php?rest_route=%2Fwp%2Fv2%2Fcomments&post=6383"}],"version-history":[{"count":8,"href":"https:\/\/mybonnechance.de\/index.php?rest_route=\/wp\/v2\/pages\/6383\/revisions"}],"predecessor-version":[{"id":6998,"href":"https:\/\/mybonnechance.de\/index.php?rest_route=\/wp\/v2\/pages\/6383\/revisions\/6998"}],"wp:attachment":[{"href":"https:\/\/mybonnechance.de\/index.php?rest_route=%2Fwp%2Fv2%2Fmedia&parent=6383"}],"curies":[{"name":"wp","href":"https:\/\/api.w.org\/{rel}","templated":true}]}}