{"id":6385,"date":"2022-10-14T12:44:42","date_gmt":"2022-10-14T12:44:42","guid":{"rendered":"https:\/\/mybonnechance.de\/?page_id=6385"},"modified":"2023-01-07T19:59:34","modified_gmt":"2023-01-07T19:59:34","slug":"2022-43-woudrichem","status":"publish","type":"page","link":"https:\/\/mybonnechance.de\/?page_id=6385","title":{"rendered":"2022-45 Woudrichem"},"content":{"rendered":"\n<p><strong>Tag 78, Sonntag, 11. September,  Vianen &#8211; Woudrichem, Passantenhaven<\/strong><br>25,9 km \u2013&nbsp; 1 Schleusen \u2013 7 bewegliche Br\u00fccken &#8211; 3,5 h Fahrzeit<br>Wir starten um 9 Uhr bei ziemlichem Nebel. An der 1. Br\u00fccke machen wir fest, da man echt dahinter nichts mehr sieht und warten erst mal ab.<\/p>\n\n\n\n<div class=\"wp-block-columns is-layout-flex wp-container-core-columns-is-layout-9d6595d7 wp-block-columns-is-layout-flex\">\n<div class=\"wp-block-column is-layout-flow wp-block-column-is-layout-flow\">\n<figure class=\"wp-block-image size-large is-style-default\"><img loading=\"lazy\" decoding=\"async\" width=\"498\" height=\"1024\" src=\"https:\/\/mybonnechance.de\/wp-content\/uploads\/2023\/01\/20220911_090933-498x1024.jpg\" alt=\"\" class=\"wp-image-6753\" srcset=\"https:\/\/mybonnechance.de\/wp-content\/uploads\/2023\/01\/20220911_090933-498x1024.jpg 498w, https:\/\/mybonnechance.de\/wp-content\/uploads\/2023\/01\/20220911_090933-146x300.jpg 146w, https:\/\/mybonnechance.de\/wp-content\/uploads\/2023\/01\/20220911_090933-768x1580.jpg 768w, https:\/\/mybonnechance.de\/wp-content\/uploads\/2023\/01\/20220911_090933-747x1536.jpg 747w, https:\/\/mybonnechance.de\/wp-content\/uploads\/2023\/01\/20220911_090933-996x2048.jpg 996w, https:\/\/mybonnechance.de\/wp-content\/uploads\/2023\/01\/20220911_090933-scaled.jpg 1244w\" sizes=\"auto, (max-width: 498px) 100vw, 498px\" \/><\/figure>\n<\/div>\n\n\n\n<div class=\"wp-block-column is-layout-flow wp-block-column-is-layout-flow\">\n<figure class=\"wp-block-image size-large is-style-default\"><img loading=\"lazy\" decoding=\"async\" width=\"498\" height=\"1024\" src=\"https:\/\/mybonnechance.de\/wp-content\/uploads\/2023\/01\/20220911_091009-498x1024.jpg\" alt=\"\" class=\"wp-image-6754\" srcset=\"https:\/\/mybonnechance.de\/wp-content\/uploads\/2023\/01\/20220911_091009-498x1024.jpg 498w, https:\/\/mybonnechance.de\/wp-content\/uploads\/2023\/01\/20220911_091009-146x300.jpg 146w, https:\/\/mybonnechance.de\/wp-content\/uploads\/2023\/01\/20220911_091009-768x1580.jpg 768w, https:\/\/mybonnechance.de\/wp-content\/uploads\/2023\/01\/20220911_091009-747x1536.jpg 747w, https:\/\/mybonnechance.de\/wp-content\/uploads\/2023\/01\/20220911_091009-996x2048.jpg 996w, https:\/\/mybonnechance.de\/wp-content\/uploads\/2023\/01\/20220911_091009-scaled.jpg 1244w\" sizes=\"auto, (max-width: 498px) 100vw, 498px\" \/><\/figure>\n<\/div>\n\n\n\n<div class=\"wp-block-column is-layout-flow wp-block-column-is-layout-flow\">\n<figure class=\"wp-block-image size-large is-style-default\"><img loading=\"lazy\" decoding=\"async\" width=\"498\" height=\"1024\" src=\"https:\/\/mybonnechance.de\/wp-content\/uploads\/2023\/01\/20220911_092651-498x1024.jpg\" alt=\"\" class=\"wp-image-6755\" srcset=\"https:\/\/mybonnechance.de\/wp-content\/uploads\/2023\/01\/20220911_092651-498x1024.jpg 498w, https:\/\/mybonnechance.de\/wp-content\/uploads\/2023\/01\/20220911_092651-146x300.jpg 146w, https:\/\/mybonnechance.de\/wp-content\/uploads\/2023\/01\/20220911_092651-768x1580.jpg 768w, https:\/\/mybonnechance.de\/wp-content\/uploads\/2023\/01\/20220911_092651-747x1536.jpg 747w, https:\/\/mybonnechance.de\/wp-content\/uploads\/2023\/01\/20220911_092651-996x2048.jpg 996w, https:\/\/mybonnechance.de\/wp-content\/uploads\/2023\/01\/20220911_092651-scaled.jpg 1244w\" sizes=\"auto, (max-width: 498px) 100vw, 498px\" \/><\/figure>\n<\/div>\n<\/div>\n\n\n\n<p>Wir haben Gl\u00fcck und nach 15\u2018 kommen 2 kleine Schlepper an die wir uns einfach dranh\u00e4ngen. Die k\u00f6nnen uns sch\u00f6n f\u00fchren und f\u00fcr uns den Funk mit den Br\u00fccken \u00fcbernehmen. Danach haben wir echt Gl\u00fcck mit Br\u00fccken und Schleusen. Keine gro\u00dfen Wartezeiten. Kurz vor Gorinchem mussten wir an der <strong>Gorinchemse Kanaalssluis<\/strong> den Ger\u00e4tetr\u00e4ger nochmal legen, da die Br\u00fccke Sonntags nicht \u00f6ffnet. Aber sonst alles entspannt.  <br>Heute wollen uns unsere Freunde treffen. In Woudrichem angekommen gibt es erstmal einen Schreck. Fast der gesamte Steg liegt voller Plattbodenschiffe. Deren Wochenendtreffen ist aber zum Gl\u00fcck vorbei und ein gro\u00dfer Teil der Schiffe fahren nach Hause.<\/p>\n\n\n\n<div class=\"wp-block-columns is-layout-flex wp-container-core-columns-is-layout-9d6595d7 wp-block-columns-is-layout-flex\">\n<div class=\"wp-block-column is-layout-flow wp-block-column-is-layout-flow\">\n<figure class=\"wp-block-image size-large is-style-default\"><img loading=\"lazy\" decoding=\"async\" width=\"498\" height=\"1024\" src=\"https:\/\/mybonnechance.de\/wp-content\/uploads\/2023\/01\/20220911_123654-3-498x1024.jpg\" alt=\"\" class=\"wp-image-6781\" srcset=\"https:\/\/mybonnechance.de\/wp-content\/uploads\/2023\/01\/20220911_123654-3-498x1024.jpg 498w, https:\/\/mybonnechance.de\/wp-content\/uploads\/2023\/01\/20220911_123654-3-146x300.jpg 146w, https:\/\/mybonnechance.de\/wp-content\/uploads\/2023\/01\/20220911_123654-3-768x1580.jpg 768w, https:\/\/mybonnechance.de\/wp-content\/uploads\/2023\/01\/20220911_123654-3-747x1536.jpg 747w, https:\/\/mybonnechance.de\/wp-content\/uploads\/2023\/01\/20220911_123654-3-996x2048.jpg 996w, https:\/\/mybonnechance.de\/wp-content\/uploads\/2023\/01\/20220911_123654-3-scaled.jpg 1244w\" sizes=\"auto, (max-width: 498px) 100vw, 498px\" \/><\/figure>\n<\/div>\n\n\n\n<div class=\"wp-block-column is-layout-flow wp-block-column-is-layout-flow\">\n<figure class=\"wp-block-image size-large is-style-default\"><img loading=\"lazy\" decoding=\"async\" width=\"498\" height=\"1024\" src=\"https:\/\/mybonnechance.de\/wp-content\/uploads\/2023\/01\/20220912_110430-498x1024.jpg\" alt=\"\" class=\"wp-image-6782\" srcset=\"https:\/\/mybonnechance.de\/wp-content\/uploads\/2023\/01\/20220912_110430-498x1024.jpg 498w, https:\/\/mybonnechance.de\/wp-content\/uploads\/2023\/01\/20220912_110430-146x300.jpg 146w, https:\/\/mybonnechance.de\/wp-content\/uploads\/2023\/01\/20220912_110430-768x1580.jpg 768w, https:\/\/mybonnechance.de\/wp-content\/uploads\/2023\/01\/20220912_110430-747x1536.jpg 747w, https:\/\/mybonnechance.de\/wp-content\/uploads\/2023\/01\/20220912_110430-996x2048.jpg 996w, https:\/\/mybonnechance.de\/wp-content\/uploads\/2023\/01\/20220912_110430-scaled.jpg 1244w\" sizes=\"auto, (max-width: 498px) 100vw, 498px\" \/><\/figure>\n<\/div>\n<\/div>\n\n\n\n<p>Keine 20 min. sp\u00e4ter kommen unsere Freunde mit zwei Booten an und finden auch noch Platz.<\/p>\n\n\n\n<figure class=\"wp-block-image size-large is-style-default\"><img loading=\"lazy\" decoding=\"async\" width=\"1024\" height=\"498\" src=\"https:\/\/mybonnechance.de\/wp-content\/uploads\/2023\/01\/20220911_170027-1-1024x498.jpg\" alt=\"\" class=\"wp-image-6759\" srcset=\"https:\/\/mybonnechance.de\/wp-content\/uploads\/2023\/01\/20220911_170027-1-1024x498.jpg 1024w, https:\/\/mybonnechance.de\/wp-content\/uploads\/2023\/01\/20220911_170027-1-300x146.jpg 300w, https:\/\/mybonnechance.de\/wp-content\/uploads\/2023\/01\/20220911_170027-1-768x373.jpg 768w, https:\/\/mybonnechance.de\/wp-content\/uploads\/2023\/01\/20220911_170027-1-1536x747.jpg 1536w, https:\/\/mybonnechance.de\/wp-content\/uploads\/2023\/01\/20220911_170027-1-2048x996.jpg 2048w\" sizes=\"auto, (max-width: 767px) 89vw, (max-width: 1000px) 54vw, (max-width: 1071px) 543px, 580px\" \/><\/figure>\n\n\n\n<div class=\"wp-block-columns is-layout-flex wp-container-core-columns-is-layout-9d6595d7 wp-block-columns-is-layout-flex\">\n<div class=\"wp-block-column is-layout-flow wp-block-column-is-layout-flow\">\n<figure class=\"wp-block-image size-large is-style-default\"><img loading=\"lazy\" decoding=\"async\" width=\"498\" height=\"1024\" src=\"https:\/\/mybonnechance.de\/wp-content\/uploads\/2023\/01\/20220912_101736-498x1024.jpg\" alt=\"\" class=\"wp-image-6783\" srcset=\"https:\/\/mybonnechance.de\/wp-content\/uploads\/2023\/01\/20220912_101736-498x1024.jpg 498w, https:\/\/mybonnechance.de\/wp-content\/uploads\/2023\/01\/20220912_101736-146x300.jpg 146w, https:\/\/mybonnechance.de\/wp-content\/uploads\/2023\/01\/20220912_101736-768x1580.jpg 768w, https:\/\/mybonnechance.de\/wp-content\/uploads\/2023\/01\/20220912_101736-747x1536.jpg 747w, https:\/\/mybonnechance.de\/wp-content\/uploads\/2023\/01\/20220912_101736-996x2048.jpg 996w, https:\/\/mybonnechance.de\/wp-content\/uploads\/2023\/01\/20220912_101736-scaled.jpg 1244w\" sizes=\"auto, (max-width: 498px) 100vw, 498px\" \/><figcaption class=\"wp-element-caption\"><strong>Lenny, unser aller Bordhund, freut sich auch \u00fcber das Wiedersehen<\/strong><\/figcaption><\/figure>\n<\/div>\n\n\n\n<div class=\"wp-block-column is-layout-flow wp-block-column-is-layout-flow\">\n<figure class=\"wp-block-image size-large is-resized is-style-default\"><img loading=\"lazy\" decoding=\"async\" src=\"https:\/\/mybonnechance.de\/wp-content\/uploads\/2023\/01\/20220911_170600-498x1024.jpg\" alt=\"\" class=\"wp-image-6764\" width=\"321\" height=\"660\" srcset=\"https:\/\/mybonnechance.de\/wp-content\/uploads\/2023\/01\/20220911_170600-498x1024.jpg 498w, https:\/\/mybonnechance.de\/wp-content\/uploads\/2023\/01\/20220911_170600-146x300.jpg 146w, https:\/\/mybonnechance.de\/wp-content\/uploads\/2023\/01\/20220911_170600-768x1580.jpg 768w, https:\/\/mybonnechance.de\/wp-content\/uploads\/2023\/01\/20220911_170600-747x1536.jpg 747w, https:\/\/mybonnechance.de\/wp-content\/uploads\/2023\/01\/20220911_170600-996x2048.jpg 996w, https:\/\/mybonnechance.de\/wp-content\/uploads\/2023\/01\/20220911_170600-scaled.jpg 1244w\" sizes=\"auto, (max-width: 321px) 100vw, 321px\" \/><\/figure>\n<\/div>\n<\/div>\n\n\n\n<p>Dann geht es ab in das romantische St\u00e4dtchen <strong>Woudrichem<\/strong>. Hier scheint die Zeit echt sgtehengeblieben zu sein.<\/p>\n\n\n\n<div class=\"wp-block-columns is-layout-flex wp-container-core-columns-is-layout-9d6595d7 wp-block-columns-is-layout-flex\">\n<div class=\"wp-block-column is-layout-flow wp-block-column-is-layout-flow\">\n<figure class=\"wp-block-image size-large is-style-default\"><img loading=\"lazy\" decoding=\"async\" width=\"498\" height=\"1024\" src=\"https:\/\/mybonnechance.de\/wp-content\/uploads\/2023\/01\/20220911_164106-498x1024.jpg\" alt=\"\" class=\"wp-image-6767\" srcset=\"https:\/\/mybonnechance.de\/wp-content\/uploads\/2023\/01\/20220911_164106-498x1024.jpg 498w, https:\/\/mybonnechance.de\/wp-content\/uploads\/2023\/01\/20220911_164106-146x300.jpg 146w, https:\/\/mybonnechance.de\/wp-content\/uploads\/2023\/01\/20220911_164106-768x1580.jpg 768w, https:\/\/mybonnechance.de\/wp-content\/uploads\/2023\/01\/20220911_164106-747x1536.jpg 747w, https:\/\/mybonnechance.de\/wp-content\/uploads\/2023\/01\/20220911_164106-996x2048.jpg 996w, https:\/\/mybonnechance.de\/wp-content\/uploads\/2023\/01\/20220911_164106-scaled.jpg 1244w\" sizes=\"auto, (max-width: 498px) 100vw, 498px\" \/><\/figure>\n\n\n\n<figure class=\"wp-block-image size-large is-style-default\"><img loading=\"lazy\" decoding=\"async\" width=\"498\" height=\"1024\" src=\"https:\/\/mybonnechance.de\/wp-content\/uploads\/2023\/01\/20220911_162507-498x1024.jpg\" alt=\"\" class=\"wp-image-6770\" srcset=\"https:\/\/mybonnechance.de\/wp-content\/uploads\/2023\/01\/20220911_162507-498x1024.jpg 498w, https:\/\/mybonnechance.de\/wp-content\/uploads\/2023\/01\/20220911_162507-146x300.jpg 146w, https:\/\/mybonnechance.de\/wp-content\/uploads\/2023\/01\/20220911_162507-768x1580.jpg 768w, https:\/\/mybonnechance.de\/wp-content\/uploads\/2023\/01\/20220911_162507-747x1536.jpg 747w, https:\/\/mybonnechance.de\/wp-content\/uploads\/2023\/01\/20220911_162507-996x2048.jpg 996w, https:\/\/mybonnechance.de\/wp-content\/uploads\/2023\/01\/20220911_162507-scaled.jpg 1244w\" sizes=\"auto, (max-width: 498px) 100vw, 498px\" \/><figcaption class=\"wp-element-caption\"><strong>St. Martinuskerk<\/strong><\/figcaption><\/figure>\n<\/div>\n\n\n\n<div class=\"wp-block-column is-layout-flow wp-block-column-is-layout-flow\">\n<figure class=\"wp-block-image size-large is-style-default\"><img loading=\"lazy\" decoding=\"async\" width=\"498\" height=\"1024\" src=\"https:\/\/mybonnechance.de\/wp-content\/uploads\/2023\/01\/20220911_165245-498x1024.jpg\" alt=\"\" class=\"wp-image-6768\" srcset=\"https:\/\/mybonnechance.de\/wp-content\/uploads\/2023\/01\/20220911_165245-498x1024.jpg 498w, https:\/\/mybonnechance.de\/wp-content\/uploads\/2023\/01\/20220911_165245-146x300.jpg 146w, https:\/\/mybonnechance.de\/wp-content\/uploads\/2023\/01\/20220911_165245-768x1580.jpg 768w, https:\/\/mybonnechance.de\/wp-content\/uploads\/2023\/01\/20220911_165245-747x1536.jpg 747w, https:\/\/mybonnechance.de\/wp-content\/uploads\/2023\/01\/20220911_165245-996x2048.jpg 996w, https:\/\/mybonnechance.de\/wp-content\/uploads\/2023\/01\/20220911_165245-scaled.jpg 1244w\" sizes=\"auto, (max-width: 498px) 100vw, 498px\" \/><figcaption class=\"wp-element-caption\"><strong>Alte Festungsmauer = Gevangenenpoort<\/strong><\/figcaption><\/figure>\n\n\n\n<figure class=\"wp-block-image size-large is-style-default\"><img loading=\"lazy\" decoding=\"async\" width=\"498\" height=\"1024\" src=\"https:\/\/mybonnechance.de\/wp-content\/uploads\/2023\/01\/20220911_165659-498x1024.jpg\" alt=\"\" class=\"wp-image-6771\" srcset=\"https:\/\/mybonnechance.de\/wp-content\/uploads\/2023\/01\/20220911_165659-498x1024.jpg 498w, https:\/\/mybonnechance.de\/wp-content\/uploads\/2023\/01\/20220911_165659-146x300.jpg 146w, https:\/\/mybonnechance.de\/wp-content\/uploads\/2023\/01\/20220911_165659-768x1580.jpg 768w, https:\/\/mybonnechance.de\/wp-content\/uploads\/2023\/01\/20220911_165659-747x1536.jpg 747w, https:\/\/mybonnechance.de\/wp-content\/uploads\/2023\/01\/20220911_165659-996x2048.jpg 996w, https:\/\/mybonnechance.de\/wp-content\/uploads\/2023\/01\/20220911_165659-scaled.jpg 1244w\" sizes=\"auto, (max-width: 498px) 100vw, 498px\" \/><\/figure>\n<\/div>\n\n\n\n<div class=\"wp-block-column is-layout-flow wp-block-column-is-layout-flow\">\n<figure class=\"wp-block-image size-large is-style-default\"><img loading=\"lazy\" decoding=\"async\" width=\"498\" height=\"1024\" src=\"https:\/\/mybonnechance.de\/wp-content\/uploads\/2023\/01\/20220911_165305-498x1024.jpg\" alt=\"\" class=\"wp-image-6769\" srcset=\"https:\/\/mybonnechance.de\/wp-content\/uploads\/2023\/01\/20220911_165305-498x1024.jpg 498w, https:\/\/mybonnechance.de\/wp-content\/uploads\/2023\/01\/20220911_165305-146x300.jpg 146w, https:\/\/mybonnechance.de\/wp-content\/uploads\/2023\/01\/20220911_165305-768x1580.jpg 768w, https:\/\/mybonnechance.de\/wp-content\/uploads\/2023\/01\/20220911_165305-747x1536.jpg 747w, https:\/\/mybonnechance.de\/wp-content\/uploads\/2023\/01\/20220911_165305-996x2048.jpg 996w, https:\/\/mybonnechance.de\/wp-content\/uploads\/2023\/01\/20220911_165305-scaled.jpg 1244w\" sizes=\"auto, (max-width: 498px) 100vw, 498px\" \/><\/figure>\n\n\n\n<figure class=\"wp-block-image size-large is-style-default\"><img loading=\"lazy\" decoding=\"async\" width=\"498\" height=\"1024\" src=\"https:\/\/mybonnechance.de\/wp-content\/uploads\/2023\/01\/20220911_165338-498x1024.jpg\" alt=\"\" class=\"wp-image-6772\" srcset=\"https:\/\/mybonnechance.de\/wp-content\/uploads\/2023\/01\/20220911_165338-498x1024.jpg 498w, https:\/\/mybonnechance.de\/wp-content\/uploads\/2023\/01\/20220911_165338-146x300.jpg 146w, https:\/\/mybonnechance.de\/wp-content\/uploads\/2023\/01\/20220911_165338-768x1580.jpg 768w, https:\/\/mybonnechance.de\/wp-content\/uploads\/2023\/01\/20220911_165338-747x1536.jpg 747w, https:\/\/mybonnechance.de\/wp-content\/uploads\/2023\/01\/20220911_165338-996x2048.jpg 996w, https:\/\/mybonnechance.de\/wp-content\/uploads\/2023\/01\/20220911_165338-scaled.jpg 1244w\" sizes=\"auto, (max-width: 498px) 100vw, 498px\" \/><\/figure>\n<\/div>\n<\/div>\n\n\n\n<figure class=\"wp-block-image size-large is-style-default\"><img loading=\"lazy\" decoding=\"async\" width=\"1024\" height=\"769\" src=\"https:\/\/mybonnechance.de\/wp-content\/uploads\/2023\/01\/IMG-20220911-WA0006-1024x769.jpg\" alt=\"\" class=\"wp-image-6960\" srcset=\"https:\/\/mybonnechance.de\/wp-content\/uploads\/2023\/01\/IMG-20220911-WA0006-1024x769.jpg 1024w, https:\/\/mybonnechance.de\/wp-content\/uploads\/2023\/01\/IMG-20220911-WA0006-300x225.jpg 300w, https:\/\/mybonnechance.de\/wp-content\/uploads\/2023\/01\/IMG-20220911-WA0006-768x577.jpg 768w, https:\/\/mybonnechance.de\/wp-content\/uploads\/2023\/01\/IMG-20220911-WA0006-1536x1154.jpg 1536w, https:\/\/mybonnechance.de\/wp-content\/uploads\/2023\/01\/IMG-20220911-WA0006.jpg 1640w\" sizes=\"auto, (max-width: 767px) 89vw, (max-width: 1000px) 54vw, (max-width: 1071px) 543px, 580px\" \/><figcaption class=\"wp-element-caption\"><strong>Auch Woudrichem ist eine Festungsstadt gewesen, wie man sieht  \ud83d\ude42<\/strong><\/figcaption><\/figure>\n\n\n","protected":false},"excerpt":{"rendered":"<p>Tag 78, Sonntag, 11. September, Vianen &#8211; Woudrichem, Passantenhaven25,9 km \u2013&nbsp; 1 Schleusen \u2013 7 bewegliche Br\u00fccken &#8211; 3,5 h FahrzeitWir starten um 9 Uhr bei ziemlichem Nebel. An der 1. Br\u00fccke machen wir fest, da man echt dahinter nichts mehr sieht und warten erst mal ab. Wir haben Gl\u00fcck und nach 15\u2018 kommen 2 &hellip; <\/p>\n<p class=\"link-more\"><a href=\"https:\/\/mybonnechance.de\/?page_id=6385\" class=\"more-link\"><span class=\"screen-reader-text\">\u201e2022-45 Woudrichem\u201c<\/span> weiterlesen<\/a><\/p>\n","protected":false},"author":2,"featured_media":0,"parent":0,"menu_order":0,"comment_status":"closed","ping_status":"closed","template":"","meta":{"ngg_post_thumbnail":0,"footnotes":""},"class_list":["post-6385","page","type-page","status-publish","hentry"],"_links":{"self":[{"href":"https:\/\/mybonnechance.de\/index.php?rest_route=\/wp\/v2\/pages\/6385","targetHints":{"allow":["GET"]}}],"collection":[{"href":"https:\/\/mybonnechance.de\/index.php?rest_route=\/wp\/v2\/pages"}],"about":[{"href":"https:\/\/mybonnechance.de\/index.php?rest_route=\/wp\/v2\/types\/page"}],"author":[{"embeddable":true,"href":"https:\/\/mybonnechance.de\/index.php?rest_route=\/wp\/v2\/users\/2"}],"replies":[{"embeddable":true,"href":"https:\/\/mybonnechance.de\/index.php?rest_route=%2Fwp%2Fv2%2Fcomments&post=6385"}],"version-history":[{"count":11,"href":"https:\/\/mybonnechance.de\/index.php?rest_route=\/wp\/v2\/pages\/6385\/revisions"}],"predecessor-version":[{"id":7000,"href":"https:\/\/mybonnechance.de\/index.php?rest_route=\/wp\/v2\/pages\/6385\/revisions\/7000"}],"wp:attachment":[{"href":"https:\/\/mybonnechance.de\/index.php?rest_route=%2Fwp%2Fv2%2Fmedia&parent=6385"}],"curies":[{"name":"wp","href":"https:\/\/api.w.org\/{rel}","templated":true}]}}