{"id":6389,"date":"2022-10-14T12:45:22","date_gmt":"2022-10-14T12:45:22","guid":{"rendered":"https:\/\/mybonnechance.de\/?page_id=6389"},"modified":"2023-01-07T20:08:56","modified_gmt":"2023-01-07T20:08:56","slug":"2022-45-batenburg","status":"publish","type":"page","link":"https:\/\/mybonnechance.de\/?page_id=6389","title":{"rendered":"2022-47 Batenburg"},"content":{"rendered":"\n<p><strong>Tag 80, Dienstag, 13. September,   Heusden &#8211; Batenburg<\/strong>, <strong>T&#8217;Hafentje<\/strong><br>43,9 km \u2013&nbsp; 1 Schleusen &#8211; 7,3 h Fahrzeit   (incl. 2,75 h Wartezeit Lieth)<br>Heute m\u00fcssen wir durch die <strong>Schleuse Lieth<\/strong>, die leider eine Kammer in Reperatur hat. Dadurch m\u00fcssen wir Freizeitskipper warten da nat\u00fcrlich die Berufsschiffer vorgehen.  Endlich, nach der 3. Schleusung, ist die Schleuse repariert und wir d\u00fcrfen endlich mit. <br>Die Wartezeit verk\u00fcrzen wir uns mit Sonnen und Spazierengehen.<\/p>\n\n\n\n<figure class=\"wp-block-gallery has-nested-images columns-default is-cropped wp-block-gallery-1 is-layout-flex wp-block-gallery-is-layout-flex\">\n<figure class=\"wp-block-image size-large is-style-default\"><img loading=\"lazy\" decoding=\"async\" width=\"942\" height=\"942\" data-id=\"6801\" src=\"https:\/\/mybonnechance.de\/wp-content\/uploads\/2023\/01\/20220913_161426-Kopie-1.jpg\" alt=\"\" class=\"wp-image-6801\" srcset=\"https:\/\/mybonnechance.de\/wp-content\/uploads\/2023\/01\/20220913_161426-Kopie-1.jpg 942w, https:\/\/mybonnechance.de\/wp-content\/uploads\/2023\/01\/20220913_161426-Kopie-1-300x300.jpg 300w, https:\/\/mybonnechance.de\/wp-content\/uploads\/2023\/01\/20220913_161426-Kopie-1-150x150.jpg 150w, https:\/\/mybonnechance.de\/wp-content\/uploads\/2023\/01\/20220913_161426-Kopie-1-768x768.jpg 768w, https:\/\/mybonnechance.de\/wp-content\/uploads\/2023\/01\/20220913_161426-Kopie-1-100x100.jpg 100w\" sizes=\"auto, (max-width: 767px) 89vw, (max-width: 1000px) 54vw, (max-width: 1071px) 543px, 580px\" \/><\/figure>\n<\/figure>\n\n\n\n<p>Wir erreichen <strong>Batenburg<\/strong> erst gegen 18 Uhr. Ein s\u00fc\u00dfer kleiner Hafen, unbedingt zu empfehlen, wenn man keinen Einkauf machen muss. Die m\u00fcssen auch ein sehr nettes Restaurant haben, was aber heute leider zu hat. F\u00fcr weitere Erkundigungen ist es leider schon zu sp\u00e4t.<\/p>\n\n\n\n<div class=\"wp-block-columns is-layout-flex wp-container-core-columns-is-layout-9d6595d7 wp-block-columns-is-layout-flex\">\n<div class=\"wp-block-column is-layout-flow wp-block-column-is-layout-flow\">\n<figure class=\"wp-block-image size-large is-style-default\"><img loading=\"lazy\" decoding=\"async\" width=\"498\" height=\"1024\" src=\"https:\/\/mybonnechance.de\/wp-content\/uploads\/2023\/01\/20220913_182012-Kopie-498x1024.jpg\" alt=\"\" class=\"wp-image-6802\" srcset=\"https:\/\/mybonnechance.de\/wp-content\/uploads\/2023\/01\/20220913_182012-Kopie-498x1024.jpg 498w, https:\/\/mybonnechance.de\/wp-content\/uploads\/2023\/01\/20220913_182012-Kopie-146x300.jpg 146w, https:\/\/mybonnechance.de\/wp-content\/uploads\/2023\/01\/20220913_182012-Kopie-768x1580.jpg 768w, https:\/\/mybonnechance.de\/wp-content\/uploads\/2023\/01\/20220913_182012-Kopie-747x1536.jpg 747w, https:\/\/mybonnechance.de\/wp-content\/uploads\/2023\/01\/20220913_182012-Kopie-996x2048.jpg 996w, https:\/\/mybonnechance.de\/wp-content\/uploads\/2023\/01\/20220913_182012-Kopie-scaled.jpg 1244w\" sizes=\"auto, (max-width: 498px) 100vw, 498px\" \/><\/figure>\n<\/div>\n\n\n\n<div class=\"wp-block-column is-layout-flow wp-block-column-is-layout-flow\">\n<figure class=\"wp-block-image size-large is-style-default\"><img loading=\"lazy\" decoding=\"async\" width=\"498\" height=\"1024\" src=\"https:\/\/mybonnechance.de\/wp-content\/uploads\/2023\/01\/20220913_182059-Kopie-498x1024.jpg\" alt=\"\" class=\"wp-image-6803\" srcset=\"https:\/\/mybonnechance.de\/wp-content\/uploads\/2023\/01\/20220913_182059-Kopie-498x1024.jpg 498w, https:\/\/mybonnechance.de\/wp-content\/uploads\/2023\/01\/20220913_182059-Kopie-146x300.jpg 146w, https:\/\/mybonnechance.de\/wp-content\/uploads\/2023\/01\/20220913_182059-Kopie-768x1580.jpg 768w, https:\/\/mybonnechance.de\/wp-content\/uploads\/2023\/01\/20220913_182059-Kopie-747x1536.jpg 747w, https:\/\/mybonnechance.de\/wp-content\/uploads\/2023\/01\/20220913_182059-Kopie-996x2048.jpg 996w, https:\/\/mybonnechance.de\/wp-content\/uploads\/2023\/01\/20220913_182059-Kopie-scaled.jpg 1244w\" sizes=\"auto, (max-width: 498px) 100vw, 498px\" \/><\/figure>\n<\/div>\n\n\n\n<div class=\"wp-block-column is-layout-flow wp-block-column-is-layout-flow\">\n<figure class=\"wp-block-image size-large is-style-default\"><img loading=\"lazy\" decoding=\"async\" width=\"498\" height=\"1024\" src=\"https:\/\/mybonnechance.de\/wp-content\/uploads\/2023\/01\/20220913_182048-Kopie-498x1024.jpg\" alt=\"\" class=\"wp-image-6804\" srcset=\"https:\/\/mybonnechance.de\/wp-content\/uploads\/2023\/01\/20220913_182048-Kopie-498x1024.jpg 498w, https:\/\/mybonnechance.de\/wp-content\/uploads\/2023\/01\/20220913_182048-Kopie-146x300.jpg 146w, https:\/\/mybonnechance.de\/wp-content\/uploads\/2023\/01\/20220913_182048-Kopie-768x1580.jpg 768w, https:\/\/mybonnechance.de\/wp-content\/uploads\/2023\/01\/20220913_182048-Kopie-747x1536.jpg 747w, https:\/\/mybonnechance.de\/wp-content\/uploads\/2023\/01\/20220913_182048-Kopie-996x2048.jpg 996w, https:\/\/mybonnechance.de\/wp-content\/uploads\/2023\/01\/20220913_182048-Kopie-scaled.jpg 1244w\" sizes=\"auto, (max-width: 498px) 100vw, 498px\" \/><\/figure>\n<\/div>\n<\/div>\n\n\n","protected":false},"excerpt":{"rendered":"<p>Tag 80, Dienstag, 13. September, Heusden &#8211; Batenburg, T&#8217;Hafentje43,9 km \u2013&nbsp; 1 Schleusen &#8211; 7,3 h Fahrzeit (incl. 2,75 h Wartezeit Lieth)Heute m\u00fcssen wir durch die Schleuse Lieth, die leider eine Kammer in Reperatur hat. Dadurch m\u00fcssen wir Freizeitskipper warten da nat\u00fcrlich die Berufsschiffer vorgehen. Endlich, nach der 3. Schleusung, ist die Schleuse repariert und &hellip; <\/p>\n<p class=\"link-more\"><a href=\"https:\/\/mybonnechance.de\/?page_id=6389\" class=\"more-link\"><span class=\"screen-reader-text\">\u201e2022-47 Batenburg\u201c<\/span> weiterlesen<\/a><\/p>\n","protected":false},"author":2,"featured_media":0,"parent":0,"menu_order":0,"comment_status":"closed","ping_status":"closed","template":"","meta":{"ngg_post_thumbnail":0,"footnotes":""},"class_list":["post-6389","page","type-page","status-publish","hentry"],"_links":{"self":[{"href":"https:\/\/mybonnechance.de\/index.php?rest_route=\/wp\/v2\/pages\/6389","targetHints":{"allow":["GET"]}}],"collection":[{"href":"https:\/\/mybonnechance.de\/index.php?rest_route=\/wp\/v2\/pages"}],"about":[{"href":"https:\/\/mybonnechance.de\/index.php?rest_route=\/wp\/v2\/types\/page"}],"author":[{"embeddable":true,"href":"https:\/\/mybonnechance.de\/index.php?rest_route=\/wp\/v2\/users\/2"}],"replies":[{"embeddable":true,"href":"https:\/\/mybonnechance.de\/index.php?rest_route=%2Fwp%2Fv2%2Fcomments&post=6389"}],"version-history":[{"count":5,"href":"https:\/\/mybonnechance.de\/index.php?rest_route=\/wp\/v2\/pages\/6389\/revisions"}],"predecessor-version":[{"id":6920,"href":"https:\/\/mybonnechance.de\/index.php?rest_route=\/wp\/v2\/pages\/6389\/revisions\/6920"}],"wp:attachment":[{"href":"https:\/\/mybonnechance.de\/index.php?rest_route=%2Fwp%2Fv2%2Fmedia&parent=6389"}],"curies":[{"name":"wp","href":"https:\/\/api.w.org\/{rel}","templated":true}]}}