{"id":6391,"date":"2022-10-14T12:45:46","date_gmt":"2022-10-14T12:45:46","guid":{"rendered":"https:\/\/mybonnechance.de\/?page_id=6391"},"modified":"2023-01-07T20:14:13","modified_gmt":"2023-01-07T20:14:13","slug":"2022-46-wanssum","status":"publish","type":"page","link":"https:\/\/mybonnechance.de\/?page_id=6391","title":{"rendered":"2022-48 Wanssum"},"content":{"rendered":"\n<p><strong>Tag 81, Mittwoch, 14. September,    Batenburg<\/strong> <strong>&#8211; Wanssum, Jachthaven<\/strong><br>51,1 km \u2013\u00a0 2 Schleusen &#8211; 6 h Fahrzeit <br>Leider haben wir heute Schietwetter und k\u00f6nnen zum Gl\u00fcck sowohl in der Schleuse <strong>Grave <\/strong>wie auch in der von <strong>Sambeck<\/strong> sofort schleusen. Da sich leider in den n\u00e4chsten Tagen an dem schlechten Wetter nichts \u00e4ndern wird, entscheiden wir nach Roermond durchzufahren. Schade, ich h\u00e4tte gerne noch mal ein paar Tage Badespa\u00df an den Kraijensberger Plassen gehabt. Dann h\u00e4tten wir  den Urlaub so beendet, wie wir ihn begonnen habe. <br>In <strong>Wanssum<\/strong> liegen wir hinter einem Industriehafen, der gar nicht so h\u00e4\u00dflich ist und in <strong>5 min. bei Jumbo<\/strong> erreicht. Sonst kann ich nicht viel dar\u00fcber berichten, da man bei dem Wetter keine Lust auf Endeckungstour hat.<\/p>\n\n\n\n<div class=\"wp-block-columns is-layout-flex wp-container-core-columns-is-layout-9d6595d7 wp-block-columns-is-layout-flex\">\n<div class=\"wp-block-column is-layout-flow wp-block-column-is-layout-flow\">\n<figure class=\"wp-block-image size-large is-style-default\"><img loading=\"lazy\" decoding=\"async\" width=\"498\" height=\"1024\" src=\"https:\/\/mybonnechance.de\/wp-content\/uploads\/2023\/01\/20220914_131501-498x1024.jpg\" alt=\"\" class=\"wp-image-6810\" srcset=\"https:\/\/mybonnechance.de\/wp-content\/uploads\/2023\/01\/20220914_131501-498x1024.jpg 498w, https:\/\/mybonnechance.de\/wp-content\/uploads\/2023\/01\/20220914_131501-146x300.jpg 146w, https:\/\/mybonnechance.de\/wp-content\/uploads\/2023\/01\/20220914_131501-768x1580.jpg 768w, https:\/\/mybonnechance.de\/wp-content\/uploads\/2023\/01\/20220914_131501-747x1536.jpg 747w, https:\/\/mybonnechance.de\/wp-content\/uploads\/2023\/01\/20220914_131501-996x2048.jpg 996w, https:\/\/mybonnechance.de\/wp-content\/uploads\/2023\/01\/20220914_131501-scaled.jpg 1244w\" sizes=\"auto, (max-width: 498px) 100vw, 498px\" \/><\/figure>\n<\/div>\n\n\n\n<div class=\"wp-block-column is-layout-flow wp-block-column-is-layout-flow\">\n<figure class=\"wp-block-image size-large is-style-default\"><img loading=\"lazy\" decoding=\"async\" width=\"498\" height=\"1024\" src=\"https:\/\/mybonnechance.de\/wp-content\/uploads\/2023\/01\/20220914_195511-498x1024.jpg\" alt=\"\" class=\"wp-image-6811\" srcset=\"https:\/\/mybonnechance.de\/wp-content\/uploads\/2023\/01\/20220914_195511-498x1024.jpg 498w, https:\/\/mybonnechance.de\/wp-content\/uploads\/2023\/01\/20220914_195511-146x300.jpg 146w, https:\/\/mybonnechance.de\/wp-content\/uploads\/2023\/01\/20220914_195511-768x1580.jpg 768w, https:\/\/mybonnechance.de\/wp-content\/uploads\/2023\/01\/20220914_195511-747x1536.jpg 747w, https:\/\/mybonnechance.de\/wp-content\/uploads\/2023\/01\/20220914_195511-996x2048.jpg 996w, https:\/\/mybonnechance.de\/wp-content\/uploads\/2023\/01\/20220914_195511-scaled.jpg 1244w\" sizes=\"auto, (max-width: 498px) 100vw, 498px\" \/><\/figure>\n<\/div>\n<\/div>\n\n\n\n\n\n<p><br><\/p>\n","protected":false},"excerpt":{"rendered":"<p>Tag 81, Mittwoch, 14. September, Batenburg &#8211; Wanssum, Jachthaven51,1 km \u2013\u00a0 2 Schleusen &#8211; 6 h Fahrzeit Leider haben wir heute Schietwetter und k\u00f6nnen zum Gl\u00fcck sowohl in der Schleuse Grave wie auch in der von Sambeck sofort schleusen. Da sich leider in den n\u00e4chsten Tagen an dem schlechten Wetter nichts \u00e4ndern wird, entscheiden wir &hellip; <\/p>\n<p class=\"link-more\"><a href=\"https:\/\/mybonnechance.de\/?page_id=6391\" class=\"more-link\"><span class=\"screen-reader-text\">\u201e2022-48 Wanssum\u201c<\/span> weiterlesen<\/a><\/p>\n","protected":false},"author":2,"featured_media":0,"parent":0,"menu_order":0,"comment_status":"closed","ping_status":"closed","template":"","meta":{"ngg_post_thumbnail":0,"footnotes":""},"class_list":["post-6391","page","type-page","status-publish","hentry"],"_links":{"self":[{"href":"https:\/\/mybonnechance.de\/index.php?rest_route=\/wp\/v2\/pages\/6391","targetHints":{"allow":["GET"]}}],"collection":[{"href":"https:\/\/mybonnechance.de\/index.php?rest_route=\/wp\/v2\/pages"}],"about":[{"href":"https:\/\/mybonnechance.de\/index.php?rest_route=\/wp\/v2\/types\/page"}],"author":[{"embeddable":true,"href":"https:\/\/mybonnechance.de\/index.php?rest_route=\/wp\/v2\/users\/2"}],"replies":[{"embeddable":true,"href":"https:\/\/mybonnechance.de\/index.php?rest_route=%2Fwp%2Fv2%2Fcomments&post=6391"}],"version-history":[{"count":6,"href":"https:\/\/mybonnechance.de\/index.php?rest_route=\/wp\/v2\/pages\/6391\/revisions"}],"predecessor-version":[{"id":7004,"href":"https:\/\/mybonnechance.de\/index.php?rest_route=\/wp\/v2\/pages\/6391\/revisions\/7004"}],"wp:attachment":[{"href":"https:\/\/mybonnechance.de\/index.php?rest_route=%2Fwp%2Fv2%2Fmedia&parent=6391"}],"curies":[{"name":"wp","href":"https:\/\/api.w.org\/{rel}","templated":true}]}}