{"id":6393,"date":"2022-10-14T12:46:05","date_gmt":"2022-10-14T12:46:05","guid":{"rendered":"https:\/\/mybonnechance.de\/?page_id=6393"},"modified":"2023-01-03T14:13:07","modified_gmt":"2023-01-03T14:13:07","slug":"2022-47-herten","status":"publish","type":"page","link":"https:\/\/mybonnechance.de\/?page_id=6393","title":{"rendered":"2022-49 Herten"},"content":{"rendered":"\n<p><strong>Tag 82, Donnerstag, 15. September,     Wanssum &#8211; Herten, City Marina<\/strong><br>52,4 km \u2013&nbsp; 2 Schleusen &#8211; 6 h Fahrzeit <br>Die heutige Fahrt bleibt, abgesehen von einem kurzen Schauer, trocken. Wenn wir hier vorbeikommen wissen wir, die &#8222;Heimat&#8220; ist nicht mehr weit.<\/p>\n\n\n\n<div class=\"wp-block-columns is-layout-flex wp-container-core-columns-is-layout-9d6595d7 wp-block-columns-is-layout-flex\">\n<div class=\"wp-block-column is-layout-flow wp-block-column-is-layout-flow\">\n<figure class=\"wp-block-image size-large is-style-default\"><img loading=\"lazy\" decoding=\"async\" width=\"498\" height=\"1024\" src=\"https:\/\/mybonnechance.de\/wp-content\/uploads\/2023\/01\/20220915_123529-498x1024.jpg\" alt=\"\" class=\"wp-image-6814\" srcset=\"https:\/\/mybonnechance.de\/wp-content\/uploads\/2023\/01\/20220915_123529-498x1024.jpg 498w, https:\/\/mybonnechance.de\/wp-content\/uploads\/2023\/01\/20220915_123529-146x300.jpg 146w, https:\/\/mybonnechance.de\/wp-content\/uploads\/2023\/01\/20220915_123529-768x1580.jpg 768w, https:\/\/mybonnechance.de\/wp-content\/uploads\/2023\/01\/20220915_123529-747x1536.jpg 747w, https:\/\/mybonnechance.de\/wp-content\/uploads\/2023\/01\/20220915_123529-996x2048.jpg 996w, https:\/\/mybonnechance.de\/wp-content\/uploads\/2023\/01\/20220915_123529-scaled.jpg 1244w\" sizes=\"auto, (max-width: 498px) 100vw, 498px\" \/><\/figure>\n<\/div>\n\n\n\n<div class=\"wp-block-column is-layout-flow wp-block-column-is-layout-flow\">\n<figure class=\"wp-block-image size-large is-style-default\"><img loading=\"lazy\" decoding=\"async\" width=\"498\" height=\"1024\" src=\"https:\/\/mybonnechance.de\/wp-content\/uploads\/2023\/01\/20220915_123933-498x1024.jpg\" alt=\"\" class=\"wp-image-6815\" srcset=\"https:\/\/mybonnechance.de\/wp-content\/uploads\/2023\/01\/20220915_123933-498x1024.jpg 498w, https:\/\/mybonnechance.de\/wp-content\/uploads\/2023\/01\/20220915_123933-146x300.jpg 146w, https:\/\/mybonnechance.de\/wp-content\/uploads\/2023\/01\/20220915_123933-768x1580.jpg 768w, https:\/\/mybonnechance.de\/wp-content\/uploads\/2023\/01\/20220915_123933-747x1536.jpg 747w, https:\/\/mybonnechance.de\/wp-content\/uploads\/2023\/01\/20220915_123933-996x2048.jpg 996w, https:\/\/mybonnechance.de\/wp-content\/uploads\/2023\/01\/20220915_123933-scaled.jpg 1244w\" sizes=\"auto, (max-width: 498px) 100vw, 498px\" \/><\/figure>\n<\/div>\n\n\n\n<div class=\"wp-block-column is-layout-flow wp-block-column-is-layout-flow\">\n<figure class=\"wp-block-image size-large is-style-default\"><img loading=\"lazy\" decoding=\"async\" width=\"498\" height=\"1024\" src=\"https:\/\/mybonnechance.de\/wp-content\/uploads\/2023\/01\/20220915_124003-498x1024.jpg\" alt=\"\" class=\"wp-image-6816\" srcset=\"https:\/\/mybonnechance.de\/wp-content\/uploads\/2023\/01\/20220915_124003-498x1024.jpg 498w, https:\/\/mybonnechance.de\/wp-content\/uploads\/2023\/01\/20220915_124003-146x300.jpg 146w, https:\/\/mybonnechance.de\/wp-content\/uploads\/2023\/01\/20220915_124003-768x1580.jpg 768w, https:\/\/mybonnechance.de\/wp-content\/uploads\/2023\/01\/20220915_124003-747x1536.jpg 747w, https:\/\/mybonnechance.de\/wp-content\/uploads\/2023\/01\/20220915_124003-996x2048.jpg 996w, https:\/\/mybonnechance.de\/wp-content\/uploads\/2023\/01\/20220915_124003-scaled.jpg 1244w\" sizes=\"auto, (max-width: 498px) 100vw, 498px\" \/><\/figure>\n<\/div>\n<\/div>\n\n\n\n<p>An den nachfolgenden Schleusen <strong>Belfelt<\/strong> und <strong>Linne<\/strong> haben wir auch nur kurze Wartezeiten und so naht unweigerlich das Ende unserer Reise.<\/p>\n\n\n\n<div class=\"wp-block-columns is-layout-flex wp-container-core-columns-is-layout-9d6595d7 wp-block-columns-is-layout-flex\">\n<div class=\"wp-block-column is-layout-flow wp-block-column-is-layout-flow\">\n<figure class=\"wp-block-image size-large is-style-default\"><img loading=\"lazy\" decoding=\"async\" width=\"498\" height=\"1024\" src=\"https:\/\/mybonnechance.de\/wp-content\/uploads\/2023\/01\/20220915_153452-498x1024.jpg\" alt=\"\" class=\"wp-image-6817\" srcset=\"https:\/\/mybonnechance.de\/wp-content\/uploads\/2023\/01\/20220915_153452-498x1024.jpg 498w, https:\/\/mybonnechance.de\/wp-content\/uploads\/2023\/01\/20220915_153452-146x300.jpg 146w, https:\/\/mybonnechance.de\/wp-content\/uploads\/2023\/01\/20220915_153452-768x1580.jpg 768w, https:\/\/mybonnechance.de\/wp-content\/uploads\/2023\/01\/20220915_153452-747x1536.jpg 747w, https:\/\/mybonnechance.de\/wp-content\/uploads\/2023\/01\/20220915_153452-996x2048.jpg 996w, https:\/\/mybonnechance.de\/wp-content\/uploads\/2023\/01\/20220915_153452-scaled.jpg 1244w\" sizes=\"auto, (max-width: 498px) 100vw, 498px\" \/><\/figure>\n\n\n\n<figure class=\"wp-block-image size-large is-style-default\"><img loading=\"lazy\" decoding=\"async\" width=\"498\" height=\"1024\" src=\"https:\/\/mybonnechance.de\/wp-content\/uploads\/2023\/01\/20220915_163058-498x1024.jpg\" alt=\"\" class=\"wp-image-6820\" srcset=\"https:\/\/mybonnechance.de\/wp-content\/uploads\/2023\/01\/20220915_163058-498x1024.jpg 498w, https:\/\/mybonnechance.de\/wp-content\/uploads\/2023\/01\/20220915_163058-146x300.jpg 146w, https:\/\/mybonnechance.de\/wp-content\/uploads\/2023\/01\/20220915_163058-768x1580.jpg 768w, https:\/\/mybonnechance.de\/wp-content\/uploads\/2023\/01\/20220915_163058-747x1536.jpg 747w, https:\/\/mybonnechance.de\/wp-content\/uploads\/2023\/01\/20220915_163058-996x2048.jpg 996w, https:\/\/mybonnechance.de\/wp-content\/uploads\/2023\/01\/20220915_163058-scaled.jpg 1244w\" sizes=\"auto, (max-width: 498px) 100vw, 498px\" \/><\/figure>\n<\/div>\n\n\n\n<div class=\"wp-block-column is-layout-flow wp-block-column-is-layout-flow\">\n<figure class=\"wp-block-image size-large is-style-default\"><img loading=\"lazy\" decoding=\"async\" width=\"498\" height=\"1024\" src=\"https:\/\/mybonnechance.de\/wp-content\/uploads\/2023\/01\/20220915_160940-498x1024.jpg\" alt=\"\" class=\"wp-image-6818\" srcset=\"https:\/\/mybonnechance.de\/wp-content\/uploads\/2023\/01\/20220915_160940-498x1024.jpg 498w, https:\/\/mybonnechance.de\/wp-content\/uploads\/2023\/01\/20220915_160940-146x300.jpg 146w, https:\/\/mybonnechance.de\/wp-content\/uploads\/2023\/01\/20220915_160940-768x1580.jpg 768w, https:\/\/mybonnechance.de\/wp-content\/uploads\/2023\/01\/20220915_160940-747x1536.jpg 747w, https:\/\/mybonnechance.de\/wp-content\/uploads\/2023\/01\/20220915_160940-996x2048.jpg 996w, https:\/\/mybonnechance.de\/wp-content\/uploads\/2023\/01\/20220915_160940-scaled.jpg 1244w\" sizes=\"auto, (max-width: 498px) 100vw, 498px\" \/><\/figure>\n\n\n\n<figure class=\"wp-block-image size-large is-style-default\"><img loading=\"lazy\" decoding=\"async\" width=\"498\" height=\"1024\" src=\"https:\/\/mybonnechance.de\/wp-content\/uploads\/2023\/01\/20220915_163133-498x1024.jpg\" alt=\"\" class=\"wp-image-6821\" srcset=\"https:\/\/mybonnechance.de\/wp-content\/uploads\/2023\/01\/20220915_163133-498x1024.jpg 498w, https:\/\/mybonnechance.de\/wp-content\/uploads\/2023\/01\/20220915_163133-146x300.jpg 146w, https:\/\/mybonnechance.de\/wp-content\/uploads\/2023\/01\/20220915_163133-768x1580.jpg 768w, https:\/\/mybonnechance.de\/wp-content\/uploads\/2023\/01\/20220915_163133-747x1536.jpg 747w, https:\/\/mybonnechance.de\/wp-content\/uploads\/2023\/01\/20220915_163133-996x2048.jpg 996w, https:\/\/mybonnechance.de\/wp-content\/uploads\/2023\/01\/20220915_163133-scaled.jpg 1244w\" sizes=\"auto, (max-width: 498px) 100vw, 498px\" \/><\/figure>\n<\/div>\n\n\n\n<div class=\"wp-block-column is-layout-flow wp-block-column-is-layout-flow\">\n<figure class=\"wp-block-image size-large is-style-default\"><img loading=\"lazy\" decoding=\"async\" width=\"498\" height=\"1024\" src=\"https:\/\/mybonnechance.de\/wp-content\/uploads\/2023\/01\/20220915_162005-498x1024.jpg\" alt=\"\" class=\"wp-image-6819\" srcset=\"https:\/\/mybonnechance.de\/wp-content\/uploads\/2023\/01\/20220915_162005-498x1024.jpg 498w, https:\/\/mybonnechance.de\/wp-content\/uploads\/2023\/01\/20220915_162005-146x300.jpg 146w, https:\/\/mybonnechance.de\/wp-content\/uploads\/2023\/01\/20220915_162005-768x1580.jpg 768w, https:\/\/mybonnechance.de\/wp-content\/uploads\/2023\/01\/20220915_162005-747x1536.jpg 747w, https:\/\/mybonnechance.de\/wp-content\/uploads\/2023\/01\/20220915_162005-996x2048.jpg 996w, https:\/\/mybonnechance.de\/wp-content\/uploads\/2023\/01\/20220915_162005-scaled.jpg 1244w\" sizes=\"auto, (max-width: 498px) 100vw, 498px\" \/><\/figure>\n\n\n\n<figure class=\"wp-block-image size-large is-style-default\"><img loading=\"lazy\" decoding=\"async\" width=\"498\" height=\"1024\" src=\"https:\/\/mybonnechance.de\/wp-content\/uploads\/2023\/01\/20220915_163807-498x1024.jpg\" alt=\"\" class=\"wp-image-6822\" srcset=\"https:\/\/mybonnechance.de\/wp-content\/uploads\/2023\/01\/20220915_163807-498x1024.jpg 498w, https:\/\/mybonnechance.de\/wp-content\/uploads\/2023\/01\/20220915_163807-146x300.jpg 146w, https:\/\/mybonnechance.de\/wp-content\/uploads\/2023\/01\/20220915_163807-768x1580.jpg 768w, https:\/\/mybonnechance.de\/wp-content\/uploads\/2023\/01\/20220915_163807-747x1536.jpg 747w, https:\/\/mybonnechance.de\/wp-content\/uploads\/2023\/01\/20220915_163807-996x2048.jpg 996w, https:\/\/mybonnechance.de\/wp-content\/uploads\/2023\/01\/20220915_163807-scaled.jpg 1244w\" sizes=\"auto, (max-width: 498px) 100vw, 498px\" \/><figcaption class=\"wp-element-caption\"><strong>Steg ist besetzt<\/strong>   \ud83d\ude42<\/figcaption><\/figure>\n<\/div>\n<\/div>\n\n\n\n<p>Leider erwartet uns an einem Donnerstag nat\u00fcrlich noch kein Empfangskomitee, au\u00dfer einer Schar Enten, die sich auf unserem Anleger sehr gem\u00fctlich eingerichtet haben. <br>Und wieder geht eine T\u00f6rnsaison zu Ende, in der wie diesmal so super Wetter hatten und wo wir die \u00f6stliche Landesgrenze zu Deutschland entdecken durften. Eine wunderbare Landschaft, genauso wie Friesland. Auch hier haben wir wieder unsere Aufenthalte sehr geno\u00dfen. Eigentlich k\u00f6nnte ich keine Holl\u00e4ndische Provinz benennen, die ich nicht wieder bereisen w\u00fcrde. In diesem Sinne schauen wir mal, wo es uns im Jahr 2023 hinziehen wird.<\/p>\n","protected":false},"excerpt":{"rendered":"<p>Tag 82, Donnerstag, 15. September, Wanssum &#8211; Herten, City Marina52,4 km \u2013&nbsp; 2 Schleusen &#8211; 6 h Fahrzeit Die heutige Fahrt bleibt, abgesehen von einem kurzen Schauer, trocken. Wenn wir hier vorbeikommen wissen wir, die &#8222;Heimat&#8220; ist nicht mehr weit. An den nachfolgenden Schleusen Belfelt und Linne haben wir auch nur kurze Wartezeiten und so &hellip; <\/p>\n<p class=\"link-more\"><a href=\"https:\/\/mybonnechance.de\/?page_id=6393\" class=\"more-link\"><span class=\"screen-reader-text\">\u201e2022-49 Herten\u201c<\/span> weiterlesen<\/a><\/p>\n","protected":false},"author":2,"featured_media":0,"parent":0,"menu_order":0,"comment_status":"closed","ping_status":"closed","template":"","meta":{"ngg_post_thumbnail":0,"footnotes":""},"class_list":["post-6393","page","type-page","status-publish","hentry"],"_links":{"self":[{"href":"https:\/\/mybonnechance.de\/index.php?rest_route=\/wp\/v2\/pages\/6393","targetHints":{"allow":["GET"]}}],"collection":[{"href":"https:\/\/mybonnechance.de\/index.php?rest_route=\/wp\/v2\/pages"}],"about":[{"href":"https:\/\/mybonnechance.de\/index.php?rest_route=\/wp\/v2\/types\/page"}],"author":[{"embeddable":true,"href":"https:\/\/mybonnechance.de\/index.php?rest_route=\/wp\/v2\/users\/2"}],"replies":[{"embeddable":true,"href":"https:\/\/mybonnechance.de\/index.php?rest_route=%2Fwp%2Fv2%2Fcomments&post=6393"}],"version-history":[{"count":5,"href":"https:\/\/mybonnechance.de\/index.php?rest_route=\/wp\/v2\/pages\/6393\/revisions"}],"predecessor-version":[{"id":7005,"href":"https:\/\/mybonnechance.de\/index.php?rest_route=\/wp\/v2\/pages\/6393\/revisions\/7005"}],"wp:attachment":[{"href":"https:\/\/mybonnechance.de\/index.php?rest_route=%2Fwp%2Fv2%2Fmedia&parent=6393"}],"curies":[{"name":"wp","href":"https:\/\/api.w.org\/{rel}","templated":true}]}}