{"id":6422,"date":"2022-10-27T17:24:03","date_gmt":"2022-10-27T17:24:03","guid":{"rendered":"https:\/\/mybonnechance.de\/?page_id=6422"},"modified":"2023-01-07T19:39:48","modified_gmt":"2023-01-07T19:39:48","slug":"2022-33-terherner-diep","status":"publish","type":"page","link":"https:\/\/mybonnechance.de\/?page_id=6422","title":{"rendered":"2022-33 Marrekrit Terherner Diep"},"content":{"rendered":"\n<p><strong>Tag 58, Montag, 22.August <\/strong>   <strong>Akkrum<\/strong> &#8211; <strong>Marrekrit Terherner Diep<\/strong><br>3 km \u2013\u00a0 0,5  Fahrzeit<br>So, wieder zur\u00fcck in unserem Teich von vorgestern, nur einen anderen Anleger. Die Einzelpl\u00e4tze sind schon belegt. Aber im Moment liegen wir hier auch Alleine. Auf einmal gibt&#8217;s einen ziemlich gro\u00dfer Bumbs.  Direkt vor unseren Bug gibt es eine Rampe und wir dachten, der ist vielleicht zur Abholung derAbfallcontainer.  Den gibt es aber auf der Insel gar nicht, wie wir sp\u00e4ter feststellen. Bei dem Bums handelt es sich um einen langen Schlepper, der einen Traktor auf der Insel abladet.  Die Traktorger\u00e4usche gehen \u00fcber die gesamte Insel und dauern ca. 4-5 Std. an.<br>Heute sehr hei\u00df, aber zum Gl\u00fcck gibt es wieder mit etwas Wind, sonst w\u00e4re es nicht zum Aushalten.<\/p>\n\n\n\n<div class=\"wp-block-columns is-layout-flex wp-container-core-columns-is-layout-9d6595d7 wp-block-columns-is-layout-flex\">\n<div class=\"wp-block-column is-layout-flow wp-block-column-is-layout-flow\" style=\"flex-basis:33.33%\">\n<figure class=\"wp-block-image size-large is-style-default\"><img loading=\"lazy\" decoding=\"async\" width=\"498\" height=\"1024\" src=\"https:\/\/mybonnechance.de\/wp-content\/uploads\/2022\/12\/20220822_134232-498x1024.jpg\" alt=\"\" class=\"wp-image-6501\" srcset=\"https:\/\/mybonnechance.de\/wp-content\/uploads\/2022\/12\/20220822_134232-498x1024.jpg 498w, https:\/\/mybonnechance.de\/wp-content\/uploads\/2022\/12\/20220822_134232-146x300.jpg 146w, https:\/\/mybonnechance.de\/wp-content\/uploads\/2022\/12\/20220822_134232-768x1580.jpg 768w, https:\/\/mybonnechance.de\/wp-content\/uploads\/2022\/12\/20220822_134232-747x1536.jpg 747w, https:\/\/mybonnechance.de\/wp-content\/uploads\/2022\/12\/20220822_134232-996x2048.jpg 996w, https:\/\/mybonnechance.de\/wp-content\/uploads\/2022\/12\/20220822_134232-scaled.jpg 1244w\" sizes=\"auto, (max-width: 498px) 100vw, 498px\" \/><\/figure>\n<\/div>\n\n\n\n<div class=\"wp-block-column is-layout-flow wp-block-column-is-layout-flow\" style=\"flex-basis:66.66%\">\n<figure class=\"wp-block-image size-large is-style-default\"><img loading=\"lazy\" decoding=\"async\" width=\"1024\" height=\"498\" src=\"https:\/\/mybonnechance.de\/wp-content\/uploads\/2022\/12\/20220822_103756-1024x498.jpg\" alt=\"\" class=\"wp-image-6502\" srcset=\"https:\/\/mybonnechance.de\/wp-content\/uploads\/2022\/12\/20220822_103756-1024x498.jpg 1024w, https:\/\/mybonnechance.de\/wp-content\/uploads\/2022\/12\/20220822_103756-300x146.jpg 300w, https:\/\/mybonnechance.de\/wp-content\/uploads\/2022\/12\/20220822_103756-768x373.jpg 768w, https:\/\/mybonnechance.de\/wp-content\/uploads\/2022\/12\/20220822_103756-1536x747.jpg 1536w, https:\/\/mybonnechance.de\/wp-content\/uploads\/2022\/12\/20220822_103756-2048x996.jpg 2048w\" sizes=\"auto, (max-width: 767px) 89vw, (max-width: 1000px) 54vw, (max-width: 1071px) 543px, 580px\" \/><\/figure>\n\n\n\n<div class=\"wp-block-columns is-layout-flex wp-container-core-columns-is-layout-9d6595d7 wp-block-columns-is-layout-flex\">\n<div class=\"wp-block-column is-layout-flow wp-block-column-is-layout-flow\" style=\"flex-basis:33.33%\">\n<figure class=\"wp-block-image size-large is-style-default\"><img loading=\"lazy\" decoding=\"async\" width=\"498\" height=\"1024\" src=\"https:\/\/mybonnechance.de\/wp-content\/uploads\/2022\/12\/20220822_134313-1-498x1024.jpg\" alt=\"\" class=\"wp-image-6506\" srcset=\"https:\/\/mybonnechance.de\/wp-content\/uploads\/2022\/12\/20220822_134313-1-498x1024.jpg 498w, https:\/\/mybonnechance.de\/wp-content\/uploads\/2022\/12\/20220822_134313-1-146x300.jpg 146w, https:\/\/mybonnechance.de\/wp-content\/uploads\/2022\/12\/20220822_134313-1-768x1580.jpg 768w, https:\/\/mybonnechance.de\/wp-content\/uploads\/2022\/12\/20220822_134313-1-747x1536.jpg 747w, https:\/\/mybonnechance.de\/wp-content\/uploads\/2022\/12\/20220822_134313-1-996x2048.jpg 996w, https:\/\/mybonnechance.de\/wp-content\/uploads\/2022\/12\/20220822_134313-1-scaled.jpg 1244w\" sizes=\"auto, (max-width: 498px) 100vw, 498px\" \/><\/figure>\n<\/div>\n\n\n\n<div class=\"wp-block-column is-layout-flow wp-block-column-is-layout-flow\" style=\"flex-basis:66.66%\">\n<figure class=\"wp-block-image size-large is-style-default\"><img loading=\"lazy\" decoding=\"async\" width=\"1024\" height=\"498\" src=\"https:\/\/mybonnechance.de\/wp-content\/uploads\/2022\/12\/20220822_140205-1-1024x498.jpg\" alt=\"\" class=\"wp-image-6507\" srcset=\"https:\/\/mybonnechance.de\/wp-content\/uploads\/2022\/12\/20220822_140205-1-1024x498.jpg 1024w, https:\/\/mybonnechance.de\/wp-content\/uploads\/2022\/12\/20220822_140205-1-300x146.jpg 300w, https:\/\/mybonnechance.de\/wp-content\/uploads\/2022\/12\/20220822_140205-1-768x373.jpg 768w, https:\/\/mybonnechance.de\/wp-content\/uploads\/2022\/12\/20220822_140205-1-1536x747.jpg 1536w, https:\/\/mybonnechance.de\/wp-content\/uploads\/2022\/12\/20220822_140205-1-2048x996.jpg 2048w\" sizes=\"auto, (max-width: 767px) 89vw, (max-width: 1000px) 54vw, (max-width: 1071px) 543px, 580px\" \/><\/figure>\n<\/div>\n<\/div>\n<\/div>\n<\/div>\n\n\n\n<p><strong>Tag 59, Dienstag, 23.August<\/strong><br>Heute bekomme ich endlich mal einen Sonnenaufgang um 07:00 Uhr mit. <\/p>\n\n\n\n<figure class=\"wp-block-gallery has-nested-images columns-default is-cropped wp-block-gallery-1 is-layout-flex wp-block-gallery-is-layout-flex\">\n<figure class=\"wp-block-image size-large is-style-default\"><img loading=\"lazy\" decoding=\"async\" width=\"1024\" height=\"498\" data-id=\"6508\" src=\"https:\/\/mybonnechance.de\/wp-content\/uploads\/2022\/12\/Sonnenaufgang-1-1024x498.jpg\" alt=\"\" class=\"wp-image-6508\" srcset=\"https:\/\/mybonnechance.de\/wp-content\/uploads\/2022\/12\/Sonnenaufgang-1-1024x498.jpg 1024w, https:\/\/mybonnechance.de\/wp-content\/uploads\/2022\/12\/Sonnenaufgang-1-300x146.jpg 300w, https:\/\/mybonnechance.de\/wp-content\/uploads\/2022\/12\/Sonnenaufgang-1-768x373.jpg 768w, https:\/\/mybonnechance.de\/wp-content\/uploads\/2022\/12\/Sonnenaufgang-1-1536x747.jpg 1536w, https:\/\/mybonnechance.de\/wp-content\/uploads\/2022\/12\/Sonnenaufgang-1-2048x996.jpg 2048w\" sizes=\"auto, (max-width: 767px) 89vw, (max-width: 1000px) 54vw, (max-width: 1071px) 543px, 580px\" \/><\/figure>\n\n\n\n<figure class=\"wp-block-image size-large is-style-default\"><img loading=\"lazy\" decoding=\"async\" width=\"1024\" height=\"498\" data-id=\"6509\" src=\"https:\/\/mybonnechance.de\/wp-content\/uploads\/2022\/12\/Sonnenaufgang-3-1024x498.jpg\" alt=\"\" class=\"wp-image-6509\" srcset=\"https:\/\/mybonnechance.de\/wp-content\/uploads\/2022\/12\/Sonnenaufgang-3-1024x498.jpg 1024w, https:\/\/mybonnechance.de\/wp-content\/uploads\/2022\/12\/Sonnenaufgang-3-300x146.jpg 300w, https:\/\/mybonnechance.de\/wp-content\/uploads\/2022\/12\/Sonnenaufgang-3-768x373.jpg 768w, https:\/\/mybonnechance.de\/wp-content\/uploads\/2022\/12\/Sonnenaufgang-3-1536x747.jpg 1536w, https:\/\/mybonnechance.de\/wp-content\/uploads\/2022\/12\/Sonnenaufgang-3-2048x996.jpg 2048w\" sizes=\"auto, (max-width: 767px) 89vw, (max-width: 1000px) 54vw, (max-width: 1071px) 543px, 580px\" \/><\/figure>\n<\/figure>\n\n\n\n<div class=\"wp-block-columns is-layout-flex wp-container-core-columns-is-layout-9d6595d7 wp-block-columns-is-layout-flex\">\n<div class=\"wp-block-column is-layout-flow wp-block-column-is-layout-flow\">\n<figure class=\"wp-block-image size-large is-style-default\"><img loading=\"lazy\" decoding=\"async\" width=\"498\" height=\"1024\" src=\"https:\/\/mybonnechance.de\/wp-content\/uploads\/2022\/12\/Sonnenaufgang-4-498x1024.jpg\" alt=\"\" class=\"wp-image-6510\" srcset=\"https:\/\/mybonnechance.de\/wp-content\/uploads\/2022\/12\/Sonnenaufgang-4-498x1024.jpg 498w, https:\/\/mybonnechance.de\/wp-content\/uploads\/2022\/12\/Sonnenaufgang-4-146x300.jpg 146w, https:\/\/mybonnechance.de\/wp-content\/uploads\/2022\/12\/Sonnenaufgang-4-768x1580.jpg 768w, https:\/\/mybonnechance.de\/wp-content\/uploads\/2022\/12\/Sonnenaufgang-4-747x1536.jpg 747w, https:\/\/mybonnechance.de\/wp-content\/uploads\/2022\/12\/Sonnenaufgang-4-996x2048.jpg 996w, https:\/\/mybonnechance.de\/wp-content\/uploads\/2022\/12\/Sonnenaufgang-4-scaled.jpg 1244w\" sizes=\"auto, (max-width: 498px) 100vw, 498px\" \/><\/figure>\n<\/div>\n\n\n\n<div class=\"wp-block-column is-layout-flow wp-block-column-is-layout-flow\">\n<figure class=\"wp-block-image size-large is-style-default\"><img loading=\"lazy\" decoding=\"async\" width=\"498\" height=\"1024\" src=\"https:\/\/mybonnechance.de\/wp-content\/uploads\/2022\/12\/20220822_200531-1-498x1024.jpg\" alt=\"\" class=\"wp-image-6511\" srcset=\"https:\/\/mybonnechance.de\/wp-content\/uploads\/2022\/12\/20220822_200531-1-498x1024.jpg 498w, https:\/\/mybonnechance.de\/wp-content\/uploads\/2022\/12\/20220822_200531-1-146x300.jpg 146w, https:\/\/mybonnechance.de\/wp-content\/uploads\/2022\/12\/20220822_200531-1-768x1580.jpg 768w, https:\/\/mybonnechance.de\/wp-content\/uploads\/2022\/12\/20220822_200531-1-747x1536.jpg 747w, https:\/\/mybonnechance.de\/wp-content\/uploads\/2022\/12\/20220822_200531-1-996x2048.jpg 996w, https:\/\/mybonnechance.de\/wp-content\/uploads\/2022\/12\/20220822_200531-1-scaled.jpg 1244w\" sizes=\"auto, (max-width: 498px) 100vw, 498px\" \/><\/figure>\n<\/div>\n<\/div>\n\n\n\n<p>Nach dem Aufstehen beschlie\u00dfen wir uns zu verlegen, da die Einzelanleger wieder frei sind. Hinterher kommt der Bauer wieder und macht Krach. Gegen fr\u00fchen Mittag schl\u00e4ft der Wind komplett ein und man h\u00e4lt es leider vorne nicht aus. Ab ins Wasser und ab 16 Uhr kann man es auch auf dem Vordeck wieder aushalten.<\/p>\n\n\n\n<p><strong>Tag 60 + 61, Mittwoch + Donnerstag , 24 + 25.August<\/strong><br>Es wird weitergechillt, allerdings waren wir auch ein bisschen flei\u00dfig. Wir haben innen mit den f\u00e4lligen Holzarbeiten angefangen und ich bin begeistert wie gut das funktioniert.<br>in den letzten beiden Tagen klettert die Temperatur auf ca. 29 &#8211; 30\u00b0, aber mit dem stetigen Wind und dem Schwimmen im See l\u00e4\u00dft es sich hervorragend aushalten.<\/p>\n\n\n\n<pre class=\"wp-block-code\"><code><a href=\"https:\/\/mybonnechance.de\/?page_id=6333\">Vorw\u00e4rts<\/a><\/code><\/pre>\n","protected":false},"excerpt":{"rendered":"<p>Tag 58, Montag, 22.August Akkrum &#8211; Marrekrit Terherner Diep3 km \u2013\u00a0 0,5 FahrzeitSo, wieder zur\u00fcck in unserem Teich von vorgestern, nur einen anderen Anleger. Die Einzelpl\u00e4tze sind schon belegt. Aber im Moment liegen wir hier auch Alleine. Auf einmal gibt&#8217;s einen ziemlich gro\u00dfer Bumbs. Direkt vor unseren Bug gibt es eine Rampe und wir dachten, &hellip; <\/p>\n<p class=\"link-more\"><a href=\"https:\/\/mybonnechance.de\/?page_id=6422\" class=\"more-link\"><span class=\"screen-reader-text\">\u201e2022-33 Marrekrit Terherner Diep\u201c<\/span> weiterlesen<\/a><\/p>\n","protected":false},"author":1,"featured_media":0,"parent":0,"menu_order":0,"comment_status":"closed","ping_status":"closed","template":"","meta":{"ngg_post_thumbnail":0,"footnotes":""},"class_list":["post-6422","page","type-page","status-publish","hentry"],"_links":{"self":[{"href":"https:\/\/mybonnechance.de\/index.php?rest_route=\/wp\/v2\/pages\/6422","targetHints":{"allow":["GET"]}}],"collection":[{"href":"https:\/\/mybonnechance.de\/index.php?rest_route=\/wp\/v2\/pages"}],"about":[{"href":"https:\/\/mybonnechance.de\/index.php?rest_route=\/wp\/v2\/types\/page"}],"author":[{"embeddable":true,"href":"https:\/\/mybonnechance.de\/index.php?rest_route=\/wp\/v2\/users\/1"}],"replies":[{"embeddable":true,"href":"https:\/\/mybonnechance.de\/index.php?rest_route=%2Fwp%2Fv2%2Fcomments&post=6422"}],"version-history":[{"count":14,"href":"https:\/\/mybonnechance.de\/index.php?rest_route=\/wp\/v2\/pages\/6422\/revisions"}],"predecessor-version":[{"id":6984,"href":"https:\/\/mybonnechance.de\/index.php?rest_route=\/wp\/v2\/pages\/6422\/revisions\/6984"}],"wp:attachment":[{"href":"https:\/\/mybonnechance.de\/index.php?rest_route=%2Fwp%2Fv2%2Fmedia&parent=6422"}],"curies":[{"name":"wp","href":"https:\/\/api.w.org\/{rel}","templated":true}]}}