{"id":7016,"date":"2023-06-22T14:17:28","date_gmt":"2023-06-22T14:17:28","guid":{"rendered":"https:\/\/mybonnechance.de\/?page_id=7016"},"modified":"2023-07-12T14:58:44","modified_gmt":"2023-07-12T14:58:44","slug":"2023-01-start-in-herten","status":"publish","type":"page","link":"https:\/\/mybonnechance.de\/?page_id=7016","title":{"rendered":"2023-01 Start in Herten"},"content":{"rendered":"\n<p><strong>Tag 1, Freitag  16.Juni<\/strong>                 <strong>Herten,<\/strong> <strong>City Marina \u2013 Panheel<\/strong><br>15,7 km \u2013 2 Schleuse \u2013 3 Std. Fahrzeit<br>Endlich geht es wieder los. Bis Mittags haben wir noch einiges in Roermond zu erledigen und k\u00f6nnen deshalb erst gegen 14:00 abfahren. Ziel ist diesmal alles rund ums Grevelinger Meer, Oster-und Westerschelde zu erkunden.  Den Weg dahin wollen wir nicht \u00fcber die Maas nehmen, sondern \u00fcber den Wilhelminakanal und die Dintel. Nachdem dieser Versuch im letzten Jahr aufgrund einer Schleusensperrung schief gegangen ist, hoffen wir diesmal auf eine reibungslose Fahrt.<br>Zum Start m\u00fcssen wir direkt einen gro\u00dfen Umweg fahren, denn die Schleuse Linne wird noch immer repariert. Also hei\u00dft es Roermonderschleuse und Schleuse Heel. Das kostet dann doch soviel Zeit, da\u00df wir es zum Tanken in Maasbracht nicht mehr rechtzeitig schaffen und deshalb in Panheel Station machen.<br><\/p>\n\n\n\n<p><\/p>\n\n\n","protected":false},"excerpt":{"rendered":"<p>Tag 1, Freitag 16.Juni Herten, City Marina \u2013 Panheel15,7 km \u2013 2 Schleuse \u2013 3 Std. FahrzeitEndlich geht es wieder los. Bis Mittags haben wir noch einiges in Roermond zu erledigen und k\u00f6nnen deshalb erst gegen 14:00 abfahren. Ziel ist diesmal alles rund ums Grevelinger Meer, Oster-und Westerschelde zu erkunden. Den Weg dahin wollen wir &hellip; <\/p>\n<p class=\"link-more\"><a href=\"https:\/\/mybonnechance.de\/?page_id=7016\" class=\"more-link\"><span class=\"screen-reader-text\">\u201e2023-01 Start in Herten\u201c<\/span> weiterlesen<\/a><\/p>\n","protected":false},"author":1,"featured_media":0,"parent":0,"menu_order":0,"comment_status":"closed","ping_status":"closed","template":"","meta":{"ngg_post_thumbnail":0,"footnotes":""},"class_list":["post-7016","page","type-page","status-publish","hentry"],"_links":{"self":[{"href":"https:\/\/mybonnechance.de\/index.php?rest_route=\/wp\/v2\/pages\/7016","targetHints":{"allow":["GET"]}}],"collection":[{"href":"https:\/\/mybonnechance.de\/index.php?rest_route=\/wp\/v2\/pages"}],"about":[{"href":"https:\/\/mybonnechance.de\/index.php?rest_route=\/wp\/v2\/types\/page"}],"author":[{"embeddable":true,"href":"https:\/\/mybonnechance.de\/index.php?rest_route=\/wp\/v2\/users\/1"}],"replies":[{"embeddable":true,"href":"https:\/\/mybonnechance.de\/index.php?rest_route=%2Fwp%2Fv2%2Fcomments&post=7016"}],"version-history":[{"count":6,"href":"https:\/\/mybonnechance.de\/index.php?rest_route=\/wp\/v2\/pages\/7016\/revisions"}],"predecessor-version":[{"id":7329,"href":"https:\/\/mybonnechance.de\/index.php?rest_route=\/wp\/v2\/pages\/7016\/revisions\/7329"}],"wp:attachment":[{"href":"https:\/\/mybonnechance.de\/index.php?rest_route=%2Fwp%2Fv2%2Fmedia&parent=7016"}],"curies":[{"name":"wp","href":"https:\/\/api.w.org\/{rel}","templated":true}]}}