{"id":7018,"date":"2023-06-22T14:18:08","date_gmt":"2023-06-22T14:18:08","guid":{"rendered":"https:\/\/mybonnechance.de\/?page_id=7018"},"modified":"2023-07-12T15:00:05","modified_gmt":"2023-07-12T15:00:05","slug":"2023-02-aarle-rixtel","status":"publish","type":"page","link":"https:\/\/mybonnechance.de\/?page_id=7018","title":{"rendered":"2023-02 Aarle-Rixtel"},"content":{"rendered":"\n<p><strong>Tag 2, Samstag 17.Juni<\/strong> <strong>       Panheel &#8211; Aarle Rixtel, Gemeindehaven<\/strong><br>46 km \u2013 5 Schleusen \u2013 7,25 Std. Fahrzeit<br>Heute morgen noch bei T\u00fcllemann zum Tanken (1,45\/l) und dann geht es weiter. Keine Wartezeit an der Schleuse Panheel und schon sind wir auf dem Kanal Wessem-Niederweert. Ein bisschen langweilig ist es schon, ab Sluis 13 wird es endlich interessanter.<br>Das Wetter ist herrlich und absolut windstill, so da\u00df ich an den nun folgenen Schleusen zum erstenmal anlege. Es klappt von Mal zu Mal besser \ud83d\ude42<\/p>\n\n\n\n<figure class=\"wp-block-gallery has-nested-images columns-default is-cropped wp-block-gallery-1 is-layout-flex wp-block-gallery-is-layout-flex\">\n<figure class=\"wp-block-image size-large is-style-default\"><img loading=\"lazy\" decoding=\"async\" width=\"498\" height=\"1024\" data-id=\"7043\" src=\"https:\/\/mybonnechance.de\/wp-content\/uploads\/2023\/06\/20230617_112212-498x1024.jpg\" alt=\"\" class=\"wp-image-7043\" srcset=\"https:\/\/mybonnechance.de\/wp-content\/uploads\/2023\/06\/20230617_112212-498x1024.jpg 498w, https:\/\/mybonnechance.de\/wp-content\/uploads\/2023\/06\/20230617_112212-146x300.jpg 146w, https:\/\/mybonnechance.de\/wp-content\/uploads\/2023\/06\/20230617_112212-768x1580.jpg 768w, https:\/\/mybonnechance.de\/wp-content\/uploads\/2023\/06\/20230617_112212-747x1536.jpg 747w, https:\/\/mybonnechance.de\/wp-content\/uploads\/2023\/06\/20230617_112212-996x2048.jpg 996w, https:\/\/mybonnechance.de\/wp-content\/uploads\/2023\/06\/20230617_112212-scaled.jpg 1244w\" sizes=\"auto, (max-width: 498px) 100vw, 498px\" \/><\/figure>\n\n\n\n<figure class=\"wp-block-image size-large is-style-default\"><img loading=\"lazy\" decoding=\"async\" width=\"498\" height=\"1024\" data-id=\"7045\" src=\"https:\/\/mybonnechance.de\/wp-content\/uploads\/2023\/06\/20230617_092031-498x1024.jpg\" alt=\"\" class=\"wp-image-7045\" srcset=\"https:\/\/mybonnechance.de\/wp-content\/uploads\/2023\/06\/20230617_092031-498x1024.jpg 498w, https:\/\/mybonnechance.de\/wp-content\/uploads\/2023\/06\/20230617_092031-146x300.jpg 146w, https:\/\/mybonnechance.de\/wp-content\/uploads\/2023\/06\/20230617_092031-768x1580.jpg 768w, https:\/\/mybonnechance.de\/wp-content\/uploads\/2023\/06\/20230617_092031-747x1536.jpg 747w, https:\/\/mybonnechance.de\/wp-content\/uploads\/2023\/06\/20230617_092031-996x2048.jpg 996w, https:\/\/mybonnechance.de\/wp-content\/uploads\/2023\/06\/20230617_092031-scaled.jpg 1244w\" sizes=\"auto, (max-width: 498px) 100vw, 498px\" \/><\/figure>\n\n\n\n<figure class=\"wp-block-image size-large is-style-default\"><img loading=\"lazy\" decoding=\"async\" width=\"768\" height=\"1024\" data-id=\"7044\" src=\"https:\/\/mybonnechance.de\/wp-content\/uploads\/2023\/06\/20230617_123949-768x1024.jpg\" alt=\"\" class=\"wp-image-7044\" srcset=\"https:\/\/mybonnechance.de\/wp-content\/uploads\/2023\/06\/20230617_123949-768x1024.jpg 768w, https:\/\/mybonnechance.de\/wp-content\/uploads\/2023\/06\/20230617_123949-225x300.jpg 225w, https:\/\/mybonnechance.de\/wp-content\/uploads\/2023\/06\/20230617_123949-1152x1536.jpg 1152w, https:\/\/mybonnechance.de\/wp-content\/uploads\/2023\/06\/20230617_123949-1536x2048.jpg 1536w, https:\/\/mybonnechance.de\/wp-content\/uploads\/2023\/06\/20230617_123949-scaled.jpg 1920w\" sizes=\"auto, (max-width: 767px) 89vw, (max-width: 1000px) 54vw, (max-width: 1071px) 543px, 580px\" \/><\/figure>\n<\/figure>\n\n\n\n<p>Angekommen in Aarle Rixtel. Es ist zum Gl\u00fcck gen\u00fcgend Platz f\u00fcr uns. <\/p>\n\n\n\n<figure class=\"wp-block-gallery has-nested-images columns-default is-cropped wp-block-gallery-2 is-layout-flex wp-block-gallery-is-layout-flex\">\n<figure class=\"wp-block-image size-large is-style-default\"><img loading=\"lazy\" decoding=\"async\" width=\"498\" height=\"1024\" data-id=\"7048\" src=\"https:\/\/mybonnechance.de\/wp-content\/uploads\/2023\/06\/20230617_164330-498x1024.jpg\" alt=\"\" class=\"wp-image-7048\" srcset=\"https:\/\/mybonnechance.de\/wp-content\/uploads\/2023\/06\/20230617_164330-498x1024.jpg 498w, https:\/\/mybonnechance.de\/wp-content\/uploads\/2023\/06\/20230617_164330-146x300.jpg 146w, https:\/\/mybonnechance.de\/wp-content\/uploads\/2023\/06\/20230617_164330-768x1580.jpg 768w, https:\/\/mybonnechance.de\/wp-content\/uploads\/2023\/06\/20230617_164330-747x1536.jpg 747w, https:\/\/mybonnechance.de\/wp-content\/uploads\/2023\/06\/20230617_164330-996x2048.jpg 996w, https:\/\/mybonnechance.de\/wp-content\/uploads\/2023\/06\/20230617_164330-scaled.jpg 1244w\" sizes=\"auto, (max-width: 498px) 100vw, 498px\" \/><\/figure>\n\n\n\n<figure class=\"wp-block-image size-large is-style-default\"><img loading=\"lazy\" decoding=\"async\" width=\"498\" height=\"1024\" data-id=\"7046\" src=\"https:\/\/mybonnechance.de\/wp-content\/uploads\/2023\/06\/20230617_145450-498x1024.jpg\" alt=\"\" class=\"wp-image-7046\" srcset=\"https:\/\/mybonnechance.de\/wp-content\/uploads\/2023\/06\/20230617_145450-498x1024.jpg 498w, https:\/\/mybonnechance.de\/wp-content\/uploads\/2023\/06\/20230617_145450-146x300.jpg 146w, https:\/\/mybonnechance.de\/wp-content\/uploads\/2023\/06\/20230617_145450-768x1580.jpg 768w, https:\/\/mybonnechance.de\/wp-content\/uploads\/2023\/06\/20230617_145450-747x1536.jpg 747w, https:\/\/mybonnechance.de\/wp-content\/uploads\/2023\/06\/20230617_145450-996x2048.jpg 996w, https:\/\/mybonnechance.de\/wp-content\/uploads\/2023\/06\/20230617_145450-scaled.jpg 1244w\" sizes=\"auto, (max-width: 498px) 100vw, 498px\" \/><figcaption class=\"wp-element-caption\"><strong>Gemeindehaven<\/strong><\/figcaption><\/figure>\n\n\n\n<figure class=\"wp-block-image size-large is-style-default\"><img loading=\"lazy\" decoding=\"async\" width=\"498\" height=\"1024\" data-id=\"7049\" src=\"https:\/\/mybonnechance.de\/wp-content\/uploads\/2023\/06\/20230617_165042-498x1024.jpg\" alt=\"\" class=\"wp-image-7049\" srcset=\"https:\/\/mybonnechance.de\/wp-content\/uploads\/2023\/06\/20230617_165042-498x1024.jpg 498w, https:\/\/mybonnechance.de\/wp-content\/uploads\/2023\/06\/20230617_165042-146x300.jpg 146w, https:\/\/mybonnechance.de\/wp-content\/uploads\/2023\/06\/20230617_165042-768x1580.jpg 768w, https:\/\/mybonnechance.de\/wp-content\/uploads\/2023\/06\/20230617_165042-747x1536.jpg 747w, https:\/\/mybonnechance.de\/wp-content\/uploads\/2023\/06\/20230617_165042-996x2048.jpg 996w, https:\/\/mybonnechance.de\/wp-content\/uploads\/2023\/06\/20230617_165042-scaled.jpg 1244w\" sizes=\"auto, (max-width: 498px) 100vw, 498px\" \/><figcaption class=\"wp-element-caption\"><strong>Grote Kerk<\/strong><\/figcaption><\/figure>\n<\/figure>\n\n\n\n<p>Bei einem Rundgang durch die Stadt, die eigentlich nur aus einer langen Stra\u00dfe besteht,  finden wir  Kruidvaart, Metzger, K\u00e4seladen, Hunde -und Fahrradgesch\u00e4ft. Zudem einen Zahnarzt und irgendwo wohl auch eine Huisarztpraxis. <br>Das einzig st\u00f6rende in dem geb\u00fchrenfreien Passantenhaven ist der Autoverkehr. Es sind sehr viele Autos unterwegs und dadurch doch  sehr laut. Es wird erst gegen 2 Uhr die Nacht  ruhiger.<\/p>\n\n\n\n\n\n<p><br><br><br><\/p>\n\n\n\n<p><br><\/p>\n\n\n\n<p><br><\/p>\n\n\n\n<p><\/p>\n","protected":false},"excerpt":{"rendered":"<p>Tag 2, Samstag 17.Juni Panheel &#8211; Aarle Rixtel, Gemeindehaven46 km \u2013 5 Schleusen \u2013 7,25 Std. FahrzeitHeute morgen noch bei T\u00fcllemann zum Tanken (1,45\/l) und dann geht es weiter. Keine Wartezeit an der Schleuse Panheel und schon sind wir auf dem Kanal Wessem-Niederweert. Ein bisschen langweilig ist es schon, ab Sluis 13 wird es endlich &hellip; <\/p>\n<p class=\"link-more\"><a href=\"https:\/\/mybonnechance.de\/?page_id=7018\" class=\"more-link\"><span class=\"screen-reader-text\">\u201e2023-02 Aarle-Rixtel\u201c<\/span> weiterlesen<\/a><\/p>\n","protected":false},"author":1,"featured_media":0,"parent":0,"menu_order":0,"comment_status":"closed","ping_status":"closed","template":"","meta":{"ngg_post_thumbnail":0,"footnotes":""},"class_list":["post-7018","page","type-page","status-publish","hentry"],"_links":{"self":[{"href":"https:\/\/mybonnechance.de\/index.php?rest_route=\/wp\/v2\/pages\/7018","targetHints":{"allow":["GET"]}}],"collection":[{"href":"https:\/\/mybonnechance.de\/index.php?rest_route=\/wp\/v2\/pages"}],"about":[{"href":"https:\/\/mybonnechance.de\/index.php?rest_route=\/wp\/v2\/types\/page"}],"author":[{"embeddable":true,"href":"https:\/\/mybonnechance.de\/index.php?rest_route=\/wp\/v2\/users\/1"}],"replies":[{"embeddable":true,"href":"https:\/\/mybonnechance.de\/index.php?rest_route=%2Fwp%2Fv2%2Fcomments&post=7018"}],"version-history":[{"count":7,"href":"https:\/\/mybonnechance.de\/index.php?rest_route=\/wp\/v2\/pages\/7018\/revisions"}],"predecessor-version":[{"id":7330,"href":"https:\/\/mybonnechance.de\/index.php?rest_route=\/wp\/v2\/pages\/7018\/revisions\/7330"}],"wp:attachment":[{"href":"https:\/\/mybonnechance.de\/index.php?rest_route=%2Fwp%2Fv2%2Fmedia&parent=7018"}],"curies":[{"name":"wp","href":"https:\/\/api.w.org\/{rel}","templated":true}]}}