{"id":7022,"date":"2023-06-22T14:18:55","date_gmt":"2023-06-22T14:18:55","guid":{"rendered":"https:\/\/mybonnechance.de\/?page_id=7022"},"modified":"2023-07-12T15:01:03","modified_gmt":"2023-07-12T15:01:03","slug":"2023-04-terheijden","status":"publish","type":"page","link":"https:\/\/mybonnechance.de\/?page_id=7022","title":{"rendered":"2023-04 Terheijden"},"content":{"rendered":"\n<p><strong>Tag 5, Dienstag 21.Juni<\/strong>        <strong> Tilburg, Pius Haven<\/strong> <strong>&#8211; Terheijden, Gemeindehaven<\/strong><br>32 km \u2013 3 Schleusen \u2013 7 bewegl. Br\u00fccken &#8211;  5 Std. Fahrzeit<br>Sind wieder total allein auf dem <strong>Wilhelminakanaal<\/strong>. Ich bin ein bisschen zwiegespalten mit der Route. Einerseits ist es echt easy und entspannend zu fahren, auf der anderen Seite bleibt ab doch auch die Langeweile. Es gibt zwar keine h\u00e4\u00dflichen Industrieanlagen unterwegs, aber eben auch nichts Interessantes zu gucken<strong>.<br><\/strong>Da es eine Unwetterwarnung gibt, bleiben wir besser fr\u00fchzeitg im Hafen von<strong> Terheijden.<\/strong> <br>Punkt 16 Uhr geht es los und der Regen h\u00e4lt bis in die Nacht an. Keine M\u00f6glichkeit uns das St\u00e4dtchen anzusehen.  Das k\u00f6nnen wir dann aber am n\u00e4chsten Morgen und sind erstaunt, da\u00df es gr\u00f6\u00dfer ist, als der kleine Hafen vermutet l\u00e4\u00dft. Es gibt dort einige Cafes und ein Restaurant. <strong>Au\u00dferdem 5 &#8211; 10 min. fu\u00dfl\u00e4ufig sind Lidl und Jumbo erreichbar<\/strong>. Au\u00dferdem gibt es eine <strong>Drogerie und eine Apotheke<\/strong>. Im Sonnenschein sieht auch der Hafen viel idyllischer aus \ud83d\ude42<\/p>\n\n\n\n<figure class=\"wp-block-gallery has-nested-images columns-default is-cropped wp-block-gallery-1 is-layout-flex wp-block-gallery-is-layout-flex\">\n<figure class=\"wp-block-image size-large is-style-default\"><img loading=\"lazy\" decoding=\"async\" width=\"1024\" height=\"498\" data-id=\"7094\" src=\"https:\/\/mybonnechance.de\/wp-content\/uploads\/2023\/06\/20230621_090025-1024x498.jpg\" alt=\"\" class=\"wp-image-7094\" srcset=\"https:\/\/mybonnechance.de\/wp-content\/uploads\/2023\/06\/20230621_090025-1024x498.jpg 1024w, https:\/\/mybonnechance.de\/wp-content\/uploads\/2023\/06\/20230621_090025-300x146.jpg 300w, https:\/\/mybonnechance.de\/wp-content\/uploads\/2023\/06\/20230621_090025-768x373.jpg 768w, https:\/\/mybonnechance.de\/wp-content\/uploads\/2023\/06\/20230621_090025-1536x747.jpg 1536w, https:\/\/mybonnechance.de\/wp-content\/uploads\/2023\/06\/20230621_090025-2048x996.jpg 2048w\" sizes=\"auto, (max-width: 767px) 89vw, (max-width: 1000px) 54vw, (max-width: 1071px) 543px, 580px\" \/><\/figure>\n\n\n\n<figure class=\"wp-block-image size-large is-style-default\"><img loading=\"lazy\" decoding=\"async\" width=\"1024\" height=\"498\" data-id=\"7093\" src=\"https:\/\/mybonnechance.de\/wp-content\/uploads\/2023\/06\/20230621_090051-1024x498.jpg\" alt=\"\" class=\"wp-image-7093\" srcset=\"https:\/\/mybonnechance.de\/wp-content\/uploads\/2023\/06\/20230621_090051-1024x498.jpg 1024w, https:\/\/mybonnechance.de\/wp-content\/uploads\/2023\/06\/20230621_090051-300x146.jpg 300w, https:\/\/mybonnechance.de\/wp-content\/uploads\/2023\/06\/20230621_090051-768x373.jpg 768w, https:\/\/mybonnechance.de\/wp-content\/uploads\/2023\/06\/20230621_090051-1536x747.jpg 1536w, https:\/\/mybonnechance.de\/wp-content\/uploads\/2023\/06\/20230621_090051-2048x996.jpg 2048w\" sizes=\"auto, (max-width: 767px) 89vw, (max-width: 1000px) 54vw, (max-width: 1071px) 543px, 580px\" \/><\/figure>\n<\/figure>\n\n\n","protected":false},"excerpt":{"rendered":"<p>Tag 5, Dienstag 21.Juni Tilburg, Pius Haven &#8211; Terheijden, Gemeindehaven32 km \u2013 3 Schleusen \u2013 7 bewegl. Br\u00fccken &#8211; 5 Std. FahrzeitSind wieder total allein auf dem Wilhelminakanaal. Ich bin ein bisschen zwiegespalten mit der Route. Einerseits ist es echt easy und entspannend zu fahren, auf der anderen Seite bleibt ab doch auch die Langeweile. &hellip; <\/p>\n<p class=\"link-more\"><a href=\"https:\/\/mybonnechance.de\/?page_id=7022\" class=\"more-link\"><span class=\"screen-reader-text\">\u201e2023-04 Terheijden\u201c<\/span> weiterlesen<\/a><\/p>\n","protected":false},"author":1,"featured_media":0,"parent":0,"menu_order":0,"comment_status":"closed","ping_status":"closed","template":"","meta":{"ngg_post_thumbnail":0,"footnotes":""},"class_list":["post-7022","page","type-page","status-publish","hentry"],"_links":{"self":[{"href":"https:\/\/mybonnechance.de\/index.php?rest_route=\/wp\/v2\/pages\/7022","targetHints":{"allow":["GET"]}}],"collection":[{"href":"https:\/\/mybonnechance.de\/index.php?rest_route=\/wp\/v2\/pages"}],"about":[{"href":"https:\/\/mybonnechance.de\/index.php?rest_route=\/wp\/v2\/types\/page"}],"author":[{"embeddable":true,"href":"https:\/\/mybonnechance.de\/index.php?rest_route=\/wp\/v2\/users\/1"}],"replies":[{"embeddable":true,"href":"https:\/\/mybonnechance.de\/index.php?rest_route=%2Fwp%2Fv2%2Fcomments&post=7022"}],"version-history":[{"count":4,"href":"https:\/\/mybonnechance.de\/index.php?rest_route=\/wp\/v2\/pages\/7022\/revisions"}],"predecessor-version":[{"id":7332,"href":"https:\/\/mybonnechance.de\/index.php?rest_route=\/wp\/v2\/pages\/7022\/revisions\/7332"}],"wp:attachment":[{"href":"https:\/\/mybonnechance.de\/index.php?rest_route=%2Fwp%2Fv2%2Fmedia&parent=7022"}],"curies":[{"name":"wp","href":"https:\/\/api.w.org\/{rel}","templated":true}]}}