{"id":7026,"date":"2023-06-22T14:19:56","date_gmt":"2023-06-22T14:19:56","guid":{"rendered":"https:\/\/mybonnechance.de\/?page_id=7026"},"modified":"2023-07-12T15:02:00","modified_gmt":"2023-07-12T15:02:00","slug":"2023-06-brouwershaven","status":"publish","type":"page","link":"https:\/\/mybonnechance.de\/?page_id=7026","title":{"rendered":"2023-06 Brouwershaven"},"content":{"rendered":"\n<p><strong>Tag 7, Donnerstag 23.Juni<\/strong>    <strong> Dinteloord<\/strong>,<strong> Gemeindehaven<\/strong> <strong>&#8211; Brouwershaven<\/strong>, <strong>Jachthaven<\/strong><br>42 km \u2013 2 Schleusen &#8211; 1 bewegl. Br\u00fccken &#8211; 4,8 Std. Fahrzeit<br>Leider zieht sich das Wetter heute wieder zu und es ist k\u00fchl und bew\u00f6lkt. Es werden auch wieder Unwetter erwartet, so da\u00df wir vom zuerst geplanten Aufenthalt auf einer Insel im Greveling absehen. Unser heutiges Ziel ist somit Brouwershaven.<br><strong>Krammer- sowie die Grevelingerschleuse<\/strong> sind heute sowas von harmlos und ohne Probleme gewesen. Es war auf unserer Seite fast nichts los und die Schleusungen haben eigentlich gar nicht stattgefunden, h\u00f6chstens 50 cm. Eine M\u00f6we hat es sich auch zwischendurch mal bequem gemacht und l\u00e4\u00dft sich ein paar km mitnehmen.<br><strong>Der Hafen von Brouwershaven<\/strong> und der Marktplatz davor sehen immer noch so aus wie vor 25 Jahren, einschlie\u00dflich dem Restaurant T&#8217;Swarte Sheap. <\/p>\n\n\n\n<div class=\"wp-block-columns is-layout-flex wp-container-core-columns-is-layout-9d6595d7 wp-block-columns-is-layout-flex\">\n<div class=\"wp-block-column is-layout-flow wp-block-column-is-layout-flow\">\n<figure class=\"wp-block-image size-large is-style-default\"><img loading=\"lazy\" decoding=\"async\" width=\"498\" height=\"1024\" src=\"https:\/\/mybonnechance.de\/wp-content\/uploads\/2023\/07\/20230622_113235-498x1024.jpg\" alt=\"\" class=\"wp-image-7138\" srcset=\"https:\/\/mybonnechance.de\/wp-content\/uploads\/2023\/07\/20230622_113235-498x1024.jpg 498w, https:\/\/mybonnechance.de\/wp-content\/uploads\/2023\/07\/20230622_113235-146x300.jpg 146w, https:\/\/mybonnechance.de\/wp-content\/uploads\/2023\/07\/20230622_113235-768x1580.jpg 768w, https:\/\/mybonnechance.de\/wp-content\/uploads\/2023\/07\/20230622_113235-747x1536.jpg 747w, https:\/\/mybonnechance.de\/wp-content\/uploads\/2023\/07\/20230622_113235-996x2048.jpg 996w, https:\/\/mybonnechance.de\/wp-content\/uploads\/2023\/07\/20230622_113235-scaled.jpg 1244w\" sizes=\"auto, (max-width: 498px) 100vw, 498px\" \/><\/figure>\n<\/div>\n\n\n\n<div class=\"wp-block-column is-layout-flow wp-block-column-is-layout-flow\">\n<figure class=\"wp-block-image size-large is-style-default\"><img loading=\"lazy\" decoding=\"async\" width=\"498\" height=\"1024\" src=\"https:\/\/mybonnechance.de\/wp-content\/uploads\/2023\/07\/20230622_122432-498x1024.jpg\" alt=\"\" class=\"wp-image-7139\" srcset=\"https:\/\/mybonnechance.de\/wp-content\/uploads\/2023\/07\/20230622_122432-498x1024.jpg 498w, https:\/\/mybonnechance.de\/wp-content\/uploads\/2023\/07\/20230622_122432-146x300.jpg 146w, https:\/\/mybonnechance.de\/wp-content\/uploads\/2023\/07\/20230622_122432-768x1580.jpg 768w, https:\/\/mybonnechance.de\/wp-content\/uploads\/2023\/07\/20230622_122432-747x1536.jpg 747w, https:\/\/mybonnechance.de\/wp-content\/uploads\/2023\/07\/20230622_122432-996x2048.jpg 996w, https:\/\/mybonnechance.de\/wp-content\/uploads\/2023\/07\/20230622_122432-scaled.jpg 1244w\" sizes=\"auto, (max-width: 498px) 100vw, 498px\" \/><\/figure>\n<\/div>\n\n\n\n<div class=\"wp-block-column is-layout-flow wp-block-column-is-layout-flow\">\n<figure class=\"wp-block-image size-large is-resized is-style-default\"><img loading=\"lazy\" decoding=\"async\" src=\"https:\/\/mybonnechance.de\/wp-content\/uploads\/2023\/07\/20230622_134639-498x1024.jpg\" alt=\"\" class=\"wp-image-7141\" width=\"203\" height=\"417\" srcset=\"https:\/\/mybonnechance.de\/wp-content\/uploads\/2023\/07\/20230622_134639-498x1024.jpg 498w, https:\/\/mybonnechance.de\/wp-content\/uploads\/2023\/07\/20230622_134639-146x300.jpg 146w, https:\/\/mybonnechance.de\/wp-content\/uploads\/2023\/07\/20230622_134639-768x1580.jpg 768w, https:\/\/mybonnechance.de\/wp-content\/uploads\/2023\/07\/20230622_134639-747x1536.jpg 747w, https:\/\/mybonnechance.de\/wp-content\/uploads\/2023\/07\/20230622_134639-996x2048.jpg 996w, https:\/\/mybonnechance.de\/wp-content\/uploads\/2023\/07\/20230622_134639-scaled.jpg 1244w\" sizes=\"auto, (max-width: 203px) 100vw, 203px\" \/><\/figure>\n<\/div>\n<\/div>\n\n\n\n<p>Ge\u00e4ndert hat sich allerdings die Hafengeb\u00fchr. die kostet inzwischen beinahe 40,. die Nacht. Daf\u00fcr k\u00f6nnen wir f\u00fcr 20.- eine Woche Inselhopping machen. Der Regen hat seit heute Mttag wieder eingesetzt, l\u00e4\u00dft uns aber noch Zeit f\u00fcr einen kleinen Rundgang. Stadt gibt es scheinbar nicht, der Marktplatz mit dem<strong> Rathuis<\/strong> bildet quasi das Zentrum. Wir schauen uns die <strong>Grote St. Nicolaaskerk<\/strong> an. In der findet zur Zeit eine Ausstellung zum 70j\u00e4hrigen Gedenken an die gro\u00dfe Flutkatastrophr von 1953, die das Deltaprojekt ausl\u00f6ste. Die gesamte Region fiel dieser Flut zum Opfer. Das Wasser stand 4,25 m in Brouwershaven.<\/p>\n\n\n\n<div class=\"wp-block-columns is-layout-flex wp-container-core-columns-is-layout-9d6595d7 wp-block-columns-is-layout-flex\">\n<div class=\"wp-block-column is-layout-flow wp-block-column-is-layout-flow\">\n<figure class=\"wp-block-image size-large is-style-default\"><img loading=\"lazy\" decoding=\"async\" width=\"498\" height=\"1024\" src=\"https:\/\/mybonnechance.de\/wp-content\/uploads\/2023\/07\/20230622_140630-498x1024.jpg\" alt=\"\" class=\"wp-image-7142\" srcset=\"https:\/\/mybonnechance.de\/wp-content\/uploads\/2023\/07\/20230622_140630-498x1024.jpg 498w, https:\/\/mybonnechance.de\/wp-content\/uploads\/2023\/07\/20230622_140630-146x300.jpg 146w, https:\/\/mybonnechance.de\/wp-content\/uploads\/2023\/07\/20230622_140630-768x1580.jpg 768w, https:\/\/mybonnechance.de\/wp-content\/uploads\/2023\/07\/20230622_140630-747x1536.jpg 747w, https:\/\/mybonnechance.de\/wp-content\/uploads\/2023\/07\/20230622_140630-996x2048.jpg 996w, https:\/\/mybonnechance.de\/wp-content\/uploads\/2023\/07\/20230622_140630-scaled.jpg 1244w\" sizes=\"auto, (max-width: 498px) 100vw, 498px\" \/><\/figure>\n<\/div>\n\n\n\n<div class=\"wp-block-column is-layout-flow wp-block-column-is-layout-flow\">\n<figure class=\"wp-block-image size-large is-style-default\"><img loading=\"lazy\" decoding=\"async\" width=\"498\" height=\"1024\" src=\"https:\/\/mybonnechance.de\/wp-content\/uploads\/2023\/07\/20230622_140642-498x1024.jpg\" alt=\"\" class=\"wp-image-7143\" srcset=\"https:\/\/mybonnechance.de\/wp-content\/uploads\/2023\/07\/20230622_140642-498x1024.jpg 498w, https:\/\/mybonnechance.de\/wp-content\/uploads\/2023\/07\/20230622_140642-146x300.jpg 146w, https:\/\/mybonnechance.de\/wp-content\/uploads\/2023\/07\/20230622_140642-768x1580.jpg 768w, https:\/\/mybonnechance.de\/wp-content\/uploads\/2023\/07\/20230622_140642-747x1536.jpg 747w, https:\/\/mybonnechance.de\/wp-content\/uploads\/2023\/07\/20230622_140642-996x2048.jpg 996w, https:\/\/mybonnechance.de\/wp-content\/uploads\/2023\/07\/20230622_140642-scaled.jpg 1244w\" sizes=\"auto, (max-width: 498px) 100vw, 498px\" \/><\/figure>\n<\/div>\n<\/div>\n\n\n\n<p><\/p>\n\n\n","protected":false},"excerpt":{"rendered":"<p>Tag 7, Donnerstag 23.Juni Dinteloord, Gemeindehaven &#8211; Brouwershaven, Jachthaven42 km \u2013 2 Schleusen &#8211; 1 bewegl. Br\u00fccken &#8211; 4,8 Std. FahrzeitLeider zieht sich das Wetter heute wieder zu und es ist k\u00fchl und bew\u00f6lkt. Es werden auch wieder Unwetter erwartet, so da\u00df wir vom zuerst geplanten Aufenthalt auf einer Insel im Greveling absehen. Unser heutiges &hellip; <\/p>\n<p class=\"link-more\"><a href=\"https:\/\/mybonnechance.de\/?page_id=7026\" class=\"more-link\"><span class=\"screen-reader-text\">\u201e2023-06 Brouwershaven\u201c<\/span> weiterlesen<\/a><\/p>\n","protected":false},"author":1,"featured_media":0,"parent":0,"menu_order":0,"comment_status":"closed","ping_status":"closed","template":"","meta":{"ngg_post_thumbnail":0,"footnotes":""},"class_list":["post-7026","page","type-page","status-publish","hentry"],"_links":{"self":[{"href":"https:\/\/mybonnechance.de\/index.php?rest_route=\/wp\/v2\/pages\/7026","targetHints":{"allow":["GET"]}}],"collection":[{"href":"https:\/\/mybonnechance.de\/index.php?rest_route=\/wp\/v2\/pages"}],"about":[{"href":"https:\/\/mybonnechance.de\/index.php?rest_route=\/wp\/v2\/types\/page"}],"author":[{"embeddable":true,"href":"https:\/\/mybonnechance.de\/index.php?rest_route=\/wp\/v2\/users\/1"}],"replies":[{"embeddable":true,"href":"https:\/\/mybonnechance.de\/index.php?rest_route=%2Fwp%2Fv2%2Fcomments&post=7026"}],"version-history":[{"count":5,"href":"https:\/\/mybonnechance.de\/index.php?rest_route=\/wp\/v2\/pages\/7026\/revisions"}],"predecessor-version":[{"id":7334,"href":"https:\/\/mybonnechance.de\/index.php?rest_route=\/wp\/v2\/pages\/7026\/revisions\/7334"}],"wp:attachment":[{"href":"https:\/\/mybonnechance.de\/index.php?rest_route=%2Fwp%2Fv2%2Fmedia&parent=7026"}],"curies":[{"name":"wp","href":"https:\/\/api.w.org\/{rel}","templated":true}]}}