{"id":7112,"date":"2023-06-29T14:16:44","date_gmt":"2023-06-29T14:16:44","guid":{"rendered":"https:\/\/mybonnechance.de\/?page_id=7112"},"modified":"2023-07-12T15:02:17","modified_gmt":"2023-07-12T15:02:17","slug":"2023-07-insel-archipel","status":"publish","type":"page","link":"https:\/\/mybonnechance.de\/?page_id=7112","title":{"rendered":"2023-07 Insel Archipel"},"content":{"rendered":"\n<p><strong>Tag 8, Freitag 24.Juni<\/strong>    <strong>  Brouwershaven<\/strong>, <strong>Jachthaven<\/strong> &#8211; <strong>Archipel, Insel<\/strong><br>9 km \u2013 0,9 Std. Fahrzeit<br>Von Brouwershaven machen wir uns auf zu unserem ersten Inselaufenthalt, dem Archipel. Die Insel hat Ihren Namen erhalten, da es  3 einzelne Inseln in einer Bucht gibt. 2 kleine und 1 gro\u00dfe. Wir haben Gl\u00fcck und k\u00f6nnen es uns aussuchen. Nix los. Wir entscheiden uns f\u00fcr die mittlere. Da liegt nur noch 1 Schiff vor uns und es erscheint uns ein ruhiger Platz zu sein. Sonne ist inzwischen  da, aber durch einen leichten, stetigen Wind durchaus gut auszuhalten. Nur ins Wasser werde ich hier nicht gehen \u2013 alles voller wei\u00dfen Quallen. Stephan hat die mal in die Hand genommen und sie waren nur wabbelig. Aber ich habe trotzdem Angst<\/p>\n\n\n\n<div class=\"wp-block-columns is-layout-flex wp-container-core-columns-is-layout-9d6595d7 wp-block-columns-is-layout-flex\">\n<div class=\"wp-block-column is-layout-flow wp-block-column-is-layout-flow\" style=\"flex-basis:33.33%\">\n<figure class=\"wp-block-image size-large is-style-default\"><img loading=\"lazy\" decoding=\"async\" width=\"978\" height=\"1024\" src=\"https:\/\/mybonnechance.de\/wp-content\/uploads\/2023\/07\/Archipel_1-978x1024.jpg\" alt=\"\" class=\"wp-image-7146\" srcset=\"https:\/\/mybonnechance.de\/wp-content\/uploads\/2023\/07\/Archipel_1-978x1024.jpg 978w, https:\/\/mybonnechance.de\/wp-content\/uploads\/2023\/07\/Archipel_1-287x300.jpg 287w, https:\/\/mybonnechance.de\/wp-content\/uploads\/2023\/07\/Archipel_1-768x804.jpg 768w, https:\/\/mybonnechance.de\/wp-content\/uploads\/2023\/07\/Archipel_1.jpg 1052w\" sizes=\"auto, (max-width: 767px) 89vw, (max-width: 1000px) 54vw, (max-width: 1071px) 543px, 580px\" \/><\/figure>\n<\/div>\n\n\n\n<div class=\"wp-block-column is-layout-flow wp-block-column-is-layout-flow\" style=\"flex-basis:66.66%\">\n<figure class=\"wp-block-image size-large is-style-default\"><img loading=\"lazy\" decoding=\"async\" width=\"1024\" height=\"498\" src=\"https:\/\/mybonnechance.de\/wp-content\/uploads\/2023\/07\/Archipel_2-1024x498.jpg\" alt=\"\" class=\"wp-image-7147\" srcset=\"https:\/\/mybonnechance.de\/wp-content\/uploads\/2023\/07\/Archipel_2-1024x498.jpg 1024w, https:\/\/mybonnechance.de\/wp-content\/uploads\/2023\/07\/Archipel_2-300x146.jpg 300w, https:\/\/mybonnechance.de\/wp-content\/uploads\/2023\/07\/Archipel_2-768x373.jpg 768w, https:\/\/mybonnechance.de\/wp-content\/uploads\/2023\/07\/Archipel_2-1536x747.jpg 1536w, https:\/\/mybonnechance.de\/wp-content\/uploads\/2023\/07\/Archipel_2-2048x996.jpg 2048w\" sizes=\"auto, (max-width: 767px) 89vw, (max-width: 1000px) 54vw, (max-width: 1071px) 543px, 580px\" \/><\/figure>\n<\/div>\n<\/div>\n\n\n\n<div class=\"wp-block-columns is-layout-flex wp-container-core-columns-is-layout-9d6595d7 wp-block-columns-is-layout-flex\">\n<div class=\"wp-block-column is-layout-flow wp-block-column-is-layout-flow\" style=\"flex-basis:66.66%\">\n<figure class=\"wp-block-image size-large is-style-default\"><img loading=\"lazy\" decoding=\"async\" width=\"1024\" height=\"498\" src=\"https:\/\/mybonnechance.de\/wp-content\/uploads\/2023\/07\/Archipel_3-1024x498.jpg\" alt=\"\" class=\"wp-image-7154\" srcset=\"https:\/\/mybonnechance.de\/wp-content\/uploads\/2023\/07\/Archipel_3-1024x498.jpg 1024w, https:\/\/mybonnechance.de\/wp-content\/uploads\/2023\/07\/Archipel_3-300x146.jpg 300w, https:\/\/mybonnechance.de\/wp-content\/uploads\/2023\/07\/Archipel_3-768x373.jpg 768w, https:\/\/mybonnechance.de\/wp-content\/uploads\/2023\/07\/Archipel_3-1536x747.jpg 1536w, https:\/\/mybonnechance.de\/wp-content\/uploads\/2023\/07\/Archipel_3-2048x996.jpg 2048w\" sizes=\"auto, (max-width: 767px) 89vw, (max-width: 1000px) 54vw, (max-width: 1071px) 543px, 580px\" \/><\/figure>\n\n\n\n<figure class=\"wp-block-image size-large is-style-default\"><img loading=\"lazy\" decoding=\"async\" width=\"1024\" height=\"498\" src=\"https:\/\/mybonnechance.de\/wp-content\/uploads\/2023\/07\/Archipel_8-1024x498.jpg\" alt=\"\" class=\"wp-image-7156\" srcset=\"https:\/\/mybonnechance.de\/wp-content\/uploads\/2023\/07\/Archipel_8-1024x498.jpg 1024w, https:\/\/mybonnechance.de\/wp-content\/uploads\/2023\/07\/Archipel_8-300x146.jpg 300w, https:\/\/mybonnechance.de\/wp-content\/uploads\/2023\/07\/Archipel_8-768x373.jpg 768w, https:\/\/mybonnechance.de\/wp-content\/uploads\/2023\/07\/Archipel_8-1536x747.jpg 1536w, https:\/\/mybonnechance.de\/wp-content\/uploads\/2023\/07\/Archipel_8-2048x996.jpg 2048w\" sizes=\"auto, (max-width: 767px) 89vw, (max-width: 1000px) 54vw, (max-width: 1071px) 543px, 580px\" \/><\/figure>\n<\/div>\n\n\n\n<div class=\"wp-block-column is-layout-flow wp-block-column-is-layout-flow\" style=\"flex-basis:33.33%\">\n<figure class=\"wp-block-image size-large is-style-default\"><img loading=\"lazy\" decoding=\"async\" width=\"498\" height=\"1024\" src=\"https:\/\/mybonnechance.de\/wp-content\/uploads\/2023\/07\/Archipel_5-498x1024.jpg\" alt=\"\" class=\"wp-image-7155\" srcset=\"https:\/\/mybonnechance.de\/wp-content\/uploads\/2023\/07\/Archipel_5-498x1024.jpg 498w, https:\/\/mybonnechance.de\/wp-content\/uploads\/2023\/07\/Archipel_5-146x300.jpg 146w, https:\/\/mybonnechance.de\/wp-content\/uploads\/2023\/07\/Archipel_5-768x1580.jpg 768w, https:\/\/mybonnechance.de\/wp-content\/uploads\/2023\/07\/Archipel_5-747x1536.jpg 747w, https:\/\/mybonnechance.de\/wp-content\/uploads\/2023\/07\/Archipel_5-996x2048.jpg 996w, https:\/\/mybonnechance.de\/wp-content\/uploads\/2023\/07\/Archipel_5-scaled.jpg 1244w\" sizes=\"auto, (max-width: 498px) 100vw, 498px\" \/><\/figure>\n<\/div>\n<\/div>\n\n\n\n<p><strong>Tag 9 + Tag 10, Samstag 25.Juni + Sonntag 26.Juni  <\/strong><br>Wir sind froh \u00fcber unser lauschiges Pl\u00e4tzchen, denn im Laufe des WE wird die Hauptinsel immer voller. Die besitzt zwar einen Badestrand, aber da ist es mir viel zu unruhig.<br>Zwischendurch kommen uns immer mal wieder neugierige M\u00f6wen besuchen<\/p>\n\n\n\n<div class=\"wp-block-columns is-layout-flex wp-container-core-columns-is-layout-9d6595d7 wp-block-columns-is-layout-flex\">\n<div class=\"wp-block-column is-layout-flow wp-block-column-is-layout-flow\">\n<figure class=\"wp-block-image size-large is-style-default\"><img loading=\"lazy\" decoding=\"async\" width=\"498\" height=\"1024\" src=\"https:\/\/mybonnechance.de\/wp-content\/uploads\/2023\/07\/Archipel_7-498x1024.jpg\" alt=\"\" class=\"wp-image-7152\" srcset=\"https:\/\/mybonnechance.de\/wp-content\/uploads\/2023\/07\/Archipel_7-498x1024.jpg 498w, https:\/\/mybonnechance.de\/wp-content\/uploads\/2023\/07\/Archipel_7-146x300.jpg 146w, https:\/\/mybonnechance.de\/wp-content\/uploads\/2023\/07\/Archipel_7-768x1580.jpg 768w, https:\/\/mybonnechance.de\/wp-content\/uploads\/2023\/07\/Archipel_7-747x1536.jpg 747w, https:\/\/mybonnechance.de\/wp-content\/uploads\/2023\/07\/Archipel_7-996x2048.jpg 996w, https:\/\/mybonnechance.de\/wp-content\/uploads\/2023\/07\/Archipel_7-scaled.jpg 1244w\" sizes=\"auto, (max-width: 498px) 100vw, 498px\" \/><\/figure>\n<\/div>\n\n\n\n<div class=\"wp-block-column is-layout-flow wp-block-column-is-layout-flow\">\n<figure class=\"wp-block-image size-large is-style-default\"><img loading=\"lazy\" decoding=\"async\" width=\"609\" height=\"1024\" src=\"https:\/\/mybonnechance.de\/wp-content\/uploads\/2023\/07\/20230623_153440-1-609x1024.jpg\" alt=\"\" class=\"wp-image-7151\" srcset=\"https:\/\/mybonnechance.de\/wp-content\/uploads\/2023\/07\/20230623_153440-1-609x1024.jpg 609w, https:\/\/mybonnechance.de\/wp-content\/uploads\/2023\/07\/20230623_153440-1-179x300.jpg 179w, https:\/\/mybonnechance.de\/wp-content\/uploads\/2023\/07\/20230623_153440-1-768x1291.jpg 768w, https:\/\/mybonnechance.de\/wp-content\/uploads\/2023\/07\/20230623_153440-1-914x1536.jpg 914w, https:\/\/mybonnechance.de\/wp-content\/uploads\/2023\/07\/20230623_153440-1-1219x2048.jpg 1219w, https:\/\/mybonnechance.de\/wp-content\/uploads\/2023\/07\/20230623_153440-1-scaled.jpg 1523w\" sizes=\"auto, (max-width: 609px) 100vw, 609px\" \/><\/figure>\n<\/div>\n\n\n\n<div class=\"wp-block-column is-layout-flow wp-block-column-is-layout-flow\">\n<figure class=\"wp-block-image size-large is-style-default\"><img loading=\"lazy\" decoding=\"async\" width=\"498\" height=\"1024\" src=\"https:\/\/mybonnechance.de\/wp-content\/uploads\/2023\/07\/20230623_160003-498x1024.jpg\" alt=\"\" class=\"wp-image-7153\" srcset=\"https:\/\/mybonnechance.de\/wp-content\/uploads\/2023\/07\/20230623_160003-498x1024.jpg 498w, https:\/\/mybonnechance.de\/wp-content\/uploads\/2023\/07\/20230623_160003-146x300.jpg 146w, https:\/\/mybonnechance.de\/wp-content\/uploads\/2023\/07\/20230623_160003-768x1580.jpg 768w, https:\/\/mybonnechance.de\/wp-content\/uploads\/2023\/07\/20230623_160003-747x1536.jpg 747w, https:\/\/mybonnechance.de\/wp-content\/uploads\/2023\/07\/20230623_160003-996x2048.jpg 996w, https:\/\/mybonnechance.de\/wp-content\/uploads\/2023\/07\/20230623_160003-scaled.jpg 1244w\" sizes=\"auto, (max-width: 498px) 100vw, 498px\" \/><\/figure>\n<\/div>\n<\/div>\n\n\n\n<p>Nun k\u00f6nnen wir auch mal unser neu erworbenes Schlauchboot ausprobieren. Bei Sonnenschein von 32\u00b0 brauchen wir eine frische Brise. Es macht  gro\u00dfen Spa\u00df, wobei wir nur mal ganz kurz den Motor hochdrehen k\u00f6nnen. Erlaubt sind hier nur 12 km\/h. Wir schaffen 30 km\/h, wobei da wohl noch mehr geht.  Unterwegs treffen wir auf eine Robbe, die leider sofort wieder wegtaucht.<\/p>\n\n\n\n<div class=\"wp-block-columns is-layout-flex wp-container-core-columns-is-layout-9d6595d7 wp-block-columns-is-layout-flex\">\n<div class=\"wp-block-column is-layout-flow wp-block-column-is-layout-flow\">\n<figure class=\"wp-block-image size-large is-style-default\"><img loading=\"lazy\" decoding=\"async\" width=\"498\" height=\"1024\" src=\"https:\/\/mybonnechance.de\/wp-content\/uploads\/2023\/07\/20230623_134422-498x1024.jpg\" alt=\"\" class=\"wp-image-7157\" srcset=\"https:\/\/mybonnechance.de\/wp-content\/uploads\/2023\/07\/20230623_134422-498x1024.jpg 498w, https:\/\/mybonnechance.de\/wp-content\/uploads\/2023\/07\/20230623_134422-146x300.jpg 146w, https:\/\/mybonnechance.de\/wp-content\/uploads\/2023\/07\/20230623_134422-768x1580.jpg 768w, https:\/\/mybonnechance.de\/wp-content\/uploads\/2023\/07\/20230623_134422-747x1536.jpg 747w, https:\/\/mybonnechance.de\/wp-content\/uploads\/2023\/07\/20230623_134422-996x2048.jpg 996w, https:\/\/mybonnechance.de\/wp-content\/uploads\/2023\/07\/20230623_134422-scaled.jpg 1244w\" sizes=\"auto, (max-width: 498px) 100vw, 498px\" \/><\/figure>\n<\/div>\n\n\n\n<div class=\"wp-block-column is-layout-flow wp-block-column-is-layout-flow\">\n<figure class=\"wp-block-image size-full is-resized is-style-default\"><img loading=\"lazy\" decoding=\"async\" src=\"https:\/\/mybonnechance.de\/wp-content\/uploads\/2023\/07\/IMG-20230625-WA0002.jpg\" alt=\"\" class=\"wp-image-7158\" width=\"236\" height=\"176\" srcset=\"https:\/\/mybonnechance.de\/wp-content\/uploads\/2023\/07\/IMG-20230625-WA0002.jpg 1024w, https:\/\/mybonnechance.de\/wp-content\/uploads\/2023\/07\/IMG-20230625-WA0002-300x225.jpg 300w, https:\/\/mybonnechance.de\/wp-content\/uploads\/2023\/07\/IMG-20230625-WA0002-768x576.jpg 768w\" sizes=\"auto, (max-width: 236px) 100vw, 236px\" \/><\/figure>\n\n\n\n<figure class=\"wp-block-image size-large is-resized is-style-default\"><img loading=\"lazy\" decoding=\"async\" src=\"https:\/\/mybonnechance.de\/wp-content\/uploads\/2023\/07\/20230624_103551-1024x498.jpg\" alt=\"\" class=\"wp-image-7159\" width=\"435\" height=\"210\" srcset=\"https:\/\/mybonnechance.de\/wp-content\/uploads\/2023\/07\/20230624_103551-300x146.jpg 300w, https:\/\/mybonnechance.de\/wp-content\/uploads\/2023\/07\/20230624_103551-768x373.jpg 768w\" sizes=\"auto, (max-width: 435px) 100vw, 435px\" \/><\/figure>\n<\/div>\n\n\n\n<div class=\"wp-block-column is-layout-flow wp-block-column-is-layout-flow\">\n<figure class=\"wp-block-image size-full is-resized is-style-default\"><img loading=\"lazy\" decoding=\"async\" src=\"https:\/\/mybonnechance.de\/wp-content\/uploads\/2023\/07\/Robbe_2.jpg\" alt=\"\" class=\"wp-image-7160\" width=\"174\" height=\"213\" srcset=\"https:\/\/mybonnechance.de\/wp-content\/uploads\/2023\/07\/Robbe_2.jpg 345w, https:\/\/mybonnechance.de\/wp-content\/uploads\/2023\/07\/Robbe_2-244x300.jpg 244w\" sizes=\"auto, (max-width: 174px) 100vw, 174px\" \/><\/figure>\n<\/div>\n<\/div>\n\n\n","protected":false},"excerpt":{"rendered":"<p>Tag 8, Freitag 24.Juni Brouwershaven, Jachthaven &#8211; Archipel, Insel9 km \u2013 0,9 Std. FahrzeitVon Brouwershaven machen wir uns auf zu unserem ersten Inselaufenthalt, dem Archipel. Die Insel hat Ihren Namen erhalten, da es 3 einzelne Inseln in einer Bucht gibt. 2 kleine und 1 gro\u00dfe. Wir haben Gl\u00fcck und k\u00f6nnen es uns aussuchen. Nix los. &hellip; <\/p>\n<p class=\"link-more\"><a href=\"https:\/\/mybonnechance.de\/?page_id=7112\" class=\"more-link\"><span class=\"screen-reader-text\">\u201e2023-07 Insel Archipel\u201c<\/span> weiterlesen<\/a><\/p>\n","protected":false},"author":1,"featured_media":0,"parent":0,"menu_order":0,"comment_status":"closed","ping_status":"closed","template":"","meta":{"ngg_post_thumbnail":0,"footnotes":""},"class_list":["post-7112","page","type-page","status-publish","hentry"],"_links":{"self":[{"href":"https:\/\/mybonnechance.de\/index.php?rest_route=\/wp\/v2\/pages\/7112","targetHints":{"allow":["GET"]}}],"collection":[{"href":"https:\/\/mybonnechance.de\/index.php?rest_route=\/wp\/v2\/pages"}],"about":[{"href":"https:\/\/mybonnechance.de\/index.php?rest_route=\/wp\/v2\/types\/page"}],"author":[{"embeddable":true,"href":"https:\/\/mybonnechance.de\/index.php?rest_route=\/wp\/v2\/users\/1"}],"replies":[{"embeddable":true,"href":"https:\/\/mybonnechance.de\/index.php?rest_route=%2Fwp%2Fv2%2Fcomments&post=7112"}],"version-history":[{"count":6,"href":"https:\/\/mybonnechance.de\/index.php?rest_route=\/wp\/v2\/pages\/7112\/revisions"}],"predecessor-version":[{"id":7335,"href":"https:\/\/mybonnechance.de\/index.php?rest_route=\/wp\/v2\/pages\/7112\/revisions\/7335"}],"wp:attachment":[{"href":"https:\/\/mybonnechance.de\/index.php?rest_route=%2Fwp%2Fv2%2Fmedia&parent=7112"}],"curies":[{"name":"wp","href":"https:\/\/api.w.org\/{rel}","templated":true}]}}