{"id":7118,"date":"2023-06-29T14:28:59","date_gmt":"2023-06-29T14:28:59","guid":{"rendered":"https:\/\/mybonnechance.de\/?page_id=7118"},"modified":"2023-07-12T15:03:04","modified_gmt":"2023-07-12T15:03:04","slug":"2023-08-insel-ossehoek","status":"publish","type":"page","link":"https:\/\/mybonnechance.de\/?page_id=7118","title":{"rendered":"2023-08 Insel Ossehoek"},"content":{"rendered":"\n<p><strong>Tag 11, Donnerstag 26.Juni<\/strong>    <strong> Insel Archipel &#8211; Insel Ossehoek<\/strong><br>6 km \u2013 0,75 Std. Fahrzeit<br>Wir haben uns heute Morgen mit dem Ablegen etwas Zeit gelassen, da Windst\u00e4rke 6 Bf ist. Trotz Abwarten \u00e4ndert es sich nicht und so starten wir kurz nach zehn. Ziel ist die <strong>Insel Ossehoek zwischen Scharendijke und Port Zelande<\/strong>. Die Wellen sind ca. 60 cm hoch. Wind und Seegang sind deutlich sp\u00fcrbar. Aber unserer Bonny macht es nichts aus. Aus der Ferne sieht die Insel recht voll aus. Bewahrheitet sich zum Gl\u00fcck nicht. Trotz der Sommerferien in NRW sind auch hier noch gen\u00fcgend Pl\u00e4tze vorhanden. Es gibt auf der Insel 3 kleine Buchten, wir entscheiden uns f\u00fcr die Gr\u00f6\u00dfte. Stephan meint, da sind wir windgesch\u00fctztesten. Wir suchen uns einen Steg aus, andem wir ganz alleine liegen. <\/p>\n\n\n\n<div class=\"wp-block-columns is-layout-flex wp-container-core-columns-is-layout-9d6595d7 wp-block-columns-is-layout-flex\">\n<div class=\"wp-block-column is-layout-flow wp-block-column-is-layout-flow\" style=\"flex-basis:66.66%\">\n<figure class=\"wp-block-image size-full is-style-default\"><img loading=\"lazy\" decoding=\"async\" width=\"883\" height=\"953\" src=\"https:\/\/mybonnechance.de\/wp-content\/uploads\/2023\/07\/20230626_182234.jpg\" alt=\"\" class=\"wp-image-7254\" srcset=\"https:\/\/mybonnechance.de\/wp-content\/uploads\/2023\/07\/20230626_182234.jpg 883w, https:\/\/mybonnechance.de\/wp-content\/uploads\/2023\/07\/20230626_182234-278x300.jpg 278w, https:\/\/mybonnechance.de\/wp-content\/uploads\/2023\/07\/20230626_182234-768x829.jpg 768w\" sizes=\"auto, (max-width: 767px) 89vw, (max-width: 1000px) 54vw, (max-width: 1071px) 543px, 580px\" \/><\/figure>\n<\/div>\n<\/div>\n\n\n\n<p>Am Nachmittag wird das Wetter besser und wir machen einen Rundgang \u00fcber die Insel, insgesamt ca. 2 km. Die anderen kleinen Buchten sind vielleicht etwas sch\u00f6ner, da kleiner. Aber da steht der Wind doch ziemlich drauf.<\/p>\n\n\n\n<div class=\"wp-block-columns is-layout-flex wp-container-core-columns-is-layout-9d6595d7 wp-block-columns-is-layout-flex\">\n<div class=\"wp-block-column is-layout-flow wp-block-column-is-layout-flow\">\n<figure class=\"wp-block-image size-large is-style-default\"><img loading=\"lazy\" decoding=\"async\" width=\"1024\" height=\"498\" src=\"https:\/\/mybonnechance.de\/wp-content\/uploads\/2023\/07\/20230626_121836-1-1024x498.jpg\" alt=\"\" class=\"wp-image-7175\" srcset=\"https:\/\/mybonnechance.de\/wp-content\/uploads\/2023\/07\/20230626_121836-1-1024x498.jpg 1024w, https:\/\/mybonnechance.de\/wp-content\/uploads\/2023\/07\/20230626_121836-1-300x146.jpg 300w, https:\/\/mybonnechance.de\/wp-content\/uploads\/2023\/07\/20230626_121836-1-768x373.jpg 768w, https:\/\/mybonnechance.de\/wp-content\/uploads\/2023\/07\/20230626_121836-1-1536x747.jpg 1536w, https:\/\/mybonnechance.de\/wp-content\/uploads\/2023\/07\/20230626_121836-1-2048x996.jpg 2048w\" sizes=\"auto, (max-width: 767px) 89vw, (max-width: 1000px) 54vw, (max-width: 1071px) 543px, 580px\" \/><\/figure>\n\n\n\n<p>Das sind die anderen beiden Anleger in den <\/p>\n\n\n\n<figure class=\"wp-block-image size-large is-style-default\"><img loading=\"lazy\" decoding=\"async\" width=\"1024\" height=\"498\" src=\"https:\/\/mybonnechance.de\/wp-content\/uploads\/2023\/07\/20230626_122556-1024x498.jpg\" alt=\"\" class=\"wp-image-7177\" srcset=\"https:\/\/mybonnechance.de\/wp-content\/uploads\/2023\/07\/20230626_122556-1024x498.jpg 1024w, https:\/\/mybonnechance.de\/wp-content\/uploads\/2023\/07\/20230626_122556-300x146.jpg 300w, https:\/\/mybonnechance.de\/wp-content\/uploads\/2023\/07\/20230626_122556-768x373.jpg 768w, https:\/\/mybonnechance.de\/wp-content\/uploads\/2023\/07\/20230626_122556-1536x747.jpg 1536w, https:\/\/mybonnechance.de\/wp-content\/uploads\/2023\/07\/20230626_122556-2048x996.jpg 2048w\" sizes=\"auto, (max-width: 767px) 89vw, (max-width: 1000px) 54vw, (max-width: 1071px) 543px, 580px\" \/><\/figure>\n<\/div>\n\n\n\n<div class=\"wp-block-column is-layout-flow wp-block-column-is-layout-flow\">\n<figure class=\"wp-block-image size-large is-style-default\"><img loading=\"lazy\" decoding=\"async\" width=\"1024\" height=\"498\" src=\"https:\/\/mybonnechance.de\/wp-content\/uploads\/2023\/07\/20230626_121659-1024x498.jpg\" alt=\"\" class=\"wp-image-7171\" srcset=\"https:\/\/mybonnechance.de\/wp-content\/uploads\/2023\/07\/20230626_121659-1024x498.jpg 1024w, https:\/\/mybonnechance.de\/wp-content\/uploads\/2023\/07\/20230626_121659-300x146.jpg 300w, https:\/\/mybonnechance.de\/wp-content\/uploads\/2023\/07\/20230626_121659-768x373.jpg 768w, https:\/\/mybonnechance.de\/wp-content\/uploads\/2023\/07\/20230626_121659-1536x747.jpg 1536w, https:\/\/mybonnechance.de\/wp-content\/uploads\/2023\/07\/20230626_121659-2048x996.jpg 2048w\" sizes=\"auto, (max-width: 767px) 89vw, (max-width: 1000px) 54vw, (max-width: 1071px) 543px, 580px\" \/><\/figure>\n\n\n\n<p>Buchten nebenan<\/p>\n\n\n\n<figure class=\"wp-block-image size-large is-style-default\"><img loading=\"lazy\" decoding=\"async\" width=\"1024\" height=\"498\" src=\"https:\/\/mybonnechance.de\/wp-content\/uploads\/2023\/07\/20230626_122131-1024x498.jpg\" alt=\"\" class=\"wp-image-7173\" srcset=\"https:\/\/mybonnechance.de\/wp-content\/uploads\/2023\/07\/20230626_122131-1024x498.jpg 1024w, https:\/\/mybonnechance.de\/wp-content\/uploads\/2023\/07\/20230626_122131-300x146.jpg 300w, https:\/\/mybonnechance.de\/wp-content\/uploads\/2023\/07\/20230626_122131-768x373.jpg 768w, https:\/\/mybonnechance.de\/wp-content\/uploads\/2023\/07\/20230626_122131-1536x747.jpg 1536w, https:\/\/mybonnechance.de\/wp-content\/uploads\/2023\/07\/20230626_122131-2048x996.jpg 2048w\" sizes=\"auto, (max-width: 767px) 89vw, (max-width: 1000px) 54vw, (max-width: 1071px) 543px, 580px\" \/><\/figure>\n<\/div>\n<\/div>\n\n\n\n<p><strong>Tag 12, Freitag 27.Juni<\/strong> <br>Heute ist das Wetter leider sehr bew\u00f6lkt. Kein Regen, aber leider auch nur eine kurze Sonnenperiode.<\/p>\n\n\n","protected":false},"excerpt":{"rendered":"<p>Tag 11, Donnerstag 26.Juni Insel Archipel &#8211; Insel Ossehoek6 km \u2013 0,75 Std. FahrzeitWir haben uns heute Morgen mit dem Ablegen etwas Zeit gelassen, da Windst\u00e4rke 6 Bf ist. Trotz Abwarten \u00e4ndert es sich nicht und so starten wir kurz nach zehn. Ziel ist die Insel Ossehoek zwischen Scharendijke und Port Zelande. Die Wellen sind &hellip; <\/p>\n<p class=\"link-more\"><a href=\"https:\/\/mybonnechance.de\/?page_id=7118\" class=\"more-link\"><span class=\"screen-reader-text\">\u201e2023-08 Insel Ossehoek\u201c<\/span> weiterlesen<\/a><\/p>\n","protected":false},"author":1,"featured_media":0,"parent":0,"menu_order":0,"comment_status":"closed","ping_status":"closed","template":"","meta":{"ngg_post_thumbnail":0,"footnotes":""},"class_list":["post-7118","page","type-page","status-publish","hentry"],"_links":{"self":[{"href":"https:\/\/mybonnechance.de\/index.php?rest_route=\/wp\/v2\/pages\/7118","targetHints":{"allow":["GET"]}}],"collection":[{"href":"https:\/\/mybonnechance.de\/index.php?rest_route=\/wp\/v2\/pages"}],"about":[{"href":"https:\/\/mybonnechance.de\/index.php?rest_route=\/wp\/v2\/types\/page"}],"author":[{"embeddable":true,"href":"https:\/\/mybonnechance.de\/index.php?rest_route=\/wp\/v2\/users\/1"}],"replies":[{"embeddable":true,"href":"https:\/\/mybonnechance.de\/index.php?rest_route=%2Fwp%2Fv2%2Fcomments&post=7118"}],"version-history":[{"count":6,"href":"https:\/\/mybonnechance.de\/index.php?rest_route=\/wp\/v2\/pages\/7118\/revisions"}],"predecessor-version":[{"id":7336,"href":"https:\/\/mybonnechance.de\/index.php?rest_route=\/wp\/v2\/pages\/7118\/revisions\/7336"}],"wp:attachment":[{"href":"https:\/\/mybonnechance.de\/index.php?rest_route=%2Fwp%2Fv2%2Fmedia&parent=7118"}],"curies":[{"name":"wp","href":"https:\/\/api.w.org\/{rel}","templated":true}]}}