{"id":7120,"date":"2023-06-29T14:31:25","date_gmt":"2023-06-29T14:31:25","guid":{"rendered":"https:\/\/mybonnechance.de\/?page_id=7120"},"modified":"2023-07-12T15:03:27","modified_gmt":"2023-07-12T15:03:27","slug":"2023-09-scharendijke-outdoorp","status":"publish","type":"page","link":"https:\/\/mybonnechance.de\/?page_id=7120","title":{"rendered":"2023-09 Scharendijke (Ouddorp, Renesse)"},"content":{"rendered":"\n<p><strong>Tag 13, Mittwoch 28.Juni<\/strong>    <strong>  Insel Ossehoek<\/strong> <strong>&#8211; Scharendijke, WSV Jachthaven<\/strong><br>5,5 km \u2013 0,5 Std. Fahrzeit<br>So, genug auf den Inseln gefaulenzt. IWir wollenl uns auch mal wieder etwas bewegen. Nach einer halben Stunde erreichen wir den <strong>Hafen des WSV Scharendijke<\/strong> und k\u00f6nnen in einer Box mit einem L\u00e4ngssteg festmachen. Der Ausleger reicht zwar nur bis kurz hinter unseren Mittelpoller, aber wir bekommen die Fahrr\u00e4der runter. Die Radtour nehmen wir auch sofort in Angriff, da das Wetter f\u00fcr morgen noch ung\u00fcnstiger vorhergesagt ist.<br><strong>Wir stellen fest, da\u00df es in Scharendikje kein Stadtzentrum gibt , nur einen Supermarkt PLUS, der ca. 1 km entfernt vom Hafen liegt.<\/strong><br>Auf unserer Tour steht als erstes steht<strong> Port Zelande<\/strong> auf dem Plan. Mutet ein wenig mond\u00e4n an, k\u00f6nnte auch an der Cote d&#8217;Azur sein \ud83d\ude09 Aber es gibt einen gut sortierten Laden, der jeden Bootsmann erfreuen d\u00fcrfte. Ansonsten habe ich den Hafen total anders in Erinnerung. Der Center Parc ist von hier aus gar nicht zu erreichen bzw. daf\u00fcr m\u00fcsste man wahrscheinlich einmal komplett rum.<\/p>\n\n\n\n<div class=\"wp-block-columns is-layout-flex wp-container-core-columns-is-layout-9d6595d7 wp-block-columns-is-layout-flex\">\n<div class=\"wp-block-column is-layout-flow wp-block-column-is-layout-flow\">\n<figure class=\"wp-block-image size-large is-style-default\"><img loading=\"lazy\" decoding=\"async\" width=\"1024\" height=\"498\" src=\"https:\/\/mybonnechance.de\/wp-content\/uploads\/2023\/07\/20230628_115830-1024x498.jpg\" alt=\"\" class=\"wp-image-7183\" srcset=\"https:\/\/mybonnechance.de\/wp-content\/uploads\/2023\/07\/20230628_115830-1024x498.jpg 1024w, https:\/\/mybonnechance.de\/wp-content\/uploads\/2023\/07\/20230628_115830-300x146.jpg 300w, https:\/\/mybonnechance.de\/wp-content\/uploads\/2023\/07\/20230628_115830-768x373.jpg 768w, https:\/\/mybonnechance.de\/wp-content\/uploads\/2023\/07\/20230628_115830-1536x747.jpg 1536w, https:\/\/mybonnechance.de\/wp-content\/uploads\/2023\/07\/20230628_115830-2048x996.jpg 2048w\" sizes=\"auto, (max-width: 767px) 89vw, (max-width: 1000px) 54vw, (max-width: 1071px) 543px, 580px\" \/><\/figure>\n<\/div>\n\n\n\n<div class=\"wp-block-column is-layout-flow wp-block-column-is-layout-flow\">\n<figure class=\"wp-block-image size-large is-style-default\"><img loading=\"lazy\" decoding=\"async\" width=\"1024\" height=\"498\" src=\"https:\/\/mybonnechance.de\/wp-content\/uploads\/2023\/07\/20230628_120627-1024x498.jpg\" alt=\"\" class=\"wp-image-7184\" srcset=\"https:\/\/mybonnechance.de\/wp-content\/uploads\/2023\/07\/20230628_120627-1024x498.jpg 1024w, https:\/\/mybonnechance.de\/wp-content\/uploads\/2023\/07\/20230628_120627-300x146.jpg 300w, https:\/\/mybonnechance.de\/wp-content\/uploads\/2023\/07\/20230628_120627-768x373.jpg 768w, https:\/\/mybonnechance.de\/wp-content\/uploads\/2023\/07\/20230628_120627-1536x747.jpg 1536w, https:\/\/mybonnechance.de\/wp-content\/uploads\/2023\/07\/20230628_120627-2048x996.jpg 2048w\" sizes=\"auto, (max-width: 767px) 89vw, (max-width: 1000px) 54vw, (max-width: 1071px) 543px, 580px\" \/><\/figure>\n<\/div>\n<\/div>\n\n\n\n<p>Dann geht es weiter \u00fcber den Deich nach <strong>Ouddorp<\/strong> und ich bin \u00fcberrascht, wie verh\u00e4ltnissma\u00dfig gro\u00df das &#8222;Dorp&#8220; ist. Bei einem sehr leckeren Schokoladen- und Pralinengesch\u00e4ft f\u00e4llt es schwer nicht zuzuschlagen. <\/p>\n\n\n\n<div class=\"wp-block-columns is-layout-flex wp-container-core-columns-is-layout-9d6595d7 wp-block-columns-is-layout-flex\">\n<div class=\"wp-block-column is-layout-flow wp-block-column-is-layout-flow\">\n<figure class=\"wp-block-image size-large is-style-default\"><img loading=\"lazy\" decoding=\"async\" width=\"498\" height=\"1024\" src=\"https:\/\/mybonnechance.de\/wp-content\/uploads\/2023\/07\/20230628_132349-498x1024.jpg\" alt=\"\" class=\"wp-image-7185\" srcset=\"https:\/\/mybonnechance.de\/wp-content\/uploads\/2023\/07\/20230628_132349-498x1024.jpg 498w, https:\/\/mybonnechance.de\/wp-content\/uploads\/2023\/07\/20230628_132349-146x300.jpg 146w, https:\/\/mybonnechance.de\/wp-content\/uploads\/2023\/07\/20230628_132349-768x1580.jpg 768w, https:\/\/mybonnechance.de\/wp-content\/uploads\/2023\/07\/20230628_132349-747x1536.jpg 747w, https:\/\/mybonnechance.de\/wp-content\/uploads\/2023\/07\/20230628_132349-996x2048.jpg 996w, https:\/\/mybonnechance.de\/wp-content\/uploads\/2023\/07\/20230628_132349-scaled.jpg 1244w\" sizes=\"auto, (max-width: 498px) 100vw, 498px\" \/><\/figure>\n<\/div>\n\n\n\n<div class=\"wp-block-column is-layout-flow wp-block-column-is-layout-flow\">\n<figure class=\"wp-block-image size-large is-style-default\"><img loading=\"lazy\" decoding=\"async\" width=\"498\" height=\"1024\" src=\"https:\/\/mybonnechance.de\/wp-content\/uploads\/2023\/07\/20230628_132333-498x1024.jpg\" alt=\"\" class=\"wp-image-7186\" srcset=\"https:\/\/mybonnechance.de\/wp-content\/uploads\/2023\/07\/20230628_132333-498x1024.jpg 498w, https:\/\/mybonnechance.de\/wp-content\/uploads\/2023\/07\/20230628_132333-146x300.jpg 146w, https:\/\/mybonnechance.de\/wp-content\/uploads\/2023\/07\/20230628_132333-768x1580.jpg 768w, https:\/\/mybonnechance.de\/wp-content\/uploads\/2023\/07\/20230628_132333-747x1536.jpg 747w, https:\/\/mybonnechance.de\/wp-content\/uploads\/2023\/07\/20230628_132333-996x2048.jpg 996w, https:\/\/mybonnechance.de\/wp-content\/uploads\/2023\/07\/20230628_132333-scaled.jpg 1244w\" sizes=\"auto, (max-width: 498px) 100vw, 498px\" \/><\/figure>\n<\/div>\n\n\n\n<div class=\"wp-block-column is-layout-flow wp-block-column-is-layout-flow\">\n<figure class=\"wp-block-image size-large is-style-default\"><img loading=\"lazy\" decoding=\"async\" width=\"498\" height=\"1024\" src=\"https:\/\/mybonnechance.de\/wp-content\/uploads\/2023\/07\/20230628_133721-498x1024.jpg\" alt=\"\" class=\"wp-image-7187\" srcset=\"https:\/\/mybonnechance.de\/wp-content\/uploads\/2023\/07\/20230628_133721-498x1024.jpg 498w, https:\/\/mybonnechance.de\/wp-content\/uploads\/2023\/07\/20230628_133721-146x300.jpg 146w, https:\/\/mybonnechance.de\/wp-content\/uploads\/2023\/07\/20230628_133721-768x1580.jpg 768w, https:\/\/mybonnechance.de\/wp-content\/uploads\/2023\/07\/20230628_133721-747x1536.jpg 747w, https:\/\/mybonnechance.de\/wp-content\/uploads\/2023\/07\/20230628_133721-996x2048.jpg 996w, https:\/\/mybonnechance.de\/wp-content\/uploads\/2023\/07\/20230628_133721-scaled.jpg 1244w\" sizes=\"auto, (max-width: 498px) 100vw, 498px\" \/><\/figure>\n<\/div>\n<\/div>\n\n\n\n<p>Der Hafen von Ouddorp, WSV Goerree, liegt  2,5 km vom Stadtzentrum entfernt. Da kommt man auch nicht mal eben zu Fu\u00df hin. Die Liegeplatzgeb\u00fchr ist genauso hoch wie in Scharendijke. Leider verf\u00fcgt der Hafen  \u00fcber sehr wenig L\u00e4ngsstege. Daf\u00fcr gibt es aber ein sch\u00f6nes Hafen Caf\u00e9 mit Blick aufs Grevelinger Meer, an dem wir auf der eine Pause einlegen.  So gest\u00e4rkt sehen wir uns dann noch das Museum der <strong>RTM<\/strong> = Rotterdammer Tram Gesellschaft (Maatschappje) an.<\/p>\n\n\n\n<div class=\"wp-block-columns is-layout-flex wp-container-core-columns-is-layout-9d6595d7 wp-block-columns-is-layout-flex\">\n<div class=\"wp-block-column is-layout-flow wp-block-column-is-layout-flow\">\n<figure class=\"wp-block-image size-large is-style-default\"><img loading=\"lazy\" decoding=\"async\" width=\"686\" height=\"1024\" src=\"https:\/\/mybonnechance.de\/wp-content\/uploads\/2023\/07\/20230701_154035-1-686x1024.jpg\" alt=\"\" class=\"wp-image-7195\" srcset=\"https:\/\/mybonnechance.de\/wp-content\/uploads\/2023\/07\/20230701_154035-1-686x1024.jpg 686w, https:\/\/mybonnechance.de\/wp-content\/uploads\/2023\/07\/20230701_154035-1-201x300.jpg 201w, https:\/\/mybonnechance.de\/wp-content\/uploads\/2023\/07\/20230701_154035-1-768x1146.jpg 768w, https:\/\/mybonnechance.de\/wp-content\/uploads\/2023\/07\/20230701_154035-1.jpg 964w\" sizes=\"auto, (max-width: 686px) 100vw, 686px\" \/><\/figure>\n<\/div>\n\n\n\n<div class=\"wp-block-column is-layout-flow wp-block-column-is-layout-flow\">\n<figure class=\"wp-block-image size-large is-style-default\"><img loading=\"lazy\" decoding=\"async\" width=\"498\" height=\"1024\" src=\"https:\/\/mybonnechance.de\/wp-content\/uploads\/2023\/07\/20230628_151345-1-498x1024.jpg\" alt=\"\" class=\"wp-image-7196\" srcset=\"https:\/\/mybonnechance.de\/wp-content\/uploads\/2023\/07\/20230628_151345-1-498x1024.jpg 498w, https:\/\/mybonnechance.de\/wp-content\/uploads\/2023\/07\/20230628_151345-1-146x300.jpg 146w, https:\/\/mybonnechance.de\/wp-content\/uploads\/2023\/07\/20230628_151345-1-768x1580.jpg 768w, https:\/\/mybonnechance.de\/wp-content\/uploads\/2023\/07\/20230628_151345-1-747x1536.jpg 747w, https:\/\/mybonnechance.de\/wp-content\/uploads\/2023\/07\/20230628_151345-1-996x2048.jpg 996w, https:\/\/mybonnechance.de\/wp-content\/uploads\/2023\/07\/20230628_151345-1-scaled.jpg 1244w\" sizes=\"auto, (max-width: 498px) 100vw, 498px\" \/><\/figure>\n<\/div>\n\n\n\n<div class=\"wp-block-column is-layout-flow wp-block-column-is-layout-flow\">\n<figure class=\"wp-block-image size-large is-style-default\"><img loading=\"lazy\" decoding=\"async\" width=\"498\" height=\"1024\" src=\"https:\/\/mybonnechance.de\/wp-content\/uploads\/2023\/07\/20230628_153111-1-498x1024.jpg\" alt=\"\" class=\"wp-image-7197\" srcset=\"https:\/\/mybonnechance.de\/wp-content\/uploads\/2023\/07\/20230628_153111-1-498x1024.jpg 498w, https:\/\/mybonnechance.de\/wp-content\/uploads\/2023\/07\/20230628_153111-1-146x300.jpg 146w, https:\/\/mybonnechance.de\/wp-content\/uploads\/2023\/07\/20230628_153111-1-768x1580.jpg 768w, https:\/\/mybonnechance.de\/wp-content\/uploads\/2023\/07\/20230628_153111-1-747x1536.jpg 747w, https:\/\/mybonnechance.de\/wp-content\/uploads\/2023\/07\/20230628_153111-1-996x2048.jpg 996w, https:\/\/mybonnechance.de\/wp-content\/uploads\/2023\/07\/20230628_153111-1-scaled.jpg 1244w\" sizes=\"auto, (max-width: 498px) 100vw, 498px\" \/><\/figure>\n<\/div>\n<\/div>\n\n\n\n<p>Beeindruckend auch die <strong>Garrett Showmans Road Locomotive<\/strong> <strong>Vera Lynn<\/strong><\/p>\n\n\n\n<div class=\"wp-block-columns is-layout-flex wp-container-core-columns-is-layout-9d6595d7 wp-block-columns-is-layout-flex\">\n<div class=\"wp-block-column is-layout-flow wp-block-column-is-layout-flow\" style=\"flex-basis:25%\">\n<figure class=\"wp-block-image size-large is-style-default\"><img loading=\"lazy\" decoding=\"async\" width=\"498\" height=\"1024\" src=\"https:\/\/mybonnechance.de\/wp-content\/uploads\/2023\/07\/20230628_151644-498x1024.jpg\" alt=\"\" class=\"wp-image-7198\" srcset=\"https:\/\/mybonnechance.de\/wp-content\/uploads\/2023\/07\/20230628_151644-498x1024.jpg 498w, https:\/\/mybonnechance.de\/wp-content\/uploads\/2023\/07\/20230628_151644-146x300.jpg 146w, https:\/\/mybonnechance.de\/wp-content\/uploads\/2023\/07\/20230628_151644-768x1580.jpg 768w, https:\/\/mybonnechance.de\/wp-content\/uploads\/2023\/07\/20230628_151644-747x1536.jpg 747w, https:\/\/mybonnechance.de\/wp-content\/uploads\/2023\/07\/20230628_151644-996x2048.jpg 996w, https:\/\/mybonnechance.de\/wp-content\/uploads\/2023\/07\/20230628_151644-scaled.jpg 1244w\" sizes=\"auto, (max-width: 498px) 100vw, 498px\" \/><\/figure>\n<\/div>\n\n\n\n<div class=\"wp-block-column is-layout-flow wp-block-column-is-layout-flow\" style=\"flex-basis:50%\">\n<figure class=\"wp-block-image size-large is-style-default\"><img loading=\"lazy\" decoding=\"async\" width=\"1024\" height=\"990\" src=\"https:\/\/mybonnechance.de\/wp-content\/uploads\/2023\/07\/20230701_155614-1024x990.jpg\" alt=\"\" class=\"wp-image-7199\" srcset=\"https:\/\/mybonnechance.de\/wp-content\/uploads\/2023\/07\/20230701_155614-1024x990.jpg 1024w, https:\/\/mybonnechance.de\/wp-content\/uploads\/2023\/07\/20230701_155614-300x290.jpg 300w, https:\/\/mybonnechance.de\/wp-content\/uploads\/2023\/07\/20230701_155614-768x742.jpg 768w, https:\/\/mybonnechance.de\/wp-content\/uploads\/2023\/07\/20230701_155614.jpg 1070w\" sizes=\"auto, (max-width: 767px) 89vw, (max-width: 1000px) 54vw, (max-width: 1071px) 543px, 580px\" \/><\/figure>\n<\/div>\n\n\n\n<div class=\"wp-block-column is-layout-flow wp-block-column-is-layout-flow\" style=\"flex-basis:25%\">\n<figure class=\"wp-block-image size-large is-style-default\"><img loading=\"lazy\" decoding=\"async\" width=\"498\" height=\"1024\" src=\"https:\/\/mybonnechance.de\/wp-content\/uploads\/2023\/07\/20230628_151637-498x1024.jpg\" alt=\"\" class=\"wp-image-7200\" srcset=\"https:\/\/mybonnechance.de\/wp-content\/uploads\/2023\/07\/20230628_151637-498x1024.jpg 498w, https:\/\/mybonnechance.de\/wp-content\/uploads\/2023\/07\/20230628_151637-146x300.jpg 146w, https:\/\/mybonnechance.de\/wp-content\/uploads\/2023\/07\/20230628_151637-768x1580.jpg 768w, https:\/\/mybonnechance.de\/wp-content\/uploads\/2023\/07\/20230628_151637-747x1536.jpg 747w, https:\/\/mybonnechance.de\/wp-content\/uploads\/2023\/07\/20230628_151637-996x2048.jpg 996w, https:\/\/mybonnechance.de\/wp-content\/uploads\/2023\/07\/20230628_151637-scaled.jpg 1244w\" sizes=\"auto, (max-width: 498px) 100vw, 498px\" \/><\/figure>\n<\/div>\n<\/div>\n\n\n\n<p><strong>Tag 14, Donnerstag 29.Juni<\/strong>   <strong>( Renesse )<\/strong><br>Die Sonne will sich einfach nicht mehr blicken lassen. Trotzdem wollen wir mit dem Rad mal nach <strong>Renesse<\/strong> fahren, da sich zumindest der Regen bis heute Nachmittag Zeit lassen will. Dort angekommen, f\u00e4llt uns ein, da\u00df wir hier tars\u00e4chlich schon mal waren, allerdings mit dem Auto. Vor zwei Jahren, im Jahr des Jahrhundert Hochwassers, haben wir hier mit Freunden einen Badetag eingelegt. Ich konnte mich aber partout nicht mehr dran erinnern. Ganz ehrlich muss man sich auch nicht daran erinnern. Von mir aus hat dieses St\u00e4dtchen keinen Wiederholungswert.  Es sei denn, man braucht einen Arzt oder eine Apotheke.<\/p>\n\n\n\n<div class=\"wp-block-columns is-layout-flex wp-container-core-columns-is-layout-9d6595d7 wp-block-columns-is-layout-flex\">\n<div class=\"wp-block-column is-layout-flow wp-block-column-is-layout-flow\" style=\"flex-basis:25%\">\n<figure class=\"wp-block-image size-large is-style-default\"><img loading=\"lazy\" decoding=\"async\" width=\"498\" height=\"1024\" src=\"https:\/\/mybonnechance.de\/wp-content\/uploads\/2023\/07\/20230629_110229-498x1024.jpg\" alt=\"\" class=\"wp-image-7214\" srcset=\"https:\/\/mybonnechance.de\/wp-content\/uploads\/2023\/07\/20230629_110229-498x1024.jpg 498w, https:\/\/mybonnechance.de\/wp-content\/uploads\/2023\/07\/20230629_110229-146x300.jpg 146w, https:\/\/mybonnechance.de\/wp-content\/uploads\/2023\/07\/20230629_110229-768x1580.jpg 768w, https:\/\/mybonnechance.de\/wp-content\/uploads\/2023\/07\/20230629_110229-747x1536.jpg 747w, https:\/\/mybonnechance.de\/wp-content\/uploads\/2023\/07\/20230629_110229-996x2048.jpg 996w, https:\/\/mybonnechance.de\/wp-content\/uploads\/2023\/07\/20230629_110229-scaled.jpg 1244w\" sizes=\"auto, (max-width: 498px) 100vw, 498px\" \/><\/figure>\n<\/div>\n\n\n\n<div class=\"wp-block-column is-layout-flow wp-block-column-is-layout-flow\" style=\"flex-basis:50%\">\n<figure class=\"wp-block-image size-large is-style-default\"><img loading=\"lazy\" decoding=\"async\" width=\"1024\" height=\"498\" src=\"https:\/\/mybonnechance.de\/wp-content\/uploads\/2023\/07\/20230629_110835-1024x498.jpg\" alt=\"\" class=\"wp-image-7213\" srcset=\"https:\/\/mybonnechance.de\/wp-content\/uploads\/2023\/07\/20230629_110835-1024x498.jpg 1024w, https:\/\/mybonnechance.de\/wp-content\/uploads\/2023\/07\/20230629_110835-300x146.jpg 300w, https:\/\/mybonnechance.de\/wp-content\/uploads\/2023\/07\/20230629_110835-768x373.jpg 768w, https:\/\/mybonnechance.de\/wp-content\/uploads\/2023\/07\/20230629_110835-1536x747.jpg 1536w, https:\/\/mybonnechance.de\/wp-content\/uploads\/2023\/07\/20230629_110835-2048x996.jpg 2048w\" sizes=\"auto, (max-width: 767px) 89vw, (max-width: 1000px) 54vw, (max-width: 1071px) 543px, 580px\" \/><\/figure>\n\n\n\n<figure class=\"wp-block-image size-large is-style-default\"><img loading=\"lazy\" decoding=\"async\" width=\"1024\" height=\"498\" src=\"https:\/\/mybonnechance.de\/wp-content\/uploads\/2023\/07\/20230629_105447-1024x498.jpg\" alt=\"\" class=\"wp-image-7216\" srcset=\"https:\/\/mybonnechance.de\/wp-content\/uploads\/2023\/07\/20230629_105447-1024x498.jpg 1024w, https:\/\/mybonnechance.de\/wp-content\/uploads\/2023\/07\/20230629_105447-300x146.jpg 300w, https:\/\/mybonnechance.de\/wp-content\/uploads\/2023\/07\/20230629_105447-768x373.jpg 768w, https:\/\/mybonnechance.de\/wp-content\/uploads\/2023\/07\/20230629_105447-1536x747.jpg 1536w, https:\/\/mybonnechance.de\/wp-content\/uploads\/2023\/07\/20230629_105447-2048x996.jpg 2048w\" sizes=\"auto, (max-width: 767px) 89vw, (max-width: 1000px) 54vw, (max-width: 1071px) 543px, 580px\" \/><\/figure>\n<\/div>\n\n\n\n<div class=\"wp-block-column is-layout-flow wp-block-column-is-layout-flow\" style=\"flex-basis:25%\">\n<figure class=\"wp-block-image size-large is-style-default\"><img loading=\"lazy\" decoding=\"async\" width=\"498\" height=\"1024\" src=\"https:\/\/mybonnechance.de\/wp-content\/uploads\/2023\/07\/20230629_110216-498x1024.jpg\" alt=\"\" class=\"wp-image-7215\" srcset=\"https:\/\/mybonnechance.de\/wp-content\/uploads\/2023\/07\/20230629_110216-498x1024.jpg 498w, https:\/\/mybonnechance.de\/wp-content\/uploads\/2023\/07\/20230629_110216-146x300.jpg 146w, https:\/\/mybonnechance.de\/wp-content\/uploads\/2023\/07\/20230629_110216-768x1580.jpg 768w, https:\/\/mybonnechance.de\/wp-content\/uploads\/2023\/07\/20230629_110216-747x1536.jpg 747w, https:\/\/mybonnechance.de\/wp-content\/uploads\/2023\/07\/20230629_110216-996x2048.jpg 996w, https:\/\/mybonnechance.de\/wp-content\/uploads\/2023\/07\/20230629_110216-scaled.jpg 1244w\" sizes=\"auto, (max-width: 498px) 100vw, 498px\" \/><\/figure>\n<\/div>\n<\/div>\n\n\n","protected":false},"excerpt":{"rendered":"<p>Tag 13, Mittwoch 28.Juni Insel Ossehoek &#8211; Scharendijke, WSV Jachthaven5,5 km \u2013 0,5 Std. FahrzeitSo, genug auf den Inseln gefaulenzt. IWir wollenl uns auch mal wieder etwas bewegen. Nach einer halben Stunde erreichen wir den Hafen des WSV Scharendijke und k\u00f6nnen in einer Box mit einem L\u00e4ngssteg festmachen. Der Ausleger reicht zwar nur bis kurz &hellip; <\/p>\n<p class=\"link-more\"><a href=\"https:\/\/mybonnechance.de\/?page_id=7120\" class=\"more-link\"><span class=\"screen-reader-text\">\u201e2023-09 Scharendijke (Ouddorp, Renesse)\u201c<\/span> weiterlesen<\/a><\/p>\n","protected":false},"author":1,"featured_media":0,"parent":0,"menu_order":0,"comment_status":"closed","ping_status":"closed","template":"","meta":{"ngg_post_thumbnail":0,"footnotes":""},"class_list":["post-7120","page","type-page","status-publish","hentry"],"_links":{"self":[{"href":"https:\/\/mybonnechance.de\/index.php?rest_route=\/wp\/v2\/pages\/7120","targetHints":{"allow":["GET"]}}],"collection":[{"href":"https:\/\/mybonnechance.de\/index.php?rest_route=\/wp\/v2\/pages"}],"about":[{"href":"https:\/\/mybonnechance.de\/index.php?rest_route=\/wp\/v2\/types\/page"}],"author":[{"embeddable":true,"href":"https:\/\/mybonnechance.de\/index.php?rest_route=\/wp\/v2\/users\/1"}],"replies":[{"embeddable":true,"href":"https:\/\/mybonnechance.de\/index.php?rest_route=%2Fwp%2Fv2%2Fcomments&post=7120"}],"version-history":[{"count":13,"href":"https:\/\/mybonnechance.de\/index.php?rest_route=\/wp\/v2\/pages\/7120\/revisions"}],"predecessor-version":[{"id":7337,"href":"https:\/\/mybonnechance.de\/index.php?rest_route=\/wp\/v2\/pages\/7120\/revisions\/7337"}],"wp:attachment":[{"href":"https:\/\/mybonnechance.de\/index.php?rest_route=%2Fwp%2Fv2%2Fmedia&parent=7120"}],"curies":[{"name":"wp","href":"https:\/\/api.w.org\/{rel}","templated":true}]}}