{"id":7222,"date":"2023-07-03T16:56:10","date_gmt":"2023-07-03T16:56:10","guid":{"rendered":"https:\/\/mybonnechance.de\/?page_id=7222"},"modified":"2023-07-30T16:48:55","modified_gmt":"2023-07-30T16:48:55","slug":"2023-10-ossenhoek","status":"publish","type":"page","link":"https:\/\/mybonnechance.de\/?page_id=7222","title":{"rendered":"2023-10 Insel Ossenhoek"},"content":{"rendered":"\n<p><strong>Tag 15, Freitagtag 30.Juni<\/strong>   <strong> Scharendijke, WSV Jachthaven<\/strong> <strong>&#8211;<\/strong> <strong>Insel Ossehoek<\/strong> <br>5 km \u2013 0,4 Std. Fahrzeit<br>Liegen am gleichen Steg wie letztens und es ist wieder nichts los. Das mag am Wetter liegen. Hin und wieder l\u00e4\u00dft sich zwar die Sonne blicken, aber es bleibt doch eher bew\u00f6lkt und k\u00fchl.<\/p>\n\n\n\n<figure class=\"wp-block-gallery has-nested-images columns-default is-cropped wp-block-gallery-1 is-layout-flex wp-block-gallery-is-layout-flex\">\n<figure class=\"wp-block-image size-large is-style-default\"><img loading=\"lazy\" decoding=\"async\" width=\"1024\" height=\"498\" data-id=\"7251\" src=\"https:\/\/mybonnechance.de\/wp-content\/uploads\/2023\/07\/20230630_103753-1024x498.jpg\" alt=\"\" class=\"wp-image-7251\" srcset=\"https:\/\/mybonnechance.de\/wp-content\/uploads\/2023\/07\/20230630_103753-1024x498.jpg 1024w, https:\/\/mybonnechance.de\/wp-content\/uploads\/2023\/07\/20230630_103753-300x146.jpg 300w, https:\/\/mybonnechance.de\/wp-content\/uploads\/2023\/07\/20230630_103753-768x373.jpg 768w, https:\/\/mybonnechance.de\/wp-content\/uploads\/2023\/07\/20230630_103753-1536x747.jpg 1536w, https:\/\/mybonnechance.de\/wp-content\/uploads\/2023\/07\/20230630_103753-2048x996.jpg 2048w\" sizes=\"auto, (max-width: 767px) 89vw, (max-width: 1000px) 54vw, (max-width: 1071px) 543px, 580px\" \/><\/figure>\n\n\n\n<figure class=\"wp-block-image size-large is-style-default\"><img loading=\"lazy\" decoding=\"async\" width=\"1024\" height=\"498\" data-id=\"7250\" src=\"https:\/\/mybonnechance.de\/wp-content\/uploads\/2023\/07\/20230630_103757-1-1024x498.jpg\" alt=\"\" class=\"wp-image-7250\" srcset=\"https:\/\/mybonnechance.de\/wp-content\/uploads\/2023\/07\/20230630_103757-1-1024x498.jpg 1024w, https:\/\/mybonnechance.de\/wp-content\/uploads\/2023\/07\/20230630_103757-1-300x146.jpg 300w, https:\/\/mybonnechance.de\/wp-content\/uploads\/2023\/07\/20230630_103757-1-768x373.jpg 768w, https:\/\/mybonnechance.de\/wp-content\/uploads\/2023\/07\/20230630_103757-1-1536x747.jpg 1536w, https:\/\/mybonnechance.de\/wp-content\/uploads\/2023\/07\/20230630_103757-1-2048x996.jpg 2048w\" sizes=\"auto, (max-width: 767px) 89vw, (max-width: 1000px) 54vw, (max-width: 1071px) 543px, 580px\" \/><\/figure>\n<\/figure>\n\n\n\n<p><strong>Tag 16 + 17 , Samstag<\/strong> <strong>+ Sonntag, 01.07 + 02.07<\/strong><br>Leider wird das Wetter nicht besser, im Gegenteil. In der Nacht auf Samstag und am halben Samstag regnet es. Ich komme daf\u00fcr mal zum Bilder sortieren.<br>Am Sonntag setzt sich dann mal die Sonne durch, begleitet von frischem Wind. Aber wir k\u00f6nnen mal wieder unseren Inselrundgang machen,<\/p>\n\n\n\n<div class=\"wp-block-columns is-layout-flex wp-container-core-columns-is-layout-9d6595d7 wp-block-columns-is-layout-flex\">\n<div class=\"wp-block-column is-layout-flow wp-block-column-is-layout-flow\">\n<figure class=\"wp-block-image size-large is-style-default\"><img loading=\"lazy\" decoding=\"async\" width=\"498\" height=\"1024\" src=\"https:\/\/mybonnechance.de\/wp-content\/uploads\/2023\/07\/20230702_141730-498x1024.jpg\" alt=\"\" class=\"wp-image-7244\" srcset=\"https:\/\/mybonnechance.de\/wp-content\/uploads\/2023\/07\/20230702_141730-498x1024.jpg 498w, https:\/\/mybonnechance.de\/wp-content\/uploads\/2023\/07\/20230702_141730-146x300.jpg 146w, https:\/\/mybonnechance.de\/wp-content\/uploads\/2023\/07\/20230702_141730-768x1580.jpg 768w, https:\/\/mybonnechance.de\/wp-content\/uploads\/2023\/07\/20230702_141730-747x1536.jpg 747w, https:\/\/mybonnechance.de\/wp-content\/uploads\/2023\/07\/20230702_141730-996x2048.jpg 996w, https:\/\/mybonnechance.de\/wp-content\/uploads\/2023\/07\/20230702_141730-scaled.jpg 1244w\" sizes=\"auto, (max-width: 498px) 100vw, 498px\" \/><\/figure>\n<\/div>\n\n\n\n<div class=\"wp-block-column is-layout-flow wp-block-column-is-layout-flow\">\n<figure class=\"wp-block-image size-large is-style-default\"><img loading=\"lazy\" decoding=\"async\" width=\"498\" height=\"1024\" src=\"https:\/\/mybonnechance.de\/wp-content\/uploads\/2023\/07\/20230702_141724-498x1024.jpg\" alt=\"\" class=\"wp-image-7248\" srcset=\"https:\/\/mybonnechance.de\/wp-content\/uploads\/2023\/07\/20230702_141724-498x1024.jpg 498w, https:\/\/mybonnechance.de\/wp-content\/uploads\/2023\/07\/20230702_141724-146x300.jpg 146w, https:\/\/mybonnechance.de\/wp-content\/uploads\/2023\/07\/20230702_141724-768x1580.jpg 768w, https:\/\/mybonnechance.de\/wp-content\/uploads\/2023\/07\/20230702_141724-747x1536.jpg 747w, https:\/\/mybonnechance.de\/wp-content\/uploads\/2023\/07\/20230702_141724-996x2048.jpg 996w, https:\/\/mybonnechance.de\/wp-content\/uploads\/2023\/07\/20230702_141724-scaled.jpg 1244w\" sizes=\"auto, (max-width: 498px) 100vw, 498px\" \/><\/figure>\n<\/div>\n\n\n\n<div class=\"wp-block-column is-layout-flow wp-block-column-is-layout-flow\">\n<figure class=\"wp-block-image size-large is-resized is-style-default\"><img loading=\"lazy\" decoding=\"async\" src=\"https:\/\/mybonnechance.de\/wp-content\/uploads\/2023\/07\/20230702_143034-498x1024.jpg\" alt=\"\" class=\"wp-image-7246\" width=\"203\" height=\"417\" srcset=\"https:\/\/mybonnechance.de\/wp-content\/uploads\/2023\/07\/20230702_143034-498x1024.jpg 498w, https:\/\/mybonnechance.de\/wp-content\/uploads\/2023\/07\/20230702_143034-146x300.jpg 146w, https:\/\/mybonnechance.de\/wp-content\/uploads\/2023\/07\/20230702_143034-768x1580.jpg 768w, https:\/\/mybonnechance.de\/wp-content\/uploads\/2023\/07\/20230702_143034-747x1536.jpg 747w, https:\/\/mybonnechance.de\/wp-content\/uploads\/2023\/07\/20230702_143034-996x2048.jpg 996w, https:\/\/mybonnechance.de\/wp-content\/uploads\/2023\/07\/20230702_143034-scaled.jpg 1244w\" sizes=\"auto, (max-width: 203px) 100vw, 203px\" \/><figcaption class=\"wp-element-caption\"><strong>Im Hintergrund Port Zelande<\/strong><\/figcaption><\/figure>\n<\/div>\n<\/div>\n\n\n","protected":false},"excerpt":{"rendered":"<p>Tag 15, Freitagtag 30.Juni Scharendijke, WSV Jachthaven &#8211; Insel Ossehoek 5 km \u2013 0,4 Std. FahrzeitLiegen am gleichen Steg wie letztens und es ist wieder nichts los. Das mag am Wetter liegen. Hin und wieder l\u00e4\u00dft sich zwar die Sonne blicken, aber es bleibt doch eher bew\u00f6lkt und k\u00fchl. Tag 16 + 17 , Samstag &hellip; <\/p>\n<p class=\"link-more\"><a href=\"https:\/\/mybonnechance.de\/?page_id=7222\" class=\"more-link\"><span class=\"screen-reader-text\">\u201e2023-10 Insel Ossenhoek\u201c<\/span> weiterlesen<\/a><\/p>\n","protected":false},"author":1,"featured_media":0,"parent":0,"menu_order":0,"comment_status":"closed","ping_status":"closed","template":"","meta":{"ngg_post_thumbnail":0,"footnotes":""},"class_list":["post-7222","page","type-page","status-publish","hentry"],"_links":{"self":[{"href":"https:\/\/mybonnechance.de\/index.php?rest_route=\/wp\/v2\/pages\/7222","targetHints":{"allow":["GET"]}}],"collection":[{"href":"https:\/\/mybonnechance.de\/index.php?rest_route=\/wp\/v2\/pages"}],"about":[{"href":"https:\/\/mybonnechance.de\/index.php?rest_route=\/wp\/v2\/types\/page"}],"author":[{"embeddable":true,"href":"https:\/\/mybonnechance.de\/index.php?rest_route=\/wp\/v2\/users\/1"}],"replies":[{"embeddable":true,"href":"https:\/\/mybonnechance.de\/index.php?rest_route=%2Fwp%2Fv2%2Fcomments&post=7222"}],"version-history":[{"count":6,"href":"https:\/\/mybonnechance.de\/index.php?rest_route=\/wp\/v2\/pages\/7222\/revisions"}],"predecessor-version":[{"id":7500,"href":"https:\/\/mybonnechance.de\/index.php?rest_route=\/wp\/v2\/pages\/7222\/revisions\/7500"}],"wp:attachment":[{"href":"https:\/\/mybonnechance.de\/index.php?rest_route=%2Fwp%2Fv2%2Fmedia&parent=7222"}],"curies":[{"name":"wp","href":"https:\/\/api.w.org\/{rel}","templated":true}]}}