{"id":7226,"date":"2023-07-03T16:58:03","date_gmt":"2023-07-03T16:58:03","guid":{"rendered":"https:\/\/mybonnechance.de\/?page_id=7226"},"modified":"2023-07-12T15:04:04","modified_gmt":"2023-07-12T15:04:04","slug":"2023-11-bruinisse","status":"publish","type":"page","link":"https:\/\/mybonnechance.de\/?page_id=7226","title":{"rendered":"2023-11 Bruinisse"},"content":{"rendered":"\n<p><strong>Tag 18, Montag 03.Juli<\/strong> <strong> <\/strong> <strong>Insel Ossehoek &#8211; Bruinisse<\/strong><br>20,5 km \u2013 2 Std. Fahrzeit<br>Heute fr\u00fch losgemacht, da der WInd im Laufe des Vormittags wieder zunehmen soll.<br>Auf dem Weg nach Bruinisse kommen wir an der<strong> Insel Stampersplaat<\/strong> vorbei, die auch recht nett aussieht. Der Jachthaven von Bruinisse ist sehr modern, aber mit 3.- pro m auch etwas gehoben. Kein Wunder, der Hafen geh\u00f6ret wie u.a. auch P. Zelande zu den &#8222;Seven Sisters&#8220;, die alle einen gewissen Standard haben. Im Hafengel\u00e4nde gibt es einen Supermarkt, sowie Pizzaservice von 16:30 &#8211; 19:30. In der Zeit ist auch ein Pommeswagen ge\u00f6ffnet. Ansonsten gibt es dort noch einen gro\u00dfen Schiffsausr\u00fcster.<\/p>\n\n\n\n<div class=\"wp-block-columns is-layout-flex wp-container-core-columns-is-layout-9d6595d7 wp-block-columns-is-layout-flex\">\n<div class=\"wp-block-column is-layout-flow wp-block-column-is-layout-flow\">\n<figure class=\"wp-block-image size-large is-style-default\"><img loading=\"lazy\" decoding=\"async\" width=\"498\" height=\"1024\" src=\"https:\/\/mybonnechance.de\/wp-content\/uploads\/2023\/07\/20230703_140133-2-498x1024.jpg\" alt=\"\" class=\"wp-image-7260\" srcset=\"https:\/\/mybonnechance.de\/wp-content\/uploads\/2023\/07\/20230703_140133-2-498x1024.jpg 498w, https:\/\/mybonnechance.de\/wp-content\/uploads\/2023\/07\/20230703_140133-2-146x300.jpg 146w, https:\/\/mybonnechance.de\/wp-content\/uploads\/2023\/07\/20230703_140133-2-768x1580.jpg 768w, https:\/\/mybonnechance.de\/wp-content\/uploads\/2023\/07\/20230703_140133-2-747x1536.jpg 747w, https:\/\/mybonnechance.de\/wp-content\/uploads\/2023\/07\/20230703_140133-2-996x2048.jpg 996w, https:\/\/mybonnechance.de\/wp-content\/uploads\/2023\/07\/20230703_140133-2-scaled.jpg 1244w\" sizes=\"auto, (max-width: 498px) 100vw, 498px\" \/><\/figure>\n<\/div>\n\n\n\n<div class=\"wp-block-column is-layout-flow wp-block-column-is-layout-flow\">\n<figure class=\"wp-block-image size-large is-style-default\"><img loading=\"lazy\" decoding=\"async\" width=\"498\" height=\"1024\" src=\"https:\/\/mybonnechance.de\/wp-content\/uploads\/2023\/07\/20230704_083547-1-498x1024.jpg\" alt=\"\" class=\"wp-image-7261\" srcset=\"https:\/\/mybonnechance.de\/wp-content\/uploads\/2023\/07\/20230704_083547-1-498x1024.jpg 498w, https:\/\/mybonnechance.de\/wp-content\/uploads\/2023\/07\/20230704_083547-1-146x300.jpg 146w, https:\/\/mybonnechance.de\/wp-content\/uploads\/2023\/07\/20230704_083547-1-768x1580.jpg 768w, https:\/\/mybonnechance.de\/wp-content\/uploads\/2023\/07\/20230704_083547-1-747x1536.jpg 747w, https:\/\/mybonnechance.de\/wp-content\/uploads\/2023\/07\/20230704_083547-1-996x2048.jpg 996w, https:\/\/mybonnechance.de\/wp-content\/uploads\/2023\/07\/20230704_083547-1-scaled.jpg 1244w\" sizes=\"auto, (max-width: 498px) 100vw, 498px\" \/><\/figure>\n<\/div>\n<\/div>\n\n\n\n<p>Bruinisse gilt als <strong>Muschelstadt<\/strong>, aber wir sind f\u00fcr das Fest ein paar Tage zu fr\u00fch. Zudem ist heute Montag &#8211; also eh alles zu. <strong>Eine richtige Stadt gibt es nicht, nur einen Supermarkt 1 km entfernt = PLUS. Nach 30\u2018 zu Fu\u00df erreicht man ein Mini Zentrum mit AH, Gall &amp; Gall, Etos, Pizzeria und Ice Laden.<\/strong><\/p>\n\n\n\n<figure class=\"wp-block-image size-large is-style-default\"><img loading=\"lazy\" decoding=\"async\" width=\"1024\" height=\"498\" src=\"https:\/\/mybonnechance.de\/wp-content\/uploads\/2023\/07\/20230703_125720-1024x498.jpg\" alt=\"\" class=\"wp-image-7262\" srcset=\"https:\/\/mybonnechance.de\/wp-content\/uploads\/2023\/07\/20230703_125720-1024x498.jpg 1024w, https:\/\/mybonnechance.de\/wp-content\/uploads\/2023\/07\/20230703_125720-300x146.jpg 300w, https:\/\/mybonnechance.de\/wp-content\/uploads\/2023\/07\/20230703_125720-768x373.jpg 768w, https:\/\/mybonnechance.de\/wp-content\/uploads\/2023\/07\/20230703_125720-1536x747.jpg 1536w, https:\/\/mybonnechance.de\/wp-content\/uploads\/2023\/07\/20230703_125720-2048x996.jpg 2048w\" sizes=\"auto, (max-width: 767px) 89vw, (max-width: 1000px) 54vw, (max-width: 1071px) 543px, 580px\" \/><\/figure>\n\n\n","protected":false},"excerpt":{"rendered":"<p>Tag 18, Montag 03.Juli Insel Ossehoek &#8211; Bruinisse20,5 km \u2013 2 Std. FahrzeitHeute fr\u00fch losgemacht, da der WInd im Laufe des Vormittags wieder zunehmen soll.Auf dem Weg nach Bruinisse kommen wir an der Insel Stampersplaat vorbei, die auch recht nett aussieht. Der Jachthaven von Bruinisse ist sehr modern, aber mit 3.- pro m auch etwas &hellip; <\/p>\n<p class=\"link-more\"><a href=\"https:\/\/mybonnechance.de\/?page_id=7226\" class=\"more-link\"><span class=\"screen-reader-text\">\u201e2023-11 Bruinisse\u201c<\/span> weiterlesen<\/a><\/p>\n","protected":false},"author":1,"featured_media":0,"parent":0,"menu_order":0,"comment_status":"closed","ping_status":"closed","template":"","meta":{"ngg_post_thumbnail":0,"footnotes":""},"class_list":["post-7226","page","type-page","status-publish","hentry"],"_links":{"self":[{"href":"https:\/\/mybonnechance.de\/index.php?rest_route=\/wp\/v2\/pages\/7226","targetHints":{"allow":["GET"]}}],"collection":[{"href":"https:\/\/mybonnechance.de\/index.php?rest_route=\/wp\/v2\/pages"}],"about":[{"href":"https:\/\/mybonnechance.de\/index.php?rest_route=\/wp\/v2\/types\/page"}],"author":[{"embeddable":true,"href":"https:\/\/mybonnechance.de\/index.php?rest_route=\/wp\/v2\/users\/1"}],"replies":[{"embeddable":true,"href":"https:\/\/mybonnechance.de\/index.php?rest_route=%2Fwp%2Fv2%2Fcomments&post=7226"}],"version-history":[{"count":5,"href":"https:\/\/mybonnechance.de\/index.php?rest_route=\/wp\/v2\/pages\/7226\/revisions"}],"predecessor-version":[{"id":7339,"href":"https:\/\/mybonnechance.de\/index.php?rest_route=\/wp\/v2\/pages\/7226\/revisions\/7339"}],"wp:attachment":[{"href":"https:\/\/mybonnechance.de\/index.php?rest_route=%2Fwp%2Fv2%2Fmedia&parent=7226"}],"curies":[{"name":"wp","href":"https:\/\/api.w.org\/{rel}","templated":true}]}}