{"id":7229,"date":"2023-07-03T16:59:39","date_gmt":"2023-07-03T16:59:39","guid":{"rendered":"https:\/\/mybonnechance.de\/?page_id=7229"},"modified":"2023-07-23T18:59:45","modified_gmt":"2023-07-23T18:59:45","slug":"2023-12-steenbergen","status":"publish","type":"page","link":"https:\/\/mybonnechance.de\/?page_id=7229","title":{"rendered":"2023-12 De Heen"},"content":{"rendered":"\n<p><strong>Tag 19, Dienstag 04.Juli<\/strong> <strong> <\/strong> <strong> Bruinisse<\/strong> <strong>&#8211; De Heen, Haven De Schapenput<\/strong><br>18 km \u2013 2 Schleusen &#8211; 1 bewegl. Br\u00fccke (offen) &#8211; 3 Std. Fahrzeit<br>Wir biegen gerade aus dem Hafen, als wir sehen, wie die Schleusenbr\u00fccke der Grevelingersluis heruntergeht. Aber wir haben ja Zeit, es ist ja nicht so weit bis zum n\u00e4chsten Hafen. Nach insgesamt 35 Minuten, trotz sehr kurzem Hub,  sind wir raus und machen uns auf den Weg zur Krammersluis, wo wir ebenfalss warten m\u00fcssen. Am l\u00e4ngsten dauert der Schleusenvorgang von fast 25 min, ebenso mit einem Hub von h\u00f6chstens 1 m.<br><\/p>\n\n\n\n<div class=\"wp-block-columns is-layout-flex wp-container-core-columns-is-layout-9d6595d7 wp-block-columns-is-layout-flex\">\n<div class=\"wp-block-column is-layout-flow wp-block-column-is-layout-flow\" style=\"flex-basis:66.66%\">\n<figure class=\"wp-block-image size-large is-style-default\"><img loading=\"lazy\" decoding=\"async\" width=\"1024\" height=\"498\" src=\"https:\/\/mybonnechance.de\/wp-content\/uploads\/2023\/07\/Krammer-Sluis-2-1024x498.jpg\" alt=\"\" class=\"wp-image-7268\" srcset=\"https:\/\/mybonnechance.de\/wp-content\/uploads\/2023\/07\/Krammer-Sluis-2-1024x498.jpg 1024w, https:\/\/mybonnechance.de\/wp-content\/uploads\/2023\/07\/Krammer-Sluis-2-300x146.jpg 300w, https:\/\/mybonnechance.de\/wp-content\/uploads\/2023\/07\/Krammer-Sluis-2-768x373.jpg 768w, https:\/\/mybonnechance.de\/wp-content\/uploads\/2023\/07\/Krammer-Sluis-2-1536x747.jpg 1536w, https:\/\/mybonnechance.de\/wp-content\/uploads\/2023\/07\/Krammer-Sluis-2-2048x996.jpg 2048w\" sizes=\"auto, (max-width: 767px) 89vw, (max-width: 1000px) 54vw, (max-width: 1071px) 543px, 580px\" \/><figcaption class=\"wp-element-caption\"><strong>Krammer Sluis<\/strong><\/figcaption><\/figure>\n\n\n\n<p>In beiden Schleusen sind wir wieder fast alleine. 3 Segler begleiten uns noch. Wenn ich an mein erstes Jahr, gerade n der Bruinissesluis bzw. Grevelingersluis, denke &#8211; ich habe noch nie soviel Angst vorm Schleusen gehabt. Von da an hie\u00df diese Schleuse bei mir nur noch &#8222;Hauen-und Stechen Sluis&#8220;<\/p>\n<\/div>\n\n\n\n<div class=\"wp-block-column is-layout-flow wp-block-column-is-layout-flow\" style=\"flex-basis:33.33%\">\n<figure class=\"wp-block-image size-large is-style-default\"><img loading=\"lazy\" decoding=\"async\" width=\"498\" height=\"1024\" src=\"https:\/\/mybonnechance.de\/wp-content\/uploads\/2023\/07\/Krammer-Sluis-1-3-498x1024.jpg\" alt=\"\" class=\"wp-image-7269\" srcset=\"https:\/\/mybonnechance.de\/wp-content\/uploads\/2023\/07\/Krammer-Sluis-1-3-498x1024.jpg 498w, https:\/\/mybonnechance.de\/wp-content\/uploads\/2023\/07\/Krammer-Sluis-1-3-146x300.jpg 146w, https:\/\/mybonnechance.de\/wp-content\/uploads\/2023\/07\/Krammer-Sluis-1-3-768x1580.jpg 768w, https:\/\/mybonnechance.de\/wp-content\/uploads\/2023\/07\/Krammer-Sluis-1-3-747x1536.jpg 747w, https:\/\/mybonnechance.de\/wp-content\/uploads\/2023\/07\/Krammer-Sluis-1-3-996x2048.jpg 996w, https:\/\/mybonnechance.de\/wp-content\/uploads\/2023\/07\/Krammer-Sluis-1-3-scaled.jpg 1244w\" sizes=\"auto, (max-width: 498px) 100vw, 498px\" \/><\/figure>\n<\/div>\n<\/div>\n\n\n\n<p>Hinter der Insel Nordplaat biegen wir Stb. ab auf die <strong>Steenbergse Vlieth<\/strong>. Eine wunderbar ruhige Wasserstra\u00dfe, auf der man sowohl kleine H\u00e4uschen, als auch Zelte mieten kann. Auf dem Weg nach De Hen gibt es 4 Anleger, wo man mit dem Schiff \u00fcbernachten kann. Sie befinden sich mitten in der Wasserstra\u00dfe.<\/p>\n\n\n\n<div class=\"wp-block-columns is-layout-flex wp-container-core-columns-is-layout-9d6595d7 wp-block-columns-is-layout-flex\">\n<div class=\"wp-block-column is-layout-flow wp-block-column-is-layout-flow\" style=\"flex-basis:25%\">\n<figure class=\"wp-block-image size-large is-resized is-style-default\"><img loading=\"lazy\" decoding=\"async\" src=\"https:\/\/mybonnechance.de\/wp-content\/uploads\/2023\/07\/St.-Vlieth-1-498x1024.jpg\" alt=\"\" class=\"wp-image-7272\" width=\"181\" height=\"371\" srcset=\"https:\/\/mybonnechance.de\/wp-content\/uploads\/2023\/07\/St.-Vlieth-1-498x1024.jpg 498w, https:\/\/mybonnechance.de\/wp-content\/uploads\/2023\/07\/St.-Vlieth-1-146x300.jpg 146w, https:\/\/mybonnechance.de\/wp-content\/uploads\/2023\/07\/St.-Vlieth-1-768x1580.jpg 768w, https:\/\/mybonnechance.de\/wp-content\/uploads\/2023\/07\/St.-Vlieth-1-747x1536.jpg 747w, https:\/\/mybonnechance.de\/wp-content\/uploads\/2023\/07\/St.-Vlieth-1-996x2048.jpg 996w, https:\/\/mybonnechance.de\/wp-content\/uploads\/2023\/07\/St.-Vlieth-1-scaled.jpg 1244w\" sizes=\"auto, (max-width: 181px) 100vw, 181px\" \/><\/figure>\n<\/div>\n\n\n\n<div class=\"wp-block-column is-layout-flow wp-block-column-is-layout-flow\" style=\"flex-basis:50%\">\n<figure class=\"wp-block-image size-large is-resized is-style-default\"><img loading=\"lazy\" decoding=\"async\" src=\"https:\/\/mybonnechance.de\/wp-content\/uploads\/2023\/07\/St.-Vlieth-2-1024x498.jpg\" alt=\"\" class=\"wp-image-7270\" width=\"363\" height=\"176\" srcset=\"https:\/\/mybonnechance.de\/wp-content\/uploads\/2023\/07\/St.-Vlieth-2-1024x498.jpg 1024w, https:\/\/mybonnechance.de\/wp-content\/uploads\/2023\/07\/St.-Vlieth-2-300x146.jpg 300w, https:\/\/mybonnechance.de\/wp-content\/uploads\/2023\/07\/St.-Vlieth-2-768x373.jpg 768w, https:\/\/mybonnechance.de\/wp-content\/uploads\/2023\/07\/St.-Vlieth-2-1536x747.jpg 1536w, https:\/\/mybonnechance.de\/wp-content\/uploads\/2023\/07\/St.-Vlieth-2-2048x996.jpg 2048w\" sizes=\"auto, (max-width: 363px) 100vw, 363px\" \/><\/figure>\n<\/div>\n\n\n\n<div class=\"wp-block-column is-layout-flow wp-block-column-is-layout-flow\" style=\"flex-basis:25%\">\n<figure class=\"wp-block-image size-large is-resized is-style-default\"><img loading=\"lazy\" decoding=\"async\" src=\"https:\/\/mybonnechance.de\/wp-content\/uploads\/2023\/07\/St.-Vlieth-3-498x1024.jpg\" alt=\"\" class=\"wp-image-7271\" width=\"161\" height=\"330\" srcset=\"https:\/\/mybonnechance.de\/wp-content\/uploads\/2023\/07\/St.-Vlieth-3-498x1024.jpg 498w, https:\/\/mybonnechance.de\/wp-content\/uploads\/2023\/07\/St.-Vlieth-3-146x300.jpg 146w, https:\/\/mybonnechance.de\/wp-content\/uploads\/2023\/07\/St.-Vlieth-3-768x1580.jpg 768w, https:\/\/mybonnechance.de\/wp-content\/uploads\/2023\/07\/St.-Vlieth-3-747x1536.jpg 747w, https:\/\/mybonnechance.de\/wp-content\/uploads\/2023\/07\/St.-Vlieth-3-996x2048.jpg 996w, https:\/\/mybonnechance.de\/wp-content\/uploads\/2023\/07\/St.-Vlieth-3-scaled.jpg 1244w\" sizes=\"auto, (max-width: 161px) 100vw, 161px\" \/><\/figure>\n<\/div>\n<\/div>\n\n\n\n<p>Der<strong> Hafen De Schepenput<\/strong> liegt idyllisch und ist sehr langgezogen. <\/p>\n\n\n\n<div class=\"wp-block-columns is-layout-flex wp-container-core-columns-is-layout-9d6595d7 wp-block-columns-is-layout-flex\">\n<div class=\"wp-block-column is-layout-flow wp-block-column-is-layout-flow\">\n<figure class=\"wp-block-image size-large is-style-default\"><img loading=\"lazy\" decoding=\"async\" width=\"498\" height=\"1024\" src=\"https:\/\/mybonnechance.de\/wp-content\/uploads\/2023\/07\/Hafen-1a-498x1024.jpg\" alt=\"\" class=\"wp-image-7279\" srcset=\"https:\/\/mybonnechance.de\/wp-content\/uploads\/2023\/07\/Hafen-1a-498x1024.jpg 498w, https:\/\/mybonnechance.de\/wp-content\/uploads\/2023\/07\/Hafen-1a-146x300.jpg 146w, https:\/\/mybonnechance.de\/wp-content\/uploads\/2023\/07\/Hafen-1a-768x1580.jpg 768w, https:\/\/mybonnechance.de\/wp-content\/uploads\/2023\/07\/Hafen-1a-747x1536.jpg 747w, https:\/\/mybonnechance.de\/wp-content\/uploads\/2023\/07\/Hafen-1a-996x2048.jpg 996w, https:\/\/mybonnechance.de\/wp-content\/uploads\/2023\/07\/Hafen-1a-scaled.jpg 1244w\" sizes=\"auto, (max-width: 498px) 100vw, 498px\" \/><\/figure>\n<\/div>\n\n\n\n<div class=\"wp-block-column is-layout-flow wp-block-column-is-layout-flow\">\n<figure class=\"wp-block-image size-large is-style-default\"><img loading=\"lazy\" decoding=\"async\" width=\"498\" height=\"1024\" src=\"https:\/\/mybonnechance.de\/wp-content\/uploads\/2023\/07\/Hafen-2a-498x1024.jpg\" alt=\"\" class=\"wp-image-7280\" srcset=\"https:\/\/mybonnechance.de\/wp-content\/uploads\/2023\/07\/Hafen-2a-498x1024.jpg 498w, https:\/\/mybonnechance.de\/wp-content\/uploads\/2023\/07\/Hafen-2a-146x300.jpg 146w, https:\/\/mybonnechance.de\/wp-content\/uploads\/2023\/07\/Hafen-2a-768x1580.jpg 768w, https:\/\/mybonnechance.de\/wp-content\/uploads\/2023\/07\/Hafen-2a-747x1536.jpg 747w, https:\/\/mybonnechance.de\/wp-content\/uploads\/2023\/07\/Hafen-2a-996x2048.jpg 996w, https:\/\/mybonnechance.de\/wp-content\/uploads\/2023\/07\/Hafen-2a-scaled.jpg 1244w\" sizes=\"auto, (max-width: 498px) 100vw, 498px\" \/><\/figure>\n<\/div>\n\n\n\n<div class=\"wp-block-column is-layout-flow wp-block-column-is-layout-flow\">\n<figure class=\"wp-block-image size-large is-style-default\"><img loading=\"lazy\" decoding=\"async\" width=\"498\" height=\"1024\" src=\"https:\/\/mybonnechance.de\/wp-content\/uploads\/2023\/07\/Hafen-4-498x1024.jpg\" alt=\"\" class=\"wp-image-7281\" srcset=\"https:\/\/mybonnechance.de\/wp-content\/uploads\/2023\/07\/Hafen-4-498x1024.jpg 498w, https:\/\/mybonnechance.de\/wp-content\/uploads\/2023\/07\/Hafen-4-146x300.jpg 146w, https:\/\/mybonnechance.de\/wp-content\/uploads\/2023\/07\/Hafen-4-768x1580.jpg 768w, https:\/\/mybonnechance.de\/wp-content\/uploads\/2023\/07\/Hafen-4-747x1536.jpg 747w, https:\/\/mybonnechance.de\/wp-content\/uploads\/2023\/07\/Hafen-4-996x2048.jpg 996w, https:\/\/mybonnechance.de\/wp-content\/uploads\/2023\/07\/Hafen-4-scaled.jpg 1244w\" sizes=\"auto, (max-width: 498px) 100vw, 498px\" \/><\/figure>\n<\/div>\n<\/div>\n\n\n\n<p>Das Wetter ist immer noch durchwachsen und so ist Reinigung des Schiffes vom Salzwasser angesagt. Die Fenster h\u00e4tte ich mir sparen k\u00f6nne, am Nachmittag gibt es Gewitter. Am Abend gehen wir mal Richtung Stadt, die aber auch keine ist. Es gibt nur einer Kirche und 2 Restaurants. Im <strong>Pannekoikenhuis<\/strong> bekommen wir hervorragende Pfannekuchen, wobei die Speisekarte noch einiges mehr zu bieten hat.<br><\/p>\n\n\n\n<p><strong>Tag 20, Mittwoch 05.Juli<\/strong>   <br>Aus unserm Plan nach Steenbergen zu fahren wird wohl nichts werden. Die Nacht zieht ein ziemlicher Sturm auf, der auch am Vormittag noch sehr deutlich zu sp\u00fcren ist. Windst\u00e4rke 6 Bf, in B\u00f6en sogar bis 8 Bf. Gegen Mittag kommt zwar die Sonne raus, aber der Wind bleibt auch. Hier liegen wir zumindest gesch\u00fctzt durch die beiden Ufern. Dabei sind wir wohl eher noch der Randausl\u00e4ufer des Sturms. Am schlimmsten, laut Wetterradar, erwischt es Amsterdam, Ijsselmeer bis rauf nach Groningen<\/p>\n\n\n","protected":false},"excerpt":{"rendered":"<p>Tag 19, Dienstag 04.Juli Bruinisse &#8211; De Heen, Haven De Schapenput18 km \u2013 2 Schleusen &#8211; 1 bewegl. Br\u00fccke (offen) &#8211; 3 Std. FahrzeitWir biegen gerade aus dem Hafen, als wir sehen, wie die Schleusenbr\u00fccke der Grevelingersluis heruntergeht. Aber wir haben ja Zeit, es ist ja nicht so weit bis zum n\u00e4chsten Hafen. Nach insgesamt &hellip; <\/p>\n<p class=\"link-more\"><a href=\"https:\/\/mybonnechance.de\/?page_id=7229\" class=\"more-link\"><span class=\"screen-reader-text\">\u201e2023-12 De Heen\u201c<\/span> weiterlesen<\/a><\/p>\n","protected":false},"author":1,"featured_media":0,"parent":0,"menu_order":0,"comment_status":"closed","ping_status":"closed","template":"","meta":{"ngg_post_thumbnail":0,"footnotes":""},"class_list":["post-7229","page","type-page","status-publish","hentry"],"_links":{"self":[{"href":"https:\/\/mybonnechance.de\/index.php?rest_route=\/wp\/v2\/pages\/7229","targetHints":{"allow":["GET"]}}],"collection":[{"href":"https:\/\/mybonnechance.de\/index.php?rest_route=\/wp\/v2\/pages"}],"about":[{"href":"https:\/\/mybonnechance.de\/index.php?rest_route=\/wp\/v2\/types\/page"}],"author":[{"embeddable":true,"href":"https:\/\/mybonnechance.de\/index.php?rest_route=\/wp\/v2\/users\/1"}],"replies":[{"embeddable":true,"href":"https:\/\/mybonnechance.de\/index.php?rest_route=%2Fwp%2Fv2%2Fcomments&post=7229"}],"version-history":[{"count":14,"href":"https:\/\/mybonnechance.de\/index.php?rest_route=\/wp\/v2\/pages\/7229\/revisions"}],"predecessor-version":[{"id":7458,"href":"https:\/\/mybonnechance.de\/index.php?rest_route=\/wp\/v2\/pages\/7229\/revisions\/7458"}],"wp:attachment":[{"href":"https:\/\/mybonnechance.de\/index.php?rest_route=%2Fwp%2Fv2%2Fmedia&parent=7229"}],"curies":[{"name":"wp","href":"https:\/\/api.w.org\/{rel}","templated":true}]}}