{"id":7237,"date":"2023-07-08T07:18:23","date_gmt":"2023-07-08T07:18:23","guid":{"rendered":"https:\/\/mybonnechance.de\/?page_id=7237"},"modified":"2023-07-23T19:01:59","modified_gmt":"2023-07-23T19:01:59","slug":"2023-13-steenbergen-bergen-op-zoom","status":"publish","type":"page","link":"https:\/\/mybonnechance.de\/?page_id=7237","title":{"rendered":"2023-13 Steenbergen (Bergen op Zoom)"},"content":{"rendered":"\n<p><strong>Tag 21, Donnerstag 06 Juli<\/strong>   <strong> De Heen, Jachthaven de Schapenput &#8211; Steenbergen, Jachthaven <\/strong><br>5,5 km \u2013 1 Std. Fahrzeit<br>Wir kommen heute erst am sp\u00e4ten Vormittag los, da ich noch soviele Geburtstagsw\u00fcnsche entgegen nehme. Das freut mich nat\u00fcrlich und wir haben es ja auch nicht weit bis nach Steenbergen. Die Wasserstra\u00dfe ist weiterhin sehr sch\u00f6n und vor Allem scheint jetzt endlich mal die Sonne. In Steenbergen angekommen trifft uns fast der Schlag, es ist nicht eine Box frei. Das haben wir bisher noch nicht erlebt. Stephan l\u00e4\u00dft mich an einem Steg vor dem Hafenb\u00fcro raus und zum Gl\u00fcck erwischen wir den Hafenmeister noch vor der Mittagspause.  De Heen und Steenbergen geh\u00f6ren zusammen und so finde ich den gleichen Hafenmeisgter vor wie in De Heen. Dieser erkennt  unser Schiff auch wieder und findet noch ein freies Pl\u00e4tzchen f\u00fcr uns auf der anderen Seite des Hafens. Dort kann man L\u00e4ngsseits liegen und die H\u00f6he ist super f\u00fcr unsere Fahrr\u00e4der. <\/p>\n\n\n\n<figure class=\"wp-block-image size-large is-style-default\"><img loading=\"lazy\" decoding=\"async\" width=\"1024\" height=\"498\" src=\"https:\/\/mybonnechance.de\/wp-content\/uploads\/2023\/07\/Hafen-4-1-1024x498.jpg\" alt=\"\" class=\"wp-image-7294\" srcset=\"https:\/\/mybonnechance.de\/wp-content\/uploads\/2023\/07\/Hafen-4-1-1024x498.jpg 1024w, https:\/\/mybonnechance.de\/wp-content\/uploads\/2023\/07\/Hafen-4-1-300x146.jpg 300w, https:\/\/mybonnechance.de\/wp-content\/uploads\/2023\/07\/Hafen-4-1-768x373.jpg 768w, https:\/\/mybonnechance.de\/wp-content\/uploads\/2023\/07\/Hafen-4-1-1536x747.jpg 1536w, https:\/\/mybonnechance.de\/wp-content\/uploads\/2023\/07\/Hafen-4-1-2048x996.jpg 2048w\" sizes=\"auto, (max-width: 767px) 89vw, (max-width: 1000px) 54vw, (max-width: 1071px) 543px, 580px\" \/><\/figure>\n\n\n\n<p>Wir machen uns direkt mal auf ins St\u00e4dtchen und  stellen fest, da\u00df direkt gegen\u00fcber vom Hafen ein <strong>AH, Gall&amp;Gall und ein Aldi <\/strong>ist.  <strong>Kruidvaart<\/strong> gibt es im Zentrum. Dieses wird erstmal von einem riesigen, wundersch\u00f6nen Kirchenbau eingenommen, der <strong>Gummariskerk.<\/strong> Wir haben Gl\u00fcck und k\u00f6nnen bei einer privaten F\u00fchrung mitgehen.<\/p>\n\n\n\n<figure class=\"wp-block-gallery has-nested-images columns-default is-cropped wp-block-gallery-1 is-layout-flex wp-block-gallery-is-layout-flex\">\n<figure class=\"wp-block-image size-large is-style-default\"><img loading=\"lazy\" decoding=\"async\" width=\"498\" height=\"1024\" data-id=\"7300\" src=\"https:\/\/mybonnechance.de\/wp-content\/uploads\/2023\/07\/Gummaruskerk-1-498x1024.jpg\" alt=\"\" class=\"wp-image-7300\" srcset=\"https:\/\/mybonnechance.de\/wp-content\/uploads\/2023\/07\/Gummaruskerk-1-498x1024.jpg 498w, https:\/\/mybonnechance.de\/wp-content\/uploads\/2023\/07\/Gummaruskerk-1-146x300.jpg 146w, https:\/\/mybonnechance.de\/wp-content\/uploads\/2023\/07\/Gummaruskerk-1-768x1580.jpg 768w, https:\/\/mybonnechance.de\/wp-content\/uploads\/2023\/07\/Gummaruskerk-1-747x1536.jpg 747w, https:\/\/mybonnechance.de\/wp-content\/uploads\/2023\/07\/Gummaruskerk-1-996x2048.jpg 996w, https:\/\/mybonnechance.de\/wp-content\/uploads\/2023\/07\/Gummaruskerk-1-scaled.jpg 1244w\" sizes=\"auto, (max-width: 498px) 100vw, 498px\" \/><\/figure>\n\n\n\n<figure class=\"wp-block-image size-large is-style-default\"><img loading=\"lazy\" decoding=\"async\" width=\"498\" height=\"1024\" data-id=\"7297\" src=\"https:\/\/mybonnechance.de\/wp-content\/uploads\/2023\/07\/Gummaruskerk-3-498x1024.jpg\" alt=\"\" class=\"wp-image-7297\" srcset=\"https:\/\/mybonnechance.de\/wp-content\/uploads\/2023\/07\/Gummaruskerk-3-498x1024.jpg 498w, https:\/\/mybonnechance.de\/wp-content\/uploads\/2023\/07\/Gummaruskerk-3-146x300.jpg 146w, https:\/\/mybonnechance.de\/wp-content\/uploads\/2023\/07\/Gummaruskerk-3-768x1580.jpg 768w, https:\/\/mybonnechance.de\/wp-content\/uploads\/2023\/07\/Gummaruskerk-3-747x1536.jpg 747w, https:\/\/mybonnechance.de\/wp-content\/uploads\/2023\/07\/Gummaruskerk-3-996x2048.jpg 996w, https:\/\/mybonnechance.de\/wp-content\/uploads\/2023\/07\/Gummaruskerk-3-scaled.jpg 1244w\" sizes=\"auto, (max-width: 498px) 100vw, 498px\" \/><\/figure>\n\n\n\n<figure class=\"wp-block-image size-large is-style-default\"><img loading=\"lazy\" decoding=\"async\" width=\"498\" height=\"1024\" data-id=\"7299\" src=\"https:\/\/mybonnechance.de\/wp-content\/uploads\/2023\/07\/Gummaruskerk-5-498x1024.jpg\" alt=\"\" class=\"wp-image-7299\" srcset=\"https:\/\/mybonnechance.de\/wp-content\/uploads\/2023\/07\/Gummaruskerk-5-498x1024.jpg 498w, https:\/\/mybonnechance.de\/wp-content\/uploads\/2023\/07\/Gummaruskerk-5-146x300.jpg 146w, https:\/\/mybonnechance.de\/wp-content\/uploads\/2023\/07\/Gummaruskerk-5-768x1580.jpg 768w, https:\/\/mybonnechance.de\/wp-content\/uploads\/2023\/07\/Gummaruskerk-5-747x1536.jpg 747w, https:\/\/mybonnechance.de\/wp-content\/uploads\/2023\/07\/Gummaruskerk-5-996x2048.jpg 996w, https:\/\/mybonnechance.de\/wp-content\/uploads\/2023\/07\/Gummaruskerk-5-scaled.jpg 1244w\" sizes=\"auto, (max-width: 498px) 100vw, 498px\" \/><\/figure>\n<\/figure>\n\n\n\n<figure class=\"wp-block-gallery has-nested-images columns-default is-cropped wp-block-gallery-2 is-layout-flex wp-block-gallery-is-layout-flex\">\n<figure class=\"wp-block-image size-large is-style-default\"><img loading=\"lazy\" decoding=\"async\" width=\"498\" height=\"1024\" data-id=\"7302\" src=\"https:\/\/mybonnechance.de\/wp-content\/uploads\/2023\/07\/Gummaruskerk-7-498x1024.jpg\" alt=\"\" class=\"wp-image-7302\" srcset=\"https:\/\/mybonnechance.de\/wp-content\/uploads\/2023\/07\/Gummaruskerk-7-498x1024.jpg 498w, https:\/\/mybonnechance.de\/wp-content\/uploads\/2023\/07\/Gummaruskerk-7-146x300.jpg 146w, https:\/\/mybonnechance.de\/wp-content\/uploads\/2023\/07\/Gummaruskerk-7-768x1580.jpg 768w, https:\/\/mybonnechance.de\/wp-content\/uploads\/2023\/07\/Gummaruskerk-7-747x1536.jpg 747w, https:\/\/mybonnechance.de\/wp-content\/uploads\/2023\/07\/Gummaruskerk-7-996x2048.jpg 996w, https:\/\/mybonnechance.de\/wp-content\/uploads\/2023\/07\/Gummaruskerk-7-scaled.jpg 1244w\" sizes=\"auto, (max-width: 498px) 100vw, 498px\" \/><\/figure>\n\n\n\n<figure class=\"wp-block-image size-large is-style-default\"><img loading=\"lazy\" decoding=\"async\" width=\"498\" height=\"1024\" data-id=\"7303\" src=\"https:\/\/mybonnechance.de\/wp-content\/uploads\/2023\/07\/Gummaruskerk-8-498x1024.jpg\" alt=\"\" class=\"wp-image-7303\" srcset=\"https:\/\/mybonnechance.de\/wp-content\/uploads\/2023\/07\/Gummaruskerk-8-498x1024.jpg 498w, https:\/\/mybonnechance.de\/wp-content\/uploads\/2023\/07\/Gummaruskerk-8-146x300.jpg 146w, https:\/\/mybonnechance.de\/wp-content\/uploads\/2023\/07\/Gummaruskerk-8-768x1580.jpg 768w, https:\/\/mybonnechance.de\/wp-content\/uploads\/2023\/07\/Gummaruskerk-8-747x1536.jpg 747w, https:\/\/mybonnechance.de\/wp-content\/uploads\/2023\/07\/Gummaruskerk-8-996x2048.jpg 996w, https:\/\/mybonnechance.de\/wp-content\/uploads\/2023\/07\/Gummaruskerk-8-scaled.jpg 1244w\" sizes=\"auto, (max-width: 498px) 100vw, 498px\" \/><\/figure>\n\n\n\n<figure class=\"wp-block-image size-large is-style-default\"><img loading=\"lazy\" decoding=\"async\" width=\"498\" height=\"1024\" data-id=\"7301\" src=\"https:\/\/mybonnechance.de\/wp-content\/uploads\/2023\/07\/Gummaruskerk-9-498x1024.jpg\" alt=\"\" class=\"wp-image-7301\" srcset=\"https:\/\/mybonnechance.de\/wp-content\/uploads\/2023\/07\/Gummaruskerk-9-498x1024.jpg 498w, https:\/\/mybonnechance.de\/wp-content\/uploads\/2023\/07\/Gummaruskerk-9-146x300.jpg 146w, https:\/\/mybonnechance.de\/wp-content\/uploads\/2023\/07\/Gummaruskerk-9-768x1580.jpg 768w, https:\/\/mybonnechance.de\/wp-content\/uploads\/2023\/07\/Gummaruskerk-9-747x1536.jpg 747w, https:\/\/mybonnechance.de\/wp-content\/uploads\/2023\/07\/Gummaruskerk-9-996x2048.jpg 996w, https:\/\/mybonnechance.de\/wp-content\/uploads\/2023\/07\/Gummaruskerk-9-scaled.jpg 1244w\" sizes=\"auto, (max-width: 498px) 100vw, 498px\" \/><\/figure>\n<\/figure>\n\n\n\n<p>Das St\u00e4dtchen hat viele Restaurants und Cafes, wobei die Preise allesamt schon etwas hochpreisiger sind.<\/p>\n\n\n\n<p><strong>Tag 22, Freitag 07 Juli<\/strong><br>Heute unternehmen wir eine sch\u00f6ne Rundtour mit dem Fahrrad nach Bergen op Zoom, die allerdings fast 40 km dauert. Mit dem Schiff dort anzulegen, w\u00e4re nat\u00fcrlich auch gegangen, aber man will sich ja auch mal wieder bewegen \ud83d\ude42 Die Stadt ist wirklich wundersch\u00f6n. Sehr viel Altstadtflair, mit vielen historischen Geb\u00e4uden , H\u00e4usern und Stra\u00dfen. Dreh und Angelpunkt ist unter anderem der <strong>Grote Markt<\/strong>. Dort findet sich wieder diese wunderbare Atmosph\u00e4re, bedingt durch die Au\u00dfengastronomie, die einfach \u00fcberall zu finden ist. Das ist so sch\u00f6n in den Niederlanden. <strong>Am Grote Markt befindet sich das Theater De Maagd, das Rathuis, das \u00e4lteste Hotel der Niedeerlande = Hotel de Draak und die Gerturdiskerk<\/strong>. Die finde ich jetzt nicht so spektakul\u00e4r, aber wir machen uns an den Anstieg der 183 Stufen um von oben auf die Stadt und das Umland zu blicken.<\/p>\n\n\n\n<figure class=\"wp-block-gallery has-nested-images columns-default is-cropped wp-block-gallery-3 is-layout-flex wp-block-gallery-is-layout-flex\">\n<figure class=\"wp-block-image size-large is-style-default\"><img loading=\"lazy\" decoding=\"async\" width=\"1024\" height=\"498\" data-id=\"7304\" src=\"https:\/\/mybonnechance.de\/wp-content\/uploads\/2023\/07\/Groote-Markt-1-1024x498.jpg\" alt=\"\" class=\"wp-image-7304\" srcset=\"https:\/\/mybonnechance.de\/wp-content\/uploads\/2023\/07\/Groote-Markt-1-1024x498.jpg 1024w, https:\/\/mybonnechance.de\/wp-content\/uploads\/2023\/07\/Groote-Markt-1-300x146.jpg 300w, https:\/\/mybonnechance.de\/wp-content\/uploads\/2023\/07\/Groote-Markt-1-768x373.jpg 768w, https:\/\/mybonnechance.de\/wp-content\/uploads\/2023\/07\/Groote-Markt-1-1536x747.jpg 1536w, https:\/\/mybonnechance.de\/wp-content\/uploads\/2023\/07\/Groote-Markt-1-2048x996.jpg 2048w\" sizes=\"auto, (max-width: 767px) 89vw, (max-width: 1000px) 54vw, (max-width: 1071px) 543px, 580px\" \/><\/figure>\n\n\n\n<figure class=\"wp-block-image size-large is-style-default\"><img loading=\"lazy\" decoding=\"async\" width=\"1024\" height=\"498\" data-id=\"7305\" src=\"https:\/\/mybonnechance.de\/wp-content\/uploads\/2023\/07\/Groote-Markt-2-1024x498.jpg\" alt=\"\" class=\"wp-image-7305\" srcset=\"https:\/\/mybonnechance.de\/wp-content\/uploads\/2023\/07\/Groote-Markt-2-1024x498.jpg 1024w, https:\/\/mybonnechance.de\/wp-content\/uploads\/2023\/07\/Groote-Markt-2-300x146.jpg 300w, https:\/\/mybonnechance.de\/wp-content\/uploads\/2023\/07\/Groote-Markt-2-768x373.jpg 768w, https:\/\/mybonnechance.de\/wp-content\/uploads\/2023\/07\/Groote-Markt-2-1536x747.jpg 1536w, https:\/\/mybonnechance.de\/wp-content\/uploads\/2023\/07\/Groote-Markt-2-2048x996.jpg 2048w\" sizes=\"auto, (max-width: 767px) 89vw, (max-width: 1000px) 54vw, (max-width: 1071px) 543px, 580px\" \/><figcaption class=\"wp-element-caption\"><strong>Hotel De Draak<\/strong><\/figcaption><\/figure>\n<\/figure>\n\n\n\n<figure class=\"wp-block-gallery has-nested-images columns-default is-cropped wp-block-gallery-4 is-layout-flex wp-block-gallery-is-layout-flex\">\n<figure class=\"wp-block-image size-large is-style-default\"><img loading=\"lazy\" decoding=\"async\" width=\"498\" height=\"1024\" data-id=\"7308\" src=\"https:\/\/mybonnechance.de\/wp-content\/uploads\/2023\/07\/Gertrudiskerk-1-498x1024.jpg\" alt=\"\" class=\"wp-image-7308\" srcset=\"https:\/\/mybonnechance.de\/wp-content\/uploads\/2023\/07\/Gertrudiskerk-1-498x1024.jpg 498w, https:\/\/mybonnechance.de\/wp-content\/uploads\/2023\/07\/Gertrudiskerk-1-146x300.jpg 146w, https:\/\/mybonnechance.de\/wp-content\/uploads\/2023\/07\/Gertrudiskerk-1-768x1580.jpg 768w, https:\/\/mybonnechance.de\/wp-content\/uploads\/2023\/07\/Gertrudiskerk-1-747x1536.jpg 747w, https:\/\/mybonnechance.de\/wp-content\/uploads\/2023\/07\/Gertrudiskerk-1-996x2048.jpg 996w, https:\/\/mybonnechance.de\/wp-content\/uploads\/2023\/07\/Gertrudiskerk-1-scaled.jpg 1244w\" sizes=\"auto, (max-width: 498px) 100vw, 498px\" \/><figcaption class=\"wp-element-caption\"><strong>St. Gertrudiskerk<\/strong><\/figcaption><\/figure>\n\n\n\n<figure class=\"wp-block-image size-large is-style-default\"><img loading=\"lazy\" decoding=\"async\" width=\"498\" height=\"1024\" data-id=\"7307\" src=\"https:\/\/mybonnechance.de\/wp-content\/uploads\/2023\/07\/Groote-Markt-3-Rathuis-498x1024.jpg\" alt=\"\" class=\"wp-image-7307\" srcset=\"https:\/\/mybonnechance.de\/wp-content\/uploads\/2023\/07\/Groote-Markt-3-Rathuis-498x1024.jpg 498w, https:\/\/mybonnechance.de\/wp-content\/uploads\/2023\/07\/Groote-Markt-3-Rathuis-146x300.jpg 146w, https:\/\/mybonnechance.de\/wp-content\/uploads\/2023\/07\/Groote-Markt-3-Rathuis-768x1580.jpg 768w, https:\/\/mybonnechance.de\/wp-content\/uploads\/2023\/07\/Groote-Markt-3-Rathuis-747x1536.jpg 747w, https:\/\/mybonnechance.de\/wp-content\/uploads\/2023\/07\/Groote-Markt-3-Rathuis-996x2048.jpg 996w, https:\/\/mybonnechance.de\/wp-content\/uploads\/2023\/07\/Groote-Markt-3-Rathuis-scaled.jpg 1244w\" sizes=\"auto, (max-width: 498px) 100vw, 498px\" \/><figcaption class=\"wp-element-caption\"><strong>Rathuis<\/strong><\/figcaption><\/figure>\n\n\n\n<figure class=\"wp-block-image size-large is-style-default\"><img loading=\"lazy\" decoding=\"async\" width=\"498\" height=\"1024\" data-id=\"7306\" src=\"https:\/\/mybonnechance.de\/wp-content\/uploads\/2023\/07\/Groote-Markt-4-Theater-498x1024.jpg\" alt=\"\" class=\"wp-image-7306\" srcset=\"https:\/\/mybonnechance.de\/wp-content\/uploads\/2023\/07\/Groote-Markt-4-Theater-498x1024.jpg 498w, https:\/\/mybonnechance.de\/wp-content\/uploads\/2023\/07\/Groote-Markt-4-Theater-146x300.jpg 146w, https:\/\/mybonnechance.de\/wp-content\/uploads\/2023\/07\/Groote-Markt-4-Theater-768x1580.jpg 768w, https:\/\/mybonnechance.de\/wp-content\/uploads\/2023\/07\/Groote-Markt-4-Theater-747x1536.jpg 747w, https:\/\/mybonnechance.de\/wp-content\/uploads\/2023\/07\/Groote-Markt-4-Theater-996x2048.jpg 996w, https:\/\/mybonnechance.de\/wp-content\/uploads\/2023\/07\/Groote-Markt-4-Theater-scaled.jpg 1244w\" sizes=\"auto, (max-width: 498px) 100vw, 498px\" \/><figcaption class=\"wp-element-caption\"><strong>Theater De Maagd<\/strong><\/figcaption><\/figure>\n<\/figure>\n\n\n\n<p>Weiter ging es zum <strong>Markiezenhof,<\/strong> einem gotischen Stadtpalais. Es geh\u00f6rte den Marktgrafen von Bergen op Zoom und wird heute f\u00fcr Ausstellungen und Veranstaltungen, ebenso wie f\u00fcr Hochzeiten genutzt.<\/p>\n\n\n\n<figure class=\"wp-block-gallery has-nested-images columns-default is-cropped wp-block-gallery-5 is-layout-flex wp-block-gallery-is-layout-flex\">\n<figure class=\"wp-block-image size-large is-style-default\"><img loading=\"lazy\" decoding=\"async\" width=\"498\" height=\"1024\" data-id=\"7322\" src=\"https:\/\/mybonnechance.de\/wp-content\/uploads\/2023\/07\/Mariekzenhof-1-2-498x1024.jpg\" alt=\"\" class=\"wp-image-7322\" srcset=\"https:\/\/mybonnechance.de\/wp-content\/uploads\/2023\/07\/Mariekzenhof-1-2-498x1024.jpg 498w, https:\/\/mybonnechance.de\/wp-content\/uploads\/2023\/07\/Mariekzenhof-1-2-146x300.jpg 146w, https:\/\/mybonnechance.de\/wp-content\/uploads\/2023\/07\/Mariekzenhof-1-2-768x1580.jpg 768w, https:\/\/mybonnechance.de\/wp-content\/uploads\/2023\/07\/Mariekzenhof-1-2-747x1536.jpg 747w, https:\/\/mybonnechance.de\/wp-content\/uploads\/2023\/07\/Mariekzenhof-1-2-996x2048.jpg 996w, https:\/\/mybonnechance.de\/wp-content\/uploads\/2023\/07\/Mariekzenhof-1-2-scaled.jpg 1244w\" sizes=\"auto, (max-width: 498px) 100vw, 498px\" \/><\/figure>\n\n\n\n<figure class=\"wp-block-image size-large is-style-default\"><img loading=\"lazy\" decoding=\"async\" width=\"498\" height=\"1024\" data-id=\"7320\" src=\"https:\/\/mybonnechance.de\/wp-content\/uploads\/2023\/07\/Mariekzenhof-2-2-498x1024.jpg\" alt=\"\" class=\"wp-image-7320\" srcset=\"https:\/\/mybonnechance.de\/wp-content\/uploads\/2023\/07\/Mariekzenhof-2-2-498x1024.jpg 498w, https:\/\/mybonnechance.de\/wp-content\/uploads\/2023\/07\/Mariekzenhof-2-2-146x300.jpg 146w, https:\/\/mybonnechance.de\/wp-content\/uploads\/2023\/07\/Mariekzenhof-2-2-768x1580.jpg 768w, https:\/\/mybonnechance.de\/wp-content\/uploads\/2023\/07\/Mariekzenhof-2-2-747x1536.jpg 747w, https:\/\/mybonnechance.de\/wp-content\/uploads\/2023\/07\/Mariekzenhof-2-2-996x2048.jpg 996w, https:\/\/mybonnechance.de\/wp-content\/uploads\/2023\/07\/Mariekzenhof-2-2-scaled.jpg 1244w\" sizes=\"auto, (max-width: 498px) 100vw, 498px\" \/><\/figure>\n\n\n\n<figure class=\"wp-block-image size-large is-style-default\"><img loading=\"lazy\" decoding=\"async\" width=\"498\" height=\"1024\" data-id=\"7321\" src=\"https:\/\/mybonnechance.de\/wp-content\/uploads\/2023\/07\/Mariekzenhof-4-2-498x1024.jpg\" alt=\"\" class=\"wp-image-7321\" srcset=\"https:\/\/mybonnechance.de\/wp-content\/uploads\/2023\/07\/Mariekzenhof-4-2-498x1024.jpg 498w, https:\/\/mybonnechance.de\/wp-content\/uploads\/2023\/07\/Mariekzenhof-4-2-146x300.jpg 146w, https:\/\/mybonnechance.de\/wp-content\/uploads\/2023\/07\/Mariekzenhof-4-2-768x1580.jpg 768w, https:\/\/mybonnechance.de\/wp-content\/uploads\/2023\/07\/Mariekzenhof-4-2-747x1536.jpg 747w, https:\/\/mybonnechance.de\/wp-content\/uploads\/2023\/07\/Mariekzenhof-4-2-996x2048.jpg 996w, https:\/\/mybonnechance.de\/wp-content\/uploads\/2023\/07\/Mariekzenhof-4-2-scaled.jpg 1244w\" sizes=\"auto, (max-width: 498px) 100vw, 498px\" \/><\/figure>\n<\/figure>\n\n\n\n<p>Und zum Abschlu\u00df noch zum beeindruckenden <strong>Stadtor<\/strong>.<\/p>\n\n\n\n<figure class=\"wp-block-gallery has-nested-images columns-default is-cropped wp-block-gallery-6 is-layout-flex wp-block-gallery-is-layout-flex\">\n<figure class=\"wp-block-image size-large is-style-default\"><img loading=\"lazy\" decoding=\"async\" width=\"498\" height=\"1024\" data-id=\"7461\" src=\"https:\/\/mybonnechance.de\/wp-content\/uploads\/2023\/07\/Stadtor-2-1-498x1024.jpg\" alt=\"\" class=\"wp-image-7461\" srcset=\"https:\/\/mybonnechance.de\/wp-content\/uploads\/2023\/07\/Stadtor-2-1-498x1024.jpg 498w, https:\/\/mybonnechance.de\/wp-content\/uploads\/2023\/07\/Stadtor-2-1-146x300.jpg 146w, https:\/\/mybonnechance.de\/wp-content\/uploads\/2023\/07\/Stadtor-2-1-768x1580.jpg 768w, https:\/\/mybonnechance.de\/wp-content\/uploads\/2023\/07\/Stadtor-2-1-747x1536.jpg 747w, https:\/\/mybonnechance.de\/wp-content\/uploads\/2023\/07\/Stadtor-2-1-996x2048.jpg 996w, https:\/\/mybonnechance.de\/wp-content\/uploads\/2023\/07\/Stadtor-2-1-scaled.jpg 1244w\" sizes=\"auto, (max-width: 498px) 100vw, 498px\" \/><\/figure>\n\n\n\n<figure class=\"wp-block-image size-large is-style-default\"><img loading=\"lazy\" decoding=\"async\" width=\"498\" height=\"1024\" data-id=\"7462\" src=\"https:\/\/mybonnechance.de\/wp-content\/uploads\/2023\/07\/Stadtor-3-1-498x1024.jpg\" alt=\"\" class=\"wp-image-7462\" srcset=\"https:\/\/mybonnechance.de\/wp-content\/uploads\/2023\/07\/Stadtor-3-1-498x1024.jpg 498w, https:\/\/mybonnechance.de\/wp-content\/uploads\/2023\/07\/Stadtor-3-1-146x300.jpg 146w, https:\/\/mybonnechance.de\/wp-content\/uploads\/2023\/07\/Stadtor-3-1-768x1580.jpg 768w, https:\/\/mybonnechance.de\/wp-content\/uploads\/2023\/07\/Stadtor-3-1-747x1536.jpg 747w, https:\/\/mybonnechance.de\/wp-content\/uploads\/2023\/07\/Stadtor-3-1-996x2048.jpg 996w, https:\/\/mybonnechance.de\/wp-content\/uploads\/2023\/07\/Stadtor-3-1-scaled.jpg 1244w\" sizes=\"auto, (max-width: 498px) 100vw, 498px\" \/><\/figure>\n\n\n\n<figure class=\"wp-block-image size-large is-style-default\"><img loading=\"lazy\" decoding=\"async\" width=\"498\" height=\"1024\" data-id=\"7460\" src=\"https:\/\/mybonnechance.de\/wp-content\/uploads\/2023\/07\/Stadtor-4-1-498x1024.jpg\" alt=\"\" class=\"wp-image-7460\" srcset=\"https:\/\/mybonnechance.de\/wp-content\/uploads\/2023\/07\/Stadtor-4-1-498x1024.jpg 498w, https:\/\/mybonnechance.de\/wp-content\/uploads\/2023\/07\/Stadtor-4-1-146x300.jpg 146w, https:\/\/mybonnechance.de\/wp-content\/uploads\/2023\/07\/Stadtor-4-1-768x1580.jpg 768w, https:\/\/mybonnechance.de\/wp-content\/uploads\/2023\/07\/Stadtor-4-1-747x1536.jpg 747w, https:\/\/mybonnechance.de\/wp-content\/uploads\/2023\/07\/Stadtor-4-1-996x2048.jpg 996w, https:\/\/mybonnechance.de\/wp-content\/uploads\/2023\/07\/Stadtor-4-1-scaled.jpg 1244w\" sizes=\"auto, (max-width: 498px) 100vw, 498px\" \/><\/figure>\n<\/figure>\n\n\n","protected":false},"excerpt":{"rendered":"<p>Tag 21, Donnerstag 06 Juli De Heen, Jachthaven de Schapenput &#8211; Steenbergen, Jachthaven 5,5 km \u2013 1 Std. FahrzeitWir kommen heute erst am sp\u00e4ten Vormittag los, da ich noch soviele Geburtstagsw\u00fcnsche entgegen nehme. Das freut mich nat\u00fcrlich und wir haben es ja auch nicht weit bis nach Steenbergen. Die Wasserstra\u00dfe ist weiterhin sehr sch\u00f6n und &hellip; <\/p>\n<p class=\"link-more\"><a href=\"https:\/\/mybonnechance.de\/?page_id=7237\" class=\"more-link\"><span class=\"screen-reader-text\">\u201e2023-13 Steenbergen (Bergen op Zoom)\u201c<\/span> weiterlesen<\/a><\/p>\n","protected":false},"author":1,"featured_media":0,"parent":0,"menu_order":0,"comment_status":"closed","ping_status":"closed","template":"","meta":{"ngg_post_thumbnail":0,"footnotes":""},"class_list":["post-7237","page","type-page","status-publish","hentry"],"_links":{"self":[{"href":"https:\/\/mybonnechance.de\/index.php?rest_route=\/wp\/v2\/pages\/7237","targetHints":{"allow":["GET"]}}],"collection":[{"href":"https:\/\/mybonnechance.de\/index.php?rest_route=\/wp\/v2\/pages"}],"about":[{"href":"https:\/\/mybonnechance.de\/index.php?rest_route=\/wp\/v2\/types\/page"}],"author":[{"embeddable":true,"href":"https:\/\/mybonnechance.de\/index.php?rest_route=\/wp\/v2\/users\/1"}],"replies":[{"embeddable":true,"href":"https:\/\/mybonnechance.de\/index.php?rest_route=%2Fwp%2Fv2%2Fcomments&post=7237"}],"version-history":[{"count":8,"href":"https:\/\/mybonnechance.de\/index.php?rest_route=\/wp\/v2\/pages\/7237\/revisions"}],"predecessor-version":[{"id":7463,"href":"https:\/\/mybonnechance.de\/index.php?rest_route=\/wp\/v2\/pages\/7237\/revisions\/7463"}],"wp:attachment":[{"href":"https:\/\/mybonnechance.de\/index.php?rest_route=%2Fwp%2Fv2%2Fmedia&parent=7237"}],"curies":[{"name":"wp","href":"https:\/\/api.w.org\/{rel}","templated":true}]}}