{"id":7347,"date":"2023-07-16T12:58:21","date_gmt":"2023-07-16T12:58:21","guid":{"rendered":"https:\/\/mybonnechance.de\/?page_id=7347"},"modified":"2023-07-23T19:03:38","modified_gmt":"2023-07-23T19:03:38","slug":"2023-15-tholen","status":"publish","type":"page","link":"https:\/\/mybonnechance.de\/?page_id=7347","title":{"rendered":"2023-15 Tholen"},"content":{"rendered":"\n<p><strong>Tag 25, Montag 10 Juli<\/strong> <strong>  Anleger Steenbergse Vliet<\/strong> <strong>&#8211; Tholen, WSV de Kogge<\/strong><br>20 km \u2013 1 Schleuse &#8211; 2,4 Std. Fahrzeit<br>Wir fahren \u00fcber den<strong> Schelde Rijnkanaal<\/strong>. Meine Bedenken bez\u00fcglich der Berufsschiffer zerschl\u00e4gt sich bereits nach kurzer Zeit. Der landschaftlich sch\u00f6ne Kanal hat zwar Betrieb, ist aber trotzdem ruhig und entspannt zu fahren. <\/p>\n\n\n\n<figure class=\"wp-block-image size-large is-style-default\"><img loading=\"lazy\" decoding=\"async\" width=\"1024\" height=\"498\" src=\"https:\/\/mybonnechance.de\/wp-content\/uploads\/2023\/07\/20230710_093757-1024x498.jpg\" alt=\"\" class=\"wp-image-7363\" srcset=\"https:\/\/mybonnechance.de\/wp-content\/uploads\/2023\/07\/20230710_093757-1024x498.jpg 1024w, https:\/\/mybonnechance.de\/wp-content\/uploads\/2023\/07\/20230710_093757-300x146.jpg 300w, https:\/\/mybonnechance.de\/wp-content\/uploads\/2023\/07\/20230710_093757-768x373.jpg 768w, https:\/\/mybonnechance.de\/wp-content\/uploads\/2023\/07\/20230710_093757-1536x747.jpg 1536w, https:\/\/mybonnechance.de\/wp-content\/uploads\/2023\/07\/20230710_093757-2048x996.jpg 2048w\" sizes=\"auto, (max-width: 767px) 89vw, (max-width: 1000px) 54vw, (max-width: 1071px) 543px, 580px\" \/><figcaption class=\"wp-element-caption\"><strong>Schelde Rijnkanaal<\/strong><\/figcaption><\/figure>\n\n\n\n<p>Nach 2,5 h erreichen wir den <strong>WSV de Kogge in Tholen<\/strong>. Auch hier bedeutet gr\u00fcne Box = frei. Als wir noch suchen, legt gerade ein Schiff ab, so da\u00df wir in einer freien Doppelbox bequem anlegen k\u00f6nnen. Der Hafen liegt nett, wenn es auch keine Stadt gibt. Ein kleines Einkaufszenrum mit AH, Gall&amp;Gall, Kruidvaart und einer Apotheke gibt es in ca. 1 km Entfernung. <\/p>\n\n\n\n<div class=\"wp-block-columns is-layout-flex wp-container-core-columns-is-layout-9d6595d7 wp-block-columns-is-layout-flex\">\n<div class=\"wp-block-column is-layout-flow wp-block-column-is-layout-flow\" style=\"flex-basis:25%\">\n<figure class=\"wp-block-image size-large is-style-default\"><img loading=\"lazy\" decoding=\"async\" width=\"498\" height=\"1024\" src=\"https:\/\/mybonnechance.de\/wp-content\/uploads\/2023\/07\/Hafen-3-498x1024.jpg\" alt=\"\" class=\"wp-image-7364\" srcset=\"https:\/\/mybonnechance.de\/wp-content\/uploads\/2023\/07\/Hafen-3-498x1024.jpg 498w, https:\/\/mybonnechance.de\/wp-content\/uploads\/2023\/07\/Hafen-3-146x300.jpg 146w, https:\/\/mybonnechance.de\/wp-content\/uploads\/2023\/07\/Hafen-3-768x1580.jpg 768w, https:\/\/mybonnechance.de\/wp-content\/uploads\/2023\/07\/Hafen-3-747x1536.jpg 747w, https:\/\/mybonnechance.de\/wp-content\/uploads\/2023\/07\/Hafen-3-996x2048.jpg 996w, https:\/\/mybonnechance.de\/wp-content\/uploads\/2023\/07\/Hafen-3-scaled.jpg 1244w\" sizes=\"auto, (max-width: 498px) 100vw, 498px\" \/><\/figure>\n<\/div>\n\n\n\n<div class=\"wp-block-column is-layout-flow wp-block-column-is-layout-flow\" style=\"flex-basis:50%\">\n<figure class=\"wp-block-image size-large is-style-default\"><img loading=\"lazy\" decoding=\"async\" width=\"1024\" height=\"498\" src=\"https:\/\/mybonnechance.de\/wp-content\/uploads\/2023\/07\/Hafen-2-1024x498.jpg\" alt=\"\" class=\"wp-image-7365\" srcset=\"https:\/\/mybonnechance.de\/wp-content\/uploads\/2023\/07\/Hafen-2-1024x498.jpg 1024w, https:\/\/mybonnechance.de\/wp-content\/uploads\/2023\/07\/Hafen-2-300x146.jpg 300w, https:\/\/mybonnechance.de\/wp-content\/uploads\/2023\/07\/Hafen-2-768x373.jpg 768w, https:\/\/mybonnechance.de\/wp-content\/uploads\/2023\/07\/Hafen-2-1536x747.jpg 1536w, https:\/\/mybonnechance.de\/wp-content\/uploads\/2023\/07\/Hafen-2-2048x996.jpg 2048w\" sizes=\"auto, (max-width: 767px) 89vw, (max-width: 1000px) 54vw, (max-width: 1071px) 543px, 580px\" \/><\/figure>\n<\/div>\n\n\n\n<div class=\"wp-block-column is-layout-flow wp-block-column-is-layout-flow\" style=\"flex-basis:25%\">\n<figure class=\"wp-block-image size-large is-style-default\"><img loading=\"lazy\" decoding=\"async\" width=\"498\" height=\"1024\" src=\"https:\/\/mybonnechance.de\/wp-content\/uploads\/2023\/07\/Hafen-4-2-498x1024.jpg\" alt=\"\" class=\"wp-image-7366\" srcset=\"https:\/\/mybonnechance.de\/wp-content\/uploads\/2023\/07\/Hafen-4-2-498x1024.jpg 498w, https:\/\/mybonnechance.de\/wp-content\/uploads\/2023\/07\/Hafen-4-2-146x300.jpg 146w, https:\/\/mybonnechance.de\/wp-content\/uploads\/2023\/07\/Hafen-4-2-768x1580.jpg 768w, https:\/\/mybonnechance.de\/wp-content\/uploads\/2023\/07\/Hafen-4-2-747x1536.jpg 747w, https:\/\/mybonnechance.de\/wp-content\/uploads\/2023\/07\/Hafen-4-2-996x2048.jpg 996w, https:\/\/mybonnechance.de\/wp-content\/uploads\/2023\/07\/Hafen-4-2-scaled.jpg 1244w\" sizes=\"auto, (max-width: 498px) 100vw, 498px\" \/><\/figure>\n<\/div>\n<\/div>\n\n\n\n<p><strong>Tag 26, Dienstag 11 Juli<\/strong> <strong>  Tholen<\/strong> <strong>(Radtour nach St. Philipsland + Oude Vossemeer)<\/strong><br>Heute machen wir mal eine Radtour \u00fcber die Insel bis rauf nach <strong>St. Philipsburg<\/strong>. Da ist ja mal gar nichts los &#x2639;. Unterwegs genehmigen wir uns Apeltaart und Eis in<strong> Oud Vossemer<\/strong>. Dort gibt es das <strong>Roosevelt Informationszentrum<\/strong>. Die Familie Roosevelt kommt urspr\u00fcnglich von der Insel Tholen und ist im 17. Jh. nach den USA ausgewandert. <\/p>\n\n\n\n<div class=\"wp-block-columns is-layout-flex wp-container-core-columns-is-layout-9d6595d7 wp-block-columns-is-layout-flex\">\n<div class=\"wp-block-column is-layout-flow wp-block-column-is-layout-flow\" style=\"flex-basis:25%\">\n<figure class=\"wp-block-image size-large is-style-default\"><img loading=\"lazy\" decoding=\"async\" width=\"498\" height=\"1024\" src=\"https:\/\/mybonnechance.de\/wp-content\/uploads\/2023\/07\/St.-Philipsland-498x1024.jpg\" alt=\"\" class=\"wp-image-7367\" srcset=\"https:\/\/mybonnechance.de\/wp-content\/uploads\/2023\/07\/St.-Philipsland-498x1024.jpg 498w, https:\/\/mybonnechance.de\/wp-content\/uploads\/2023\/07\/St.-Philipsland-146x300.jpg 146w, https:\/\/mybonnechance.de\/wp-content\/uploads\/2023\/07\/St.-Philipsland-768x1580.jpg 768w, https:\/\/mybonnechance.de\/wp-content\/uploads\/2023\/07\/St.-Philipsland-747x1536.jpg 747w, https:\/\/mybonnechance.de\/wp-content\/uploads\/2023\/07\/St.-Philipsland-996x2048.jpg 996w, https:\/\/mybonnechance.de\/wp-content\/uploads\/2023\/07\/St.-Philipsland-scaled.jpg 1244w\" sizes=\"auto, (max-width: 498px) 100vw, 498px\" \/><figcaption class=\"wp-element-caption\"><strong>St. Philipsland<\/strong><\/figcaption><\/figure>\n<\/div>\n\n\n\n<div class=\"wp-block-column is-layout-flow wp-block-column-is-layout-flow\" style=\"flex-basis:50%\">\n<figure class=\"wp-block-image size-large is-style-default\"><img loading=\"lazy\" decoding=\"async\" width=\"1024\" height=\"498\" src=\"https:\/\/mybonnechance.de\/wp-content\/uploads\/2023\/07\/Oud-Vossemeer-Franklin-Museum-1024x498.jpg\" alt=\"\" class=\"wp-image-7368\" srcset=\"https:\/\/mybonnechance.de\/wp-content\/uploads\/2023\/07\/Oud-Vossemeer-Franklin-Museum-1024x498.jpg 1024w, https:\/\/mybonnechance.de\/wp-content\/uploads\/2023\/07\/Oud-Vossemeer-Franklin-Museum-300x146.jpg 300w, https:\/\/mybonnechance.de\/wp-content\/uploads\/2023\/07\/Oud-Vossemeer-Franklin-Museum-768x373.jpg 768w, https:\/\/mybonnechance.de\/wp-content\/uploads\/2023\/07\/Oud-Vossemeer-Franklin-Museum-1536x747.jpg 1536w, https:\/\/mybonnechance.de\/wp-content\/uploads\/2023\/07\/Oud-Vossemeer-Franklin-Museum-2048x996.jpg 2048w\" sizes=\"auto, (max-width: 767px) 89vw, (max-width: 1000px) 54vw, (max-width: 1071px) 543px, 580px\" \/><figcaption class=\"wp-element-caption\"><strong>Franklin Informationszentrum in Oud Vossemeer<\/strong><\/figcaption><\/figure>\n\n\n\n<p><\/p>\n\n\n\n<p>Unterwegs nehmen Wind und Bew\u00f6lkung zu und wir machen uns auf den R\u00fcckweg<\/p>\n\n\n\n<p><\/p>\n<\/div>\n\n\n\n<div class=\"wp-block-column is-layout-flow wp-block-column-is-layout-flow\" style=\"flex-basis:25%\">\n<figure class=\"wp-block-image size-large is-style-default\"><img loading=\"lazy\" decoding=\"async\" width=\"498\" height=\"1024\" src=\"https:\/\/mybonnechance.de\/wp-content\/uploads\/2023\/07\/Oud-Vossemeer-Pferde-beschlagen-498x1024.jpg\" alt=\"\" class=\"wp-image-7369\" srcset=\"https:\/\/mybonnechance.de\/wp-content\/uploads\/2023\/07\/Oud-Vossemeer-Pferde-beschlagen-498x1024.jpg 498w, https:\/\/mybonnechance.de\/wp-content\/uploads\/2023\/07\/Oud-Vossemeer-Pferde-beschlagen-146x300.jpg 146w, https:\/\/mybonnechance.de\/wp-content\/uploads\/2023\/07\/Oud-Vossemeer-Pferde-beschlagen-768x1580.jpg 768w, https:\/\/mybonnechance.de\/wp-content\/uploads\/2023\/07\/Oud-Vossemeer-Pferde-beschlagen-747x1536.jpg 747w, https:\/\/mybonnechance.de\/wp-content\/uploads\/2023\/07\/Oud-Vossemeer-Pferde-beschlagen-996x2048.jpg 996w, https:\/\/mybonnechance.de\/wp-content\/uploads\/2023\/07\/Oud-Vossemeer-Pferde-beschlagen-scaled.jpg 1244w\" sizes=\"auto, (max-width: 498px) 100vw, 498px\" \/><figcaption class=\"wp-element-caption\"><strong>Oud Vossemeer, da wurden fr\u00fcher die Pferde beschlagen<\/strong><\/figcaption><\/figure>\n<\/div>\n<\/div>\n\n\n\n<p><strong>Tag 27 + 28 , Mittwoch + Donnerstag 12 + 13 Juli<\/strong>     <br>Am Mittwoch hat die Bergsediepsluis Reperaturarbeiten und am Donnerstag ist es so windig (in Boen bis 7 ), das wir beschlie\u00dfen lieber im gesch\u00fctzten Hafen zu bleiben. Wir haben ja schlie\u00dflich keinen Zeitdruck  \ud83d\ude42<\/p>\n\n\n","protected":false},"excerpt":{"rendered":"<p>Tag 25, Montag 10 Juli Anleger Steenbergse Vliet &#8211; Tholen, WSV de Kogge20 km \u2013 1 Schleuse &#8211; 2,4 Std. FahrzeitWir fahren \u00fcber den Schelde Rijnkanaal. Meine Bedenken bez\u00fcglich der Berufsschiffer zerschl\u00e4gt sich bereits nach kurzer Zeit. Der landschaftlich sch\u00f6ne Kanal hat zwar Betrieb, ist aber trotzdem ruhig und entspannt zu fahren. Nach 2,5 h &hellip; <\/p>\n<p class=\"link-more\"><a href=\"https:\/\/mybonnechance.de\/?page_id=7347\" class=\"more-link\"><span class=\"screen-reader-text\">\u201e2023-15 Tholen\u201c<\/span> weiterlesen<\/a><\/p>\n","protected":false},"author":1,"featured_media":0,"parent":0,"menu_order":0,"comment_status":"closed","ping_status":"closed","template":"","meta":{"ngg_post_thumbnail":0,"footnotes":""},"class_list":["post-7347","page","type-page","status-publish","hentry"],"_links":{"self":[{"href":"https:\/\/mybonnechance.de\/index.php?rest_route=\/wp\/v2\/pages\/7347","targetHints":{"allow":["GET"]}}],"collection":[{"href":"https:\/\/mybonnechance.de\/index.php?rest_route=\/wp\/v2\/pages"}],"about":[{"href":"https:\/\/mybonnechance.de\/index.php?rest_route=\/wp\/v2\/types\/page"}],"author":[{"embeddable":true,"href":"https:\/\/mybonnechance.de\/index.php?rest_route=\/wp\/v2\/users\/1"}],"replies":[{"embeddable":true,"href":"https:\/\/mybonnechance.de\/index.php?rest_route=%2Fwp%2Fv2%2Fcomments&post=7347"}],"version-history":[{"count":5,"href":"https:\/\/mybonnechance.de\/index.php?rest_route=\/wp\/v2\/pages\/7347\/revisions"}],"predecessor-version":[{"id":7465,"href":"https:\/\/mybonnechance.de\/index.php?rest_route=\/wp\/v2\/pages\/7347\/revisions\/7465"}],"wp:attachment":[{"href":"https:\/\/mybonnechance.de\/index.php?rest_route=%2Fwp%2Fv2%2Fmedia&parent=7347"}],"curies":[{"name":"wp","href":"https:\/\/api.w.org\/{rel}","templated":true}]}}