{"id":7413,"date":"2023-07-23T12:42:56","date_gmt":"2023-07-23T12:42:56","guid":{"rendered":"https:\/\/mybonnechance.de\/?page_id=7413"},"modified":"2023-07-31T08:45:33","modified_gmt":"2023-07-31T08:45:33","slug":"2023-17-spieringplaat","status":"publish","type":"page","link":"https:\/\/mybonnechance.de\/?page_id=7413","title":{"rendered":"2023-17 Insel Spieringplaat"},"content":{"rendered":"\n<p><strong>Tag 32, Montag 17 Juli<\/strong>  <strong>Goes, Stadthaven<\/strong> &#8211; <strong>Insel Spieringplaat, Verse Meer<\/strong><br>26 km \u2013 2 Schleuse \u2013 3 bewegl. Br\u00fccken \u2013 3,75 Std. Fahrzeit<br>Mit dem Hafenmeister sprechen wir ab, wann wir durch die beiden Stadtbr\u00fccken durchfahren k\u00f6nnen. Am Ende bilden wir einen Konvoi von 8 Schiffen, die auch alle in der <strong>Schleuse Goese Sas<\/strong> zum Gl\u00fcck Platz finden. Es sieht so aus, als w\u00fcrde doch langsam die Urlaubszeit losgehen. Es handelt sich allerding zumeist um Belgier und Niederl\u00e4nder, Deutsche Eigner sind eher selten anzutreffen.<\/p>\n\n\n\n<figure class=\"wp-block-image size-large is-style-default\"><img loading=\"lazy\" decoding=\"async\" width=\"1024\" height=\"498\" src=\"https:\/\/mybonnechance.de\/wp-content\/uploads\/2023\/07\/20230717_094037-1024x498.jpg\" alt=\"\" class=\"wp-image-7423\" srcset=\"https:\/\/mybonnechance.de\/wp-content\/uploads\/2023\/07\/20230717_094037-1024x498.jpg 1024w, https:\/\/mybonnechance.de\/wp-content\/uploads\/2023\/07\/20230717_094037-300x146.jpg 300w, https:\/\/mybonnechance.de\/wp-content\/uploads\/2023\/07\/20230717_094037-768x373.jpg 768w, https:\/\/mybonnechance.de\/wp-content\/uploads\/2023\/07\/20230717_094037-1536x747.jpg 1536w, https:\/\/mybonnechance.de\/wp-content\/uploads\/2023\/07\/20230717_094037-2048x996.jpg 2048w\" sizes=\"auto, (max-width: 767px) 89vw, (max-width: 1000px) 54vw, (max-width: 1071px) 543px, 580px\" \/><figcaption class=\"wp-element-caption\"><strong>Sluis Goese Sas<\/strong><\/figcaption><\/figure>\n\n\n\n<p> Als wir zur <strong>Zandkreeksluis<\/strong> kommen, wundern wir uns, da\u00df alle auf der Backborseite festmachen &#8211; wir nat\u00fcrlich auf der Steuerbordseite, da dort freie Auswahl. Hinterher wissen wir den Grund: es ist sehr strudelig. Unser Ziel ist eine Insel, die wir von unserer Reise 2019 kennen und hoffen, wir finden sie wieder. Da wir damals noch keine App hatten, kannten wir den Namen nicht. Jetzt sind wir schlauer: <strong>Spieringplaat<\/strong>. Auf der Oosterschelde hat sich   der Windf\u00f6n wieder stark gemeldet, im Veerese Meer ist die Fahrt zum Gl\u00fcck etwas ruhiger bis kurz vorm Anlegeman\u00f6ver. Die etwas gesch\u00fctzteren Pl\u00e4tze sind bereits belegt und so m\u00fcssen wir an einem Einzelsteg festmachen, an dem auch noch keiner liegt, der uns helfen k\u00f6nnte. Wir schaffen es unter verst\u00e4rktem Einsatz unserer Bug- und Heckschraube.<\/p>\n\n\n\n<div class=\"wp-block-columns is-layout-flex wp-container-core-columns-is-layout-9d6595d7 wp-block-columns-is-layout-flex\">\n<div class=\"wp-block-column is-layout-flow wp-block-column-is-layout-flow\">\n<figure class=\"wp-block-image size-large is-style-default\"><img loading=\"lazy\" decoding=\"async\" width=\"498\" height=\"1024\" src=\"https:\/\/mybonnechance.de\/wp-content\/uploads\/2023\/07\/20230717_164454-498x1024.jpg\" alt=\"\" class=\"wp-image-7426\" srcset=\"https:\/\/mybonnechance.de\/wp-content\/uploads\/2023\/07\/20230717_164454-498x1024.jpg 498w, https:\/\/mybonnechance.de\/wp-content\/uploads\/2023\/07\/20230717_164454-146x300.jpg 146w, https:\/\/mybonnechance.de\/wp-content\/uploads\/2023\/07\/20230717_164454-768x1580.jpg 768w, https:\/\/mybonnechance.de\/wp-content\/uploads\/2023\/07\/20230717_164454-747x1536.jpg 747w, https:\/\/mybonnechance.de\/wp-content\/uploads\/2023\/07\/20230717_164454-996x2048.jpg 996w, https:\/\/mybonnechance.de\/wp-content\/uploads\/2023\/07\/20230717_164454-scaled.jpg 1244w\" sizes=\"auto, (max-width: 498px) 100vw, 498px\" \/><\/figure>\n<\/div>\n\n\n\n<div class=\"wp-block-column is-layout-flow wp-block-column-is-layout-flow\">\n<figure class=\"wp-block-image size-large is-style-default\"><img loading=\"lazy\" decoding=\"async\" width=\"498\" height=\"1024\" src=\"https:\/\/mybonnechance.de\/wp-content\/uploads\/2023\/07\/20230717_165121-498x1024.jpg\" alt=\"\" class=\"wp-image-7427\" srcset=\"https:\/\/mybonnechance.de\/wp-content\/uploads\/2023\/07\/20230717_165121-498x1024.jpg 498w, https:\/\/mybonnechance.de\/wp-content\/uploads\/2023\/07\/20230717_165121-146x300.jpg 146w, https:\/\/mybonnechance.de\/wp-content\/uploads\/2023\/07\/20230717_165121-768x1580.jpg 768w, https:\/\/mybonnechance.de\/wp-content\/uploads\/2023\/07\/20230717_165121-747x1536.jpg 747w, https:\/\/mybonnechance.de\/wp-content\/uploads\/2023\/07\/20230717_165121-996x2048.jpg 996w, https:\/\/mybonnechance.de\/wp-content\/uploads\/2023\/07\/20230717_165121-scaled.jpg 1244w\" sizes=\"auto, (max-width: 498px) 100vw, 498px\" \/><figcaption class=\"wp-element-caption\"><strong>Die M\u00f6we wei\u00df aber, was sich geh\u00f6ret<\/strong><\/figcaption><\/figure>\n<\/div>\n<\/div>\n\n\n\n<figure class=\"wp-block-image size-large is-style-default\"><img loading=\"lazy\" decoding=\"async\" width=\"1024\" height=\"498\" src=\"https:\/\/mybonnechance.de\/wp-content\/uploads\/2023\/07\/20230721_104932-1024x498.jpg\" alt=\"\" class=\"wp-image-7430\" srcset=\"https:\/\/mybonnechance.de\/wp-content\/uploads\/2023\/07\/20230721_104932-1024x498.jpg 1024w, https:\/\/mybonnechance.de\/wp-content\/uploads\/2023\/07\/20230721_104932-300x146.jpg 300w, https:\/\/mybonnechance.de\/wp-content\/uploads\/2023\/07\/20230721_104932-768x373.jpg 768w, https:\/\/mybonnechance.de\/wp-content\/uploads\/2023\/07\/20230721_104932-1536x747.jpg 1536w, https:\/\/mybonnechance.de\/wp-content\/uploads\/2023\/07\/20230721_104932-2048x996.jpg 2048w\" sizes=\"auto, (max-width: 767px) 89vw, (max-width: 1000px) 54vw, (max-width: 1071px) 543px, 580px\" \/><\/figure>\n\n\n\n<p><strong>Tag 33 &#8211; 35, Dienstag 17 Juli<\/strong> <strong>&#8211; Donnerstag 20 Juli<\/strong><br>Am n\u00e4chsten Tag machen wir einen Ausflug mit dem Schlauchboot zur gegen\u00fcberliegenden Insel <strong>Langeplaat<\/strong>. Da ist bedeutend mehr los, da es in dieser Bucht viel mehr Anleger gibt. Die Landschaft um den Inseln ist sehr sch\u00f6n.<\/p>\n\n\n\n<figure class=\"wp-block-gallery has-nested-images columns-default is-cropped wp-block-gallery-1 is-layout-flex wp-block-gallery-is-layout-flex\">\n<figure class=\"wp-block-image size-large is-style-default\"><img loading=\"lazy\" decoding=\"async\" width=\"1024\" height=\"768\" data-id=\"7434\" src=\"https:\/\/mybonnechance.de\/wp-content\/uploads\/2023\/07\/20230718_130441-1-1024x768.jpg\" alt=\"\" class=\"wp-image-7434\" srcset=\"https:\/\/mybonnechance.de\/wp-content\/uploads\/2023\/07\/20230718_130441-1-1024x768.jpg 1024w, https:\/\/mybonnechance.de\/wp-content\/uploads\/2023\/07\/20230718_130441-1-300x225.jpg 300w, https:\/\/mybonnechance.de\/wp-content\/uploads\/2023\/07\/20230718_130441-1-768x576.jpg 768w, https:\/\/mybonnechance.de\/wp-content\/uploads\/2023\/07\/20230718_130441-1-1536x1152.jpg 1536w, https:\/\/mybonnechance.de\/wp-content\/uploads\/2023\/07\/20230718_130441-1-2048x1536.jpg 2048w\" sizes=\"auto, (max-width: 767px) 89vw, (max-width: 1000px) 54vw, (max-width: 1071px) 543px, 580px\" \/><\/figure>\n\n\n\n<figure class=\"wp-block-image size-large is-style-default\"><img loading=\"lazy\" decoding=\"async\" width=\"1024\" height=\"498\" data-id=\"7435\" src=\"https:\/\/mybonnechance.de\/wp-content\/uploads\/2023\/07\/20230718_131526-1024x498.jpg\" alt=\"\" class=\"wp-image-7435\" srcset=\"https:\/\/mybonnechance.de\/wp-content\/uploads\/2023\/07\/20230718_131526-1024x498.jpg 1024w, https:\/\/mybonnechance.de\/wp-content\/uploads\/2023\/07\/20230718_131526-300x146.jpg 300w, https:\/\/mybonnechance.de\/wp-content\/uploads\/2023\/07\/20230718_131526-768x373.jpg 768w, https:\/\/mybonnechance.de\/wp-content\/uploads\/2023\/07\/20230718_131526-1536x747.jpg 1536w, https:\/\/mybonnechance.de\/wp-content\/uploads\/2023\/07\/20230718_131526-2048x996.jpg 2048w\" sizes=\"auto, (max-width: 767px) 89vw, (max-width: 1000px) 54vw, (max-width: 1071px) 543px, 580px\" \/><\/figure>\n<\/figure>\n\n\n\n<figure class=\"wp-block-gallery has-nested-images columns-default is-cropped wp-block-gallery-2 is-layout-flex wp-block-gallery-is-layout-flex\">\n<figure class=\"wp-block-image size-large is-style-default\"><img loading=\"lazy\" decoding=\"async\" width=\"498\" height=\"1024\" data-id=\"7432\" src=\"https:\/\/mybonnechance.de\/wp-content\/uploads\/2023\/07\/20230718_130935-498x1024.jpg\" alt=\"\" class=\"wp-image-7432\" srcset=\"https:\/\/mybonnechance.de\/wp-content\/uploads\/2023\/07\/20230718_130935-498x1024.jpg 498w, https:\/\/mybonnechance.de\/wp-content\/uploads\/2023\/07\/20230718_130935-146x300.jpg 146w, https:\/\/mybonnechance.de\/wp-content\/uploads\/2023\/07\/20230718_130935-768x1580.jpg 768w, https:\/\/mybonnechance.de\/wp-content\/uploads\/2023\/07\/20230718_130935-747x1536.jpg 747w, https:\/\/mybonnechance.de\/wp-content\/uploads\/2023\/07\/20230718_130935-996x2048.jpg 996w, https:\/\/mybonnechance.de\/wp-content\/uploads\/2023\/07\/20230718_130935-scaled.jpg 1244w\" sizes=\"auto, (max-width: 498px) 100vw, 498px\" \/><\/figure>\n\n\n\n<figure class=\"wp-block-image size-large is-style-default\"><img loading=\"lazy\" decoding=\"async\" width=\"498\" height=\"1024\" data-id=\"7433\" src=\"https:\/\/mybonnechance.de\/wp-content\/uploads\/2023\/07\/20230718_131233-498x1024.jpg\" alt=\"\" class=\"wp-image-7433\" srcset=\"https:\/\/mybonnechance.de\/wp-content\/uploads\/2023\/07\/20230718_131233-498x1024.jpg 498w, https:\/\/mybonnechance.de\/wp-content\/uploads\/2023\/07\/20230718_131233-146x300.jpg 146w, https:\/\/mybonnechance.de\/wp-content\/uploads\/2023\/07\/20230718_131233-768x1580.jpg 768w, https:\/\/mybonnechance.de\/wp-content\/uploads\/2023\/07\/20230718_131233-747x1536.jpg 747w, https:\/\/mybonnechance.de\/wp-content\/uploads\/2023\/07\/20230718_131233-996x2048.jpg 996w, https:\/\/mybonnechance.de\/wp-content\/uploads\/2023\/07\/20230718_131233-scaled.jpg 1244w\" sizes=\"auto, (max-width: 498px) 100vw, 498px\" \/><\/figure>\n<\/figure>\n\n\n\n<p>Wir liegen hier wirklich traumhaft sch\u00f6n, nur das das Wetter einfach nicht mitspielt. Zwischen im Bikin auf dem Vordeck chillen und im Sweater rumlaufen haben wir alles in diesen Tagen. Bin eigentlich auch froh, da\u00df es nicht zu hei\u00df ist, denn auch hier sind wieder die wei\u00dfen Quallen in Menge vorhanden.<\/p>\n\n\n","protected":false},"excerpt":{"rendered":"<p>Tag 32, Montag 17 Juli Goes, Stadthaven &#8211; Insel Spieringplaat, Verse Meer26 km \u2013 2 Schleuse \u2013 3 bewegl. Br\u00fccken \u2013 3,75 Std. FahrzeitMit dem Hafenmeister sprechen wir ab, wann wir durch die beiden Stadtbr\u00fccken durchfahren k\u00f6nnen. Am Ende bilden wir einen Konvoi von 8 Schiffen, die auch alle in der Schleuse Goese Sas zum &hellip; <\/p>\n<p class=\"link-more\"><a href=\"https:\/\/mybonnechance.de\/?page_id=7413\" class=\"more-link\"><span class=\"screen-reader-text\">\u201e2023-17 Insel Spieringplaat\u201c<\/span> weiterlesen<\/a><\/p>\n","protected":false},"author":1,"featured_media":0,"parent":0,"menu_order":0,"comment_status":"closed","ping_status":"closed","template":"","meta":{"ngg_post_thumbnail":0,"footnotes":""},"class_list":["post-7413","page","type-page","status-publish","hentry"],"_links":{"self":[{"href":"https:\/\/mybonnechance.de\/index.php?rest_route=\/wp\/v2\/pages\/7413","targetHints":{"allow":["GET"]}}],"collection":[{"href":"https:\/\/mybonnechance.de\/index.php?rest_route=\/wp\/v2\/pages"}],"about":[{"href":"https:\/\/mybonnechance.de\/index.php?rest_route=\/wp\/v2\/types\/page"}],"author":[{"embeddable":true,"href":"https:\/\/mybonnechance.de\/index.php?rest_route=\/wp\/v2\/users\/1"}],"replies":[{"embeddable":true,"href":"https:\/\/mybonnechance.de\/index.php?rest_route=%2Fwp%2Fv2%2Fcomments&post=7413"}],"version-history":[{"count":9,"href":"https:\/\/mybonnechance.de\/index.php?rest_route=\/wp\/v2\/pages\/7413\/revisions"}],"predecessor-version":[{"id":7529,"href":"https:\/\/mybonnechance.de\/index.php?rest_route=\/wp\/v2\/pages\/7413\/revisions\/7529"}],"wp:attachment":[{"href":"https:\/\/mybonnechance.de\/index.php?rest_route=%2Fwp%2Fv2%2Fmedia&parent=7413"}],"curies":[{"name":"wp","href":"https:\/\/api.w.org\/{rel}","templated":true}]}}