{"id":7415,"date":"2023-07-23T12:44:24","date_gmt":"2023-07-23T12:44:24","guid":{"rendered":"https:\/\/mybonnechance.de\/?page_id=7415"},"modified":"2023-07-30T15:50:16","modified_gmt":"2023-07-30T15:50:16","slug":"2023-18-kamperland","status":"publish","type":"page","link":"https:\/\/mybonnechance.de\/?page_id=7415","title":{"rendered":"2023-18 Kamperland"},"content":{"rendered":"\n<p><strong>Tag 36, Freitag 21 Juli<\/strong>  <strong>Insel Spieringplaat (Veerse Meer)<\/strong> <strong>&#8211; Kamperland, Marina<\/strong><br>9 km \u2013 1,2 Std. Fahrzeit<br>Auf dem Weg nach Kamperland sehen wir noch viele Insel bzw. Anleger.  Leider wird das Wetter auch in den n\u00e4chsten Tagen nicht besser. Also erst mal in die Marina Kamperland. Ein sehr sch\u00f6ner und ruhiger Hafen. Es gibt leider kein St\u00e4dtchen, nicht mal eine Dorfstrasse, aber zumindestens ein paar Restaurants.<\/p>\n\n\n\n<figure class=\"wp-block-image size-large is-style-default\"><img loading=\"lazy\" decoding=\"async\" width=\"1024\" height=\"498\" src=\"https:\/\/mybonnechance.de\/wp-content\/uploads\/2023\/07\/20230721_182628-1024x498.jpg\" alt=\"\" class=\"wp-image-7442\" srcset=\"https:\/\/mybonnechance.de\/wp-content\/uploads\/2023\/07\/20230721_182628-1024x498.jpg 1024w, https:\/\/mybonnechance.de\/wp-content\/uploads\/2023\/07\/20230721_182628-300x146.jpg 300w, https:\/\/mybonnechance.de\/wp-content\/uploads\/2023\/07\/20230721_182628-768x373.jpg 768w, https:\/\/mybonnechance.de\/wp-content\/uploads\/2023\/07\/20230721_182628-1536x747.jpg 1536w, https:\/\/mybonnechance.de\/wp-content\/uploads\/2023\/07\/20230721_182628-2048x996.jpg 2048w\" sizes=\"auto, (max-width: 767px) 89vw, (max-width: 1000px) 54vw, (max-width: 1071px) 543px, 580px\" \/><figcaption class=\"wp-element-caption\"><strong>Marina Kamperland<\/strong><\/figcaption><\/figure>\n\n\n\n<p><strong>Tag 37 + Tag 38, Samstag 22 Juli + Sonntag 23 Juli<\/strong>   <br>Am Samstag machen wir mit dem Fahrrad eine Inselrundtour \u00fcber Noord Beverland  von 58 km<\/p>\n\n\n\n<figure class=\"wp-block-gallery has-nested-images columns-default is-cropped wp-block-gallery-1 is-layout-flex wp-block-gallery-is-layout-flex\">\n<figure class=\"wp-block-image size-large is-style-default\"><img loading=\"lazy\" decoding=\"async\" width=\"1024\" height=\"727\" data-id=\"7447\" src=\"https:\/\/mybonnechance.de\/wp-content\/uploads\/2023\/07\/Radtour-Noor-Beveland_1-1024x727.jpg\" alt=\"\" class=\"wp-image-7447\" srcset=\"https:\/\/mybonnechance.de\/wp-content\/uploads\/2023\/07\/Radtour-Noor-Beveland_1-1024x727.jpg 1024w, https:\/\/mybonnechance.de\/wp-content\/uploads\/2023\/07\/Radtour-Noor-Beveland_1-300x213.jpg 300w, https:\/\/mybonnechance.de\/wp-content\/uploads\/2023\/07\/Radtour-Noor-Beveland_1-768x545.jpg 768w, https:\/\/mybonnechance.de\/wp-content\/uploads\/2023\/07\/Radtour-Noor-Beveland_1.jpg 1035w\" sizes=\"auto, (max-width: 767px) 89vw, (max-width: 1000px) 54vw, (max-width: 1071px) 543px, 580px\" \/><\/figure>\n<\/figure>\n\n\n\n<p>Die H\u00e4fen von der <strong>Marina Roompot <\/strong>und <strong>Colijnsplaat<\/strong> sind sehr sch\u00f6n, mit eigenem Strand. Beide H\u00e4fen liegen ziemlich offen zur Oosteschelde und k\u00f6nnten bei schlechtem Wetter auch etwas ungesch\u00fctzt liegen. Roompot&#8217;s Hafen hat auch etwas Infrastruktur, da es dort auch Ferienwohnungen gibt. Ansonsten gibt es in beiden H\u00e4fen kein Dorf oder Einkaufsm\u00f6glichkeiten. <strong>Kortgene<\/strong> hat ein kleines Dorfzentrum und eine sehr gro\u00dfe Marina, f\u00fcr meinen Geschmack etwas ungem\u00fctlich. <strong>Kats<\/strong> hat einen sehr kleinen Hafen, der ebenfalls offen zur Schelde liegt.<\/p>\n\n\n\n<figure class=\"wp-block-image size-large is-style-default\"><img loading=\"lazy\" decoding=\"async\" width=\"1024\" height=\"498\" src=\"https:\/\/mybonnechance.de\/wp-content\/uploads\/2023\/07\/Hafen-Kats-1024x498.jpg\" alt=\"\" class=\"wp-image-7455\" srcset=\"https:\/\/mybonnechance.de\/wp-content\/uploads\/2023\/07\/Hafen-Kats-1024x498.jpg 1024w, https:\/\/mybonnechance.de\/wp-content\/uploads\/2023\/07\/Hafen-Kats-300x146.jpg 300w, https:\/\/mybonnechance.de\/wp-content\/uploads\/2023\/07\/Hafen-Kats-768x373.jpg 768w, https:\/\/mybonnechance.de\/wp-content\/uploads\/2023\/07\/Hafen-Kats-1536x747.jpg 1536w, https:\/\/mybonnechance.de\/wp-content\/uploads\/2023\/07\/Hafen-Kats-2048x996.jpg 2048w\" sizes=\"auto, (max-width: 767px) 89vw, (max-width: 1000px) 54vw, (max-width: 1071px) 543px, 580px\" \/><figcaption class=\"wp-element-caption\"><strong>Hafen von Kats<\/strong><\/figcaption><\/figure>\n\n\n","protected":false},"excerpt":{"rendered":"<p>Tag 36, Freitag 21 Juli Insel Spieringplaat (Veerse Meer) &#8211; Kamperland, Marina9 km \u2013 1,2 Std. FahrzeitAuf dem Weg nach Kamperland sehen wir noch viele Insel bzw. Anleger. Leider wird das Wetter auch in den n\u00e4chsten Tagen nicht besser. Also erst mal in die Marina Kamperland. Ein sehr sch\u00f6ner und ruhiger Hafen. Es gibt leider &hellip; <\/p>\n<p class=\"link-more\"><a href=\"https:\/\/mybonnechance.de\/?page_id=7415\" class=\"more-link\"><span class=\"screen-reader-text\">\u201e2023-18 Kamperland\u201c<\/span> weiterlesen<\/a><\/p>\n","protected":false},"author":1,"featured_media":0,"parent":0,"menu_order":0,"comment_status":"closed","ping_status":"closed","template":"","meta":{"ngg_post_thumbnail":0,"footnotes":""},"class_list":["post-7415","page","type-page","status-publish","hentry"],"_links":{"self":[{"href":"https:\/\/mybonnechance.de\/index.php?rest_route=\/wp\/v2\/pages\/7415","targetHints":{"allow":["GET"]}}],"collection":[{"href":"https:\/\/mybonnechance.de\/index.php?rest_route=\/wp\/v2\/pages"}],"about":[{"href":"https:\/\/mybonnechance.de\/index.php?rest_route=\/wp\/v2\/types\/page"}],"author":[{"embeddable":true,"href":"https:\/\/mybonnechance.de\/index.php?rest_route=\/wp\/v2\/users\/1"}],"replies":[{"embeddable":true,"href":"https:\/\/mybonnechance.de\/index.php?rest_route=%2Fwp%2Fv2%2Fcomments&post=7415"}],"version-history":[{"count":11,"href":"https:\/\/mybonnechance.de\/index.php?rest_route=\/wp\/v2\/pages\/7415\/revisions"}],"predecessor-version":[{"id":7473,"href":"https:\/\/mybonnechance.de\/index.php?rest_route=\/wp\/v2\/pages\/7415\/revisions\/7473"}],"wp:attachment":[{"href":"https:\/\/mybonnechance.de\/index.php?rest_route=%2Fwp%2Fv2%2Fmedia&parent=7415"}],"curies":[{"name":"wp","href":"https:\/\/api.w.org\/{rel}","templated":true}]}}