{"id":7480,"date":"2023-07-30T15:57:23","date_gmt":"2023-07-30T15:57:23","guid":{"rendered":"https:\/\/mybonnechance.de\/?page_id=7480"},"modified":"2023-07-31T08:43:36","modified_gmt":"2023-07-31T08:43:36","slug":"2023-20-middelburg","status":"publish","type":"page","link":"https:\/\/mybonnechance.de\/?page_id=7480","title":{"rendered":"2023-20 Middelburg"},"content":{"rendered":"\n<p><strong>Tag 43, Feitag 28 Juli<\/strong> <strong>  Insel Mossleplaat, Verse Meer<\/strong> <strong>&#8211; Middelburg, WV Arne<\/strong><br><em>9,5 km \u2013 1 Schleuse &#8211; 1 bewegl. Br\u00fccke &#8211; 2,25 Std. Fahrzeit<\/em><br>Die <strong>Veere Schleuse<\/strong> macht gerade vor uns dicht. Wie sich rausstellt, ist die Schleuse auch nicht besonders gro\u00df. Wir machen auf der Backbordseite an Seilen fest. Es  gibt dort etwas  Str\u00f6mung bedingt durch hereinstr\u00f6mendes Wasser. <br>Vor dem <strong>Hafen WV Arne<\/strong> in Middelburg gibt es die <strong>Spijkerbrug<\/strong>, die der Hafenmeister nur jede Std.  aufmacht. Es sieht ziemlich voll aus, aber wir haben Gl\u00fcck und k\u00f6nnen an der Kaimauer als erstes festmachen. Das war uns wichtig, damit wir die Fahrr\u00e4der runterholen k\u00f6nnen. Gegen\u00fcber sind nur Boxen ohne Stege. Nat\u00fcrlich bleiben wir nicht lange alleine, in Spitzenzeiten lagen noch 3 Schiffe neben uns.<\/p>\n\n\n\n<figure class=\"wp-block-image size-large is-style-default\"><img loading=\"lazy\" decoding=\"async\" width=\"1024\" height=\"498\" src=\"https:\/\/mybonnechance.de\/wp-content\/uploads\/2023\/07\/Hafen-1-1-1024x498.jpg\" alt=\"\" class=\"wp-image-7503\" srcset=\"https:\/\/mybonnechance.de\/wp-content\/uploads\/2023\/07\/Hafen-1-1-1024x498.jpg 1024w, https:\/\/mybonnechance.de\/wp-content\/uploads\/2023\/07\/Hafen-1-1-300x146.jpg 300w, https:\/\/mybonnechance.de\/wp-content\/uploads\/2023\/07\/Hafen-1-1-768x373.jpg 768w, https:\/\/mybonnechance.de\/wp-content\/uploads\/2023\/07\/Hafen-1-1-1536x747.jpg 1536w, https:\/\/mybonnechance.de\/wp-content\/uploads\/2023\/07\/Hafen-1-1-2048x996.jpg 2048w\" sizes=\"auto, (max-width: 767px) 89vw, (max-width: 1000px) 54vw, (max-width: 1071px) 543px, 580px\" \/><\/figure>\n\n\n\n<p><strong>Middelburg<\/strong> ist die Hauptstadt von Zeeland und eine attraktive Stadt mit verwinkelten Gassen, herrschaftlichen Grachtenh\u00e4usern, einer sch\u00f6nen Abtei und einem sp\u00e4tgotischen Rathaus. Dessen Bauzeit dauerte fast 100 Jahre und wurde von f\u00fcnf Generationen einer Architektenfamilie durchgef\u00fchrt .Zudem gibt es noch 1200 denkmalgesch\u00fctzte Geb\u00e4ude.<\/p>\n\n\n\n<figure class=\"wp-block-image size-large is-style-default\"><img loading=\"lazy\" decoding=\"async\" width=\"1024\" height=\"498\" src=\"https:\/\/mybonnechance.de\/wp-content\/uploads\/2023\/07\/Rathuis-1-1024x498.jpg\" alt=\"\" class=\"wp-image-7504\" srcset=\"https:\/\/mybonnechance.de\/wp-content\/uploads\/2023\/07\/Rathuis-1-1024x498.jpg 1024w, https:\/\/mybonnechance.de\/wp-content\/uploads\/2023\/07\/Rathuis-1-300x146.jpg 300w, https:\/\/mybonnechance.de\/wp-content\/uploads\/2023\/07\/Rathuis-1-768x373.jpg 768w, https:\/\/mybonnechance.de\/wp-content\/uploads\/2023\/07\/Rathuis-1-1536x747.jpg 1536w, https:\/\/mybonnechance.de\/wp-content\/uploads\/2023\/07\/Rathuis-1-2048x996.jpg 2048w\" sizes=\"auto, (max-width: 767px) 89vw, (max-width: 1000px) 54vw, (max-width: 1071px) 543px, 580px\" \/><figcaption class=\"wp-element-caption\"><strong>Rathaus<\/strong><\/figcaption><\/figure>\n\n\n\n<div class=\"wp-block-columns is-layout-flex wp-container-core-columns-is-layout-9d6595d7 wp-block-columns-is-layout-flex\">\n<div class=\"wp-block-column is-layout-flow wp-block-column-is-layout-flow\">\n<figure class=\"wp-block-image size-large is-style-default\"><img loading=\"lazy\" decoding=\"async\" width=\"498\" height=\"1024\" src=\"https:\/\/mybonnechance.de\/wp-content\/uploads\/2023\/07\/Abtei-2-498x1024.jpg\" alt=\"\" class=\"wp-image-7507\" srcset=\"https:\/\/mybonnechance.de\/wp-content\/uploads\/2023\/07\/Abtei-2-498x1024.jpg 498w, https:\/\/mybonnechance.de\/wp-content\/uploads\/2023\/07\/Abtei-2-146x300.jpg 146w, https:\/\/mybonnechance.de\/wp-content\/uploads\/2023\/07\/Abtei-2-768x1580.jpg 768w, https:\/\/mybonnechance.de\/wp-content\/uploads\/2023\/07\/Abtei-2-747x1536.jpg 747w, https:\/\/mybonnechance.de\/wp-content\/uploads\/2023\/07\/Abtei-2-996x2048.jpg 996w, https:\/\/mybonnechance.de\/wp-content\/uploads\/2023\/07\/Abtei-2-scaled.jpg 1244w\" sizes=\"auto, (max-width: 498px) 100vw, 498px\" \/><figcaption class=\"wp-element-caption\"><strong>Die Abtei<\/strong><\/figcaption><\/figure>\n<\/div>\n\n\n\n<div class=\"wp-block-column is-layout-flow wp-block-column-is-layout-flow\">\n<figure class=\"wp-block-image size-large is-style-default\"><img loading=\"lazy\" decoding=\"async\" width=\"498\" height=\"1024\" src=\"https:\/\/mybonnechance.de\/wp-content\/uploads\/2023\/07\/Abtei-4-498x1024.jpg\" alt=\"\" class=\"wp-image-7506\" srcset=\"https:\/\/mybonnechance.de\/wp-content\/uploads\/2023\/07\/Abtei-4-498x1024.jpg 498w, https:\/\/mybonnechance.de\/wp-content\/uploads\/2023\/07\/Abtei-4-146x300.jpg 146w, https:\/\/mybonnechance.de\/wp-content\/uploads\/2023\/07\/Abtei-4-768x1580.jpg 768w, https:\/\/mybonnechance.de\/wp-content\/uploads\/2023\/07\/Abtei-4-747x1536.jpg 747w, https:\/\/mybonnechance.de\/wp-content\/uploads\/2023\/07\/Abtei-4-996x2048.jpg 996w, https:\/\/mybonnechance.de\/wp-content\/uploads\/2023\/07\/Abtei-4-scaled.jpg 1244w\" sizes=\"auto, (max-width: 498px) 100vw, 498px\" \/><figcaption class=\"wp-element-caption\"><strong>Kr\u00e4utergarten<\/strong><\/figcaption><\/figure>\n<\/div>\n\n\n\n<div class=\"wp-block-column is-layout-flow wp-block-column-is-layout-flow\">\n<figure class=\"wp-block-image size-large is-style-default\"><img loading=\"lazy\" decoding=\"async\" width=\"498\" height=\"1024\" src=\"https:\/\/mybonnechance.de\/wp-content\/uploads\/2023\/07\/Abtei_Lange-Jan-1-498x1024.jpg\" alt=\"\" class=\"wp-image-7505\" srcset=\"https:\/\/mybonnechance.de\/wp-content\/uploads\/2023\/07\/Abtei_Lange-Jan-1-498x1024.jpg 498w, https:\/\/mybonnechance.de\/wp-content\/uploads\/2023\/07\/Abtei_Lange-Jan-1-146x300.jpg 146w, https:\/\/mybonnechance.de\/wp-content\/uploads\/2023\/07\/Abtei_Lange-Jan-1-768x1580.jpg 768w, https:\/\/mybonnechance.de\/wp-content\/uploads\/2023\/07\/Abtei_Lange-Jan-1-747x1536.jpg 747w, https:\/\/mybonnechance.de\/wp-content\/uploads\/2023\/07\/Abtei_Lange-Jan-1-996x2048.jpg 996w, https:\/\/mybonnechance.de\/wp-content\/uploads\/2023\/07\/Abtei_Lange-Jan-1-scaled.jpg 1244w\" sizes=\"auto, (max-width: 498px) 100vw, 498px\" \/><figcaption class=\"wp-element-caption\"><strong>Der Lange Jan<\/strong><\/figcaption><\/figure>\n<\/div>\n<\/div>\n\n\n\n<p>In der Stadt gibt es einen kleinen Lebensmittelladen Spar. In ca. 20 min. fu\u00dfl\u00e4ufig ist ein Einkaufszentrum mit einem gro\u00dfen AH. <\/p>\n\n\n\n<div class=\"wp-block-columns is-layout-flex wp-container-core-columns-is-layout-9d6595d7 wp-block-columns-is-layout-flex\">\n<div class=\"wp-block-column is-layout-flow wp-block-column-is-layout-flow\">\n<figure class=\"wp-block-image size-large is-style-default\"><img loading=\"lazy\" decoding=\"async\" width=\"747\" height=\"1024\" src=\"https:\/\/mybonnechance.de\/wp-content\/uploads\/2023\/07\/20230731_100931-2-747x1024.jpg\" alt=\"\" class=\"wp-image-7519\" srcset=\"https:\/\/mybonnechance.de\/wp-content\/uploads\/2023\/07\/20230731_100931-2-747x1024.jpg 747w, https:\/\/mybonnechance.de\/wp-content\/uploads\/2023\/07\/20230731_100931-2-219x300.jpg 219w, https:\/\/mybonnechance.de\/wp-content\/uploads\/2023\/07\/20230731_100931-2-768x1053.jpg 768w, https:\/\/mybonnechance.de\/wp-content\/uploads\/2023\/07\/20230731_100931-2-1120x1536.jpg 1120w, https:\/\/mybonnechance.de\/wp-content\/uploads\/2023\/07\/20230731_100931-2.jpg 1448w\" sizes=\"auto, (max-width: 706px) 89vw, (max-width: 767px) 82vw, 740px\" \/><\/figure>\n<\/div>\n\n\n\n<div class=\"wp-block-column is-layout-flow wp-block-column-is-layout-flow\">\n<p><\/p>\n\n\n\n<p><\/p>\n\n\n\n<p>Empfehlenswert zum Essen ist das Vereinslokal des WV Arne <strong>&#8222;De Kemel&#8220; <\/strong>.<br><\/p>\n\n\n\n<p>Befindet sich gegen\u00fcber vom Hafenb\u00fcro<\/p>\n\n\n\n<p><\/p>\n<\/div>\n<\/div>\n\n\n\n<p><strong>Tag 44 &#8211; Tag 45 , Samstag 29 Juli<\/strong> <strong>&#8211; Sonntag 30. Juli<\/strong><br>Das Wetter bleibt leider unbest\u00e4ndig und ist ein Wechsel zwischen bew\u00f6lkt, sonnig und immer wieder Regenschauer. Wir haben die geplante Fahrradtour von Samstag auf Sonntag verschoben, was allerdings ein Fehler war. Samstag kam am Nachmittag pl\u00f6tzlich die Sonne raus, daf\u00fcr war der vorhergesagte sonnige Sonntag bew\u00f6lkt mit Windb\u00f6en bis 6 Bf. Aber wir haben unsere geplante Rundtour tapfer durchgestanden.<\/p>\n\n\n\n<div class=\"wp-block-columns is-layout-flex wp-container-core-columns-is-layout-9d6595d7 wp-block-columns-is-layout-flex\">\n<div class=\"wp-block-column is-layout-flow wp-block-column-is-layout-flow\">\n<figure class=\"wp-block-image size-large is-style-default\"><img loading=\"lazy\" decoding=\"async\" width=\"992\" height=\"1024\" src=\"https:\/\/mybonnechance.de\/wp-content\/uploads\/2023\/07\/1-Fahrradtour-992x1024.jpg\" alt=\"\" class=\"wp-image-7514\" srcset=\"https:\/\/mybonnechance.de\/wp-content\/uploads\/2023\/07\/1-Fahrradtour-992x1024.jpg 992w, https:\/\/mybonnechance.de\/wp-content\/uploads\/2023\/07\/1-Fahrradtour-291x300.jpg 291w, https:\/\/mybonnechance.de\/wp-content\/uploads\/2023\/07\/1-Fahrradtour-768x793.jpg 768w, https:\/\/mybonnechance.de\/wp-content\/uploads\/2023\/07\/1-Fahrradtour.jpg 1048w\" sizes=\"auto, (max-width: 767px) 89vw, (max-width: 1000px) 54vw, (max-width: 1071px) 543px, 580px\" \/><\/figure>\n\n\n\n<p><strong>Fahrradtour<\/strong><\/p>\n\n\n\n<p><strong>Duinenhotel in Zoutelande<\/strong><\/p>\n\n\n\n<p><strong>Und September an der Nordsee \ud83d\ude42<\/strong><\/p>\n<\/div>\n\n\n\n<div class=\"wp-block-column is-layout-flow wp-block-column-is-layout-flow\">\n<figure class=\"wp-block-image size-large is-style-default\"><img loading=\"lazy\" decoding=\"async\" width=\"498\" height=\"1024\" src=\"https:\/\/mybonnechance.de\/wp-content\/uploads\/2023\/07\/20230730_123825-1-498x1024.jpg\" alt=\"\" class=\"wp-image-7515\" srcset=\"https:\/\/mybonnechance.de\/wp-content\/uploads\/2023\/07\/20230730_123825-1-498x1024.jpg 498w, https:\/\/mybonnechance.de\/wp-content\/uploads\/2023\/07\/20230730_123825-1-146x300.jpg 146w, https:\/\/mybonnechance.de\/wp-content\/uploads\/2023\/07\/20230730_123825-1-768x1580.jpg 768w, https:\/\/mybonnechance.de\/wp-content\/uploads\/2023\/07\/20230730_123825-1-747x1536.jpg 747w, https:\/\/mybonnechance.de\/wp-content\/uploads\/2023\/07\/20230730_123825-1-996x2048.jpg 996w, https:\/\/mybonnechance.de\/wp-content\/uploads\/2023\/07\/20230730_123825-1-scaled.jpg 1244w\" sizes=\"auto, (max-width: 498px) 100vw, 498px\" \/><\/figure>\n<\/div>\n\n\n\n<div class=\"wp-block-column is-layout-flow wp-block-column-is-layout-flow\">\n<figure class=\"wp-block-image size-large is-style-default\"><img loading=\"lazy\" decoding=\"async\" width=\"498\" height=\"1024\" src=\"https:\/\/mybonnechance.de\/wp-content\/uploads\/2023\/07\/20230730_125201-498x1024.jpg\" alt=\"\" class=\"wp-image-7516\" srcset=\"https:\/\/mybonnechance.de\/wp-content\/uploads\/2023\/07\/20230730_125201-498x1024.jpg 498w, https:\/\/mybonnechance.de\/wp-content\/uploads\/2023\/07\/20230730_125201-146x300.jpg 146w, https:\/\/mybonnechance.de\/wp-content\/uploads\/2023\/07\/20230730_125201-768x1580.jpg 768w, https:\/\/mybonnechance.de\/wp-content\/uploads\/2023\/07\/20230730_125201-747x1536.jpg 747w, https:\/\/mybonnechance.de\/wp-content\/uploads\/2023\/07\/20230730_125201-996x2048.jpg 996w, https:\/\/mybonnechance.de\/wp-content\/uploads\/2023\/07\/20230730_125201-scaled.jpg 1244w\" sizes=\"auto, (max-width: 498px) 100vw, 498px\" \/><\/figure>\n<\/div>\n<\/div>\n\n\n\n<div class=\"wp-block-columns is-layout-flex wp-container-core-columns-is-layout-9d6595d7 wp-block-columns-is-layout-flex\">\n<div class=\"wp-block-column is-layout-flow wp-block-column-is-layout-flow\">\n<figure class=\"wp-block-image size-large is-style-default\"><img loading=\"lazy\" decoding=\"async\" width=\"498\" height=\"1024\" src=\"https:\/\/mybonnechance.de\/wp-content\/uploads\/2023\/07\/20230730_132355-498x1024.jpg\" alt=\"\" class=\"wp-image-7520\" srcset=\"https:\/\/mybonnechance.de\/wp-content\/uploads\/2023\/07\/20230730_132355-498x1024.jpg 498w, https:\/\/mybonnechance.de\/wp-content\/uploads\/2023\/07\/20230730_132355-146x300.jpg 146w, https:\/\/mybonnechance.de\/wp-content\/uploads\/2023\/07\/20230730_132355-768x1580.jpg 768w, https:\/\/mybonnechance.de\/wp-content\/uploads\/2023\/07\/20230730_132355-747x1536.jpg 747w, https:\/\/mybonnechance.de\/wp-content\/uploads\/2023\/07\/20230730_132355-996x2048.jpg 996w, https:\/\/mybonnechance.de\/wp-content\/uploads\/2023\/07\/20230730_132355-scaled.jpg 1244w\" sizes=\"auto, (max-width: 498px) 100vw, 498px\" \/><figcaption class=\"wp-element-caption\"><strong>Leuchturm Westkapelle<\/strong><\/figcaption><\/figure>\n<\/div>\n\n\n\n<div class=\"wp-block-column is-layout-flow wp-block-column-is-layout-flow\">\n<figure class=\"wp-block-image size-large is-style-default\"><img loading=\"lazy\" decoding=\"async\" width=\"498\" height=\"1024\" src=\"https:\/\/mybonnechance.de\/wp-content\/uploads\/2023\/07\/20230730_150328-498x1024.jpg\" alt=\"\" class=\"wp-image-7521\" srcset=\"https:\/\/mybonnechance.de\/wp-content\/uploads\/2023\/07\/20230730_150328-498x1024.jpg 498w, https:\/\/mybonnechance.de\/wp-content\/uploads\/2023\/07\/20230730_150328-146x300.jpg 146w, https:\/\/mybonnechance.de\/wp-content\/uploads\/2023\/07\/20230730_150328-768x1580.jpg 768w, https:\/\/mybonnechance.de\/wp-content\/uploads\/2023\/07\/20230730_150328-747x1536.jpg 747w, https:\/\/mybonnechance.de\/wp-content\/uploads\/2023\/07\/20230730_150328-996x2048.jpg 996w, https:\/\/mybonnechance.de\/wp-content\/uploads\/2023\/07\/20230730_150328-scaled.jpg 1244w\" sizes=\"auto, (max-width: 498px) 100vw, 498px\" \/><figcaption class=\"wp-element-caption\"><strong>In Domburg ist es richtig voll<\/strong><\/figcaption><\/figure>\n<\/div>\n\n\n\n<div class=\"wp-block-column is-layout-flow wp-block-column-is-layout-flow\">\n<figure class=\"wp-block-image size-large is-style-default\"><img loading=\"lazy\" decoding=\"async\" width=\"498\" height=\"1024\" src=\"https:\/\/mybonnechance.de\/wp-content\/uploads\/2023\/07\/Hafen-11-498x1024.jpg\" alt=\"\" class=\"wp-image-7522\" srcset=\"https:\/\/mybonnechance.de\/wp-content\/uploads\/2023\/07\/Hafen-11-498x1024.jpg 498w, https:\/\/mybonnechance.de\/wp-content\/uploads\/2023\/07\/Hafen-11-146x300.jpg 146w, https:\/\/mybonnechance.de\/wp-content\/uploads\/2023\/07\/Hafen-11-768x1580.jpg 768w, https:\/\/mybonnechance.de\/wp-content\/uploads\/2023\/07\/Hafen-11-747x1536.jpg 747w, https:\/\/mybonnechance.de\/wp-content\/uploads\/2023\/07\/Hafen-11-996x2048.jpg 996w, https:\/\/mybonnechance.de\/wp-content\/uploads\/2023\/07\/Hafen-11-scaled.jpg 1244w\" sizes=\"auto, (max-width: 498px) 100vw, 498px\" \/><figcaption class=\"wp-element-caption\"><strong>Nach unserer R\u00fcckkehr haben wir drei Segler im P\u00e4ckchen<\/strong><\/figcaption><\/figure>\n<\/div>\n<\/div>\n\n\n","protected":false},"excerpt":{"rendered":"<p>Tag 43, Feitag 28 Juli Insel Mossleplaat, Verse Meer &#8211; Middelburg, WV Arne9,5 km \u2013 1 Schleuse &#8211; 1 bewegl. Br\u00fccke &#8211; 2,25 Std. FahrzeitDie Veere Schleuse macht gerade vor uns dicht. Wie sich rausstellt, ist die Schleuse auch nicht besonders gro\u00df. Wir machen auf der Backbordseite an Seilen fest. Es gibt dort etwas Str\u00f6mung &hellip; <\/p>\n<p class=\"link-more\"><a href=\"https:\/\/mybonnechance.de\/?page_id=7480\" class=\"more-link\"><span class=\"screen-reader-text\">\u201e2023-20 Middelburg\u201c<\/span> weiterlesen<\/a><\/p>\n","protected":false},"author":1,"featured_media":0,"parent":0,"menu_order":0,"comment_status":"closed","ping_status":"closed","template":"","meta":{"ngg_post_thumbnail":0,"footnotes":""},"class_list":["post-7480","page","type-page","status-publish","hentry"],"_links":{"self":[{"href":"https:\/\/mybonnechance.de\/index.php?rest_route=\/wp\/v2\/pages\/7480","targetHints":{"allow":["GET"]}}],"collection":[{"href":"https:\/\/mybonnechance.de\/index.php?rest_route=\/wp\/v2\/pages"}],"about":[{"href":"https:\/\/mybonnechance.de\/index.php?rest_route=\/wp\/v2\/types\/page"}],"author":[{"embeddable":true,"href":"https:\/\/mybonnechance.de\/index.php?rest_route=\/wp\/v2\/users\/1"}],"replies":[{"embeddable":true,"href":"https:\/\/mybonnechance.de\/index.php?rest_route=%2Fwp%2Fv2%2Fcomments&post=7480"}],"version-history":[{"count":8,"href":"https:\/\/mybonnechance.de\/index.php?rest_route=\/wp\/v2\/pages\/7480\/revisions"}],"predecessor-version":[{"id":7528,"href":"https:\/\/mybonnechance.de\/index.php?rest_route=\/wp\/v2\/pages\/7480\/revisions\/7528"}],"wp:attachment":[{"href":"https:\/\/mybonnechance.de\/index.php?rest_route=%2Fwp%2Fv2%2Fmedia&parent=7480"}],"curies":[{"name":"wp","href":"https:\/\/api.w.org\/{rel}","templated":true}]}}