{"id":7535,"date":"2023-08-11T14:19:00","date_gmt":"2023-08-11T14:19:00","guid":{"rendered":"https:\/\/mybonnechance.de\/?page_id=7535"},"modified":"2023-08-11T14:58:03","modified_gmt":"2023-08-11T14:58:03","slug":"2023-21-schutteplaat","status":"publish","type":"page","link":"https:\/\/mybonnechance.de\/?page_id=7535","title":{"rendered":"2023-21 Schutteplaat"},"content":{"rendered":"\n<p><strong>Tag 46, Montag 31 Juli<\/strong> <strong> Middelburg, WV Arne &#8211;  Verse Meer, Insel Schutteplaat<\/strong><br><em>8,8 km \u2013 1 Schleuse \u2013 1 bewegl. Br\u00fccke \u2013 1,1 Std. Fahrzeit<\/em><br>Leider m\u00fcssen wir auf Grund der Wetterlage unseren Plan nach Vlissingen zu fahren verwerfen. Die n\u00e4chsten 14 Tage wird es einfach nicht besser und bei dem Wetter \u00fcber die Westerschelde wird sicher nicht so ein Vergn\u00fcgen sein. Also zur\u00fcck ins Veerse Meer. Dabei ist zu beahten, da\u00df die Spijkerbrug nur immer zur vollen Stunde \u00f6ffnet. Nach<br>1 h sind wir wieder an unserer Insel Mosselplaat, machen aber diesmal gegen\u00fcber an der Insel Schutteplaat fest. Die Idee, dass wir da gesch\u00fctzter liegen, stellt sich allerdings als Irrtum heraus. Es regnet tats\u00e4chlich den ganzen Tag durch bis wir ins Bett gehen und der Wind bleibt unver\u00e4ndert heftig.<\/p>\n\n\n\n<figure class=\"wp-block-image size-large is-style-default\"><img loading=\"lazy\" decoding=\"async\" width=\"1024\" height=\"498\" src=\"https:\/\/mybonnechance.de\/wp-content\/uploads\/2023\/08\/20230731_193527-1024x498.jpg\" alt=\"\" class=\"wp-image-7551\" srcset=\"https:\/\/mybonnechance.de\/wp-content\/uploads\/2023\/08\/20230731_193527-1024x498.jpg 1024w, https:\/\/mybonnechance.de\/wp-content\/uploads\/2023\/08\/20230731_193527-300x146.jpg 300w, https:\/\/mybonnechance.de\/wp-content\/uploads\/2023\/08\/20230731_193527-768x373.jpg 768w, https:\/\/mybonnechance.de\/wp-content\/uploads\/2023\/08\/20230731_193527-1536x747.jpg 1536w, https:\/\/mybonnechance.de\/wp-content\/uploads\/2023\/08\/20230731_193527-2048x996.jpg 2048w\" sizes=\"auto, (max-width: 767px) 89vw, (max-width: 1000px) 54vw, (max-width: 1071px) 543px, 580px\" \/><\/figure>\n\n\n\n<p><strong>Tag 47 &#8211; Tag 49,  Dienstag 01.08 &#8211; Donnerstag 03.08<\/strong><br>Am Dienstag l\u00e4\u00dft sich mal wieder die Sonne blicken, so das wir endlich mal Gelegnheit zu einem Inselrungang haben. Die Pfadpfinder sind auch wieder drau\u00dfen.<\/p>\n\n\n\n<div class=\"wp-block-columns is-layout-flex wp-container-core-columns-is-layout-9d6595d7 wp-block-columns-is-layout-flex\">\n<div class=\"wp-block-column is-layout-flow wp-block-column-is-layout-flow\">\n<figure class=\"wp-block-image size-large is-style-default\"><img loading=\"lazy\" decoding=\"async\" width=\"498\" height=\"1024\" src=\"https:\/\/mybonnechance.de\/wp-content\/uploads\/2023\/08\/20230801_145213-498x1024.jpg\" alt=\"\" class=\"wp-image-7553\" srcset=\"https:\/\/mybonnechance.de\/wp-content\/uploads\/2023\/08\/20230801_145213-498x1024.jpg 498w, https:\/\/mybonnechance.de\/wp-content\/uploads\/2023\/08\/20230801_145213-146x300.jpg 146w, https:\/\/mybonnechance.de\/wp-content\/uploads\/2023\/08\/20230801_145213-768x1580.jpg 768w, https:\/\/mybonnechance.de\/wp-content\/uploads\/2023\/08\/20230801_145213-747x1536.jpg 747w, https:\/\/mybonnechance.de\/wp-content\/uploads\/2023\/08\/20230801_145213-996x2048.jpg 996w, https:\/\/mybonnechance.de\/wp-content\/uploads\/2023\/08\/20230801_145213-scaled.jpg 1244w\" sizes=\"auto, (max-width: 498px) 100vw, 498px\" \/><\/figure>\n<\/div>\n\n\n\n<div class=\"wp-block-column is-layout-flow wp-block-column-is-layout-flow\">\n<figure class=\"wp-block-image size-large is-style-default\"><img loading=\"lazy\" decoding=\"async\" width=\"498\" height=\"1024\" src=\"https:\/\/mybonnechance.de\/wp-content\/uploads\/2023\/08\/20230801_144745-498x1024.jpg\" alt=\"\" class=\"wp-image-7554\" srcset=\"https:\/\/mybonnechance.de\/wp-content\/uploads\/2023\/08\/20230801_144745-498x1024.jpg 498w, https:\/\/mybonnechance.de\/wp-content\/uploads\/2023\/08\/20230801_144745-146x300.jpg 146w, https:\/\/mybonnechance.de\/wp-content\/uploads\/2023\/08\/20230801_144745-768x1580.jpg 768w, https:\/\/mybonnechance.de\/wp-content\/uploads\/2023\/08\/20230801_144745-747x1536.jpg 747w, https:\/\/mybonnechance.de\/wp-content\/uploads\/2023\/08\/20230801_144745-996x2048.jpg 996w, https:\/\/mybonnechance.de\/wp-content\/uploads\/2023\/08\/20230801_144745-scaled.jpg 1244w\" sizes=\"auto, (max-width: 498px) 100vw, 498px\" \/><\/figure>\n<\/div>\n<\/div>\n\n\n\n<p>Die n\u00e4chsten 2 Tage gibt es daf\u00fcr wieder heftige Regenschauer. Vor Allem bleibt der Wind unver\u00e4ndert zwischen 4 &#8211; 6 Bf. Also sch\u00f6n an der Insel abwettern und sich die Zeit vertreiben mit Reperaturarbeiten und spielen. Inzwischen sind die Liegepl\u00e4tze gut gef\u00fcllt, w\u00e4hrend dr\u00fcben auf der Insel Mosselplaat noch immer keine liegt.<\/p>\n\n\n\n<figure class=\"wp-block-image size-large is-style-default\"><img loading=\"lazy\" decoding=\"async\" width=\"1024\" height=\"498\" src=\"https:\/\/mybonnechance.de\/wp-content\/uploads\/2023\/08\/20230801_144241-1024x498.jpg\" alt=\"\" class=\"wp-image-7555\" srcset=\"https:\/\/mybonnechance.de\/wp-content\/uploads\/2023\/08\/20230801_144241-1024x498.jpg 1024w, https:\/\/mybonnechance.de\/wp-content\/uploads\/2023\/08\/20230801_144241-300x146.jpg 300w, https:\/\/mybonnechance.de\/wp-content\/uploads\/2023\/08\/20230801_144241-768x373.jpg 768w, https:\/\/mybonnechance.de\/wp-content\/uploads\/2023\/08\/20230801_144241-1536x747.jpg 1536w, https:\/\/mybonnechance.de\/wp-content\/uploads\/2023\/08\/20230801_144241-2048x996.jpg 2048w\" sizes=\"auto, (max-width: 767px) 89vw, (max-width: 1000px) 54vw, (max-width: 1071px) 543px, 580px\" \/><\/figure>\n\n\n","protected":false},"excerpt":{"rendered":"<p>Tag 46, Montag 31 Juli Middelburg, WV Arne &#8211; Verse Meer, Insel Schutteplaat8,8 km \u2013 1 Schleuse \u2013 1 bewegl. Br\u00fccke \u2013 1,1 Std. FahrzeitLeider m\u00fcssen wir auf Grund der Wetterlage unseren Plan nach Vlissingen zu fahren verwerfen. Die n\u00e4chsten 14 Tage wird es einfach nicht besser und bei dem Wetter \u00fcber die Westerschelde wird &hellip; <\/p>\n<p class=\"link-more\"><a href=\"https:\/\/mybonnechance.de\/?page_id=7535\" class=\"more-link\"><span class=\"screen-reader-text\">\u201e2023-21 Schutteplaat\u201c<\/span> weiterlesen<\/a><\/p>\n","protected":false},"author":1,"featured_media":0,"parent":0,"menu_order":0,"comment_status":"closed","ping_status":"closed","template":"","meta":{"ngg_post_thumbnail":0,"footnotes":""},"class_list":["post-7535","page","type-page","status-publish","hentry"],"_links":{"self":[{"href":"https:\/\/mybonnechance.de\/index.php?rest_route=\/wp\/v2\/pages\/7535","targetHints":{"allow":["GET"]}}],"collection":[{"href":"https:\/\/mybonnechance.de\/index.php?rest_route=\/wp\/v2\/pages"}],"about":[{"href":"https:\/\/mybonnechance.de\/index.php?rest_route=\/wp\/v2\/types\/page"}],"author":[{"embeddable":true,"href":"https:\/\/mybonnechance.de\/index.php?rest_route=\/wp\/v2\/users\/1"}],"replies":[{"embeddable":true,"href":"https:\/\/mybonnechance.de\/index.php?rest_route=%2Fwp%2Fv2%2Fcomments&post=7535"}],"version-history":[{"count":2,"href":"https:\/\/mybonnechance.de\/index.php?rest_route=\/wp\/v2\/pages\/7535\/revisions"}],"predecessor-version":[{"id":7556,"href":"https:\/\/mybonnechance.de\/index.php?rest_route=\/wp\/v2\/pages\/7535\/revisions\/7556"}],"wp:attachment":[{"href":"https:\/\/mybonnechance.de\/index.php?rest_route=%2Fwp%2Fv2%2Fmedia&parent=7535"}],"curies":[{"name":"wp","href":"https:\/\/api.w.org\/{rel}","templated":true}]}}