{"id":7544,"date":"2023-08-11T14:26:15","date_gmt":"2023-08-11T14:26:15","guid":{"rendered":"https:\/\/mybonnechance.de\/?page_id=7544"},"modified":"2023-08-13T11:19:32","modified_gmt":"2023-08-13T11:19:32","slug":"2023-24-ooltgensplaat","status":"publish","type":"page","link":"https:\/\/mybonnechance.de\/?page_id=7544","title":{"rendered":"2023-24 Ooltgensplaat"},"content":{"rendered":"\n<p><strong>Tag 56, Donnerstag 10 August<\/strong>  <strong> Sint Annaland, WSV &#8211; Ooltgensplaat, WSV<\/strong><br><em>28,4 km \u2013 1 Schleuse <\/em>&#8211; <em>3,3 Std. Fahrzeit<\/em><br>Unterwegs auf der Oosterschelde begegnet uns eine Historische Hansekogge. Am WE ist in Zieriksee ein Treffen Historischer Koggen.<\/p>\n\n\n\n<div class=\"wp-block-columns is-layout-flex wp-container-core-columns-is-layout-9d6595d7 wp-block-columns-is-layout-flex\">\n<div class=\"wp-block-column is-layout-flow wp-block-column-is-layout-flow\">\n<figure class=\"wp-block-image size-large is-style-default\"><img loading=\"lazy\" decoding=\"async\" width=\"498\" height=\"1024\" src=\"https:\/\/mybonnechance.de\/wp-content\/uploads\/2023\/08\/20230810_085222-498x1024.jpg\" alt=\"\" class=\"wp-image-7619\" srcset=\"https:\/\/mybonnechance.de\/wp-content\/uploads\/2023\/08\/20230810_085222-498x1024.jpg 498w, https:\/\/mybonnechance.de\/wp-content\/uploads\/2023\/08\/20230810_085222-146x300.jpg 146w, https:\/\/mybonnechance.de\/wp-content\/uploads\/2023\/08\/20230810_085222-768x1580.jpg 768w, https:\/\/mybonnechance.de\/wp-content\/uploads\/2023\/08\/20230810_085222-747x1536.jpg 747w, https:\/\/mybonnechance.de\/wp-content\/uploads\/2023\/08\/20230810_085222-996x2048.jpg 996w, https:\/\/mybonnechance.de\/wp-content\/uploads\/2023\/08\/20230810_085222-scaled.jpg 1244w\" sizes=\"auto, (max-width: 498px) 100vw, 498px\" \/><\/figure>\n<\/div>\n\n\n\n<div class=\"wp-block-column is-layout-flow wp-block-column-is-layout-flow\">\n<figure class=\"wp-block-image size-large is-style-default\"><img loading=\"lazy\" decoding=\"async\" width=\"498\" height=\"1024\" src=\"https:\/\/mybonnechance.de\/wp-content\/uploads\/2023\/08\/20230810_085313-498x1024.jpg\" alt=\"\" class=\"wp-image-7620\" srcset=\"https:\/\/mybonnechance.de\/wp-content\/uploads\/2023\/08\/20230810_085313-498x1024.jpg 498w, https:\/\/mybonnechance.de\/wp-content\/uploads\/2023\/08\/20230810_085313-146x300.jpg 146w, https:\/\/mybonnechance.de\/wp-content\/uploads\/2023\/08\/20230810_085313-768x1580.jpg 768w, https:\/\/mybonnechance.de\/wp-content\/uploads\/2023\/08\/20230810_085313-747x1536.jpg 747w, https:\/\/mybonnechance.de\/wp-content\/uploads\/2023\/08\/20230810_085313-996x2048.jpg 996w, https:\/\/mybonnechance.de\/wp-content\/uploads\/2023\/08\/20230810_085313-scaled.jpg 1244w\" sizes=\"auto, (max-width: 498px) 100vw, 498px\" \/><\/figure>\n<\/div>\n<\/div>\n\n\n\n<p>Auch in <strong>Oolgensplaat<\/strong> ist nichts los, aber wir wollen ja auch mal H\u00e4fen erkunden, die man sonst nicht so anl\u00e4uft. Es geht erstmal durch einen kleinen Verbindungskanal und dann kommt man zu L\u00e4ngstege bds. Es sieht schon ziemlich voll aus und so schnappen wir uns direkt den einzig freien Liegeplatz. Vom Gef\u00fchl ist es wie an einer Insel, da neben uns direkt B\u00e4ume und Schilf sind. <\/p>\n\n\n\n<figure class=\"wp-block-gallery has-nested-images columns-default is-cropped wp-block-gallery-1 is-layout-flex wp-block-gallery-is-layout-flex\">\n<figure class=\"wp-block-image size-large is-style-default\"><img loading=\"lazy\" decoding=\"async\" width=\"498\" height=\"1024\" data-id=\"7624\" src=\"https:\/\/mybonnechance.de\/wp-content\/uploads\/2023\/08\/20230810_112754-498x1024.jpg\" alt=\"\" class=\"wp-image-7624\" srcset=\"https:\/\/mybonnechance.de\/wp-content\/uploads\/2023\/08\/20230810_112754-498x1024.jpg 498w, https:\/\/mybonnechance.de\/wp-content\/uploads\/2023\/08\/20230810_112754-146x300.jpg 146w, https:\/\/mybonnechance.de\/wp-content\/uploads\/2023\/08\/20230810_112754-768x1580.jpg 768w, https:\/\/mybonnechance.de\/wp-content\/uploads\/2023\/08\/20230810_112754-747x1536.jpg 747w, https:\/\/mybonnechance.de\/wp-content\/uploads\/2023\/08\/20230810_112754-996x2048.jpg 996w, https:\/\/mybonnechance.de\/wp-content\/uploads\/2023\/08\/20230810_112754-scaled.jpg 1244w\" sizes=\"auto, (max-width: 498px) 100vw, 498px\" \/><\/figure>\n\n\n\n<figure class=\"wp-block-image size-large is-style-default\"><img loading=\"lazy\" decoding=\"async\" width=\"498\" height=\"1024\" data-id=\"7623\" src=\"https:\/\/mybonnechance.de\/wp-content\/uploads\/2023\/08\/20230810_113215-498x1024.jpg\" alt=\"\" class=\"wp-image-7623\" srcset=\"https:\/\/mybonnechance.de\/wp-content\/uploads\/2023\/08\/20230810_113215-498x1024.jpg 498w, https:\/\/mybonnechance.de\/wp-content\/uploads\/2023\/08\/20230810_113215-146x300.jpg 146w, https:\/\/mybonnechance.de\/wp-content\/uploads\/2023\/08\/20230810_113215-768x1580.jpg 768w, https:\/\/mybonnechance.de\/wp-content\/uploads\/2023\/08\/20230810_113215-747x1536.jpg 747w, https:\/\/mybonnechance.de\/wp-content\/uploads\/2023\/08\/20230810_113215-996x2048.jpg 996w, https:\/\/mybonnechance.de\/wp-content\/uploads\/2023\/08\/20230810_113215-scaled.jpg 1244w\" sizes=\"auto, (max-width: 498px) 100vw, 498px\" \/><\/figure>\n\n\n\n<figure class=\"wp-block-image size-large is-style-default\"><img loading=\"lazy\" decoding=\"async\" width=\"498\" height=\"1024\" data-id=\"7625\" src=\"https:\/\/mybonnechance.de\/wp-content\/uploads\/2023\/08\/20230810_174807-498x1024.jpg\" alt=\"\" class=\"wp-image-7625\" srcset=\"https:\/\/mybonnechance.de\/wp-content\/uploads\/2023\/08\/20230810_174807-498x1024.jpg 498w, https:\/\/mybonnechance.de\/wp-content\/uploads\/2023\/08\/20230810_174807-146x300.jpg 146w, https:\/\/mybonnechance.de\/wp-content\/uploads\/2023\/08\/20230810_174807-768x1580.jpg 768w, https:\/\/mybonnechance.de\/wp-content\/uploads\/2023\/08\/20230810_174807-747x1536.jpg 747w, https:\/\/mybonnechance.de\/wp-content\/uploads\/2023\/08\/20230810_174807-996x2048.jpg 996w, https:\/\/mybonnechance.de\/wp-content\/uploads\/2023\/08\/20230810_174807-scaled.jpg 1244w\" sizes=\"auto, (max-width: 498px) 100vw, 498px\" \/><\/figure>\n<\/figure>\n\n\n\n<p>Wie wir hinterher festellen, ist der eigentliche Meldesteiger weiter hinten. Da geht es auch noch um die Ecke zu weiteren Ligepl\u00e4tzen, die umgeben von einigen H\u00e4usern sind.<br><\/p>\n\n\n\n<figure class=\"wp-block-image size-large is-style-default\"><img loading=\"lazy\" decoding=\"async\" width=\"1024\" height=\"498\" src=\"https:\/\/mybonnechance.de\/wp-content\/uploads\/2023\/08\/20230810_131250-1024x498.jpg\" alt=\"\" class=\"wp-image-7626\" srcset=\"https:\/\/mybonnechance.de\/wp-content\/uploads\/2023\/08\/20230810_131250-1024x498.jpg 1024w, https:\/\/mybonnechance.de\/wp-content\/uploads\/2023\/08\/20230810_131250-300x146.jpg 300w, https:\/\/mybonnechance.de\/wp-content\/uploads\/2023\/08\/20230810_131250-768x373.jpg 768w, https:\/\/mybonnechance.de\/wp-content\/uploads\/2023\/08\/20230810_131250-1536x747.jpg 1536w, https:\/\/mybonnechance.de\/wp-content\/uploads\/2023\/08\/20230810_131250-2048x996.jpg 2048w\" sizes=\"auto, (max-width: 767px) 89vw, (max-width: 1000px) 54vw, (max-width: 1071px) 543px, 580px\" \/><\/figure>\n\n\n\n<p><strong>Oolgensplaat<\/strong> besteht eigentlich nur aus ein paar H\u00e4usern und dem Rathaus und der Kirche. Es gibt wenigstens einen Supermarkt PLUS , der auch in ca. 8 min. fu\u00dfl\u00e4ufig zu erreichen ist.<\/p>\n\n\n\n<div class=\"wp-block-columns is-layout-flex wp-container-core-columns-is-layout-9d6595d7 wp-block-columns-is-layout-flex\">\n<div class=\"wp-block-column is-layout-flow wp-block-column-is-layout-flow\">\n<figure class=\"wp-block-image size-large is-style-default\"><img loading=\"lazy\" decoding=\"async\" width=\"498\" height=\"1024\" src=\"https:\/\/mybonnechance.de\/wp-content\/uploads\/2023\/08\/Oolgensplaat-1-498x1024.jpg\" alt=\"\" class=\"wp-image-7627\" srcset=\"https:\/\/mybonnechance.de\/wp-content\/uploads\/2023\/08\/Oolgensplaat-1-498x1024.jpg 498w, https:\/\/mybonnechance.de\/wp-content\/uploads\/2023\/08\/Oolgensplaat-1-146x300.jpg 146w, https:\/\/mybonnechance.de\/wp-content\/uploads\/2023\/08\/Oolgensplaat-1-768x1580.jpg 768w, https:\/\/mybonnechance.de\/wp-content\/uploads\/2023\/08\/Oolgensplaat-1-747x1536.jpg 747w, https:\/\/mybonnechance.de\/wp-content\/uploads\/2023\/08\/Oolgensplaat-1-996x2048.jpg 996w, https:\/\/mybonnechance.de\/wp-content\/uploads\/2023\/08\/Oolgensplaat-1-scaled.jpg 1244w\" sizes=\"auto, (max-width: 498px) 100vw, 498px\" \/><\/figure>\n<\/div>\n\n\n\n<div class=\"wp-block-column is-layout-flow wp-block-column-is-layout-flow\">\n<figure class=\"wp-block-image size-large is-style-default\"><img loading=\"lazy\" decoding=\"async\" width=\"498\" height=\"1024\" src=\"https:\/\/mybonnechance.de\/wp-content\/uploads\/2023\/08\/Oolgensplaat-4-498x1024.jpg\" alt=\"\" class=\"wp-image-7628\" srcset=\"https:\/\/mybonnechance.de\/wp-content\/uploads\/2023\/08\/Oolgensplaat-4-498x1024.jpg 498w, https:\/\/mybonnechance.de\/wp-content\/uploads\/2023\/08\/Oolgensplaat-4-146x300.jpg 146w, https:\/\/mybonnechance.de\/wp-content\/uploads\/2023\/08\/Oolgensplaat-4-768x1580.jpg 768w, https:\/\/mybonnechance.de\/wp-content\/uploads\/2023\/08\/Oolgensplaat-4-747x1536.jpg 747w, https:\/\/mybonnechance.de\/wp-content\/uploads\/2023\/08\/Oolgensplaat-4-996x2048.jpg 996w, https:\/\/mybonnechance.de\/wp-content\/uploads\/2023\/08\/Oolgensplaat-4-scaled.jpg 1244w\" sizes=\"auto, (max-width: 498px) 100vw, 498px\" \/><\/figure>\n<\/div>\n<\/div>\n\n\n\n<p>Es ist so paradox. Jetzt warten wir schon seit Wochen mal wieder auf einen sch\u00f6nen Tag und hier ist er. Aber leider in einer sehr unpassenden Umgebung. Hier ist ein so dicker Algenteppich ringsherum, dass es unm\u00f6glich ist zu schwimmen. Es ist so windstill, da\u00df man es auf dem Vordeck nicht aush\u00e4lt. Jetzt w\u00e4re der Sandstrand in S. Annaland eine gro\u00dfe Verlockung.  Die Hitze h\u00e4lt bis zum Abend an, so da\u00df wir selbst zum Essen nach innen gehen.<\/p>\n\n\n","protected":false},"excerpt":{"rendered":"<p>Tag 56, Donnerstag 10 August Sint Annaland, WSV &#8211; Ooltgensplaat, WSV28,4 km \u2013 1 Schleuse &#8211; 3,3 Std. FahrzeitUnterwegs auf der Oosterschelde begegnet uns eine Historische Hansekogge. Am WE ist in Zieriksee ein Treffen Historischer Koggen. Auch in Oolgensplaat ist nichts los, aber wir wollen ja auch mal H\u00e4fen erkunden, die man sonst nicht so &hellip; <\/p>\n<p class=\"link-more\"><a href=\"https:\/\/mybonnechance.de\/?page_id=7544\" class=\"more-link\"><span class=\"screen-reader-text\">\u201e2023-24 Ooltgensplaat\u201c<\/span> weiterlesen<\/a><\/p>\n","protected":false},"author":1,"featured_media":0,"parent":0,"menu_order":0,"comment_status":"closed","ping_status":"closed","template":"","meta":{"ngg_post_thumbnail":0,"footnotes":""},"class_list":["post-7544","page","type-page","status-publish","hentry"],"_links":{"self":[{"href":"https:\/\/mybonnechance.de\/index.php?rest_route=\/wp\/v2\/pages\/7544","targetHints":{"allow":["GET"]}}],"collection":[{"href":"https:\/\/mybonnechance.de\/index.php?rest_route=\/wp\/v2\/pages"}],"about":[{"href":"https:\/\/mybonnechance.de\/index.php?rest_route=\/wp\/v2\/types\/page"}],"author":[{"embeddable":true,"href":"https:\/\/mybonnechance.de\/index.php?rest_route=\/wp\/v2\/users\/1"}],"replies":[{"embeddable":true,"href":"https:\/\/mybonnechance.de\/index.php?rest_route=%2Fwp%2Fv2%2Fcomments&post=7544"}],"version-history":[{"count":3,"href":"https:\/\/mybonnechance.de\/index.php?rest_route=\/wp\/v2\/pages\/7544\/revisions"}],"predecessor-version":[{"id":7629,"href":"https:\/\/mybonnechance.de\/index.php?rest_route=\/wp\/v2\/pages\/7544\/revisions\/7629"}],"wp:attachment":[{"href":"https:\/\/mybonnechance.de\/index.php?rest_route=%2Fwp%2Fv2%2Fmedia&parent=7544"}],"curies":[{"name":"wp","href":"https:\/\/api.w.org\/{rel}","templated":true}]}}