{"id":7546,"date":"2023-08-11T14:27:52","date_gmt":"2023-08-11T14:27:52","guid":{"rendered":"https:\/\/mybonnechance.de\/?page_id=7546"},"modified":"2023-08-28T15:34:26","modified_gmt":"2023-08-28T15:34:26","slug":"2023-25-middelharnis","status":"publish","type":"page","link":"https:\/\/mybonnechance.de\/?page_id=7546","title":{"rendered":"2023-25 Middelharnis"},"content":{"rendered":"\n<p><strong>Tag 57, Freitag 11 August<\/strong>     <strong>Ooltgensplaat, WSV<\/strong> <strong>&#8211; Middelharnis,Stadthaven<\/strong><br><em>25,2 km \u2013 1 Schleuse <\/em>&#8211; <em>3,25 Std. Fahrzeit<\/em><br><br>Unterwegs fallen uns immer wieder Ankerbojen auf, zumeist in der N\u00e4he von H\u00e4fen. Stege im Wasser gehen wahrscheinlich wegen der Wassertiefe nicht.  Aber ist ja auch eine gute Alternstive.<br>Zum Stadthafen geht es erstmal 20 min. durch eine Wasserstra\u00dfe. Wichtig zu wissen: die <strong>Sluis Middelharnis<\/strong>  macht nur <strong>jede volle Stunde<\/strong> auf. Dann kann man aber durchfahren, da es nur eine Schutzschleuse ist.  Der Hafen scheint ziemlich voll zu sein und ich rufe mal lieber den Hafenmeister an. Der macht aber Mut und meint, an der Hotelkade w\u00e4re noch was frei f\u00fcr uns. Stimmt &#8211; wir bekommen ein sch\u00f6nes Pl\u00e4tzchen an der Kade und haben dort auch einigema\u00dfen Ruhe. Wenn die Hotelg\u00e4ste auf dem Balkon sitzten schauen sie uns zwar auch beim Kaffee zu, wir Ihnen aber auch \ud83d\ude42<br>Weiter durch gibt es noch mehr Anlegem\u00f6glichkeiten, aber da ist es richtig laut, da dort ein Lokal neben dem n\u00e4chsten ist. Nix mehr f\u00fcr uns \u00e4ltere Herrschaften.<\/p>\n\n\n\n<figure class=\"wp-block-gallery has-nested-images columns-default is-cropped wp-block-gallery-1 is-layout-flex wp-block-gallery-is-layout-flex\">\n<figure class=\"wp-block-image size-large is-style-default\"><img loading=\"lazy\" decoding=\"async\" width=\"1024\" height=\"498\" data-id=\"7635\" src=\"https:\/\/mybonnechance.de\/wp-content\/uploads\/2023\/08\/Hafen-2-1024x498.jpg\" alt=\"\" class=\"wp-image-7635\" srcset=\"https:\/\/mybonnechance.de\/wp-content\/uploads\/2023\/08\/Hafen-2-1024x498.jpg 1024w, https:\/\/mybonnechance.de\/wp-content\/uploads\/2023\/08\/Hafen-2-300x146.jpg 300w, https:\/\/mybonnechance.de\/wp-content\/uploads\/2023\/08\/Hafen-2-768x373.jpg 768w, https:\/\/mybonnechance.de\/wp-content\/uploads\/2023\/08\/Hafen-2-1536x747.jpg 1536w, https:\/\/mybonnechance.de\/wp-content\/uploads\/2023\/08\/Hafen-2-2048x996.jpg 2048w\" sizes=\"auto, (max-width: 767px) 89vw, (max-width: 1000px) 54vw, (max-width: 1071px) 543px, 580px\" \/><\/figure>\n\n\n\n<figure class=\"wp-block-image size-large is-style-default\"><img loading=\"lazy\" decoding=\"async\" width=\"1024\" height=\"498\" data-id=\"7636\" src=\"https:\/\/mybonnechance.de\/wp-content\/uploads\/2023\/08\/Hafen-4-1024x498.jpg\" alt=\"\" class=\"wp-image-7636\" srcset=\"https:\/\/mybonnechance.de\/wp-content\/uploads\/2023\/08\/Hafen-4-1024x498.jpg 1024w, https:\/\/mybonnechance.de\/wp-content\/uploads\/2023\/08\/Hafen-4-300x146.jpg 300w, https:\/\/mybonnechance.de\/wp-content\/uploads\/2023\/08\/Hafen-4-768x373.jpg 768w, https:\/\/mybonnechance.de\/wp-content\/uploads\/2023\/08\/Hafen-4-1536x747.jpg 1536w, https:\/\/mybonnechance.de\/wp-content\/uploads\/2023\/08\/Hafen-4-2048x996.jpg 2048w\" sizes=\"auto, (max-width: 767px) 89vw, (max-width: 1000px) 54vw, (max-width: 1071px) 543px, 580px\" \/><\/figure>\n<\/figure>\n\n\n\n<p><strong>Middelharnis<\/strong> hat eine sch\u00f6ne langgezogene Shoppingstra\u00dfe. Heute ist hier auch ein Mittelaltermarkt mit Kunsthandwerker. Das Wetter ist sonnig, aber nicht so hei\u00df wie gestern. Es geht ein angenehmer Wind. <\/p>\n\n\n\n<figure class=\"wp-block-gallery has-nested-images columns-default is-cropped wp-block-gallery-2 is-layout-flex wp-block-gallery-is-layout-flex\">\n<figure class=\"wp-block-image size-large is-style-default\"><img loading=\"lazy\" decoding=\"async\" width=\"498\" height=\"1024\" data-id=\"7639\" src=\"https:\/\/mybonnechance.de\/wp-content\/uploads\/2023\/08\/Middelharnis-5-498x1024.jpg\" alt=\"\" class=\"wp-image-7639\" srcset=\"https:\/\/mybonnechance.de\/wp-content\/uploads\/2023\/08\/Middelharnis-5-498x1024.jpg 498w, https:\/\/mybonnechance.de\/wp-content\/uploads\/2023\/08\/Middelharnis-5-146x300.jpg 146w, https:\/\/mybonnechance.de\/wp-content\/uploads\/2023\/08\/Middelharnis-5-768x1580.jpg 768w, https:\/\/mybonnechance.de\/wp-content\/uploads\/2023\/08\/Middelharnis-5-747x1536.jpg 747w, https:\/\/mybonnechance.de\/wp-content\/uploads\/2023\/08\/Middelharnis-5-996x2048.jpg 996w, https:\/\/mybonnechance.de\/wp-content\/uploads\/2023\/08\/Middelharnis-5-scaled.jpg 1244w\" sizes=\"auto, (max-width: 498px) 100vw, 498px\" \/><\/figure>\n\n\n\n<figure class=\"wp-block-image size-large is-style-default\"><img loading=\"lazy\" decoding=\"async\" width=\"498\" height=\"1024\" data-id=\"7641\" src=\"https:\/\/mybonnechance.de\/wp-content\/uploads\/2023\/08\/Middelharnis-7-1-498x1024.jpg\" alt=\"\" class=\"wp-image-7641\" srcset=\"https:\/\/mybonnechance.de\/wp-content\/uploads\/2023\/08\/Middelharnis-7-1-498x1024.jpg 498w, https:\/\/mybonnechance.de\/wp-content\/uploads\/2023\/08\/Middelharnis-7-1-146x300.jpg 146w, https:\/\/mybonnechance.de\/wp-content\/uploads\/2023\/08\/Middelharnis-7-1-768x1580.jpg 768w, https:\/\/mybonnechance.de\/wp-content\/uploads\/2023\/08\/Middelharnis-7-1-747x1536.jpg 747w, https:\/\/mybonnechance.de\/wp-content\/uploads\/2023\/08\/Middelharnis-7-1-996x2048.jpg 996w, https:\/\/mybonnechance.de\/wp-content\/uploads\/2023\/08\/Middelharnis-7-1-scaled.jpg 1244w\" sizes=\"auto, (max-width: 498px) 100vw, 498px\" \/><\/figure>\n\n\n\n<figure class=\"wp-block-image size-large is-style-default\"><img loading=\"lazy\" decoding=\"async\" width=\"498\" height=\"1024\" data-id=\"7640\" src=\"https:\/\/mybonnechance.de\/wp-content\/uploads\/2023\/08\/Middelharnis-8-1-498x1024.jpg\" alt=\"\" class=\"wp-image-7640\" srcset=\"https:\/\/mybonnechance.de\/wp-content\/uploads\/2023\/08\/Middelharnis-8-1-498x1024.jpg 498w, https:\/\/mybonnechance.de\/wp-content\/uploads\/2023\/08\/Middelharnis-8-1-146x300.jpg 146w, https:\/\/mybonnechance.de\/wp-content\/uploads\/2023\/08\/Middelharnis-8-1-768x1580.jpg 768w, https:\/\/mybonnechance.de\/wp-content\/uploads\/2023\/08\/Middelharnis-8-1-747x1536.jpg 747w, https:\/\/mybonnechance.de\/wp-content\/uploads\/2023\/08\/Middelharnis-8-1-996x2048.jpg 996w, https:\/\/mybonnechance.de\/wp-content\/uploads\/2023\/08\/Middelharnis-8-1-scaled.jpg 1244w\" sizes=\"auto, (max-width: 498px) 100vw, 498px\" \/><\/figure>\n<\/figure>\n\n\n\n<p><strong>Einkaufsm\u00f6glichkeiten <\/strong>bietet ein PLUS n\u00e4he des Hafens und ein AH ca. 8 min. fu\u00dfl\u00e4ufig entfernt.<\/p>\n\n\n\n<p><strong>Tag 58 + 59,   Samstag + Sonntag 12 + 13 August<\/strong><br>Am Samstag machen wir eine Fahrradtour \u00fcber <strong>Niuwe Tonge &#8211; Oode Tonge und Herkingen.<\/strong> Es gibt in keinen der St\u00e4dtchen in irgendeiner Weise eine Infrastruktur oder Einkaufsm\u00f6glichkeiten. In Niuewe Tonge besuchen wir den <strong>Faunapark Flakkee<\/strong>, welcher ganz sch\u00f6n war. Der Hafen von <strong>Oode Tonge<\/strong> liegt in einem netten Rund mit Hotelrestaurant und dem Rathaus. F\u00fcr uns w\u00e4ren da aber auch nicht sehr viele Anlegem\u00f6glichkeiten.<\/p>\n\n\n\n<figure class=\"wp-block-gallery has-nested-images columns-default is-cropped wp-block-gallery-3 is-layout-flex wp-block-gallery-is-layout-flex\">\n<figure class=\"wp-block-image size-large is-style-default\"><img loading=\"lazy\" decoding=\"async\" width=\"498\" height=\"1024\" data-id=\"7643\" src=\"https:\/\/mybonnechance.de\/wp-content\/uploads\/2023\/08\/Ooude-Tonge-3-498x1024.jpg\" alt=\"\" class=\"wp-image-7643\" srcset=\"https:\/\/mybonnechance.de\/wp-content\/uploads\/2023\/08\/Ooude-Tonge-3-498x1024.jpg 498w, https:\/\/mybonnechance.de\/wp-content\/uploads\/2023\/08\/Ooude-Tonge-3-146x300.jpg 146w, https:\/\/mybonnechance.de\/wp-content\/uploads\/2023\/08\/Ooude-Tonge-3-768x1580.jpg 768w, https:\/\/mybonnechance.de\/wp-content\/uploads\/2023\/08\/Ooude-Tonge-3-747x1536.jpg 747w, https:\/\/mybonnechance.de\/wp-content\/uploads\/2023\/08\/Ooude-Tonge-3-996x2048.jpg 996w, https:\/\/mybonnechance.de\/wp-content\/uploads\/2023\/08\/Ooude-Tonge-3-scaled.jpg 1244w\" sizes=\"auto, (max-width: 498px) 100vw, 498px\" \/><\/figure>\n\n\n\n<figure class=\"wp-block-image size-large is-style-default\"><img loading=\"lazy\" decoding=\"async\" width=\"498\" height=\"1024\" data-id=\"7644\" src=\"https:\/\/mybonnechance.de\/wp-content\/uploads\/2023\/08\/Ooude-Tonge-4-498x1024.jpg\" alt=\"\" class=\"wp-image-7644\" srcset=\"https:\/\/mybonnechance.de\/wp-content\/uploads\/2023\/08\/Ooude-Tonge-4-498x1024.jpg 498w, https:\/\/mybonnechance.de\/wp-content\/uploads\/2023\/08\/Ooude-Tonge-4-146x300.jpg 146w, https:\/\/mybonnechance.de\/wp-content\/uploads\/2023\/08\/Ooude-Tonge-4-768x1580.jpg 768w, https:\/\/mybonnechance.de\/wp-content\/uploads\/2023\/08\/Ooude-Tonge-4-747x1536.jpg 747w, https:\/\/mybonnechance.de\/wp-content\/uploads\/2023\/08\/Ooude-Tonge-4-996x2048.jpg 996w, https:\/\/mybonnechance.de\/wp-content\/uploads\/2023\/08\/Ooude-Tonge-4-scaled.jpg 1244w\" sizes=\"auto, (max-width: 498px) 100vw, 498px\" \/><\/figure>\n\n\n\n<figure class=\"wp-block-image size-large is-style-default\"><img loading=\"lazy\" decoding=\"async\" width=\"498\" height=\"1024\" data-id=\"7642\" src=\"https:\/\/mybonnechance.de\/wp-content\/uploads\/2023\/08\/Ooude-Tonge-7-498x1024.jpg\" alt=\"\" class=\"wp-image-7642\" srcset=\"https:\/\/mybonnechance.de\/wp-content\/uploads\/2023\/08\/Ooude-Tonge-7-498x1024.jpg 498w, https:\/\/mybonnechance.de\/wp-content\/uploads\/2023\/08\/Ooude-Tonge-7-146x300.jpg 146w, https:\/\/mybonnechance.de\/wp-content\/uploads\/2023\/08\/Ooude-Tonge-7-768x1580.jpg 768w, https:\/\/mybonnechance.de\/wp-content\/uploads\/2023\/08\/Ooude-Tonge-7-747x1536.jpg 747w, https:\/\/mybonnechance.de\/wp-content\/uploads\/2023\/08\/Ooude-Tonge-7-996x2048.jpg 996w, https:\/\/mybonnechance.de\/wp-content\/uploads\/2023\/08\/Ooude-Tonge-7-scaled.jpg 1244w\" sizes=\"auto, (max-width: 498px) 100vw, 498px\" \/><\/figure>\n<\/figure>\n\n\n\n<p>In <strong>Herkingen<\/strong> gibt es gleich 3 H\u00e4fen auf einem Areal. Den Stadthaven ( fanden wir nicht so prickeln), den WSV (den konnten wir nicht einsehen &#8211; alles verriegelt) und eine gro\u00dfe und moderne Marina. <\/p>\n\n\n\n<p>Den Sonntag bleiben wir zur &#8222;Erholung&#8220; auch noch hier. Es gef\u00e4llt uns und das Wetter ist auch mal wieder bew\u00f6lkt und windig. Gibt Gelegenheit mal wieder eine Grundreinigung vorzunehmen. Nur die Fenster sparen wir aus, es regnet zwischendurch. Gegen halb vier l\u00e4\u00dft sich dann doch nochmal die Sonne blicken und ich nehme ein Sonnenbad.<\/p>\n\n\n","protected":false},"excerpt":{"rendered":"<p>Tag 57, Freitag 11 August Ooltgensplaat, WSV &#8211; Middelharnis,Stadthaven25,2 km \u2013 1 Schleuse &#8211; 3,25 Std. Fahrzeit Unterwegs fallen uns immer wieder Ankerbojen auf, zumeist in der N\u00e4he von H\u00e4fen. Stege im Wasser gehen wahrscheinlich wegen der Wassertiefe nicht. Aber ist ja auch eine gute Alternstive.Zum Stadthafen geht es erstmal 20 min. durch eine Wasserstra\u00dfe. &hellip; <\/p>\n<p class=\"link-more\"><a href=\"https:\/\/mybonnechance.de\/?page_id=7546\" class=\"more-link\"><span class=\"screen-reader-text\">\u201e2023-25 Middelharnis\u201c<\/span> weiterlesen<\/a><\/p>\n","protected":false},"author":1,"featured_media":0,"parent":0,"menu_order":0,"comment_status":"closed","ping_status":"closed","template":"","meta":{"ngg_post_thumbnail":0,"footnotes":""},"class_list":["post-7546","page","type-page","status-publish","hentry"],"_links":{"self":[{"href":"https:\/\/mybonnechance.de\/index.php?rest_route=\/wp\/v2\/pages\/7546","targetHints":{"allow":["GET"]}}],"collection":[{"href":"https:\/\/mybonnechance.de\/index.php?rest_route=\/wp\/v2\/pages"}],"about":[{"href":"https:\/\/mybonnechance.de\/index.php?rest_route=\/wp\/v2\/types\/page"}],"author":[{"embeddable":true,"href":"https:\/\/mybonnechance.de\/index.php?rest_route=\/wp\/v2\/users\/1"}],"replies":[{"embeddable":true,"href":"https:\/\/mybonnechance.de\/index.php?rest_route=%2Fwp%2Fv2%2Fcomments&post=7546"}],"version-history":[{"count":7,"href":"https:\/\/mybonnechance.de\/index.php?rest_route=\/wp\/v2\/pages\/7546\/revisions"}],"predecessor-version":[{"id":7669,"href":"https:\/\/mybonnechance.de\/index.php?rest_route=\/wp\/v2\/pages\/7546\/revisions\/7669"}],"wp:attachment":[{"href":"https:\/\/mybonnechance.de\/index.php?rest_route=%2Fwp%2Fv2%2Fmedia&parent=7546"}],"curies":[{"name":"wp","href":"https:\/\/api.w.org\/{rel}","templated":true}]}}