{"id":7653,"date":"2023-08-28T12:32:54","date_gmt":"2023-08-28T12:32:54","guid":{"rendered":"https:\/\/mybonnechance.de\/?page_id=7653"},"modified":"2023-09-09T12:46:03","modified_gmt":"2023-09-09T12:46:03","slug":"2023-27-anleger-im-brielse-meer","status":"publish","type":"page","link":"https:\/\/mybonnechance.de\/?page_id=7653","title":{"rendered":"2023-27 Anleger im Brielse Meer"},"content":{"rendered":"\n<p><strong>Tag 67, Montag 21 August<\/strong> <strong> Hellevuetsluis, Stadthaven<\/strong> <strong>&#8211; Anleger Brielse Meer<\/strong><br><em>50 km \u2013 1 Schleuse <\/em>\u2013 <em>1 bewegl. Br\u00fccke<\/em> &#8211; <em>4,2 Std. Fahrzeit<\/em><br>Wir wollen  in eine der Inselbuchten im Brielser Meer anlegen. Leider ist dort soviel Unrat und Modder, das wir davon absehen.  Schwimmen ist auf keinen Fall m\u00f6glich. Wir finden zwar einen sch\u00f6nen Anleger am freien Wasser, aber auch da gibt es leider Blaualgen.. Eigentlich d\u00fcrfen wir hier gar nicht liegen, da sollen nur Schiffe \u00fcber 16 m anlegen. Aber wir sagen uns, wenn es jemand st\u00f6rt, dann k\u00f6nnen wir ja immer noch wegfahren. <br> Wie wir von unseren Freunden erfahren, ist der Biesbosch clean. Aber da w\u00e4ren wir ja schon wieder auf dem R\u00fcckweg, deshalb haben wir das Brielse Meer auserkoren. Hier w\u00e4re es auch sch\u00f6n, g\u00e4be es die Blaualgen nicht.<\/p>\n\n\n\n<figure class=\"wp-block-image size-large is-style-default\"><img loading=\"lazy\" decoding=\"async\" width=\"1024\" height=\"498\" src=\"https:\/\/mybonnechance.de\/wp-content\/uploads\/2023\/08\/20230825_080623-1-1024x498.jpg\" alt=\"\" class=\"wp-image-7721\" srcset=\"https:\/\/mybonnechance.de\/wp-content\/uploads\/2023\/08\/20230825_080623-1-1024x498.jpg 1024w, https:\/\/mybonnechance.de\/wp-content\/uploads\/2023\/08\/20230825_080623-1-300x146.jpg 300w, https:\/\/mybonnechance.de\/wp-content\/uploads\/2023\/08\/20230825_080623-1-768x373.jpg 768w, https:\/\/mybonnechance.de\/wp-content\/uploads\/2023\/08\/20230825_080623-1-1536x747.jpg 1536w, https:\/\/mybonnechance.de\/wp-content\/uploads\/2023\/08\/20230825_080623-1-2048x996.jpg 2048w\" sizes=\"auto, (max-width: 767px) 89vw, (max-width: 1000px) 54vw, (max-width: 1071px) 543px, 580px\" \/><\/figure>\n\n\n\n<p><strong>Tag 68 &#8211; Tag 70, Dienstag 22 August &#8211; Donnerstag 24 August<\/strong><br>Das Wetter ist sehr unbest\u00e4ndig, weshalb wir in den Tagen auf eine Fahrradtour verzichten. Wir fahren mal zum Eisessen nach Brielle, aber ansonsten chillen wir auf dem Boot.<\/p>\n\n\n","protected":false},"excerpt":{"rendered":"<p>Tag 67, Montag 21 August Hellevuetsluis, Stadthaven &#8211; Anleger Brielse Meer50 km \u2013 1 Schleuse \u2013 1 bewegl. Br\u00fccke &#8211; 4,2 Std. FahrzeitWir wollen in eine der Inselbuchten im Brielser Meer anlegen. Leider ist dort soviel Unrat und Modder, das wir davon absehen. Schwimmen ist auf keinen Fall m\u00f6glich. Wir finden zwar einen sch\u00f6nen Anleger &hellip; <\/p>\n<p class=\"link-more\"><a href=\"https:\/\/mybonnechance.de\/?page_id=7653\" class=\"more-link\"><span class=\"screen-reader-text\">\u201e2023-27 Anleger im Brielse Meer\u201c<\/span> weiterlesen<\/a><\/p>\n","protected":false},"author":1,"featured_media":0,"parent":0,"menu_order":0,"comment_status":"closed","ping_status":"closed","template":"","meta":{"ngg_post_thumbnail":0,"footnotes":""},"class_list":["post-7653","page","type-page","status-publish","hentry"],"_links":{"self":[{"href":"https:\/\/mybonnechance.de\/index.php?rest_route=\/wp\/v2\/pages\/7653","targetHints":{"allow":["GET"]}}],"collection":[{"href":"https:\/\/mybonnechance.de\/index.php?rest_route=\/wp\/v2\/pages"}],"about":[{"href":"https:\/\/mybonnechance.de\/index.php?rest_route=\/wp\/v2\/types\/page"}],"author":[{"embeddable":true,"href":"https:\/\/mybonnechance.de\/index.php?rest_route=\/wp\/v2\/users\/1"}],"replies":[{"embeddable":true,"href":"https:\/\/mybonnechance.de\/index.php?rest_route=%2Fwp%2Fv2%2Fcomments&post=7653"}],"version-history":[{"count":3,"href":"https:\/\/mybonnechance.de\/index.php?rest_route=\/wp\/v2\/pages\/7653\/revisions"}],"predecessor-version":[{"id":7743,"href":"https:\/\/mybonnechance.de\/index.php?rest_route=\/wp\/v2\/pages\/7653\/revisions\/7743"}],"wp:attachment":[{"href":"https:\/\/mybonnechance.de\/index.php?rest_route=%2Fwp%2Fv2%2Fmedia&parent=7653"}],"curies":[{"name":"wp","href":"https:\/\/api.w.org\/{rel}","templated":true}]}}